{"id":7436,"date":"2024-12-18T11:04:00","date_gmt":"2024-12-18T10:04:00","guid":{"rendered":"http:\/\/bedrock.local\/product\/motorizado\/"},"modified":"2026-03-03T14:43:48","modified_gmt":"2026-03-03T13:43:48","slug":"guindaste-suspenso-eletrico","status":"publish","type":"product","link":"https:\/\/www.omis.net\/pt-pt\/produto\/guindaste-suspenso-eletrico\/","title":{"rendered":"Guindaste suspenso el\u00e9trico"},"content":{"rendered":"","protected":false},"featured_media":13926,"parent":0,"template":"","caratteristica-prodotto":[],"tipologia-prodotto":[710,752],"class_list":["post-7436","product","type-product","status-publish","has-post-thumbnail","hentry","tipologia-prodotto-guindastes-de-estacao-de-trabalho","tipologia-prodotto-sistemas-suspensos"],"acf":{"import_csv_id":"41","prodotto_generale_sku":"GSE","prodotto_listing_card_descrizione":"O guindaste suspenso el\u00e9trico movimento os materiais dentro da f\u00e1brica, deixando o solo livre para todas as outras atividades de produ\u00e7\u00e3o.","prodotto_listing_card_caratteristiche":null,"prodotto_page_gradient_hero":false,"prodotto_page_titolo_hero":"Mercadorias m\u00f3veis, espa\u00e7o dispon\u00edvel.","prodotto_page_gallery_hero":[13919],"prodotto_page_descrizione_3_colonne_posizione":false,"prodotto_page_descrizione_3_colonne":[{"valore":"125","unita_di_misura":"kg","etichetta":"Capacidade m\u00ednima"},{"valore":"3200","unita_di_misura":"kg","etichetta":"Capacidade m\u00e1xima"},{"valore":"10","unita_di_misura":"m","etichetta":"Largura m\u00e1xima"}],"prodotto_page_descrizione_titolo":"Sistemas suspensos motorizados com capacidade de carga de at\u00e9 5.000 kg","prodotto_page_descrizione_3_colonne_testo":"<strong>A OMIS projeta e fabrica sistemas de eleva\u00e7\u00e3o suspensa com rotas de deslocamento de vigas laminadas de duplo T para deslizamento motorizado de pontes. O guindaste desliza sobre rotas de deslocamento posicionadas em altura, deixando o ch\u00e3o completamente livre e dispon\u00edvel para as atividades produtivas.<\/strong>\r\n\r\nO sistema suspenso monoviga foi projetado para movimentar mercadorias em uma planta de produ\u00e7\u00e3o ou em linhas de montagem. A ponte rolante el\u00e9trica motorizada eleva a carga verticalmente no espa\u00e7o e a move ao longo dos eixos transversal e longitudinal por meio do carro e dos cabe\u00e7otes de ponte motorizados. A grande vantagem proporcionada por esse tipo de equipamento de eleva\u00e7\u00e3o para a produtividade di\u00e1ria \u00e9 justamente a prerrogativa de operar de forma eficaz e precisa, com extrema seguran\u00e7a, sem interferir no trabalho ordin\u00e1rio e extraordin\u00e1rio dos funcion\u00e1rios e do maquin\u00e1rio dentro do per\u00edmetro da unidade de produ\u00e7\u00e3o, facilitando a efici\u00eancia e economizando tempo e espa\u00e7o.","prodotto_page_descrizione_titolo_vantaggi":"Vantagens do guindaste suspenso motorizado","prodotto_page_descrizione_vantaggi":[{"titolo":"Maior capacidade de carga","testo":"","link":"","archivio_prodotti":null},{"titolo":"Maior precis\u00e3o","testo":"","link":"","archivio_prodotti":null},{"titolo":"Facilidade de uso","testo":"","link":"","archivio_prodotti":null},{"titolo":"Espa\u00e7o m\u00ednimo no ch\u00e3o","testo":"","link":"","archivio_prodotti":null},{"titolo":"Aumento da produtividade e da seguran\u00e7a","testo":"","link":"","archivio_prodotti":null}],"prodotto_page_tabs_dati_tecnici":[{"etichetta":"Capacidade","valore":"de 125 kg a 3200 kg"},{"etichetta":"Largura m\u00e1xima","valore":"10 m"},{"etichetta":"Perfil da ponte","valore":"Viga T duplo"},{"etichetta":"Perfil das rotas de deslocamento","valore":"Viga T duplo"},{"etichetta":"Ancoragem","valore":"Na estrutura existente ou por meio de estruturas de suporte met\u00e1licas personalizadas"},{"etichetta":"Botoeira","valore":"Unidade de parede na talha"},{"etichetta":"Deslizamento","valore":"El\u00e9trico, em cabe\u00e7otes motorizados"}],"prodotto_page_tabs_optionals":[{"titolo":"Pintura personalizada","testo":"A cor da tinta pode ser personalizada para atender a necessidades espec\u00edficas, requisitos de design ou de marca.","immagine":null},{"titolo":"Estruturas de suporte met\u00e1licas personalizadas","testo":"Mediante solicita\u00e7\u00e3o, \u00e9 poss\u00edvel projetar estruturas de suporte de metal ou solu\u00e7\u00f5es personalizadas, garantindo que cada requisito espec\u00edfico seja atendido com precis\u00e3o e qualidade.","immagine":null},{"titolo":"Rotas de deslocamento de caixa","testo":"No caso de altas capacidades de carga, as rotas de deslocamento de caixa podem ser projetadas e constru\u00eddas sob encomenda para maior confiabilidade. Essas estruturas oferecem for\u00e7a superior e resist\u00eancia \u00e0 deforma\u00e7\u00e3o sob cargas pesadas, garantindo maior estabilidade e durabilidade.","immagine":null},{"titolo":"Deslizamento e travessia acionados por inversor","testo":"O sistema de deslizamento e deslocamento acionado por inversor garante movimentos suaves e precisos, otimizando o controle e a efici\u00eancia operacional.","immagine":null},{"titolo":"Controle remoto ou botoeira independente","testo":"O sistema com controle por r\u00e1dio ou botoeira independente proporciona um controle vers\u00e1til e intuitivo, aumentando a seguran\u00e7a e a efici\u00eancia das opera\u00e7\u00f5es. Ideal para ambientes din\u00e2micos, ele permite uma opera\u00e7\u00e3o suave e adaptabilidade a diferentes necessidades.","immagine":null}],"prodotto_page_tabs_downloads":null,"prodotto_page_gallery":[13891,13898,13912,13905],"prodotto_page_customer_story_titolo":"","prodotto_page_customer_story_list":null,"prodotto_page_applicazioni_list":"- Agricoltura e Alimentare\r\n- Manifatturiero\r\n- Energetico\r\n- Edile e delle costruzioni\r\n- Tecnologie dell'informazione e ICT\r\n- Trasporti e logistica\r\n- Commercio al dettaglio\r\n- Culturale e dell'intrattenimento\r\n- Ambientale e della sostenibilit\u00e0\r\n- Ricerca e sviluppo\r\n- Arti e Artigianato","prodotto_page_faq_list":null,"prodotto_page_testo_prodotti_correlati":"<h2>Produtos relacionados<\/h2>\r\nExplore tamb\u00e9m esses produtos e encontre outras solu\u00e7\u00f5es que sejam adequadas para voc\u00ea.","prodotto_page_lista_prodotti_correlati":"- C\r\n- GSM\r\n- BILIF","prodotto_page_titolo_componenti_3d":"","prodotto_page_immagine_iniziale_componenti_3d":null,"prodotto_page_lista_componenti_3d":null,"prodotto_page_titolo_slider_configurazioni":"Produto e configura\u00e7\u00f5es","prodotto_page_lista_immgini_slider_configurazioni":[{"etichetta":"Vista frontal","immagine":13940},{"etichetta":"Vista superior","immagine":13954},{"etichetta":"Perspectiva","immagine":13933},{"etichetta":"Detalhes","immagine":13947}],"prodotto_page_titolo_slider_configurazioni_2":"<h2><\/h2>","prodotto_page_lista_immgini_slider_configurazioni_2":null,"seo_title":"Guindaste suspenso motorizado capacidade de 5000 kg | OMIS","seo_description":"Guindaste suspenso motorizado com capacidade de carga de 5.000 kg, com rotas de deslocamento de vigas laminadas em T duplo para deslizamento motorizado. O guindaste desliza eletricamente sobre a cabe\u00e7a, liberando espa\u00e7o no solo para as atividades de produ\u00e7\u00e3o. Ideal para f\u00e1bricas e linhas de montagem, ele manuseia cargas com precis\u00e3o e seguran\u00e7a, sem interferir no trabalho. Saiba mais."},"yoast_head":"<!-- This site is optimized with the Yoast SEO plugin v23.9 - https:\/\/yoast.com\/wordpress\/plugins\/seo\/ -->\n<title>Guindaste suspenso motorizado capacidade de 5000 kg | OMIS<\/title>\n<meta name=\"description\" content=\"Guindaste suspenso motorizado com capacidade de carga de 5.000 kg, com rotas de deslocamento de vigas laminadas em T duplo para deslizamento motorizado. O guindaste desliza eletricamente sobre a cabe\u00e7a, liberando espa\u00e7o no solo para as atividades de produ\u00e7\u00e3o. Ideal para f\u00e1bricas e linhas de montagem, ele manuseia cargas com precis\u00e3o e seguran\u00e7a, sem interferir no trabalho. Saiba mais.\" \/>\n<meta name=\"robots\" content=\"index, follow, max-snippet:-1, max-image-preview:large, max-video-preview:-1\" \/>\n<meta property=\"og:locale\" content=\"pt_PT\" \/>\n<meta property=\"og:type\" content=\"article\" \/>\n<meta property=\"og:title\" content=\"Guindaste suspenso motorizado capacidade de 5000 kg | OMIS\" \/>\n<meta property=\"og:description\" content=\"Guindaste suspenso motorizado com capacidade de carga de 5.000 kg, com rotas de deslocamento de vigas laminadas em T duplo para deslizamento motorizado. O guindaste desliza eletricamente sobre a cabe\u00e7a, liberando espa\u00e7o no solo para as atividades de produ\u00e7\u00e3o. Ideal para f\u00e1bricas e linhas de montagem, ele manuseia cargas com precis\u00e3o e seguran\u00e7a, sem interferir no trabalho. Saiba mais.\" \/>\n<meta property=\"og:url\" content=\"https:\/\/www.omis.net\/pt-pt\/produto\/guindaste-suspenso-eletrico\/\" \/>\n<meta property=\"og:site_name\" content=\"Omis Spa\" \/>\n<meta property=\"article:publisher\" content=\"https:\/\/www.facebook.com\/omisgroup\" \/>\n<meta property=\"article:modified_time\" content=\"2026-03-03T13:43:48+00:00\" \/>\n<meta property=\"og:image\" content=\"https:\/\/media.omis.net\/media\/2024\/12\/powered-suspended-system-gse-500kg-omis-scaled.webp\" \/>\n\t<meta property=\"og:image:width\" content=\"2560\" \/>\n\t<meta property=\"og:image:height\" content=\"1709\" \/>\n\t<meta property=\"og:image:type\" content=\"image\/webp\" \/>\n<meta name=\"twitter:card\" content=\"summary_large_image\" \/>\n<meta name=\"twitter:label1\" content=\"Est. reading time\" \/>\n\t<meta name=\"twitter:data1\" content=\"1 minute\" \/>\n<script type=\"application\/ld+json\" class=\"yoast-schema-graph\">{\"@context\":\"https:\/\/schema.org\",\"@graph\":[{\"@type\":\"WebPage\",\"@id\":\"https:\/\/www.omis.net\/pt-pt\/produto\/guindaste-suspenso-eletrico\/\",\"url\":\"https:\/\/www.omis.net\/pt-pt\/produto\/guindaste-suspenso-eletrico\/\",\"name\":\"Guindaste suspenso motorizado capacidade de 5000 kg | OMIS\",\"isPartOf\":{\"@id\":\"https:\/\/www.omis.net\/it-it\/#website\"},\"primaryImageOfPage\":{\"@id\":\"https:\/\/www.omis.net\/pt-pt\/produto\/guindaste-suspenso-eletrico\/#primaryimage\"},\"image\":{\"@id\":\"https:\/\/www.omis.net\/pt-pt\/produto\/guindaste-suspenso-eletrico\/#primaryimage\"},\"thumbnailUrl\":\"https:\/\/media.omis.net\/media\/2024\/12\/powered-suspended-system-gse-500kg-omis-scaled.webp\",\"datePublished\":\"2024-12-18T10:04:00+00:00\",\"dateModified\":\"2026-03-03T13:43:48+00:00\",\"description\":\"Guindaste suspenso motorizado com capacidade de carga de 5.000 kg, com rotas de deslocamento de vigas laminadas em T duplo para deslizamento motorizado. O guindaste desliza eletricamente sobre a cabe\u00e7a, liberando espa\u00e7o no solo para as atividades de produ\u00e7\u00e3o. Ideal para f\u00e1bricas e linhas de montagem, ele manuseia cargas com precis\u00e3o e seguran\u00e7a, sem interferir no trabalho. Saiba mais.\",\"breadcrumb\":{\"@id\":\"https:\/\/www.omis.net\/pt-pt\/produto\/guindaste-suspenso-eletrico\/#breadcrumb\"},\"inLanguage\":\"pt-pt\",\"potentialAction\":[{\"@type\":\"ReadAction\",\"target\":[\"https:\/\/www.omis.net\/pt-pt\/produto\/guindaste-suspenso-eletrico\/\"]}]},{\"@type\":\"ImageObject\",\"inLanguage\":\"pt-pt\",\"@id\":\"https:\/\/www.omis.net\/pt-pt\/produto\/guindaste-suspenso-eletrico\/#primaryimage\",\"url\":\"https:\/\/media.omis.net\/media\/2024\/12\/powered-suspended-system-gse-500kg-omis-scaled.webp\",\"contentUrl\":\"https:\/\/media.omis.net\/media\/2024\/12\/powered-suspended-system-gse-500kg-omis-scaled.webp\",\"width\":2560,\"height\":1709,\"caption\":\"header - Powered suspended system gse 500kg Omis\"},{\"@type\":\"BreadcrumbList\",\"@id\":\"https:\/\/www.omis.net\/pt-pt\/produto\/guindaste-suspenso-eletrico\/#breadcrumb\",\"itemListElement\":[{\"@type\":\"ListItem\",\"position\":1,\"name\":\"Home\",\"item\":\"https:\/\/www.omis.net\/pt-pt\/pagina-inicial\/\"},{\"@type\":\"ListItem\",\"position\":2,\"name\":\"Guindaste suspenso el\u00e9trico\"}]},{\"@type\":\"WebSite\",\"@id\":\"https:\/\/www.omis.net\/it-it\/#website\",\"url\":\"https:\/\/www.omis.net\/it-it\/\",\"name\":\"Omis Spa\",\"description\":\"Movimentazione e sollevamento\",\"publisher\":{\"@id\":\"https:\/\/www.omis.net\/it-it\/#organization\"},\"potentialAction\":[{\"@type\":\"SearchAction\",\"target\":{\"@type\":\"EntryPoint\",\"urlTemplate\":\"https:\/\/www.omis.net\/it-it\/?s={search_term_string}\"},\"query-input\":{\"@type\":\"PropertyValueSpecification\",\"valueRequired\":true,\"valueName\":\"search_term_string\"}}],\"inLanguage\":\"pt-pt\"},{\"@type\":\"Organization\",\"@id\":\"https:\/\/www.omis.net\/it-it\/#organization\",\"name\":\"Omis Spa\",\"url\":\"https:\/\/www.omis.net\/it-it\/\",\"logo\":{\"@type\":\"ImageObject\",\"inLanguage\":\"pt-pt\",\"@id\":\"https:\/\/www.omis.net\/it-it\/#\/schema\/logo\/image\/\",\"url\":\"https:\/\/media.omis.net\/media\/2024\/08\/logo.jpg\",\"contentUrl\":\"https:\/\/media.omis.net\/media\/2024\/08\/logo.jpg\",\"width\":300,\"height\":300,\"caption\":\"Omis Spa\"},\"image\":{\"@id\":\"https:\/\/www.omis.net\/it-it\/#\/schema\/logo\/image\/\"},\"sameAs\":[\"https:\/\/www.facebook.com\/omisgroup\",\"https:\/\/www.linkedin.com\/company\/omis-group\",\"https:\/\/www.youtube.com\/channel\/UCS4L59XDk3kKBI9MnjuxWDw\",\"https:\/\/www.instagram.com\/omisgroup\"]}]}<\/script>\n<!-- \/ Yoast SEO plugin. -->","yoast_head_json":{"title":"Guindaste suspenso motorizado capacidade de 5000 kg | OMIS","description":"Guindaste suspenso motorizado com capacidade de carga de 5.000 kg, com rotas de deslocamento de vigas laminadas em T duplo para deslizamento motorizado. O guindaste desliza eletricamente sobre a cabe\u00e7a, liberando espa\u00e7o no solo para as atividades de produ\u00e7\u00e3o. Ideal para f\u00e1bricas e linhas de montagem, ele manuseia cargas com precis\u00e3o e seguran\u00e7a, sem interferir no trabalho. Saiba mais.","robots":{"index":"index","follow":"follow","max-snippet":"max-snippet:-1","max-image-preview":"max-image-preview:large","max-video-preview":"max-video-preview:-1"},"og_locale":"pt_PT","og_type":"article","og_title":"Guindaste suspenso motorizado capacidade de 5000 kg | OMIS","og_description":"Guindaste suspenso motorizado com capacidade de carga de 5.000 kg, com rotas de deslocamento de vigas laminadas em T duplo para deslizamento motorizado. O guindaste desliza eletricamente sobre a cabe\u00e7a, liberando espa\u00e7o no solo para as atividades de produ\u00e7\u00e3o. Ideal para f\u00e1bricas e linhas de montagem, ele manuseia cargas com precis\u00e3o e seguran\u00e7a, sem interferir no trabalho. Saiba mais.","og_url":"https:\/\/www.omis.net\/pt-pt\/produto\/guindaste-suspenso-eletrico\/","og_site_name":"Omis Spa","article_publisher":"https:\/\/www.facebook.com\/omisgroup","article_modified_time":"2026-03-03T13:43:48+00:00","og_image":[{"width":2560,"height":1709,"url":"https:\/\/media.omis.net\/media\/2024\/12\/powered-suspended-system-gse-500kg-omis-scaled.webp","type":"image\/webp"}],"twitter_card":"summary_large_image","twitter_misc":{"Est. reading time":"1 minute"},"schema":{"@context":"https:\/\/schema.org","@graph":[{"@type":"WebPage","@id":"https:\/\/www.omis.net\/pt-pt\/produto\/guindaste-suspenso-eletrico\/","url":"https:\/\/www.omis.net\/pt-pt\/produto\/guindaste-suspenso-eletrico\/","name":"Guindaste suspenso motorizado capacidade de 5000 kg | OMIS","isPartOf":{"@id":"https:\/\/www.omis.net\/it-it\/#website"},"primaryImageOfPage":{"@id":"https:\/\/www.omis.net\/pt-pt\/produto\/guindaste-suspenso-eletrico\/#primaryimage"},"image":{"@id":"https:\/\/www.omis.net\/pt-pt\/produto\/guindaste-suspenso-eletrico\/#primaryimage"},"thumbnailUrl":"https:\/\/media.omis.net\/media\/2024\/12\/powered-suspended-system-gse-500kg-omis-scaled.webp","datePublished":"2024-12-18T10:04:00+00:00","dateModified":"2026-03-03T13:43:48+00:00","description":"Guindaste suspenso motorizado com capacidade de carga de 5.000 kg, com rotas de deslocamento de vigas laminadas em T duplo para deslizamento motorizado. O guindaste desliza eletricamente sobre a cabe\u00e7a, liberando espa\u00e7o no solo para as atividades de produ\u00e7\u00e3o. Ideal para f\u00e1bricas e linhas de montagem, ele manuseia cargas com precis\u00e3o e seguran\u00e7a, sem interferir no trabalho. Saiba mais.","breadcrumb":{"@id":"https:\/\/www.omis.net\/pt-pt\/produto\/guindaste-suspenso-eletrico\/#breadcrumb"},"inLanguage":"pt-pt","potentialAction":[{"@type":"ReadAction","target":["https:\/\/www.omis.net\/pt-pt\/produto\/guindaste-suspenso-eletrico\/"]}]},{"@type":"ImageObject","inLanguage":"pt-pt","@id":"https:\/\/www.omis.net\/pt-pt\/produto\/guindaste-suspenso-eletrico\/#primaryimage","url":"https:\/\/media.omis.net\/media\/2024\/12\/powered-suspended-system-gse-500kg-omis-scaled.webp","contentUrl":"https:\/\/media.omis.net\/media\/2024\/12\/powered-suspended-system-gse-500kg-omis-scaled.webp","width":2560,"height":1709,"caption":"header - Powered suspended system gse 500kg Omis"},{"@type":"BreadcrumbList","@id":"https:\/\/www.omis.net\/pt-pt\/produto\/guindaste-suspenso-eletrico\/#breadcrumb","itemListElement":[{"@type":"ListItem","position":1,"name":"Home","item":"https:\/\/www.omis.net\/pt-pt\/pagina-inicial\/"},{"@type":"ListItem","position":2,"name":"Guindaste suspenso el\u00e9trico"}]},{"@type":"WebSite","@id":"https:\/\/www.omis.net\/it-it\/#website","url":"https:\/\/www.omis.net\/it-it\/","name":"Omis Spa","description":"Movimentazione e sollevamento","publisher":{"@id":"https:\/\/www.omis.net\/it-it\/#organization"},"potentialAction":[{"@type":"SearchAction","target":{"@type":"EntryPoint","urlTemplate":"https:\/\/www.omis.net\/it-it\/?s={search_term_string}"},"query-input":{"@type":"PropertyValueSpecification","valueRequired":true,"valueName":"search_term_string"}}],"inLanguage":"pt-pt"},{"@type":"Organization","@id":"https:\/\/www.omis.net\/it-it\/#organization","name":"Omis Spa","url":"https:\/\/www.omis.net\/it-it\/","logo":{"@type":"ImageObject","inLanguage":"pt-pt","@id":"https:\/\/www.omis.net\/it-it\/#\/schema\/logo\/image\/","url":"https:\/\/media.omis.net\/media\/2024\/08\/logo.jpg","contentUrl":"https:\/\/media.omis.net\/media\/2024\/08\/logo.jpg","width":300,"height":300,"caption":"Omis Spa"},"image":{"@id":"https:\/\/www.omis.net\/it-it\/#\/schema\/logo\/image\/"},"sameAs":["https:\/\/www.facebook.com\/omisgroup","https:\/\/www.linkedin.com\/company\/omis-group","https:\/\/www.youtube.com\/channel\/UCS4L59XDk3kKBI9MnjuxWDw","https:\/\/www.instagram.com\/omisgroup"]}]}},"_links":{"self":[{"href":"https:\/\/www.omis.net\/pt-pt\/wp-json\/wp\/v2\/product\/7436"}],"collection":[{"href":"https:\/\/www.omis.net\/pt-pt\/wp-json\/wp\/v2\/product"}],"about":[{"href":"https:\/\/www.omis.net\/pt-pt\/wp-json\/wp\/v2\/types\/product"}],"acf:attachment":[{"embeddable":true,"href":"https:\/\/www.omis.net\/pt-pt\/wp-json\/wp\/v2\/media\/13905"},{"embeddable":true,"href":"https:\/\/www.omis.net\/pt-pt\/wp-json\/wp\/v2\/media\/13912"},{"embeddable":true,"href":"https:\/\/www.omis.net\/pt-pt\/wp-json\/wp\/v2\/media\/13898"},{"embeddable":true,"href":"https:\/\/www.omis.net\/pt-pt\/wp-json\/wp\/v2\/media\/13891"},{"embeddable":true,"href":"https:\/\/www.omis.net\/pt-pt\/wp-json\/wp\/v2\/media\/13919"}],"wp:featuredmedia":[{"embeddable":true,"href":"https:\/\/www.omis.net\/pt-pt\/wp-json\/wp\/v2\/media\/13926"}],"wp:attachment":[{"href":"https:\/\/www.omis.net\/pt-pt\/wp-json\/wp\/v2\/media?parent=7436"}],"wp:term":[{"taxonomy":"caratteristica-prodotto","embeddable":true,"href":"https:\/\/www.omis.net\/pt-pt\/wp-json\/wp\/v2\/caratteristica-prodotto?post=7436"},{"taxonomy":"tipologia-prodotto","embeddable":true,"href":"https:\/\/www.omis.net\/pt-pt\/wp-json\/wp\/v2\/tipologia-prodotto?post=7436"}],"curies":[{"name":"wp","href":"https:\/\/api.w.org\/{rel}","templated":true}]}}