{"id":7435,"date":"2024-12-18T11:03:44","date_gmt":"2024-12-18T10:03:44","guid":{"rendered":"http:\/\/bedrock.local\/product\/manual\/"},"modified":"2025-02-05T14:41:23","modified_gmt":"2025-02-05T13:41:23","slug":"guindaste-suspenso-manual","status":"publish","type":"product","link":"https:\/\/www.omis.net\/pt-pt\/produto\/guindaste-suspenso-manual\/","title":{"rendered":"Guindaste suspenso manual"},"content":{"rendered":"","protected":false},"featured_media":14067,"parent":0,"template":"","caratteristica-prodotto":[],"tipologia-prodotto":[710,752],"class_list":["post-7435","product","type-product","status-publish","has-post-thumbnail","hentry","tipologia-prodotto-guindastes-de-estacao-de-trabalho","tipologia-prodotto-sistemas-suspensos"],"acf":{"import_csv_id":"40","prodotto_generale_sku":"GSM","prodotto_listing_card_descrizione":"Guindaste suspenso manual, pr\u00e1tico e f\u00e1cil de usar para o manuseio de pequenas cargas. Modular e personaliz\u00e1vel conforme necess\u00e1rio.","prodotto_listing_card_caratteristiche":null,"prodotto_page_gradient_hero":false,"prodotto_page_titolo_hero":"A solu\u00e7\u00e3o mais r\u00e1pida e conveniente para at\u00e9 1.000 kg.","prodotto_page_gallery_hero":[14039],"prodotto_page_descrizione_3_colonne_posizione":false,"prodotto_page_descrizione_3_colonne":[{"valore":"125","unita_di_misura":"kg","etichetta":"Capacidade m\u00ednima"},{"valore":"1000","unita_di_misura":"kg","etichetta":"Capacidade m\u00e1xima"},{"valore":"8","unita_di_misura":"m","etichetta":"Largura m\u00e1xima"}],"prodotto_page_descrizione_titolo":"Sistemas suspensos manualmente com capacidade de carga de at\u00e9 1.000 kg","prodotto_page_descrizione_3_colonne_testo":"<strong>Para atender \u00e0s demandas di\u00e1rias de empresas da maioria dos setores, a OMIS oferece uma linha padr\u00e3o de sistemas de eleva\u00e7\u00e3o de canais suspensos. Os guindastes s\u00e3o equipados com rotas de deslocamento para o deslizamento manual da ponte, em perfis \u00f4mega, para serem fixadas nas estruturas suspensas ou apoiadas por meio de portais com colunas fixadas no piso.<\/strong>\r\n\r\nOs sistemas de eleva\u00e7\u00e3o suspensas em canal suspenso padr\u00e3o, operadas manualmente, s\u00e3o a ferramenta ideal para o manuseio de pequenas cargas de at\u00e9 1.000 kg. O guindaste manual \u00e9 f\u00e1cil e pr\u00e1tico de montar e modificar, modular e personaliz\u00e1vel de acordo com as necessidades do cliente. Esses sistemas de manuseio s\u00e3o equipados com espa\u00e7amento de suspens\u00e3o de at\u00e9 7 m e rotas de deslocamento para o deslizamento da ponte em perfis \u00f4mega, a serem amarrados \u00e0s estruturas de cobertura do galp\u00e3o, por meio de suspens\u00f5es especiais com juntas esf\u00e9ricas, ou a serem apoiados com portais de metal especialmente projetados, dependendo dos requisitos de instala\u00e7\u00e3o.","prodotto_page_descrizione_titolo_vantaggi":"Vantagens do guindaste suspenso manual","prodotto_page_descrizione_vantaggi":[{"titolo":"Sistema modular","testo":"","link":"","archivio_prodotti":null},{"titolo":"F\u00e1cil de instalar, modificar e expandir","testo":"","link":"","archivio_prodotti":null},{"titolo":"Personaliz\u00e1vel","testo":"","link":"","archivio_prodotti":null},{"titolo":"Facilidade de uso","testo":"","link":"","archivio_prodotti":null},{"titolo":"Espa\u00e7o m\u00ednimo no ch\u00e3o","testo":"","link":"","archivio_prodotti":null},{"titolo":"Aumento da produtividade e da seguran\u00e7a","testo":"","link":"","archivio_prodotti":null}],"prodotto_page_tabs_dati_tecnici":[{"etichetta":"Capacidade","valore":"de 125 kg a 1000 kg"},{"etichetta":"Largura m\u00e1xima","valore":"8 m"},{"etichetta":"Perfil da ponte","valore":"Perfil de \u00f4mega"},{"etichetta":"Perfil das rotas de deslocamento","valore":"Perfil de \u00f4mega"},{"etichetta":"Ancoragem","valore":"Na estrutura existente ou por meio de estruturas de suporte met\u00e1licas personalizadas"},{"etichetta":"Deslizamento","valore":"Manual, facilitado por carros que deslizam dentro do perfil da viga"}],"prodotto_page_tabs_optionals":[{"titolo":"Pintura personalizada","testo":"A cor da tinta pode ser personalizada para atender a necessidades espec\u00edficas, requisitos de design ou de marca.","immagine":null},{"titolo":"Estruturas de suporte met\u00e1licas personalizadas","testo":"Mediante solicita\u00e7\u00e3o, \u00e9 poss\u00edvel projetar estruturas de suporte de metal ou solu\u00e7\u00f5es personalizadas, garantindo que cada requisito espec\u00edfico seja atendido com precis\u00e3o e qualidade.","immagine":null}],"prodotto_page_tabs_downloads":null,"prodotto_page_gallery":[14025,14032,14018,13990,13997,14004,14011],"prodotto_page_customer_story_titolo":"","prodotto_page_customer_story_list":null,"prodotto_page_applicazioni_list":"- Agricoltura e Alimentare\r\n- Manifatturiero\r\n- Energetico\r\n- Edile e delle costruzioni\r\n- Tecnologie dell'informazione e ICT\r\n- Trasporti e logistica\r\n- Commercio al dettaglio\r\n- Culturale e dell'intrattenimento\r\n- Ambientale e della sostenibilit\u00e0\r\n- Ricerca e sviluppo\r\n- Arti e Artigianato","prodotto_page_faq_list":null,"prodotto_page_testo_prodotti_correlati":"<h2>Produtos relacionados<\/h2>\r\nExplore tamb\u00e9m esses produtos e encontre outras solu\u00e7\u00f5es que sejam adequadas para voc\u00ea.","prodotto_page_lista_prodotti_correlati":"- C\r\n- GSE\r\n- BILIF ","prodotto_page_titolo_componenti_3d":"","prodotto_page_immagine_iniziale_componenti_3d":null,"prodotto_page_lista_componenti_3d":null,"prodotto_page_titolo_slider_configurazioni":"Produto e configura\u00e7\u00f5es","prodotto_page_lista_immgini_slider_configurazioni":[{"etichetta":"Vista frontal","immagine":14053},{"etichetta":"Vista superior","immagine":14060},{"etichetta":"Perspectiva","immagine":14046}],"prodotto_page_titolo_slider_configurazioni_2":"<h2><\/h2>","prodotto_page_lista_immgini_slider_configurazioni_2":null,"seo_title":"Guindaste suspenso manual capacidade de 1000 kg | OMIS","seo_description":"Guindastes suspensos manuais de eleva\u00e7\u00e3o em canal, ideais para cargas de at\u00e9 1.000 kg. Os guindastes, com rotas de deslocamento em perfis \u00f4mega, podem ser montados em estruturas ou p\u00f3rticos existentes. Eles s\u00e3o f\u00e1ceis de instalar e modificar, com espa\u00e7amento de suspens\u00e3o de at\u00e9 7 m. Modulares e personaliz\u00e1veis para diferentes requisitos industriais. Saiba mais."},"yoast_head":"<!-- This site is optimized with the Yoast SEO plugin v23.9 - https:\/\/yoast.com\/wordpress\/plugins\/seo\/ -->\n<title>Guindaste suspenso manual capacidade de 1000 kg | OMIS<\/title>\n<meta name=\"description\" content=\"Guindastes suspensos manuais de eleva\u00e7\u00e3o em canal, ideais para cargas de at\u00e9 1.000 kg. Os guindastes, com rotas de deslocamento em perfis \u00f4mega, podem ser montados em estruturas ou p\u00f3rticos existentes. Eles s\u00e3o f\u00e1ceis de instalar e modificar, com espa\u00e7amento de suspens\u00e3o de at\u00e9 7 m. Modulares e personaliz\u00e1veis para diferentes requisitos industriais. Saiba mais.\" \/>\n<meta name=\"robots\" content=\"index, follow, max-snippet:-1, max-image-preview:large, max-video-preview:-1\" \/>\n<meta property=\"og:locale\" content=\"pt_PT\" \/>\n<meta property=\"og:type\" content=\"article\" \/>\n<meta property=\"og:title\" content=\"Guindaste suspenso manual capacidade de 1000 kg | OMIS\" \/>\n<meta property=\"og:description\" content=\"Guindastes suspensos manuais de eleva\u00e7\u00e3o em canal, ideais para cargas de at\u00e9 1.000 kg. Os guindastes, com rotas de deslocamento em perfis \u00f4mega, podem ser montados em estruturas ou p\u00f3rticos existentes. Eles s\u00e3o f\u00e1ceis de instalar e modificar, com espa\u00e7amento de suspens\u00e3o de at\u00e9 7 m. Modulares e personaliz\u00e1veis para diferentes requisitos industriais. Saiba mais.\" \/>\n<meta property=\"og:url\" content=\"https:\/\/www.omis.net\/pt-pt\/produto\/guindaste-suspenso-manual\/\" \/>\n<meta property=\"og:site_name\" content=\"Omis Spa\" \/>\n<meta property=\"article:publisher\" content=\"https:\/\/www.facebook.com\/omisgroup\" \/>\n<meta property=\"article:modified_time\" content=\"2025-02-05T13:41:23+00:00\" \/>\n<meta property=\"og:image\" content=\"https:\/\/media.omis.net\/media\/2024\/12\/profile-manual-suspended-system-gsm-500kg-assembly-line-malo-omis-scaled.webp\" \/>\n\t<meta property=\"og:image:width\" content=\"2560\" \/>\n\t<meta property=\"og:image:height\" content=\"1709\" \/>\n\t<meta property=\"og:image:type\" content=\"image\/webp\" \/>\n<meta name=\"twitter:card\" content=\"summary_large_image\" \/>\n<meta name=\"twitter:label1\" content=\"Est. reading time\" \/>\n\t<meta name=\"twitter:data1\" content=\"1 minute\" \/>\n<script type=\"application\/ld+json\" class=\"yoast-schema-graph\">{\"@context\":\"https:\/\/schema.org\",\"@graph\":[{\"@type\":\"WebPage\",\"@id\":\"https:\/\/www.omis.net\/pt-pt\/produto\/guindaste-suspenso-manual\/\",\"url\":\"https:\/\/www.omis.net\/pt-pt\/produto\/guindaste-suspenso-manual\/\",\"name\":\"Guindaste suspenso manual capacidade de 1000 kg | OMIS\",\"isPartOf\":{\"@id\":\"https:\/\/www.omis.net\/it-it\/#website\"},\"primaryImageOfPage\":{\"@id\":\"https:\/\/www.omis.net\/pt-pt\/produto\/guindaste-suspenso-manual\/#primaryimage\"},\"image\":{\"@id\":\"https:\/\/www.omis.net\/pt-pt\/produto\/guindaste-suspenso-manual\/#primaryimage\"},\"thumbnailUrl\":\"https:\/\/media.omis.net\/media\/2024\/12\/profile-manual-suspended-system-gsm-500kg-assembly-line-malo-omis-scaled.webp\",\"datePublished\":\"2024-12-18T10:03:44+00:00\",\"dateModified\":\"2025-02-05T13:41:23+00:00\",\"description\":\"Guindastes suspensos manuais de eleva\u00e7\u00e3o em canal, ideais para cargas de at\u00e9 1.000 kg. Os guindastes, com rotas de deslocamento em perfis \u00f4mega, podem ser montados em estruturas ou p\u00f3rticos existentes. Eles s\u00e3o f\u00e1ceis de instalar e modificar, com espa\u00e7amento de suspens\u00e3o de at\u00e9 7 m. Modulares e personaliz\u00e1veis para diferentes requisitos industriais. Saiba mais.\",\"breadcrumb\":{\"@id\":\"https:\/\/www.omis.net\/pt-pt\/produto\/guindaste-suspenso-manual\/#breadcrumb\"},\"inLanguage\":\"pt-pt\",\"potentialAction\":[{\"@type\":\"ReadAction\",\"target\":[\"https:\/\/www.omis.net\/pt-pt\/produto\/guindaste-suspenso-manual\/\"]}]},{\"@type\":\"ImageObject\",\"inLanguage\":\"pt-pt\",\"@id\":\"https:\/\/www.omis.net\/pt-pt\/produto\/guindaste-suspenso-manual\/#primaryimage\",\"url\":\"https:\/\/media.omis.net\/media\/2024\/12\/profile-manual-suspended-system-gsm-500kg-assembly-line-malo-omis-scaled.webp\",\"contentUrl\":\"https:\/\/media.omis.net\/media\/2024\/12\/profile-manual-suspended-system-gsm-500kg-assembly-line-malo-omis-scaled.webp\",\"width\":2560,\"height\":1709,\"caption\":\"header - Profile manual suspended system gsm 500kg assembly line malo Omis\"},{\"@type\":\"BreadcrumbList\",\"@id\":\"https:\/\/www.omis.net\/pt-pt\/produto\/guindaste-suspenso-manual\/#breadcrumb\",\"itemListElement\":[{\"@type\":\"ListItem\",\"position\":1,\"name\":\"Home\",\"item\":\"https:\/\/www.omis.net\/pt-pt\/pagina-inicial\/\"},{\"@type\":\"ListItem\",\"position\":2,\"name\":\"Guindaste suspenso manual\"}]},{\"@type\":\"WebSite\",\"@id\":\"https:\/\/www.omis.net\/it-it\/#website\",\"url\":\"https:\/\/www.omis.net\/it-it\/\",\"name\":\"Omis Spa\",\"description\":\"Movimentazione e sollevamento\",\"publisher\":{\"@id\":\"https:\/\/www.omis.net\/it-it\/#organization\"},\"potentialAction\":[{\"@type\":\"SearchAction\",\"target\":{\"@type\":\"EntryPoint\",\"urlTemplate\":\"https:\/\/www.omis.net\/it-it\/?s={search_term_string}\"},\"query-input\":{\"@type\":\"PropertyValueSpecification\",\"valueRequired\":true,\"valueName\":\"search_term_string\"}}],\"inLanguage\":\"pt-pt\"},{\"@type\":\"Organization\",\"@id\":\"https:\/\/www.omis.net\/it-it\/#organization\",\"name\":\"Omis Spa\",\"url\":\"https:\/\/www.omis.net\/it-it\/\",\"logo\":{\"@type\":\"ImageObject\",\"inLanguage\":\"pt-pt\",\"@id\":\"https:\/\/www.omis.net\/it-it\/#\/schema\/logo\/image\/\",\"url\":\"https:\/\/media.omis.net\/media\/2024\/08\/logo.jpg\",\"contentUrl\":\"https:\/\/media.omis.net\/media\/2024\/08\/logo.jpg\",\"width\":300,\"height\":300,\"caption\":\"Omis Spa\"},\"image\":{\"@id\":\"https:\/\/www.omis.net\/it-it\/#\/schema\/logo\/image\/\"},\"sameAs\":[\"https:\/\/www.facebook.com\/omisgroup\",\"https:\/\/www.linkedin.com\/company\/omis-group\",\"https:\/\/www.youtube.com\/channel\/UCS4L59XDk3kKBI9MnjuxWDw\",\"https:\/\/www.instagram.com\/omisgroup\"]}]}<\/script>\n<!-- \/ Yoast SEO plugin. -->","yoast_head_json":{"title":"Guindaste suspenso manual capacidade de 1000 kg | OMIS","description":"Guindastes suspensos manuais de eleva\u00e7\u00e3o em canal, ideais para cargas de at\u00e9 1.000 kg. Os guindastes, com rotas de deslocamento em perfis \u00f4mega, podem ser montados em estruturas ou p\u00f3rticos existentes. Eles s\u00e3o f\u00e1ceis de instalar e modificar, com espa\u00e7amento de suspens\u00e3o de at\u00e9 7 m. Modulares e personaliz\u00e1veis para diferentes requisitos industriais. Saiba mais.","robots":{"index":"index","follow":"follow","max-snippet":"max-snippet:-1","max-image-preview":"max-image-preview:large","max-video-preview":"max-video-preview:-1"},"og_locale":"pt_PT","og_type":"article","og_title":"Guindaste suspenso manual capacidade de 1000 kg | OMIS","og_description":"Guindastes suspensos manuais de eleva\u00e7\u00e3o em canal, ideais para cargas de at\u00e9 1.000 kg. Os guindastes, com rotas de deslocamento em perfis \u00f4mega, podem ser montados em estruturas ou p\u00f3rticos existentes. Eles s\u00e3o f\u00e1ceis de instalar e modificar, com espa\u00e7amento de suspens\u00e3o de at\u00e9 7 m. Modulares e personaliz\u00e1veis para diferentes requisitos industriais. Saiba mais.","og_url":"https:\/\/www.omis.net\/pt-pt\/produto\/guindaste-suspenso-manual\/","og_site_name":"Omis Spa","article_publisher":"https:\/\/www.facebook.com\/omisgroup","article_modified_time":"2025-02-05T13:41:23+00:00","og_image":[{"width":2560,"height":1709,"url":"https:\/\/media.omis.net\/media\/2024\/12\/profile-manual-suspended-system-gsm-500kg-assembly-line-malo-omis-scaled.webp","type":"image\/webp"}],"twitter_card":"summary_large_image","twitter_misc":{"Est. reading time":"1 minute"},"schema":{"@context":"https:\/\/schema.org","@graph":[{"@type":"WebPage","@id":"https:\/\/www.omis.net\/pt-pt\/produto\/guindaste-suspenso-manual\/","url":"https:\/\/www.omis.net\/pt-pt\/produto\/guindaste-suspenso-manual\/","name":"Guindaste suspenso manual capacidade de 1000 kg | OMIS","isPartOf":{"@id":"https:\/\/www.omis.net\/it-it\/#website"},"primaryImageOfPage":{"@id":"https:\/\/www.omis.net\/pt-pt\/produto\/guindaste-suspenso-manual\/#primaryimage"},"image":{"@id":"https:\/\/www.omis.net\/pt-pt\/produto\/guindaste-suspenso-manual\/#primaryimage"},"thumbnailUrl":"https:\/\/media.omis.net\/media\/2024\/12\/profile-manual-suspended-system-gsm-500kg-assembly-line-malo-omis-scaled.webp","datePublished":"2024-12-18T10:03:44+00:00","dateModified":"2025-02-05T13:41:23+00:00","description":"Guindastes suspensos manuais de eleva\u00e7\u00e3o em canal, ideais para cargas de at\u00e9 1.000 kg. Os guindastes, com rotas de deslocamento em perfis \u00f4mega, podem ser montados em estruturas ou p\u00f3rticos existentes. Eles s\u00e3o f\u00e1ceis de instalar e modificar, com espa\u00e7amento de suspens\u00e3o de at\u00e9 7 m. Modulares e personaliz\u00e1veis para diferentes requisitos industriais. Saiba mais.","breadcrumb":{"@id":"https:\/\/www.omis.net\/pt-pt\/produto\/guindaste-suspenso-manual\/#breadcrumb"},"inLanguage":"pt-pt","potentialAction":[{"@type":"ReadAction","target":["https:\/\/www.omis.net\/pt-pt\/produto\/guindaste-suspenso-manual\/"]}]},{"@type":"ImageObject","inLanguage":"pt-pt","@id":"https:\/\/www.omis.net\/pt-pt\/produto\/guindaste-suspenso-manual\/#primaryimage","url":"https:\/\/media.omis.net\/media\/2024\/12\/profile-manual-suspended-system-gsm-500kg-assembly-line-malo-omis-scaled.webp","contentUrl":"https:\/\/media.omis.net\/media\/2024\/12\/profile-manual-suspended-system-gsm-500kg-assembly-line-malo-omis-scaled.webp","width":2560,"height":1709,"caption":"header - Profile manual suspended system gsm 500kg assembly line malo Omis"},{"@type":"BreadcrumbList","@id":"https:\/\/www.omis.net\/pt-pt\/produto\/guindaste-suspenso-manual\/#breadcrumb","itemListElement":[{"@type":"ListItem","position":1,"name":"Home","item":"https:\/\/www.omis.net\/pt-pt\/pagina-inicial\/"},{"@type":"ListItem","position":2,"name":"Guindaste suspenso manual"}]},{"@type":"WebSite","@id":"https:\/\/www.omis.net\/it-it\/#website","url":"https:\/\/www.omis.net\/it-it\/","name":"Omis Spa","description":"Movimentazione e sollevamento","publisher":{"@id":"https:\/\/www.omis.net\/it-it\/#organization"},"potentialAction":[{"@type":"SearchAction","target":{"@type":"EntryPoint","urlTemplate":"https:\/\/www.omis.net\/it-it\/?s={search_term_string}"},"query-input":{"@type":"PropertyValueSpecification","valueRequired":true,"valueName":"search_term_string"}}],"inLanguage":"pt-pt"},{"@type":"Organization","@id":"https:\/\/www.omis.net\/it-it\/#organization","name":"Omis Spa","url":"https:\/\/www.omis.net\/it-it\/","logo":{"@type":"ImageObject","inLanguage":"pt-pt","@id":"https:\/\/www.omis.net\/it-it\/#\/schema\/logo\/image\/","url":"https:\/\/media.omis.net\/media\/2024\/08\/logo.jpg","contentUrl":"https:\/\/media.omis.net\/media\/2024\/08\/logo.jpg","width":300,"height":300,"caption":"Omis Spa"},"image":{"@id":"https:\/\/www.omis.net\/it-it\/#\/schema\/logo\/image\/"},"sameAs":["https:\/\/www.facebook.com\/omisgroup","https:\/\/www.linkedin.com\/company\/omis-group","https:\/\/www.youtube.com\/channel\/UCS4L59XDk3kKBI9MnjuxWDw","https:\/\/www.instagram.com\/omisgroup"]}]}},"_links":{"self":[{"href":"https:\/\/www.omis.net\/pt-pt\/wp-json\/wp\/v2\/product\/7435"}],"collection":[{"href":"https:\/\/www.omis.net\/pt-pt\/wp-json\/wp\/v2\/product"}],"about":[{"href":"https:\/\/www.omis.net\/pt-pt\/wp-json\/wp\/v2\/types\/product"}],"acf:attachment":[{"embeddable":true,"href":"https:\/\/www.omis.net\/pt-pt\/wp-json\/wp\/v2\/media\/14011"},{"embeddable":true,"href":"https:\/\/www.omis.net\/pt-pt\/wp-json\/wp\/v2\/media\/14004"},{"embeddable":true,"href":"https:\/\/www.omis.net\/pt-pt\/wp-json\/wp\/v2\/media\/13997"},{"embeddable":true,"href":"https:\/\/www.omis.net\/pt-pt\/wp-json\/wp\/v2\/media\/13990"},{"embeddable":true,"href":"https:\/\/www.omis.net\/pt-pt\/wp-json\/wp\/v2\/media\/14018"},{"embeddable":true,"href":"https:\/\/www.omis.net\/pt-pt\/wp-json\/wp\/v2\/media\/14032"},{"embeddable":true,"href":"https:\/\/www.omis.net\/pt-pt\/wp-json\/wp\/v2\/media\/14025"},{"embeddable":true,"href":"https:\/\/www.omis.net\/pt-pt\/wp-json\/wp\/v2\/media\/14039"}],"wp:featuredmedia":[{"embeddable":true,"href":"https:\/\/www.omis.net\/pt-pt\/wp-json\/wp\/v2\/media\/14067"}],"wp:attachment":[{"href":"https:\/\/www.omis.net\/pt-pt\/wp-json\/wp\/v2\/media?parent=7435"}],"wp:term":[{"taxonomy":"caratteristica-prodotto","embeddable":true,"href":"https:\/\/www.omis.net\/pt-pt\/wp-json\/wp\/v2\/caratteristica-prodotto?post=7435"},{"taxonomy":"tipologia-prodotto","embeddable":true,"href":"https:\/\/www.omis.net\/pt-pt\/wp-json\/wp\/v2\/tipologia-prodotto?post=7435"}],"curies":[{"name":"wp","href":"https:\/\/api.w.org\/{rel}","templated":true}]}}