{"id":7434,"date":"2024-12-18T11:03:09","date_gmt":"2024-12-18T10:03:09","guid":{"rendered":"http:\/\/bedrock.local\/product\/curva\/"},"modified":"2025-02-03T18:25:13","modified_gmt":"2025-02-03T17:25:13","slug":"monovia-curva","status":"publish","type":"product","link":"https:\/\/www.omis.net\/pt-pt\/produto\/monovia-curva\/","title":{"rendered":"Monovia curva"},"content":{"rendered":"","protected":false},"featured_media":14187,"parent":0,"template":"","caratteristica-prodotto":[],"tipologia-prodotto":[710,746],"class_list":["post-7434","product","type-product","status-publish","has-post-thumbnail","hentry","tipologia-prodotto-guindastes-de-estacao-de-trabalho","tipologia-prodotto-monovia"],"acf":{"import_csv_id":"38","prodotto_generale_sku":"MRC","prodotto_listing_card_descrizione":"A monovia curva \u00e9 o sistema ideal para movimentar cargas ao longo de caminhos n\u00e3o lineares em uma f\u00e1brica, seguindo todas as etapas do processo.","prodotto_listing_card_caratteristiche":null,"prodotto_page_gradient_hero":false,"prodotto_page_titolo_hero":"O sistema perfeito para linhas de montagem e pintura.","prodotto_page_gallery_hero":[14082,14075,14103],"prodotto_page_descrizione_3_colonne_posizione":false,"prodotto_page_descrizione_3_colonne":[{"valore":"125","unita_di_misura":"kg","etichetta":"Capacidade m\u00ednima"},{"valore":"5000","unita_di_misura":"kg","etichetta":"Capacidade m\u00e1xima"},{"valore":"90\u00b0","unita_di_misura":"","etichetta":"Curva m\u00e1xima"}],"prodotto_page_descrizione_titolo":"Monovia curva com capacidade de at\u00e9 5.000 kg","prodotto_page_descrizione_3_colonne_testo":"<strong>Os sistemas monovias OMIS oferecem um alto grau de flexibilidade de personaliza\u00e7\u00e3o devido ao seu design modular. A modularidade tamb\u00e9m possibilita a cria\u00e7\u00e3o de caminhos curvos, com a possibilidade de \u00e2ngulos de 90\u00b0. Portanto, o guindaste monotrilho curvo prova ser o dispositivo de eleva\u00e7\u00e3o ideal para mover facilmente uma carga entre dois pontos em uma f\u00e1brica ao longo de um caminho personalizado e n\u00e3o linear.<\/strong>\r\n\r\nO tracejado pode ser adaptado com precis\u00e3o aos requisitos estruturais espec\u00edficos de qualquer oficina ou ambiente industrial. As curvas se tornam particularmente \u00fateis se as cargas tiverem que seguir uma linha de produ\u00e7\u00e3o em todos os est\u00e1gios do processo de fabrica\u00e7\u00e3o, at\u00e9 as esta\u00e7\u00f5es de embalagem final. Os sistemas de eleva\u00e7\u00e3o monotrilho fabricados pela OMIS atendem \u00e0s necessidades reais das empresas que lidam com componentes, em linhas de montagem, linhas de pintura e descarregamento e carregamento de mercadorias.","prodotto_page_descrizione_titolo_vantaggi":"Vantagens das monovia curva","prodotto_page_descrizione_vantaggi":[{"titolo":"Menos esfor\u00e7o do operador","testo":"","link":"","archivio_prodotti":null},{"titolo":"Precis\u00e3o no movimento","testo":"","link":"","archivio_prodotti":null},{"titolo":"Velocidade controlada","testo":"","link":"","archivio_prodotti":null},{"titolo":"Adaptabilidade a cargas de v\u00e1rios tamanhos","testo":"","link":"","archivio_prodotti":null},{"titolo":"Manuten\u00e7\u00e3o simplificada","testo":"","link":"","archivio_prodotti":null},{"titolo":"Versatilidade nas aplica\u00e7\u00f5es","testo":"","link":"","archivio_prodotti":null},{"titolo":"Aumento da produtividade e da seguran\u00e7a","testo":"","link":"","archivio_prodotti":null}],"prodotto_page_tabs_dati_tecnici":[{"etichetta":"Capacidade","valore":"de 125 kg a 5000 kg - Superior sob consulta"},{"etichetta":"Comprimento","valore":"Configur\u00e1vel mediante solicita\u00e7\u00e3o"},{"etichetta":"Perfil da ponte","valore":"Viga em T duplo ou em caixa"},{"etichetta":"Ancoragem","valore":"Na estrutura existente ou por meio de estruturas de suporte met\u00e1licas personalizadas"},{"etichetta":"Linha de fornecimento de energia","valore":"Blindo Atollo speed 40A"},{"etichetta":"Unidade de eleva\u00e7\u00e3o","valore":"Talha de corrente ou cabo"},{"etichetta":"Comando","valore":"Botoeira suspensa na talha"}],"prodotto_page_tabs_optionals":[{"titolo":"Pintura personalizada","testo":"A cor da tinta pode ser personalizada para atender a necessidades espec\u00edficas, requisitos de design ou de marca.","immagine":null},{"titolo":"Controle de r\u00e1dio para o carro da talha","testo":"Mediante solicita\u00e7\u00e3o, \u00e9 poss\u00edvel integrar o controle remoto via r\u00e1dio para o carro da talha, melhorando o desempenho, a versatilidade e a seguran\u00e7a nas opera\u00e7\u00f5es de manuseio. Esse sistema avan\u00e7ado permite um controle remoto preciso e intuitivo, otimizando a efici\u00eancia e reduzindo os riscos operacionais.","immagine":null}],"prodotto_page_tabs_downloads":null,"prodotto_page_gallery":[14117,14110,14096,14089],"prodotto_page_customer_story_titolo":"","prodotto_page_customer_story_list":null,"prodotto_page_applicazioni_list":"- Agricoltura e Alimentare\r\n- Manifatturiero\r\n- Energetico\r\n- Edile e delle costruzioni\r\n- Tecnologie dell'informazione e ICT\r\n- Trasporti e logistica\r\n- Commercio al dettaglio\r\n- Culturale e dell'intrattenimento\r\n- Ambientale e della sostenibilit\u00e0\r\n- Ricerca e sviluppo\r\n- Arti e Artigianato","prodotto_page_faq_list":null,"prodotto_page_testo_prodotti_correlati":"<h2>Produtos relacionados<\/h2>\r\nExplore tamb\u00e9m esses produtos e encontre outras solu\u00e7\u00f5es que sejam adequadas para voc\u00ea.","prodotto_page_lista_prodotti_correlati":"- C\r\n- GSM\r\n- CMR","prodotto_page_titolo_componenti_3d":"","prodotto_page_immagine_iniziale_componenti_3d":null,"prodotto_page_lista_componenti_3d":null,"prodotto_page_titolo_slider_configurazioni":"Produto e configura\u00e7\u00f5es","prodotto_page_lista_immgini_slider_configurazioni":[{"etichetta":"Vista frontal","immagine":14159},{"etichetta":"Vista superior","immagine":14166},{"etichetta":"Vista frontal","immagine":14145},{"etichetta":"Vista superior","immagine":14152},{"etichetta":"Circuito","immagine":14173},{"etichetta":"Circuito","immagine":14180}],"prodotto_page_titolo_slider_configurazioni_2":"<h2><\/h2>","prodotto_page_lista_immgini_slider_configurazioni_2":null,"seo_title":"Monovia curva com capacidade de 5000 kg | OMIS","seo_description":"Monovia curva OMIS oferecem alta flexibilidade com design modular, permitindo caminhos curvos e \u00e2ngulos de 90\u00b0. Ideais para movimentar cargas ao longo de rotas personalizadas em f\u00e1bricas, eles s\u00e3o \u00fateis para linhas de produ\u00e7\u00e3o e esta\u00e7\u00f5es de embalagem. Eles adaptam o tracejado \u00e0s necessidades de oficinas e ambientes industriais, otimizando o manuseio e o carregamento. Saiba mais."},"yoast_head":"<!-- This site is optimized with the Yoast SEO plugin v23.9 - https:\/\/yoast.com\/wordpress\/plugins\/seo\/ -->\n<title>Monovia curva com capacidade de 5000 kg | OMIS<\/title>\n<meta name=\"description\" content=\"Monovia curva OMIS oferecem alta flexibilidade com design modular, permitindo caminhos curvos e \u00e2ngulos de 90\u00b0. Ideais para movimentar cargas ao longo de rotas personalizadas em f\u00e1bricas, eles s\u00e3o \u00fateis para linhas de produ\u00e7\u00e3o e esta\u00e7\u00f5es de embalagem. Eles adaptam o tracejado \u00e0s necessidades de oficinas e ambientes industriais, otimizando o manuseio e o carregamento. Saiba mais.\" \/>\n<meta name=\"robots\" content=\"index, follow, max-snippet:-1, max-image-preview:large, max-video-preview:-1\" \/>\n<meta property=\"og:locale\" content=\"pt_PT\" \/>\n<meta property=\"og:type\" content=\"article\" \/>\n<meta property=\"og:title\" content=\"Monovia curva com capacidade de 5000 kg | OMIS\" \/>\n<meta property=\"og:description\" content=\"Monovia curva OMIS oferecem alta flexibilidade com design modular, permitindo caminhos curvos e \u00e2ngulos de 90\u00b0. Ideais para movimentar cargas ao longo de rotas personalizadas em f\u00e1bricas, eles s\u00e3o \u00fateis para linhas de produ\u00e7\u00e3o e esta\u00e7\u00f5es de embalagem. Eles adaptam o tracejado \u00e0s necessidades de oficinas e ambientes industriais, otimizando o manuseio e o carregamento. Saiba mais.\" \/>\n<meta property=\"og:url\" content=\"https:\/\/www.omis.net\/pt-pt\/produto\/monovia-curva\/\" \/>\n<meta property=\"og:site_name\" content=\"Omis Spa\" \/>\n<meta property=\"article:publisher\" content=\"https:\/\/www.facebook.com\/omisgroup\" \/>\n<meta property=\"article:modified_time\" content=\"2025-02-03T17:25:13+00:00\" \/>\n<meta property=\"og:image\" content=\"https:\/\/media.omis.net\/media\/2024\/12\/profile-curved-monorail-250kg-assembly-line-extinguishers-omis-scaled.webp\" \/>\n\t<meta property=\"og:image:width\" content=\"2560\" \/>\n\t<meta property=\"og:image:height\" content=\"2121\" \/>\n\t<meta property=\"og:image:type\" content=\"image\/webp\" \/>\n<meta name=\"twitter:card\" content=\"summary_large_image\" \/>\n<meta name=\"twitter:label1\" content=\"Est. reading time\" \/>\n\t<meta name=\"twitter:data1\" content=\"1 minute\" \/>\n<script type=\"application\/ld+json\" class=\"yoast-schema-graph\">{\"@context\":\"https:\/\/schema.org\",\"@graph\":[{\"@type\":\"WebPage\",\"@id\":\"https:\/\/www.omis.net\/pt-pt\/produto\/monovia-curva\/\",\"url\":\"https:\/\/www.omis.net\/pt-pt\/produto\/monovia-curva\/\",\"name\":\"Monovia curva com capacidade de 5000 kg | OMIS\",\"isPartOf\":{\"@id\":\"https:\/\/www.omis.net\/it-it\/#website\"},\"primaryImageOfPage\":{\"@id\":\"https:\/\/www.omis.net\/pt-pt\/produto\/monovia-curva\/#primaryimage\"},\"image\":{\"@id\":\"https:\/\/www.omis.net\/pt-pt\/produto\/monovia-curva\/#primaryimage\"},\"thumbnailUrl\":\"https:\/\/media.omis.net\/media\/2024\/12\/profile-curved-monorail-250kg-assembly-line-extinguishers-omis-scaled.webp\",\"datePublished\":\"2024-12-18T10:03:09+00:00\",\"dateModified\":\"2025-02-03T17:25:13+00:00\",\"description\":\"Monovia curva OMIS oferecem alta flexibilidade com design modular, permitindo caminhos curvos e \u00e2ngulos de 90\u00b0. Ideais para movimentar cargas ao longo de rotas personalizadas em f\u00e1bricas, eles s\u00e3o \u00fateis para linhas de produ\u00e7\u00e3o e esta\u00e7\u00f5es de embalagem. Eles adaptam o tracejado \u00e0s necessidades de oficinas e ambientes industriais, otimizando o manuseio e o carregamento. Saiba mais.\",\"breadcrumb\":{\"@id\":\"https:\/\/www.omis.net\/pt-pt\/produto\/monovia-curva\/#breadcrumb\"},\"inLanguage\":\"pt-pt\",\"potentialAction\":[{\"@type\":\"ReadAction\",\"target\":[\"https:\/\/www.omis.net\/pt-pt\/produto\/monovia-curva\/\"]}]},{\"@type\":\"ImageObject\",\"inLanguage\":\"pt-pt\",\"@id\":\"https:\/\/www.omis.net\/pt-pt\/produto\/monovia-curva\/#primaryimage\",\"url\":\"https:\/\/media.omis.net\/media\/2024\/12\/profile-curved-monorail-250kg-assembly-line-extinguishers-omis-scaled.webp\",\"contentUrl\":\"https:\/\/media.omis.net\/media\/2024\/12\/profile-curved-monorail-250kg-assembly-line-extinguishers-omis-scaled.webp\",\"width\":2560,\"height\":2121,\"caption\":\"header - Profile curved monorail 250kg assembly line extinguishers Omis\"},{\"@type\":\"BreadcrumbList\",\"@id\":\"https:\/\/www.omis.net\/pt-pt\/produto\/monovia-curva\/#breadcrumb\",\"itemListElement\":[{\"@type\":\"ListItem\",\"position\":1,\"name\":\"Home\",\"item\":\"https:\/\/www.omis.net\/pt-pt\/pagina-inicial\/\"},{\"@type\":\"ListItem\",\"position\":2,\"name\":\"Monovia curva\"}]},{\"@type\":\"WebSite\",\"@id\":\"https:\/\/www.omis.net\/it-it\/#website\",\"url\":\"https:\/\/www.omis.net\/it-it\/\",\"name\":\"Omis Spa\",\"description\":\"Movimentazione e sollevamento\",\"publisher\":{\"@id\":\"https:\/\/www.omis.net\/it-it\/#organization\"},\"potentialAction\":[{\"@type\":\"SearchAction\",\"target\":{\"@type\":\"EntryPoint\",\"urlTemplate\":\"https:\/\/www.omis.net\/it-it\/?s={search_term_string}\"},\"query-input\":{\"@type\":\"PropertyValueSpecification\",\"valueRequired\":true,\"valueName\":\"search_term_string\"}}],\"inLanguage\":\"pt-pt\"},{\"@type\":\"Organization\",\"@id\":\"https:\/\/www.omis.net\/it-it\/#organization\",\"name\":\"Omis Spa\",\"url\":\"https:\/\/www.omis.net\/it-it\/\",\"logo\":{\"@type\":\"ImageObject\",\"inLanguage\":\"pt-pt\",\"@id\":\"https:\/\/www.omis.net\/it-it\/#\/schema\/logo\/image\/\",\"url\":\"https:\/\/media.omis.net\/media\/2024\/08\/logo.jpg\",\"contentUrl\":\"https:\/\/media.omis.net\/media\/2024\/08\/logo.jpg\",\"width\":300,\"height\":300,\"caption\":\"Omis Spa\"},\"image\":{\"@id\":\"https:\/\/www.omis.net\/it-it\/#\/schema\/logo\/image\/\"},\"sameAs\":[\"https:\/\/www.facebook.com\/omisgroup\",\"https:\/\/www.linkedin.com\/company\/omis-group\",\"https:\/\/www.youtube.com\/channel\/UCS4L59XDk3kKBI9MnjuxWDw\",\"https:\/\/www.instagram.com\/omisgroup\"]}]}<\/script>\n<!-- \/ Yoast SEO plugin. -->","yoast_head_json":{"title":"Monovia curva com capacidade de 5000 kg | OMIS","description":"Monovia curva OMIS oferecem alta flexibilidade com design modular, permitindo caminhos curvos e \u00e2ngulos de 90\u00b0. Ideais para movimentar cargas ao longo de rotas personalizadas em f\u00e1bricas, eles s\u00e3o \u00fateis para linhas de produ\u00e7\u00e3o e esta\u00e7\u00f5es de embalagem. Eles adaptam o tracejado \u00e0s necessidades de oficinas e ambientes industriais, otimizando o manuseio e o carregamento. Saiba mais.","robots":{"index":"index","follow":"follow","max-snippet":"max-snippet:-1","max-image-preview":"max-image-preview:large","max-video-preview":"max-video-preview:-1"},"og_locale":"pt_PT","og_type":"article","og_title":"Monovia curva com capacidade de 5000 kg | OMIS","og_description":"Monovia curva OMIS oferecem alta flexibilidade com design modular, permitindo caminhos curvos e \u00e2ngulos de 90\u00b0. Ideais para movimentar cargas ao longo de rotas personalizadas em f\u00e1bricas, eles s\u00e3o \u00fateis para linhas de produ\u00e7\u00e3o e esta\u00e7\u00f5es de embalagem. Eles adaptam o tracejado \u00e0s necessidades de oficinas e ambientes industriais, otimizando o manuseio e o carregamento. Saiba mais.","og_url":"https:\/\/www.omis.net\/pt-pt\/produto\/monovia-curva\/","og_site_name":"Omis Spa","article_publisher":"https:\/\/www.facebook.com\/omisgroup","article_modified_time":"2025-02-03T17:25:13+00:00","og_image":[{"width":2560,"height":2121,"url":"https:\/\/media.omis.net\/media\/2024\/12\/profile-curved-monorail-250kg-assembly-line-extinguishers-omis-scaled.webp","type":"image\/webp"}],"twitter_card":"summary_large_image","twitter_misc":{"Est. reading time":"1 minute"},"schema":{"@context":"https:\/\/schema.org","@graph":[{"@type":"WebPage","@id":"https:\/\/www.omis.net\/pt-pt\/produto\/monovia-curva\/","url":"https:\/\/www.omis.net\/pt-pt\/produto\/monovia-curva\/","name":"Monovia curva com capacidade de 5000 kg | OMIS","isPartOf":{"@id":"https:\/\/www.omis.net\/it-it\/#website"},"primaryImageOfPage":{"@id":"https:\/\/www.omis.net\/pt-pt\/produto\/monovia-curva\/#primaryimage"},"image":{"@id":"https:\/\/www.omis.net\/pt-pt\/produto\/monovia-curva\/#primaryimage"},"thumbnailUrl":"https:\/\/media.omis.net\/media\/2024\/12\/profile-curved-monorail-250kg-assembly-line-extinguishers-omis-scaled.webp","datePublished":"2024-12-18T10:03:09+00:00","dateModified":"2025-02-03T17:25:13+00:00","description":"Monovia curva OMIS oferecem alta flexibilidade com design modular, permitindo caminhos curvos e \u00e2ngulos de 90\u00b0. Ideais para movimentar cargas ao longo de rotas personalizadas em f\u00e1bricas, eles s\u00e3o \u00fateis para linhas de produ\u00e7\u00e3o e esta\u00e7\u00f5es de embalagem. Eles adaptam o tracejado \u00e0s necessidades de oficinas e ambientes industriais, otimizando o manuseio e o carregamento. Saiba mais.","breadcrumb":{"@id":"https:\/\/www.omis.net\/pt-pt\/produto\/monovia-curva\/#breadcrumb"},"inLanguage":"pt-pt","potentialAction":[{"@type":"ReadAction","target":["https:\/\/www.omis.net\/pt-pt\/produto\/monovia-curva\/"]}]},{"@type":"ImageObject","inLanguage":"pt-pt","@id":"https:\/\/www.omis.net\/pt-pt\/produto\/monovia-curva\/#primaryimage","url":"https:\/\/media.omis.net\/media\/2024\/12\/profile-curved-monorail-250kg-assembly-line-extinguishers-omis-scaled.webp","contentUrl":"https:\/\/media.omis.net\/media\/2024\/12\/profile-curved-monorail-250kg-assembly-line-extinguishers-omis-scaled.webp","width":2560,"height":2121,"caption":"header - Profile curved monorail 250kg assembly line extinguishers Omis"},{"@type":"BreadcrumbList","@id":"https:\/\/www.omis.net\/pt-pt\/produto\/monovia-curva\/#breadcrumb","itemListElement":[{"@type":"ListItem","position":1,"name":"Home","item":"https:\/\/www.omis.net\/pt-pt\/pagina-inicial\/"},{"@type":"ListItem","position":2,"name":"Monovia curva"}]},{"@type":"WebSite","@id":"https:\/\/www.omis.net\/it-it\/#website","url":"https:\/\/www.omis.net\/it-it\/","name":"Omis Spa","description":"Movimentazione e sollevamento","publisher":{"@id":"https:\/\/www.omis.net\/it-it\/#organization"},"potentialAction":[{"@type":"SearchAction","target":{"@type":"EntryPoint","urlTemplate":"https:\/\/www.omis.net\/it-it\/?s={search_term_string}"},"query-input":{"@type":"PropertyValueSpecification","valueRequired":true,"valueName":"search_term_string"}}],"inLanguage":"pt-pt"},{"@type":"Organization","@id":"https:\/\/www.omis.net\/it-it\/#organization","name":"Omis Spa","url":"https:\/\/www.omis.net\/it-it\/","logo":{"@type":"ImageObject","inLanguage":"pt-pt","@id":"https:\/\/www.omis.net\/it-it\/#\/schema\/logo\/image\/","url":"https:\/\/media.omis.net\/media\/2024\/08\/logo.jpg","contentUrl":"https:\/\/media.omis.net\/media\/2024\/08\/logo.jpg","width":300,"height":300,"caption":"Omis Spa"},"image":{"@id":"https:\/\/www.omis.net\/it-it\/#\/schema\/logo\/image\/"},"sameAs":["https:\/\/www.facebook.com\/omisgroup","https:\/\/www.linkedin.com\/company\/omis-group","https:\/\/www.youtube.com\/channel\/UCS4L59XDk3kKBI9MnjuxWDw","https:\/\/www.instagram.com\/omisgroup"]}]}},"_links":{"self":[{"href":"https:\/\/www.omis.net\/pt-pt\/wp-json\/wp\/v2\/product\/7434"}],"collection":[{"href":"https:\/\/www.omis.net\/pt-pt\/wp-json\/wp\/v2\/product"}],"about":[{"href":"https:\/\/www.omis.net\/pt-pt\/wp-json\/wp\/v2\/types\/product"}],"acf:attachment":[{"embeddable":true,"href":"https:\/\/www.omis.net\/pt-pt\/wp-json\/wp\/v2\/media\/14089"},{"embeddable":true,"href":"https:\/\/www.omis.net\/pt-pt\/wp-json\/wp\/v2\/media\/14096"},{"embeddable":true,"href":"https:\/\/www.omis.net\/pt-pt\/wp-json\/wp\/v2\/media\/14110"},{"embeddable":true,"href":"https:\/\/www.omis.net\/pt-pt\/wp-json\/wp\/v2\/media\/14117"},{"embeddable":true,"href":"https:\/\/www.omis.net\/pt-pt\/wp-json\/wp\/v2\/media\/14103"},{"embeddable":true,"href":"https:\/\/www.omis.net\/pt-pt\/wp-json\/wp\/v2\/media\/14075"},{"embeddable":true,"href":"https:\/\/www.omis.net\/pt-pt\/wp-json\/wp\/v2\/media\/14082"}],"wp:featuredmedia":[{"embeddable":true,"href":"https:\/\/www.omis.net\/pt-pt\/wp-json\/wp\/v2\/media\/14187"}],"wp:attachment":[{"href":"https:\/\/www.omis.net\/pt-pt\/wp-json\/wp\/v2\/media?parent=7434"}],"wp:term":[{"taxonomy":"caratteristica-prodotto","embeddable":true,"href":"https:\/\/www.omis.net\/pt-pt\/wp-json\/wp\/v2\/caratteristica-prodotto?post=7434"},{"taxonomy":"tipologia-prodotto","embeddable":true,"href":"https:\/\/www.omis.net\/pt-pt\/wp-json\/wp\/v2\/tipologia-prodotto?post=7434"}],"curies":[{"name":"wp","href":"https:\/\/api.w.org\/{rel}","templated":true}]}}