{"id":7433,"date":"2024-12-18T11:02:53","date_gmt":"2024-12-18T10:02:53","guid":{"rendered":"http:\/\/bedrock.local\/product\/retilineo\/"},"modified":"2025-02-03T18:00:34","modified_gmt":"2025-02-03T17:00:34","slug":"monovia-reta","status":"publish","type":"product","link":"https:\/\/www.omis.net\/pt-pt\/produto\/monovia-reta\/","title":{"rendered":"Monovia reta"},"content":{"rendered":"","protected":false},"featured_media":14251,"parent":0,"template":"","caratteristica-prodotto":[],"tipologia-prodotto":[710,746],"class_list":["post-7433","product","type-product","status-publish","has-post-thumbnail","hentry","tipologia-prodotto-guindastes-de-estacao-de-trabalho","tipologia-prodotto-monovia"],"acf":{"import_csv_id":"37","prodotto_generale_sku":"MRR","prodotto_listing_card_descrizione":"A monovia reta \u00e9 a solu\u00e7\u00e3o que permite a movimenta\u00e7\u00e3o de cargas em espa\u00e7os apertados sem interromper a linha de produ\u00e7\u00e3o.","prodotto_listing_card_caratteristiche":null,"prodotto_page_gradient_hero":false,"prodotto_page_titolo_hero":"Quando o espa\u00e7o \u00e9 apertado, um sistema simples, confi\u00e1vel e seguro.","prodotto_page_gallery_hero":[14223],"prodotto_page_descrizione_3_colonne_posizione":false,"prodotto_page_descrizione_3_colonne":[{"valore":"125","unita_di_misura":"kg","etichetta":"Capacidade m\u00ednima"},{"valore":"5000","unita_di_misura":"kg","etichetta":"Capacidade m\u00e1xima"},{"valore":"","unita_di_misura":"","etichetta":""}],"prodotto_page_descrizione_titolo":"Monovia reta com capacidade de at\u00e9 5.000 kg","prodotto_page_descrizione_3_colonne_testo":"<strong>A monovia reta \u00e9 uma solu\u00e7\u00e3o mais eficaz do que os guindastes de ponte ou transportadores convencionais em v\u00e1rios setores. As maiores vantagens surgem, em particular, quando \u00e9 necess\u00e1rio operar em espa\u00e7os confinados ou levantar e mover cargas linearmente dentro da linha de produ\u00e7\u00e3o, sem interromper o processo de produ\u00e7\u00e3o.<\/strong>\r\n\r\nEsses monotrilhos podem ser integrados \u00e0 estrutura do edif\u00edcio com v\u00e1rias op\u00e7\u00f5es de instala\u00e7\u00e3o, montados no teto, em colunas ou em uma estrutura de suporte personalizada. Eles s\u00e3o particularmente \u00fateis para elevar produtos para prateleiras, bancadas de trabalho ou \u00e1reas elevadas, facilitando o armazenamento e o manuseio de um ponto a outro no local de produ\u00e7\u00e3o para opera\u00e7\u00f5es posteriores de montagem e produ\u00e7\u00e3o. Os guindastes monotrilho retil\u00edneos s\u00e3o usados no manuseio de componentes para armazenamento de materiais, em linhas de montagem automotivas e n\u00e3o automotivas, bem como no descarregamento e carregamento de mercadorias.","prodotto_page_descrizione_titolo_vantaggi":"Vantagens das monovia reta","prodotto_page_descrizione_vantaggi":[{"titolo":"Versatilidade operacional","testo":"","link":"","archivio_prodotti":null},{"titolo":"Manuseio mesmo em longas dist\u00e2ncias","testo":"","link":"","archivio_prodotti":null},{"titolo":"F\u00e1cil de usar","testo":"","link":"","archivio_prodotti":null},{"titolo":"Adaptabilidade a cargas de v\u00e1rios tamanhos","testo":"","link":"","archivio_prodotti":null},{"titolo":"Manuten\u00e7\u00e3o simplificada","testo":"","link":"","archivio_prodotti":null},{"titolo":"Aumento da produtividade e da seguran\u00e7a","testo":"","link":"","archivio_prodotti":null}],"prodotto_page_tabs_dati_tecnici":[{"etichetta":"Capacidade","valore":"de 125 kg a 5000 kg - Superior sob consulta"},{"etichetta":"Comprimento","valore":"Configur\u00e1vel mediante solicita\u00e7\u00e3o"},{"etichetta":"Perfil da ponte","valore":"Perfil de viga T duplo, \u00f4mega ou caixa"},{"etichetta":"Ancoragem","valore":"Na estrutura existente ou por meio de estruturas de suporte met\u00e1licas personalizadas"},{"etichetta":"Linha de fornecimento de energia","valore":"Festoon ou Blindo Atollo 40A"},{"etichetta":"Unidade de eleva\u00e7\u00e3o","valore":"Talha de corrente ou cabo"},{"etichetta":"Comando","valore":"Botoeira suspensa na talha"}],"prodotto_page_tabs_optionals":[{"titolo":"Pintura personalizada","testo":"A cor da tinta pode ser personalizada para atender a necessidades espec\u00edficas, requisitos de design ou de marca.","immagine":null},{"titolo":"Controle de r\u00e1dio para o carro da talha","testo":"Mediante solicita\u00e7\u00e3o, \u00e9 poss\u00edvel integrar o controle remoto via r\u00e1dio para o carro da talha, melhorando o desempenho, a versatilidade e a seguran\u00e7a nas opera\u00e7\u00f5es de manuseio. Esse sistema avan\u00e7ado permite um controle remoto preciso e intuitivo, otimizando a efici\u00eancia e reduzindo os riscos operacionais.","immagine":null}],"prodotto_page_tabs_downloads":null,"prodotto_page_gallery":[14202,20125,14216,20132,14195,14209],"prodotto_page_customer_story_titolo":"","prodotto_page_customer_story_list":null,"prodotto_page_applicazioni_list":"- Agricoltura e Alimentare\r\n- Manifatturiero\r\n- Energetico\r\n- Edile e delle costruzioni\r\n- Tecnologie dell'informazione e ICT\r\n- Trasporti e logistica\r\n- Commercio al dettaglio\r\n- Culturale e dell'intrattenimento\r\n- Ambientale e della sostenibilit\u00e0\r\n- Ricerca e sviluppo\r\n- Arti e Artigianato","prodotto_page_faq_list":null,"prodotto_page_testo_prodotti_correlati":"<h2>Produtos relacionados<\/h2>\r\nExplore tamb\u00e9m esses produtos e encontre outras solu\u00e7\u00f5es que sejam adequadas para voc\u00ea.","prodotto_page_lista_prodotti_correlati":"- C\r\n- GSM\r\n- CMR","prodotto_page_titolo_componenti_3d":"","prodotto_page_immagine_iniziale_componenti_3d":null,"prodotto_page_lista_componenti_3d":null,"prodotto_page_titolo_slider_configurazioni":"Produto e configura\u00e7\u00f5es","prodotto_page_lista_immgini_slider_configurazioni":[{"etichetta":"Vista frontal","immagine":14230},{"etichetta":"Vista superior","immagine":14244},{"etichetta":"Perspectiva","immagine":14237}],"prodotto_page_titolo_slider_configurazioni_2":"<h2><\/h2>","prodotto_page_lista_immgini_slider_configurazioni_2":null,"seo_title":"Monovia reta com capacidade de 5000 kg | OMIS","seo_description":"A monovia reta \u00e9 ideal para espa\u00e7os confinados e movimentos lineares de carga sem interromper a produ\u00e7\u00e3o. Ele pode ser instalado no teto, em colunas ou estruturas personalizadas e facilita a eleva\u00e7\u00e3o e o manuseio em prateleiras e bancadas de trabalho. \u00c9 perfeito para armazenamento, linhas de montagem e opera\u00e7\u00f5es de carga e descarga. Saiba mais."},"yoast_head":"<!-- This site is optimized with the Yoast SEO plugin v23.9 - https:\/\/yoast.com\/wordpress\/plugins\/seo\/ -->\n<title>Monovia reta com capacidade de 5000 kg | OMIS<\/title>\n<meta name=\"description\" content=\"A monovia reta \u00e9 ideal para espa\u00e7os confinados e movimentos lineares de carga sem interromper a produ\u00e7\u00e3o. Ele pode ser instalado no teto, em colunas ou estruturas personalizadas e facilita a eleva\u00e7\u00e3o e o manuseio em prateleiras e bancadas de trabalho. \u00c9 perfeito para armazenamento, linhas de montagem e opera\u00e7\u00f5es de carga e descarga. Saiba mais.\" \/>\n<meta name=\"robots\" content=\"index, follow, max-snippet:-1, max-image-preview:large, max-video-preview:-1\" \/>\n<meta property=\"og:locale\" content=\"pt_PT\" \/>\n<meta property=\"og:type\" content=\"article\" \/>\n<meta property=\"og:title\" content=\"Monovia reta com capacidade de 5000 kg | OMIS\" \/>\n<meta property=\"og:description\" content=\"A monovia reta \u00e9 ideal para espa\u00e7os confinados e movimentos lineares de carga sem interromper a produ\u00e7\u00e3o. Ele pode ser instalado no teto, em colunas ou estruturas personalizadas e facilita a eleva\u00e7\u00e3o e o manuseio em prateleiras e bancadas de trabalho. \u00c9 perfeito para armazenamento, linhas de montagem e opera\u00e7\u00f5es de carga e descarga. Saiba mais.\" \/>\n<meta property=\"og:url\" content=\"https:\/\/www.omis.net\/pt-pt\/produto\/monovia-reta\/\" \/>\n<meta property=\"og:site_name\" content=\"Omis Spa\" \/>\n<meta property=\"article:publisher\" content=\"https:\/\/www.facebook.com\/omisgroup\" \/>\n<meta property=\"article:modified_time\" content=\"2025-02-03T17:00:34+00:00\" \/>\n<meta property=\"og:image\" content=\"https:\/\/media.omis.net\/media\/2024\/12\/profile-monorail-250kg-production-front-view-example-omis-1-scaled.webp\" \/>\n\t<meta property=\"og:image:width\" content=\"2560\" \/>\n\t<meta property=\"og:image:height\" content=\"1708\" \/>\n\t<meta property=\"og:image:type\" content=\"image\/webp\" \/>\n<meta name=\"twitter:card\" content=\"summary_large_image\" \/>\n<meta name=\"twitter:label1\" content=\"Est. reading time\" \/>\n\t<meta name=\"twitter:data1\" content=\"1 minute\" \/>\n<script type=\"application\/ld+json\" class=\"yoast-schema-graph\">{\"@context\":\"https:\/\/schema.org\",\"@graph\":[{\"@type\":\"WebPage\",\"@id\":\"https:\/\/www.omis.net\/pt-pt\/produto\/monovia-reta\/\",\"url\":\"https:\/\/www.omis.net\/pt-pt\/produto\/monovia-reta\/\",\"name\":\"Monovia reta com capacidade de 5000 kg | OMIS\",\"isPartOf\":{\"@id\":\"https:\/\/www.omis.net\/it-it\/#website\"},\"primaryImageOfPage\":{\"@id\":\"https:\/\/www.omis.net\/pt-pt\/produto\/monovia-reta\/#primaryimage\"},\"image\":{\"@id\":\"https:\/\/www.omis.net\/pt-pt\/produto\/monovia-reta\/#primaryimage\"},\"thumbnailUrl\":\"https:\/\/media.omis.net\/media\/2024\/12\/profile-monorail-250kg-production-front-view-example-omis-1-scaled.webp\",\"datePublished\":\"2024-12-18T10:02:53+00:00\",\"dateModified\":\"2025-02-03T17:00:34+00:00\",\"description\":\"A monovia reta \u00e9 ideal para espa\u00e7os confinados e movimentos lineares de carga sem interromper a produ\u00e7\u00e3o. Ele pode ser instalado no teto, em colunas ou estruturas personalizadas e facilita a eleva\u00e7\u00e3o e o manuseio em prateleiras e bancadas de trabalho. \u00c9 perfeito para armazenamento, linhas de montagem e opera\u00e7\u00f5es de carga e descarga. Saiba mais.\",\"breadcrumb\":{\"@id\":\"https:\/\/www.omis.net\/pt-pt\/produto\/monovia-reta\/#breadcrumb\"},\"inLanguage\":\"pt-pt\",\"potentialAction\":[{\"@type\":\"ReadAction\",\"target\":[\"https:\/\/www.omis.net\/pt-pt\/produto\/monovia-reta\/\"]}]},{\"@type\":\"ImageObject\",\"inLanguage\":\"pt-pt\",\"@id\":\"https:\/\/www.omis.net\/pt-pt\/produto\/monovia-reta\/#primaryimage\",\"url\":\"https:\/\/media.omis.net\/media\/2024\/12\/profile-monorail-250kg-production-front-view-example-omis-1-scaled.webp\",\"contentUrl\":\"https:\/\/media.omis.net\/media\/2024\/12\/profile-monorail-250kg-production-front-view-example-omis-1-scaled.webp\",\"width\":2560,\"height\":1708,\"caption\":\"header - Profile monorail 250kg production front view Omis\"},{\"@type\":\"BreadcrumbList\",\"@id\":\"https:\/\/www.omis.net\/pt-pt\/produto\/monovia-reta\/#breadcrumb\",\"itemListElement\":[{\"@type\":\"ListItem\",\"position\":1,\"name\":\"Home\",\"item\":\"https:\/\/www.omis.net\/pt-pt\/pagina-inicial\/\"},{\"@type\":\"ListItem\",\"position\":2,\"name\":\"Monovia reta\"}]},{\"@type\":\"WebSite\",\"@id\":\"https:\/\/www.omis.net\/it-it\/#website\",\"url\":\"https:\/\/www.omis.net\/it-it\/\",\"name\":\"Omis Spa\",\"description\":\"Movimentazione e sollevamento\",\"publisher\":{\"@id\":\"https:\/\/www.omis.net\/it-it\/#organization\"},\"potentialAction\":[{\"@type\":\"SearchAction\",\"target\":{\"@type\":\"EntryPoint\",\"urlTemplate\":\"https:\/\/www.omis.net\/it-it\/?s={search_term_string}\"},\"query-input\":{\"@type\":\"PropertyValueSpecification\",\"valueRequired\":true,\"valueName\":\"search_term_string\"}}],\"inLanguage\":\"pt-pt\"},{\"@type\":\"Organization\",\"@id\":\"https:\/\/www.omis.net\/it-it\/#organization\",\"name\":\"Omis Spa\",\"url\":\"https:\/\/www.omis.net\/it-it\/\",\"logo\":{\"@type\":\"ImageObject\",\"inLanguage\":\"pt-pt\",\"@id\":\"https:\/\/www.omis.net\/it-it\/#\/schema\/logo\/image\/\",\"url\":\"https:\/\/media.omis.net\/media\/2024\/08\/logo.jpg\",\"contentUrl\":\"https:\/\/media.omis.net\/media\/2024\/08\/logo.jpg\",\"width\":300,\"height\":300,\"caption\":\"Omis Spa\"},\"image\":{\"@id\":\"https:\/\/www.omis.net\/it-it\/#\/schema\/logo\/image\/\"},\"sameAs\":[\"https:\/\/www.facebook.com\/omisgroup\",\"https:\/\/www.linkedin.com\/company\/omis-group\",\"https:\/\/www.youtube.com\/channel\/UCS4L59XDk3kKBI9MnjuxWDw\",\"https:\/\/www.instagram.com\/omisgroup\"]}]}<\/script>\n<!-- \/ Yoast SEO plugin. -->","yoast_head_json":{"title":"Monovia reta com capacidade de 5000 kg | OMIS","description":"A monovia reta \u00e9 ideal para espa\u00e7os confinados e movimentos lineares de carga sem interromper a produ\u00e7\u00e3o. Ele pode ser instalado no teto, em colunas ou estruturas personalizadas e facilita a eleva\u00e7\u00e3o e o manuseio em prateleiras e bancadas de trabalho. \u00c9 perfeito para armazenamento, linhas de montagem e opera\u00e7\u00f5es de carga e descarga. Saiba mais.","robots":{"index":"index","follow":"follow","max-snippet":"max-snippet:-1","max-image-preview":"max-image-preview:large","max-video-preview":"max-video-preview:-1"},"og_locale":"pt_PT","og_type":"article","og_title":"Monovia reta com capacidade de 5000 kg | OMIS","og_description":"A monovia reta \u00e9 ideal para espa\u00e7os confinados e movimentos lineares de carga sem interromper a produ\u00e7\u00e3o. Ele pode ser instalado no teto, em colunas ou estruturas personalizadas e facilita a eleva\u00e7\u00e3o e o manuseio em prateleiras e bancadas de trabalho. \u00c9 perfeito para armazenamento, linhas de montagem e opera\u00e7\u00f5es de carga e descarga. Saiba mais.","og_url":"https:\/\/www.omis.net\/pt-pt\/produto\/monovia-reta\/","og_site_name":"Omis Spa","article_publisher":"https:\/\/www.facebook.com\/omisgroup","article_modified_time":"2025-02-03T17:00:34+00:00","og_image":[{"width":2560,"height":1708,"url":"https:\/\/media.omis.net\/media\/2024\/12\/profile-monorail-250kg-production-front-view-example-omis-1-scaled.webp","type":"image\/webp"}],"twitter_card":"summary_large_image","twitter_misc":{"Est. reading time":"1 minute"},"schema":{"@context":"https:\/\/schema.org","@graph":[{"@type":"WebPage","@id":"https:\/\/www.omis.net\/pt-pt\/produto\/monovia-reta\/","url":"https:\/\/www.omis.net\/pt-pt\/produto\/monovia-reta\/","name":"Monovia reta com capacidade de 5000 kg | OMIS","isPartOf":{"@id":"https:\/\/www.omis.net\/it-it\/#website"},"primaryImageOfPage":{"@id":"https:\/\/www.omis.net\/pt-pt\/produto\/monovia-reta\/#primaryimage"},"image":{"@id":"https:\/\/www.omis.net\/pt-pt\/produto\/monovia-reta\/#primaryimage"},"thumbnailUrl":"https:\/\/media.omis.net\/media\/2024\/12\/profile-monorail-250kg-production-front-view-example-omis-1-scaled.webp","datePublished":"2024-12-18T10:02:53+00:00","dateModified":"2025-02-03T17:00:34+00:00","description":"A monovia reta \u00e9 ideal para espa\u00e7os confinados e movimentos lineares de carga sem interromper a produ\u00e7\u00e3o. Ele pode ser instalado no teto, em colunas ou estruturas personalizadas e facilita a eleva\u00e7\u00e3o e o manuseio em prateleiras e bancadas de trabalho. \u00c9 perfeito para armazenamento, linhas de montagem e opera\u00e7\u00f5es de carga e descarga. Saiba mais.","breadcrumb":{"@id":"https:\/\/www.omis.net\/pt-pt\/produto\/monovia-reta\/#breadcrumb"},"inLanguage":"pt-pt","potentialAction":[{"@type":"ReadAction","target":["https:\/\/www.omis.net\/pt-pt\/produto\/monovia-reta\/"]}]},{"@type":"ImageObject","inLanguage":"pt-pt","@id":"https:\/\/www.omis.net\/pt-pt\/produto\/monovia-reta\/#primaryimage","url":"https:\/\/media.omis.net\/media\/2024\/12\/profile-monorail-250kg-production-front-view-example-omis-1-scaled.webp","contentUrl":"https:\/\/media.omis.net\/media\/2024\/12\/profile-monorail-250kg-production-front-view-example-omis-1-scaled.webp","width":2560,"height":1708,"caption":"header - Profile monorail 250kg production front view Omis"},{"@type":"BreadcrumbList","@id":"https:\/\/www.omis.net\/pt-pt\/produto\/monovia-reta\/#breadcrumb","itemListElement":[{"@type":"ListItem","position":1,"name":"Home","item":"https:\/\/www.omis.net\/pt-pt\/pagina-inicial\/"},{"@type":"ListItem","position":2,"name":"Monovia reta"}]},{"@type":"WebSite","@id":"https:\/\/www.omis.net\/it-it\/#website","url":"https:\/\/www.omis.net\/it-it\/","name":"Omis Spa","description":"Movimentazione e sollevamento","publisher":{"@id":"https:\/\/www.omis.net\/it-it\/#organization"},"potentialAction":[{"@type":"SearchAction","target":{"@type":"EntryPoint","urlTemplate":"https:\/\/www.omis.net\/it-it\/?s={search_term_string}"},"query-input":{"@type":"PropertyValueSpecification","valueRequired":true,"valueName":"search_term_string"}}],"inLanguage":"pt-pt"},{"@type":"Organization","@id":"https:\/\/www.omis.net\/it-it\/#organization","name":"Omis Spa","url":"https:\/\/www.omis.net\/it-it\/","logo":{"@type":"ImageObject","inLanguage":"pt-pt","@id":"https:\/\/www.omis.net\/it-it\/#\/schema\/logo\/image\/","url":"https:\/\/media.omis.net\/media\/2024\/08\/logo.jpg","contentUrl":"https:\/\/media.omis.net\/media\/2024\/08\/logo.jpg","width":300,"height":300,"caption":"Omis Spa"},"image":{"@id":"https:\/\/www.omis.net\/it-it\/#\/schema\/logo\/image\/"},"sameAs":["https:\/\/www.facebook.com\/omisgroup","https:\/\/www.linkedin.com\/company\/omis-group","https:\/\/www.youtube.com\/channel\/UCS4L59XDk3kKBI9MnjuxWDw","https:\/\/www.instagram.com\/omisgroup"]}]}},"_links":{"self":[{"href":"https:\/\/www.omis.net\/pt-pt\/wp-json\/wp\/v2\/product\/7433"}],"collection":[{"href":"https:\/\/www.omis.net\/pt-pt\/wp-json\/wp\/v2\/product"}],"about":[{"href":"https:\/\/www.omis.net\/pt-pt\/wp-json\/wp\/v2\/types\/product"}],"acf:attachment":[{"embeddable":true,"href":"https:\/\/www.omis.net\/pt-pt\/wp-json\/wp\/v2\/media\/14209"},{"embeddable":true,"href":"https:\/\/www.omis.net\/pt-pt\/wp-json\/wp\/v2\/media\/14195"},{"embeddable":true,"href":"https:\/\/www.omis.net\/pt-pt\/wp-json\/wp\/v2\/media\/20132"},{"embeddable":true,"href":"https:\/\/www.omis.net\/pt-pt\/wp-json\/wp\/v2\/media\/14216"},{"embeddable":true,"href":"https:\/\/www.omis.net\/pt-pt\/wp-json\/wp\/v2\/media\/20125"},{"embeddable":true,"href":"https:\/\/www.omis.net\/pt-pt\/wp-json\/wp\/v2\/media\/14202"},{"embeddable":true,"href":"https:\/\/www.omis.net\/pt-pt\/wp-json\/wp\/v2\/media\/14223"}],"wp:featuredmedia":[{"embeddable":true,"href":"https:\/\/www.omis.net\/pt-pt\/wp-json\/wp\/v2\/media\/14251"}],"wp:attachment":[{"href":"https:\/\/www.omis.net\/pt-pt\/wp-json\/wp\/v2\/media?parent=7433"}],"wp:term":[{"taxonomy":"caratteristica-prodotto","embeddable":true,"href":"https:\/\/www.omis.net\/pt-pt\/wp-json\/wp\/v2\/caratteristica-prodotto?post=7433"},{"taxonomy":"tipologia-prodotto","embeddable":true,"href":"https:\/\/www.omis.net\/pt-pt\/wp-json\/wp\/v2\/tipologia-prodotto?post=7433"}],"curies":[{"name":"wp","href":"https:\/\/api.w.org\/{rel}","templated":true}]}}