{"id":7428,"date":"2024-12-18T11:00:49","date_gmt":"2024-12-18T10:00:49","guid":{"rendered":"http:\/\/bedrock.local\/product\/mte\/"},"modified":"2025-02-03T19:00:15","modified_gmt":"2025-02-03T18:00:15","slug":"braco-giratorio-na-parede-e-lanca-cantilever-e-rotacao-eletrica","status":"publish","type":"product","link":"https:\/\/www.omis.net\/pt-pt\/produto\/braco-giratorio-na-parede-e-lanca-cantilever-e-rotacao-eletrica\/","title":{"rendered":"Bra\u00e7o girat\u00f3rio na parede e lan\u00e7a cantil\u00e9ver e rota\u00e7\u00e3o el\u00e9trica"},"content":{"rendered":"","protected":false},"featured_media":13314,"parent":0,"template":"","caratteristica-prodotto":[1014],"tipologia-prodotto":[710,716,728],"class_list":["post-7428","product","type-product","status-publish","has-post-thumbnail","hentry","caratteristica-prodotto-rotacao-eletrica","tipologia-prodotto-guindastes-de-estacao-de-trabalho","tipologia-prodotto-braco-giratorio","tipologia-prodotto-na-parede"],"acf":{"import_csv_id":"30","prodotto_generale_sku":"MTE","prodotto_listing_card_descrizione":"O guindaste el\u00e9trico de plataforma para uso onde n\u00e3o \u00e9 permitido o uso de uma coluna, quando a carga \u00e9 pesada e \u00e9 necess\u00e1ria a utiliza\u00e7\u00e3o m\u00e1xima do espa\u00e7o em altura.","prodotto_listing_card_caratteristiche":null,"prodotto_page_gradient_hero":false,"prodotto_page_titolo_hero":"Grande capacidade e uso otimizado do espa\u00e7o.","prodotto_page_gallery_hero":[13258,13265],"prodotto_page_descrizione_3_colonne_posizione":false,"prodotto_page_descrizione_3_colonne":[{"valore":"2000","unita_di_misura":"kg","etichetta":"Capacidade m\u00e1xima"},{"valore":"8","unita_di_misura":"m","etichetta":"Raio de a\u00e7\u00e3o m\u00e1ximo"},{"valore":"270\u00b0","unita_di_misura":"","etichetta":"Rota\u00e7\u00e3o"}],"prodotto_page_descrizione_titolo":"Bra\u00e7o girat\u00f3rio com plataforma e lan\u00e7a cantil\u00e9ver e rota\u00e7\u00e3o el\u00e9trica com capacidade de at\u00e9 2.000 kg","prodotto_page_descrizione_3_colonne_testo":"<strong>O bra\u00e7o girat\u00f3rio com rota\u00e7\u00e3o el\u00e9trica de 270\u00b0 atende \u00e0s necessidades de aplica\u00e7\u00f5es ou opera\u00e7\u00f5es industriais em que a consist\u00eancia das cargas ou for\u00e7as de impulso n\u00e3o podem ser enfrentadas por guindastes convencionais operados manualmente.<\/strong>\r\n\r\nA viga desse bra\u00e7o girat\u00f3rio \u00e9 autoportante tipo cantil\u00e9ver, sem tirantes de suporte. A rota\u00e7\u00e3o da lan\u00e7a depende de um sistema de motorredutor\/junta, acoplado ao ponto de articula\u00e7\u00e3o e regulado por um inversor; a caixa de engrenagens planet\u00e1rias \u00e9 acionada por um motor el\u00e9trico com freio autom\u00e1tico com partida suave. Cabos flex\u00edveis do tipo que n\u00e3o propagam chamas, suspensos em carros deslizantes sob a lan\u00e7a, formam a linha de energia que alimenta o carro de i\u00e7amento. O bra\u00e7o girat\u00f3rio com plataforma, com rota\u00e7\u00e3o el\u00e9trica de 270\u00b0, \u00e9 fornecido completo com uma botoeira pendente da talha ou com deslizamento independente, dependendo dos requisitos operacionais.\r\nChaves de limite rotativas podem ser instaladas se a faixa de giro da lan\u00e7a precisar ser limitada.","prodotto_page_descrizione_titolo_vantaggi":"Vantagens do bra\u00e7o girat\u00f3rio com plataforma padr\u00e3o com lan\u00e7a cantil\u00e9ver e rota\u00e7\u00e3o el\u00e9trica","prodotto_page_descrizione_vantaggi":[{"titolo":"Sem dist\u00e2ncia do solo","testo":"","link":"","archivio_prodotti":null},{"titolo":"Maior deslocamento dispon\u00edvel do gancho","testo":"","link":"","archivio_prodotti":null},{"titolo":"Versatilidade operacional","testo":"","link":"","archivio_prodotti":null},{"titolo":"Controle preciso","testo":"","link":"","archivio_prodotti":null},{"titolo":"Aumento da produtividade e da seguran\u00e7a","testo":"","link":"","archivio_prodotti":null}],"prodotto_page_tabs_dati_tecnici":[{"etichetta":"Capacidade","valore":"de 125 kg a 2000 kg"},{"etichetta":"Raio de a\u00e7\u00e3o","valore":"At\u00e9 8 m, dependendo da capacidade"},{"etichetta":"Perfil de raio de a\u00e7\u00e3o","valore":"Perfil de viga T duplo sem tirantes de suporte"},{"etichetta":"Rota\u00e7\u00e3o","valore":"270\u00b0 com parada de ajuste ajust\u00e1vel no local, dependendo das dimens\u00f5es arquitet\u00f4nicas"},{"etichetta":"Rota\u00e7\u00e3o","valore":"El\u00e9trica"},{"etichetta":"Velocidade perif\u00e9rica","valore":"~18 m\/min"},{"etichetta":"Plataforma","valore":"A suporte de apoio, os tirantes e as contra-suportes s\u00e3o constru\u00eddos de acordo com as dimens\u00f5es do pilar necess\u00e1rio."},{"etichetta":"Talha","valore":"Talha el\u00e9trica de corrente, para eleva\u00e7\u00e3o da carga, com uma ou duas velocidades de eleva\u00e7\u00e3o,com carro de deslocamento el\u00e9trico, de empurrar ou mec\u00e2nico."},{"etichetta":"Dispositivo de freio","valore":"Ele consiste em uma embreagem de parafuso ajust\u00e1vel que permite o ajuste do esfor\u00e7o de rota\u00e7\u00e3o da lan\u00e7a e garante um posicionamento est\u00e1vel."}],"prodotto_page_tabs_optionals":[{"titolo":"Pintura personalizada","testo":"A cor da tinta pode ser personalizada para atender a necessidades espec\u00edficas, requisitos de design ou de marca.","immagine":null}],"prodotto_page_tabs_downloads":null,"prodotto_page_gallery":[null],"prodotto_page_customer_story_titolo":"","prodotto_page_customer_story_list":null,"prodotto_page_applicazioni_list":"- Agricoltura e Alimentare\r\n- Manifatturiero\r\n- Energetico\r\n- Edile e delle costruzioni\r\n- Tecnologie dell'informazione e ICT\r\n- Trasporti e logistica\r\n- Commercio al dettaglio\r\n- Culturale e dell'intrattenimento\r\n- Ambientale e della sostenibilit\u00e0\r\n- Ricerca e sviluppo\r\n- Arti e Artigianato","prodotto_page_faq_list":null,"prodotto_page_testo_prodotti_correlati":"<h2>Produtos relacionados<\/h2>\r\nExplore tamb\u00e9m esses produtos e encontre outras solu\u00e7\u00f5es que sejam adequadas para voc\u00ea.","prodotto_page_lista_prodotti_correlati":"- CM\r\n- M2TE\r\n- BILIF","prodotto_page_titolo_componenti_3d":"","prodotto_page_immagine_iniziale_componenti_3d":null,"prodotto_page_lista_componenti_3d":null,"prodotto_page_titolo_slider_configurazioni":"Produto e configura\u00e7\u00f5es","prodotto_page_lista_immgini_slider_configurazioni":[{"etichetta":"Acoplamento amplo","immagine":13286},{"etichetta":"Vista superior","immagine":13293},{"etichetta":"Perspectiva","immagine":13279},{"etichetta":"Lan\u00e7a dupla","immagine":13307},{"etichetta":"Acoplamento apertado","immagine":13272},{"etichetta":"Lan\u00e7a dupla","immagine":13300}],"prodotto_page_titolo_slider_configurazioni_2":"<h2><\/h2>","prodotto_page_lista_immgini_slider_configurazioni_2":null,"seo_title":"Bra\u00e7o girat\u00f3rio com plataforma, rota\u00e7\u00e3o de 270\u00b0, capacidade 2000 kg | OMIS","seo_description":"O bra\u00e7o girat\u00f3rio com plataforma com rota\u00e7\u00e3o el\u00e9trica de 270\u00b0 e capacidade de at\u00e9 2.000 kg. A viga cantilever \u00e9 autoportante, sem tirantes. A rota\u00e7\u00e3o \u00e9 controlada por um motorredutor com inversor e caixa de engrenagens planet\u00e1rias. Cabos \u00e0 prova de fogo alimentam a talha por meio de carros deslizantes. Fornecido com botoeira pendente ou deslizante, ele pode ter chaves de limite para limitar a rota\u00e7\u00e3o. Saiba mais."},"yoast_head":"<!-- This site is optimized with the Yoast SEO plugin v23.9 - https:\/\/yoast.com\/wordpress\/plugins\/seo\/ -->\n<title>Bra\u00e7o girat\u00f3rio com plataforma, rota\u00e7\u00e3o de 270\u00b0, capacidade 2000 kg | OMIS<\/title>\n<meta name=\"description\" content=\"O bra\u00e7o girat\u00f3rio com plataforma com rota\u00e7\u00e3o el\u00e9trica de 270\u00b0 e capacidade de at\u00e9 2.000 kg. A viga cantilever \u00e9 autoportante, sem tirantes. A rota\u00e7\u00e3o \u00e9 controlada por um motorredutor com inversor e caixa de engrenagens planet\u00e1rias. Cabos \u00e0 prova de fogo alimentam a talha por meio de carros deslizantes. Fornecido com botoeira pendente ou deslizante, ele pode ter chaves de limite para limitar a rota\u00e7\u00e3o. Saiba mais.\" \/>\n<meta name=\"robots\" content=\"index, follow, max-snippet:-1, max-image-preview:large, max-video-preview:-1\" \/>\n<meta property=\"og:locale\" content=\"pt_PT\" \/>\n<meta property=\"og:type\" content=\"article\" \/>\n<meta property=\"og:title\" content=\"Bra\u00e7o girat\u00f3rio com plataforma, rota\u00e7\u00e3o de 270\u00b0, capacidade 2000 kg | OMIS\" \/>\n<meta property=\"og:description\" content=\"O bra\u00e7o girat\u00f3rio com plataforma com rota\u00e7\u00e3o el\u00e9trica de 270\u00b0 e capacidade de at\u00e9 2.000 kg. A viga cantilever \u00e9 autoportante, sem tirantes. A rota\u00e7\u00e3o \u00e9 controlada por um motorredutor com inversor e caixa de engrenagens planet\u00e1rias. Cabos \u00e0 prova de fogo alimentam a talha por meio de carros deslizantes. Fornecido com botoeira pendente ou deslizante, ele pode ter chaves de limite para limitar a rota\u00e7\u00e3o. Saiba mais.\" \/>\n<meta property=\"og:url\" content=\"https:\/\/www.omis.net\/pt-pt\/produto\/braco-giratorio-na-parede-e-lanca-cantilever-e-rotacao-eletrica\/\" \/>\n<meta property=\"og:site_name\" content=\"Omis Spa\" \/>\n<meta property=\"article:publisher\" content=\"https:\/\/www.facebook.com\/omisgroup\" \/>\n<meta property=\"article:modified_time\" content=\"2025-02-03T18:00:15+00:00\" \/>\n<meta property=\"og:image\" content=\"https:\/\/media.omis.net\/media\/2024\/12\/profile-MTEjib-crane-mte-500kg-wide-connection-front-3d-omis-scaled.webp\" \/>\n\t<meta property=\"og:image:width\" content=\"2560\" \/>\n\t<meta property=\"og:image:height\" content=\"1440\" \/>\n\t<meta property=\"og:image:type\" content=\"image\/webp\" \/>\n<meta name=\"twitter:card\" content=\"summary_large_image\" \/>\n<meta name=\"twitter:label1\" content=\"Est. reading time\" \/>\n\t<meta name=\"twitter:data1\" content=\"1 minute\" \/>\n<script type=\"application\/ld+json\" class=\"yoast-schema-graph\">{\"@context\":\"https:\/\/schema.org\",\"@graph\":[{\"@type\":\"WebPage\",\"@id\":\"https:\/\/www.omis.net\/pt-pt\/produto\/braco-giratorio-na-parede-e-lanca-cantilever-e-rotacao-eletrica\/\",\"url\":\"https:\/\/www.omis.net\/pt-pt\/produto\/braco-giratorio-na-parede-e-lanca-cantilever-e-rotacao-eletrica\/\",\"name\":\"Bra\u00e7o girat\u00f3rio com plataforma, rota\u00e7\u00e3o de 270\u00b0, capacidade 2000 kg | OMIS\",\"isPartOf\":{\"@id\":\"https:\/\/www.omis.net\/it-it\/#website\"},\"primaryImageOfPage\":{\"@id\":\"https:\/\/www.omis.net\/pt-pt\/produto\/braco-giratorio-na-parede-e-lanca-cantilever-e-rotacao-eletrica\/#primaryimage\"},\"image\":{\"@id\":\"https:\/\/www.omis.net\/pt-pt\/produto\/braco-giratorio-na-parede-e-lanca-cantilever-e-rotacao-eletrica\/#primaryimage\"},\"thumbnailUrl\":\"https:\/\/media.omis.net\/media\/2024\/12\/profile-MTEjib-crane-mte-500kg-wide-connection-front-3d-omis-scaled.webp\",\"datePublished\":\"2024-12-18T10:00:49+00:00\",\"dateModified\":\"2025-02-03T18:00:15+00:00\",\"description\":\"O bra\u00e7o girat\u00f3rio com plataforma com rota\u00e7\u00e3o el\u00e9trica de 270\u00b0 e capacidade de at\u00e9 2.000 kg. A viga cantilever \u00e9 autoportante, sem tirantes. A rota\u00e7\u00e3o \u00e9 controlada por um motorredutor com inversor e caixa de engrenagens planet\u00e1rias. Cabos \u00e0 prova de fogo alimentam a talha por meio de carros deslizantes. Fornecido com botoeira pendente ou deslizante, ele pode ter chaves de limite para limitar a rota\u00e7\u00e3o. Saiba mais.\",\"breadcrumb\":{\"@id\":\"https:\/\/www.omis.net\/pt-pt\/produto\/braco-giratorio-na-parede-e-lanca-cantilever-e-rotacao-eletrica\/#breadcrumb\"},\"inLanguage\":\"pt-pt\",\"potentialAction\":[{\"@type\":\"ReadAction\",\"target\":[\"https:\/\/www.omis.net\/pt-pt\/produto\/braco-giratorio-na-parede-e-lanca-cantilever-e-rotacao-eletrica\/\"]}]},{\"@type\":\"ImageObject\",\"inLanguage\":\"pt-pt\",\"@id\":\"https:\/\/www.omis.net\/pt-pt\/produto\/braco-giratorio-na-parede-e-lanca-cantilever-e-rotacao-eletrica\/#primaryimage\",\"url\":\"https:\/\/media.omis.net\/media\/2024\/12\/profile-MTEjib-crane-mte-500kg-wide-connection-front-3d-omis-scaled.webp\",\"contentUrl\":\"https:\/\/media.omis.net\/media\/2024\/12\/profile-MTEjib-crane-mte-500kg-wide-connection-front-3d-omis-scaled.webp\",\"width\":2560,\"height\":1440,\"caption\":\"header - Profile mtejib crane mte 500kg wide connection front 3d Omis\"},{\"@type\":\"BreadcrumbList\",\"@id\":\"https:\/\/www.omis.net\/pt-pt\/produto\/braco-giratorio-na-parede-e-lanca-cantilever-e-rotacao-eletrica\/#breadcrumb\",\"itemListElement\":[{\"@type\":\"ListItem\",\"position\":1,\"name\":\"Home\",\"item\":\"https:\/\/www.omis.net\/pt-pt\/pagina-inicial\/\"},{\"@type\":\"ListItem\",\"position\":2,\"name\":\"Bra\u00e7o girat\u00f3rio na parede e lan\u00e7a cantil\u00e9ver e rota\u00e7\u00e3o el\u00e9trica\"}]},{\"@type\":\"WebSite\",\"@id\":\"https:\/\/www.omis.net\/it-it\/#website\",\"url\":\"https:\/\/www.omis.net\/it-it\/\",\"name\":\"Omis Spa\",\"description\":\"Movimentazione e sollevamento\",\"publisher\":{\"@id\":\"https:\/\/www.omis.net\/it-it\/#organization\"},\"potentialAction\":[{\"@type\":\"SearchAction\",\"target\":{\"@type\":\"EntryPoint\",\"urlTemplate\":\"https:\/\/www.omis.net\/it-it\/?s={search_term_string}\"},\"query-input\":{\"@type\":\"PropertyValueSpecification\",\"valueRequired\":true,\"valueName\":\"search_term_string\"}}],\"inLanguage\":\"pt-pt\"},{\"@type\":\"Organization\",\"@id\":\"https:\/\/www.omis.net\/it-it\/#organization\",\"name\":\"Omis Spa\",\"url\":\"https:\/\/www.omis.net\/it-it\/\",\"logo\":{\"@type\":\"ImageObject\",\"inLanguage\":\"pt-pt\",\"@id\":\"https:\/\/www.omis.net\/it-it\/#\/schema\/logo\/image\/\",\"url\":\"https:\/\/media.omis.net\/media\/2024\/08\/logo.jpg\",\"contentUrl\":\"https:\/\/media.omis.net\/media\/2024\/08\/logo.jpg\",\"width\":300,\"height\":300,\"caption\":\"Omis Spa\"},\"image\":{\"@id\":\"https:\/\/www.omis.net\/it-it\/#\/schema\/logo\/image\/\"},\"sameAs\":[\"https:\/\/www.facebook.com\/omisgroup\",\"https:\/\/www.linkedin.com\/company\/omis-group\",\"https:\/\/www.youtube.com\/channel\/UCS4L59XDk3kKBI9MnjuxWDw\",\"https:\/\/www.instagram.com\/omisgroup\"]}]}<\/script>\n<!-- \/ Yoast SEO plugin. -->","yoast_head_json":{"title":"Bra\u00e7o girat\u00f3rio com plataforma, rota\u00e7\u00e3o de 270\u00b0, capacidade 2000 kg | OMIS","description":"O bra\u00e7o girat\u00f3rio com plataforma com rota\u00e7\u00e3o el\u00e9trica de 270\u00b0 e capacidade de at\u00e9 2.000 kg. A viga cantilever \u00e9 autoportante, sem tirantes. A rota\u00e7\u00e3o \u00e9 controlada por um motorredutor com inversor e caixa de engrenagens planet\u00e1rias. Cabos \u00e0 prova de fogo alimentam a talha por meio de carros deslizantes. Fornecido com botoeira pendente ou deslizante, ele pode ter chaves de limite para limitar a rota\u00e7\u00e3o. Saiba mais.","robots":{"index":"index","follow":"follow","max-snippet":"max-snippet:-1","max-image-preview":"max-image-preview:large","max-video-preview":"max-video-preview:-1"},"og_locale":"pt_PT","og_type":"article","og_title":"Bra\u00e7o girat\u00f3rio com plataforma, rota\u00e7\u00e3o de 270\u00b0, capacidade 2000 kg | OMIS","og_description":"O bra\u00e7o girat\u00f3rio com plataforma com rota\u00e7\u00e3o el\u00e9trica de 270\u00b0 e capacidade de at\u00e9 2.000 kg. A viga cantilever \u00e9 autoportante, sem tirantes. A rota\u00e7\u00e3o \u00e9 controlada por um motorredutor com inversor e caixa de engrenagens planet\u00e1rias. Cabos \u00e0 prova de fogo alimentam a talha por meio de carros deslizantes. Fornecido com botoeira pendente ou deslizante, ele pode ter chaves de limite para limitar a rota\u00e7\u00e3o. Saiba mais.","og_url":"https:\/\/www.omis.net\/pt-pt\/produto\/braco-giratorio-na-parede-e-lanca-cantilever-e-rotacao-eletrica\/","og_site_name":"Omis Spa","article_publisher":"https:\/\/www.facebook.com\/omisgroup","article_modified_time":"2025-02-03T18:00:15+00:00","og_image":[{"width":2560,"height":1440,"url":"https:\/\/media.omis.net\/media\/2024\/12\/profile-MTEjib-crane-mte-500kg-wide-connection-front-3d-omis-scaled.webp","type":"image\/webp"}],"twitter_card":"summary_large_image","twitter_misc":{"Est. reading time":"1 minute"},"schema":{"@context":"https:\/\/schema.org","@graph":[{"@type":"WebPage","@id":"https:\/\/www.omis.net\/pt-pt\/produto\/braco-giratorio-na-parede-e-lanca-cantilever-e-rotacao-eletrica\/","url":"https:\/\/www.omis.net\/pt-pt\/produto\/braco-giratorio-na-parede-e-lanca-cantilever-e-rotacao-eletrica\/","name":"Bra\u00e7o girat\u00f3rio com plataforma, rota\u00e7\u00e3o de 270\u00b0, capacidade 2000 kg | OMIS","isPartOf":{"@id":"https:\/\/www.omis.net\/it-it\/#website"},"primaryImageOfPage":{"@id":"https:\/\/www.omis.net\/pt-pt\/produto\/braco-giratorio-na-parede-e-lanca-cantilever-e-rotacao-eletrica\/#primaryimage"},"image":{"@id":"https:\/\/www.omis.net\/pt-pt\/produto\/braco-giratorio-na-parede-e-lanca-cantilever-e-rotacao-eletrica\/#primaryimage"},"thumbnailUrl":"https:\/\/media.omis.net\/media\/2024\/12\/profile-MTEjib-crane-mte-500kg-wide-connection-front-3d-omis-scaled.webp","datePublished":"2024-12-18T10:00:49+00:00","dateModified":"2025-02-03T18:00:15+00:00","description":"O bra\u00e7o girat\u00f3rio com plataforma com rota\u00e7\u00e3o el\u00e9trica de 270\u00b0 e capacidade de at\u00e9 2.000 kg. A viga cantilever \u00e9 autoportante, sem tirantes. A rota\u00e7\u00e3o \u00e9 controlada por um motorredutor com inversor e caixa de engrenagens planet\u00e1rias. Cabos \u00e0 prova de fogo alimentam a talha por meio de carros deslizantes. Fornecido com botoeira pendente ou deslizante, ele pode ter chaves de limite para limitar a rota\u00e7\u00e3o. Saiba mais.","breadcrumb":{"@id":"https:\/\/www.omis.net\/pt-pt\/produto\/braco-giratorio-na-parede-e-lanca-cantilever-e-rotacao-eletrica\/#breadcrumb"},"inLanguage":"pt-pt","potentialAction":[{"@type":"ReadAction","target":["https:\/\/www.omis.net\/pt-pt\/produto\/braco-giratorio-na-parede-e-lanca-cantilever-e-rotacao-eletrica\/"]}]},{"@type":"ImageObject","inLanguage":"pt-pt","@id":"https:\/\/www.omis.net\/pt-pt\/produto\/braco-giratorio-na-parede-e-lanca-cantilever-e-rotacao-eletrica\/#primaryimage","url":"https:\/\/media.omis.net\/media\/2024\/12\/profile-MTEjib-crane-mte-500kg-wide-connection-front-3d-omis-scaled.webp","contentUrl":"https:\/\/media.omis.net\/media\/2024\/12\/profile-MTEjib-crane-mte-500kg-wide-connection-front-3d-omis-scaled.webp","width":2560,"height":1440,"caption":"header - Profile mtejib crane mte 500kg wide connection front 3d Omis"},{"@type":"BreadcrumbList","@id":"https:\/\/www.omis.net\/pt-pt\/produto\/braco-giratorio-na-parede-e-lanca-cantilever-e-rotacao-eletrica\/#breadcrumb","itemListElement":[{"@type":"ListItem","position":1,"name":"Home","item":"https:\/\/www.omis.net\/pt-pt\/pagina-inicial\/"},{"@type":"ListItem","position":2,"name":"Bra\u00e7o girat\u00f3rio na parede e lan\u00e7a cantil\u00e9ver e rota\u00e7\u00e3o el\u00e9trica"}]},{"@type":"WebSite","@id":"https:\/\/www.omis.net\/it-it\/#website","url":"https:\/\/www.omis.net\/it-it\/","name":"Omis Spa","description":"Movimentazione e sollevamento","publisher":{"@id":"https:\/\/www.omis.net\/it-it\/#organization"},"potentialAction":[{"@type":"SearchAction","target":{"@type":"EntryPoint","urlTemplate":"https:\/\/www.omis.net\/it-it\/?s={search_term_string}"},"query-input":{"@type":"PropertyValueSpecification","valueRequired":true,"valueName":"search_term_string"}}],"inLanguage":"pt-pt"},{"@type":"Organization","@id":"https:\/\/www.omis.net\/it-it\/#organization","name":"Omis Spa","url":"https:\/\/www.omis.net\/it-it\/","logo":{"@type":"ImageObject","inLanguage":"pt-pt","@id":"https:\/\/www.omis.net\/it-it\/#\/schema\/logo\/image\/","url":"https:\/\/media.omis.net\/media\/2024\/08\/logo.jpg","contentUrl":"https:\/\/media.omis.net\/media\/2024\/08\/logo.jpg","width":300,"height":300,"caption":"Omis Spa"},"image":{"@id":"https:\/\/www.omis.net\/it-it\/#\/schema\/logo\/image\/"},"sameAs":["https:\/\/www.facebook.com\/omisgroup","https:\/\/www.linkedin.com\/company\/omis-group","https:\/\/www.youtube.com\/channel\/UCS4L59XDk3kKBI9MnjuxWDw","https:\/\/www.instagram.com\/omisgroup"]}]}},"_links":{"self":[{"href":"https:\/\/www.omis.net\/pt-pt\/wp-json\/wp\/v2\/product\/7428"}],"collection":[{"href":"https:\/\/www.omis.net\/pt-pt\/wp-json\/wp\/v2\/product"}],"about":[{"href":"https:\/\/www.omis.net\/pt-pt\/wp-json\/wp\/v2\/types\/product"}],"acf:attachment":[{"embeddable":true,"href":"https:\/\/www.omis.net\/pt-pt\/wp-json\/wp\/v2\/media\/"},{"embeddable":true,"href":"https:\/\/www.omis.net\/pt-pt\/wp-json\/wp\/v2\/media\/13265"},{"embeddable":true,"href":"https:\/\/www.omis.net\/pt-pt\/wp-json\/wp\/v2\/media\/13258"}],"wp:featuredmedia":[{"embeddable":true,"href":"https:\/\/www.omis.net\/pt-pt\/wp-json\/wp\/v2\/media\/13314"}],"wp:attachment":[{"href":"https:\/\/www.omis.net\/pt-pt\/wp-json\/wp\/v2\/media?parent=7428"}],"wp:term":[{"taxonomy":"caratteristica-prodotto","embeddable":true,"href":"https:\/\/www.omis.net\/pt-pt\/wp-json\/wp\/v2\/caratteristica-prodotto?post=7428"},{"taxonomy":"tipologia-prodotto","embeddable":true,"href":"https:\/\/www.omis.net\/pt-pt\/wp-json\/wp\/v2\/tipologia-prodotto?post=7428"}],"curies":[{"name":"wp","href":"https:\/\/api.w.org\/{rel}","templated":true}]}}