{"id":7427,"date":"2024-12-18T11:00:33","date_gmt":"2024-12-18T10:00:33","guid":{"rendered":"http:\/\/bedrock.local\/product\/m2te\/"},"modified":"2025-02-03T18:59:55","modified_gmt":"2025-02-03T17:59:55","slug":"braco-giratorio-na-parede-e-lanca-em-viga-com-tirantes-e-rotacao-eletrica","status":"publish","type":"product","link":"https:\/\/www.omis.net\/pt-pt\/produto\/braco-giratorio-na-parede-e-lanca-em-viga-com-tirantes-e-rotacao-eletrica\/","title":{"rendered":"Bra\u00e7o girat\u00f3rio na parede e lan\u00e7a em viga com tirantes e rota\u00e7\u00e3o el\u00e9trica"},"content":{"rendered":"","protected":false},"featured_media":13250,"parent":0,"template":"","caratteristica-prodotto":[1014],"tipologia-prodotto":[710,716,728],"class_list":["post-7427","product","type-product","status-publish","has-post-thumbnail","hentry","caratteristica-prodotto-rotacao-eletrica","tipologia-prodotto-guindastes-de-estacao-de-trabalho","tipologia-prodotto-braco-giratorio","tipologia-prodotto-na-parede"],"acf":{"import_csv_id":"29","prodotto_generale_sku":"M2TE","prodotto_listing_card_descrizione":"O guindaste de plataforma operado eletricamente que, gra\u00e7as ao uso de tirantes, lida facilmente com grandes raios de a\u00e7\u00e3o e cargas.","prodotto_listing_card_caratteristiche":null,"prodotto_page_gradient_hero":false,"prodotto_page_titolo_hero":"Desempenho superior para cargas e raios de a\u00e7\u00e3o elevados.","prodotto_page_gallery_hero":[13201],"prodotto_page_descrizione_3_colonne_posizione":false,"prodotto_page_descrizione_3_colonne":[{"valore":"2000","unita_di_misura":"kg","etichetta":"Capacidade m\u00e1xima"},{"valore":"8","unita_di_misura":"m","etichetta":"Raio de a\u00e7\u00e3o m\u00e1ximo"},{"valore":"270\u00b0","unita_di_misura":"","etichetta":"Rota\u00e7\u00e3o"}],"prodotto_page_descrizione_titolo":"Bra\u00e7o girat\u00f3rio com plataforma e com lan\u00e7a em viga com tirantes e rota\u00e7\u00e3o el\u00e9trica com capacidade de at\u00e9 2.000 kg","prodotto_page_descrizione_3_colonne_testo":"<strong>Os desafios relacionados a cargas pesadas ou impulsos consider\u00e1veis, ou a presen\u00e7a de obstru\u00e7\u00f5es no piso, podem ser enfrentados com efici\u00eancia usando o bra\u00e7o girat\u00f3rio com plataforma padr\u00e3o com lan\u00e7a de viga, equipado com tirantes e rota\u00e7\u00e3o el\u00e9trica. A lan\u00e7a de viga desse bra\u00e7o girat\u00f3rio \u00e9 equipada com hastes de suporte, garantindo um sistema eficiente e est\u00e1vel mesmo com cargas pesadas e grandes raios de a\u00e7\u00e3o.<\/strong>\r\n\r\nA rota\u00e7\u00e3o da lan\u00e7a \u00e9 controlada por um sistema de motor\/junta de engrenagens, conectado ao perno e regulado por um inversor; a caixa de engrenagens planet\u00e1ria \u00e9 ativada por um motor el\u00e9trico com freio autom\u00e1tico com partida suave. Cabos flex\u00edveis retardantes de chamas, suspensos em carros deslizantes sob a lan\u00e7a, formam a linha el\u00e9trica para alimentar o carro de eleva\u00e7\u00e3o. O bra\u00e7o girat\u00f3rio com plataforma, com rota\u00e7\u00e3o el\u00e9trica de 270\u00b0, \u00e9 fornecido completo com uma botoeira pendente da talha ou com deslizamento independente, conforme necess\u00e1rio.\r\nMediante solicita\u00e7\u00e3o, podem ser instaladas chaves de limite de rota\u00e7\u00e3o para delimitar a faixa de movimento da lan\u00e7a.","prodotto_page_descrizione_titolo_vantaggi":"Vantagens do bra\u00e7o girat\u00f3rio de plataforma padr\u00e3o com lan\u00e7a de viga com tirantes e rota\u00e7\u00e3o el\u00e9trica","prodotto_page_descrizione_vantaggi":[{"titolo":"N\u00e3o \u00e9 necess\u00e1rio espa\u00e7o no ch\u00e3o","testo":"","link":"","archivio_prodotti":null},{"titolo":"Capacidades e raios de a\u00e7\u00e3o maiores","testo":"","link":"","archivio_prodotti":null},{"titolo":"Versatilidade operacional","testo":"","link":"","archivio_prodotti":null},{"titolo":"Controle preciso","testo":"","link":"","archivio_prodotti":null},{"titolo":"Maior produtividade e seguran\u00e7a","testo":"","link":"","archivio_prodotti":null}],"prodotto_page_tabs_dati_tecnici":[{"etichetta":"Capacidade","valore":"de 125 kg a 2000 kg"},{"etichetta":"Raio de a\u00e7\u00e3o","valore":"At\u00e9 8 m, dependendo da capacidade"},{"etichetta":"Perfil de raio de a\u00e7\u00e3o","valore":"Perfil de viga T duplo com tirantes de suporte"},{"etichetta":"Rota\u00e7\u00e3o","valore":"270\u00b0 com parada de ajuste ajust\u00e1vel no local, dependendo das dimens\u00f5es arquitet\u00f4nicas"},{"etichetta":"Rota\u00e7\u00e3o","valore":"El\u00e9trica"},{"etichetta":"Velocidade perif\u00e9rica","valore":"~18 m\/min"},{"etichetta":"Plataforma","valore":"A suporte de apoio, os tirantes e as contra-suportes s\u00e3o constru\u00eddos de acordo com as dimens\u00f5es do pilar necess\u00e1rio."},{"etichetta":"Talha","valore":"Talha el\u00e9trica de corrente, para eleva\u00e7\u00e3o da carga, com uma ou duas velocidades de eleva\u00e7\u00e3o,com carro de deslocamento el\u00e9trico, de empurrar ou mec\u00e2nico."},{"etichetta":"Dispositivo de freio","valore":"Ele consiste em uma embreagem de parafuso ajust\u00e1vel que permite o ajuste do esfor\u00e7o de rota\u00e7\u00e3o da lan\u00e7a e garante um posicionamento est\u00e1vel."}],"prodotto_page_tabs_optionals":[{"titolo":"Pintura personalizada","testo":"A cor da tinta pode ser personalizada para atender a necessidades espec\u00edficas, requisitos de design ou de marca.","immagine":null}],"prodotto_page_tabs_downloads":null,"prodotto_page_gallery":[null],"prodotto_page_customer_story_titolo":"","prodotto_page_customer_story_list":null,"prodotto_page_applicazioni_list":"- Agricoltura e Alimentare\r\n- Manifatturiero\r\n- Energetico\r\n- Edile e delle costruzioni\r\n- Tecnologie dell'informazione e ICT\r\n- Trasporti e logistica\r\n- Commercio al dettaglio\r\n- Culturale e dell'intrattenimento\r\n- Ambientale e della sostenibilit\u00e0\r\n- Ricerca e sviluppo\r\n- Arti e Artigianato","prodotto_page_faq_list":null,"prodotto_page_testo_prodotti_correlati":"<h2>Produtos relacionados<\/h2>\r\nExplore tamb\u00e9m esses produtos e encontre outras solu\u00e7\u00f5es que sejam adequadas para voc\u00ea.","prodotto_page_lista_prodotti_correlati":"- CM\r\n- MTE\r\n- BILIF","prodotto_page_titolo_componenti_3d":"","prodotto_page_immagine_iniziale_componenti_3d":null,"prodotto_page_lista_componenti_3d":null,"prodotto_page_titolo_slider_configurazioni":"Produto e configura\u00e7\u00f5es","prodotto_page_lista_immgini_slider_configurazioni":[{"etichetta":"Acoplamento amplo","immagine":13222},{"etichetta":"Vista superior","immagine":13243},{"etichetta":"Perspectiva","immagine":13208},{"etichetta":"Lan\u00e7a dupla","immagine":13236},{"etichetta":"Acoplamento apertado","immagine":13215},{"etichetta":"Lan\u00e7a dupla","immagine":13229}],"prodotto_page_titolo_slider_configurazioni_2":"<h2><\/h2>","prodotto_page_lista_immgini_slider_configurazioni_2":null,"seo_title":"Bra\u00e7os girat\u00f3rios com plataforma e lan\u00e7a de viga com capacidade de 2000 kg | OMIS","seo_description":"O bra\u00e7o girat\u00f3rio com plataforma e lan\u00e7a de viga e tirantes suporta cargas pesadas e obst\u00e1culos no solo com estabilidade. A rota\u00e7\u00e3o el\u00e9trica de 270\u00b0 \u00e9 controlada por um motor de engrenagens com inversor e caixa de engrenagens planet\u00e1ria. Cabos flex\u00edveis retardantes de chamas alimentam a talha por meio de carros deslizantes. Ele \u00e9 fornecido com uma botoeira pendente ou deslizante e chaves de limite, mediante solicita\u00e7\u00e3o. Saiba mais."},"yoast_head":"<!-- This site is optimized with the Yoast SEO plugin v23.9 - https:\/\/yoast.com\/wordpress\/plugins\/seo\/ -->\n<title>Bra\u00e7os girat\u00f3rios com plataforma e lan\u00e7a de viga com capacidade de 2000 kg | OMIS<\/title>\n<meta name=\"description\" content=\"O bra\u00e7o girat\u00f3rio com plataforma e lan\u00e7a de viga e tirantes suporta cargas pesadas e obst\u00e1culos no solo com estabilidade. A rota\u00e7\u00e3o el\u00e9trica de 270\u00b0 \u00e9 controlada por um motor de engrenagens com inversor e caixa de engrenagens planet\u00e1ria. Cabos flex\u00edveis retardantes de chamas alimentam a talha por meio de carros deslizantes. Ele \u00e9 fornecido com uma botoeira pendente ou deslizante e chaves de limite, mediante solicita\u00e7\u00e3o. Saiba mais.\" \/>\n<meta name=\"robots\" content=\"index, follow, max-snippet:-1, max-image-preview:large, max-video-preview:-1\" \/>\n<meta property=\"og:locale\" content=\"pt_PT\" \/>\n<meta property=\"og:type\" content=\"article\" \/>\n<meta property=\"og:title\" content=\"Bra\u00e7os girat\u00f3rios com plataforma e lan\u00e7a de viga com capacidade de 2000 kg | OMIS\" \/>\n<meta property=\"og:description\" content=\"O bra\u00e7o girat\u00f3rio com plataforma e lan\u00e7a de viga e tirantes suporta cargas pesadas e obst\u00e1culos no solo com estabilidade. A rota\u00e7\u00e3o el\u00e9trica de 270\u00b0 \u00e9 controlada por um motor de engrenagens com inversor e caixa de engrenagens planet\u00e1ria. Cabos flex\u00edveis retardantes de chamas alimentam a talha por meio de carros deslizantes. Ele \u00e9 fornecido com uma botoeira pendente ou deslizante e chaves de limite, mediante solicita\u00e7\u00e3o. Saiba mais.\" \/>\n<meta property=\"og:url\" content=\"https:\/\/www.omis.net\/pt-pt\/produto\/braco-giratorio-na-parede-e-lanca-em-viga-com-tirantes-e-rotacao-eletrica\/\" \/>\n<meta property=\"og:site_name\" content=\"Omis Spa\" \/>\n<meta property=\"article:publisher\" content=\"https:\/\/www.facebook.com\/omisgroup\" \/>\n<meta property=\"article:modified_time\" content=\"2025-02-03T17:59:55+00:00\" \/>\n<meta property=\"og:image\" content=\"https:\/\/media.omis.net\/media\/2024\/12\/profile-m2te-jib-crane-m2te-500kg-wide-connection-front-omis-scaled.webp\" \/>\n\t<meta property=\"og:image:width\" content=\"2560\" \/>\n\t<meta property=\"og:image:height\" content=\"1440\" \/>\n\t<meta property=\"og:image:type\" content=\"image\/webp\" \/>\n<meta name=\"twitter:card\" content=\"summary_large_image\" \/>\n<meta name=\"twitter:label1\" content=\"Est. reading time\" \/>\n\t<meta name=\"twitter:data1\" content=\"1 minute\" \/>\n<script type=\"application\/ld+json\" class=\"yoast-schema-graph\">{\"@context\":\"https:\/\/schema.org\",\"@graph\":[{\"@type\":\"WebPage\",\"@id\":\"https:\/\/www.omis.net\/pt-pt\/produto\/braco-giratorio-na-parede-e-lanca-em-viga-com-tirantes-e-rotacao-eletrica\/\",\"url\":\"https:\/\/www.omis.net\/pt-pt\/produto\/braco-giratorio-na-parede-e-lanca-em-viga-com-tirantes-e-rotacao-eletrica\/\",\"name\":\"Bra\u00e7os girat\u00f3rios com plataforma e lan\u00e7a de viga com capacidade de 2000 kg | OMIS\",\"isPartOf\":{\"@id\":\"https:\/\/www.omis.net\/it-it\/#website\"},\"primaryImageOfPage\":{\"@id\":\"https:\/\/www.omis.net\/pt-pt\/produto\/braco-giratorio-na-parede-e-lanca-em-viga-com-tirantes-e-rotacao-eletrica\/#primaryimage\"},\"image\":{\"@id\":\"https:\/\/www.omis.net\/pt-pt\/produto\/braco-giratorio-na-parede-e-lanca-em-viga-com-tirantes-e-rotacao-eletrica\/#primaryimage\"},\"thumbnailUrl\":\"https:\/\/media.omis.net\/media\/2024\/12\/profile-m2te-jib-crane-m2te-500kg-wide-connection-front-omis-scaled.webp\",\"datePublished\":\"2024-12-18T10:00:33+00:00\",\"dateModified\":\"2025-02-03T17:59:55+00:00\",\"description\":\"O bra\u00e7o girat\u00f3rio com plataforma e lan\u00e7a de viga e tirantes suporta cargas pesadas e obst\u00e1culos no solo com estabilidade. A rota\u00e7\u00e3o el\u00e9trica de 270\u00b0 \u00e9 controlada por um motor de engrenagens com inversor e caixa de engrenagens planet\u00e1ria. Cabos flex\u00edveis retardantes de chamas alimentam a talha por meio de carros deslizantes. Ele \u00e9 fornecido com uma botoeira pendente ou deslizante e chaves de limite, mediante solicita\u00e7\u00e3o. Saiba mais.\",\"breadcrumb\":{\"@id\":\"https:\/\/www.omis.net\/pt-pt\/produto\/braco-giratorio-na-parede-e-lanca-em-viga-com-tirantes-e-rotacao-eletrica\/#breadcrumb\"},\"inLanguage\":\"pt-pt\",\"potentialAction\":[{\"@type\":\"ReadAction\",\"target\":[\"https:\/\/www.omis.net\/pt-pt\/produto\/braco-giratorio-na-parede-e-lanca-em-viga-com-tirantes-e-rotacao-eletrica\/\"]}]},{\"@type\":\"ImageObject\",\"inLanguage\":\"pt-pt\",\"@id\":\"https:\/\/www.omis.net\/pt-pt\/produto\/braco-giratorio-na-parede-e-lanca-em-viga-com-tirantes-e-rotacao-eletrica\/#primaryimage\",\"url\":\"https:\/\/media.omis.net\/media\/2024\/12\/profile-m2te-jib-crane-m2te-500kg-wide-connection-front-omis-scaled.webp\",\"contentUrl\":\"https:\/\/media.omis.net\/media\/2024\/12\/profile-m2te-jib-crane-m2te-500kg-wide-connection-front-omis-scaled.webp\",\"width\":2560,\"height\":1440,\"caption\":\"header - Profile m2te jib crane m2te 500kg wide connection front Omis\"},{\"@type\":\"BreadcrumbList\",\"@id\":\"https:\/\/www.omis.net\/pt-pt\/produto\/braco-giratorio-na-parede-e-lanca-em-viga-com-tirantes-e-rotacao-eletrica\/#breadcrumb\",\"itemListElement\":[{\"@type\":\"ListItem\",\"position\":1,\"name\":\"Home\",\"item\":\"https:\/\/www.omis.net\/pt-pt\/pagina-inicial\/\"},{\"@type\":\"ListItem\",\"position\":2,\"name\":\"Bra\u00e7o girat\u00f3rio na parede e lan\u00e7a em viga com tirantes e rota\u00e7\u00e3o el\u00e9trica\"}]},{\"@type\":\"WebSite\",\"@id\":\"https:\/\/www.omis.net\/it-it\/#website\",\"url\":\"https:\/\/www.omis.net\/it-it\/\",\"name\":\"Omis Spa\",\"description\":\"Movimentazione e sollevamento\",\"publisher\":{\"@id\":\"https:\/\/www.omis.net\/it-it\/#organization\"},\"potentialAction\":[{\"@type\":\"SearchAction\",\"target\":{\"@type\":\"EntryPoint\",\"urlTemplate\":\"https:\/\/www.omis.net\/it-it\/?s={search_term_string}\"},\"query-input\":{\"@type\":\"PropertyValueSpecification\",\"valueRequired\":true,\"valueName\":\"search_term_string\"}}],\"inLanguage\":\"pt-pt\"},{\"@type\":\"Organization\",\"@id\":\"https:\/\/www.omis.net\/it-it\/#organization\",\"name\":\"Omis Spa\",\"url\":\"https:\/\/www.omis.net\/it-it\/\",\"logo\":{\"@type\":\"ImageObject\",\"inLanguage\":\"pt-pt\",\"@id\":\"https:\/\/www.omis.net\/it-it\/#\/schema\/logo\/image\/\",\"url\":\"https:\/\/media.omis.net\/media\/2024\/08\/logo.jpg\",\"contentUrl\":\"https:\/\/media.omis.net\/media\/2024\/08\/logo.jpg\",\"width\":300,\"height\":300,\"caption\":\"Omis Spa\"},\"image\":{\"@id\":\"https:\/\/www.omis.net\/it-it\/#\/schema\/logo\/image\/\"},\"sameAs\":[\"https:\/\/www.facebook.com\/omisgroup\",\"https:\/\/www.linkedin.com\/company\/omis-group\",\"https:\/\/www.youtube.com\/channel\/UCS4L59XDk3kKBI9MnjuxWDw\",\"https:\/\/www.instagram.com\/omisgroup\"]}]}<\/script>\n<!-- \/ Yoast SEO plugin. -->","yoast_head_json":{"title":"Bra\u00e7os girat\u00f3rios com plataforma e lan\u00e7a de viga com capacidade de 2000 kg | OMIS","description":"O bra\u00e7o girat\u00f3rio com plataforma e lan\u00e7a de viga e tirantes suporta cargas pesadas e obst\u00e1culos no solo com estabilidade. A rota\u00e7\u00e3o el\u00e9trica de 270\u00b0 \u00e9 controlada por um motor de engrenagens com inversor e caixa de engrenagens planet\u00e1ria. Cabos flex\u00edveis retardantes de chamas alimentam a talha por meio de carros deslizantes. Ele \u00e9 fornecido com uma botoeira pendente ou deslizante e chaves de limite, mediante solicita\u00e7\u00e3o. Saiba mais.","robots":{"index":"index","follow":"follow","max-snippet":"max-snippet:-1","max-image-preview":"max-image-preview:large","max-video-preview":"max-video-preview:-1"},"og_locale":"pt_PT","og_type":"article","og_title":"Bra\u00e7os girat\u00f3rios com plataforma e lan\u00e7a de viga com capacidade de 2000 kg | OMIS","og_description":"O bra\u00e7o girat\u00f3rio com plataforma e lan\u00e7a de viga e tirantes suporta cargas pesadas e obst\u00e1culos no solo com estabilidade. A rota\u00e7\u00e3o el\u00e9trica de 270\u00b0 \u00e9 controlada por um motor de engrenagens com inversor e caixa de engrenagens planet\u00e1ria. Cabos flex\u00edveis retardantes de chamas alimentam a talha por meio de carros deslizantes. Ele \u00e9 fornecido com uma botoeira pendente ou deslizante e chaves de limite, mediante solicita\u00e7\u00e3o. Saiba mais.","og_url":"https:\/\/www.omis.net\/pt-pt\/produto\/braco-giratorio-na-parede-e-lanca-em-viga-com-tirantes-e-rotacao-eletrica\/","og_site_name":"Omis Spa","article_publisher":"https:\/\/www.facebook.com\/omisgroup","article_modified_time":"2025-02-03T17:59:55+00:00","og_image":[{"width":2560,"height":1440,"url":"https:\/\/media.omis.net\/media\/2024\/12\/profile-m2te-jib-crane-m2te-500kg-wide-connection-front-omis-scaled.webp","type":"image\/webp"}],"twitter_card":"summary_large_image","twitter_misc":{"Est. reading time":"1 minute"},"schema":{"@context":"https:\/\/schema.org","@graph":[{"@type":"WebPage","@id":"https:\/\/www.omis.net\/pt-pt\/produto\/braco-giratorio-na-parede-e-lanca-em-viga-com-tirantes-e-rotacao-eletrica\/","url":"https:\/\/www.omis.net\/pt-pt\/produto\/braco-giratorio-na-parede-e-lanca-em-viga-com-tirantes-e-rotacao-eletrica\/","name":"Bra\u00e7os girat\u00f3rios com plataforma e lan\u00e7a de viga com capacidade de 2000 kg | OMIS","isPartOf":{"@id":"https:\/\/www.omis.net\/it-it\/#website"},"primaryImageOfPage":{"@id":"https:\/\/www.omis.net\/pt-pt\/produto\/braco-giratorio-na-parede-e-lanca-em-viga-com-tirantes-e-rotacao-eletrica\/#primaryimage"},"image":{"@id":"https:\/\/www.omis.net\/pt-pt\/produto\/braco-giratorio-na-parede-e-lanca-em-viga-com-tirantes-e-rotacao-eletrica\/#primaryimage"},"thumbnailUrl":"https:\/\/media.omis.net\/media\/2024\/12\/profile-m2te-jib-crane-m2te-500kg-wide-connection-front-omis-scaled.webp","datePublished":"2024-12-18T10:00:33+00:00","dateModified":"2025-02-03T17:59:55+00:00","description":"O bra\u00e7o girat\u00f3rio com plataforma e lan\u00e7a de viga e tirantes suporta cargas pesadas e obst\u00e1culos no solo com estabilidade. A rota\u00e7\u00e3o el\u00e9trica de 270\u00b0 \u00e9 controlada por um motor de engrenagens com inversor e caixa de engrenagens planet\u00e1ria. Cabos flex\u00edveis retardantes de chamas alimentam a talha por meio de carros deslizantes. Ele \u00e9 fornecido com uma botoeira pendente ou deslizante e chaves de limite, mediante solicita\u00e7\u00e3o. Saiba mais.","breadcrumb":{"@id":"https:\/\/www.omis.net\/pt-pt\/produto\/braco-giratorio-na-parede-e-lanca-em-viga-com-tirantes-e-rotacao-eletrica\/#breadcrumb"},"inLanguage":"pt-pt","potentialAction":[{"@type":"ReadAction","target":["https:\/\/www.omis.net\/pt-pt\/produto\/braco-giratorio-na-parede-e-lanca-em-viga-com-tirantes-e-rotacao-eletrica\/"]}]},{"@type":"ImageObject","inLanguage":"pt-pt","@id":"https:\/\/www.omis.net\/pt-pt\/produto\/braco-giratorio-na-parede-e-lanca-em-viga-com-tirantes-e-rotacao-eletrica\/#primaryimage","url":"https:\/\/media.omis.net\/media\/2024\/12\/profile-m2te-jib-crane-m2te-500kg-wide-connection-front-omis-scaled.webp","contentUrl":"https:\/\/media.omis.net\/media\/2024\/12\/profile-m2te-jib-crane-m2te-500kg-wide-connection-front-omis-scaled.webp","width":2560,"height":1440,"caption":"header - Profile m2te jib crane m2te 500kg wide connection front Omis"},{"@type":"BreadcrumbList","@id":"https:\/\/www.omis.net\/pt-pt\/produto\/braco-giratorio-na-parede-e-lanca-em-viga-com-tirantes-e-rotacao-eletrica\/#breadcrumb","itemListElement":[{"@type":"ListItem","position":1,"name":"Home","item":"https:\/\/www.omis.net\/pt-pt\/pagina-inicial\/"},{"@type":"ListItem","position":2,"name":"Bra\u00e7o girat\u00f3rio na parede e lan\u00e7a em viga com tirantes e rota\u00e7\u00e3o el\u00e9trica"}]},{"@type":"WebSite","@id":"https:\/\/www.omis.net\/it-it\/#website","url":"https:\/\/www.omis.net\/it-it\/","name":"Omis Spa","description":"Movimentazione e sollevamento","publisher":{"@id":"https:\/\/www.omis.net\/it-it\/#organization"},"potentialAction":[{"@type":"SearchAction","target":{"@type":"EntryPoint","urlTemplate":"https:\/\/www.omis.net\/it-it\/?s={search_term_string}"},"query-input":{"@type":"PropertyValueSpecification","valueRequired":true,"valueName":"search_term_string"}}],"inLanguage":"pt-pt"},{"@type":"Organization","@id":"https:\/\/www.omis.net\/it-it\/#organization","name":"Omis Spa","url":"https:\/\/www.omis.net\/it-it\/","logo":{"@type":"ImageObject","inLanguage":"pt-pt","@id":"https:\/\/www.omis.net\/it-it\/#\/schema\/logo\/image\/","url":"https:\/\/media.omis.net\/media\/2024\/08\/logo.jpg","contentUrl":"https:\/\/media.omis.net\/media\/2024\/08\/logo.jpg","width":300,"height":300,"caption":"Omis Spa"},"image":{"@id":"https:\/\/www.omis.net\/it-it\/#\/schema\/logo\/image\/"},"sameAs":["https:\/\/www.facebook.com\/omisgroup","https:\/\/www.linkedin.com\/company\/omis-group","https:\/\/www.youtube.com\/channel\/UCS4L59XDk3kKBI9MnjuxWDw","https:\/\/www.instagram.com\/omisgroup"]}]}},"_links":{"self":[{"href":"https:\/\/www.omis.net\/pt-pt\/wp-json\/wp\/v2\/product\/7427"}],"collection":[{"href":"https:\/\/www.omis.net\/pt-pt\/wp-json\/wp\/v2\/product"}],"about":[{"href":"https:\/\/www.omis.net\/pt-pt\/wp-json\/wp\/v2\/types\/product"}],"acf:attachment":[{"embeddable":true,"href":"https:\/\/www.omis.net\/pt-pt\/wp-json\/wp\/v2\/media\/"},{"embeddable":true,"href":"https:\/\/www.omis.net\/pt-pt\/wp-json\/wp\/v2\/media\/13201"}],"wp:featuredmedia":[{"embeddable":true,"href":"https:\/\/www.omis.net\/pt-pt\/wp-json\/wp\/v2\/media\/13250"}],"wp:attachment":[{"href":"https:\/\/www.omis.net\/pt-pt\/wp-json\/wp\/v2\/media?parent=7427"}],"wp:term":[{"taxonomy":"caratteristica-prodotto","embeddable":true,"href":"https:\/\/www.omis.net\/pt-pt\/wp-json\/wp\/v2\/caratteristica-prodotto?post=7427"},{"taxonomy":"tipologia-prodotto","embeddable":true,"href":"https:\/\/www.omis.net\/pt-pt\/wp-json\/wp\/v2\/tipologia-prodotto?post=7427"}],"curies":[{"name":"wp","href":"https:\/\/api.w.org\/{rel}","templated":true}]}}