{"id":7425,"date":"2024-12-18T10:59:54","date_gmt":"2024-12-18T09:59:54","guid":{"rendered":"http:\/\/bedrock.local\/product\/m2t\/"},"modified":"2025-02-03T15:58:43","modified_gmt":"2025-02-03T14:58:43","slug":"braco-giratorio-na-parede-e-com-lanca-em-viga-com-tirantes","status":"publish","type":"product","link":"https:\/\/www.omis.net\/pt-pt\/produto\/braco-giratorio-na-parede-e-com-lanca-em-viga-com-tirantes\/","title":{"rendered":"Bra\u00e7o girat\u00f3rio na parede e com lan\u00e7a em viga com tirantes"},"content":{"rendered":"","protected":false},"featured_media":13443,"parent":0,"template":"","caratteristica-prodotto":[1013],"tipologia-prodotto":[710,716,728],"class_list":["post-7425","product","type-product","status-publish","has-post-thumbnail","hentry","caratteristica-prodotto-rotacao-manual","tipologia-prodotto-guindastes-de-estacao-de-trabalho","tipologia-prodotto-braco-giratorio","tipologia-prodotto-na-parede"],"acf":{"import_csv_id":"27","prodotto_generale_sku":"M2T","prodotto_listing_card_descrizione":"O bra\u00e7o girat\u00f3rio com plataforma e com lan\u00e7a em viga, com uma ou duas lan\u00e7as, garante f\u00e1cil giro e estabilidade do carro, mesmo com raios de a\u00e7\u00e3o e capacidades elevados.","prodotto_listing_card_caratteristiche":null,"prodotto_page_gradient_hero":false,"prodotto_page_titolo_hero":"\u00c1gil e potente em espa\u00e7os confinados.","prodotto_page_gallery_hero":[13386,13393],"prodotto_page_descrizione_3_colonne_posizione":false,"prodotto_page_descrizione_3_colonne":[{"valore":"2000","unita_di_misura":"kg","etichetta":"Capacidade m\u00e1xima"},{"valore":"8","unita_di_misura":"m","etichetta":"Raio de a\u00e7\u00e3o m\u00e1ximo"},{"valore":"270\u00b0","unita_di_misura":"","etichetta":"Rota\u00e7\u00e3o"}],"prodotto_page_descrizione_titolo":"Bra\u00e7o girat\u00f3rio com plataforma e com lan\u00e7a em viga com tirantes com capacidade de carga de at\u00e9 2.000 kg","prodotto_page_descrizione_3_colonne_testo":"<strong>Os bra\u00e7os girat\u00f3rios com plataforma OMIS com com lan\u00e7a cantil\u00e9ver oferecem manuseio vers\u00e1til e maior estabilidade do carro, mesmo com cargas e lan\u00e7as consider\u00e1veis. A unidade de rota\u00e7\u00e3o \u00e9 sempre montada em rolamentos de alta qualidade. O guindaste de plataforma est\u00e1 dispon\u00edvel com empurrador manual, carro mec\u00e2nico ou el\u00e9trico, e vem completo com linha de alimenta\u00e7\u00e3o.<\/strong>\r\n\r\nNo caso de requisitos operacionais espec\u00edficos do cliente, os bra\u00e7os girat\u00f3rios podem ser instalados em posi\u00e7\u00f5es opostas entre si ou podem ser projetados com dimens\u00f5es maiores.\r\nEsse tipo de bra\u00e7o girat\u00f3rio \u00e9 a solu\u00e7\u00e3o mais pr\u00e1tica e econ\u00f4mica para garantir a autonomia operacional em uma \u00e1rea de trabalho que, de outra forma, exigiria o uso de pontes rolantes, empilhadeiras ou outros equipamentos de eleva\u00e7\u00e3o.\r\nEle tamb\u00e9m resolve com efic\u00e1cia o problema de manuseio de cargas em espa\u00e7os confinados, onde outros equipamentos de eleva\u00e7\u00e3o n\u00e3o seriam adequados.","prodotto_page_descrizione_titolo_vantaggi":"Vantagens do bra\u00e7o girat\u00f3rio com plataforma e com lan\u00e7a de viga com tirantes","prodotto_page_descrizione_vantaggi":[{"titolo":"N\u00e3o \u00e9 necess\u00e1rio espa\u00e7o no ch\u00e3o","testo":"","link":"","archivio_prodotti":null},{"titolo":"F\u00e1cil oscila\u00e7\u00e3o","testo":"","link":"","archivio_prodotti":null},{"titolo":"Versatilidade operacional","testo":"","link":"","archivio_prodotti":null},{"titolo":"F\u00e1cil de operar","testo":"","link":"","archivio_prodotti":null},{"titolo":"\u00c1rea ocupada limitada","testo":"","link":"","archivio_prodotti":null},{"titolo":"Maior produtividade e seguran\u00e7a","testo":"","link":"","archivio_prodotti":null}],"prodotto_page_tabs_dati_tecnici":[{"etichetta":"Capacidade","valore":"de 125 kg a 2000 kg"},{"etichetta":"Raio de a\u00e7\u00e3o","valore":"At\u00e9 8 m, dependendo da capacidade"},{"etichetta":"Perfil de raio de a\u00e7\u00e3o","valore":"Perfil de viga T duplo com tirantes de suporte"},{"etichetta":"Rota\u00e7\u00e3o","valore":"270\u00b0 com parada de ajuste ajust\u00e1vel no local, dependendo das dimens\u00f5es arquitet\u00f4nicas"},{"etichetta":"Rota\u00e7\u00e3o","valore":"Manual"},{"etichetta":"Plataforma","valore":"A suporte de apoio, os tirantes e as contra-suportes s\u00e3o constru\u00eddos de acordo com as dimens\u00f5es do pilar necess\u00e1rio."},{"etichetta":"Talha","valore":"Talha el\u00e9trica de corrente, para eleva\u00e7\u00e3o da carga, com uma ou duas velocidades de eleva\u00e7\u00e3o,com carro de deslocamento el\u00e9trico, de empurrar ou mec\u00e2nico."},{"etichetta":"Dispositivo de freio","valore":"Ele consiste em uma embreagem de parafuso ajust\u00e1vel que permite o ajuste do esfor\u00e7o de rota\u00e7\u00e3o da lan\u00e7a e garante um posicionamento est\u00e1vel."}],"prodotto_page_tabs_optionals":[{"titolo":"Pintura personalizada","testo":"A cor da tinta pode ser personalizada para atender a necessidades espec\u00edficas, requisitos de design ou de marca.","immagine":null}],"prodotto_page_tabs_downloads":null,"prodotto_page_gallery":[null],"prodotto_page_customer_story_titolo":"","prodotto_page_customer_story_list":null,"prodotto_page_applicazioni_list":"- Agricoltura e Alimentare\r\n- Manifatturiero\r\n- Energetico\r\n- Edile e delle costruzioni\r\n- Tecnologie dell'informazione e ICT\r\n- Trasporti e logistica\r\n- Commercio al dettaglio\r\n- Culturale e dell'intrattenimento\r\n- Ambientale e della sostenibilit\u00e0\r\n- Ricerca e sviluppo\r\n- Arti e Artigianato","prodotto_page_faq_list":null,"prodotto_page_testo_prodotti_correlati":"<h2>Produtos relacionados<\/h2>\r\nExplore tamb\u00e9m esses produtos e encontre outras solu\u00e7\u00f5es que sejam adequadas para voc\u00ea.","prodotto_page_lista_prodotti_correlati":"- M\r\n- MT\r\n- MS","prodotto_page_titolo_componenti_3d":"","prodotto_page_immagine_iniziale_componenti_3d":null,"prodotto_page_lista_componenti_3d":null,"prodotto_page_titolo_slider_configurazioni":"Produto e configura\u00e7\u00f5es","prodotto_page_lista_immgini_slider_configurazioni":[{"etichetta":"Acoplamento amplo","immagine":13407},{"etichetta":"Vista superior","immagine":13422},{"etichetta":"Perspectiva","immagine":13414},{"etichetta":"Lan\u00e7a dupla","immagine":13436},{"etichetta":"Acoplamento apertado","immagine":13400},{"etichetta":"Lan\u00e7a dupla","immagine":13429}],"prodotto_page_titolo_slider_configurazioni_2":"<h2><\/h2>","prodotto_page_lista_immgini_slider_configurazioni_2":null,"seo_title":"Os bra\u00e7os girat\u00f3rios com plataforma e com lan\u00e7a cantil\u00e9ver com capacidade 2000 kg | OMIS","seo_description":"Os bra\u00e7os girat\u00f3rios com plataforma OMIS com lan\u00e7a cantil\u00e9ver e tirantes oferecem versatilidade e estabilidade para cargas pesadas. Conjunto girat\u00f3rio sobre rolamentos de alta qualidade. Dispon\u00edveis com carro manual, mec\u00e2nico ou el\u00e9trico, eles incluem uma linha de alimenta\u00e7\u00e3o. Para exig\u00eancias espec\u00edficas, eles podem ser instalados de forma oposta ou projetados de forma personalizada. Saiba mais."},"yoast_head":"<!-- This site is optimized with the Yoast SEO plugin v23.9 - https:\/\/yoast.com\/wordpress\/plugins\/seo\/ -->\n<title>Os bra\u00e7os girat\u00f3rios com plataforma e com lan\u00e7a cantil\u00e9ver com capacidade 2000 kg | OMIS<\/title>\n<meta name=\"description\" content=\"Os bra\u00e7os girat\u00f3rios com plataforma OMIS com lan\u00e7a cantil\u00e9ver e tirantes oferecem versatilidade e estabilidade para cargas pesadas. Conjunto girat\u00f3rio sobre rolamentos de alta qualidade. Dispon\u00edveis com carro manual, mec\u00e2nico ou el\u00e9trico, eles incluem uma linha de alimenta\u00e7\u00e3o. Para exig\u00eancias espec\u00edficas, eles podem ser instalados de forma oposta ou projetados de forma personalizada. Saiba mais.\" \/>\n<meta name=\"robots\" content=\"index, follow, max-snippet:-1, max-image-preview:large, max-video-preview:-1\" \/>\n<meta property=\"og:locale\" content=\"pt_PT\" \/>\n<meta property=\"og:type\" content=\"article\" \/>\n<meta property=\"og:title\" content=\"Os bra\u00e7os girat\u00f3rios com plataforma e com lan\u00e7a cantil\u00e9ver com capacidade 2000 kg | OMIS\" \/>\n<meta property=\"og:description\" content=\"Os bra\u00e7os girat\u00f3rios com plataforma OMIS com lan\u00e7a cantil\u00e9ver e tirantes oferecem versatilidade e estabilidade para cargas pesadas. Conjunto girat\u00f3rio sobre rolamentos de alta qualidade. Dispon\u00edveis com carro manual, mec\u00e2nico ou el\u00e9trico, eles incluem uma linha de alimenta\u00e7\u00e3o. Para exig\u00eancias espec\u00edficas, eles podem ser instalados de forma oposta ou projetados de forma personalizada. Saiba mais.\" \/>\n<meta property=\"og:url\" content=\"https:\/\/www.omis.net\/pt-pt\/produto\/braco-giratorio-na-parede-e-com-lanca-em-viga-com-tirantes\/\" \/>\n<meta property=\"og:site_name\" content=\"Omis Spa\" \/>\n<meta property=\"article:publisher\" content=\"https:\/\/www.facebook.com\/omisgroup\" \/>\n<meta property=\"article:modified_time\" content=\"2025-02-03T14:58:43+00:00\" \/>\n<meta property=\"og:image\" content=\"https:\/\/media.omis.net\/media\/2024\/12\/profile-m2tjib-crane-m2t-250kg-wide-connection-front-3d-omis-scaled.webp\" \/>\n\t<meta property=\"og:image:width\" content=\"2560\" \/>\n\t<meta property=\"og:image:height\" content=\"1440\" \/>\n\t<meta property=\"og:image:type\" content=\"image\/webp\" \/>\n<meta name=\"twitter:card\" content=\"summary_large_image\" \/>\n<meta name=\"twitter:label1\" content=\"Est. reading time\" \/>\n\t<meta name=\"twitter:data1\" content=\"1 minute\" \/>\n<script type=\"application\/ld+json\" class=\"yoast-schema-graph\">{\"@context\":\"https:\/\/schema.org\",\"@graph\":[{\"@type\":\"WebPage\",\"@id\":\"https:\/\/www.omis.net\/pt-pt\/produto\/braco-giratorio-na-parede-e-com-lanca-em-viga-com-tirantes\/\",\"url\":\"https:\/\/www.omis.net\/pt-pt\/produto\/braco-giratorio-na-parede-e-com-lanca-em-viga-com-tirantes\/\",\"name\":\"Os bra\u00e7os girat\u00f3rios com plataforma e com lan\u00e7a cantil\u00e9ver com capacidade 2000 kg | OMIS\",\"isPartOf\":{\"@id\":\"https:\/\/www.omis.net\/it-it\/#website\"},\"primaryImageOfPage\":{\"@id\":\"https:\/\/www.omis.net\/pt-pt\/produto\/braco-giratorio-na-parede-e-com-lanca-em-viga-com-tirantes\/#primaryimage\"},\"image\":{\"@id\":\"https:\/\/www.omis.net\/pt-pt\/produto\/braco-giratorio-na-parede-e-com-lanca-em-viga-com-tirantes\/#primaryimage\"},\"thumbnailUrl\":\"https:\/\/media.omis.net\/media\/2024\/12\/profile-m2tjib-crane-m2t-250kg-wide-connection-front-3d-omis-scaled.webp\",\"datePublished\":\"2024-12-18T09:59:54+00:00\",\"dateModified\":\"2025-02-03T14:58:43+00:00\",\"description\":\"Os bra\u00e7os girat\u00f3rios com plataforma OMIS com lan\u00e7a cantil\u00e9ver e tirantes oferecem versatilidade e estabilidade para cargas pesadas. Conjunto girat\u00f3rio sobre rolamentos de alta qualidade. Dispon\u00edveis com carro manual, mec\u00e2nico ou el\u00e9trico, eles incluem uma linha de alimenta\u00e7\u00e3o. Para exig\u00eancias espec\u00edficas, eles podem ser instalados de forma oposta ou projetados de forma personalizada. Saiba mais.\",\"breadcrumb\":{\"@id\":\"https:\/\/www.omis.net\/pt-pt\/produto\/braco-giratorio-na-parede-e-com-lanca-em-viga-com-tirantes\/#breadcrumb\"},\"inLanguage\":\"pt-pt\",\"potentialAction\":[{\"@type\":\"ReadAction\",\"target\":[\"https:\/\/www.omis.net\/pt-pt\/produto\/braco-giratorio-na-parede-e-com-lanca-em-viga-com-tirantes\/\"]}]},{\"@type\":\"ImageObject\",\"inLanguage\":\"pt-pt\",\"@id\":\"https:\/\/www.omis.net\/pt-pt\/produto\/braco-giratorio-na-parede-e-com-lanca-em-viga-com-tirantes\/#primaryimage\",\"url\":\"https:\/\/media.omis.net\/media\/2024\/12\/profile-m2tjib-crane-m2t-250kg-wide-connection-front-3d-omis-scaled.webp\",\"contentUrl\":\"https:\/\/media.omis.net\/media\/2024\/12\/profile-m2tjib-crane-m2t-250kg-wide-connection-front-3d-omis-scaled.webp\",\"width\":2560,\"height\":1440,\"caption\":\"header - Profile m2tjib crane m2t 250kg wide connection front 3d Omis\"},{\"@type\":\"BreadcrumbList\",\"@id\":\"https:\/\/www.omis.net\/pt-pt\/produto\/braco-giratorio-na-parede-e-com-lanca-em-viga-com-tirantes\/#breadcrumb\",\"itemListElement\":[{\"@type\":\"ListItem\",\"position\":1,\"name\":\"Home\",\"item\":\"https:\/\/www.omis.net\/pt-pt\/pagina-inicial\/\"},{\"@type\":\"ListItem\",\"position\":2,\"name\":\"Bra\u00e7o girat\u00f3rio na parede e com lan\u00e7a em viga com tirantes\"}]},{\"@type\":\"WebSite\",\"@id\":\"https:\/\/www.omis.net\/it-it\/#website\",\"url\":\"https:\/\/www.omis.net\/it-it\/\",\"name\":\"Omis Spa\",\"description\":\"Movimentazione e sollevamento\",\"publisher\":{\"@id\":\"https:\/\/www.omis.net\/it-it\/#organization\"},\"potentialAction\":[{\"@type\":\"SearchAction\",\"target\":{\"@type\":\"EntryPoint\",\"urlTemplate\":\"https:\/\/www.omis.net\/it-it\/?s={search_term_string}\"},\"query-input\":{\"@type\":\"PropertyValueSpecification\",\"valueRequired\":true,\"valueName\":\"search_term_string\"}}],\"inLanguage\":\"pt-pt\"},{\"@type\":\"Organization\",\"@id\":\"https:\/\/www.omis.net\/it-it\/#organization\",\"name\":\"Omis Spa\",\"url\":\"https:\/\/www.omis.net\/it-it\/\",\"logo\":{\"@type\":\"ImageObject\",\"inLanguage\":\"pt-pt\",\"@id\":\"https:\/\/www.omis.net\/it-it\/#\/schema\/logo\/image\/\",\"url\":\"https:\/\/media.omis.net\/media\/2024\/08\/logo.jpg\",\"contentUrl\":\"https:\/\/media.omis.net\/media\/2024\/08\/logo.jpg\",\"width\":300,\"height\":300,\"caption\":\"Omis Spa\"},\"image\":{\"@id\":\"https:\/\/www.omis.net\/it-it\/#\/schema\/logo\/image\/\"},\"sameAs\":[\"https:\/\/www.facebook.com\/omisgroup\",\"https:\/\/www.linkedin.com\/company\/omis-group\",\"https:\/\/www.youtube.com\/channel\/UCS4L59XDk3kKBI9MnjuxWDw\",\"https:\/\/www.instagram.com\/omisgroup\"]}]}<\/script>\n<!-- \/ Yoast SEO plugin. -->","yoast_head_json":{"title":"Os bra\u00e7os girat\u00f3rios com plataforma e com lan\u00e7a cantil\u00e9ver com capacidade 2000 kg | OMIS","description":"Os bra\u00e7os girat\u00f3rios com plataforma OMIS com lan\u00e7a cantil\u00e9ver e tirantes oferecem versatilidade e estabilidade para cargas pesadas. Conjunto girat\u00f3rio sobre rolamentos de alta qualidade. Dispon\u00edveis com carro manual, mec\u00e2nico ou el\u00e9trico, eles incluem uma linha de alimenta\u00e7\u00e3o. Para exig\u00eancias espec\u00edficas, eles podem ser instalados de forma oposta ou projetados de forma personalizada. Saiba mais.","robots":{"index":"index","follow":"follow","max-snippet":"max-snippet:-1","max-image-preview":"max-image-preview:large","max-video-preview":"max-video-preview:-1"},"og_locale":"pt_PT","og_type":"article","og_title":"Os bra\u00e7os girat\u00f3rios com plataforma e com lan\u00e7a cantil\u00e9ver com capacidade 2000 kg | OMIS","og_description":"Os bra\u00e7os girat\u00f3rios com plataforma OMIS com lan\u00e7a cantil\u00e9ver e tirantes oferecem versatilidade e estabilidade para cargas pesadas. Conjunto girat\u00f3rio sobre rolamentos de alta qualidade. Dispon\u00edveis com carro manual, mec\u00e2nico ou el\u00e9trico, eles incluem uma linha de alimenta\u00e7\u00e3o. Para exig\u00eancias espec\u00edficas, eles podem ser instalados de forma oposta ou projetados de forma personalizada. Saiba mais.","og_url":"https:\/\/www.omis.net\/pt-pt\/produto\/braco-giratorio-na-parede-e-com-lanca-em-viga-com-tirantes\/","og_site_name":"Omis Spa","article_publisher":"https:\/\/www.facebook.com\/omisgroup","article_modified_time":"2025-02-03T14:58:43+00:00","og_image":[{"width":2560,"height":1440,"url":"https:\/\/media.omis.net\/media\/2024\/12\/profile-m2tjib-crane-m2t-250kg-wide-connection-front-3d-omis-scaled.webp","type":"image\/webp"}],"twitter_card":"summary_large_image","twitter_misc":{"Est. reading time":"1 minute"},"schema":{"@context":"https:\/\/schema.org","@graph":[{"@type":"WebPage","@id":"https:\/\/www.omis.net\/pt-pt\/produto\/braco-giratorio-na-parede-e-com-lanca-em-viga-com-tirantes\/","url":"https:\/\/www.omis.net\/pt-pt\/produto\/braco-giratorio-na-parede-e-com-lanca-em-viga-com-tirantes\/","name":"Os bra\u00e7os girat\u00f3rios com plataforma e com lan\u00e7a cantil\u00e9ver com capacidade 2000 kg | OMIS","isPartOf":{"@id":"https:\/\/www.omis.net\/it-it\/#website"},"primaryImageOfPage":{"@id":"https:\/\/www.omis.net\/pt-pt\/produto\/braco-giratorio-na-parede-e-com-lanca-em-viga-com-tirantes\/#primaryimage"},"image":{"@id":"https:\/\/www.omis.net\/pt-pt\/produto\/braco-giratorio-na-parede-e-com-lanca-em-viga-com-tirantes\/#primaryimage"},"thumbnailUrl":"https:\/\/media.omis.net\/media\/2024\/12\/profile-m2tjib-crane-m2t-250kg-wide-connection-front-3d-omis-scaled.webp","datePublished":"2024-12-18T09:59:54+00:00","dateModified":"2025-02-03T14:58:43+00:00","description":"Os bra\u00e7os girat\u00f3rios com plataforma OMIS com lan\u00e7a cantil\u00e9ver e tirantes oferecem versatilidade e estabilidade para cargas pesadas. Conjunto girat\u00f3rio sobre rolamentos de alta qualidade. Dispon\u00edveis com carro manual, mec\u00e2nico ou el\u00e9trico, eles incluem uma linha de alimenta\u00e7\u00e3o. Para exig\u00eancias espec\u00edficas, eles podem ser instalados de forma oposta ou projetados de forma personalizada. Saiba mais.","breadcrumb":{"@id":"https:\/\/www.omis.net\/pt-pt\/produto\/braco-giratorio-na-parede-e-com-lanca-em-viga-com-tirantes\/#breadcrumb"},"inLanguage":"pt-pt","potentialAction":[{"@type":"ReadAction","target":["https:\/\/www.omis.net\/pt-pt\/produto\/braco-giratorio-na-parede-e-com-lanca-em-viga-com-tirantes\/"]}]},{"@type":"ImageObject","inLanguage":"pt-pt","@id":"https:\/\/www.omis.net\/pt-pt\/produto\/braco-giratorio-na-parede-e-com-lanca-em-viga-com-tirantes\/#primaryimage","url":"https:\/\/media.omis.net\/media\/2024\/12\/profile-m2tjib-crane-m2t-250kg-wide-connection-front-3d-omis-scaled.webp","contentUrl":"https:\/\/media.omis.net\/media\/2024\/12\/profile-m2tjib-crane-m2t-250kg-wide-connection-front-3d-omis-scaled.webp","width":2560,"height":1440,"caption":"header - Profile m2tjib crane m2t 250kg wide connection front 3d Omis"},{"@type":"BreadcrumbList","@id":"https:\/\/www.omis.net\/pt-pt\/produto\/braco-giratorio-na-parede-e-com-lanca-em-viga-com-tirantes\/#breadcrumb","itemListElement":[{"@type":"ListItem","position":1,"name":"Home","item":"https:\/\/www.omis.net\/pt-pt\/pagina-inicial\/"},{"@type":"ListItem","position":2,"name":"Bra\u00e7o girat\u00f3rio na parede e com lan\u00e7a em viga com tirantes"}]},{"@type":"WebSite","@id":"https:\/\/www.omis.net\/it-it\/#website","url":"https:\/\/www.omis.net\/it-it\/","name":"Omis Spa","description":"Movimentazione e sollevamento","publisher":{"@id":"https:\/\/www.omis.net\/it-it\/#organization"},"potentialAction":[{"@type":"SearchAction","target":{"@type":"EntryPoint","urlTemplate":"https:\/\/www.omis.net\/it-it\/?s={search_term_string}"},"query-input":{"@type":"PropertyValueSpecification","valueRequired":true,"valueName":"search_term_string"}}],"inLanguage":"pt-pt"},{"@type":"Organization","@id":"https:\/\/www.omis.net\/it-it\/#organization","name":"Omis Spa","url":"https:\/\/www.omis.net\/it-it\/","logo":{"@type":"ImageObject","inLanguage":"pt-pt","@id":"https:\/\/www.omis.net\/it-it\/#\/schema\/logo\/image\/","url":"https:\/\/media.omis.net\/media\/2024\/08\/logo.jpg","contentUrl":"https:\/\/media.omis.net\/media\/2024\/08\/logo.jpg","width":300,"height":300,"caption":"Omis Spa"},"image":{"@id":"https:\/\/www.omis.net\/it-it\/#\/schema\/logo\/image\/"},"sameAs":["https:\/\/www.facebook.com\/omisgroup","https:\/\/www.linkedin.com\/company\/omis-group","https:\/\/www.youtube.com\/channel\/UCS4L59XDk3kKBI9MnjuxWDw","https:\/\/www.instagram.com\/omisgroup"]}]}},"_links":{"self":[{"href":"https:\/\/www.omis.net\/pt-pt\/wp-json\/wp\/v2\/product\/7425"}],"collection":[{"href":"https:\/\/www.omis.net\/pt-pt\/wp-json\/wp\/v2\/product"}],"about":[{"href":"https:\/\/www.omis.net\/pt-pt\/wp-json\/wp\/v2\/types\/product"}],"acf:attachment":[{"embeddable":true,"href":"https:\/\/www.omis.net\/pt-pt\/wp-json\/wp\/v2\/media\/"},{"embeddable":true,"href":"https:\/\/www.omis.net\/pt-pt\/wp-json\/wp\/v2\/media\/13393"},{"embeddable":true,"href":"https:\/\/www.omis.net\/pt-pt\/wp-json\/wp\/v2\/media\/13386"}],"wp:featuredmedia":[{"embeddable":true,"href":"https:\/\/www.omis.net\/pt-pt\/wp-json\/wp\/v2\/media\/13443"}],"wp:attachment":[{"href":"https:\/\/www.omis.net\/pt-pt\/wp-json\/wp\/v2\/media?parent=7425"}],"wp:term":[{"taxonomy":"caratteristica-prodotto","embeddable":true,"href":"https:\/\/www.omis.net\/pt-pt\/wp-json\/wp\/v2\/caratteristica-prodotto?post=7425"},{"taxonomy":"tipologia-prodotto","embeddable":true,"href":"https:\/\/www.omis.net\/pt-pt\/wp-json\/wp\/v2\/tipologia-prodotto?post=7425"}],"curies":[{"name":"wp","href":"https:\/\/api.w.org\/{rel}","templated":true}]}}