{"id":7424,"date":"2024-12-18T10:59:37","date_gmt":"2024-12-18T09:59:37","guid":{"rendered":"http:\/\/bedrock.local\/product\/mt\/"},"modified":"2025-02-03T14:57:17","modified_gmt":"2025-02-03T13:57:17","slug":"braco-giratorio-na-parede-e-lanca-cantilever","status":"publish","type":"product","link":"https:\/\/www.omis.net\/pt-pt\/produto\/braco-giratorio-na-parede-e-lanca-cantilever\/","title":{"rendered":"Bra\u00e7o girat\u00f3rio na parede e lan\u00e7a cantil\u00e9ver"},"content":{"rendered":"","protected":false},"featured_media":13599,"parent":0,"template":"","caratteristica-prodotto":[1013],"tipologia-prodotto":[710,716,728],"class_list":["post-7424","product","type-product","status-publish","has-post-thumbnail","hentry","caratteristica-prodotto-rotacao-manual","tipologia-prodotto-guindastes-de-estacao-de-trabalho","tipologia-prodotto-braco-giratorio","tipologia-prodotto-na-parede"],"acf":{"import_csv_id":"26","prodotto_generale_sku":"MT","prodotto_listing_card_descrizione":"O bra\u00e7o girat\u00f3rio com plataforma e lan\u00e7a cantil\u00e9ver \u00e9 ideal quando \u00e9 necess\u00e1ria a utiliza\u00e7\u00e3o m\u00e1xima do espa\u00e7o vertical dispon\u00edvel, resultando em uma maior capacidade de gancho.\r\n\r\n\r\n\r\n\r\n\r\n","prodotto_listing_card_caratteristiche":null,"prodotto_page_gradient_hero":false,"prodotto_page_titolo_hero":"Para fazer o melhor uso do espa\u00e7o vertical dispon\u00edvel.","prodotto_page_gallery_hero":[13536,13543],"prodotto_page_descrizione_3_colonne_posizione":false,"prodotto_page_descrizione_3_colonne":[{"valore":"2000","unita_di_misura":"kg","etichetta":"Capacidade m\u00e1xima"},{"valore":"8","unita_di_misura":"m","etichetta":"Raio de a\u00e7\u00e3o m\u00e1ximo"},{"valore":"270\u00b0","unita_di_misura":"","etichetta":"Rota\u00e7\u00e3o"}],"prodotto_page_descrizione_titolo":"Bra\u00e7o girat\u00f3rio com plataforma e lan\u00e7a cantil\u00e9ver com capacidade de at\u00e9 2.000 kg","prodotto_page_descrizione_3_colonne_testo":"<strong>O guindaste de plataforma \u00e9 uma solu\u00e7\u00e3o altamente eficiente para otimizar o espa\u00e7o vertical dispon\u00edvel e, ao mesmo tempo, permite maior flexibilidade na movimenta\u00e7\u00e3o do carro. Ele emprega um conjunto rotativo montado em rolamentos e oferece grande versatilidade em termos de configura\u00e7\u00f5es, com v\u00e1rias op\u00e7\u00f5es de carro dispon\u00edveis.<\/strong>\r\n\r\nDe qualquer forma, esse modelo \u00e9 complementado por uma linha de fornecimento de energia integrada para maximizar a efici\u00eancia operacional. H\u00e1 a possibilidade de instalar dois guindastes um em frente ao outro, se necess\u00e1rio. Para situa\u00e7\u00f5es em que \u00e9 necess\u00e1ria uma solu\u00e7\u00e3o mais robusta ou maior, est\u00e3o dispon\u00edveis bra\u00e7os girat\u00f3rios personalizados, que oferecem uma capacidade de eleva\u00e7\u00e3o e alcance ainda maiores. O guindaste de plataforma \u00e9, portanto, uma op\u00e7\u00e3o pragm\u00e1tica e econ\u00f4mica para tornar uma \u00e1rea de trabalho aut\u00f4noma, resolvendo com efic\u00e1cia o problema de manuseio de cargas em espa\u00e7os confinados, gra\u00e7as \u00e0 sua versatilidade, flexibilidade e capacidade de adapta\u00e7\u00e3o \u00e0s necessidades espec\u00edficas do ambiente operacional.","prodotto_page_descrizione_titolo_vantaggi":"Vantagens do bra\u00e7o girat\u00f3rio com plataforma e com lan\u00e7a cantil\u00e9ver","prodotto_page_descrizione_vantaggi":[{"titolo":"N\u00e3o \u00e9 necess\u00e1rio espa\u00e7o no ch\u00e3o","testo":"","link":"","archivio_prodotti":null},{"titolo":"Versatilidade operacional","testo":"","link":"","archivio_prodotti":null},{"titolo":"F\u00e1cil de usar","testo":"","link":"","archivio_prodotti":null},{"titolo":"\u00c1rea ocupada limitada","testo":"","link":"","archivio_prodotti":null},{"titolo":"Maior deslocamento do gancho","testo":"","link":"","archivio_prodotti":null},{"titolo":"Aumento da produtividade e da seguran\u00e7a","testo":"","link":"","archivio_prodotti":null}],"prodotto_page_tabs_dati_tecnici":[{"etichetta":"Capacidade","valore":"de 125 kg a 2000 kg"},{"etichetta":"Raio de a\u00e7\u00e3o","valore":"At\u00e9 8 m, dependendo da capacidade"},{"etichetta":"Perfil de raio de a\u00e7\u00e3o","valore":"Perfil de viga T duplo sem tirantes de suporte"},{"etichetta":"Rota\u00e7\u00e3o","valore":"270\u00b0 com parada de ajuste ajust\u00e1vel no local, dependendo das dimens\u00f5es arquitet\u00f4nicas"},{"etichetta":"Rota\u00e7\u00e3o","valore":"Manual"},{"etichetta":"Plataforma","valore":"A suporte de apoio, os tirantes e as contra-suportes s\u00e3o constru\u00eddos de acordo com as dimens\u00f5es do pilar necess\u00e1rio."},{"etichetta":"Talha","valore":"Talha el\u00e9trica de corrente, para eleva\u00e7\u00e3o da carga, com uma ou duas velocidades de eleva\u00e7\u00e3o,com carro de deslocamento el\u00e9trico, de empurrar ou mec\u00e2nico."},{"etichetta":"Dispositivo de freio","valore":"Ele consiste em uma embreagem de parafuso ajust\u00e1vel que permite o ajuste do esfor\u00e7o de rota\u00e7\u00e3o da lan\u00e7a e garante um posicionamento est\u00e1vel."}],"prodotto_page_tabs_optionals":[{"titolo":"Pintura personalizada","testo":"A cor da tinta pode ser personalizada para atender a necessidades espec\u00edficas, requisitos de design ou de marca.","immagine":null}],"prodotto_page_tabs_downloads":null,"prodotto_page_gallery":[13522,13529,13515],"prodotto_page_customer_story_titolo":"","prodotto_page_customer_story_list":null,"prodotto_page_applicazioni_list":"- Agricoltura e Alimentare\r\n- Manifatturiero\r\n- Energetico\r\n- Edile e delle costruzioni\r\n- Tecnologie dell'informazione e ICT\r\n- Trasporti e logistica\r\n- Commercio al dettaglio\r\n- Culturale e dell'intrattenimento\r\n- Ambientale e della sostenibilit\u00e0\r\n- Ricerca e sviluppo\r\n- Arti e Artigianato","prodotto_page_faq_list":null,"prodotto_page_testo_prodotti_correlati":"<h2>Produtos relacionados<\/h2>\r\nExplore tamb\u00e9m esses produtos e encontre outras solu\u00e7\u00f5es que sejam adequadas para voc\u00ea.","prodotto_page_lista_prodotti_correlati":"- M\r\n- M2T\r\n- MS","prodotto_page_titolo_componenti_3d":"","prodotto_page_immagine_iniziale_componenti_3d":null,"prodotto_page_lista_componenti_3d":null,"prodotto_page_titolo_slider_configurazioni":"Produto e configura\u00e7\u00f5es","prodotto_page_lista_immgini_slider_configurazioni":[{"etichetta":"Acoplamento amplo","immagine":13557},{"etichetta":"Vista superior","immagine":13571},{"etichetta":"Perspectiva","immagine":13564},{"etichetta":"Lan\u00e7a dupla","immagine":13592},{"etichetta":"Uni\u00f3n estrecha","immagine":13550},{"etichetta":"Lan\u00e7a dupla","immagine":13578},{"etichetta":"Detalhes","immagine":13585}],"prodotto_page_titolo_slider_configurazioni_2":"<h2><\/h2>","prodotto_page_lista_immgini_slider_configurazioni_2":null,"seo_title":"Bra\u00e7o girat\u00f3rio com plataforma com capacidade de 2000 kg, com raio de a\u00e7\u00e3o de 8 m e rota\u00e7\u00e3o de 270\u00b0 | OMIS","seo_description":"O guindaste de plataforma otimiza o espa\u00e7o vertical e oferece flexibilidade na movimenta\u00e7\u00e3o do caminh\u00e3o. Com uma unidade de rota\u00e7\u00e3o montada em rolamentos e v\u00e1rias op\u00e7\u00f5es de carro, ele inclui uma linha de alimenta\u00e7\u00e3o integrada para maximizar a efici\u00eancia. Dois guindastes podem ser instalados frente a frente. Saiba mais."},"yoast_head":"<!-- This site is optimized with the Yoast SEO plugin v23.9 - https:\/\/yoast.com\/wordpress\/plugins\/seo\/ -->\n<title>Bra\u00e7o girat\u00f3rio com plataforma com capacidade de 2000 kg, com raio de a\u00e7\u00e3o de 8 m e rota\u00e7\u00e3o de 270\u00b0 | OMIS<\/title>\n<meta name=\"description\" content=\"O guindaste de plataforma otimiza o espa\u00e7o vertical e oferece flexibilidade na movimenta\u00e7\u00e3o do caminh\u00e3o. Com uma unidade de rota\u00e7\u00e3o montada em rolamentos e v\u00e1rias op\u00e7\u00f5es de carro, ele inclui uma linha de alimenta\u00e7\u00e3o integrada para maximizar a efici\u00eancia. Dois guindastes podem ser instalados frente a frente. Saiba mais.\" \/>\n<meta name=\"robots\" content=\"index, follow, max-snippet:-1, max-image-preview:large, max-video-preview:-1\" \/>\n<meta property=\"og:locale\" content=\"pt_PT\" \/>\n<meta property=\"og:type\" content=\"article\" \/>\n<meta property=\"og:title\" content=\"Bra\u00e7o girat\u00f3rio com plataforma com capacidade de 2000 kg, com raio de a\u00e7\u00e3o de 8 m e rota\u00e7\u00e3o de 270\u00b0 | OMIS\" \/>\n<meta property=\"og:description\" content=\"O guindaste de plataforma otimiza o espa\u00e7o vertical e oferece flexibilidade na movimenta\u00e7\u00e3o do caminh\u00e3o. Com uma unidade de rota\u00e7\u00e3o montada em rolamentos e v\u00e1rias op\u00e7\u00f5es de carro, ele inclui uma linha de alimenta\u00e7\u00e3o integrada para maximizar a efici\u00eancia. Dois guindastes podem ser instalados frente a frente. Saiba mais.\" \/>\n<meta property=\"og:url\" content=\"https:\/\/www.omis.net\/pt-pt\/produto\/braco-giratorio-na-parede-e-lanca-cantilever\/\" \/>\n<meta property=\"og:site_name\" content=\"Omis Spa\" \/>\n<meta property=\"article:publisher\" content=\"https:\/\/www.facebook.com\/omisgroup\" \/>\n<meta property=\"article:modified_time\" content=\"2025-02-03T13:57:17+00:00\" \/>\n<meta property=\"og:image\" content=\"https:\/\/media.omis.net\/media\/2024\/12\/Profile-MT-jib-crane-mt-250kg-wide-connection-front-3d-omis-scaled.webp\" \/>\n\t<meta property=\"og:image:width\" content=\"2560\" \/>\n\t<meta property=\"og:image:height\" content=\"1440\" \/>\n\t<meta property=\"og:image:type\" content=\"image\/webp\" \/>\n<meta name=\"twitter:card\" content=\"summary_large_image\" \/>\n<meta name=\"twitter:label1\" content=\"Est. reading time\" \/>\n\t<meta name=\"twitter:data1\" content=\"1 minute\" \/>\n<script type=\"application\/ld+json\" class=\"yoast-schema-graph\">{\"@context\":\"https:\/\/schema.org\",\"@graph\":[{\"@type\":\"WebPage\",\"@id\":\"https:\/\/www.omis.net\/pt-pt\/produto\/braco-giratorio-na-parede-e-lanca-cantilever\/\",\"url\":\"https:\/\/www.omis.net\/pt-pt\/produto\/braco-giratorio-na-parede-e-lanca-cantilever\/\",\"name\":\"Bra\u00e7o girat\u00f3rio com plataforma com capacidade de 2000 kg, com raio de a\u00e7\u00e3o de 8 m e rota\u00e7\u00e3o de 270\u00b0 | OMIS\",\"isPartOf\":{\"@id\":\"https:\/\/www.omis.net\/it-it\/#website\"},\"primaryImageOfPage\":{\"@id\":\"https:\/\/www.omis.net\/pt-pt\/produto\/braco-giratorio-na-parede-e-lanca-cantilever\/#primaryimage\"},\"image\":{\"@id\":\"https:\/\/www.omis.net\/pt-pt\/produto\/braco-giratorio-na-parede-e-lanca-cantilever\/#primaryimage\"},\"thumbnailUrl\":\"https:\/\/media.omis.net\/media\/2024\/12\/Profile-MT-jib-crane-mt-250kg-wide-connection-front-3d-omis-scaled.webp\",\"datePublished\":\"2024-12-18T09:59:37+00:00\",\"dateModified\":\"2025-02-03T13:57:17+00:00\",\"description\":\"O guindaste de plataforma otimiza o espa\u00e7o vertical e oferece flexibilidade na movimenta\u00e7\u00e3o do caminh\u00e3o. Com uma unidade de rota\u00e7\u00e3o montada em rolamentos e v\u00e1rias op\u00e7\u00f5es de carro, ele inclui uma linha de alimenta\u00e7\u00e3o integrada para maximizar a efici\u00eancia. Dois guindastes podem ser instalados frente a frente. Saiba mais.\",\"breadcrumb\":{\"@id\":\"https:\/\/www.omis.net\/pt-pt\/produto\/braco-giratorio-na-parede-e-lanca-cantilever\/#breadcrumb\"},\"inLanguage\":\"pt-pt\",\"potentialAction\":[{\"@type\":\"ReadAction\",\"target\":[\"https:\/\/www.omis.net\/pt-pt\/produto\/braco-giratorio-na-parede-e-lanca-cantilever\/\"]}]},{\"@type\":\"ImageObject\",\"inLanguage\":\"pt-pt\",\"@id\":\"https:\/\/www.omis.net\/pt-pt\/produto\/braco-giratorio-na-parede-e-lanca-cantilever\/#primaryimage\",\"url\":\"https:\/\/media.omis.net\/media\/2024\/12\/Profile-MT-jib-crane-mt-250kg-wide-connection-front-3d-omis-scaled.webp\",\"contentUrl\":\"https:\/\/media.omis.net\/media\/2024\/12\/Profile-MT-jib-crane-mt-250kg-wide-connection-front-3d-omis-scaled.webp\",\"width\":2560,\"height\":1440,\"caption\":\"products and configurations - Profile mt jib crane mt 250kg wide connection front 3d Omis\"},{\"@type\":\"BreadcrumbList\",\"@id\":\"https:\/\/www.omis.net\/pt-pt\/produto\/braco-giratorio-na-parede-e-lanca-cantilever\/#breadcrumb\",\"itemListElement\":[{\"@type\":\"ListItem\",\"position\":1,\"name\":\"Home\",\"item\":\"https:\/\/www.omis.net\/pt-pt\/pagina-inicial\/\"},{\"@type\":\"ListItem\",\"position\":2,\"name\":\"Bra\u00e7o girat\u00f3rio na parede e lan\u00e7a cantil\u00e9ver\"}]},{\"@type\":\"WebSite\",\"@id\":\"https:\/\/www.omis.net\/it-it\/#website\",\"url\":\"https:\/\/www.omis.net\/it-it\/\",\"name\":\"Omis Spa\",\"description\":\"Movimentazione e sollevamento\",\"publisher\":{\"@id\":\"https:\/\/www.omis.net\/it-it\/#organization\"},\"potentialAction\":[{\"@type\":\"SearchAction\",\"target\":{\"@type\":\"EntryPoint\",\"urlTemplate\":\"https:\/\/www.omis.net\/it-it\/?s={search_term_string}\"},\"query-input\":{\"@type\":\"PropertyValueSpecification\",\"valueRequired\":true,\"valueName\":\"search_term_string\"}}],\"inLanguage\":\"pt-pt\"},{\"@type\":\"Organization\",\"@id\":\"https:\/\/www.omis.net\/it-it\/#organization\",\"name\":\"Omis Spa\",\"url\":\"https:\/\/www.omis.net\/it-it\/\",\"logo\":{\"@type\":\"ImageObject\",\"inLanguage\":\"pt-pt\",\"@id\":\"https:\/\/www.omis.net\/it-it\/#\/schema\/logo\/image\/\",\"url\":\"https:\/\/media.omis.net\/media\/2024\/08\/logo.jpg\",\"contentUrl\":\"https:\/\/media.omis.net\/media\/2024\/08\/logo.jpg\",\"width\":300,\"height\":300,\"caption\":\"Omis Spa\"},\"image\":{\"@id\":\"https:\/\/www.omis.net\/it-it\/#\/schema\/logo\/image\/\"},\"sameAs\":[\"https:\/\/www.facebook.com\/omisgroup\",\"https:\/\/www.linkedin.com\/company\/omis-group\",\"https:\/\/www.youtube.com\/channel\/UCS4L59XDk3kKBI9MnjuxWDw\",\"https:\/\/www.instagram.com\/omisgroup\"]}]}<\/script>\n<!-- \/ Yoast SEO plugin. -->","yoast_head_json":{"title":"Bra\u00e7o girat\u00f3rio com plataforma com capacidade de 2000 kg, com raio de a\u00e7\u00e3o de 8 m e rota\u00e7\u00e3o de 270\u00b0 | OMIS","description":"O guindaste de plataforma otimiza o espa\u00e7o vertical e oferece flexibilidade na movimenta\u00e7\u00e3o do caminh\u00e3o. Com uma unidade de rota\u00e7\u00e3o montada em rolamentos e v\u00e1rias op\u00e7\u00f5es de carro, ele inclui uma linha de alimenta\u00e7\u00e3o integrada para maximizar a efici\u00eancia. Dois guindastes podem ser instalados frente a frente. Saiba mais.","robots":{"index":"index","follow":"follow","max-snippet":"max-snippet:-1","max-image-preview":"max-image-preview:large","max-video-preview":"max-video-preview:-1"},"og_locale":"pt_PT","og_type":"article","og_title":"Bra\u00e7o girat\u00f3rio com plataforma com capacidade de 2000 kg, com raio de a\u00e7\u00e3o de 8 m e rota\u00e7\u00e3o de 270\u00b0 | OMIS","og_description":"O guindaste de plataforma otimiza o espa\u00e7o vertical e oferece flexibilidade na movimenta\u00e7\u00e3o do caminh\u00e3o. Com uma unidade de rota\u00e7\u00e3o montada em rolamentos e v\u00e1rias op\u00e7\u00f5es de carro, ele inclui uma linha de alimenta\u00e7\u00e3o integrada para maximizar a efici\u00eancia. Dois guindastes podem ser instalados frente a frente. Saiba mais.","og_url":"https:\/\/www.omis.net\/pt-pt\/produto\/braco-giratorio-na-parede-e-lanca-cantilever\/","og_site_name":"Omis Spa","article_publisher":"https:\/\/www.facebook.com\/omisgroup","article_modified_time":"2025-02-03T13:57:17+00:00","og_image":[{"width":2560,"height":1440,"url":"https:\/\/media.omis.net\/media\/2024\/12\/Profile-MT-jib-crane-mt-250kg-wide-connection-front-3d-omis-scaled.webp","type":"image\/webp"}],"twitter_card":"summary_large_image","twitter_misc":{"Est. reading time":"1 minute"},"schema":{"@context":"https:\/\/schema.org","@graph":[{"@type":"WebPage","@id":"https:\/\/www.omis.net\/pt-pt\/produto\/braco-giratorio-na-parede-e-lanca-cantilever\/","url":"https:\/\/www.omis.net\/pt-pt\/produto\/braco-giratorio-na-parede-e-lanca-cantilever\/","name":"Bra\u00e7o girat\u00f3rio com plataforma com capacidade de 2000 kg, com raio de a\u00e7\u00e3o de 8 m e rota\u00e7\u00e3o de 270\u00b0 | OMIS","isPartOf":{"@id":"https:\/\/www.omis.net\/it-it\/#website"},"primaryImageOfPage":{"@id":"https:\/\/www.omis.net\/pt-pt\/produto\/braco-giratorio-na-parede-e-lanca-cantilever\/#primaryimage"},"image":{"@id":"https:\/\/www.omis.net\/pt-pt\/produto\/braco-giratorio-na-parede-e-lanca-cantilever\/#primaryimage"},"thumbnailUrl":"https:\/\/media.omis.net\/media\/2024\/12\/Profile-MT-jib-crane-mt-250kg-wide-connection-front-3d-omis-scaled.webp","datePublished":"2024-12-18T09:59:37+00:00","dateModified":"2025-02-03T13:57:17+00:00","description":"O guindaste de plataforma otimiza o espa\u00e7o vertical e oferece flexibilidade na movimenta\u00e7\u00e3o do caminh\u00e3o. Com uma unidade de rota\u00e7\u00e3o montada em rolamentos e v\u00e1rias op\u00e7\u00f5es de carro, ele inclui uma linha de alimenta\u00e7\u00e3o integrada para maximizar a efici\u00eancia. Dois guindastes podem ser instalados frente a frente. Saiba mais.","breadcrumb":{"@id":"https:\/\/www.omis.net\/pt-pt\/produto\/braco-giratorio-na-parede-e-lanca-cantilever\/#breadcrumb"},"inLanguage":"pt-pt","potentialAction":[{"@type":"ReadAction","target":["https:\/\/www.omis.net\/pt-pt\/produto\/braco-giratorio-na-parede-e-lanca-cantilever\/"]}]},{"@type":"ImageObject","inLanguage":"pt-pt","@id":"https:\/\/www.omis.net\/pt-pt\/produto\/braco-giratorio-na-parede-e-lanca-cantilever\/#primaryimage","url":"https:\/\/media.omis.net\/media\/2024\/12\/Profile-MT-jib-crane-mt-250kg-wide-connection-front-3d-omis-scaled.webp","contentUrl":"https:\/\/media.omis.net\/media\/2024\/12\/Profile-MT-jib-crane-mt-250kg-wide-connection-front-3d-omis-scaled.webp","width":2560,"height":1440,"caption":"products and configurations - Profile mt jib crane mt 250kg wide connection front 3d Omis"},{"@type":"BreadcrumbList","@id":"https:\/\/www.omis.net\/pt-pt\/produto\/braco-giratorio-na-parede-e-lanca-cantilever\/#breadcrumb","itemListElement":[{"@type":"ListItem","position":1,"name":"Home","item":"https:\/\/www.omis.net\/pt-pt\/pagina-inicial\/"},{"@type":"ListItem","position":2,"name":"Bra\u00e7o girat\u00f3rio na parede e lan\u00e7a cantil\u00e9ver"}]},{"@type":"WebSite","@id":"https:\/\/www.omis.net\/it-it\/#website","url":"https:\/\/www.omis.net\/it-it\/","name":"Omis Spa","description":"Movimentazione e sollevamento","publisher":{"@id":"https:\/\/www.omis.net\/it-it\/#organization"},"potentialAction":[{"@type":"SearchAction","target":{"@type":"EntryPoint","urlTemplate":"https:\/\/www.omis.net\/it-it\/?s={search_term_string}"},"query-input":{"@type":"PropertyValueSpecification","valueRequired":true,"valueName":"search_term_string"}}],"inLanguage":"pt-pt"},{"@type":"Organization","@id":"https:\/\/www.omis.net\/it-it\/#organization","name":"Omis Spa","url":"https:\/\/www.omis.net\/it-it\/","logo":{"@type":"ImageObject","inLanguage":"pt-pt","@id":"https:\/\/www.omis.net\/it-it\/#\/schema\/logo\/image\/","url":"https:\/\/media.omis.net\/media\/2024\/08\/logo.jpg","contentUrl":"https:\/\/media.omis.net\/media\/2024\/08\/logo.jpg","width":300,"height":300,"caption":"Omis Spa"},"image":{"@id":"https:\/\/www.omis.net\/it-it\/#\/schema\/logo\/image\/"},"sameAs":["https:\/\/www.facebook.com\/omisgroup","https:\/\/www.linkedin.com\/company\/omis-group","https:\/\/www.youtube.com\/channel\/UCS4L59XDk3kKBI9MnjuxWDw","https:\/\/www.instagram.com\/omisgroup"]}]}},"_links":{"self":[{"href":"https:\/\/www.omis.net\/pt-pt\/wp-json\/wp\/v2\/product\/7424"}],"collection":[{"href":"https:\/\/www.omis.net\/pt-pt\/wp-json\/wp\/v2\/product"}],"about":[{"href":"https:\/\/www.omis.net\/pt-pt\/wp-json\/wp\/v2\/types\/product"}],"acf:attachment":[{"embeddable":true,"href":"https:\/\/www.omis.net\/pt-pt\/wp-json\/wp\/v2\/media\/13515"},{"embeddable":true,"href":"https:\/\/www.omis.net\/pt-pt\/wp-json\/wp\/v2\/media\/13529"},{"embeddable":true,"href":"https:\/\/www.omis.net\/pt-pt\/wp-json\/wp\/v2\/media\/13522"},{"embeddable":true,"href":"https:\/\/www.omis.net\/pt-pt\/wp-json\/wp\/v2\/media\/13543"},{"embeddable":true,"href":"https:\/\/www.omis.net\/pt-pt\/wp-json\/wp\/v2\/media\/13536"}],"wp:featuredmedia":[{"embeddable":true,"href":"https:\/\/www.omis.net\/pt-pt\/wp-json\/wp\/v2\/media\/13599"}],"wp:attachment":[{"href":"https:\/\/www.omis.net\/pt-pt\/wp-json\/wp\/v2\/media?parent=7424"}],"wp:term":[{"taxonomy":"caratteristica-prodotto","embeddable":true,"href":"https:\/\/www.omis.net\/pt-pt\/wp-json\/wp\/v2\/caratteristica-prodotto?post=7424"},{"taxonomy":"tipologia-prodotto","embeddable":true,"href":"https:\/\/www.omis.net\/pt-pt\/wp-json\/wp\/v2\/tipologia-prodotto?post=7424"}],"curies":[{"name":"wp","href":"https:\/\/api.w.org\/{rel}","templated":true}]}}