{"id":7423,"date":"2024-12-18T10:59:07","date_gmt":"2024-12-18T09:59:07","guid":{"rendered":"http:\/\/bedrock.local\/product\/m\/"},"modified":"2025-02-03T14:46:30","modified_gmt":"2025-02-03T13:46:30","slug":"braco-giratorio-na-parede-e-lanca-em-secao-de-canal","status":"publish","type":"product","link":"https:\/\/www.omis.net\/pt-pt\/produto\/braco-giratorio-na-parede-e-lanca-em-secao-de-canal\/","title":{"rendered":"Bra\u00e7o girat\u00f3rio na parede e lan\u00e7a em se\u00e7\u00e3o de canal"},"content":{"rendered":"","protected":false},"featured_media":13378,"parent":0,"template":"","caratteristica-prodotto":[1013],"tipologia-prodotto":[710,716,728],"class_list":["post-7423","product","type-product","status-publish","has-post-thumbnail","hentry","caratteristica-prodotto-rotacao-manual","tipologia-prodotto-guindastes-de-estacao-de-trabalho","tipologia-prodotto-braco-giratorio","tipologia-prodotto-na-parede"],"acf":{"import_csv_id":"25","prodotto_generale_sku":"M","prodotto_listing_card_descrizione":"Bra\u00e7o girat\u00f3rio com plataforma e lan\u00e7a em se\u00e7\u00e3o de canal.","prodotto_listing_card_caratteristiche":null,"prodotto_page_gradient_hero":false,"prodotto_page_titolo_hero":"Robusto e leve, eficaz em todos os contextos operacionais.","prodotto_page_gallery_hero":[13322,13329],"prodotto_page_descrizione_3_colonne_posizione":false,"prodotto_page_descrizione_3_colonne":[{"valore":"1000","unita_di_misura":"kg","etichetta":"Capacidade m\u00e1xima"},{"valore":"8","unita_di_misura":"m","etichetta":"Raio de a\u00e7\u00e3o m\u00e1ximo"},{"valore":"270\u00b0","unita_di_misura":"","etichetta":"Rota\u00e7\u00e3o"}],"prodotto_page_descrizione_titolo":"Bra\u00e7o girat\u00f3rio com plataforma e lan\u00e7a de canal com capacidade de carga de at\u00e9 1.000 kg","prodotto_page_descrizione_3_colonne_testo":"<strong>Nosso bra\u00e7o girat\u00f3rio com plataforma e lan\u00e7a em se\u00e7\u00e3o de canal \u00e9 a solu\u00e7\u00e3o ideal para quem procura um sistema de eleva\u00e7\u00e3o eficiente, vers\u00e1til e seguro. Projetado para atender a uma variedade de aplica\u00e7\u00f5es industriais, esse guindaste combina robustez e leveza para garantir excelente desempenho em qualquer ambiente operacional.<\/strong>\r\n\r\nCom um raio de a\u00e7\u00e3o de at\u00e9 8 metros e rota\u00e7\u00e3o de 270\u00b0, ele pode cobrir uma grande \u00e1rea de trabalho. Ele n\u00e3o imp\u00f5e nenhuma pegada no solo e permite a recupera\u00e7\u00e3o de cent\u00edmetros de espa\u00e7o gra\u00e7as \u00e0 a\u00e7\u00e3o do guindaste e da linga em uma estrutura ou pilar existente. Isso possibilita a utiliza\u00e7\u00e3o da profundidade da coluna como um raio de a\u00e7\u00e3o e o uso do espa\u00e7o j\u00e1 presente na coluna, evitando a desordem causada pela placa de base.\r\nEquipado com uma lan\u00e7a feita de um perfil de canal dobrado por press\u00e3o especial, est\u00e1vel e leve, ele \u00e9 otimizado para a melhor sensibilidade de giro e suavidade do carro. O design da lan\u00e7a garante movimentos suaves e precisos, reduzindo a fadiga do operador.\r\nO bra\u00e7o girat\u00f3rio com plataforma \u00e9 ideal para oficinas mec\u00e2nicas, armaz\u00e9ns, linhas de produ\u00e7\u00e3o e muitas outras aplica\u00e7\u00f5es industriais. Projetado para montagem r\u00e1pida e f\u00e1cil, ele oferece a possibilidade de configura\u00e7\u00f5es especiais para requisitos operacionais complexos. O guindaste \u00e9 fornecido completo com linha de alimenta\u00e7\u00e3o el\u00e9trica e est\u00e1 dispon\u00edvel com carro de empurrar manual.","prodotto_page_descrizione_titolo_vantaggi":"Vantagens do bra\u00e7o girat\u00f3rio com plataforma com lan\u00e7a em se\u00e7\u00e3o de canal ","prodotto_page_descrizione_vantaggi":[{"titolo":"N\u00e3o \u00e9 necess\u00e1rio espa\u00e7o no ch\u00e3o","testo":"","link":"","archivio_prodotti":null},{"titolo":"Versatilidade operacional","testo":"","link":"","archivio_prodotti":null},{"titolo":"F\u00e1cil de usar","testo":"","link":"","archivio_prodotti":null},{"titolo":"\u00c1rea ocupada limitada","testo":"","link":"","archivio_prodotti":null},{"titolo":"Maior deslocamento do gancho","testo":"","link":"","archivio_prodotti":null},{"titolo":"Aumento da produtividade e da seguran\u00e7a","testo":"","link":"","archivio_prodotti":null}],"prodotto_page_tabs_dati_tecnici":[{"etichetta":"Capacidade","valore":"de 125 kg a 1000 kg"},{"etichetta":"Raio de a\u00e7\u00e3o","valore":"At\u00e9 8 m, dependendo da capacidade"},{"etichetta":"Perfil de raio de a\u00e7\u00e3o","valore":"Perfil em forma de \u00f4mega dobrado por press\u00e3o"},{"etichetta":"Rota\u00e7\u00e3o","valore":"180\u00b0 - 270\u00b0, dependendo do suporte do pilar"},{"etichetta":"Rota\u00e7\u00e3o","valore":"Manual"},{"etichetta":"Plataforma","valore":"A suporte de apoio, os tirantes e as contra-suportes s\u00e3o constru\u00eddos de acordo com as dimens\u00f5es do pilar necess\u00e1rio."},{"etichetta":"Talha","valore":"Talha el\u00e9trica de corrente, para eleva\u00e7\u00e3o da carga, com uma ou duas velocidades de eleva\u00e7\u00e3o, com carro de deslocamento de empurrar."},{"etichetta":"Dispositivo de freio","valore":"Ele consiste em uma embreagem de parafuso ajust\u00e1vel que permite o ajuste do esfor\u00e7o de rota\u00e7\u00e3o da lan\u00e7a e garante um posicionamento est\u00e1vel."}],"prodotto_page_tabs_optionals":[{"titolo":"Pintura personalizada","testo":"A cor da tinta pode ser personalizada para atender a necessidades espec\u00edficas, requisitos de design ou de marca.","immagine":null}],"prodotto_page_tabs_downloads":null,"prodotto_page_gallery":[null],"prodotto_page_customer_story_titolo":"","prodotto_page_customer_story_list":null,"prodotto_page_applicazioni_list":"- Agricoltura e Alimentare\r\n- Manifatturiero\r\n- Energetico\r\n- Edile e delle costruzioni\r\n- Tecnologie dell'informazione e ICT\r\n- Trasporti e logistica\r\n- Commercio al dettaglio\r\n- Culturale e dell'intrattenimento\r\n- Ambientale e della sostenibilit\u00e0\r\n- Ricerca e sviluppo\r\n- Arti e Artigianato","prodotto_page_faq_list":null,"prodotto_page_testo_prodotti_correlati":"<h2>Produtos relacionados<\/h2>\r\nExplore tamb\u00e9m esses produtos e encontre outras solu\u00e7\u00f5es que sejam adequadas para voc\u00ea.","prodotto_page_lista_prodotti_correlati":"- MT\r\n- M2T\r\n- MS","prodotto_page_titolo_componenti_3d":"","prodotto_page_immagine_iniziale_componenti_3d":null,"prodotto_page_lista_componenti_3d":null,"prodotto_page_titolo_slider_configurazioni":"Produto e configura\u00e7\u00f5es","prodotto_page_lista_immgini_slider_configurazioni":[{"etichetta":"Acoplamento amplo","immagine":13343},{"etichetta":"Vista superior","immagine":13336},{"etichetta":"Perspectiva","immagine":13350},{"etichetta":"Lan\u00e7a dupla","immagine":13364},{"etichetta":"Acoplamento apertado","immagine":13357},{"etichetta":"Lan\u00e7a dupla","immagine":13371}],"prodotto_page_titolo_slider_configurazioni_2":"<h2><\/h2>","prodotto_page_lista_immgini_slider_configurazioni_2":null,"seo_title":"Bra\u00e7o girat\u00f3rio com plataforma com capacidade de 1000 kg, com raio de a\u00e7\u00e3o de 8 m e rota\u00e7\u00e3o de 270\u00b0 | OMIS","seo_description":"O bra\u00e7o girat\u00f3rio com plataforma e lan\u00e7a em se\u00e7\u00e3o de canal \u00e9 ideal para eleva\u00e7\u00e3o eficiente e segura em ambientes industriais, f\u00e1cil de montar e dispon\u00edvel com carro manual. Com raio de a\u00e7\u00e3o de at\u00e9 8 metros e rota\u00e7\u00e3o de 270\u00b0, ele cobre grandes \u00e1reas de trabalho sem ocupar espa\u00e7o no ch\u00e3o. Ele se prende \u00e0s estruturas existentes, aproveitando o espa\u00e7o do pilar. Saiba mais\r\n\r\n\r\n\r\n\r\n\r\n\r\n"},"yoast_head":"<!-- This site is optimized with the Yoast SEO plugin v23.9 - https:\/\/yoast.com\/wordpress\/plugins\/seo\/ -->\n<title>Bra\u00e7o girat\u00f3rio com plataforma com capacidade de 1000 kg, com raio de a\u00e7\u00e3o de 8 m e rota\u00e7\u00e3o de 270\u00b0 | OMIS<\/title>\n<meta name=\"description\" content=\"O bra\u00e7o girat\u00f3rio com plataforma e lan\u00e7a em se\u00e7\u00e3o de canal \u00e9 ideal para eleva\u00e7\u00e3o eficiente e segura em ambientes industriais, f\u00e1cil de montar e dispon\u00edvel com carro manual. Com raio de a\u00e7\u00e3o de at\u00e9 8 metros e rota\u00e7\u00e3o de 270\u00b0, ele cobre grandes \u00e1reas de trabalho sem ocupar espa\u00e7o no ch\u00e3o. Ele se prende \u00e0s estruturas existentes, aproveitando o espa\u00e7o do pilar. Saiba mais\" \/>\n<meta name=\"robots\" content=\"index, follow, max-snippet:-1, max-image-preview:large, max-video-preview:-1\" \/>\n<meta property=\"og:locale\" content=\"pt_PT\" \/>\n<meta property=\"og:type\" content=\"article\" \/>\n<meta property=\"og:title\" content=\"Bra\u00e7o girat\u00f3rio com plataforma com capacidade de 1000 kg, com raio de a\u00e7\u00e3o de 8 m e rota\u00e7\u00e3o de 270\u00b0 | OMIS\" \/>\n<meta property=\"og:description\" content=\"O bra\u00e7o girat\u00f3rio com plataforma e lan\u00e7a em se\u00e7\u00e3o de canal \u00e9 ideal para eleva\u00e7\u00e3o eficiente e segura em ambientes industriais, f\u00e1cil de montar e dispon\u00edvel com carro manual. Com raio de a\u00e7\u00e3o de at\u00e9 8 metros e rota\u00e7\u00e3o de 270\u00b0, ele cobre grandes \u00e1reas de trabalho sem ocupar espa\u00e7o no ch\u00e3o. Ele se prende \u00e0s estruturas existentes, aproveitando o espa\u00e7o do pilar. Saiba mais\" \/>\n<meta property=\"og:url\" content=\"https:\/\/www.omis.net\/pt-pt\/produto\/braco-giratorio-na-parede-e-lanca-em-secao-de-canal\/\" \/>\n<meta property=\"og:site_name\" content=\"Omis Spa\" \/>\n<meta property=\"article:publisher\" content=\"https:\/\/www.facebook.com\/omisgroup\" \/>\n<meta property=\"article:modified_time\" content=\"2025-02-03T13:46:30+00:00\" \/>\n<meta property=\"og:image\" content=\"https:\/\/media.omis.net\/media\/2024\/12\/profilejib-crane-m-125kg-front-3d-omis-scaled.webp\" \/>\n\t<meta property=\"og:image:width\" content=\"2560\" \/>\n\t<meta property=\"og:image:height\" content=\"1440\" \/>\n\t<meta property=\"og:image:type\" content=\"image\/webp\" \/>\n<meta name=\"twitter:card\" content=\"summary_large_image\" \/>\n<meta name=\"twitter:label1\" content=\"Est. reading time\" \/>\n\t<meta name=\"twitter:data1\" content=\"1 minute\" \/>\n<script type=\"application\/ld+json\" class=\"yoast-schema-graph\">{\"@context\":\"https:\/\/schema.org\",\"@graph\":[{\"@type\":\"WebPage\",\"@id\":\"https:\/\/www.omis.net\/pt-pt\/produto\/braco-giratorio-na-parede-e-lanca-em-secao-de-canal\/\",\"url\":\"https:\/\/www.omis.net\/pt-pt\/produto\/braco-giratorio-na-parede-e-lanca-em-secao-de-canal\/\",\"name\":\"Bra\u00e7o girat\u00f3rio com plataforma com capacidade de 1000 kg, com raio de a\u00e7\u00e3o de 8 m e rota\u00e7\u00e3o de 270\u00b0 | OMIS\",\"isPartOf\":{\"@id\":\"https:\/\/www.omis.net\/it-it\/#website\"},\"primaryImageOfPage\":{\"@id\":\"https:\/\/www.omis.net\/pt-pt\/produto\/braco-giratorio-na-parede-e-lanca-em-secao-de-canal\/#primaryimage\"},\"image\":{\"@id\":\"https:\/\/www.omis.net\/pt-pt\/produto\/braco-giratorio-na-parede-e-lanca-em-secao-de-canal\/#primaryimage\"},\"thumbnailUrl\":\"https:\/\/media.omis.net\/media\/2024\/12\/profilejib-crane-m-125kg-front-3d-omis-scaled.webp\",\"datePublished\":\"2024-12-18T09:59:07+00:00\",\"dateModified\":\"2025-02-03T13:46:30+00:00\",\"description\":\"O bra\u00e7o girat\u00f3rio com plataforma e lan\u00e7a em se\u00e7\u00e3o de canal \u00e9 ideal para eleva\u00e7\u00e3o eficiente e segura em ambientes industriais, f\u00e1cil de montar e dispon\u00edvel com carro manual. Com raio de a\u00e7\u00e3o de at\u00e9 8 metros e rota\u00e7\u00e3o de 270\u00b0, ele cobre grandes \u00e1reas de trabalho sem ocupar espa\u00e7o no ch\u00e3o. Ele se prende \u00e0s estruturas existentes, aproveitando o espa\u00e7o do pilar. Saiba mais\",\"breadcrumb\":{\"@id\":\"https:\/\/www.omis.net\/pt-pt\/produto\/braco-giratorio-na-parede-e-lanca-em-secao-de-canal\/#breadcrumb\"},\"inLanguage\":\"pt-pt\",\"potentialAction\":[{\"@type\":\"ReadAction\",\"target\":[\"https:\/\/www.omis.net\/pt-pt\/produto\/braco-giratorio-na-parede-e-lanca-em-secao-de-canal\/\"]}]},{\"@type\":\"ImageObject\",\"inLanguage\":\"pt-pt\",\"@id\":\"https:\/\/www.omis.net\/pt-pt\/produto\/braco-giratorio-na-parede-e-lanca-em-secao-de-canal\/#primaryimage\",\"url\":\"https:\/\/media.omis.net\/media\/2024\/12\/profilejib-crane-m-125kg-front-3d-omis-scaled.webp\",\"contentUrl\":\"https:\/\/media.omis.net\/media\/2024\/12\/profilejib-crane-m-125kg-front-3d-omis-scaled.webp\",\"width\":2560,\"height\":1440,\"caption\":\"header - Profilejib crane m 125kg front 3d Omis\"},{\"@type\":\"BreadcrumbList\",\"@id\":\"https:\/\/www.omis.net\/pt-pt\/produto\/braco-giratorio-na-parede-e-lanca-em-secao-de-canal\/#breadcrumb\",\"itemListElement\":[{\"@type\":\"ListItem\",\"position\":1,\"name\":\"Home\",\"item\":\"https:\/\/www.omis.net\/pt-pt\/pagina-inicial\/\"},{\"@type\":\"ListItem\",\"position\":2,\"name\":\"Bra\u00e7o girat\u00f3rio na parede e lan\u00e7a em se\u00e7\u00e3o de canal\"}]},{\"@type\":\"WebSite\",\"@id\":\"https:\/\/www.omis.net\/it-it\/#website\",\"url\":\"https:\/\/www.omis.net\/it-it\/\",\"name\":\"Omis Spa\",\"description\":\"Movimentazione e sollevamento\",\"publisher\":{\"@id\":\"https:\/\/www.omis.net\/it-it\/#organization\"},\"potentialAction\":[{\"@type\":\"SearchAction\",\"target\":{\"@type\":\"EntryPoint\",\"urlTemplate\":\"https:\/\/www.omis.net\/it-it\/?s={search_term_string}\"},\"query-input\":{\"@type\":\"PropertyValueSpecification\",\"valueRequired\":true,\"valueName\":\"search_term_string\"}}],\"inLanguage\":\"pt-pt\"},{\"@type\":\"Organization\",\"@id\":\"https:\/\/www.omis.net\/it-it\/#organization\",\"name\":\"Omis Spa\",\"url\":\"https:\/\/www.omis.net\/it-it\/\",\"logo\":{\"@type\":\"ImageObject\",\"inLanguage\":\"pt-pt\",\"@id\":\"https:\/\/www.omis.net\/it-it\/#\/schema\/logo\/image\/\",\"url\":\"https:\/\/media.omis.net\/media\/2024\/08\/logo.jpg\",\"contentUrl\":\"https:\/\/media.omis.net\/media\/2024\/08\/logo.jpg\",\"width\":300,\"height\":300,\"caption\":\"Omis Spa\"},\"image\":{\"@id\":\"https:\/\/www.omis.net\/it-it\/#\/schema\/logo\/image\/\"},\"sameAs\":[\"https:\/\/www.facebook.com\/omisgroup\",\"https:\/\/www.linkedin.com\/company\/omis-group\",\"https:\/\/www.youtube.com\/channel\/UCS4L59XDk3kKBI9MnjuxWDw\",\"https:\/\/www.instagram.com\/omisgroup\"]}]}<\/script>\n<!-- \/ Yoast SEO plugin. -->","yoast_head_json":{"title":"Bra\u00e7o girat\u00f3rio com plataforma com capacidade de 1000 kg, com raio de a\u00e7\u00e3o de 8 m e rota\u00e7\u00e3o de 270\u00b0 | OMIS","description":"O bra\u00e7o girat\u00f3rio com plataforma e lan\u00e7a em se\u00e7\u00e3o de canal \u00e9 ideal para eleva\u00e7\u00e3o eficiente e segura em ambientes industriais, f\u00e1cil de montar e dispon\u00edvel com carro manual. Com raio de a\u00e7\u00e3o de at\u00e9 8 metros e rota\u00e7\u00e3o de 270\u00b0, ele cobre grandes \u00e1reas de trabalho sem ocupar espa\u00e7o no ch\u00e3o. Ele se prende \u00e0s estruturas existentes, aproveitando o espa\u00e7o do pilar. Saiba mais","robots":{"index":"index","follow":"follow","max-snippet":"max-snippet:-1","max-image-preview":"max-image-preview:large","max-video-preview":"max-video-preview:-1"},"og_locale":"pt_PT","og_type":"article","og_title":"Bra\u00e7o girat\u00f3rio com plataforma com capacidade de 1000 kg, com raio de a\u00e7\u00e3o de 8 m e rota\u00e7\u00e3o de 270\u00b0 | OMIS","og_description":"O bra\u00e7o girat\u00f3rio com plataforma e lan\u00e7a em se\u00e7\u00e3o de canal \u00e9 ideal para eleva\u00e7\u00e3o eficiente e segura em ambientes industriais, f\u00e1cil de montar e dispon\u00edvel com carro manual. Com raio de a\u00e7\u00e3o de at\u00e9 8 metros e rota\u00e7\u00e3o de 270\u00b0, ele cobre grandes \u00e1reas de trabalho sem ocupar espa\u00e7o no ch\u00e3o. Ele se prende \u00e0s estruturas existentes, aproveitando o espa\u00e7o do pilar. Saiba mais","og_url":"https:\/\/www.omis.net\/pt-pt\/produto\/braco-giratorio-na-parede-e-lanca-em-secao-de-canal\/","og_site_name":"Omis Spa","article_publisher":"https:\/\/www.facebook.com\/omisgroup","article_modified_time":"2025-02-03T13:46:30+00:00","og_image":[{"width":2560,"height":1440,"url":"https:\/\/media.omis.net\/media\/2024\/12\/profilejib-crane-m-125kg-front-3d-omis-scaled.webp","type":"image\/webp"}],"twitter_card":"summary_large_image","twitter_misc":{"Est. reading time":"1 minute"},"schema":{"@context":"https:\/\/schema.org","@graph":[{"@type":"WebPage","@id":"https:\/\/www.omis.net\/pt-pt\/produto\/braco-giratorio-na-parede-e-lanca-em-secao-de-canal\/","url":"https:\/\/www.omis.net\/pt-pt\/produto\/braco-giratorio-na-parede-e-lanca-em-secao-de-canal\/","name":"Bra\u00e7o girat\u00f3rio com plataforma com capacidade de 1000 kg, com raio de a\u00e7\u00e3o de 8 m e rota\u00e7\u00e3o de 270\u00b0 | OMIS","isPartOf":{"@id":"https:\/\/www.omis.net\/it-it\/#website"},"primaryImageOfPage":{"@id":"https:\/\/www.omis.net\/pt-pt\/produto\/braco-giratorio-na-parede-e-lanca-em-secao-de-canal\/#primaryimage"},"image":{"@id":"https:\/\/www.omis.net\/pt-pt\/produto\/braco-giratorio-na-parede-e-lanca-em-secao-de-canal\/#primaryimage"},"thumbnailUrl":"https:\/\/media.omis.net\/media\/2024\/12\/profilejib-crane-m-125kg-front-3d-omis-scaled.webp","datePublished":"2024-12-18T09:59:07+00:00","dateModified":"2025-02-03T13:46:30+00:00","description":"O bra\u00e7o girat\u00f3rio com plataforma e lan\u00e7a em se\u00e7\u00e3o de canal \u00e9 ideal para eleva\u00e7\u00e3o eficiente e segura em ambientes industriais, f\u00e1cil de montar e dispon\u00edvel com carro manual. Com raio de a\u00e7\u00e3o de at\u00e9 8 metros e rota\u00e7\u00e3o de 270\u00b0, ele cobre grandes \u00e1reas de trabalho sem ocupar espa\u00e7o no ch\u00e3o. Ele se prende \u00e0s estruturas existentes, aproveitando o espa\u00e7o do pilar. Saiba mais","breadcrumb":{"@id":"https:\/\/www.omis.net\/pt-pt\/produto\/braco-giratorio-na-parede-e-lanca-em-secao-de-canal\/#breadcrumb"},"inLanguage":"pt-pt","potentialAction":[{"@type":"ReadAction","target":["https:\/\/www.omis.net\/pt-pt\/produto\/braco-giratorio-na-parede-e-lanca-em-secao-de-canal\/"]}]},{"@type":"ImageObject","inLanguage":"pt-pt","@id":"https:\/\/www.omis.net\/pt-pt\/produto\/braco-giratorio-na-parede-e-lanca-em-secao-de-canal\/#primaryimage","url":"https:\/\/media.omis.net\/media\/2024\/12\/profilejib-crane-m-125kg-front-3d-omis-scaled.webp","contentUrl":"https:\/\/media.omis.net\/media\/2024\/12\/profilejib-crane-m-125kg-front-3d-omis-scaled.webp","width":2560,"height":1440,"caption":"header - Profilejib crane m 125kg front 3d Omis"},{"@type":"BreadcrumbList","@id":"https:\/\/www.omis.net\/pt-pt\/produto\/braco-giratorio-na-parede-e-lanca-em-secao-de-canal\/#breadcrumb","itemListElement":[{"@type":"ListItem","position":1,"name":"Home","item":"https:\/\/www.omis.net\/pt-pt\/pagina-inicial\/"},{"@type":"ListItem","position":2,"name":"Bra\u00e7o girat\u00f3rio na parede e lan\u00e7a em se\u00e7\u00e3o de canal"}]},{"@type":"WebSite","@id":"https:\/\/www.omis.net\/it-it\/#website","url":"https:\/\/www.omis.net\/it-it\/","name":"Omis Spa","description":"Movimentazione e sollevamento","publisher":{"@id":"https:\/\/www.omis.net\/it-it\/#organization"},"potentialAction":[{"@type":"SearchAction","target":{"@type":"EntryPoint","urlTemplate":"https:\/\/www.omis.net\/it-it\/?s={search_term_string}"},"query-input":{"@type":"PropertyValueSpecification","valueRequired":true,"valueName":"search_term_string"}}],"inLanguage":"pt-pt"},{"@type":"Organization","@id":"https:\/\/www.omis.net\/it-it\/#organization","name":"Omis Spa","url":"https:\/\/www.omis.net\/it-it\/","logo":{"@type":"ImageObject","inLanguage":"pt-pt","@id":"https:\/\/www.omis.net\/it-it\/#\/schema\/logo\/image\/","url":"https:\/\/media.omis.net\/media\/2024\/08\/logo.jpg","contentUrl":"https:\/\/media.omis.net\/media\/2024\/08\/logo.jpg","width":300,"height":300,"caption":"Omis Spa"},"image":{"@id":"https:\/\/www.omis.net\/it-it\/#\/schema\/logo\/image\/"},"sameAs":["https:\/\/www.facebook.com\/omisgroup","https:\/\/www.linkedin.com\/company\/omis-group","https:\/\/www.youtube.com\/channel\/UCS4L59XDk3kKBI9MnjuxWDw","https:\/\/www.instagram.com\/omisgroup"]}]}},"_links":{"self":[{"href":"https:\/\/www.omis.net\/pt-pt\/wp-json\/wp\/v2\/product\/7423"}],"collection":[{"href":"https:\/\/www.omis.net\/pt-pt\/wp-json\/wp\/v2\/product"}],"about":[{"href":"https:\/\/www.omis.net\/pt-pt\/wp-json\/wp\/v2\/types\/product"}],"acf:attachment":[{"embeddable":true,"href":"https:\/\/www.omis.net\/pt-pt\/wp-json\/wp\/v2\/media\/"},{"embeddable":true,"href":"https:\/\/www.omis.net\/pt-pt\/wp-json\/wp\/v2\/media\/13329"},{"embeddable":true,"href":"https:\/\/www.omis.net\/pt-pt\/wp-json\/wp\/v2\/media\/13322"}],"wp:featuredmedia":[{"embeddable":true,"href":"https:\/\/www.omis.net\/pt-pt\/wp-json\/wp\/v2\/media\/13378"}],"wp:attachment":[{"href":"https:\/\/www.omis.net\/pt-pt\/wp-json\/wp\/v2\/media?parent=7423"}],"wp:term":[{"taxonomy":"caratteristica-prodotto","embeddable":true,"href":"https:\/\/www.omis.net\/pt-pt\/wp-json\/wp\/v2\/caratteristica-prodotto?post=7423"},{"taxonomy":"tipologia-prodotto","embeddable":true,"href":"https:\/\/www.omis.net\/pt-pt\/wp-json\/wp\/v2\/tipologia-prodotto?post=7423"}],"curies":[{"name":"wp","href":"https:\/\/api.w.org\/{rel}","templated":true}]}}