{"id":7422,"date":"2024-12-18T10:58:40","date_gmt":"2024-12-18T09:58:40","guid":{"rendered":"http:\/\/bedrock.local\/product\/be\/"},"modified":"2025-02-03T12:54:42","modified_gmt":"2025-02-03T11:54:42","slug":"braco-giratorio-em-coluna-com-lanca-cantilever-e-rotacao-eletrica-360-no-anel-giratorio","status":"publish","type":"product","link":"https:\/\/www.omis.net\/pt-pt\/produto\/braco-giratorio-em-coluna-com-lanca-cantilever-e-rotacao-eletrica-360-no-anel-giratorio\/","title":{"rendered":"Bra\u00e7o girat\u00f3rio em coluna com lan\u00e7a cantil\u00e9ver e rota\u00e7\u00e3o el\u00e9trica 360\u00b0 no anel girat\u00f3rio"},"content":{"rendered":"","protected":false},"featured_media":16189,"parent":0,"template":"","caratteristica-prodotto":[1014],"tipologia-prodotto":[710,716,722],"class_list":["post-7422","product","type-product","status-publish","has-post-thumbnail","hentry","caratteristica-prodotto-rotacao-eletrica","tipologia-prodotto-guindastes-de-estacao-de-trabalho","tipologia-prodotto-braco-giratorio","tipologia-prodotto-de-coluna"],"acf":{"import_csv_id":"23","prodotto_generale_sku":"BE","prodotto_listing_card_descrizione":"O bra\u00e7o girat\u00f3rio com rota\u00e7\u00e3o el\u00e9trica de 360\u00b0 levanta e movimenta cargas pesadas, garantindo a continuidade do movimento e a estabilidade de tor\u00e7\u00e3o gra\u00e7as \u00e0 sua lan\u00e7a cantil\u00e9ver e ao coletor de alimenta\u00e7\u00e3o rotativo. ","prodotto_listing_card_caratteristiche":null,"prodotto_page_gradient_hero":false,"prodotto_page_titolo_hero":"Rota\u00e7\u00e3o el\u00e9trica cont\u00ednua, m\u00e1xima estabilidade de tor\u00e7\u00e3o.","prodotto_page_gallery_hero":[12439],"prodotto_page_descrizione_3_colonne_posizione":false,"prodotto_page_descrizione_3_colonne":[{"valore":"10","unita_di_misura":"t","etichetta":"Capacidade m\u00e1xima"},{"valore":"10","unita_di_misura":"m","etichetta":"Raio de a\u00e7\u00e3o m\u00e1ximo"},{"valore":"360\u00b0","unita_di_misura":"","etichetta":"Rota\u00e7\u00e3o"}],"prodotto_page_descrizione_titolo":"Bra\u00e7o girat\u00f3rio em coluna com lan\u00e7a cantil\u00e9ver e rota\u00e7\u00e3o el\u00e9trica 360\u00b0","prodotto_page_descrizione_3_colonne_testo":"<strong>O bra\u00e7o girat\u00f3rio com rota\u00e7\u00e3o el\u00e9trica cont\u00ednua de 360\u00b0, cantilever ou guindaste de caixa, \u00e9 uma solu\u00e7\u00e3o tecnologicamente avan\u00e7ada e altamente eficiente para o manuseio de cargas pesadas, melhorando muito a flexibilidade operacional em compara\u00e7\u00e3o com os guindastes tradicionais que oferecem uma rota\u00e7\u00e3o limitada a 270\u00b0.<\/strong>\r\n\r\nEquipado com uma robusta lan\u00e7a em viga de perfil em T duplo, esse guindaste foi projetado para executar com precis\u00e3o movimentos de eleva\u00e7\u00e3o, transla\u00e7\u00e3o e manuseio de objetos e materiais em uma variedade de ambientes industriais.\r\nO design inovador inclui um sistema de rota\u00e7\u00e3o el\u00e9trica que permite que o bra\u00e7o gire continuamente e sem interrup\u00e7\u00f5es, um recurso essencial para opera\u00e7\u00f5es complexas e para otimizar os tempos de manuseio. O mecanismo de rota\u00e7\u00e3o \u00e9 facilitado por um coletor de fonte de alimenta\u00e7\u00e3o rotativo que n\u00e3o apenas suporta o movimento ininterrupto, mas tamb\u00e9m garante a confiabilidade e a seguran\u00e7a da opera\u00e7\u00e3o, evitando problemas comuns, como o emaranhamento de cabos de alimenta\u00e7\u00e3o.\r\nA capacidade de giro cont\u00ednuo de 360\u00b0 torna esse guindaste particularmente adequado para ambientes de trabalho onde o espa\u00e7o \u00e9 limitado e a necessidade de mover cargas com rapidez e seguran\u00e7a \u00e9 crucial. Al\u00e9m disso, a autonomia operacional que esse guindaste oferece reduz a depend\u00eancia de outros sistemas de eleva\u00e7\u00e3o, como guindastes de ponte ou empilhadeiras, cuja manuten\u00e7\u00e3o n\u00e3o \u00e9 apenas mais cara, mas tamb\u00e9m menos vers\u00e1til em termos de manuseio nas \u00e1reas de trabalho.\r\nO uso do bra\u00e7o girat\u00f3rio com rota\u00e7\u00e3o el\u00e9trica de 360\u00b0 pode levar a redu\u00e7\u00f5es significativas nos custos operacionais, especialmente na economia de tempo e na redu\u00e7\u00e3o do n\u00famero de pessoal necess\u00e1rio para lidar com as opera\u00e7\u00f5es de eleva\u00e7\u00e3o. Essa redu\u00e7\u00e3o na m\u00e3o de obra n\u00e3o compromete a produtividade; pelo contr\u00e1rio, ela a aumenta devido \u00e0 efici\u00eancia e \u00e0 velocidade da opera\u00e7\u00e3o do guindaste. Os operadores podem contar com um mecanismo de controle intuitivo que facilita a opera\u00e7\u00e3o segura da m\u00e1quina, reduzindo o risco de acidentes e melhorando a efici\u00eancia geral.\r\nA instala\u00e7\u00e3o dessa ponte rolante n\u00e3o s\u00f3 melhora as opera\u00e7\u00f5es de eleva\u00e7\u00e3o, mas tamb\u00e9m contribui para uma melhor organiza\u00e7\u00e3o do espa\u00e7o de trabalho, permitindo um melhor planejamento e utiliza\u00e7\u00e3o das \u00e1reas de produ\u00e7\u00e3o. Com essa solu\u00e7\u00e3o, as empresas podem otimizar seus processos de log\u00edstica e produ\u00e7\u00e3o e, ao mesmo tempo, garantir a seguran\u00e7a e a satisfa\u00e7\u00e3o de seus operadores.","prodotto_page_descrizione_titolo_vantaggi":"Vantagens do bra\u00e7o girat\u00f3rio em coluna com lan\u00e7a cantil\u00e9ver e rota\u00e7\u00e3o el\u00e9trica de 360\u00b0 no anel girat\u00f3rio","prodotto_page_descrizione_vantaggi":[{"titolo":"Operacionalidade de 360","testo":"","link":"","archivio_prodotti":null},{"titolo":"M\u00e1xima estabilidade de tor\u00e7\u00e3o","testo":"","link":"","archivio_prodotti":null},{"titolo":"Rota\u00e7\u00e3o cont\u00ednua da lan\u00e7a","testo":"","link":"","archivio_prodotti":null},{"titolo":"Versatilidade operacional","testo":"","link":"","archivio_prodotti":null},{"titolo":"F\u00e1cil de usar","testo":"","link":"","archivio_prodotti":null},{"titolo":"Maior produtividade e seguran\u00e7a","testo":"","link":"","archivio_prodotti":null}],"prodotto_page_tabs_dati_tecnici":[{"etichetta":"Capacidade","valore":"de 125 kg a 10000 kg"},{"etichetta":"Raio de a\u00e7\u00e3o","valore":"At\u00e9 10 m, dependendo da capacidade"},{"etichetta":"Perfil de raio de a\u00e7\u00e3o","valore":"Perfil de viga em T duplo ou viga em caixa"},{"etichetta":"Rota\u00e7\u00e3o","valore":"360\u00b0 cont\u00ednuo"},{"etichetta":"Rota\u00e7\u00e3o","valore":"El\u00e9trica"},{"etichetta":"Velocidade perif\u00e9rica","valore":"~18 m\/min"},{"etichetta":"Coluna","valore":"Tubo de a\u00e7o com se\u00e7\u00e3o transversal circular. Ele possui, em uma extremidade, uma placa de base perfurada para fixa\u00e7\u00e3o \u00e0 base por meio de buchas qu\u00edmicas ou parafusos de ancoragem e, na outra extremidade, duas placas, uma final e outra intermedi\u00e1ria, para apoiar a lan\u00e7a."},{"etichetta":"Talha","valore":"Talha el\u00e9trica de corrente ou cabo, para eleva\u00e7\u00e3o da carga, com uma ou duas velocidades de eleva\u00e7\u00e3o, com carro de deslocamento el\u00e9trico ou de empurrar."},{"etichetta":"Dispositivo de freio","valore":"Ele consiste em uma embreagem de parafuso ajust\u00e1vel que permite o ajuste do esfor\u00e7o de rota\u00e7\u00e3o da lan\u00e7a e garante um posicionamento est\u00e1vel."}],"prodotto_page_tabs_optionals":[{"titolo":"Pintura personalizada","testo":"A cor da tinta pode ser personalizada para atender a necessidades espec\u00edficas, requisitos de design ou de marca.","immagine":null}],"prodotto_page_tabs_downloads":null,"prodotto_page_gallery":[12461,12447,12454],"prodotto_page_customer_story_titolo":"","prodotto_page_customer_story_list":null,"prodotto_page_applicazioni_list":"- Agricoltura e Alimentare\r\n- Manifatturiero\r\n- Energetico\r\n- Edile e delle costruzioni\r\n- Tecnologie dell'informazione e ICT\r\n- Trasporti e logistica\r\n- Commercio al dettaglio\r\n- Culturale e dell'intrattenimento\r\n- Ambientale e della sostenibilit\u00e0\r\n- Ricerca e sviluppo\r\n- Arti e Artigianato","prodotto_page_faq_list":null,"prodotto_page_testo_prodotti_correlati":"<h2>Produtos relacionados<\/h2>\r\nExplore tamb\u00e9m esses produtos e encontre outras solu\u00e7\u00f5es que sejam adequadas para voc\u00ea.","prodotto_page_lista_prodotti_correlati":"- BE\r\n- BILIF\r\n- BILIS","prodotto_page_titolo_componenti_3d":"","prodotto_page_immagine_iniziale_componenti_3d":null,"prodotto_page_lista_componenti_3d":null,"prodotto_page_titolo_slider_configurazioni":"Produto e configura\u00e7\u00f5es","prodotto_page_lista_immgini_slider_configurazioni":[{"etichetta":"Vista frontal","immagine":12468},{"etichetta":"Vista superior","immagine":12489},{"etichetta":"Perspectiva","immagine":12482},{"etichetta":"Detalhes","immagine":12475}],"prodotto_page_titolo_slider_configurazioni_2":"<h2><\/h2>","prodotto_page_lista_immgini_slider_configurazioni_2":null,"seo_title":"Bra\u00e7o girat\u00f3rio com coluna com rota\u00e7\u00e3o el\u00e9trica cont\u00ednua a 360\u00b0 | OMIS","seo_description":"O bra\u00e7o girat\u00f3rio com rota\u00e7\u00e3o el\u00e9trica cont\u00ednua de 360\u00b0 \u00e9 uma solu\u00e7\u00e3o avan\u00e7ada para o manuseio de cargas pesadas, melhorando a flexibilidade em compara\u00e7\u00e3o com os guindastes tradicionais com rota\u00e7\u00e3o limitada de 270\u00b0 suportada por um coletor rotativo. Com uma lan\u00e7a robusta biviga em T duplo, ele permite movimentos precisos em ambientes industriais. Saiba mais."},"yoast_head":"<!-- This site is optimized with the Yoast SEO plugin v23.9 - https:\/\/yoast.com\/wordpress\/plugins\/seo\/ -->\n<title>Bra\u00e7o girat\u00f3rio com coluna com rota\u00e7\u00e3o el\u00e9trica cont\u00ednua a 360\u00b0 | OMIS<\/title>\n<meta name=\"description\" content=\"O bra\u00e7o girat\u00f3rio com rota\u00e7\u00e3o el\u00e9trica cont\u00ednua de 360\u00b0 \u00e9 uma solu\u00e7\u00e3o avan\u00e7ada para o manuseio de cargas pesadas, melhorando a flexibilidade em compara\u00e7\u00e3o com os guindastes tradicionais com rota\u00e7\u00e3o limitada de 270\u00b0 suportada por um coletor rotativo. Com uma lan\u00e7a robusta biviga em T duplo, ele permite movimentos precisos em ambientes industriais. Saiba mais.\" \/>\n<meta name=\"robots\" content=\"index, follow, max-snippet:-1, max-image-preview:large, max-video-preview:-1\" \/>\n<meta property=\"og:locale\" content=\"pt_PT\" \/>\n<meta property=\"og:type\" content=\"article\" \/>\n<meta property=\"og:title\" content=\"Bra\u00e7o girat\u00f3rio com coluna com rota\u00e7\u00e3o el\u00e9trica cont\u00ednua a 360\u00b0 | OMIS\" \/>\n<meta property=\"og:description\" content=\"O bra\u00e7o girat\u00f3rio com rota\u00e7\u00e3o el\u00e9trica cont\u00ednua de 360\u00b0 \u00e9 uma solu\u00e7\u00e3o avan\u00e7ada para o manuseio de cargas pesadas, melhorando a flexibilidade em compara\u00e7\u00e3o com os guindastes tradicionais com rota\u00e7\u00e3o limitada de 270\u00b0 suportada por um coletor rotativo. Com uma lan\u00e7a robusta biviga em T duplo, ele permite movimentos precisos em ambientes industriais. Saiba mais.\" \/>\n<meta property=\"og:url\" content=\"https:\/\/www.omis.net\/pt-pt\/produto\/braco-giratorio-em-coluna-com-lanca-cantilever-e-rotacao-eletrica-360-no-anel-giratorio\/\" \/>\n<meta property=\"og:site_name\" content=\"Omis Spa\" \/>\n<meta property=\"article:publisher\" content=\"https:\/\/www.facebook.com\/omisgroup\" \/>\n<meta property=\"article:modified_time\" content=\"2025-02-03T11:54:42+00:00\" \/>\n<meta property=\"og:image\" content=\"https:\/\/media.omis.net\/media\/2024\/12\/jib-crane-be-box-type-5000kg-front-3d-omis-scaled.webp\" \/>\n\t<meta property=\"og:image:width\" content=\"2560\" \/>\n\t<meta property=\"og:image:height\" content=\"1440\" \/>\n\t<meta property=\"og:image:type\" content=\"image\/webp\" \/>\n<meta name=\"twitter:card\" content=\"summary_large_image\" \/>\n<meta name=\"twitter:label1\" content=\"Est. reading time\" \/>\n\t<meta name=\"twitter:data1\" content=\"1 minute\" \/>\n<script type=\"application\/ld+json\" class=\"yoast-schema-graph\">{\"@context\":\"https:\/\/schema.org\",\"@graph\":[{\"@type\":\"WebPage\",\"@id\":\"https:\/\/www.omis.net\/pt-pt\/produto\/braco-giratorio-em-coluna-com-lanca-cantilever-e-rotacao-eletrica-360-no-anel-giratorio\/\",\"url\":\"https:\/\/www.omis.net\/pt-pt\/produto\/braco-giratorio-em-coluna-com-lanca-cantilever-e-rotacao-eletrica-360-no-anel-giratorio\/\",\"name\":\"Bra\u00e7o girat\u00f3rio com coluna com rota\u00e7\u00e3o el\u00e9trica cont\u00ednua a 360\u00b0 | OMIS\",\"isPartOf\":{\"@id\":\"https:\/\/www.omis.net\/it-it\/#website\"},\"primaryImageOfPage\":{\"@id\":\"https:\/\/www.omis.net\/pt-pt\/produto\/braco-giratorio-em-coluna-com-lanca-cantilever-e-rotacao-eletrica-360-no-anel-giratorio\/#primaryimage\"},\"image\":{\"@id\":\"https:\/\/www.omis.net\/pt-pt\/produto\/braco-giratorio-em-coluna-com-lanca-cantilever-e-rotacao-eletrica-360-no-anel-giratorio\/#primaryimage\"},\"thumbnailUrl\":\"https:\/\/media.omis.net\/media\/2024\/12\/jib-crane-be-box-type-5000kg-front-3d-omis-scaled.webp\",\"datePublished\":\"2024-12-18T09:58:40+00:00\",\"dateModified\":\"2025-02-03T11:54:42+00:00\",\"description\":\"O bra\u00e7o girat\u00f3rio com rota\u00e7\u00e3o el\u00e9trica cont\u00ednua de 360\u00b0 \u00e9 uma solu\u00e7\u00e3o avan\u00e7ada para o manuseio de cargas pesadas, melhorando a flexibilidade em compara\u00e7\u00e3o com os guindastes tradicionais com rota\u00e7\u00e3o limitada de 270\u00b0 suportada por um coletor rotativo. Com uma lan\u00e7a robusta biviga em T duplo, ele permite movimentos precisos em ambientes industriais. Saiba mais.\",\"breadcrumb\":{\"@id\":\"https:\/\/www.omis.net\/pt-pt\/produto\/braco-giratorio-em-coluna-com-lanca-cantilever-e-rotacao-eletrica-360-no-anel-giratorio\/#breadcrumb\"},\"inLanguage\":\"pt-pt\",\"potentialAction\":[{\"@type\":\"ReadAction\",\"target\":[\"https:\/\/www.omis.net\/pt-pt\/produto\/braco-giratorio-em-coluna-com-lanca-cantilever-e-rotacao-eletrica-360-no-anel-giratorio\/\"]}]},{\"@type\":\"ImageObject\",\"inLanguage\":\"pt-pt\",\"@id\":\"https:\/\/www.omis.net\/pt-pt\/produto\/braco-giratorio-em-coluna-com-lanca-cantilever-e-rotacao-eletrica-360-no-anel-giratorio\/#primaryimage\",\"url\":\"https:\/\/media.omis.net\/media\/2024\/12\/jib-crane-be-box-type-5000kg-front-3d-omis-scaled.webp\",\"contentUrl\":\"https:\/\/media.omis.net\/media\/2024\/12\/jib-crane-be-box-type-5000kg-front-3d-omis-scaled.webp\",\"width\":2560,\"height\":1440,\"caption\":\"products and configurations - Jib crane be box type 5000kg front 3d Omis\"},{\"@type\":\"BreadcrumbList\",\"@id\":\"https:\/\/www.omis.net\/pt-pt\/produto\/braco-giratorio-em-coluna-com-lanca-cantilever-e-rotacao-eletrica-360-no-anel-giratorio\/#breadcrumb\",\"itemListElement\":[{\"@type\":\"ListItem\",\"position\":1,\"name\":\"Home\",\"item\":\"https:\/\/www.omis.net\/pt-pt\/pagina-inicial\/\"},{\"@type\":\"ListItem\",\"position\":2,\"name\":\"Bra\u00e7o girat\u00f3rio em coluna com lan\u00e7a cantil\u00e9ver e rota\u00e7\u00e3o el\u00e9trica 360\u00b0 no anel girat\u00f3rio\"}]},{\"@type\":\"WebSite\",\"@id\":\"https:\/\/www.omis.net\/it-it\/#website\",\"url\":\"https:\/\/www.omis.net\/it-it\/\",\"name\":\"Omis Spa\",\"description\":\"Movimentazione e sollevamento\",\"publisher\":{\"@id\":\"https:\/\/www.omis.net\/it-it\/#organization\"},\"potentialAction\":[{\"@type\":\"SearchAction\",\"target\":{\"@type\":\"EntryPoint\",\"urlTemplate\":\"https:\/\/www.omis.net\/it-it\/?s={search_term_string}\"},\"query-input\":{\"@type\":\"PropertyValueSpecification\",\"valueRequired\":true,\"valueName\":\"search_term_string\"}}],\"inLanguage\":\"pt-pt\"},{\"@type\":\"Organization\",\"@id\":\"https:\/\/www.omis.net\/it-it\/#organization\",\"name\":\"Omis Spa\",\"url\":\"https:\/\/www.omis.net\/it-it\/\",\"logo\":{\"@type\":\"ImageObject\",\"inLanguage\":\"pt-pt\",\"@id\":\"https:\/\/www.omis.net\/it-it\/#\/schema\/logo\/image\/\",\"url\":\"https:\/\/media.omis.net\/media\/2024\/08\/logo.jpg\",\"contentUrl\":\"https:\/\/media.omis.net\/media\/2024\/08\/logo.jpg\",\"width\":300,\"height\":300,\"caption\":\"Omis Spa\"},\"image\":{\"@id\":\"https:\/\/www.omis.net\/it-it\/#\/schema\/logo\/image\/\"},\"sameAs\":[\"https:\/\/www.facebook.com\/omisgroup\",\"https:\/\/www.linkedin.com\/company\/omis-group\",\"https:\/\/www.youtube.com\/channel\/UCS4L59XDk3kKBI9MnjuxWDw\",\"https:\/\/www.instagram.com\/omisgroup\"]}]}<\/script>\n<!-- \/ Yoast SEO plugin. -->","yoast_head_json":{"title":"Bra\u00e7o girat\u00f3rio com coluna com rota\u00e7\u00e3o el\u00e9trica cont\u00ednua a 360\u00b0 | OMIS","description":"O bra\u00e7o girat\u00f3rio com rota\u00e7\u00e3o el\u00e9trica cont\u00ednua de 360\u00b0 \u00e9 uma solu\u00e7\u00e3o avan\u00e7ada para o manuseio de cargas pesadas, melhorando a flexibilidade em compara\u00e7\u00e3o com os guindastes tradicionais com rota\u00e7\u00e3o limitada de 270\u00b0 suportada por um coletor rotativo. Com uma lan\u00e7a robusta biviga em T duplo, ele permite movimentos precisos em ambientes industriais. Saiba mais.","robots":{"index":"index","follow":"follow","max-snippet":"max-snippet:-1","max-image-preview":"max-image-preview:large","max-video-preview":"max-video-preview:-1"},"og_locale":"pt_PT","og_type":"article","og_title":"Bra\u00e7o girat\u00f3rio com coluna com rota\u00e7\u00e3o el\u00e9trica cont\u00ednua a 360\u00b0 | OMIS","og_description":"O bra\u00e7o girat\u00f3rio com rota\u00e7\u00e3o el\u00e9trica cont\u00ednua de 360\u00b0 \u00e9 uma solu\u00e7\u00e3o avan\u00e7ada para o manuseio de cargas pesadas, melhorando a flexibilidade em compara\u00e7\u00e3o com os guindastes tradicionais com rota\u00e7\u00e3o limitada de 270\u00b0 suportada por um coletor rotativo. Com uma lan\u00e7a robusta biviga em T duplo, ele permite movimentos precisos em ambientes industriais. Saiba mais.","og_url":"https:\/\/www.omis.net\/pt-pt\/produto\/braco-giratorio-em-coluna-com-lanca-cantilever-e-rotacao-eletrica-360-no-anel-giratorio\/","og_site_name":"Omis Spa","article_publisher":"https:\/\/www.facebook.com\/omisgroup","article_modified_time":"2025-02-03T11:54:42+00:00","og_image":[{"width":2560,"height":1440,"url":"https:\/\/media.omis.net\/media\/2024\/12\/jib-crane-be-box-type-5000kg-front-3d-omis-scaled.webp","type":"image\/webp"}],"twitter_card":"summary_large_image","twitter_misc":{"Est. reading time":"1 minute"},"schema":{"@context":"https:\/\/schema.org","@graph":[{"@type":"WebPage","@id":"https:\/\/www.omis.net\/pt-pt\/produto\/braco-giratorio-em-coluna-com-lanca-cantilever-e-rotacao-eletrica-360-no-anel-giratorio\/","url":"https:\/\/www.omis.net\/pt-pt\/produto\/braco-giratorio-em-coluna-com-lanca-cantilever-e-rotacao-eletrica-360-no-anel-giratorio\/","name":"Bra\u00e7o girat\u00f3rio com coluna com rota\u00e7\u00e3o el\u00e9trica cont\u00ednua a 360\u00b0 | OMIS","isPartOf":{"@id":"https:\/\/www.omis.net\/it-it\/#website"},"primaryImageOfPage":{"@id":"https:\/\/www.omis.net\/pt-pt\/produto\/braco-giratorio-em-coluna-com-lanca-cantilever-e-rotacao-eletrica-360-no-anel-giratorio\/#primaryimage"},"image":{"@id":"https:\/\/www.omis.net\/pt-pt\/produto\/braco-giratorio-em-coluna-com-lanca-cantilever-e-rotacao-eletrica-360-no-anel-giratorio\/#primaryimage"},"thumbnailUrl":"https:\/\/media.omis.net\/media\/2024\/12\/jib-crane-be-box-type-5000kg-front-3d-omis-scaled.webp","datePublished":"2024-12-18T09:58:40+00:00","dateModified":"2025-02-03T11:54:42+00:00","description":"O bra\u00e7o girat\u00f3rio com rota\u00e7\u00e3o el\u00e9trica cont\u00ednua de 360\u00b0 \u00e9 uma solu\u00e7\u00e3o avan\u00e7ada para o manuseio de cargas pesadas, melhorando a flexibilidade em compara\u00e7\u00e3o com os guindastes tradicionais com rota\u00e7\u00e3o limitada de 270\u00b0 suportada por um coletor rotativo. Com uma lan\u00e7a robusta biviga em T duplo, ele permite movimentos precisos em ambientes industriais. Saiba mais.","breadcrumb":{"@id":"https:\/\/www.omis.net\/pt-pt\/produto\/braco-giratorio-em-coluna-com-lanca-cantilever-e-rotacao-eletrica-360-no-anel-giratorio\/#breadcrumb"},"inLanguage":"pt-pt","potentialAction":[{"@type":"ReadAction","target":["https:\/\/www.omis.net\/pt-pt\/produto\/braco-giratorio-em-coluna-com-lanca-cantilever-e-rotacao-eletrica-360-no-anel-giratorio\/"]}]},{"@type":"ImageObject","inLanguage":"pt-pt","@id":"https:\/\/www.omis.net\/pt-pt\/produto\/braco-giratorio-em-coluna-com-lanca-cantilever-e-rotacao-eletrica-360-no-anel-giratorio\/#primaryimage","url":"https:\/\/media.omis.net\/media\/2024\/12\/jib-crane-be-box-type-5000kg-front-3d-omis-scaled.webp","contentUrl":"https:\/\/media.omis.net\/media\/2024\/12\/jib-crane-be-box-type-5000kg-front-3d-omis-scaled.webp","width":2560,"height":1440,"caption":"products and configurations - Jib crane be box type 5000kg front 3d Omis"},{"@type":"BreadcrumbList","@id":"https:\/\/www.omis.net\/pt-pt\/produto\/braco-giratorio-em-coluna-com-lanca-cantilever-e-rotacao-eletrica-360-no-anel-giratorio\/#breadcrumb","itemListElement":[{"@type":"ListItem","position":1,"name":"Home","item":"https:\/\/www.omis.net\/pt-pt\/pagina-inicial\/"},{"@type":"ListItem","position":2,"name":"Bra\u00e7o girat\u00f3rio em coluna com lan\u00e7a cantil\u00e9ver e rota\u00e7\u00e3o el\u00e9trica 360\u00b0 no anel girat\u00f3rio"}]},{"@type":"WebSite","@id":"https:\/\/www.omis.net\/it-it\/#website","url":"https:\/\/www.omis.net\/it-it\/","name":"Omis Spa","description":"Movimentazione e sollevamento","publisher":{"@id":"https:\/\/www.omis.net\/it-it\/#organization"},"potentialAction":[{"@type":"SearchAction","target":{"@type":"EntryPoint","urlTemplate":"https:\/\/www.omis.net\/it-it\/?s={search_term_string}"},"query-input":{"@type":"PropertyValueSpecification","valueRequired":true,"valueName":"search_term_string"}}],"inLanguage":"pt-pt"},{"@type":"Organization","@id":"https:\/\/www.omis.net\/it-it\/#organization","name":"Omis Spa","url":"https:\/\/www.omis.net\/it-it\/","logo":{"@type":"ImageObject","inLanguage":"pt-pt","@id":"https:\/\/www.omis.net\/it-it\/#\/schema\/logo\/image\/","url":"https:\/\/media.omis.net\/media\/2024\/08\/logo.jpg","contentUrl":"https:\/\/media.omis.net\/media\/2024\/08\/logo.jpg","width":300,"height":300,"caption":"Omis Spa"},"image":{"@id":"https:\/\/www.omis.net\/it-it\/#\/schema\/logo\/image\/"},"sameAs":["https:\/\/www.facebook.com\/omisgroup","https:\/\/www.linkedin.com\/company\/omis-group","https:\/\/www.youtube.com\/channel\/UCS4L59XDk3kKBI9MnjuxWDw","https:\/\/www.instagram.com\/omisgroup"]}]}},"_links":{"self":[{"href":"https:\/\/www.omis.net\/pt-pt\/wp-json\/wp\/v2\/product\/7422"}],"collection":[{"href":"https:\/\/www.omis.net\/pt-pt\/wp-json\/wp\/v2\/product"}],"about":[{"href":"https:\/\/www.omis.net\/pt-pt\/wp-json\/wp\/v2\/types\/product"}],"acf:attachment":[{"embeddable":true,"href":"https:\/\/www.omis.net\/pt-pt\/wp-json\/wp\/v2\/media\/12454"},{"embeddable":true,"href":"https:\/\/www.omis.net\/pt-pt\/wp-json\/wp\/v2\/media\/12447"},{"embeddable":true,"href":"https:\/\/www.omis.net\/pt-pt\/wp-json\/wp\/v2\/media\/12461"},{"embeddable":true,"href":"https:\/\/www.omis.net\/pt-pt\/wp-json\/wp\/v2\/media\/12439"}],"wp:featuredmedia":[{"embeddable":true,"href":"https:\/\/www.omis.net\/pt-pt\/wp-json\/wp\/v2\/media\/16189"}],"wp:attachment":[{"href":"https:\/\/www.omis.net\/pt-pt\/wp-json\/wp\/v2\/media?parent=7422"}],"wp:term":[{"taxonomy":"caratteristica-prodotto","embeddable":true,"href":"https:\/\/www.omis.net\/pt-pt\/wp-json\/wp\/v2\/caratteristica-prodotto?post=7422"},{"taxonomy":"tipologia-prodotto","embeddable":true,"href":"https:\/\/www.omis.net\/pt-pt\/wp-json\/wp\/v2\/tipologia-prodotto?post=7422"}],"curies":[{"name":"wp","href":"https:\/\/api.w.org\/{rel}","templated":true}]}}