{"id":7419,"date":"2024-12-18T10:57:07","date_gmt":"2024-12-18T09:57:07","guid":{"rendered":"http:\/\/bedrock.local\/product\/c2t2b\/"},"modified":"2025-02-03T12:55:59","modified_gmt":"2025-02-03T11:55:59","slug":"braco-giratorio-em-coluna-com-lanca-dupla-em-viga-com-tirantes","status":"publish","type":"product","link":"https:\/\/www.omis.net\/pt-pt\/produto\/braco-giratorio-em-coluna-com-lanca-dupla-em-viga-com-tirantes\/","title":{"rendered":"Bra\u00e7o girat\u00f3rio em coluna com lan\u00e7a dupla em viga com tirantes"},"content":{"rendered":"","protected":false},"featured_media":12980,"parent":0,"template":"","caratteristica-prodotto":[1013],"tipologia-prodotto":[710,716,722],"class_list":["post-7419","product","type-product","status-publish","has-post-thumbnail","hentry","caratteristica-prodotto-rotacao-manual","tipologia-prodotto-guindastes-de-estacao-de-trabalho","tipologia-prodotto-braco-giratorio","tipologia-prodotto-de-coluna"],"acf":{"import_csv_id":"20","prodotto_generale_sku":"C2T2B","prodotto_listing_card_descrizione":"O bra\u00e7o girat\u00f3rio em coluna com lan\u00e7a dupla na vers\u00e3o com tirantes \u00e9 particularmente adequado para capacidades e raios de a\u00e7\u00e3o maiores, em compara\u00e7\u00e3o com a vers\u00e3o viga cantil\u00e9ver.","prodotto_listing_card_caratteristiche":null,"prodotto_page_gradient_hero":false,"prodotto_page_titolo_hero":"M\u00e1xima autonomia para cargas e raios de a\u00e7\u00e3o elevados.","prodotto_page_gallery_hero":[12945],"prodotto_page_descrizione_3_colonne_posizione":false,"prodotto_page_descrizione_3_colonne":[{"valore":"1000","unita_di_misura":"kg","etichetta":"Capacidade m\u00e1xima"},{"valore":"8","unita_di_misura":"m","etichetta":"Raio de a\u00e7\u00e3o m\u00e1ximo"},{"valore":"270\u00b0","unita_di_misura":"","etichetta":"Rota\u00e7\u00e3o"}],"prodotto_page_descrizione_titolo":"Bra\u00e7o girat\u00f3rio em coluna com lan\u00e7a dupla em viga com tirantes com capacidade de at\u00e9 1000 kg + 1000 kg","prodotto_page_descrizione_3_colonne_testo":"<strong>O bra\u00e7o girat\u00f3rio com lan\u00e7a dupla \u00e9 uma op\u00e7\u00e3o conveniente e funcional para proporcionar autonomia a uma \u00e1rea de trabalho que, de outra forma, exigiria o uso de dois bra\u00e7os girat\u00f3rios tradicionais. Essa solu\u00e7\u00e3o elimina efetivamente as dificuldades de manuseio de cargas em espa\u00e7os confinados, onde outros sistemas de eleva\u00e7\u00e3o n\u00e3o poderiam ser utilizados.<\/strong>\r\n\r\nOs bra\u00e7os girat\u00f3rios em coluna, equipados com bra\u00e7os de lan\u00e7a simples ou com m\u00faltiplos tirantes, oferecem excelente capacidade de manobra e s\u00f3lida estabilidade do carro, mesmo ao manusear cargas pesadas e se estender por longas dist\u00e2ncias. O pre\u00e7o acess\u00edvel, tanto em termos de compra quanto de instala\u00e7\u00e3o, e a facilidade de uso fazem dessas pontes rolantes a solu\u00e7\u00e3o ideal para as necessidades de manuseio em ambientes industriais e canteiros de obras, facilitando a autonomia das esta\u00e7\u00f5es de trabalho que, de outra forma, dependeriam de pontes rolantes ou empilhadeiras. Os rolamentos instalados no mecanismo de rota\u00e7\u00e3o garantem um movimento suave e sem solavancos. O bra\u00e7o girat\u00f3rio est\u00e1 dispon\u00edvel com op\u00e7\u00f5es de empurrador manual, carro mec\u00e2nico ou el\u00e9trico, e todas as variantes s\u00e3o fornecidas completas com um sistema de alimenta\u00e7\u00e3o de energia. A lan\u00e7a suspensa em um bra\u00e7o girat\u00f3rio em coluna oferece uma clara vantagem em rela\u00e7\u00e3o aos modelos de canal, permitindo a motoriza\u00e7\u00e3o do carro e o manuseio de cargas mais pesadas e lan\u00e7as mais longas.","prodotto_page_descrizione_titolo_vantaggi":"Vantagens do bra\u00e7o girat\u00f3rio em coluna com lan\u00e7a dupla em viga com tirantes","prodotto_page_descrizione_vantaggi":[{"titolo":"Versatilidade operacional","testo":"","link":"","archivio_prodotti":null},{"titolo":"Excelente capacidade de manobra","testo":"","link":"","archivio_prodotti":null},{"titolo":"F\u00e1cil instala\u00e7\u00e3o","testo":"","link":"","archivio_prodotti":null},{"titolo":"Adequado para elevados raios de a\u00e7\u00e3o e capacidades","testo":"","link":"","archivio_prodotti":null},{"titolo":"Maior produtividade e seguran\u00e7a","testo":"","link":"","archivio_prodotti":null}],"prodotto_page_tabs_dati_tecnici":[{"etichetta":"Capacidade","valore":"de 125 kg a 1000 kg"},{"etichetta":"Raio de a\u00e7\u00e3o","valore":"At\u00e9 8 m, dependendo da capacidade"},{"etichetta":"Perfil de raio de a\u00e7\u00e3o","valore":"Perfil em forma de \u00f4mega dobrado por press\u00e3o"},{"etichetta":"Rota\u00e7\u00e3o","valore":"270\u00b0 com parada de ajuste ajust\u00e1vel no local, dependendo das dimens\u00f5es arquitet\u00f4nicas"},{"etichetta":"Rota\u00e7\u00e3o","valore":"Manual"},{"etichetta":"Coluna","valore":"Tubo de a\u00e7o com se\u00e7\u00e3o transversal circular. Ele possui, em uma extremidade, uma placa de base perfurada para fixa\u00e7\u00e3o \u00e0 base por meio de buchas qu\u00edmicas ou parafusos de ancoragem e, na outra extremidade, duas placas, uma final e outra intermedi\u00e1ria, para apoiar a lan\u00e7a."},{"etichetta":"Talha","valore":"Talha el\u00e9trica de corrente, para eleva\u00e7\u00e3o da carga, com uma ou duas velocidades de eleva\u00e7\u00e3o,com carro de deslocamento el\u00e9trico, de empurrar ou mec\u00e2nico."},{"etichetta":"Dispositivo de freio","valore":"Ele consiste em uma embreagem de parafuso ajust\u00e1vel que permite o ajuste do esfor\u00e7o de rota\u00e7\u00e3o da lan\u00e7a e garante um posicionamento est\u00e1vel."}],"prodotto_page_tabs_optionals":[{"titolo":"Pintura personalizada","testo":"A cor da tinta pode ser personalizada para atender a necessidades espec\u00edficas, requisitos de design ou de marca.","immagine":null}],"prodotto_page_tabs_downloads":null,"prodotto_page_gallery":[null],"prodotto_page_customer_story_titolo":"","prodotto_page_customer_story_list":null,"prodotto_page_applicazioni_list":"- Agricoltura e Alimentare\r\n- Manifatturiero\r\n- Energetico\r\n- Edile e delle costruzioni\r\n- Tecnologie dell'informazione e ICT\r\n- Trasporti e logistica\r\n- Commercio al dettaglio\r\n- Culturale e dell'intrattenimento\r\n- Ambientale e della sostenibilit\u00e0\r\n- Ricerca e sviluppo\r\n- Arti e Artigianato","prodotto_page_faq_list":null,"prodotto_page_testo_prodotti_correlati":"<h2>Produtos relacionados<\/h2>\r\nExplore tamb\u00e9m esses produtos e encontre outras solu\u00e7\u00f5es que sejam adequadas para voc\u00ea.","prodotto_page_lista_prodotti_correlati":"- C2B\r\n- CT2B\r\n- BM","prodotto_page_titolo_componenti_3d":"","prodotto_page_immagine_iniziale_componenti_3d":null,"prodotto_page_lista_componenti_3d":null,"prodotto_page_titolo_slider_configurazioni":"Produto e configura\u00e7\u00f5es","prodotto_page_lista_immgini_slider_configurazioni":[{"etichetta":"Vista frontal","immagine":12959},{"etichetta":"Vista superior","immagine":12973},{"etichetta":"Perspectiva","immagine":12952},{"etichetta":"Detalhes","immagine":12966}],"prodotto_page_titolo_slider_configurazioni_2":"<h2><\/h2>","prodotto_page_lista_immgini_slider_configurazioni_2":null,"seo_title":"Guindaste de rota\u00e7\u00e3o manual com capacidade de at\u00e9 1000+1000 kg | OMIS","seo_description":"O bra\u00e7o girat\u00f3rio com lan\u00e7a dupla, equipado com lan\u00e7as de lan\u00e7a simples ou com m\u00faltiplos tirantes, oferece excelente capacidade de manobra e s\u00f3lida estabilidade do carro, mesmo ao manusear cargas pesadas e se estender por longas dist\u00e2ncias. Dispon\u00edvel com op\u00e7\u00f5es de carro de empurrar manual, mec\u00e2nico ou el\u00e9trico, e todas as variantes s\u00e3o fornecidas completas com um sistema de alimenta\u00e7\u00e3o de energia. Saiba mais"},"yoast_head":"<!-- This site is optimized with the Yoast SEO plugin v23.9 - https:\/\/yoast.com\/wordpress\/plugins\/seo\/ -->\n<title>Guindaste de rota\u00e7\u00e3o manual com capacidade de at\u00e9 1000+1000 kg | OMIS<\/title>\n<meta name=\"description\" content=\"O bra\u00e7o girat\u00f3rio com lan\u00e7a dupla, equipado com lan\u00e7as de lan\u00e7a simples ou com m\u00faltiplos tirantes, oferece excelente capacidade de manobra e s\u00f3lida estabilidade do carro, mesmo ao manusear cargas pesadas e se estender por longas dist\u00e2ncias. Dispon\u00edvel com op\u00e7\u00f5es de carro de empurrar manual, mec\u00e2nico ou el\u00e9trico, e todas as variantes s\u00e3o fornecidas completas com um sistema de alimenta\u00e7\u00e3o de energia. Saiba mais\" \/>\n<meta name=\"robots\" content=\"index, follow, max-snippet:-1, max-image-preview:large, max-video-preview:-1\" \/>\n<meta property=\"og:locale\" content=\"pt_PT\" \/>\n<meta property=\"og:type\" content=\"article\" \/>\n<meta property=\"og:title\" content=\"Guindaste de rota\u00e7\u00e3o manual com capacidade de at\u00e9 1000+1000 kg | OMIS\" \/>\n<meta property=\"og:description\" content=\"O bra\u00e7o girat\u00f3rio com lan\u00e7a dupla, equipado com lan\u00e7as de lan\u00e7a simples ou com m\u00faltiplos tirantes, oferece excelente capacidade de manobra e s\u00f3lida estabilidade do carro, mesmo ao manusear cargas pesadas e se estender por longas dist\u00e2ncias. Dispon\u00edvel com op\u00e7\u00f5es de carro de empurrar manual, mec\u00e2nico ou el\u00e9trico, e todas as variantes s\u00e3o fornecidas completas com um sistema de alimenta\u00e7\u00e3o de energia. Saiba mais\" \/>\n<meta property=\"og:url\" content=\"https:\/\/www.omis.net\/pt-pt\/produto\/braco-giratorio-em-coluna-com-lanca-dupla-em-viga-com-tirantes\/\" \/>\n<meta property=\"og:site_name\" content=\"Omis Spa\" \/>\n<meta property=\"article:publisher\" content=\"https:\/\/www.facebook.com\/omisgroup\" \/>\n<meta property=\"article:modified_time\" content=\"2025-02-03T11:55:59+00:00\" \/>\n<meta property=\"og:image\" content=\"https:\/\/media.omis.net\/media\/2024\/12\/profile-c2t2bjib-crane-c2t2b-front-3d-omis-scaled.webp\" \/>\n\t<meta property=\"og:image:width\" content=\"2560\" \/>\n\t<meta property=\"og:image:height\" content=\"1440\" \/>\n\t<meta property=\"og:image:type\" content=\"image\/webp\" \/>\n<meta name=\"twitter:card\" content=\"summary_large_image\" \/>\n<meta name=\"twitter:label1\" content=\"Est. reading time\" \/>\n\t<meta name=\"twitter:data1\" content=\"1 minute\" \/>\n<script type=\"application\/ld+json\" class=\"yoast-schema-graph\">{\"@context\":\"https:\/\/schema.org\",\"@graph\":[{\"@type\":\"WebPage\",\"@id\":\"https:\/\/www.omis.net\/pt-pt\/produto\/braco-giratorio-em-coluna-com-lanca-dupla-em-viga-com-tirantes\/\",\"url\":\"https:\/\/www.omis.net\/pt-pt\/produto\/braco-giratorio-em-coluna-com-lanca-dupla-em-viga-com-tirantes\/\",\"name\":\"Guindaste de rota\u00e7\u00e3o manual com capacidade de at\u00e9 1000+1000 kg | OMIS\",\"isPartOf\":{\"@id\":\"https:\/\/www.omis.net\/it-it\/#website\"},\"primaryImageOfPage\":{\"@id\":\"https:\/\/www.omis.net\/pt-pt\/produto\/braco-giratorio-em-coluna-com-lanca-dupla-em-viga-com-tirantes\/#primaryimage\"},\"image\":{\"@id\":\"https:\/\/www.omis.net\/pt-pt\/produto\/braco-giratorio-em-coluna-com-lanca-dupla-em-viga-com-tirantes\/#primaryimage\"},\"thumbnailUrl\":\"https:\/\/media.omis.net\/media\/2024\/12\/profile-c2t2bjib-crane-c2t2b-front-3d-omis-scaled.webp\",\"datePublished\":\"2024-12-18T09:57:07+00:00\",\"dateModified\":\"2025-02-03T11:55:59+00:00\",\"description\":\"O bra\u00e7o girat\u00f3rio com lan\u00e7a dupla, equipado com lan\u00e7as de lan\u00e7a simples ou com m\u00faltiplos tirantes, oferece excelente capacidade de manobra e s\u00f3lida estabilidade do carro, mesmo ao manusear cargas pesadas e se estender por longas dist\u00e2ncias. Dispon\u00edvel com op\u00e7\u00f5es de carro de empurrar manual, mec\u00e2nico ou el\u00e9trico, e todas as variantes s\u00e3o fornecidas completas com um sistema de alimenta\u00e7\u00e3o de energia. Saiba mais\",\"breadcrumb\":{\"@id\":\"https:\/\/www.omis.net\/pt-pt\/produto\/braco-giratorio-em-coluna-com-lanca-dupla-em-viga-com-tirantes\/#breadcrumb\"},\"inLanguage\":\"pt-pt\",\"potentialAction\":[{\"@type\":\"ReadAction\",\"target\":[\"https:\/\/www.omis.net\/pt-pt\/produto\/braco-giratorio-em-coluna-com-lanca-dupla-em-viga-com-tirantes\/\"]}]},{\"@type\":\"ImageObject\",\"inLanguage\":\"pt-pt\",\"@id\":\"https:\/\/www.omis.net\/pt-pt\/produto\/braco-giratorio-em-coluna-com-lanca-dupla-em-viga-com-tirantes\/#primaryimage\",\"url\":\"https:\/\/media.omis.net\/media\/2024\/12\/profile-c2t2bjib-crane-c2t2b-front-3d-omis-scaled.webp\",\"contentUrl\":\"https:\/\/media.omis.net\/media\/2024\/12\/profile-c2t2bjib-crane-c2t2b-front-3d-omis-scaled.webp\",\"width\":2560,\"height\":1440,\"caption\":\"header - Profile c2t2bjib crane c2t2b front 3d Omis\"},{\"@type\":\"BreadcrumbList\",\"@id\":\"https:\/\/www.omis.net\/pt-pt\/produto\/braco-giratorio-em-coluna-com-lanca-dupla-em-viga-com-tirantes\/#breadcrumb\",\"itemListElement\":[{\"@type\":\"ListItem\",\"position\":1,\"name\":\"Home\",\"item\":\"https:\/\/www.omis.net\/pt-pt\/pagina-inicial\/\"},{\"@type\":\"ListItem\",\"position\":2,\"name\":\"Bra\u00e7o girat\u00f3rio em coluna com lan\u00e7a dupla em viga com tirantes\"}]},{\"@type\":\"WebSite\",\"@id\":\"https:\/\/www.omis.net\/it-it\/#website\",\"url\":\"https:\/\/www.omis.net\/it-it\/\",\"name\":\"Omis Spa\",\"description\":\"Movimentazione e sollevamento\",\"publisher\":{\"@id\":\"https:\/\/www.omis.net\/it-it\/#organization\"},\"potentialAction\":[{\"@type\":\"SearchAction\",\"target\":{\"@type\":\"EntryPoint\",\"urlTemplate\":\"https:\/\/www.omis.net\/it-it\/?s={search_term_string}\"},\"query-input\":{\"@type\":\"PropertyValueSpecification\",\"valueRequired\":true,\"valueName\":\"search_term_string\"}}],\"inLanguage\":\"pt-pt\"},{\"@type\":\"Organization\",\"@id\":\"https:\/\/www.omis.net\/it-it\/#organization\",\"name\":\"Omis Spa\",\"url\":\"https:\/\/www.omis.net\/it-it\/\",\"logo\":{\"@type\":\"ImageObject\",\"inLanguage\":\"pt-pt\",\"@id\":\"https:\/\/www.omis.net\/it-it\/#\/schema\/logo\/image\/\",\"url\":\"https:\/\/media.omis.net\/media\/2024\/08\/logo.jpg\",\"contentUrl\":\"https:\/\/media.omis.net\/media\/2024\/08\/logo.jpg\",\"width\":300,\"height\":300,\"caption\":\"Omis Spa\"},\"image\":{\"@id\":\"https:\/\/www.omis.net\/it-it\/#\/schema\/logo\/image\/\"},\"sameAs\":[\"https:\/\/www.facebook.com\/omisgroup\",\"https:\/\/www.linkedin.com\/company\/omis-group\",\"https:\/\/www.youtube.com\/channel\/UCS4L59XDk3kKBI9MnjuxWDw\",\"https:\/\/www.instagram.com\/omisgroup\"]}]}<\/script>\n<!-- \/ Yoast SEO plugin. -->","yoast_head_json":{"title":"Guindaste de rota\u00e7\u00e3o manual com capacidade de at\u00e9 1000+1000 kg | OMIS","description":"O bra\u00e7o girat\u00f3rio com lan\u00e7a dupla, equipado com lan\u00e7as de lan\u00e7a simples ou com m\u00faltiplos tirantes, oferece excelente capacidade de manobra e s\u00f3lida estabilidade do carro, mesmo ao manusear cargas pesadas e se estender por longas dist\u00e2ncias. Dispon\u00edvel com op\u00e7\u00f5es de carro de empurrar manual, mec\u00e2nico ou el\u00e9trico, e todas as variantes s\u00e3o fornecidas completas com um sistema de alimenta\u00e7\u00e3o de energia. Saiba mais","robots":{"index":"index","follow":"follow","max-snippet":"max-snippet:-1","max-image-preview":"max-image-preview:large","max-video-preview":"max-video-preview:-1"},"og_locale":"pt_PT","og_type":"article","og_title":"Guindaste de rota\u00e7\u00e3o manual com capacidade de at\u00e9 1000+1000 kg | OMIS","og_description":"O bra\u00e7o girat\u00f3rio com lan\u00e7a dupla, equipado com lan\u00e7as de lan\u00e7a simples ou com m\u00faltiplos tirantes, oferece excelente capacidade de manobra e s\u00f3lida estabilidade do carro, mesmo ao manusear cargas pesadas e se estender por longas dist\u00e2ncias. Dispon\u00edvel com op\u00e7\u00f5es de carro de empurrar manual, mec\u00e2nico ou el\u00e9trico, e todas as variantes s\u00e3o fornecidas completas com um sistema de alimenta\u00e7\u00e3o de energia. Saiba mais","og_url":"https:\/\/www.omis.net\/pt-pt\/produto\/braco-giratorio-em-coluna-com-lanca-dupla-em-viga-com-tirantes\/","og_site_name":"Omis Spa","article_publisher":"https:\/\/www.facebook.com\/omisgroup","article_modified_time":"2025-02-03T11:55:59+00:00","og_image":[{"width":2560,"height":1440,"url":"https:\/\/media.omis.net\/media\/2024\/12\/profile-c2t2bjib-crane-c2t2b-front-3d-omis-scaled.webp","type":"image\/webp"}],"twitter_card":"summary_large_image","twitter_misc":{"Est. reading time":"1 minute"},"schema":{"@context":"https:\/\/schema.org","@graph":[{"@type":"WebPage","@id":"https:\/\/www.omis.net\/pt-pt\/produto\/braco-giratorio-em-coluna-com-lanca-dupla-em-viga-com-tirantes\/","url":"https:\/\/www.omis.net\/pt-pt\/produto\/braco-giratorio-em-coluna-com-lanca-dupla-em-viga-com-tirantes\/","name":"Guindaste de rota\u00e7\u00e3o manual com capacidade de at\u00e9 1000+1000 kg | OMIS","isPartOf":{"@id":"https:\/\/www.omis.net\/it-it\/#website"},"primaryImageOfPage":{"@id":"https:\/\/www.omis.net\/pt-pt\/produto\/braco-giratorio-em-coluna-com-lanca-dupla-em-viga-com-tirantes\/#primaryimage"},"image":{"@id":"https:\/\/www.omis.net\/pt-pt\/produto\/braco-giratorio-em-coluna-com-lanca-dupla-em-viga-com-tirantes\/#primaryimage"},"thumbnailUrl":"https:\/\/media.omis.net\/media\/2024\/12\/profile-c2t2bjib-crane-c2t2b-front-3d-omis-scaled.webp","datePublished":"2024-12-18T09:57:07+00:00","dateModified":"2025-02-03T11:55:59+00:00","description":"O bra\u00e7o girat\u00f3rio com lan\u00e7a dupla, equipado com lan\u00e7as de lan\u00e7a simples ou com m\u00faltiplos tirantes, oferece excelente capacidade de manobra e s\u00f3lida estabilidade do carro, mesmo ao manusear cargas pesadas e se estender por longas dist\u00e2ncias. Dispon\u00edvel com op\u00e7\u00f5es de carro de empurrar manual, mec\u00e2nico ou el\u00e9trico, e todas as variantes s\u00e3o fornecidas completas com um sistema de alimenta\u00e7\u00e3o de energia. Saiba mais","breadcrumb":{"@id":"https:\/\/www.omis.net\/pt-pt\/produto\/braco-giratorio-em-coluna-com-lanca-dupla-em-viga-com-tirantes\/#breadcrumb"},"inLanguage":"pt-pt","potentialAction":[{"@type":"ReadAction","target":["https:\/\/www.omis.net\/pt-pt\/produto\/braco-giratorio-em-coluna-com-lanca-dupla-em-viga-com-tirantes\/"]}]},{"@type":"ImageObject","inLanguage":"pt-pt","@id":"https:\/\/www.omis.net\/pt-pt\/produto\/braco-giratorio-em-coluna-com-lanca-dupla-em-viga-com-tirantes\/#primaryimage","url":"https:\/\/media.omis.net\/media\/2024\/12\/profile-c2t2bjib-crane-c2t2b-front-3d-omis-scaled.webp","contentUrl":"https:\/\/media.omis.net\/media\/2024\/12\/profile-c2t2bjib-crane-c2t2b-front-3d-omis-scaled.webp","width":2560,"height":1440,"caption":"header - Profile c2t2bjib crane c2t2b front 3d Omis"},{"@type":"BreadcrumbList","@id":"https:\/\/www.omis.net\/pt-pt\/produto\/braco-giratorio-em-coluna-com-lanca-dupla-em-viga-com-tirantes\/#breadcrumb","itemListElement":[{"@type":"ListItem","position":1,"name":"Home","item":"https:\/\/www.omis.net\/pt-pt\/pagina-inicial\/"},{"@type":"ListItem","position":2,"name":"Bra\u00e7o girat\u00f3rio em coluna com lan\u00e7a dupla em viga com tirantes"}]},{"@type":"WebSite","@id":"https:\/\/www.omis.net\/it-it\/#website","url":"https:\/\/www.omis.net\/it-it\/","name":"Omis Spa","description":"Movimentazione e sollevamento","publisher":{"@id":"https:\/\/www.omis.net\/it-it\/#organization"},"potentialAction":[{"@type":"SearchAction","target":{"@type":"EntryPoint","urlTemplate":"https:\/\/www.omis.net\/it-it\/?s={search_term_string}"},"query-input":{"@type":"PropertyValueSpecification","valueRequired":true,"valueName":"search_term_string"}}],"inLanguage":"pt-pt"},{"@type":"Organization","@id":"https:\/\/www.omis.net\/it-it\/#organization","name":"Omis Spa","url":"https:\/\/www.omis.net\/it-it\/","logo":{"@type":"ImageObject","inLanguage":"pt-pt","@id":"https:\/\/www.omis.net\/it-it\/#\/schema\/logo\/image\/","url":"https:\/\/media.omis.net\/media\/2024\/08\/logo.jpg","contentUrl":"https:\/\/media.omis.net\/media\/2024\/08\/logo.jpg","width":300,"height":300,"caption":"Omis Spa"},"image":{"@id":"https:\/\/www.omis.net\/it-it\/#\/schema\/logo\/image\/"},"sameAs":["https:\/\/www.facebook.com\/omisgroup","https:\/\/www.linkedin.com\/company\/omis-group","https:\/\/www.youtube.com\/channel\/UCS4L59XDk3kKBI9MnjuxWDw","https:\/\/www.instagram.com\/omisgroup"]}]}},"_links":{"self":[{"href":"https:\/\/www.omis.net\/pt-pt\/wp-json\/wp\/v2\/product\/7419"}],"collection":[{"href":"https:\/\/www.omis.net\/pt-pt\/wp-json\/wp\/v2\/product"}],"about":[{"href":"https:\/\/www.omis.net\/pt-pt\/wp-json\/wp\/v2\/types\/product"}],"acf:attachment":[{"embeddable":true,"href":"https:\/\/www.omis.net\/pt-pt\/wp-json\/wp\/v2\/media\/"},{"embeddable":true,"href":"https:\/\/www.omis.net\/pt-pt\/wp-json\/wp\/v2\/media\/12945"}],"wp:featuredmedia":[{"embeddable":true,"href":"https:\/\/www.omis.net\/pt-pt\/wp-json\/wp\/v2\/media\/12980"}],"wp:attachment":[{"href":"https:\/\/www.omis.net\/pt-pt\/wp-json\/wp\/v2\/media?parent=7419"}],"wp:term":[{"taxonomy":"caratteristica-prodotto","embeddable":true,"href":"https:\/\/www.omis.net\/pt-pt\/wp-json\/wp\/v2\/caratteristica-prodotto?post=7419"},{"taxonomy":"tipologia-prodotto","embeddable":true,"href":"https:\/\/www.omis.net\/pt-pt\/wp-json\/wp\/v2\/tipologia-prodotto?post=7419"}],"curies":[{"name":"wp","href":"https:\/\/api.w.org\/{rel}","templated":true}]}}