{"id":7418,"date":"2024-12-18T10:56:53","date_gmt":"2024-12-18T09:56:53","guid":{"rendered":"http:\/\/bedrock.local\/product\/ct2b\/"},"modified":"2025-02-03T12:55:53","modified_gmt":"2025-02-03T11:55:53","slug":"braco-giratorio-em-coluna-com-lanca-cantilever-dupla","status":"publish","type":"product","link":"https:\/\/www.omis.net\/pt-pt\/produto\/braco-giratorio-em-coluna-com-lanca-cantilever-dupla\/","title":{"rendered":"Bra\u00e7o girat\u00f3rio em coluna com lan\u00e7a cantil\u00e9ver dupla"},"content":{"rendered":"","protected":false},"featured_media":13172,"parent":0,"template":"","caratteristica-prodotto":[1013],"tipologia-prodotto":[710,716,722],"class_list":["post-7418","product","type-product","status-publish","has-post-thumbnail","hentry","caratteristica-prodotto-rotacao-manual","tipologia-prodotto-guindastes-de-estacao-de-trabalho","tipologia-prodotto-braco-giratorio","tipologia-prodotto-de-coluna"],"acf":{"import_csv_id":"19","prodotto_generale_sku":"CT2B","prodotto_listing_card_descrizione":"O bra\u00e7o girat\u00f3rio em coluna com lan\u00e7a dupla foi projetado para fazer uso total do espa\u00e7o vertical, aumentando o curso dispon\u00edvel do gancho e tornando a localiza\u00e7\u00e3o aut\u00f4noma.","prodotto_listing_card_caratteristiche":null,"prodotto_page_gradient_hero":false,"prodotto_page_titolo_hero":"Autonomia de trabalho e curso m\u00e1ximo de gancho.","prodotto_page_gallery_hero":[13137],"prodotto_page_descrizione_3_colonne_posizione":false,"prodotto_page_descrizione_3_colonne":[{"valore":"1000","unita_di_misura":"kg","etichetta":"Capacidade m\u00e1xima"},{"valore":"8","unita_di_misura":"m","etichetta":"Raio de a\u00e7\u00e3o m\u00e1ximo"},{"valore":"270\u00b0","unita_di_misura":"","etichetta":"Rota\u00e7\u00e3o"}],"prodotto_page_descrizione_titolo":"Bra\u00e7o girat\u00f3rio com coluna em lan\u00e7a cantil\u00e9ver dupla com capacidade de at\u00e9 1000 kg + 1000 kg","prodotto_page_descrizione_3_colonne_testo":"<strong>O bra\u00e7o girat\u00f3rio com lan\u00e7a dupla \u00e9 uma solu\u00e7\u00e3o pr\u00e1tica e econ\u00f4mica para tornar independente um local de trabalho que, de outra forma, exigiria dois bra\u00e7os girat\u00f3rios separados. Esse tipo de guindaste \u00e9 ideal para o manuseio de cargas em espa\u00e7os confinados, onde outros dispositivos de eleva\u00e7\u00e3o seriam inutiliz\u00e1veis.<\/strong>\r\n\r\nOutra vantagem desse guindaste \u00e9 sua capacidade de maximizar o uso do espa\u00e7o vertical, aumentando assim o curso dispon\u00edvel do gancho. Esses recursos o tornam uma ferramenta extremamente vers\u00e1til, al\u00e9m de ser f\u00e1cil de manobrar e muito econ\u00f4mica tanto na instala\u00e7\u00e3o quanto no gerenciamento di\u00e1rio do local de trabalho. O bra\u00e7o girat\u00f3rio, que incorpora uma lan\u00e7a suspensa autossustent\u00e1vel e n\u00e3o requer tirantes de suporte, \u00e9 especialmente adequado para o manuseio de cargas leves em uma ampla variedade de setores, desde pequenas oficinas at\u00e9 grandes linhas de montagem e f\u00e1bricas de produ\u00e7\u00e3o, incluindo o setor de alimentos e adegas.","prodotto_page_descrizione_titolo_vantaggi":"Vantagens do bra\u00e7o girat\u00f3rio em coluna com lan\u00e7a cantil\u00e9ver dupla","prodotto_page_descrizione_vantaggi":[{"titolo":"Versatilidade operacional","testo":"","link":"","archivio_prodotti":null},{"titolo":"Excelente capacidade de manobra","testo":"","link":"","archivio_prodotti":null},{"titolo":"F\u00e1cil instala\u00e7\u00e3o","testo":"","link":"","archivio_prodotti":null},{"titolo":"M\u00e1xima utiliza\u00e7\u00e3o do espa\u00e7o em altura","testo":"","link":"","archivio_prodotti":null},{"titolo":"Aumento da produtividade e da seguran\u00e7a","testo":"","link":"","archivio_prodotti":null}],"prodotto_page_tabs_dati_tecnici":[{"etichetta":"Capacidade","valore":"de 125 kg a 1000 kg"},{"etichetta":"Raio de a\u00e7\u00e3o","valore":"At\u00e9 8 m, dependendo da capacidade"},{"etichetta":"Perfil de raio de a\u00e7\u00e3o","valore":"Perfil de viga T duplo sem tirantes de suporte"},{"etichetta":"Rota\u00e7\u00e3o","valore":"270\u00b0 com parada de ajuste ajust\u00e1vel no local, dependendo das dimens\u00f5es arquitet\u00f4nicas"},{"etichetta":"Rota\u00e7\u00e3o","valore":"Manual"},{"etichetta":"Coluna","valore":"Tubo de a\u00e7o com se\u00e7\u00e3o transversal circular. Ele possui, em uma extremidade, uma placa de base perfurada para fixa\u00e7\u00e3o \u00e0 base por meio de buchas qu\u00edmicas ou parafusos de ancoragem e, na outra extremidade, duas placas, uma final e outra intermedi\u00e1ria, para apoiar a lan\u00e7a."},{"etichetta":"Talha","valore":"Talha el\u00e9trica de corrente, para eleva\u00e7\u00e3o da carga, com uma ou duas velocidades de eleva\u00e7\u00e3o,com carro de deslocamento el\u00e9trico, de empurrar ou mec\u00e2nico."},{"etichetta":"Dispositivo de freio","valore":"Ele consiste em uma embreagem de parafuso ajust\u00e1vel que permite o ajuste do esfor\u00e7o de rota\u00e7\u00e3o da lan\u00e7a e garante um posicionamento est\u00e1vel."}],"prodotto_page_tabs_optionals":[{"titolo":"Pintura personalizada","testo":"A cor da tinta pode ser personalizada para atender a necessidades espec\u00edficas, requisitos de design ou de marca.","immagine":null}],"prodotto_page_tabs_downloads":null,"prodotto_page_gallery":[null],"prodotto_page_customer_story_titolo":"","prodotto_page_customer_story_list":null,"prodotto_page_applicazioni_list":"- Agricoltura e Alimentare\r\n- Manifatturiero\r\n- Energetico\r\n- Edile e delle costruzioni\r\n- Tecnologie dell'informazione e ICT\r\n- Trasporti e logistica\r\n- Commercio al dettaglio\r\n- Culturale e dell'intrattenimento\r\n- Ambientale e della sostenibilit\u00e0\r\n- Ricerca e sviluppo\r\n- Arti e Artigianato","prodotto_page_faq_list":null,"prodotto_page_testo_prodotti_correlati":"<h2>Produtos relacionados<\/h2>\r\nExplore tamb\u00e9m esses produtos e encontre outras solu\u00e7\u00f5es que sejam adequadas para voc\u00ea.","prodotto_page_lista_prodotti_correlati":"- C2T2B\r\n- C2B\r\n- BM","prodotto_page_titolo_componenti_3d":"","prodotto_page_immagine_iniziale_componenti_3d":null,"prodotto_page_lista_componenti_3d":null,"prodotto_page_titolo_slider_configurazioni":"Produto e configura\u00e7\u00f5es","prodotto_page_lista_immgini_slider_configurazioni":[{"etichetta":"Vista frontal","immagine":13151},{"etichetta":"Vista superior","immagine":13165},{"etichetta":"Perspectiva","immagine":13144},{"etichetta":"Detalhes","immagine":13158}],"prodotto_page_titolo_slider_configurazioni_2":"<h2><\/h2>","prodotto_page_lista_immgini_slider_configurazioni_2":null,"seo_title":"Bra\u00e7o girat\u00f3rio com lan\u00e7a cantil\u00e9ver dupla com rota\u00e7\u00e3o de 270\u00b0 | OMIS","seo_description":"O bra\u00e7o girat\u00f3rio em coluna com lan\u00e7a dupla \u00e9 uma solu\u00e7\u00e3o \u00fatil para evitar a necessidade de ter dois bra\u00e7os girat\u00f3rios separados. \u00c9 ideal para o manuseio de cargas em espa\u00e7os confinados e \u00e9 adequado para v\u00e1rios setores, pequenas oficinas, grandes linhas de montagem e plantas de produ\u00e7\u00e3o, ind\u00fastrias aliment\u00edcias e adegas. Saiba mais"},"yoast_head":"<!-- This site is optimized with the Yoast SEO plugin v23.9 - https:\/\/yoast.com\/wordpress\/plugins\/seo\/ -->\n<title>Bra\u00e7o girat\u00f3rio com lan\u00e7a cantil\u00e9ver dupla com rota\u00e7\u00e3o de 270\u00b0 | OMIS<\/title>\n<meta name=\"description\" content=\"O bra\u00e7o girat\u00f3rio em coluna com lan\u00e7a dupla \u00e9 uma solu\u00e7\u00e3o \u00fatil para evitar a necessidade de ter dois bra\u00e7os girat\u00f3rios separados. \u00c9 ideal para o manuseio de cargas em espa\u00e7os confinados e \u00e9 adequado para v\u00e1rios setores, pequenas oficinas, grandes linhas de montagem e plantas de produ\u00e7\u00e3o, ind\u00fastrias aliment\u00edcias e adegas. Saiba mais\" \/>\n<meta name=\"robots\" content=\"index, follow, max-snippet:-1, max-image-preview:large, max-video-preview:-1\" \/>\n<meta property=\"og:locale\" content=\"pt_PT\" \/>\n<meta property=\"og:type\" content=\"article\" \/>\n<meta property=\"og:title\" content=\"Bra\u00e7o girat\u00f3rio com lan\u00e7a cantil\u00e9ver dupla com rota\u00e7\u00e3o de 270\u00b0 | OMIS\" \/>\n<meta property=\"og:description\" content=\"O bra\u00e7o girat\u00f3rio em coluna com lan\u00e7a dupla \u00e9 uma solu\u00e7\u00e3o \u00fatil para evitar a necessidade de ter dois bra\u00e7os girat\u00f3rios separados. \u00c9 ideal para o manuseio de cargas em espa\u00e7os confinados e \u00e9 adequado para v\u00e1rios setores, pequenas oficinas, grandes linhas de montagem e plantas de produ\u00e7\u00e3o, ind\u00fastrias aliment\u00edcias e adegas. Saiba mais\" \/>\n<meta property=\"og:url\" content=\"https:\/\/www.omis.net\/pt-pt\/produto\/braco-giratorio-em-coluna-com-lanca-cantilever-dupla\/\" \/>\n<meta property=\"og:site_name\" content=\"Omis Spa\" \/>\n<meta property=\"article:publisher\" content=\"https:\/\/www.facebook.com\/omisgroup\" \/>\n<meta property=\"article:modified_time\" content=\"2025-02-03T11:55:53+00:00\" \/>\n<meta property=\"og:image\" content=\"https:\/\/media.omis.net\/media\/2024\/12\/profile-ct2bjib-crane-ct2b-front-3d-omis-scaled.webp\" \/>\n\t<meta property=\"og:image:width\" content=\"2560\" \/>\n\t<meta property=\"og:image:height\" content=\"1440\" \/>\n\t<meta property=\"og:image:type\" content=\"image\/webp\" \/>\n<meta name=\"twitter:card\" content=\"summary_large_image\" \/>\n<meta name=\"twitter:label1\" content=\"Est. reading time\" \/>\n\t<meta name=\"twitter:data1\" content=\"1 minute\" \/>\n<script type=\"application\/ld+json\" class=\"yoast-schema-graph\">{\"@context\":\"https:\/\/schema.org\",\"@graph\":[{\"@type\":\"WebPage\",\"@id\":\"https:\/\/www.omis.net\/pt-pt\/produto\/braco-giratorio-em-coluna-com-lanca-cantilever-dupla\/\",\"url\":\"https:\/\/www.omis.net\/pt-pt\/produto\/braco-giratorio-em-coluna-com-lanca-cantilever-dupla\/\",\"name\":\"Bra\u00e7o girat\u00f3rio com lan\u00e7a cantil\u00e9ver dupla com rota\u00e7\u00e3o de 270\u00b0 | OMIS\",\"isPartOf\":{\"@id\":\"https:\/\/www.omis.net\/it-it\/#website\"},\"primaryImageOfPage\":{\"@id\":\"https:\/\/www.omis.net\/pt-pt\/produto\/braco-giratorio-em-coluna-com-lanca-cantilever-dupla\/#primaryimage\"},\"image\":{\"@id\":\"https:\/\/www.omis.net\/pt-pt\/produto\/braco-giratorio-em-coluna-com-lanca-cantilever-dupla\/#primaryimage\"},\"thumbnailUrl\":\"https:\/\/media.omis.net\/media\/2024\/12\/profile-ct2bjib-crane-ct2b-front-3d-omis-scaled.webp\",\"datePublished\":\"2024-12-18T09:56:53+00:00\",\"dateModified\":\"2025-02-03T11:55:53+00:00\",\"description\":\"O bra\u00e7o girat\u00f3rio em coluna com lan\u00e7a dupla \u00e9 uma solu\u00e7\u00e3o \u00fatil para evitar a necessidade de ter dois bra\u00e7os girat\u00f3rios separados. \u00c9 ideal para o manuseio de cargas em espa\u00e7os confinados e \u00e9 adequado para v\u00e1rios setores, pequenas oficinas, grandes linhas de montagem e plantas de produ\u00e7\u00e3o, ind\u00fastrias aliment\u00edcias e adegas. Saiba mais\",\"breadcrumb\":{\"@id\":\"https:\/\/www.omis.net\/pt-pt\/produto\/braco-giratorio-em-coluna-com-lanca-cantilever-dupla\/#breadcrumb\"},\"inLanguage\":\"pt-pt\",\"potentialAction\":[{\"@type\":\"ReadAction\",\"target\":[\"https:\/\/www.omis.net\/pt-pt\/produto\/braco-giratorio-em-coluna-com-lanca-cantilever-dupla\/\"]}]},{\"@type\":\"ImageObject\",\"inLanguage\":\"pt-pt\",\"@id\":\"https:\/\/www.omis.net\/pt-pt\/produto\/braco-giratorio-em-coluna-com-lanca-cantilever-dupla\/#primaryimage\",\"url\":\"https:\/\/media.omis.net\/media\/2024\/12\/profile-ct2bjib-crane-ct2b-front-3d-omis-scaled.webp\",\"contentUrl\":\"https:\/\/media.omis.net\/media\/2024\/12\/profile-ct2bjib-crane-ct2b-front-3d-omis-scaled.webp\",\"width\":2560,\"height\":1440,\"caption\":\"header - Profile ct2bjib crane ct2b front 3d Omis\"},{\"@type\":\"BreadcrumbList\",\"@id\":\"https:\/\/www.omis.net\/pt-pt\/produto\/braco-giratorio-em-coluna-com-lanca-cantilever-dupla\/#breadcrumb\",\"itemListElement\":[{\"@type\":\"ListItem\",\"position\":1,\"name\":\"Home\",\"item\":\"https:\/\/www.omis.net\/pt-pt\/pagina-inicial\/\"},{\"@type\":\"ListItem\",\"position\":2,\"name\":\"Bra\u00e7o girat\u00f3rio em coluna com lan\u00e7a cantil\u00e9ver dupla\"}]},{\"@type\":\"WebSite\",\"@id\":\"https:\/\/www.omis.net\/it-it\/#website\",\"url\":\"https:\/\/www.omis.net\/it-it\/\",\"name\":\"Omis Spa\",\"description\":\"Movimentazione e sollevamento\",\"publisher\":{\"@id\":\"https:\/\/www.omis.net\/it-it\/#organization\"},\"potentialAction\":[{\"@type\":\"SearchAction\",\"target\":{\"@type\":\"EntryPoint\",\"urlTemplate\":\"https:\/\/www.omis.net\/it-it\/?s={search_term_string}\"},\"query-input\":{\"@type\":\"PropertyValueSpecification\",\"valueRequired\":true,\"valueName\":\"search_term_string\"}}],\"inLanguage\":\"pt-pt\"},{\"@type\":\"Organization\",\"@id\":\"https:\/\/www.omis.net\/it-it\/#organization\",\"name\":\"Omis Spa\",\"url\":\"https:\/\/www.omis.net\/it-it\/\",\"logo\":{\"@type\":\"ImageObject\",\"inLanguage\":\"pt-pt\",\"@id\":\"https:\/\/www.omis.net\/it-it\/#\/schema\/logo\/image\/\",\"url\":\"https:\/\/media.omis.net\/media\/2024\/08\/logo.jpg\",\"contentUrl\":\"https:\/\/media.omis.net\/media\/2024\/08\/logo.jpg\",\"width\":300,\"height\":300,\"caption\":\"Omis Spa\"},\"image\":{\"@id\":\"https:\/\/www.omis.net\/it-it\/#\/schema\/logo\/image\/\"},\"sameAs\":[\"https:\/\/www.facebook.com\/omisgroup\",\"https:\/\/www.linkedin.com\/company\/omis-group\",\"https:\/\/www.youtube.com\/channel\/UCS4L59XDk3kKBI9MnjuxWDw\",\"https:\/\/www.instagram.com\/omisgroup\"]}]}<\/script>\n<!-- \/ Yoast SEO plugin. -->","yoast_head_json":{"title":"Bra\u00e7o girat\u00f3rio com lan\u00e7a cantil\u00e9ver dupla com rota\u00e7\u00e3o de 270\u00b0 | OMIS","description":"O bra\u00e7o girat\u00f3rio em coluna com lan\u00e7a dupla \u00e9 uma solu\u00e7\u00e3o \u00fatil para evitar a necessidade de ter dois bra\u00e7os girat\u00f3rios separados. \u00c9 ideal para o manuseio de cargas em espa\u00e7os confinados e \u00e9 adequado para v\u00e1rios setores, pequenas oficinas, grandes linhas de montagem e plantas de produ\u00e7\u00e3o, ind\u00fastrias aliment\u00edcias e adegas. Saiba mais","robots":{"index":"index","follow":"follow","max-snippet":"max-snippet:-1","max-image-preview":"max-image-preview:large","max-video-preview":"max-video-preview:-1"},"og_locale":"pt_PT","og_type":"article","og_title":"Bra\u00e7o girat\u00f3rio com lan\u00e7a cantil\u00e9ver dupla com rota\u00e7\u00e3o de 270\u00b0 | OMIS","og_description":"O bra\u00e7o girat\u00f3rio em coluna com lan\u00e7a dupla \u00e9 uma solu\u00e7\u00e3o \u00fatil para evitar a necessidade de ter dois bra\u00e7os girat\u00f3rios separados. \u00c9 ideal para o manuseio de cargas em espa\u00e7os confinados e \u00e9 adequado para v\u00e1rios setores, pequenas oficinas, grandes linhas de montagem e plantas de produ\u00e7\u00e3o, ind\u00fastrias aliment\u00edcias e adegas. Saiba mais","og_url":"https:\/\/www.omis.net\/pt-pt\/produto\/braco-giratorio-em-coluna-com-lanca-cantilever-dupla\/","og_site_name":"Omis Spa","article_publisher":"https:\/\/www.facebook.com\/omisgroup","article_modified_time":"2025-02-03T11:55:53+00:00","og_image":[{"width":2560,"height":1440,"url":"https:\/\/media.omis.net\/media\/2024\/12\/profile-ct2bjib-crane-ct2b-front-3d-omis-scaled.webp","type":"image\/webp"}],"twitter_card":"summary_large_image","twitter_misc":{"Est. reading time":"1 minute"},"schema":{"@context":"https:\/\/schema.org","@graph":[{"@type":"WebPage","@id":"https:\/\/www.omis.net\/pt-pt\/produto\/braco-giratorio-em-coluna-com-lanca-cantilever-dupla\/","url":"https:\/\/www.omis.net\/pt-pt\/produto\/braco-giratorio-em-coluna-com-lanca-cantilever-dupla\/","name":"Bra\u00e7o girat\u00f3rio com lan\u00e7a cantil\u00e9ver dupla com rota\u00e7\u00e3o de 270\u00b0 | OMIS","isPartOf":{"@id":"https:\/\/www.omis.net\/it-it\/#website"},"primaryImageOfPage":{"@id":"https:\/\/www.omis.net\/pt-pt\/produto\/braco-giratorio-em-coluna-com-lanca-cantilever-dupla\/#primaryimage"},"image":{"@id":"https:\/\/www.omis.net\/pt-pt\/produto\/braco-giratorio-em-coluna-com-lanca-cantilever-dupla\/#primaryimage"},"thumbnailUrl":"https:\/\/media.omis.net\/media\/2024\/12\/profile-ct2bjib-crane-ct2b-front-3d-omis-scaled.webp","datePublished":"2024-12-18T09:56:53+00:00","dateModified":"2025-02-03T11:55:53+00:00","description":"O bra\u00e7o girat\u00f3rio em coluna com lan\u00e7a dupla \u00e9 uma solu\u00e7\u00e3o \u00fatil para evitar a necessidade de ter dois bra\u00e7os girat\u00f3rios separados. \u00c9 ideal para o manuseio de cargas em espa\u00e7os confinados e \u00e9 adequado para v\u00e1rios setores, pequenas oficinas, grandes linhas de montagem e plantas de produ\u00e7\u00e3o, ind\u00fastrias aliment\u00edcias e adegas. Saiba mais","breadcrumb":{"@id":"https:\/\/www.omis.net\/pt-pt\/produto\/braco-giratorio-em-coluna-com-lanca-cantilever-dupla\/#breadcrumb"},"inLanguage":"pt-pt","potentialAction":[{"@type":"ReadAction","target":["https:\/\/www.omis.net\/pt-pt\/produto\/braco-giratorio-em-coluna-com-lanca-cantilever-dupla\/"]}]},{"@type":"ImageObject","inLanguage":"pt-pt","@id":"https:\/\/www.omis.net\/pt-pt\/produto\/braco-giratorio-em-coluna-com-lanca-cantilever-dupla\/#primaryimage","url":"https:\/\/media.omis.net\/media\/2024\/12\/profile-ct2bjib-crane-ct2b-front-3d-omis-scaled.webp","contentUrl":"https:\/\/media.omis.net\/media\/2024\/12\/profile-ct2bjib-crane-ct2b-front-3d-omis-scaled.webp","width":2560,"height":1440,"caption":"header - Profile ct2bjib crane ct2b front 3d Omis"},{"@type":"BreadcrumbList","@id":"https:\/\/www.omis.net\/pt-pt\/produto\/braco-giratorio-em-coluna-com-lanca-cantilever-dupla\/#breadcrumb","itemListElement":[{"@type":"ListItem","position":1,"name":"Home","item":"https:\/\/www.omis.net\/pt-pt\/pagina-inicial\/"},{"@type":"ListItem","position":2,"name":"Bra\u00e7o girat\u00f3rio em coluna com lan\u00e7a cantil\u00e9ver dupla"}]},{"@type":"WebSite","@id":"https:\/\/www.omis.net\/it-it\/#website","url":"https:\/\/www.omis.net\/it-it\/","name":"Omis Spa","description":"Movimentazione e sollevamento","publisher":{"@id":"https:\/\/www.omis.net\/it-it\/#organization"},"potentialAction":[{"@type":"SearchAction","target":{"@type":"EntryPoint","urlTemplate":"https:\/\/www.omis.net\/it-it\/?s={search_term_string}"},"query-input":{"@type":"PropertyValueSpecification","valueRequired":true,"valueName":"search_term_string"}}],"inLanguage":"pt-pt"},{"@type":"Organization","@id":"https:\/\/www.omis.net\/it-it\/#organization","name":"Omis Spa","url":"https:\/\/www.omis.net\/it-it\/","logo":{"@type":"ImageObject","inLanguage":"pt-pt","@id":"https:\/\/www.omis.net\/it-it\/#\/schema\/logo\/image\/","url":"https:\/\/media.omis.net\/media\/2024\/08\/logo.jpg","contentUrl":"https:\/\/media.omis.net\/media\/2024\/08\/logo.jpg","width":300,"height":300,"caption":"Omis Spa"},"image":{"@id":"https:\/\/www.omis.net\/it-it\/#\/schema\/logo\/image\/"},"sameAs":["https:\/\/www.facebook.com\/omisgroup","https:\/\/www.linkedin.com\/company\/omis-group","https:\/\/www.youtube.com\/channel\/UCS4L59XDk3kKBI9MnjuxWDw","https:\/\/www.instagram.com\/omisgroup"]}]}},"_links":{"self":[{"href":"https:\/\/www.omis.net\/pt-pt\/wp-json\/wp\/v2\/product\/7418"}],"collection":[{"href":"https:\/\/www.omis.net\/pt-pt\/wp-json\/wp\/v2\/product"}],"about":[{"href":"https:\/\/www.omis.net\/pt-pt\/wp-json\/wp\/v2\/types\/product"}],"acf:attachment":[{"embeddable":true,"href":"https:\/\/www.omis.net\/pt-pt\/wp-json\/wp\/v2\/media\/"},{"embeddable":true,"href":"https:\/\/www.omis.net\/pt-pt\/wp-json\/wp\/v2\/media\/13137"}],"wp:featuredmedia":[{"embeddable":true,"href":"https:\/\/www.omis.net\/pt-pt\/wp-json\/wp\/v2\/media\/13172"}],"wp:attachment":[{"href":"https:\/\/www.omis.net\/pt-pt\/wp-json\/wp\/v2\/media?parent=7418"}],"wp:term":[{"taxonomy":"caratteristica-prodotto","embeddable":true,"href":"https:\/\/www.omis.net\/pt-pt\/wp-json\/wp\/v2\/caratteristica-prodotto?post=7418"},{"taxonomy":"tipologia-prodotto","embeddable":true,"href":"https:\/\/www.omis.net\/pt-pt\/wp-json\/wp\/v2\/tipologia-prodotto?post=7418"}],"curies":[{"name":"wp","href":"https:\/\/api.w.org\/{rel}","templated":true}]}}