{"id":7417,"date":"2024-12-18T10:56:36","date_gmt":"2024-12-18T09:56:36","guid":{"rendered":"http:\/\/bedrock.local\/product\/c2b\/"},"modified":"2025-02-03T12:55:44","modified_gmt":"2025-02-03T11:55:44","slug":"braco-giratorio-em-coluna-com-lanca-dupla-em-secao-de-canal","status":"publish","type":"product","link":"https:\/\/www.omis.net\/pt-pt\/produto\/braco-giratorio-em-coluna-com-lanca-dupla-em-secao-de-canal\/","title":{"rendered":"Bra\u00e7o girat\u00f3rio em coluna com lan\u00e7a dupla em se\u00e7\u00e3o de canal"},"content":{"rendered":"","protected":false},"featured_media":12817,"parent":0,"template":"","caratteristica-prodotto":[1013],"tipologia-prodotto":[710,716,722],"class_list":["post-7417","product","type-product","status-publish","has-post-thumbnail","hentry","caratteristica-prodotto-rotacao-manual","tipologia-prodotto-guindastes-de-estacao-de-trabalho","tipologia-prodotto-braco-giratorio","tipologia-prodotto-de-coluna"],"acf":{"import_csv_id":"18","prodotto_generale_sku":"C2B","prodotto_listing_card_descrizione":"O bra\u00e7o girat\u00f3rio em coluna com lan\u00e7a dupla \u00e9 a solu\u00e7\u00e3o mais pr\u00e1tica e econ\u00f4mica\r\nsolu\u00e7\u00e3o mais pr\u00e1tica e econ\u00f4mica para realizar um local de trabalho\r\nque, de outra forma, exigiria o uso de 2 bra\u00e7os girat\u00f3rios padr\u00e3o.","prodotto_listing_card_caratteristiche":null,"prodotto_page_gradient_hero":false,"prodotto_page_titolo_hero":"Dois bra\u00e7os, mais autonomia operacional.","prodotto_page_gallery_hero":[12825],"prodotto_page_descrizione_3_colonne_posizione":false,"prodotto_page_descrizione_3_colonne":[{"valore":"1000","unita_di_misura":"kg","etichetta":"Capacidade m\u00e1xima"},{"valore":"8","unita_di_misura":"m","etichetta":"Raio de a\u00e7\u00e3o m\u00e1ximo"},{"valore":"270\u00b0","unita_di_misura":"","etichetta":"Rota\u00e7\u00e3o"}],"prodotto_page_descrizione_titolo":"Bra\u00e7o girat\u00f3rio em coluna com lan\u00e7a dupla em se\u00e7\u00e3o de canal com capacidade de carga de at\u00e9 1.000 kg + 1.000 kg","prodotto_page_descrizione_3_colonne_testo":"<strong>O bra\u00e7o girat\u00f3rio dupla \u00e9 a solu\u00e7\u00e3o mais pr\u00e1tica e econ\u00f4mica para tornar aut\u00f4nomos um ou mais locais de trabalho que, de outra forma, exigiriam o uso de dois bra\u00e7os girat\u00f3rios padr\u00e3o.\r\nEle tamb\u00e9m soluciona o problema de manuseio de cargas em espa\u00e7os confinados onde outros equipamentos de eleva\u00e7\u00e3o n\u00e3o poderiam operar.<\/strong>\r\n\r\nO uso da lan\u00e7a com um perfil especial de canal dobrado por press\u00e3o garante o manuseio mais leve poss\u00edvel. Dentro da pr\u00f3pria lan\u00e7a, o carro deslizante se move, com um movimento suave e regular que torna o bra\u00e7o girat\u00f3rio f\u00e1cil de manobrar. Superf\u00edcies deslizantes levemente inclinadas e o uso de materiais especiais com superf\u00edcie lisa e peso m\u00ednimo reduzem o atrito sofrido pelas rodas de deslocamento dos carros porta-talhas. O menor peso a ser manuseado tamb\u00e9m reduz o esfor\u00e7o que o operador precisa fazer manualmente para girar o bra\u00e7o girat\u00f3rio. Isso resulta em um funcionamento muito suave e silencioso das rodas e em uma alta capacidade de carga. O bra\u00e7o girat\u00f3rio com lan\u00e7a dupla no canal s\u00f3 est\u00e1 dispon\u00edvel com um carro de empurrar manual.","prodotto_page_descrizione_titolo_vantaggi":"Vantagens do bra\u00e7o girat\u00f3rio em coluna com lan\u00e7a dupla em se\u00e7\u00e3o de canal ","prodotto_page_descrizione_vantaggi":[{"titolo":"Versatilidade operacional","testo":"","link":"","archivio_prodotti":null},{"titolo":"Excelente capacidade de manobra","testo":"","link":"","archivio_prodotti":null},{"titolo":"F\u00e1cil instala\u00e7\u00e3o","testo":"","link":"","archivio_prodotti":null},{"titolo":"Maior produtividade e seguran\u00e7a","testo":"","link":"","archivio_prodotti":null}],"prodotto_page_tabs_dati_tecnici":[{"etichetta":"Capacidade","valore":"de 125 kg a 1000 kg"},{"etichetta":"Raio de a\u00e7\u00e3o","valore":"At\u00e9 8 m, dependendo da capacidade"},{"etichetta":"Perfil de raio de a\u00e7\u00e3o","valore":"Perfil em forma de \u00f4mega dobrado por press\u00e3o"},{"etichetta":"Rota\u00e7\u00e3o","valore":"270\u00b0 com parada de ajuste ajust\u00e1vel no local, dependendo das dimens\u00f5es arquitet\u00f4nicas"},{"etichetta":"Rota\u00e7\u00e3o","valore":"Manual"},{"etichetta":"Coluna","valore":"Tubo de a\u00e7o com se\u00e7\u00e3o transversal circular. Ele possui, em uma extremidade, uma placa de base perfurada para fixa\u00e7\u00e3o \u00e0 base por meio de buchas qu\u00edmicas ou parafusos de ancoragem e, na outra extremidade, duas placas, uma final e outra intermedi\u00e1ria, para apoiar a lan\u00e7a."},{"etichetta":"Talha","valore":"Talha el\u00e9trica de corrente, para eleva\u00e7\u00e3o da carga, com uma ou duas velocidades de eleva\u00e7\u00e3o,com carro de deslocamento el\u00e9trico, de empurrar ou mec\u00e2nico."},{"etichetta":"Dispositivo de freio","valore":"Ele consiste em uma embreagem de parafuso ajust\u00e1vel que permite o ajuste do esfor\u00e7o de rota\u00e7\u00e3o da lan\u00e7a e garante um posicionamento est\u00e1vel."}],"prodotto_page_tabs_optionals":[{"titolo":"Pintura personalizada","testo":"A cor da tinta pode ser personalizada para atender a necessidades espec\u00edficas, requisitos de design ou de marca.","immagine":null}],"prodotto_page_tabs_downloads":null,"prodotto_page_gallery":[12832,12839,12846],"prodotto_page_customer_story_titolo":"","prodotto_page_customer_story_list":null,"prodotto_page_applicazioni_list":"- Agricoltura e Alimentare\r\n- Manifatturiero\r\n- Energetico\r\n- Edile e delle costruzioni\r\n- Tecnologie dell'informazione e ICT\r\n- Trasporti e logistica\r\n- Commercio al dettaglio\r\n- Culturale e dell'intrattenimento\r\n- Ambientale e della sostenibilit\u00e0\r\n- Ricerca e sviluppo\r\n- Arti e Artigianato","prodotto_page_faq_list":null,"prodotto_page_testo_prodotti_correlati":"<h2>Produtos relacionados<\/h2>\r\nExplore tamb\u00e9m esses produtos e encontre outras solu\u00e7\u00f5es que sejam adequadas para voc\u00ea.","prodotto_page_lista_prodotti_correlati":"- CT2B\r\n- C2T2B\r\n- BM","prodotto_page_titolo_componenti_3d":"","prodotto_page_immagine_iniziale_componenti_3d":null,"prodotto_page_lista_componenti_3d":null,"prodotto_page_titolo_slider_configurazioni":"Produto e configura\u00e7\u00f5es","prodotto_page_lista_immgini_slider_configurazioni":[{"etichetta":"Vista frontal","immagine":12853},{"etichetta":"Vista superior","immagine":12874},{"etichetta":"Perspectiva","immagine":12860},{"etichetta":"Detalhes","immagine":12867}],"prodotto_page_titolo_slider_configurazioni_2":"<h2><\/h2>","prodotto_page_lista_immgini_slider_configurazioni_2":null,"seo_title":"Bra\u00e7o girat\u00f3rio com lan\u00e7a dupla com rota\u00e7\u00e3o de 270\u00b0 | OMIS","seo_description":"O bra\u00e7o girat\u00f3rio em lan\u00e7a dupla resolve o problema de manuseio de cargas em espa\u00e7os confinados onde outros equipamentos de eleva\u00e7\u00e3o n\u00e3o poderiam operar.\r\n Dentro da pr\u00f3pria lan\u00e7a, o carro deslizante se move, com um movimento suave e regular que torna o bra\u00e7o girat\u00f3rio f\u00e1cil de manobrar. Saiba mais"},"yoast_head":"<!-- This site is optimized with the Yoast SEO plugin v23.9 - https:\/\/yoast.com\/wordpress\/plugins\/seo\/ -->\n<title>Bra\u00e7o girat\u00f3rio com lan\u00e7a dupla com rota\u00e7\u00e3o de 270\u00b0 | OMIS<\/title>\n<meta name=\"description\" content=\"O bra\u00e7o girat\u00f3rio em lan\u00e7a dupla resolve o problema de manuseio de cargas em espa\u00e7os confinados onde outros equipamentos de eleva\u00e7\u00e3o n\u00e3o poderiam operar.  Dentro da pr\u00f3pria lan\u00e7a, o carro deslizante se move, com um movimento suave e regular que torna o bra\u00e7o girat\u00f3rio f\u00e1cil de manobrar. Saiba mais\" \/>\n<meta name=\"robots\" content=\"index, follow, max-snippet:-1, max-image-preview:large, max-video-preview:-1\" \/>\n<meta property=\"og:locale\" content=\"pt_PT\" \/>\n<meta property=\"og:type\" content=\"article\" \/>\n<meta property=\"og:title\" content=\"Bra\u00e7o girat\u00f3rio com lan\u00e7a dupla com rota\u00e7\u00e3o de 270\u00b0 | OMIS\" \/>\n<meta property=\"og:description\" content=\"O bra\u00e7o girat\u00f3rio em lan\u00e7a dupla resolve o problema de manuseio de cargas em espa\u00e7os confinados onde outros equipamentos de eleva\u00e7\u00e3o n\u00e3o poderiam operar.  Dentro da pr\u00f3pria lan\u00e7a, o carro deslizante se move, com um movimento suave e regular que torna o bra\u00e7o girat\u00f3rio f\u00e1cil de manobrar. Saiba mais\" \/>\n<meta property=\"og:url\" content=\"https:\/\/www.omis.net\/pt-pt\/produto\/braco-giratorio-em-coluna-com-lanca-dupla-em-secao-de-canal\/\" \/>\n<meta property=\"og:site_name\" content=\"Omis Spa\" \/>\n<meta property=\"article:publisher\" content=\"https:\/\/www.facebook.com\/omisgroup\" \/>\n<meta property=\"article:modified_time\" content=\"2025-02-03T11:55:44+00:00\" \/>\n<meta property=\"og:image\" content=\"https:\/\/media.omis.net\/media\/2024\/12\/profile-c2bjib-crane-c2b-500kg-500kg-front-3d-omis-scaled.webp\" \/>\n\t<meta property=\"og:image:width\" content=\"2560\" \/>\n\t<meta property=\"og:image:height\" content=\"1440\" \/>\n\t<meta property=\"og:image:type\" content=\"image\/webp\" \/>\n<meta name=\"twitter:card\" content=\"summary_large_image\" \/>\n<meta name=\"twitter:label1\" content=\"Est. reading time\" \/>\n\t<meta name=\"twitter:data1\" content=\"1 minute\" \/>\n<script type=\"application\/ld+json\" class=\"yoast-schema-graph\">{\"@context\":\"https:\/\/schema.org\",\"@graph\":[{\"@type\":\"WebPage\",\"@id\":\"https:\/\/www.omis.net\/pt-pt\/produto\/braco-giratorio-em-coluna-com-lanca-dupla-em-secao-de-canal\/\",\"url\":\"https:\/\/www.omis.net\/pt-pt\/produto\/braco-giratorio-em-coluna-com-lanca-dupla-em-secao-de-canal\/\",\"name\":\"Bra\u00e7o girat\u00f3rio com lan\u00e7a dupla com rota\u00e7\u00e3o de 270\u00b0 | OMIS\",\"isPartOf\":{\"@id\":\"https:\/\/www.omis.net\/it-it\/#website\"},\"primaryImageOfPage\":{\"@id\":\"https:\/\/www.omis.net\/pt-pt\/produto\/braco-giratorio-em-coluna-com-lanca-dupla-em-secao-de-canal\/#primaryimage\"},\"image\":{\"@id\":\"https:\/\/www.omis.net\/pt-pt\/produto\/braco-giratorio-em-coluna-com-lanca-dupla-em-secao-de-canal\/#primaryimage\"},\"thumbnailUrl\":\"https:\/\/media.omis.net\/media\/2024\/12\/profile-c2bjib-crane-c2b-500kg-500kg-front-3d-omis-scaled.webp\",\"datePublished\":\"2024-12-18T09:56:36+00:00\",\"dateModified\":\"2025-02-03T11:55:44+00:00\",\"description\":\"O bra\u00e7o girat\u00f3rio em lan\u00e7a dupla resolve o problema de manuseio de cargas em espa\u00e7os confinados onde outros equipamentos de eleva\u00e7\u00e3o n\u00e3o poderiam operar. Dentro da pr\u00f3pria lan\u00e7a, o carro deslizante se move, com um movimento suave e regular que torna o bra\u00e7o girat\u00f3rio f\u00e1cil de manobrar. Saiba mais\",\"breadcrumb\":{\"@id\":\"https:\/\/www.omis.net\/pt-pt\/produto\/braco-giratorio-em-coluna-com-lanca-dupla-em-secao-de-canal\/#breadcrumb\"},\"inLanguage\":\"pt-pt\",\"potentialAction\":[{\"@type\":\"ReadAction\",\"target\":[\"https:\/\/www.omis.net\/pt-pt\/produto\/braco-giratorio-em-coluna-com-lanca-dupla-em-secao-de-canal\/\"]}]},{\"@type\":\"ImageObject\",\"inLanguage\":\"pt-pt\",\"@id\":\"https:\/\/www.omis.net\/pt-pt\/produto\/braco-giratorio-em-coluna-com-lanca-dupla-em-secao-de-canal\/#primaryimage\",\"url\":\"https:\/\/media.omis.net\/media\/2024\/12\/profile-c2bjib-crane-c2b-500kg-500kg-front-3d-omis-scaled.webp\",\"contentUrl\":\"https:\/\/media.omis.net\/media\/2024\/12\/profile-c2bjib-crane-c2b-500kg-500kg-front-3d-omis-scaled.webp\",\"width\":2560,\"height\":1440,\"caption\":\"header - Profile c2bjib crane c2b 500kg 500kg front 3d Omis\"},{\"@type\":\"BreadcrumbList\",\"@id\":\"https:\/\/www.omis.net\/pt-pt\/produto\/braco-giratorio-em-coluna-com-lanca-dupla-em-secao-de-canal\/#breadcrumb\",\"itemListElement\":[{\"@type\":\"ListItem\",\"position\":1,\"name\":\"Home\",\"item\":\"https:\/\/www.omis.net\/pt-pt\/pagina-inicial\/\"},{\"@type\":\"ListItem\",\"position\":2,\"name\":\"Bra\u00e7o girat\u00f3rio em coluna com lan\u00e7a dupla em se\u00e7\u00e3o de canal\"}]},{\"@type\":\"WebSite\",\"@id\":\"https:\/\/www.omis.net\/it-it\/#website\",\"url\":\"https:\/\/www.omis.net\/it-it\/\",\"name\":\"Omis Spa\",\"description\":\"Movimentazione e sollevamento\",\"publisher\":{\"@id\":\"https:\/\/www.omis.net\/it-it\/#organization\"},\"potentialAction\":[{\"@type\":\"SearchAction\",\"target\":{\"@type\":\"EntryPoint\",\"urlTemplate\":\"https:\/\/www.omis.net\/it-it\/?s={search_term_string}\"},\"query-input\":{\"@type\":\"PropertyValueSpecification\",\"valueRequired\":true,\"valueName\":\"search_term_string\"}}],\"inLanguage\":\"pt-pt\"},{\"@type\":\"Organization\",\"@id\":\"https:\/\/www.omis.net\/it-it\/#organization\",\"name\":\"Omis Spa\",\"url\":\"https:\/\/www.omis.net\/it-it\/\",\"logo\":{\"@type\":\"ImageObject\",\"inLanguage\":\"pt-pt\",\"@id\":\"https:\/\/www.omis.net\/it-it\/#\/schema\/logo\/image\/\",\"url\":\"https:\/\/media.omis.net\/media\/2024\/08\/logo.jpg\",\"contentUrl\":\"https:\/\/media.omis.net\/media\/2024\/08\/logo.jpg\",\"width\":300,\"height\":300,\"caption\":\"Omis Spa\"},\"image\":{\"@id\":\"https:\/\/www.omis.net\/it-it\/#\/schema\/logo\/image\/\"},\"sameAs\":[\"https:\/\/www.facebook.com\/omisgroup\",\"https:\/\/www.linkedin.com\/company\/omis-group\",\"https:\/\/www.youtube.com\/channel\/UCS4L59XDk3kKBI9MnjuxWDw\",\"https:\/\/www.instagram.com\/omisgroup\"]}]}<\/script>\n<!-- \/ Yoast SEO plugin. -->","yoast_head_json":{"title":"Bra\u00e7o girat\u00f3rio com lan\u00e7a dupla com rota\u00e7\u00e3o de 270\u00b0 | OMIS","description":"O bra\u00e7o girat\u00f3rio em lan\u00e7a dupla resolve o problema de manuseio de cargas em espa\u00e7os confinados onde outros equipamentos de eleva\u00e7\u00e3o n\u00e3o poderiam operar.  Dentro da pr\u00f3pria lan\u00e7a, o carro deslizante se move, com um movimento suave e regular que torna o bra\u00e7o girat\u00f3rio f\u00e1cil de manobrar. Saiba mais","robots":{"index":"index","follow":"follow","max-snippet":"max-snippet:-1","max-image-preview":"max-image-preview:large","max-video-preview":"max-video-preview:-1"},"og_locale":"pt_PT","og_type":"article","og_title":"Bra\u00e7o girat\u00f3rio com lan\u00e7a dupla com rota\u00e7\u00e3o de 270\u00b0 | OMIS","og_description":"O bra\u00e7o girat\u00f3rio em lan\u00e7a dupla resolve o problema de manuseio de cargas em espa\u00e7os confinados onde outros equipamentos de eleva\u00e7\u00e3o n\u00e3o poderiam operar.  Dentro da pr\u00f3pria lan\u00e7a, o carro deslizante se move, com um movimento suave e regular que torna o bra\u00e7o girat\u00f3rio f\u00e1cil de manobrar. Saiba mais","og_url":"https:\/\/www.omis.net\/pt-pt\/produto\/braco-giratorio-em-coluna-com-lanca-dupla-em-secao-de-canal\/","og_site_name":"Omis Spa","article_publisher":"https:\/\/www.facebook.com\/omisgroup","article_modified_time":"2025-02-03T11:55:44+00:00","og_image":[{"width":2560,"height":1440,"url":"https:\/\/media.omis.net\/media\/2024\/12\/profile-c2bjib-crane-c2b-500kg-500kg-front-3d-omis-scaled.webp","type":"image\/webp"}],"twitter_card":"summary_large_image","twitter_misc":{"Est. reading time":"1 minute"},"schema":{"@context":"https:\/\/schema.org","@graph":[{"@type":"WebPage","@id":"https:\/\/www.omis.net\/pt-pt\/produto\/braco-giratorio-em-coluna-com-lanca-dupla-em-secao-de-canal\/","url":"https:\/\/www.omis.net\/pt-pt\/produto\/braco-giratorio-em-coluna-com-lanca-dupla-em-secao-de-canal\/","name":"Bra\u00e7o girat\u00f3rio com lan\u00e7a dupla com rota\u00e7\u00e3o de 270\u00b0 | OMIS","isPartOf":{"@id":"https:\/\/www.omis.net\/it-it\/#website"},"primaryImageOfPage":{"@id":"https:\/\/www.omis.net\/pt-pt\/produto\/braco-giratorio-em-coluna-com-lanca-dupla-em-secao-de-canal\/#primaryimage"},"image":{"@id":"https:\/\/www.omis.net\/pt-pt\/produto\/braco-giratorio-em-coluna-com-lanca-dupla-em-secao-de-canal\/#primaryimage"},"thumbnailUrl":"https:\/\/media.omis.net\/media\/2024\/12\/profile-c2bjib-crane-c2b-500kg-500kg-front-3d-omis-scaled.webp","datePublished":"2024-12-18T09:56:36+00:00","dateModified":"2025-02-03T11:55:44+00:00","description":"O bra\u00e7o girat\u00f3rio em lan\u00e7a dupla resolve o problema de manuseio de cargas em espa\u00e7os confinados onde outros equipamentos de eleva\u00e7\u00e3o n\u00e3o poderiam operar. Dentro da pr\u00f3pria lan\u00e7a, o carro deslizante se move, com um movimento suave e regular que torna o bra\u00e7o girat\u00f3rio f\u00e1cil de manobrar. Saiba mais","breadcrumb":{"@id":"https:\/\/www.omis.net\/pt-pt\/produto\/braco-giratorio-em-coluna-com-lanca-dupla-em-secao-de-canal\/#breadcrumb"},"inLanguage":"pt-pt","potentialAction":[{"@type":"ReadAction","target":["https:\/\/www.omis.net\/pt-pt\/produto\/braco-giratorio-em-coluna-com-lanca-dupla-em-secao-de-canal\/"]}]},{"@type":"ImageObject","inLanguage":"pt-pt","@id":"https:\/\/www.omis.net\/pt-pt\/produto\/braco-giratorio-em-coluna-com-lanca-dupla-em-secao-de-canal\/#primaryimage","url":"https:\/\/media.omis.net\/media\/2024\/12\/profile-c2bjib-crane-c2b-500kg-500kg-front-3d-omis-scaled.webp","contentUrl":"https:\/\/media.omis.net\/media\/2024\/12\/profile-c2bjib-crane-c2b-500kg-500kg-front-3d-omis-scaled.webp","width":2560,"height":1440,"caption":"header - Profile c2bjib crane c2b 500kg 500kg front 3d Omis"},{"@type":"BreadcrumbList","@id":"https:\/\/www.omis.net\/pt-pt\/produto\/braco-giratorio-em-coluna-com-lanca-dupla-em-secao-de-canal\/#breadcrumb","itemListElement":[{"@type":"ListItem","position":1,"name":"Home","item":"https:\/\/www.omis.net\/pt-pt\/pagina-inicial\/"},{"@type":"ListItem","position":2,"name":"Bra\u00e7o girat\u00f3rio em coluna com lan\u00e7a dupla em se\u00e7\u00e3o de canal"}]},{"@type":"WebSite","@id":"https:\/\/www.omis.net\/it-it\/#website","url":"https:\/\/www.omis.net\/it-it\/","name":"Omis Spa","description":"Movimentazione e sollevamento","publisher":{"@id":"https:\/\/www.omis.net\/it-it\/#organization"},"potentialAction":[{"@type":"SearchAction","target":{"@type":"EntryPoint","urlTemplate":"https:\/\/www.omis.net\/it-it\/?s={search_term_string}"},"query-input":{"@type":"PropertyValueSpecification","valueRequired":true,"valueName":"search_term_string"}}],"inLanguage":"pt-pt"},{"@type":"Organization","@id":"https:\/\/www.omis.net\/it-it\/#organization","name":"Omis Spa","url":"https:\/\/www.omis.net\/it-it\/","logo":{"@type":"ImageObject","inLanguage":"pt-pt","@id":"https:\/\/www.omis.net\/it-it\/#\/schema\/logo\/image\/","url":"https:\/\/media.omis.net\/media\/2024\/08\/logo.jpg","contentUrl":"https:\/\/media.omis.net\/media\/2024\/08\/logo.jpg","width":300,"height":300,"caption":"Omis Spa"},"image":{"@id":"https:\/\/www.omis.net\/it-it\/#\/schema\/logo\/image\/"},"sameAs":["https:\/\/www.facebook.com\/omisgroup","https:\/\/www.linkedin.com\/company\/omis-group","https:\/\/www.youtube.com\/channel\/UCS4L59XDk3kKBI9MnjuxWDw","https:\/\/www.instagram.com\/omisgroup"]}]}},"_links":{"self":[{"href":"https:\/\/www.omis.net\/pt-pt\/wp-json\/wp\/v2\/product\/7417"}],"collection":[{"href":"https:\/\/www.omis.net\/pt-pt\/wp-json\/wp\/v2\/product"}],"about":[{"href":"https:\/\/www.omis.net\/pt-pt\/wp-json\/wp\/v2\/types\/product"}],"acf:attachment":[{"embeddable":true,"href":"https:\/\/www.omis.net\/pt-pt\/wp-json\/wp\/v2\/media\/12846"},{"embeddable":true,"href":"https:\/\/www.omis.net\/pt-pt\/wp-json\/wp\/v2\/media\/12839"},{"embeddable":true,"href":"https:\/\/www.omis.net\/pt-pt\/wp-json\/wp\/v2\/media\/12832"},{"embeddable":true,"href":"https:\/\/www.omis.net\/pt-pt\/wp-json\/wp\/v2\/media\/12825"}],"wp:featuredmedia":[{"embeddable":true,"href":"https:\/\/www.omis.net\/pt-pt\/wp-json\/wp\/v2\/media\/12817"}],"wp:attachment":[{"href":"https:\/\/www.omis.net\/pt-pt\/wp-json\/wp\/v2\/media?parent=7417"}],"wp:term":[{"taxonomy":"caratteristica-prodotto","embeddable":true,"href":"https:\/\/www.omis.net\/pt-pt\/wp-json\/wp\/v2\/caratteristica-prodotto?post=7417"},{"taxonomy":"tipologia-prodotto","embeddable":true,"href":"https:\/\/www.omis.net\/pt-pt\/wp-json\/wp\/v2\/tipologia-prodotto?post=7417"}],"curies":[{"name":"wp","href":"https:\/\/api.w.org\/{rel}","templated":true}]}}