{"id":7416,"date":"2024-12-18T10:56:05","date_gmt":"2024-12-18T09:56:05","guid":{"rendered":"http:\/\/bedrock.local\/product\/bm\/"},"modified":"2025-04-09T08:52:14","modified_gmt":"2025-04-09T06:52:14","slug":"braco-giratorio-em-coluna-com-lanca-cantilever-e-rotacao-manual-360","status":"publish","type":"product","link":"https:\/\/www.omis.net\/pt-pt\/produto\/braco-giratorio-em-coluna-com-lanca-cantilever-e-rotacao-manual-360\/","title":{"rendered":"Bra\u00e7o girat\u00f3rio em coluna com lan\u00e7a cantil\u00e9ver e rota\u00e7\u00e3o manual 360\u00b0"},"content":{"rendered":"","protected":false},"featured_media":12631,"parent":0,"template":"","caratteristica-prodotto":[1013],"tipologia-prodotto":[710,716,722],"class_list":["post-7416","product","type-product","status-publish","has-post-thumbnail","hentry","caratteristica-prodotto-rotacao-manual","tipologia-prodotto-guindastes-de-estacao-de-trabalho","tipologia-prodotto-braco-giratorio","tipologia-prodotto-de-coluna"],"acf":{"import_csv_id":"17","prodotto_generale_sku":"BM","prodotto_listing_card_descrizione":"O bra\u00e7o girat\u00f3rio em coluna pode manusear cargas pesadas em espa\u00e7os onde a rota\u00e7\u00e3o el\u00e9trica n\u00e3o \u00e9 permitida e o dispositivo deve cobrir uma \u00e1rea de trabalho circular.","prodotto_listing_card_caratteristiche":null,"prodotto_page_gradient_hero":false,"prodotto_page_titolo_hero":"A rota\u00e7\u00e3o mais ampla com a\u00e7\u00e3o manual.","prodotto_page_gallery_hero":[12639],"prodotto_page_descrizione_3_colonne_posizione":false,"prodotto_page_descrizione_3_colonne":[{"valore":"2000","unita_di_misura":"kg","etichetta":"Capacidade m\u00e1xima"},{"valore":"8","unita_di_misura":"m","etichetta":"Raio de a\u00e7\u00e3o m\u00e1ximo"},{"valore":"360\u00b0","unita_di_misura":"","etichetta":"Rota\u00e7\u00e3o"}],"prodotto_page_descrizione_titolo":"Bra\u00e7o girat\u00f3rio em coluna com lan\u00e7a cantil\u00e9ver e rota\u00e7\u00e3o manual 360\u00b0","prodotto_page_descrizione_3_colonne_testo":"<strong>O bra\u00e7o girat\u00f3rio permite a rota\u00e7\u00e3o mais ampla e completa, de modo que toda a \u00e1rea alcan\u00e7\u00e1vel da esta\u00e7\u00e3o de trabalho possa ser utilizada. A rota\u00e7\u00e3o manual cont\u00ednua de 360\u00b0 \u00e9 a solu\u00e7\u00e3o para a eleva\u00e7\u00e3o e o manuseio de cargas ao longo de todo o raio de a\u00e7\u00e3o do guindaste, quando os guindastes cl\u00e1ssicos com rota\u00e7\u00e3o de 270\u00b0 n\u00e3o s\u00e3o suficientes e, por v\u00e1rios motivos, a energia el\u00e9trica e el\u00e9trica n\u00e3o \u00e9 permitida.<\/strong>\r\n\r\nTamb\u00e9m \u00e9 uma excelente op\u00e7\u00e3o para o manuseio de grandes cargas. Pr\u00e1ticos e econ\u00f4micos, os bra\u00e7os girat\u00f3rios desempenham a fun\u00e7\u00e3o fundamental de proporcionar independ\u00eancia operacional \u00e0s esta\u00e7\u00f5es de trabalho que n\u00e3o podem ser ou n\u00e3o s\u00e3o alcan\u00e7adas por guindastes suspensos ou empilhadeiras. Extremamente f\u00e1ceis de usar, est\u00e3o entre as solu\u00e7\u00f5es mais utilizadas em canteiros de obras, f\u00e1bricas e oficinas onde o manuseio seguro e preciso de pe\u00e7as e materiais \u00e9 uma exig\u00eancia di\u00e1ria absoluta. Em especial, esse bra\u00e7o girat\u00f3rio operado manualmente garante a m\u00e1xima autonomia da \u00e1rea de trabalho e, ao mesmo tempo, o mais alto n\u00edvel de facilidade de uso e seguran\u00e7a, com consider\u00e1vel raio de a\u00e7\u00e3o, extens\u00e3o e desempenho operacional.","prodotto_page_descrizione_titolo_vantaggi":"Vantagens do bra\u00e7o girat\u00f3rio em coluna com lan\u00e7a cantil\u00e9ver e rota\u00e7\u00e3o manual de 360","prodotto_page_descrizione_vantaggi":[{"titolo":"Capacidade de opera\u00e7\u00e3o em todas as dire\u00e7\u00f5es","testo":"","link":"","archivio_prodotti":null},{"titolo":"Excelente capacidade de manobra","testo":"","link":"","archivio_prodotti":null},{"titolo":"Ideal para ambientes de alto risco","testo":"","link":"","archivio_prodotti":null},{"titolo":"Maior produtividade e seguran\u00e7a","testo":"","link":"","archivio_prodotti":null}],"prodotto_page_tabs_dati_tecnici":[{"etichetta":"Capacidade","valore":"de 125 kg a 2000 kg"},{"etichetta":"Raio de a\u00e7\u00e3o","valore":"At\u00e9 8 m, dependendo da capacidade"},{"etichetta":"Perfil de raio de a\u00e7\u00e3o","valore":"Perfil em T duplo"},{"etichetta":"Rota\u00e7\u00e3o","valore":"360\u00b0 cont\u00ednuo"},{"etichetta":"Rota\u00e7\u00e3o","valore":"Manual"},{"etichetta":"Coluna","valore":"Tubo de a\u00e7o com se\u00e7\u00e3o transversal circular. Ele possui, em uma extremidade, uma placa de base perfurada para fixa\u00e7\u00e3o \u00e0 base por meio de buchas qu\u00edmicas ou parafusos de ancoragem e, na outra extremidade, duas placas, uma final e outra intermedi\u00e1ria, para apoiar a lan\u00e7a."},{"etichetta":"Talha","valore":"Talha el\u00e9trica de corrente, para eleva\u00e7\u00e3o da carga, com uma ou duas velocidades de eleva\u00e7\u00e3o,com carro de deslocamento el\u00e9trico, de empurrar ou mec\u00e2nico."},{"etichetta":"Dispositivo de freio","valore":"Ele consiste em uma embreagem de parafuso ajust\u00e1vel que permite o ajuste do esfor\u00e7o de rota\u00e7\u00e3o da lan\u00e7a e garante um posicionamento est\u00e1vel."}],"prodotto_page_tabs_optionals":[{"titolo":"Pintura personalizada","testo":"A cor da tinta pode ser personalizada para atender a necessidades espec\u00edficas, requisitos de design ou de marca.","immagine":null}],"prodotto_page_tabs_downloads":null,"prodotto_page_gallery":[12653,12646,12667,12674,12660],"prodotto_page_customer_story_titolo":"","prodotto_page_customer_story_list":null,"prodotto_page_applicazioni_list":"- Agricoltura e Alimentare\r\n- Manifatturiero\r\n- Energetico\r\n- Edile e delle costruzioni\r\n- Tecnologie dell'informazione e ICT\r\n- Trasporti e logistica\r\n- Commercio al dettaglio\r\n- Culturale e dell'intrattenimento\r\n- Ambientale e della sostenibilit\u00e0\r\n- Ricerca e sviluppo\r\n- Arti e Artigianato","prodotto_page_faq_list":null,"prodotto_page_testo_prodotti_correlati":"<h2>Produtos relacionados<\/h2>\r\nExplore tamb\u00e9m esses produtos e encontre outras solu\u00e7\u00f5es que sejam adequadas para voc\u00ea.","prodotto_page_lista_prodotti_correlati":"- C\r\n- C2T\r\n- BE","prodotto_page_titolo_componenti_3d":"","prodotto_page_immagine_iniziale_componenti_3d":null,"prodotto_page_lista_componenti_3d":null,"prodotto_page_titolo_slider_configurazioni":"Produto e configura\u00e7\u00f5es","prodotto_page_lista_immgini_slider_configurazioni":[{"etichetta":"Vista frontal","immagine":12681},{"etichetta":"Vista superior","immagine":12695},{"etichetta":"Perspectiva","immagine":12688}],"prodotto_page_titolo_slider_configurazioni_2":"<h2><\/h2>","prodotto_page_lista_immgini_slider_configurazioni_2":null,"seo_title":"Guindaste de rota\u00e7\u00e3o manual de 360\u00ba com capacidade de at\u00e9 1000 kg | OMIS","seo_description":"O bra\u00e7o girat\u00f3rio em coluna com lan\u00e7a cantil\u00e9ver tem rota\u00e7\u00e3o manual de 360\u00b0 para elevar e manusear cargas em todo o alcance do guindaste, quando os guindastes cl\u00e1ssicos com rota\u00e7\u00e3o de 270\u00b0 n\u00e3o s\u00e3o suficientes e, por v\u00e1rios motivos, a energia e a eletricidade n\u00e3o s\u00e3o permitidas. Saiba mais"},"yoast_head":"<!-- This site is optimized with the Yoast SEO plugin v23.9 - https:\/\/yoast.com\/wordpress\/plugins\/seo\/ -->\n<title>Guindaste de rota\u00e7\u00e3o manual de 360\u00ba com capacidade de at\u00e9 1000 kg | OMIS<\/title>\n<meta name=\"description\" content=\"O bra\u00e7o girat\u00f3rio em coluna com lan\u00e7a cantil\u00e9ver tem rota\u00e7\u00e3o manual de 360\u00b0 para elevar e manusear cargas em todo o alcance do guindaste, quando os guindastes cl\u00e1ssicos com rota\u00e7\u00e3o de 270\u00b0 n\u00e3o s\u00e3o suficientes e, por v\u00e1rios motivos, a energia e a eletricidade n\u00e3o s\u00e3o permitidas. Saiba mais\" \/>\n<meta name=\"robots\" content=\"index, follow, max-snippet:-1, max-image-preview:large, max-video-preview:-1\" \/>\n<meta property=\"og:locale\" content=\"pt_PT\" \/>\n<meta property=\"og:type\" content=\"article\" \/>\n<meta property=\"og:title\" content=\"Guindaste de rota\u00e7\u00e3o manual de 360\u00ba com capacidade de at\u00e9 1000 kg | OMIS\" \/>\n<meta property=\"og:description\" content=\"O bra\u00e7o girat\u00f3rio em coluna com lan\u00e7a cantil\u00e9ver tem rota\u00e7\u00e3o manual de 360\u00b0 para elevar e manusear cargas em todo o alcance do guindaste, quando os guindastes cl\u00e1ssicos com rota\u00e7\u00e3o de 270\u00b0 n\u00e3o s\u00e3o suficientes e, por v\u00e1rios motivos, a energia e a eletricidade n\u00e3o s\u00e3o permitidas. Saiba mais\" \/>\n<meta property=\"og:url\" content=\"https:\/\/www.omis.net\/pt-pt\/produto\/braco-giratorio-em-coluna-com-lanca-cantilever-e-rotacao-manual-360\/\" \/>\n<meta property=\"og:site_name\" content=\"Omis Spa\" \/>\n<meta property=\"article:publisher\" content=\"https:\/\/www.facebook.com\/omisgroup\" \/>\n<meta property=\"article:modified_time\" content=\"2025-04-09T06:52:14+00:00\" \/>\n<meta property=\"og:image\" content=\"https:\/\/media.omis.net\/media\/2024\/12\/profile-bm-jib-crane-bm-500kg-front-view-omis-scaled.webp\" \/>\n\t<meta property=\"og:image:width\" content=\"2560\" \/>\n\t<meta property=\"og:image:height\" content=\"1440\" \/>\n\t<meta property=\"og:image:type\" content=\"image\/webp\" \/>\n<meta name=\"twitter:card\" content=\"summary_large_image\" \/>\n<meta name=\"twitter:label1\" content=\"Est. reading time\" \/>\n\t<meta name=\"twitter:data1\" content=\"1 minute\" \/>\n<script type=\"application\/ld+json\" class=\"yoast-schema-graph\">{\"@context\":\"https:\/\/schema.org\",\"@graph\":[{\"@type\":\"WebPage\",\"@id\":\"https:\/\/www.omis.net\/pt-pt\/produto\/braco-giratorio-em-coluna-com-lanca-cantilever-e-rotacao-manual-360\/\",\"url\":\"https:\/\/www.omis.net\/pt-pt\/produto\/braco-giratorio-em-coluna-com-lanca-cantilever-e-rotacao-manual-360\/\",\"name\":\"Guindaste de rota\u00e7\u00e3o manual de 360\u00ba com capacidade de at\u00e9 1000 kg | OMIS\",\"isPartOf\":{\"@id\":\"https:\/\/www.omis.net\/it-it\/#website\"},\"primaryImageOfPage\":{\"@id\":\"https:\/\/www.omis.net\/pt-pt\/produto\/braco-giratorio-em-coluna-com-lanca-cantilever-e-rotacao-manual-360\/#primaryimage\"},\"image\":{\"@id\":\"https:\/\/www.omis.net\/pt-pt\/produto\/braco-giratorio-em-coluna-com-lanca-cantilever-e-rotacao-manual-360\/#primaryimage\"},\"thumbnailUrl\":\"https:\/\/media.omis.net\/media\/2024\/12\/profile-bm-jib-crane-bm-500kg-front-view-omis-scaled.webp\",\"datePublished\":\"2024-12-18T09:56:05+00:00\",\"dateModified\":\"2025-04-09T06:52:14+00:00\",\"description\":\"O bra\u00e7o girat\u00f3rio em coluna com lan\u00e7a cantil\u00e9ver tem rota\u00e7\u00e3o manual de 360\u00b0 para elevar e manusear cargas em todo o alcance do guindaste, quando os guindastes cl\u00e1ssicos com rota\u00e7\u00e3o de 270\u00b0 n\u00e3o s\u00e3o suficientes e, por v\u00e1rios motivos, a energia e a eletricidade n\u00e3o s\u00e3o permitidas. Saiba mais\",\"breadcrumb\":{\"@id\":\"https:\/\/www.omis.net\/pt-pt\/produto\/braco-giratorio-em-coluna-com-lanca-cantilever-e-rotacao-manual-360\/#breadcrumb\"},\"inLanguage\":\"pt-pt\",\"potentialAction\":[{\"@type\":\"ReadAction\",\"target\":[\"https:\/\/www.omis.net\/pt-pt\/produto\/braco-giratorio-em-coluna-com-lanca-cantilever-e-rotacao-manual-360\/\"]}]},{\"@type\":\"ImageObject\",\"inLanguage\":\"pt-pt\",\"@id\":\"https:\/\/www.omis.net\/pt-pt\/produto\/braco-giratorio-em-coluna-com-lanca-cantilever-e-rotacao-manual-360\/#primaryimage\",\"url\":\"https:\/\/media.omis.net\/media\/2024\/12\/profile-bm-jib-crane-bm-500kg-front-view-omis-scaled.webp\",\"contentUrl\":\"https:\/\/media.omis.net\/media\/2024\/12\/profile-bm-jib-crane-bm-500kg-front-view-omis-scaled.webp\",\"width\":2560,\"height\":1440,\"caption\":\"header - Profile bm jib crane bm 500kg front view Omis\"},{\"@type\":\"BreadcrumbList\",\"@id\":\"https:\/\/www.omis.net\/pt-pt\/produto\/braco-giratorio-em-coluna-com-lanca-cantilever-e-rotacao-manual-360\/#breadcrumb\",\"itemListElement\":[{\"@type\":\"ListItem\",\"position\":1,\"name\":\"Home\",\"item\":\"https:\/\/www.omis.net\/pt-pt\/pagina-inicial\/\"},{\"@type\":\"ListItem\",\"position\":2,\"name\":\"Bra\u00e7o girat\u00f3rio em coluna com lan\u00e7a cantil\u00e9ver e rota\u00e7\u00e3o manual 360\u00b0\"}]},{\"@type\":\"WebSite\",\"@id\":\"https:\/\/www.omis.net\/it-it\/#website\",\"url\":\"https:\/\/www.omis.net\/it-it\/\",\"name\":\"Omis Spa\",\"description\":\"Movimentazione e sollevamento\",\"publisher\":{\"@id\":\"https:\/\/www.omis.net\/it-it\/#organization\"},\"potentialAction\":[{\"@type\":\"SearchAction\",\"target\":{\"@type\":\"EntryPoint\",\"urlTemplate\":\"https:\/\/www.omis.net\/it-it\/?s={search_term_string}\"},\"query-input\":{\"@type\":\"PropertyValueSpecification\",\"valueRequired\":true,\"valueName\":\"search_term_string\"}}],\"inLanguage\":\"pt-pt\"},{\"@type\":\"Organization\",\"@id\":\"https:\/\/www.omis.net\/it-it\/#organization\",\"name\":\"Omis Spa\",\"url\":\"https:\/\/www.omis.net\/it-it\/\",\"logo\":{\"@type\":\"ImageObject\",\"inLanguage\":\"pt-pt\",\"@id\":\"https:\/\/www.omis.net\/it-it\/#\/schema\/logo\/image\/\",\"url\":\"https:\/\/media.omis.net\/media\/2024\/08\/logo.jpg\",\"contentUrl\":\"https:\/\/media.omis.net\/media\/2024\/08\/logo.jpg\",\"width\":300,\"height\":300,\"caption\":\"Omis Spa\"},\"image\":{\"@id\":\"https:\/\/www.omis.net\/it-it\/#\/schema\/logo\/image\/\"},\"sameAs\":[\"https:\/\/www.facebook.com\/omisgroup\",\"https:\/\/www.linkedin.com\/company\/omis-group\",\"https:\/\/www.youtube.com\/channel\/UCS4L59XDk3kKBI9MnjuxWDw\",\"https:\/\/www.instagram.com\/omisgroup\"]}]}<\/script>\n<!-- \/ Yoast SEO plugin. -->","yoast_head_json":{"title":"Guindaste de rota\u00e7\u00e3o manual de 360\u00ba com capacidade de at\u00e9 1000 kg | OMIS","description":"O bra\u00e7o girat\u00f3rio em coluna com lan\u00e7a cantil\u00e9ver tem rota\u00e7\u00e3o manual de 360\u00b0 para elevar e manusear cargas em todo o alcance do guindaste, quando os guindastes cl\u00e1ssicos com rota\u00e7\u00e3o de 270\u00b0 n\u00e3o s\u00e3o suficientes e, por v\u00e1rios motivos, a energia e a eletricidade n\u00e3o s\u00e3o permitidas. Saiba mais","robots":{"index":"index","follow":"follow","max-snippet":"max-snippet:-1","max-image-preview":"max-image-preview:large","max-video-preview":"max-video-preview:-1"},"og_locale":"pt_PT","og_type":"article","og_title":"Guindaste de rota\u00e7\u00e3o manual de 360\u00ba com capacidade de at\u00e9 1000 kg | OMIS","og_description":"O bra\u00e7o girat\u00f3rio em coluna com lan\u00e7a cantil\u00e9ver tem rota\u00e7\u00e3o manual de 360\u00b0 para elevar e manusear cargas em todo o alcance do guindaste, quando os guindastes cl\u00e1ssicos com rota\u00e7\u00e3o de 270\u00b0 n\u00e3o s\u00e3o suficientes e, por v\u00e1rios motivos, a energia e a eletricidade n\u00e3o s\u00e3o permitidas. Saiba mais","og_url":"https:\/\/www.omis.net\/pt-pt\/produto\/braco-giratorio-em-coluna-com-lanca-cantilever-e-rotacao-manual-360\/","og_site_name":"Omis Spa","article_publisher":"https:\/\/www.facebook.com\/omisgroup","article_modified_time":"2025-04-09T06:52:14+00:00","og_image":[{"width":2560,"height":1440,"url":"https:\/\/media.omis.net\/media\/2024\/12\/profile-bm-jib-crane-bm-500kg-front-view-omis-scaled.webp","type":"image\/webp"}],"twitter_card":"summary_large_image","twitter_misc":{"Est. reading time":"1 minute"},"schema":{"@context":"https:\/\/schema.org","@graph":[{"@type":"WebPage","@id":"https:\/\/www.omis.net\/pt-pt\/produto\/braco-giratorio-em-coluna-com-lanca-cantilever-e-rotacao-manual-360\/","url":"https:\/\/www.omis.net\/pt-pt\/produto\/braco-giratorio-em-coluna-com-lanca-cantilever-e-rotacao-manual-360\/","name":"Guindaste de rota\u00e7\u00e3o manual de 360\u00ba com capacidade de at\u00e9 1000 kg | OMIS","isPartOf":{"@id":"https:\/\/www.omis.net\/it-it\/#website"},"primaryImageOfPage":{"@id":"https:\/\/www.omis.net\/pt-pt\/produto\/braco-giratorio-em-coluna-com-lanca-cantilever-e-rotacao-manual-360\/#primaryimage"},"image":{"@id":"https:\/\/www.omis.net\/pt-pt\/produto\/braco-giratorio-em-coluna-com-lanca-cantilever-e-rotacao-manual-360\/#primaryimage"},"thumbnailUrl":"https:\/\/media.omis.net\/media\/2024\/12\/profile-bm-jib-crane-bm-500kg-front-view-omis-scaled.webp","datePublished":"2024-12-18T09:56:05+00:00","dateModified":"2025-04-09T06:52:14+00:00","description":"O bra\u00e7o girat\u00f3rio em coluna com lan\u00e7a cantil\u00e9ver tem rota\u00e7\u00e3o manual de 360\u00b0 para elevar e manusear cargas em todo o alcance do guindaste, quando os guindastes cl\u00e1ssicos com rota\u00e7\u00e3o de 270\u00b0 n\u00e3o s\u00e3o suficientes e, por v\u00e1rios motivos, a energia e a eletricidade n\u00e3o s\u00e3o permitidas. Saiba mais","breadcrumb":{"@id":"https:\/\/www.omis.net\/pt-pt\/produto\/braco-giratorio-em-coluna-com-lanca-cantilever-e-rotacao-manual-360\/#breadcrumb"},"inLanguage":"pt-pt","potentialAction":[{"@type":"ReadAction","target":["https:\/\/www.omis.net\/pt-pt\/produto\/braco-giratorio-em-coluna-com-lanca-cantilever-e-rotacao-manual-360\/"]}]},{"@type":"ImageObject","inLanguage":"pt-pt","@id":"https:\/\/www.omis.net\/pt-pt\/produto\/braco-giratorio-em-coluna-com-lanca-cantilever-e-rotacao-manual-360\/#primaryimage","url":"https:\/\/media.omis.net\/media\/2024\/12\/profile-bm-jib-crane-bm-500kg-front-view-omis-scaled.webp","contentUrl":"https:\/\/media.omis.net\/media\/2024\/12\/profile-bm-jib-crane-bm-500kg-front-view-omis-scaled.webp","width":2560,"height":1440,"caption":"header - Profile bm jib crane bm 500kg front view Omis"},{"@type":"BreadcrumbList","@id":"https:\/\/www.omis.net\/pt-pt\/produto\/braco-giratorio-em-coluna-com-lanca-cantilever-e-rotacao-manual-360\/#breadcrumb","itemListElement":[{"@type":"ListItem","position":1,"name":"Home","item":"https:\/\/www.omis.net\/pt-pt\/pagina-inicial\/"},{"@type":"ListItem","position":2,"name":"Bra\u00e7o girat\u00f3rio em coluna com lan\u00e7a cantil\u00e9ver e rota\u00e7\u00e3o manual 360\u00b0"}]},{"@type":"WebSite","@id":"https:\/\/www.omis.net\/it-it\/#website","url":"https:\/\/www.omis.net\/it-it\/","name":"Omis Spa","description":"Movimentazione e sollevamento","publisher":{"@id":"https:\/\/www.omis.net\/it-it\/#organization"},"potentialAction":[{"@type":"SearchAction","target":{"@type":"EntryPoint","urlTemplate":"https:\/\/www.omis.net\/it-it\/?s={search_term_string}"},"query-input":{"@type":"PropertyValueSpecification","valueRequired":true,"valueName":"search_term_string"}}],"inLanguage":"pt-pt"},{"@type":"Organization","@id":"https:\/\/www.omis.net\/it-it\/#organization","name":"Omis Spa","url":"https:\/\/www.omis.net\/it-it\/","logo":{"@type":"ImageObject","inLanguage":"pt-pt","@id":"https:\/\/www.omis.net\/it-it\/#\/schema\/logo\/image\/","url":"https:\/\/media.omis.net\/media\/2024\/08\/logo.jpg","contentUrl":"https:\/\/media.omis.net\/media\/2024\/08\/logo.jpg","width":300,"height":300,"caption":"Omis Spa"},"image":{"@id":"https:\/\/www.omis.net\/it-it\/#\/schema\/logo\/image\/"},"sameAs":["https:\/\/www.facebook.com\/omisgroup","https:\/\/www.linkedin.com\/company\/omis-group","https:\/\/www.youtube.com\/channel\/UCS4L59XDk3kKBI9MnjuxWDw","https:\/\/www.instagram.com\/omisgroup"]}]}},"_links":{"self":[{"href":"https:\/\/www.omis.net\/pt-pt\/wp-json\/wp\/v2\/product\/7416"}],"collection":[{"href":"https:\/\/www.omis.net\/pt-pt\/wp-json\/wp\/v2\/product"}],"about":[{"href":"https:\/\/www.omis.net\/pt-pt\/wp-json\/wp\/v2\/types\/product"}],"acf:attachment":[{"embeddable":true,"href":"https:\/\/www.omis.net\/pt-pt\/wp-json\/wp\/v2\/media\/12660"},{"embeddable":true,"href":"https:\/\/www.omis.net\/pt-pt\/wp-json\/wp\/v2\/media\/12674"},{"embeddable":true,"href":"https:\/\/www.omis.net\/pt-pt\/wp-json\/wp\/v2\/media\/12667"},{"embeddable":true,"href":"https:\/\/www.omis.net\/pt-pt\/wp-json\/wp\/v2\/media\/12646"},{"embeddable":true,"href":"https:\/\/www.omis.net\/pt-pt\/wp-json\/wp\/v2\/media\/12653"},{"embeddable":true,"href":"https:\/\/www.omis.net\/pt-pt\/wp-json\/wp\/v2\/media\/12639"}],"wp:featuredmedia":[{"embeddable":true,"href":"https:\/\/www.omis.net\/pt-pt\/wp-json\/wp\/v2\/media\/12631"}],"wp:attachment":[{"href":"https:\/\/www.omis.net\/pt-pt\/wp-json\/wp\/v2\/media?parent=7416"}],"wp:term":[{"taxonomy":"caratteristica-prodotto","embeddable":true,"href":"https:\/\/www.omis.net\/pt-pt\/wp-json\/wp\/v2\/caratteristica-prodotto?post=7416"},{"taxonomy":"tipologia-prodotto","embeddable":true,"href":"https:\/\/www.omis.net\/pt-pt\/wp-json\/wp\/v2\/tipologia-prodotto?post=7416"}],"curies":[{"name":"wp","href":"https:\/\/api.w.org\/{rel}","templated":true}]}}