{"id":7415,"date":"2024-12-18T10:55:48","date_gmt":"2024-12-18T09:55:48","guid":{"rendered":"http:\/\/bedrock.local\/product\/cs\/"},"modified":"2025-02-03T12:55:22","modified_gmt":"2025-02-03T11:55:22","slug":"braco-giratorio-em-coluna-e-lanca-articulada","status":"publish","type":"product","link":"https:\/\/www.omis.net\/pt-pt\/produto\/braco-giratorio-em-coluna-e-lanca-articulada\/","title":{"rendered":"Bra\u00e7o girat\u00f3rio em coluna e lan\u00e7a articulada"},"content":{"rendered":"","protected":false},"featured_media":13051,"parent":0,"template":"","caratteristica-prodotto":[1013],"tipologia-prodotto":[710,716,722],"class_list":["post-7415","product","type-product","status-publish","has-post-thumbnail","hentry","caratteristica-prodotto-rotacao-manual","tipologia-prodotto-guindastes-de-estacao-de-trabalho","tipologia-prodotto-braco-giratorio","tipologia-prodotto-de-coluna"],"acf":{"import_csv_id":"16","prodotto_generale_sku":"CS","prodotto_listing_card_descrizione":"Um bra\u00e7o girat\u00f3rio em coluna, equipado com uma talha fixa na ponta ou em um carro deslizante, sua lan\u00e7a articulada permite que ele opere em ambientes onde h\u00e1 obst\u00e1culos e obstru\u00e7\u00f5es f\u00edsicas.","prodotto_listing_card_caratteristiche":null,"prodotto_page_gradient_hero":false,"prodotto_page_titolo_hero":"Movimento que supera obst\u00e1culos.","prodotto_page_gallery_hero":[13023],"prodotto_page_descrizione_3_colonne_posizione":false,"prodotto_page_descrizione_3_colonne":[{"valore":"1000","unita_di_misura":"kg","etichetta":"Capacidade m\u00e1xima"},{"valore":"4","unita_di_misura":"+","etichetta":"Raio de a\u00e7\u00e3o m\u00e1ximo"},{"valore":"240\u00b0 - 300\u00b0","unita_di_misura":"","etichetta":"Rota\u00e7\u00e3o"}],"prodotto_page_descrizione_titolo":"Bra\u00e7o girat\u00f3rio em coluna com lan\u00e7a articulada e capacidade de at\u00e9 1.000 kg","prodotto_page_descrizione_3_colonne_testo":"<strong>Os bra\u00e7os girat\u00f3rios com lan\u00e7a articulada permitem alcan\u00e7ar os locais na \u00e1rea de trabalho onde, devido a obst\u00e1culos, seria imposs\u00edvel chegar com a lan\u00e7a r\u00edgida normal. Eles s\u00e3o projetados para facilitar a movimenta\u00e7\u00e3o de mercadorias dentro da f\u00e1brica, evitando obst\u00e1culos fixos que possam restringir a rota\u00e7\u00e3o livre da lan\u00e7a.<\/strong>\r\n\r\nNesse caso, a lan\u00e7a consiste em dois segmentos pivotantes sobre rolamentos que podem girar independentemente um do outro. Os rolamentos montados no conjunto do piv\u00f4 permitem uma rota\u00e7\u00e3o suave e n\u00e3o h\u00e1 tirantes acima da lan\u00e7a, de modo que a altura total pode ser utilizada. Normalmente, a talha \u00e9 fornecida montada em uma configura\u00e7\u00e3o fixa, na ponta da lan\u00e7a. Contudo, mediante solicita\u00e7\u00e3o, ele pode ser montado em um carro deslizante ao longo da lan\u00e7a mais externa. Esse bra\u00e7o girat\u00f3rio em coluna \u00e9, portanto, otimizado para uso em \u00e1reas e zonas confinadas e garante grande versatilidade de uso e instala\u00e7\u00e3o.","prodotto_page_descrizione_titolo_vantaggi":"Vantagens do bra\u00e7o girat\u00f3rio com lan\u00e7a articulada","prodotto_page_descrizione_vantaggi":[{"titolo":"\u00c1rea de cobertura limitada","testo":"","link":"","archivio_prodotti":null},{"titolo":"Excelente capacidade de manobra","testo":"","link":"","archivio_prodotti":null},{"titolo":"Ideal para ambientes confinados","testo":"","link":"","archivio_prodotti":null},{"titolo":"Maior produtividade e seguran\u00e7a","testo":"","link":"","archivio_prodotti":null}],"prodotto_page_tabs_dati_tecnici":[{"etichetta":"Capacidade","valore":"de 125 kg a 1000 kg"},{"etichetta":"Raios de a\u00e7\u00e3o","valore":"At\u00e9 4 +4 m, dependendo da capacidade"},{"etichetta":"Perfis de raio de a\u00e7\u00e3o","valore":"A primeira atr\u00e1s da coluna \u00e9 feita de perfil tubular, a segunda de viga em T duplo"},{"etichetta":"Rota\u00e7\u00e3o","valore":"240\u00b0 o primeiro segmento da lan\u00e7a pr\u00f3ximo \u00e0 coluna - 300\u00b0 a segunda lan\u00e7a"},{"etichetta":"Rota\u00e7\u00e3o","valore":"Manual"},{"etichetta":"Coluna","valore":"Tubo de a\u00e7o com se\u00e7\u00e3o transversal circular. Ele possui, em uma extremidade, uma placa de base perfurada para fixa\u00e7\u00e3o \u00e0 base por meio de buchas qu\u00edmicas ou parafusos de ancoragem e, na outra extremidade, duas placas, uma final e outra intermedi\u00e1ria, para apoiar a lan\u00e7a."},{"etichetta":"Talha","valore":"Talha el\u00e9trica de corrente, montada de forma fixa na ponta da lan\u00e7a, para elevar a carga em uma ou duas velocidades de eleva\u00e7\u00e3o. Mediante solicita\u00e7\u00e3o, pode ser com carro de deslocamento el\u00e9trico ou de empurrar."},{"etichetta":"Dispositivo de freio","valore":"Ele consiste em uma embreagem de parafuso ajust\u00e1vel que permite o ajuste do esfor\u00e7o de rota\u00e7\u00e3o da lan\u00e7a e garante um posicionamento est\u00e1vel."}],"prodotto_page_tabs_optionals":[{"titolo":"Pintura personalizada","testo":"A cor da tinta pode ser personalizada para atender a necessidades espec\u00edficas, requisitos de design ou de marca.","immagine":null}],"prodotto_page_tabs_downloads":null,"prodotto_page_gallery":[12988,13009,12995,13016,13002],"prodotto_page_customer_story_titolo":"","prodotto_page_customer_story_list":null,"prodotto_page_applicazioni_list":"- Agricoltura e Alimentare\r\n- Manifatturiero\r\n- Energetico\r\n- Edile e delle costruzioni\r\n- Tecnologie dell'informazione e ICT\r\n- Trasporti e logistica\r\n- Commercio al dettaglio\r\n- Culturale e dell'intrattenimento\r\n- Ambientale e della sostenibilit\u00e0\r\n- Ricerca e sviluppo\r\n- Arti e Artigianato","prodotto_page_faq_list":null,"prodotto_page_testo_prodotti_correlati":"<h2>Produtos relacionados<\/h2>\r\nExplore tamb\u00e9m esses produtos e encontre outras solu\u00e7\u00f5es que sejam adequadas para voc\u00ea.","prodotto_page_lista_prodotti_correlati":"- C\r\n- C2T\r\n- BM","prodotto_page_titolo_componenti_3d":"","prodotto_page_immagine_iniziale_componenti_3d":null,"prodotto_page_lista_componenti_3d":null,"prodotto_page_titolo_slider_configurazioni":"Produto e configura\u00e7\u00f5es","prodotto_page_lista_immgini_slider_configurazioni":[{"etichetta":"Vista frontal","immagine":13037},{"etichetta":"Vista superior","immagine":13044},{"etichetta":"Perspectiva","immagine":13030}],"prodotto_page_titolo_slider_configurazioni_2":"<h2><\/h2>","prodotto_page_lista_immgini_slider_configurazioni_2":null,"seo_title":"Bra\u00e7o girat\u00f3rio com lan\u00e7a articulada com capacidade de at\u00e9 1000 kg | OMIS","seo_description":"Os bra\u00e7os girat\u00f3rios com lan\u00e7a articulada permitem alcan\u00e7ar os locais da \u00e1rea de trabalho onde seria imposs\u00edvel chegar com uma lan\u00e7a r\u00edgida normal. Os rolamentos montados no conjunto do piv\u00f4 permitem uma rota\u00e7\u00e3o suave e n\u00e3o h\u00e1 tirantes acima da lan\u00e7a, de modo que a altura total pode ser utilizada. Saiba mais"},"yoast_head":"<!-- This site is optimized with the Yoast SEO plugin v23.9 - https:\/\/yoast.com\/wordpress\/plugins\/seo\/ -->\n<title>Bra\u00e7o girat\u00f3rio com lan\u00e7a articulada com capacidade de at\u00e9 1000 kg | OMIS<\/title>\n<meta name=\"description\" content=\"Os bra\u00e7os girat\u00f3rios com lan\u00e7a articulada permitem alcan\u00e7ar os locais da \u00e1rea de trabalho onde seria imposs\u00edvel chegar com uma lan\u00e7a r\u00edgida normal. Os rolamentos montados no conjunto do piv\u00f4 permitem uma rota\u00e7\u00e3o suave e n\u00e3o h\u00e1 tirantes acima da lan\u00e7a, de modo que a altura total pode ser utilizada. Saiba mais\" \/>\n<meta name=\"robots\" content=\"index, follow, max-snippet:-1, max-image-preview:large, max-video-preview:-1\" \/>\n<meta property=\"og:locale\" content=\"pt_PT\" \/>\n<meta property=\"og:type\" content=\"article\" \/>\n<meta property=\"og:title\" content=\"Bra\u00e7o girat\u00f3rio com lan\u00e7a articulada com capacidade de at\u00e9 1000 kg | OMIS\" \/>\n<meta property=\"og:description\" content=\"Os bra\u00e7os girat\u00f3rios com lan\u00e7a articulada permitem alcan\u00e7ar os locais da \u00e1rea de trabalho onde seria imposs\u00edvel chegar com uma lan\u00e7a r\u00edgida normal. Os rolamentos montados no conjunto do piv\u00f4 permitem uma rota\u00e7\u00e3o suave e n\u00e3o h\u00e1 tirantes acima da lan\u00e7a, de modo que a altura total pode ser utilizada. Saiba mais\" \/>\n<meta property=\"og:url\" content=\"https:\/\/www.omis.net\/pt-pt\/produto\/braco-giratorio-em-coluna-e-lanca-articulada\/\" \/>\n<meta property=\"og:site_name\" content=\"Omis Spa\" \/>\n<meta property=\"article:publisher\" content=\"https:\/\/www.facebook.com\/omisgroup\" \/>\n<meta property=\"article:modified_time\" content=\"2025-02-03T11:55:22+00:00\" \/>\n<meta property=\"og:image\" content=\"https:\/\/media.omis.net\/media\/2024\/12\/profile-csjib-crane-cs-front-3d-omis-scaled.webp\" \/>\n\t<meta property=\"og:image:width\" content=\"2560\" \/>\n\t<meta property=\"og:image:height\" content=\"1440\" \/>\n\t<meta property=\"og:image:type\" content=\"image\/webp\" \/>\n<meta name=\"twitter:card\" content=\"summary_large_image\" \/>\n<meta name=\"twitter:label1\" content=\"Est. reading time\" \/>\n\t<meta name=\"twitter:data1\" content=\"1 minute\" \/>\n<script type=\"application\/ld+json\" class=\"yoast-schema-graph\">{\"@context\":\"https:\/\/schema.org\",\"@graph\":[{\"@type\":\"WebPage\",\"@id\":\"https:\/\/www.omis.net\/pt-pt\/produto\/braco-giratorio-em-coluna-e-lanca-articulada\/\",\"url\":\"https:\/\/www.omis.net\/pt-pt\/produto\/braco-giratorio-em-coluna-e-lanca-articulada\/\",\"name\":\"Bra\u00e7o girat\u00f3rio com lan\u00e7a articulada com capacidade de at\u00e9 1000 kg | OMIS\",\"isPartOf\":{\"@id\":\"https:\/\/www.omis.net\/it-it\/#website\"},\"primaryImageOfPage\":{\"@id\":\"https:\/\/www.omis.net\/pt-pt\/produto\/braco-giratorio-em-coluna-e-lanca-articulada\/#primaryimage\"},\"image\":{\"@id\":\"https:\/\/www.omis.net\/pt-pt\/produto\/braco-giratorio-em-coluna-e-lanca-articulada\/#primaryimage\"},\"thumbnailUrl\":\"https:\/\/media.omis.net\/media\/2024\/12\/profile-csjib-crane-cs-front-3d-omis-scaled.webp\",\"datePublished\":\"2024-12-18T09:55:48+00:00\",\"dateModified\":\"2025-02-03T11:55:22+00:00\",\"description\":\"Os bra\u00e7os girat\u00f3rios com lan\u00e7a articulada permitem alcan\u00e7ar os locais da \u00e1rea de trabalho onde seria imposs\u00edvel chegar com uma lan\u00e7a r\u00edgida normal. Os rolamentos montados no conjunto do piv\u00f4 permitem uma rota\u00e7\u00e3o suave e n\u00e3o h\u00e1 tirantes acima da lan\u00e7a, de modo que a altura total pode ser utilizada. Saiba mais\",\"breadcrumb\":{\"@id\":\"https:\/\/www.omis.net\/pt-pt\/produto\/braco-giratorio-em-coluna-e-lanca-articulada\/#breadcrumb\"},\"inLanguage\":\"pt-pt\",\"potentialAction\":[{\"@type\":\"ReadAction\",\"target\":[\"https:\/\/www.omis.net\/pt-pt\/produto\/braco-giratorio-em-coluna-e-lanca-articulada\/\"]}]},{\"@type\":\"ImageObject\",\"inLanguage\":\"pt-pt\",\"@id\":\"https:\/\/www.omis.net\/pt-pt\/produto\/braco-giratorio-em-coluna-e-lanca-articulada\/#primaryimage\",\"url\":\"https:\/\/media.omis.net\/media\/2024\/12\/profile-csjib-crane-cs-front-3d-omis-scaled.webp\",\"contentUrl\":\"https:\/\/media.omis.net\/media\/2024\/12\/profile-csjib-crane-cs-front-3d-omis-scaled.webp\",\"width\":2560,\"height\":1440,\"caption\":\"header - Profile csjib crane cs front 3d Omis\"},{\"@type\":\"BreadcrumbList\",\"@id\":\"https:\/\/www.omis.net\/pt-pt\/produto\/braco-giratorio-em-coluna-e-lanca-articulada\/#breadcrumb\",\"itemListElement\":[{\"@type\":\"ListItem\",\"position\":1,\"name\":\"Home\",\"item\":\"https:\/\/www.omis.net\/pt-pt\/pagina-inicial\/\"},{\"@type\":\"ListItem\",\"position\":2,\"name\":\"Bra\u00e7o girat\u00f3rio em coluna e lan\u00e7a articulada\"}]},{\"@type\":\"WebSite\",\"@id\":\"https:\/\/www.omis.net\/it-it\/#website\",\"url\":\"https:\/\/www.omis.net\/it-it\/\",\"name\":\"Omis Spa\",\"description\":\"Movimentazione e sollevamento\",\"publisher\":{\"@id\":\"https:\/\/www.omis.net\/it-it\/#organization\"},\"potentialAction\":[{\"@type\":\"SearchAction\",\"target\":{\"@type\":\"EntryPoint\",\"urlTemplate\":\"https:\/\/www.omis.net\/it-it\/?s={search_term_string}\"},\"query-input\":{\"@type\":\"PropertyValueSpecification\",\"valueRequired\":true,\"valueName\":\"search_term_string\"}}],\"inLanguage\":\"pt-pt\"},{\"@type\":\"Organization\",\"@id\":\"https:\/\/www.omis.net\/it-it\/#organization\",\"name\":\"Omis Spa\",\"url\":\"https:\/\/www.omis.net\/it-it\/\",\"logo\":{\"@type\":\"ImageObject\",\"inLanguage\":\"pt-pt\",\"@id\":\"https:\/\/www.omis.net\/it-it\/#\/schema\/logo\/image\/\",\"url\":\"https:\/\/media.omis.net\/media\/2024\/08\/logo.jpg\",\"contentUrl\":\"https:\/\/media.omis.net\/media\/2024\/08\/logo.jpg\",\"width\":300,\"height\":300,\"caption\":\"Omis Spa\"},\"image\":{\"@id\":\"https:\/\/www.omis.net\/it-it\/#\/schema\/logo\/image\/\"},\"sameAs\":[\"https:\/\/www.facebook.com\/omisgroup\",\"https:\/\/www.linkedin.com\/company\/omis-group\",\"https:\/\/www.youtube.com\/channel\/UCS4L59XDk3kKBI9MnjuxWDw\",\"https:\/\/www.instagram.com\/omisgroup\"]}]}<\/script>\n<!-- \/ Yoast SEO plugin. -->","yoast_head_json":{"title":"Bra\u00e7o girat\u00f3rio com lan\u00e7a articulada com capacidade de at\u00e9 1000 kg | OMIS","description":"Os bra\u00e7os girat\u00f3rios com lan\u00e7a articulada permitem alcan\u00e7ar os locais da \u00e1rea de trabalho onde seria imposs\u00edvel chegar com uma lan\u00e7a r\u00edgida normal. Os rolamentos montados no conjunto do piv\u00f4 permitem uma rota\u00e7\u00e3o suave e n\u00e3o h\u00e1 tirantes acima da lan\u00e7a, de modo que a altura total pode ser utilizada. Saiba mais","robots":{"index":"index","follow":"follow","max-snippet":"max-snippet:-1","max-image-preview":"max-image-preview:large","max-video-preview":"max-video-preview:-1"},"og_locale":"pt_PT","og_type":"article","og_title":"Bra\u00e7o girat\u00f3rio com lan\u00e7a articulada com capacidade de at\u00e9 1000 kg | OMIS","og_description":"Os bra\u00e7os girat\u00f3rios com lan\u00e7a articulada permitem alcan\u00e7ar os locais da \u00e1rea de trabalho onde seria imposs\u00edvel chegar com uma lan\u00e7a r\u00edgida normal. Os rolamentos montados no conjunto do piv\u00f4 permitem uma rota\u00e7\u00e3o suave e n\u00e3o h\u00e1 tirantes acima da lan\u00e7a, de modo que a altura total pode ser utilizada. Saiba mais","og_url":"https:\/\/www.omis.net\/pt-pt\/produto\/braco-giratorio-em-coluna-e-lanca-articulada\/","og_site_name":"Omis Spa","article_publisher":"https:\/\/www.facebook.com\/omisgroup","article_modified_time":"2025-02-03T11:55:22+00:00","og_image":[{"width":2560,"height":1440,"url":"https:\/\/media.omis.net\/media\/2024\/12\/profile-csjib-crane-cs-front-3d-omis-scaled.webp","type":"image\/webp"}],"twitter_card":"summary_large_image","twitter_misc":{"Est. reading time":"1 minute"},"schema":{"@context":"https:\/\/schema.org","@graph":[{"@type":"WebPage","@id":"https:\/\/www.omis.net\/pt-pt\/produto\/braco-giratorio-em-coluna-e-lanca-articulada\/","url":"https:\/\/www.omis.net\/pt-pt\/produto\/braco-giratorio-em-coluna-e-lanca-articulada\/","name":"Bra\u00e7o girat\u00f3rio com lan\u00e7a articulada com capacidade de at\u00e9 1000 kg | OMIS","isPartOf":{"@id":"https:\/\/www.omis.net\/it-it\/#website"},"primaryImageOfPage":{"@id":"https:\/\/www.omis.net\/pt-pt\/produto\/braco-giratorio-em-coluna-e-lanca-articulada\/#primaryimage"},"image":{"@id":"https:\/\/www.omis.net\/pt-pt\/produto\/braco-giratorio-em-coluna-e-lanca-articulada\/#primaryimage"},"thumbnailUrl":"https:\/\/media.omis.net\/media\/2024\/12\/profile-csjib-crane-cs-front-3d-omis-scaled.webp","datePublished":"2024-12-18T09:55:48+00:00","dateModified":"2025-02-03T11:55:22+00:00","description":"Os bra\u00e7os girat\u00f3rios com lan\u00e7a articulada permitem alcan\u00e7ar os locais da \u00e1rea de trabalho onde seria imposs\u00edvel chegar com uma lan\u00e7a r\u00edgida normal. Os rolamentos montados no conjunto do piv\u00f4 permitem uma rota\u00e7\u00e3o suave e n\u00e3o h\u00e1 tirantes acima da lan\u00e7a, de modo que a altura total pode ser utilizada. Saiba mais","breadcrumb":{"@id":"https:\/\/www.omis.net\/pt-pt\/produto\/braco-giratorio-em-coluna-e-lanca-articulada\/#breadcrumb"},"inLanguage":"pt-pt","potentialAction":[{"@type":"ReadAction","target":["https:\/\/www.omis.net\/pt-pt\/produto\/braco-giratorio-em-coluna-e-lanca-articulada\/"]}]},{"@type":"ImageObject","inLanguage":"pt-pt","@id":"https:\/\/www.omis.net\/pt-pt\/produto\/braco-giratorio-em-coluna-e-lanca-articulada\/#primaryimage","url":"https:\/\/media.omis.net\/media\/2024\/12\/profile-csjib-crane-cs-front-3d-omis-scaled.webp","contentUrl":"https:\/\/media.omis.net\/media\/2024\/12\/profile-csjib-crane-cs-front-3d-omis-scaled.webp","width":2560,"height":1440,"caption":"header - Profile csjib crane cs front 3d Omis"},{"@type":"BreadcrumbList","@id":"https:\/\/www.omis.net\/pt-pt\/produto\/braco-giratorio-em-coluna-e-lanca-articulada\/#breadcrumb","itemListElement":[{"@type":"ListItem","position":1,"name":"Home","item":"https:\/\/www.omis.net\/pt-pt\/pagina-inicial\/"},{"@type":"ListItem","position":2,"name":"Bra\u00e7o girat\u00f3rio em coluna e lan\u00e7a articulada"}]},{"@type":"WebSite","@id":"https:\/\/www.omis.net\/it-it\/#website","url":"https:\/\/www.omis.net\/it-it\/","name":"Omis Spa","description":"Movimentazione e sollevamento","publisher":{"@id":"https:\/\/www.omis.net\/it-it\/#organization"},"potentialAction":[{"@type":"SearchAction","target":{"@type":"EntryPoint","urlTemplate":"https:\/\/www.omis.net\/it-it\/?s={search_term_string}"},"query-input":{"@type":"PropertyValueSpecification","valueRequired":true,"valueName":"search_term_string"}}],"inLanguage":"pt-pt"},{"@type":"Organization","@id":"https:\/\/www.omis.net\/it-it\/#organization","name":"Omis Spa","url":"https:\/\/www.omis.net\/it-it\/","logo":{"@type":"ImageObject","inLanguage":"pt-pt","@id":"https:\/\/www.omis.net\/it-it\/#\/schema\/logo\/image\/","url":"https:\/\/media.omis.net\/media\/2024\/08\/logo.jpg","contentUrl":"https:\/\/media.omis.net\/media\/2024\/08\/logo.jpg","width":300,"height":300,"caption":"Omis Spa"},"image":{"@id":"https:\/\/www.omis.net\/it-it\/#\/schema\/logo\/image\/"},"sameAs":["https:\/\/www.facebook.com\/omisgroup","https:\/\/www.linkedin.com\/company\/omis-group","https:\/\/www.youtube.com\/channel\/UCS4L59XDk3kKBI9MnjuxWDw","https:\/\/www.instagram.com\/omisgroup"]}]}},"_links":{"self":[{"href":"https:\/\/www.omis.net\/pt-pt\/wp-json\/wp\/v2\/product\/7415"}],"collection":[{"href":"https:\/\/www.omis.net\/pt-pt\/wp-json\/wp\/v2\/product"}],"about":[{"href":"https:\/\/www.omis.net\/pt-pt\/wp-json\/wp\/v2\/types\/product"}],"acf:attachment":[{"embeddable":true,"href":"https:\/\/www.omis.net\/pt-pt\/wp-json\/wp\/v2\/media\/13002"},{"embeddable":true,"href":"https:\/\/www.omis.net\/pt-pt\/wp-json\/wp\/v2\/media\/13016"},{"embeddable":true,"href":"https:\/\/www.omis.net\/pt-pt\/wp-json\/wp\/v2\/media\/12995"},{"embeddable":true,"href":"https:\/\/www.omis.net\/pt-pt\/wp-json\/wp\/v2\/media\/13009"},{"embeddable":true,"href":"https:\/\/www.omis.net\/pt-pt\/wp-json\/wp\/v2\/media\/12988"},{"embeddable":true,"href":"https:\/\/www.omis.net\/pt-pt\/wp-json\/wp\/v2\/media\/13023"}],"wp:featuredmedia":[{"embeddable":true,"href":"https:\/\/www.omis.net\/pt-pt\/wp-json\/wp\/v2\/media\/13051"}],"wp:attachment":[{"href":"https:\/\/www.omis.net\/pt-pt\/wp-json\/wp\/v2\/media?parent=7415"}],"wp:term":[{"taxonomy":"caratteristica-prodotto","embeddable":true,"href":"https:\/\/www.omis.net\/pt-pt\/wp-json\/wp\/v2\/caratteristica-prodotto?post=7415"},{"taxonomy":"tipologia-prodotto","embeddable":true,"href":"https:\/\/www.omis.net\/pt-pt\/wp-json\/wp\/v2\/tipologia-prodotto?post=7415"}],"curies":[{"name":"wp","href":"https:\/\/api.w.org\/{rel}","templated":true}]}}