{"id":7224,"date":"2024-03-22T14:14:07","date_gmt":"2024-03-22T13:14:07","guid":{"rendered":"http:\/\/bedrock.local\/referencias\/"},"modified":"2025-04-03T10:57:49","modified_gmt":"2025-04-03T08:57:49","slug":"referencias","status":"publish","type":"page","link":"https:\/\/www.omis.net\/pt-pt\/referencias\/","title":{"rendered":"Refer\u00eancias"},"content":{"rendered":"","protected":false},"excerpt":{"rendered":"","protected":false},"author":2,"featured_media":0,"parent":0,"menu_order":0,"comment_status":"closed","ping_status":"closed","template":"templates\/template-referenze.php","meta":{"_acf_changed":false,"footnotes":""},"class_list":["post-7224","page","type-page","status-publish","hentry"],"acf":{"seo_title":"Clientes e parceiros em que a eleva\u00e7\u00e3o \u00e9 estrat\u00e9gica | OMIS","seo_description":"Os projetos da Alucni com alguns clientes, relatados em detalhes, mostram como o manuseio e a eleva\u00e7\u00e3o s\u00e3o um fator de efici\u00eancia estrat\u00e9gica fundamental. Saiba mais. "},"yoast_head":"<!-- This site is optimized with the Yoast SEO plugin v23.9 - https:\/\/yoast.com\/wordpress\/plugins\/seo\/ -->\n<title>Clientes e parceiros em que a eleva\u00e7\u00e3o \u00e9 estrat\u00e9gica | OMIS<\/title>\n<meta name=\"description\" content=\"Os projetos da Alucni com alguns clientes, relatados em detalhes, mostram como o manuseio e a eleva\u00e7\u00e3o s\u00e3o um fator de efici\u00eancia estrat\u00e9gica fundamental. Saiba mais.\" \/>\n<meta name=\"robots\" content=\"index, follow, max-snippet:-1, max-image-preview:large, max-video-preview:-1\" \/>\n<meta property=\"og:locale\" content=\"pt_PT\" \/>\n<meta property=\"og:type\" content=\"article\" \/>\n<meta property=\"og:title\" content=\"Clientes e parceiros em que a eleva\u00e7\u00e3o \u00e9 estrat\u00e9gica | OMIS\" \/>\n<meta property=\"og:description\" content=\"Os projetos da Alucni com alguns clientes, relatados em detalhes, mostram como o manuseio e a eleva\u00e7\u00e3o s\u00e3o um fator de efici\u00eancia estrat\u00e9gica fundamental. Saiba mais.\" \/>\n<meta property=\"og:url\" content=\"https:\/\/www.omis.net\/pt-pt\/referencias\/\" \/>\n<meta property=\"og:site_name\" content=\"Omis Spa\" \/>\n<meta property=\"article:publisher\" content=\"https:\/\/www.facebook.com\/omisgroup\" \/>\n<meta property=\"article:modified_time\" content=\"2025-04-03T08:57:49+00:00\" \/>\n<meta name=\"twitter:card\" content=\"summary_large_image\" \/>\n<script type=\"application\/ld+json\" class=\"yoast-schema-graph\">{\"@context\":\"https:\/\/schema.org\",\"@graph\":[{\"@type\":\"WebPage\",\"@id\":\"https:\/\/www.omis.net\/pt-pt\/referencias\/\",\"url\":\"https:\/\/www.omis.net\/pt-pt\/referencias\/\",\"name\":\"Clientes e parceiros em que a eleva\u00e7\u00e3o \u00e9 estrat\u00e9gica | OMIS\",\"isPartOf\":{\"@id\":\"https:\/\/www.omis.net\/it-it\/#website\"},\"datePublished\":\"2024-03-22T13:14:07+00:00\",\"dateModified\":\"2025-04-03T08:57:49+00:00\",\"description\":\"Os projetos da Alucni com alguns clientes, relatados em detalhes, mostram como o manuseio e a eleva\u00e7\u00e3o s\u00e3o um fator de efici\u00eancia estrat\u00e9gica fundamental. Saiba mais.\",\"breadcrumb\":{\"@id\":\"https:\/\/www.omis.net\/pt-pt\/referencias\/#breadcrumb\"},\"inLanguage\":\"pt-pt\",\"potentialAction\":[{\"@type\":\"ReadAction\",\"target\":[\"https:\/\/www.omis.net\/pt-pt\/referencias\/\"]}]},{\"@type\":\"BreadcrumbList\",\"@id\":\"https:\/\/www.omis.net\/pt-pt\/referencias\/#breadcrumb\",\"itemListElement\":[{\"@type\":\"ListItem\",\"position\":1,\"name\":\"Home\",\"item\":\"https:\/\/www.omis.net\/pt-pt\/pagina-inicial\/\"},{\"@type\":\"ListItem\",\"position\":2,\"name\":\"Refer\u00eancias\"}]},{\"@type\":\"WebSite\",\"@id\":\"https:\/\/www.omis.net\/it-it\/#website\",\"url\":\"https:\/\/www.omis.net\/it-it\/\",\"name\":\"Omis Spa\",\"description\":\"Movimentazione e sollevamento\",\"publisher\":{\"@id\":\"https:\/\/www.omis.net\/it-it\/#organization\"},\"potentialAction\":[{\"@type\":\"SearchAction\",\"target\":{\"@type\":\"EntryPoint\",\"urlTemplate\":\"https:\/\/www.omis.net\/it-it\/?s={search_term_string}\"},\"query-input\":{\"@type\":\"PropertyValueSpecification\",\"valueRequired\":true,\"valueName\":\"search_term_string\"}}],\"inLanguage\":\"pt-pt\"},{\"@type\":\"Organization\",\"@id\":\"https:\/\/www.omis.net\/it-it\/#organization\",\"name\":\"Omis Spa\",\"url\":\"https:\/\/www.omis.net\/it-it\/\",\"logo\":{\"@type\":\"ImageObject\",\"inLanguage\":\"pt-pt\",\"@id\":\"https:\/\/www.omis.net\/it-it\/#\/schema\/logo\/image\/\",\"url\":\"https:\/\/media.omis.net\/media\/2024\/08\/logo.jpg\",\"contentUrl\":\"https:\/\/media.omis.net\/media\/2024\/08\/logo.jpg\",\"width\":300,\"height\":300,\"caption\":\"Omis Spa\"},\"image\":{\"@id\":\"https:\/\/www.omis.net\/it-it\/#\/schema\/logo\/image\/\"},\"sameAs\":[\"https:\/\/www.facebook.com\/omisgroup\",\"https:\/\/www.linkedin.com\/company\/omis-group\",\"https:\/\/www.youtube.com\/channel\/UCS4L59XDk3kKBI9MnjuxWDw\",\"https:\/\/www.instagram.com\/omisgroup\"]}]}<\/script>\n<!-- \/ Yoast SEO plugin. -->","yoast_head_json":{"title":"Clientes e parceiros em que a eleva\u00e7\u00e3o \u00e9 estrat\u00e9gica | OMIS","description":"Os projetos da Alucni com alguns clientes, relatados em detalhes, mostram como o manuseio e a eleva\u00e7\u00e3o s\u00e3o um fator de efici\u00eancia estrat\u00e9gica fundamental. Saiba mais.","robots":{"index":"index","follow":"follow","max-snippet":"max-snippet:-1","max-image-preview":"max-image-preview:large","max-video-preview":"max-video-preview:-1"},"og_locale":"pt_PT","og_type":"article","og_title":"Clientes e parceiros em que a eleva\u00e7\u00e3o \u00e9 estrat\u00e9gica | OMIS","og_description":"Os projetos da Alucni com alguns clientes, relatados em detalhes, mostram como o manuseio e a eleva\u00e7\u00e3o s\u00e3o um fator de efici\u00eancia estrat\u00e9gica fundamental. Saiba mais.","og_url":"https:\/\/www.omis.net\/pt-pt\/referencias\/","og_site_name":"Omis Spa","article_publisher":"https:\/\/www.facebook.com\/omisgroup","article_modified_time":"2025-04-03T08:57:49+00:00","twitter_card":"summary_large_image","schema":{"@context":"https:\/\/schema.org","@graph":[{"@type":"WebPage","@id":"https:\/\/www.omis.net\/pt-pt\/referencias\/","url":"https:\/\/www.omis.net\/pt-pt\/referencias\/","name":"Clientes e parceiros em que a eleva\u00e7\u00e3o \u00e9 estrat\u00e9gica | OMIS","isPartOf":{"@id":"https:\/\/www.omis.net\/it-it\/#website"},"datePublished":"2024-03-22T13:14:07+00:00","dateModified":"2025-04-03T08:57:49+00:00","description":"Os projetos da Alucni com alguns clientes, relatados em detalhes, mostram como o manuseio e a eleva\u00e7\u00e3o s\u00e3o um fator de efici\u00eancia estrat\u00e9gica fundamental. Saiba mais.","breadcrumb":{"@id":"https:\/\/www.omis.net\/pt-pt\/referencias\/#breadcrumb"},"inLanguage":"pt-pt","potentialAction":[{"@type":"ReadAction","target":["https:\/\/www.omis.net\/pt-pt\/referencias\/"]}]},{"@type":"BreadcrumbList","@id":"https:\/\/www.omis.net\/pt-pt\/referencias\/#breadcrumb","itemListElement":[{"@type":"ListItem","position":1,"name":"Home","item":"https:\/\/www.omis.net\/pt-pt\/pagina-inicial\/"},{"@type":"ListItem","position":2,"name":"Refer\u00eancias"}]},{"@type":"WebSite","@id":"https:\/\/www.omis.net\/it-it\/#website","url":"https:\/\/www.omis.net\/it-it\/","name":"Omis Spa","description":"Movimentazione e sollevamento","publisher":{"@id":"https:\/\/www.omis.net\/it-it\/#organization"},"potentialAction":[{"@type":"SearchAction","target":{"@type":"EntryPoint","urlTemplate":"https:\/\/www.omis.net\/it-it\/?s={search_term_string}"},"query-input":{"@type":"PropertyValueSpecification","valueRequired":true,"valueName":"search_term_string"}}],"inLanguage":"pt-pt"},{"@type":"Organization","@id":"https:\/\/www.omis.net\/it-it\/#organization","name":"Omis Spa","url":"https:\/\/www.omis.net\/it-it\/","logo":{"@type":"ImageObject","inLanguage":"pt-pt","@id":"https:\/\/www.omis.net\/it-it\/#\/schema\/logo\/image\/","url":"https:\/\/media.omis.net\/media\/2024\/08\/logo.jpg","contentUrl":"https:\/\/media.omis.net\/media\/2024\/08\/logo.jpg","width":300,"height":300,"caption":"Omis Spa"},"image":{"@id":"https:\/\/www.omis.net\/it-it\/#\/schema\/logo\/image\/"},"sameAs":["https:\/\/www.facebook.com\/omisgroup","https:\/\/www.linkedin.com\/company\/omis-group","https:\/\/www.youtube.com\/channel\/UCS4L59XDk3kKBI9MnjuxWDw","https:\/\/www.instagram.com\/omisgroup"]}]}},"_links":{"self":[{"href":"https:\/\/www.omis.net\/pt-pt\/wp-json\/wp\/v2\/pages\/7224"}],"collection":[{"href":"https:\/\/www.omis.net\/pt-pt\/wp-json\/wp\/v2\/pages"}],"about":[{"href":"https:\/\/www.omis.net\/pt-pt\/wp-json\/wp\/v2\/types\/page"}],"author":[{"embeddable":true,"href":"https:\/\/www.omis.net\/pt-pt\/wp-json\/wp\/v2\/users\/2"}],"replies":[{"embeddable":true,"href":"https:\/\/www.omis.net\/pt-pt\/wp-json\/wp\/v2\/comments?post=7224"}],"version-history":[{"count":1,"href":"https:\/\/www.omis.net\/pt-pt\/wp-json\/wp\/v2\/pages\/7224\/revisions"}],"predecessor-version":[{"id":17713,"href":"https:\/\/www.omis.net\/pt-pt\/wp-json\/wp\/v2\/pages\/7224\/revisions\/17713"}],"wp:attachment":[{"href":"https:\/\/www.omis.net\/pt-pt\/wp-json\/wp\/v2\/media?parent=7224"}],"curies":[{"name":"wp","href":"https:\/\/api.w.org\/{rel}","templated":true}]}}