{"id":7205,"date":"2024-03-25T09:35:05","date_gmt":"2024-03-25T08:35:05","guid":{"rendered":"http:\/\/bedrock.local\/pagina-inicial\/"},"modified":"2025-01-31T12:27:34","modified_gmt":"2025-01-31T11:27:34","slug":"pagina-inicial","status":"publish","type":"page","link":"https:\/\/www.omis.net\/pt-pt\/","title":{"rendered":"P\u00e1gina inicial"},"content":{"rendered":"","protected":false},"excerpt":{"rendered":"","protected":false},"author":2,"featured_media":0,"parent":0,"menu_order":0,"comment_status":"closed","ping_status":"closed","template":"","meta":{"_acf_changed":false,"footnotes":""},"class_list":["post-7205","page","type-page","status-publish","hentry"],"acf":{"seo_title":"Levantamos todas as cargas, em todos os setores, com guindastes, pontes rolantes e talhas | OMIS","seo_description":"Na OMIS, otimizamos os processos para melhorar os produtos e reduzir o desperd\u00edcio, adotando a filosofia de produ\u00e7\u00e3o enxuta em todos os n\u00edveis. Investimos em tecnologia avan\u00e7ada, como soldagem rob\u00f3tica e m\u00e1quinas CNC, integrando a experi\u00eancia da nossa equipe com inova\u00e7\u00f5es futuristas. Somos um parceiro confi\u00e1vel e sustent\u00e1vel com um forte compromisso com a responsabilidade ambiental e a qualidade.  "},"yoast_head":"<!-- This site is optimized with the Yoast SEO plugin v23.9 - https:\/\/yoast.com\/wordpress\/plugins\/seo\/ -->\n<title>Levantamos todas as cargas, em todos os setores, com guindastes, pontes rolantes e talhas | OMIS<\/title>\n<meta name=\"description\" content=\"Na OMIS, otimizamos os processos para melhorar os produtos e reduzir o desperd\u00edcio, adotando a filosofia de produ\u00e7\u00e3o enxuta em todos os n\u00edveis. Investimos em tecnologia avan\u00e7ada, como soldagem rob\u00f3tica e m\u00e1quinas CNC, integrando a experi\u00eancia da nossa equipe com inova\u00e7\u00f5es futuristas. Somos um parceiro confi\u00e1vel e sustent\u00e1vel com um forte compromisso com a responsabilidade ambiental e a qualidade.\" \/>\n<meta name=\"robots\" content=\"index, follow, max-snippet:-1, max-image-preview:large, max-video-preview:-1\" \/>\n<meta property=\"og:locale\" content=\"pt_PT\" \/>\n<meta property=\"og:type\" content=\"article\" \/>\n<meta property=\"og:title\" content=\"Levantamos todas as cargas, em todos os setores, com guindastes, pontes rolantes e talhas | OMIS\" \/>\n<meta property=\"og:description\" content=\"Na OMIS, otimizamos os processos para melhorar os produtos e reduzir o desperd\u00edcio, adotando a filosofia de produ\u00e7\u00e3o enxuta em todos os n\u00edveis. Investimos em tecnologia avan\u00e7ada, como soldagem rob\u00f3tica e m\u00e1quinas CNC, integrando a experi\u00eancia da nossa equipe com inova\u00e7\u00f5es futuristas. Somos um parceiro confi\u00e1vel e sustent\u00e1vel com um forte compromisso com a responsabilidade ambiental e a qualidade.\" \/>\n<meta property=\"og:url\" content=\"https:\/\/www.omis.net\/pt-pt\/pagina-inicial\/\" \/>\n<meta property=\"og:site_name\" content=\"Omis Spa\" \/>\n<meta property=\"article:publisher\" content=\"https:\/\/www.facebook.com\/omisgroup\" \/>\n<meta property=\"article:modified_time\" content=\"2025-01-31T11:27:34+00:00\" \/>\n<meta name=\"twitter:card\" content=\"summary_large_image\" \/>\n<script type=\"application\/ld+json\" class=\"yoast-schema-graph\">{\"@context\":\"https:\/\/schema.org\",\"@graph\":[{\"@type\":\"WebPage\",\"@id\":\"https:\/\/www.omis.net\/pt-pt\/pagina-inicial\/\",\"url\":\"https:\/\/www.omis.net\/pt-pt\/pagina-inicial\/\",\"name\":\"Levantamos todas as cargas, em todos os setores, com guindastes, pontes rolantes e talhas | OMIS\",\"isPartOf\":{\"@id\":\"https:\/\/www.omis.net\/it-it\/#website\"},\"datePublished\":\"2024-03-25T08:35:05+00:00\",\"dateModified\":\"2025-01-31T11:27:34+00:00\",\"description\":\"Na OMIS, otimizamos os processos para melhorar os produtos e reduzir o desperd\u00edcio, adotando a filosofia de produ\u00e7\u00e3o enxuta em todos os n\u00edveis. Investimos em tecnologia avan\u00e7ada, como soldagem rob\u00f3tica e m\u00e1quinas CNC, integrando a experi\u00eancia da nossa equipe com inova\u00e7\u00f5es futuristas. Somos um parceiro confi\u00e1vel e sustent\u00e1vel com um forte compromisso com a responsabilidade ambiental e a qualidade.\",\"breadcrumb\":{\"@id\":\"https:\/\/www.omis.net\/pt-pt\/pagina-inicial\/#breadcrumb\"},\"inLanguage\":\"pt-pt\",\"potentialAction\":[{\"@type\":\"ReadAction\",\"target\":[\"https:\/\/www.omis.net\/pt-pt\/pagina-inicial\/\"]}]},{\"@type\":\"BreadcrumbList\",\"@id\":\"https:\/\/www.omis.net\/pt-pt\/pagina-inicial\/#breadcrumb\",\"itemListElement\":[{\"@type\":\"ListItem\",\"position\":1,\"name\":\"Home\",\"item\":\"https:\/\/www.omis.net\/pt-pt\/pagina-inicial\/\"},{\"@type\":\"ListItem\",\"position\":2,\"name\":\"P\u00e1gina inicial\"}]},{\"@type\":\"WebSite\",\"@id\":\"https:\/\/www.omis.net\/it-it\/#website\",\"url\":\"https:\/\/www.omis.net\/it-it\/\",\"name\":\"Omis Spa\",\"description\":\"Movimentazione e sollevamento\",\"publisher\":{\"@id\":\"https:\/\/www.omis.net\/it-it\/#organization\"},\"potentialAction\":[{\"@type\":\"SearchAction\",\"target\":{\"@type\":\"EntryPoint\",\"urlTemplate\":\"https:\/\/www.omis.net\/it-it\/?s={search_term_string}\"},\"query-input\":{\"@type\":\"PropertyValueSpecification\",\"valueRequired\":true,\"valueName\":\"search_term_string\"}}],\"inLanguage\":\"pt-pt\"},{\"@type\":\"Organization\",\"@id\":\"https:\/\/www.omis.net\/it-it\/#organization\",\"name\":\"Omis Spa\",\"url\":\"https:\/\/www.omis.net\/it-it\/\",\"logo\":{\"@type\":\"ImageObject\",\"inLanguage\":\"pt-pt\",\"@id\":\"https:\/\/www.omis.net\/it-it\/#\/schema\/logo\/image\/\",\"url\":\"https:\/\/media.omis.net\/media\/2024\/08\/logo.jpg\",\"contentUrl\":\"https:\/\/media.omis.net\/media\/2024\/08\/logo.jpg\",\"width\":300,\"height\":300,\"caption\":\"Omis Spa\"},\"image\":{\"@id\":\"https:\/\/www.omis.net\/it-it\/#\/schema\/logo\/image\/\"},\"sameAs\":[\"https:\/\/www.facebook.com\/omisgroup\",\"https:\/\/www.linkedin.com\/company\/omis-group\",\"https:\/\/www.youtube.com\/channel\/UCS4L59XDk3kKBI9MnjuxWDw\",\"https:\/\/www.instagram.com\/omisgroup\"]}]}<\/script>\n<!-- \/ Yoast SEO plugin. -->","yoast_head_json":{"title":"Levantamos todas as cargas, em todos os setores, com guindastes, pontes rolantes e talhas | OMIS","description":"Na OMIS, otimizamos os processos para melhorar os produtos e reduzir o desperd\u00edcio, adotando a filosofia de produ\u00e7\u00e3o enxuta em todos os n\u00edveis. Investimos em tecnologia avan\u00e7ada, como soldagem rob\u00f3tica e m\u00e1quinas CNC, integrando a experi\u00eancia da nossa equipe com inova\u00e7\u00f5es futuristas. Somos um parceiro confi\u00e1vel e sustent\u00e1vel com um forte compromisso com a responsabilidade ambiental e a qualidade.","robots":{"index":"index","follow":"follow","max-snippet":"max-snippet:-1","max-image-preview":"max-image-preview:large","max-video-preview":"max-video-preview:-1"},"og_locale":"pt_PT","og_type":"article","og_title":"Levantamos todas as cargas, em todos os setores, com guindastes, pontes rolantes e talhas | OMIS","og_description":"Na OMIS, otimizamos os processos para melhorar os produtos e reduzir o desperd\u00edcio, adotando a filosofia de produ\u00e7\u00e3o enxuta em todos os n\u00edveis. Investimos em tecnologia avan\u00e7ada, como soldagem rob\u00f3tica e m\u00e1quinas CNC, integrando a experi\u00eancia da nossa equipe com inova\u00e7\u00f5es futuristas. Somos um parceiro confi\u00e1vel e sustent\u00e1vel com um forte compromisso com a responsabilidade ambiental e a qualidade.","og_url":"https:\/\/www.omis.net\/pt-pt\/pagina-inicial\/","og_site_name":"Omis Spa","article_publisher":"https:\/\/www.facebook.com\/omisgroup","article_modified_time":"2025-01-31T11:27:34+00:00","twitter_card":"summary_large_image","schema":{"@context":"https:\/\/schema.org","@graph":[{"@type":"WebPage","@id":"https:\/\/www.omis.net\/pt-pt\/pagina-inicial\/","url":"https:\/\/www.omis.net\/pt-pt\/pagina-inicial\/","name":"Levantamos todas as cargas, em todos os setores, com guindastes, pontes rolantes e talhas | OMIS","isPartOf":{"@id":"https:\/\/www.omis.net\/it-it\/#website"},"datePublished":"2024-03-25T08:35:05+00:00","dateModified":"2025-01-31T11:27:34+00:00","description":"Na OMIS, otimizamos os processos para melhorar os produtos e reduzir o desperd\u00edcio, adotando a filosofia de produ\u00e7\u00e3o enxuta em todos os n\u00edveis. Investimos em tecnologia avan\u00e7ada, como soldagem rob\u00f3tica e m\u00e1quinas CNC, integrando a experi\u00eancia da nossa equipe com inova\u00e7\u00f5es futuristas. Somos um parceiro confi\u00e1vel e sustent\u00e1vel com um forte compromisso com a responsabilidade ambiental e a qualidade.","breadcrumb":{"@id":"https:\/\/www.omis.net\/pt-pt\/pagina-inicial\/#breadcrumb"},"inLanguage":"pt-pt","potentialAction":[{"@type":"ReadAction","target":["https:\/\/www.omis.net\/pt-pt\/pagina-inicial\/"]}]},{"@type":"BreadcrumbList","@id":"https:\/\/www.omis.net\/pt-pt\/pagina-inicial\/#breadcrumb","itemListElement":[{"@type":"ListItem","position":1,"name":"Home","item":"https:\/\/www.omis.net\/pt-pt\/pagina-inicial\/"},{"@type":"ListItem","position":2,"name":"P\u00e1gina inicial"}]},{"@type":"WebSite","@id":"https:\/\/www.omis.net\/it-it\/#website","url":"https:\/\/www.omis.net\/it-it\/","name":"Omis Spa","description":"Movimentazione e sollevamento","publisher":{"@id":"https:\/\/www.omis.net\/it-it\/#organization"},"potentialAction":[{"@type":"SearchAction","target":{"@type":"EntryPoint","urlTemplate":"https:\/\/www.omis.net\/it-it\/?s={search_term_string}"},"query-input":{"@type":"PropertyValueSpecification","valueRequired":true,"valueName":"search_term_string"}}],"inLanguage":"pt-pt"},{"@type":"Organization","@id":"https:\/\/www.omis.net\/it-it\/#organization","name":"Omis Spa","url":"https:\/\/www.omis.net\/it-it\/","logo":{"@type":"ImageObject","inLanguage":"pt-pt","@id":"https:\/\/www.omis.net\/it-it\/#\/schema\/logo\/image\/","url":"https:\/\/media.omis.net\/media\/2024\/08\/logo.jpg","contentUrl":"https:\/\/media.omis.net\/media\/2024\/08\/logo.jpg","width":300,"height":300,"caption":"Omis Spa"},"image":{"@id":"https:\/\/www.omis.net\/it-it\/#\/schema\/logo\/image\/"},"sameAs":["https:\/\/www.facebook.com\/omisgroup","https:\/\/www.linkedin.com\/company\/omis-group","https:\/\/www.youtube.com\/channel\/UCS4L59XDk3kKBI9MnjuxWDw","https:\/\/www.instagram.com\/omisgroup"]}]}},"_links":{"self":[{"href":"https:\/\/www.omis.net\/pt-pt\/wp-json\/wp\/v2\/pages\/7205"}],"collection":[{"href":"https:\/\/www.omis.net\/pt-pt\/wp-json\/wp\/v2\/pages"}],"about":[{"href":"https:\/\/www.omis.net\/pt-pt\/wp-json\/wp\/v2\/types\/page"}],"author":[{"embeddable":true,"href":"https:\/\/www.omis.net\/pt-pt\/wp-json\/wp\/v2\/users\/2"}],"replies":[{"embeddable":true,"href":"https:\/\/www.omis.net\/pt-pt\/wp-json\/wp\/v2\/comments?post=7205"}],"version-history":[{"count":4,"href":"https:\/\/www.omis.net\/pt-pt\/wp-json\/wp\/v2\/pages\/7205\/revisions"}],"predecessor-version":[{"id":17132,"href":"https:\/\/www.omis.net\/pt-pt\/wp-json\/wp\/v2\/pages\/7205\/revisions\/17132"}],"wp:attachment":[{"href":"https:\/\/www.omis.net\/pt-pt\/wp-json\/wp\/v2\/media?parent=7205"}],"curies":[{"name":"wp","href":"https:\/\/api.w.org\/{rel}","templated":true}]}}