{"id":5942,"date":"2024-03-22T14:13:05","date_gmt":"2024-03-22T13:13:05","guid":{"rendered":"http:\/\/bedrock.local\/born-to-lift\/"},"modified":"2025-01-14T07:53:13","modified_gmt":"2025-01-14T06:53:13","slug":"born-to-lift","status":"publish","type":"page","link":"https:\/\/www.omis.net\/pt-pt\/born-to-lift\/","title":{"rendered":"Born to lift"},"content":{"rendered":"","protected":false},"excerpt":{"rendered":"","protected":false},"author":2,"featured_media":0,"parent":0,"menu_order":0,"comment_status":"closed","ping_status":"closed","template":"templates\/template-about.php","meta":{"_acf_changed":true,"footnotes":""},"class_list":["post-5942","page","type-page","status-publish","hentry"],"acf":{"seo_title":"Nascidos para elevar. Feito para crescer e fazer crescer.| OMIS  ","seo_description":"A OMIS \u00e9 l\u00edder global em sistemas de eleva\u00e7\u00e3o e manuseio, com filiais em todo o mundo. Oferecemos solu\u00e7\u00f5es excelentes, seguras e sustent\u00e1veis para v\u00e1rios setores, com foco na inova\u00e7\u00e3o cont\u00ednua e na redu\u00e7\u00e3o do impacto ambiental, garantindo um ambiente de trabalho justo e gratificante. "},"yoast_head":"<!-- This site is optimized with the Yoast SEO plugin v23.9 - https:\/\/yoast.com\/wordpress\/plugins\/seo\/ -->\n<title>Nascidos para elevar. Feito para crescer e fazer crescer.| OMIS<\/title>\n<meta name=\"description\" content=\"A OMIS \u00e9 l\u00edder global em sistemas de eleva\u00e7\u00e3o e manuseio, com filiais em todo o mundo. Oferecemos solu\u00e7\u00f5es excelentes, seguras e sustent\u00e1veis para v\u00e1rios setores, com foco na inova\u00e7\u00e3o cont\u00ednua e na redu\u00e7\u00e3o do impacto ambiental, garantindo um ambiente de trabalho justo e gratificante.\" \/>\n<meta name=\"robots\" content=\"index, follow, max-snippet:-1, max-image-preview:large, max-video-preview:-1\" \/>\n<meta property=\"og:locale\" content=\"pt_PT\" \/>\n<meta property=\"og:type\" content=\"article\" \/>\n<meta property=\"og:title\" content=\"Nascidos para elevar. Feito para crescer e fazer crescer.| OMIS\" \/>\n<meta property=\"og:description\" content=\"A OMIS \u00e9 l\u00edder global em sistemas de eleva\u00e7\u00e3o e manuseio, com filiais em todo o mundo. Oferecemos solu\u00e7\u00f5es excelentes, seguras e sustent\u00e1veis para v\u00e1rios setores, com foco na inova\u00e7\u00e3o cont\u00ednua e na redu\u00e7\u00e3o do impacto ambiental, garantindo um ambiente de trabalho justo e gratificante.\" \/>\n<meta property=\"og:url\" content=\"https:\/\/www.omis.net\/pt-pt\/born-to-lift\/\" \/>\n<meta property=\"og:site_name\" content=\"Omis Spa\" \/>\n<meta property=\"article:publisher\" content=\"https:\/\/www.facebook.com\/omisgroup\" \/>\n<meta property=\"article:modified_time\" content=\"2025-01-14T06:53:13+00:00\" \/>\n<meta name=\"twitter:card\" content=\"summary_large_image\" \/>\n<script type=\"application\/ld+json\" class=\"yoast-schema-graph\">{\"@context\":\"https:\/\/schema.org\",\"@graph\":[{\"@type\":\"WebPage\",\"@id\":\"https:\/\/www.omis.net\/pt-pt\/born-to-lift\/\",\"url\":\"https:\/\/www.omis.net\/pt-pt\/born-to-lift\/\",\"name\":\"Nascidos para elevar. Feito para crescer e fazer crescer.| OMIS\",\"isPartOf\":{\"@id\":\"https:\/\/www.omis.net\/it-it\/#website\"},\"datePublished\":\"2024-03-22T13:13:05+00:00\",\"dateModified\":\"2025-01-14T06:53:13+00:00\",\"description\":\"A OMIS \u00e9 l\u00edder global em sistemas de eleva\u00e7\u00e3o e manuseio, com filiais em todo o mundo. Oferecemos solu\u00e7\u00f5es excelentes, seguras e sustent\u00e1veis para v\u00e1rios setores, com foco na inova\u00e7\u00e3o cont\u00ednua e na redu\u00e7\u00e3o do impacto ambiental, garantindo um ambiente de trabalho justo e gratificante.\",\"breadcrumb\":{\"@id\":\"https:\/\/www.omis.net\/pt-pt\/born-to-lift\/#breadcrumb\"},\"inLanguage\":\"pt-pt\",\"potentialAction\":[{\"@type\":\"ReadAction\",\"target\":[\"https:\/\/www.omis.net\/pt-pt\/born-to-lift\/\"]}]},{\"@type\":\"BreadcrumbList\",\"@id\":\"https:\/\/www.omis.net\/pt-pt\/born-to-lift\/#breadcrumb\",\"itemListElement\":[{\"@type\":\"ListItem\",\"position\":1,\"name\":\"Home\",\"item\":\"https:\/\/www.omis.net\/pt-pt\/pagina-inicial\/\"},{\"@type\":\"ListItem\",\"position\":2,\"name\":\"Born to lift\"}]},{\"@type\":\"WebSite\",\"@id\":\"https:\/\/www.omis.net\/it-it\/#website\",\"url\":\"https:\/\/www.omis.net\/it-it\/\",\"name\":\"Omis Spa\",\"description\":\"Movimentazione e sollevamento\",\"publisher\":{\"@id\":\"https:\/\/www.omis.net\/it-it\/#organization\"},\"potentialAction\":[{\"@type\":\"SearchAction\",\"target\":{\"@type\":\"EntryPoint\",\"urlTemplate\":\"https:\/\/www.omis.net\/it-it\/?s={search_term_string}\"},\"query-input\":{\"@type\":\"PropertyValueSpecification\",\"valueRequired\":true,\"valueName\":\"search_term_string\"}}],\"inLanguage\":\"pt-pt\"},{\"@type\":\"Organization\",\"@id\":\"https:\/\/www.omis.net\/it-it\/#organization\",\"name\":\"Omis Spa\",\"url\":\"https:\/\/www.omis.net\/it-it\/\",\"logo\":{\"@type\":\"ImageObject\",\"inLanguage\":\"pt-pt\",\"@id\":\"https:\/\/www.omis.net\/it-it\/#\/schema\/logo\/image\/\",\"url\":\"https:\/\/media.omis.net\/media\/2024\/08\/logo.jpg\",\"contentUrl\":\"https:\/\/media.omis.net\/media\/2024\/08\/logo.jpg\",\"width\":300,\"height\":300,\"caption\":\"Omis Spa\"},\"image\":{\"@id\":\"https:\/\/www.omis.net\/it-it\/#\/schema\/logo\/image\/\"},\"sameAs\":[\"https:\/\/www.facebook.com\/omisgroup\",\"https:\/\/www.linkedin.com\/company\/omis-group\",\"https:\/\/www.youtube.com\/channel\/UCS4L59XDk3kKBI9MnjuxWDw\",\"https:\/\/www.instagram.com\/omisgroup\"]}]}<\/script>\n<!-- \/ Yoast SEO plugin. -->","yoast_head_json":{"title":"Nascidos para elevar. Feito para crescer e fazer crescer.| OMIS","description":"A OMIS \u00e9 l\u00edder global em sistemas de eleva\u00e7\u00e3o e manuseio, com filiais em todo o mundo. Oferecemos solu\u00e7\u00f5es excelentes, seguras e sustent\u00e1veis para v\u00e1rios setores, com foco na inova\u00e7\u00e3o cont\u00ednua e na redu\u00e7\u00e3o do impacto ambiental, garantindo um ambiente de trabalho justo e gratificante.","robots":{"index":"index","follow":"follow","max-snippet":"max-snippet:-1","max-image-preview":"max-image-preview:large","max-video-preview":"max-video-preview:-1"},"og_locale":"pt_PT","og_type":"article","og_title":"Nascidos para elevar. Feito para crescer e fazer crescer.| OMIS","og_description":"A OMIS \u00e9 l\u00edder global em sistemas de eleva\u00e7\u00e3o e manuseio, com filiais em todo o mundo. Oferecemos solu\u00e7\u00f5es excelentes, seguras e sustent\u00e1veis para v\u00e1rios setores, com foco na inova\u00e7\u00e3o cont\u00ednua e na redu\u00e7\u00e3o do impacto ambiental, garantindo um ambiente de trabalho justo e gratificante.","og_url":"https:\/\/www.omis.net\/pt-pt\/born-to-lift\/","og_site_name":"Omis Spa","article_publisher":"https:\/\/www.facebook.com\/omisgroup","article_modified_time":"2025-01-14T06:53:13+00:00","twitter_card":"summary_large_image","schema":{"@context":"https:\/\/schema.org","@graph":[{"@type":"WebPage","@id":"https:\/\/www.omis.net\/pt-pt\/born-to-lift\/","url":"https:\/\/www.omis.net\/pt-pt\/born-to-lift\/","name":"Nascidos para elevar. Feito para crescer e fazer crescer.| OMIS","isPartOf":{"@id":"https:\/\/www.omis.net\/it-it\/#website"},"datePublished":"2024-03-22T13:13:05+00:00","dateModified":"2025-01-14T06:53:13+00:00","description":"A OMIS \u00e9 l\u00edder global em sistemas de eleva\u00e7\u00e3o e manuseio, com filiais em todo o mundo. Oferecemos solu\u00e7\u00f5es excelentes, seguras e sustent\u00e1veis para v\u00e1rios setores, com foco na inova\u00e7\u00e3o cont\u00ednua e na redu\u00e7\u00e3o do impacto ambiental, garantindo um ambiente de trabalho justo e gratificante.","breadcrumb":{"@id":"https:\/\/www.omis.net\/pt-pt\/born-to-lift\/#breadcrumb"},"inLanguage":"pt-pt","potentialAction":[{"@type":"ReadAction","target":["https:\/\/www.omis.net\/pt-pt\/born-to-lift\/"]}]},{"@type":"BreadcrumbList","@id":"https:\/\/www.omis.net\/pt-pt\/born-to-lift\/#breadcrumb","itemListElement":[{"@type":"ListItem","position":1,"name":"Home","item":"https:\/\/www.omis.net\/pt-pt\/pagina-inicial\/"},{"@type":"ListItem","position":2,"name":"Born to lift"}]},{"@type":"WebSite","@id":"https:\/\/www.omis.net\/it-it\/#website","url":"https:\/\/www.omis.net\/it-it\/","name":"Omis Spa","description":"Movimentazione e sollevamento","publisher":{"@id":"https:\/\/www.omis.net\/it-it\/#organization"},"potentialAction":[{"@type":"SearchAction","target":{"@type":"EntryPoint","urlTemplate":"https:\/\/www.omis.net\/it-it\/?s={search_term_string}"},"query-input":{"@type":"PropertyValueSpecification","valueRequired":true,"valueName":"search_term_string"}}],"inLanguage":"pt-pt"},{"@type":"Organization","@id":"https:\/\/www.omis.net\/it-it\/#organization","name":"Omis Spa","url":"https:\/\/www.omis.net\/it-it\/","logo":{"@type":"ImageObject","inLanguage":"pt-pt","@id":"https:\/\/www.omis.net\/it-it\/#\/schema\/logo\/image\/","url":"https:\/\/media.omis.net\/media\/2024\/08\/logo.jpg","contentUrl":"https:\/\/media.omis.net\/media\/2024\/08\/logo.jpg","width":300,"height":300,"caption":"Omis Spa"},"image":{"@id":"https:\/\/www.omis.net\/it-it\/#\/schema\/logo\/image\/"},"sameAs":["https:\/\/www.facebook.com\/omisgroup","https:\/\/www.linkedin.com\/company\/omis-group","https:\/\/www.youtube.com\/channel\/UCS4L59XDk3kKBI9MnjuxWDw","https:\/\/www.instagram.com\/omisgroup"]}]}},"_links":{"self":[{"href":"https:\/\/www.omis.net\/pt-pt\/wp-json\/wp\/v2\/pages\/5942"}],"collection":[{"href":"https:\/\/www.omis.net\/pt-pt\/wp-json\/wp\/v2\/pages"}],"about":[{"href":"https:\/\/www.omis.net\/pt-pt\/wp-json\/wp\/v2\/types\/page"}],"author":[{"embeddable":true,"href":"https:\/\/www.omis.net\/pt-pt\/wp-json\/wp\/v2\/users\/2"}],"replies":[{"embeddable":true,"href":"https:\/\/www.omis.net\/pt-pt\/wp-json\/wp\/v2\/comments?post=5942"}],"version-history":[{"count":0,"href":"https:\/\/www.omis.net\/pt-pt\/wp-json\/wp\/v2\/pages\/5942\/revisions"}],"wp:attachment":[{"href":"https:\/\/www.omis.net\/pt-pt\/wp-json\/wp\/v2\/media?parent=5942"}],"curies":[{"name":"wp","href":"https:\/\/api.w.org\/{rel}","templated":true}]}}