{"id":3580,"date":"2024-12-18T11:01:41","date_gmt":"2024-12-18T10:01:41","guid":{"rendered":"http:\/\/bedrock.local\/product\/ctz\/"},"modified":"2025-02-03T18:33:02","modified_gmt":"2025-02-03T17:33:02","slug":"gru-a-bandiera-a-colonna-con-braccio-in-trave-a-sbalzo-e-plinto-spostabile","status":"publish","type":"product","link":"https:\/\/www.omis.net\/it-it\/prodotto\/gru-a-bandiera-a-colonna-con-braccio-in-trave-a-sbalzo-e-plinto-spostabile\/","title":{"rendered":"Gru a bandiera a colonna con braccio in trave a sbalzo e plinto spostabile"},"content":{"rendered":"","protected":false},"featured_media":13749,"parent":0,"template":"","caratteristica-prodotto":[],"tipologia-prodotto":[49,62,491],"class_list":["post-3580","product","type-product","status-publish","has-post-thumbnail","hentry","tipologia-prodotto-gru-per-postazioni-di-lavoro","tipologia-prodotto-gru-a-bandiera","tipologia-prodotto-mobile"],"acf":{"import_csv_id":"33","prodotto_generale_sku":"CTZ","prodotto_listing_card_descrizione":"La gru a bandiera mobile autoportante a sbalzo, che sa sfruttare al massimo lo spazio in altezza, aumentando la corsa gancio disponibile. ","prodotto_listing_card_caratteristiche":null,"prodotto_page_gradient_hero":false,"prodotto_page_titolo_hero":"Si sposta con facilit\u00e0 e l'altezza non \u00e8 un problema.","prodotto_page_gallery_hero":[13707,13714],"prodotto_page_descrizione_3_colonne_posizione":false,"prodotto_page_descrizione_3_colonne":[{"valore":"500","unita_di_misura":"Kg","etichetta":"Portata massima"},{"valore":"6","unita_di_misura":"m","etichetta":"Sbraccio massimo"},{"valore":"270\u00b0","unita_di_misura":"","etichetta":"Rotazione"}],"prodotto_page_descrizione_titolo":"Gru a bandiera a colonna con braccio in trave a sbalzo e plinto spostabile con portata fino 500 kg","prodotto_page_descrizione_3_colonne_testo":"<strong>La gru a bandiera a colonna con braccio in trave a sbalzo e plinto spostabile \u00e8 ideale per essere movimentata in tutta l'area di lavoro tramite muletto o carroponte. \u00c8 una soluzione speciale che non subisce il vincolo di un ancoraggio permanente a terra. Un secondo vantaggio specifico di questa gru a bandiera \u00e8 la possibilit\u00e0 di assicurare il massimo sfruttamento dello spazio disponibile in altezza con conseguente aumento della corsa gancio disponibile.<\/strong>\r\n\r\nL\u2019insieme delle sue caratteristiche la rende uno strumento massimamente versatile, oltre che facilmente maneggiabile e di grande economicit\u00e0, tanto nell\u2019installazione quanto nell'operativit\u00e0 ordinaria della postazione di lavoro servita. La gru a bandiera spostabile, dotata di trave autoportante a sbalzo e priva di tiranti di sostegno, \u00e8 utilizzata nella movimentazione di carichi leggeri in una variet\u00e0 d applicazioni industriali, dalle piccole officine fino alle grandi catene di montaggio e impianti di produzione alimentare o cantine vinicole.","prodotto_page_descrizione_titolo_vantaggi":"Vantaggi della gru a bandiera a colonna con braccio in trave a sbalzo e plinto spostabile","prodotto_page_descrizione_vantaggi":[{"titolo":"Facilit\u00e0 di spostamento","testo":"","link":"","archivio_prodotti":null},{"titolo":"Versatilit\u00e0 operativa","testo":"","link":"","archivio_prodotti":null},{"titolo":"Aumento della corsa gancio disponibile","testo":"","link":"","archivio_prodotti":null},{"titolo":"Facile da utilizzare","testo":"","link":"","archivio_prodotti":null},{"titolo":"Controllo preciso","testo":"","link":"","archivio_prodotti":null},{"titolo":"Incremento della produttivit\u00e0 e sicurezza","testo":"","link":"","archivio_prodotti":null}],"prodotto_page_tabs_dati_tecnici":[{"etichetta":"Portata","valore":"125 kg - 500 kg"},{"etichetta":"Sbraccio","valore":"Fino a 6 m in base alla portata"},{"etichetta":"Profilo sbraccio","valore":"Profilo con trave a doppio T senza tiranti di sostegno"},{"etichetta":"Rotazione","valore":"270\u00b0 con fermo di regolazione regolabile in opera in funzione degli ingombri architettonici"},{"etichetta":"Plinto","valore":"Plinto spostabile rotondo in cemento o cassero in acciaio con riempimento in cemento"},{"etichetta":"Colonna","valore":"Tubo in acciaio a sezione circolare. Presenta ad un\u2019estremit\u00e0 una piastra di base forata per il fissaggio alla base mediante tasselli chimici o tirafondi e dall\u2019altra due piastre, una di testa ed un\u2019intermedia, per sostenere il braccio."},{"etichetta":"Paranco","valore":"Paranco elettrico a catena o a fune, per il sollevamento del carico, ad una o due velocit\u00e0 di sollevamento, con carrello di traslazione elettrico o a spinta."},{"etichetta":"Dispositivo frenante","valore":"\u00c8 costituito da una frizione regolabile a vite che permette la regolazione dello sforzo di rotazione del braccio e ne assicura la stabilit\u00e0 di posizionamento."}],"prodotto_page_tabs_optionals":[{"titolo":"Verniciatura personalizzata","testo":"\u00c8 possibile personalizzare il colore della verniciatura per soddisfare necessit\u00e0 specifiche, esigenze di design o di branding.","immagine":null}],"prodotto_page_tabs_downloads":null,"prodotto_page_gallery":null,"prodotto_page_customer_story_titolo":"","prodotto_page_customer_story_list":"","prodotto_page_applicazioni_list":"- Agricoltura e Alimentare\r\n- Manifatturiero\r\n- Energetico\r\n- Edile e delle costruzioni\r\n- Tecnologie dell'informazione e ICT\r\n- Trasporti e logistica\r\n- Commercio al dettaglio\r\n- Culturale e dell'intrattenimento\r\n- Ambientale e della sostenibilit\u00e0\r\n- Ricerca e sviluppo\r\n- Arti e Artigianato","prodotto_page_faq_list":"","prodotto_page_testo_prodotti_correlati":"<h2>Prodotti correlati<\/h2>\r\nEsplora anche questi prodotti e trova altre soluzioni che fanno al caso tuo.","prodotto_page_lista_prodotti_correlati":"- CZ\r\n- C2TZ\r\n- BILIF","prodotto_page_titolo_componenti_3d":"","prodotto_page_immagine_iniziale_componenti_3d":null,"prodotto_page_lista_componenti_3d":null,"prodotto_page_titolo_slider_configurazioni":"Prodotto e configurazioni","prodotto_page_lista_immgini_slider_configurazioni":[{"etichetta":"Plinto in cemento","immagine":13728},{"etichetta":"Vista dall'alto","immagine":13742},{"etichetta":"Prospettica","immagine":13721},{"etichetta":"Plinto in acciaio","immagine":13735}],"prodotto_page_titolo_slider_configurazioni_2":"<h2><\/h2>","prodotto_page_lista_immgini_slider_configurazioni_2":null,"seo_title":"Gru a bandiera mobile con braccio in trave portata 500 Kg | OMIS","seo_description":"La gru a bandiera a colonna con braccio a sbalzo e plinto spostabile \u00e8 ideale per essere spostata con muletto o carroponte, senza ancoraggio fisso a terra. Ottimizza lo spazio in altezza e aumenta la corsa del gancio. Versatile ed economica, \u00e8 maneggevole e adatta a carichi leggeri in officine, catene di montaggio e impianti industriali. Scopri di pi\u00f9."},"yoast_head":"<!-- This site is optimized with the Yoast SEO plugin v23.9 - https:\/\/yoast.com\/wordpress\/plugins\/seo\/ -->\n<title>Gru a bandiera mobile con braccio in trave portata 500 Kg | OMIS<\/title>\n<meta name=\"description\" content=\"La gru a bandiera a colonna con braccio a sbalzo e plinto spostabile \u00e8 ideale per essere spostata con muletto o carroponte, senza ancoraggio fisso a terra. Ottimizza lo spazio in altezza e aumenta la corsa del gancio. Versatile ed economica, \u00e8 maneggevole e adatta a carichi leggeri in officine, catene di montaggio e impianti industriali. Scopri di pi\u00f9.\" \/>\n<meta name=\"robots\" content=\"index, follow, max-snippet:-1, max-image-preview:large, max-video-preview:-1\" \/>\n<meta property=\"og:locale\" content=\"it_IT\" \/>\n<meta property=\"og:type\" content=\"article\" \/>\n<meta property=\"og:title\" content=\"Gru a bandiera mobile con braccio in trave portata 500 Kg | OMIS\" \/>\n<meta property=\"og:description\" content=\"La gru a bandiera a colonna con braccio a sbalzo e plinto spostabile \u00e8 ideale per essere spostata con muletto o carroponte, senza ancoraggio fisso a terra. Ottimizza lo spazio in altezza e aumenta la corsa del gancio. Versatile ed economica, \u00e8 maneggevole e adatta a carichi leggeri in officine, catene di montaggio e impianti industriali. Scopri di pi\u00f9.\" \/>\n<meta property=\"og:url\" content=\"https:\/\/www.omis.net\/it-it\/prodotto\/gru-a-bandiera-a-colonna-con-braccio-in-trave-a-sbalzo-e-plinto-spostabile\/\" \/>\n<meta property=\"og:site_name\" content=\"OMIS\" \/>\n<meta property=\"article:publisher\" content=\"https:\/\/www.facebook.com\/omisgroup\" \/>\n<meta property=\"article:modified_time\" content=\"2025-02-03T17:33:02+00:00\" \/>\n<meta property=\"og:image\" content=\"https:\/\/media.omis.net\/media\/2024\/12\/profile-ctzjib-crane-ctz-250kg-front-3d-product-omis-scaled.webp\" \/>\n\t<meta property=\"og:image:width\" content=\"2560\" \/>\n\t<meta property=\"og:image:height\" content=\"1440\" \/>\n\t<meta property=\"og:image:type\" content=\"image\/webp\" \/>\n<meta name=\"twitter:card\" content=\"summary_large_image\" \/>\n<meta name=\"twitter:label1\" content=\"Est. reading time\" \/>\n\t<meta name=\"twitter:data1\" content=\"1 minute\" \/>\n<script type=\"application\/ld+json\" class=\"yoast-schema-graph\">{\"@context\":\"https:\/\/schema.org\",\"@graph\":[{\"@type\":\"WebPage\",\"@id\":\"https:\/\/www.omis.net\/it-it\/prodotto\/gru-a-bandiera-a-colonna-con-braccio-in-trave-a-sbalzo-e-plinto-spostabile\/\",\"url\":\"https:\/\/www.omis.net\/it-it\/prodotto\/gru-a-bandiera-a-colonna-con-braccio-in-trave-a-sbalzo-e-plinto-spostabile\/\",\"name\":\"Gru a bandiera mobile con braccio in trave portata 500 Kg | OMIS\",\"isPartOf\":{\"@id\":\"https:\/\/www.omis.net\/it-it\/#website\"},\"primaryImageOfPage\":{\"@id\":\"https:\/\/www.omis.net\/it-it\/prodotto\/gru-a-bandiera-a-colonna-con-braccio-in-trave-a-sbalzo-e-plinto-spostabile\/#primaryimage\"},\"image\":{\"@id\":\"https:\/\/www.omis.net\/it-it\/prodotto\/gru-a-bandiera-a-colonna-con-braccio-in-trave-a-sbalzo-e-plinto-spostabile\/#primaryimage\"},\"thumbnailUrl\":\"https:\/\/media.omis.net\/media\/2024\/12\/profile-ctzjib-crane-ctz-250kg-front-3d-product-omis-scaled.webp\",\"datePublished\":\"2024-12-18T10:01:41+00:00\",\"dateModified\":\"2025-02-03T17:33:02+00:00\",\"description\":\"La gru a bandiera a colonna con braccio a sbalzo e plinto spostabile \u00e8 ideale per essere spostata con muletto o carroponte, senza ancoraggio fisso a terra. Ottimizza lo spazio in altezza e aumenta la corsa del gancio. Versatile ed economica, \u00e8 maneggevole e adatta a carichi leggeri in officine, catene di montaggio e impianti industriali. Scopri di pi\u00f9.\",\"breadcrumb\":{\"@id\":\"https:\/\/www.omis.net\/it-it\/prodotto\/gru-a-bandiera-a-colonna-con-braccio-in-trave-a-sbalzo-e-plinto-spostabile\/#breadcrumb\"},\"inLanguage\":\"it-it\",\"potentialAction\":[{\"@type\":\"ReadAction\",\"target\":[\"https:\/\/www.omis.net\/it-it\/prodotto\/gru-a-bandiera-a-colonna-con-braccio-in-trave-a-sbalzo-e-plinto-spostabile\/\"]}]},{\"@type\":\"ImageObject\",\"inLanguage\":\"it-it\",\"@id\":\"https:\/\/www.omis.net\/it-it\/prodotto\/gru-a-bandiera-a-colonna-con-braccio-in-trave-a-sbalzo-e-plinto-spostabile\/#primaryimage\",\"url\":\"https:\/\/media.omis.net\/media\/2024\/12\/profile-ctzjib-crane-ctz-250kg-front-3d-product-omis-scaled.webp\",\"contentUrl\":\"https:\/\/media.omis.net\/media\/2024\/12\/profile-ctzjib-crane-ctz-250kg-front-3d-product-omis-scaled.webp\",\"width\":2560,\"height\":1440,\"caption\":\"header - Profile ctzjib crane ctz 250kg front 3d product Omis\"},{\"@type\":\"BreadcrumbList\",\"@id\":\"https:\/\/www.omis.net\/it-it\/prodotto\/gru-a-bandiera-a-colonna-con-braccio-in-trave-a-sbalzo-e-plinto-spostabile\/#breadcrumb\",\"itemListElement\":[{\"@type\":\"ListItem\",\"position\":1,\"name\":\"Home\",\"item\":\"https:\/\/www.omis.net\/it-it\/\"},{\"@type\":\"ListItem\",\"position\":2,\"name\":\"Gru a bandiera a colonna con braccio in trave a sbalzo e plinto spostabile\"}]},{\"@type\":\"WebSite\",\"@id\":\"https:\/\/www.omis.net\/it-it\/#website\",\"url\":\"https:\/\/www.omis.net\/it-it\/\",\"name\":\"Omis Spa\",\"description\":\"Movimentazione e sollevamento\",\"publisher\":{\"@id\":\"https:\/\/www.omis.net\/it-it\/#organization\"},\"potentialAction\":[{\"@type\":\"SearchAction\",\"target\":{\"@type\":\"EntryPoint\",\"urlTemplate\":\"https:\/\/www.omis.net\/it-it\/?s={search_term_string}\"},\"query-input\":{\"@type\":\"PropertyValueSpecification\",\"valueRequired\":true,\"valueName\":\"search_term_string\"}}],\"inLanguage\":\"it-it\"},{\"@type\":\"Organization\",\"@id\":\"https:\/\/www.omis.net\/it-it\/#organization\",\"name\":\"Omis Spa\",\"url\":\"https:\/\/www.omis.net\/it-it\/\",\"logo\":{\"@type\":\"ImageObject\",\"inLanguage\":\"it-it\",\"@id\":\"https:\/\/www.omis.net\/it-it\/#\/schema\/logo\/image\/\",\"url\":\"https:\/\/media.omis.net\/media\/2024\/08\/logo.jpg\",\"contentUrl\":\"https:\/\/media.omis.net\/media\/2024\/08\/logo.jpg\",\"width\":300,\"height\":300,\"caption\":\"Omis Spa\"},\"image\":{\"@id\":\"https:\/\/www.omis.net\/it-it\/#\/schema\/logo\/image\/\"},\"sameAs\":[\"https:\/\/www.facebook.com\/omisgroup\",\"https:\/\/www.linkedin.com\/company\/omis-group\",\"https:\/\/www.youtube.com\/channel\/UCS4L59XDk3kKBI9MnjuxWDw\",\"https:\/\/www.instagram.com\/omisgroup\"]}]}<\/script>\n<!-- \/ Yoast SEO plugin. -->","yoast_head_json":{"title":"Gru a bandiera mobile con braccio in trave portata 500 Kg | OMIS","description":"La gru a bandiera a colonna con braccio a sbalzo e plinto spostabile \u00e8 ideale per essere spostata con muletto o carroponte, senza ancoraggio fisso a terra. Ottimizza lo spazio in altezza e aumenta la corsa del gancio. Versatile ed economica, \u00e8 maneggevole e adatta a carichi leggeri in officine, catene di montaggio e impianti industriali. Scopri di pi\u00f9.","robots":{"index":"index","follow":"follow","max-snippet":"max-snippet:-1","max-image-preview":"max-image-preview:large","max-video-preview":"max-video-preview:-1"},"og_locale":"it_IT","og_type":"article","og_title":"Gru a bandiera mobile con braccio in trave portata 500 Kg | OMIS","og_description":"La gru a bandiera a colonna con braccio a sbalzo e plinto spostabile \u00e8 ideale per essere spostata con muletto o carroponte, senza ancoraggio fisso a terra. Ottimizza lo spazio in altezza e aumenta la corsa del gancio. Versatile ed economica, \u00e8 maneggevole e adatta a carichi leggeri in officine, catene di montaggio e impianti industriali. Scopri di pi\u00f9.","og_url":"https:\/\/www.omis.net\/it-it\/prodotto\/gru-a-bandiera-a-colonna-con-braccio-in-trave-a-sbalzo-e-plinto-spostabile\/","og_site_name":"OMIS","article_publisher":"https:\/\/www.facebook.com\/omisgroup","article_modified_time":"2025-02-03T17:33:02+00:00","og_image":[{"width":2560,"height":1440,"url":"https:\/\/media.omis.net\/media\/2024\/12\/profile-ctzjib-crane-ctz-250kg-front-3d-product-omis-scaled.webp","type":"image\/webp"}],"twitter_card":"summary_large_image","twitter_misc":{"Est. reading time":"1 minute"},"schema":{"@context":"https:\/\/schema.org","@graph":[{"@type":"WebPage","@id":"https:\/\/www.omis.net\/it-it\/prodotto\/gru-a-bandiera-a-colonna-con-braccio-in-trave-a-sbalzo-e-plinto-spostabile\/","url":"https:\/\/www.omis.net\/it-it\/prodotto\/gru-a-bandiera-a-colonna-con-braccio-in-trave-a-sbalzo-e-plinto-spostabile\/","name":"Gru a bandiera mobile con braccio in trave portata 500 Kg | OMIS","isPartOf":{"@id":"https:\/\/www.omis.net\/it-it\/#website"},"primaryImageOfPage":{"@id":"https:\/\/www.omis.net\/it-it\/prodotto\/gru-a-bandiera-a-colonna-con-braccio-in-trave-a-sbalzo-e-plinto-spostabile\/#primaryimage"},"image":{"@id":"https:\/\/www.omis.net\/it-it\/prodotto\/gru-a-bandiera-a-colonna-con-braccio-in-trave-a-sbalzo-e-plinto-spostabile\/#primaryimage"},"thumbnailUrl":"https:\/\/media.omis.net\/media\/2024\/12\/profile-ctzjib-crane-ctz-250kg-front-3d-product-omis-scaled.webp","datePublished":"2024-12-18T10:01:41+00:00","dateModified":"2025-02-03T17:33:02+00:00","description":"La gru a bandiera a colonna con braccio a sbalzo e plinto spostabile \u00e8 ideale per essere spostata con muletto o carroponte, senza ancoraggio fisso a terra. Ottimizza lo spazio in altezza e aumenta la corsa del gancio. Versatile ed economica, \u00e8 maneggevole e adatta a carichi leggeri in officine, catene di montaggio e impianti industriali. Scopri di pi\u00f9.","breadcrumb":{"@id":"https:\/\/www.omis.net\/it-it\/prodotto\/gru-a-bandiera-a-colonna-con-braccio-in-trave-a-sbalzo-e-plinto-spostabile\/#breadcrumb"},"inLanguage":"it-it","potentialAction":[{"@type":"ReadAction","target":["https:\/\/www.omis.net\/it-it\/prodotto\/gru-a-bandiera-a-colonna-con-braccio-in-trave-a-sbalzo-e-plinto-spostabile\/"]}]},{"@type":"ImageObject","inLanguage":"it-it","@id":"https:\/\/www.omis.net\/it-it\/prodotto\/gru-a-bandiera-a-colonna-con-braccio-in-trave-a-sbalzo-e-plinto-spostabile\/#primaryimage","url":"https:\/\/media.omis.net\/media\/2024\/12\/profile-ctzjib-crane-ctz-250kg-front-3d-product-omis-scaled.webp","contentUrl":"https:\/\/media.omis.net\/media\/2024\/12\/profile-ctzjib-crane-ctz-250kg-front-3d-product-omis-scaled.webp","width":2560,"height":1440,"caption":"header - Profile ctzjib crane ctz 250kg front 3d product Omis"},{"@type":"BreadcrumbList","@id":"https:\/\/www.omis.net\/it-it\/prodotto\/gru-a-bandiera-a-colonna-con-braccio-in-trave-a-sbalzo-e-plinto-spostabile\/#breadcrumb","itemListElement":[{"@type":"ListItem","position":1,"name":"Home","item":"https:\/\/www.omis.net\/it-it\/"},{"@type":"ListItem","position":2,"name":"Gru a bandiera a colonna con braccio in trave a sbalzo e plinto spostabile"}]},{"@type":"WebSite","@id":"https:\/\/www.omis.net\/it-it\/#website","url":"https:\/\/www.omis.net\/it-it\/","name":"Omis Spa","description":"Movimentazione e sollevamento","publisher":{"@id":"https:\/\/www.omis.net\/it-it\/#organization"},"potentialAction":[{"@type":"SearchAction","target":{"@type":"EntryPoint","urlTemplate":"https:\/\/www.omis.net\/it-it\/?s={search_term_string}"},"query-input":{"@type":"PropertyValueSpecification","valueRequired":true,"valueName":"search_term_string"}}],"inLanguage":"it-it"},{"@type":"Organization","@id":"https:\/\/www.omis.net\/it-it\/#organization","name":"Omis Spa","url":"https:\/\/www.omis.net\/it-it\/","logo":{"@type":"ImageObject","inLanguage":"it-it","@id":"https:\/\/www.omis.net\/it-it\/#\/schema\/logo\/image\/","url":"https:\/\/media.omis.net\/media\/2024\/08\/logo.jpg","contentUrl":"https:\/\/media.omis.net\/media\/2024\/08\/logo.jpg","width":300,"height":300,"caption":"Omis Spa"},"image":{"@id":"https:\/\/www.omis.net\/it-it\/#\/schema\/logo\/image\/"},"sameAs":["https:\/\/www.facebook.com\/omisgroup","https:\/\/www.linkedin.com\/company\/omis-group","https:\/\/www.youtube.com\/channel\/UCS4L59XDk3kKBI9MnjuxWDw","https:\/\/www.instagram.com\/omisgroup"]}]}},"_links":{"self":[{"href":"https:\/\/www.omis.net\/it-it\/wp-json\/wp\/v2\/product\/3580"}],"collection":[{"href":"https:\/\/www.omis.net\/it-it\/wp-json\/wp\/v2\/product"}],"about":[{"href":"https:\/\/www.omis.net\/it-it\/wp-json\/wp\/v2\/types\/product"}],"acf:attachment":[{"embeddable":true,"href":"https:\/\/www.omis.net\/it-it\/wp-json\/wp\/v2\/media\/13714"},{"embeddable":true,"href":"https:\/\/www.omis.net\/it-it\/wp-json\/wp\/v2\/media\/13707"}],"wp:featuredmedia":[{"embeddable":true,"href":"https:\/\/www.omis.net\/it-it\/wp-json\/wp\/v2\/media\/13749"}],"wp:attachment":[{"href":"https:\/\/www.omis.net\/it-it\/wp-json\/wp\/v2\/media?parent=3580"}],"wp:term":[{"taxonomy":"caratteristica-prodotto","embeddable":true,"href":"https:\/\/www.omis.net\/it-it\/wp-json\/wp\/v2\/caratteristica-prodotto?post=3580"},{"taxonomy":"tipologia-prodotto","embeddable":true,"href":"https:\/\/www.omis.net\/it-it\/wp-json\/wp\/v2\/tipologia-prodotto?post=3580"}],"curies":[{"name":"wp","href":"https:\/\/api.w.org\/{rel}","templated":true}]}}