{"id":3578,"date":"2024-12-18T11:00:49","date_gmt":"2024-12-18T10:00:49","guid":{"rendered":"http:\/\/bedrock.local\/product\/mte\/"},"modified":"2025-02-03T18:53:57","modified_gmt":"2025-02-03T17:53:57","slug":"gru-a-bandiera-a-mensola-con-braccio-in-trave-a-sbalzo-e-rotazione-elettrica","status":"publish","type":"product","link":"https:\/\/www.omis.net\/it-it\/prodotto\/gru-a-bandiera-a-mensola-con-braccio-in-trave-a-sbalzo-e-rotazione-elettrica\/","title":{"rendered":"Gru a bandiera a mensola con braccio in trave a sbalzo e rotazione elettrica"},"content":{"rendered":"","protected":false},"featured_media":13308,"parent":0,"template":"","caratteristica-prodotto":[79],"tipologia-prodotto":[49,62,490],"class_list":["post-3578","product","type-product","status-publish","has-post-thumbnail","hentry","caratteristica-prodotto-rotazione-elettrica","tipologia-prodotto-gru-per-postazioni-di-lavoro","tipologia-prodotto-gru-a-bandiera","tipologia-prodotto-a-mensola"],"acf":{"import_csv_id":"30","prodotto_generale_sku":"MTE","prodotto_listing_card_descrizione":"La gru a mensola elettrica per l'impiego dove non \u00e8 consentito l\u2019utilizzo della colonna, quando il carico \u00e8 gravoso ed \u00e8 necessario il massimo sfruttamento dello spazio in altezza.","prodotto_listing_card_caratteristiche":null,"prodotto_page_gradient_hero":false,"prodotto_page_titolo_hero":"Grande portata e sfruttamento ottimale dello spazio.","prodotto_page_gallery_hero":[13252,13259],"prodotto_page_descrizione_3_colonne_posizione":false,"prodotto_page_descrizione_3_colonne":[{"valore":"2000","unita_di_misura":"Kg","etichetta":"Portata massima"},{"valore":"8","unita_di_misura":"m","etichetta":"Sbraccio massimo"},{"valore":"270\u00b0","unita_di_misura":"","etichetta":"Rotazione"}],"prodotto_page_descrizione_titolo":"Gru a bandiera a mensola con braccio in trave a sbalzo e rotazione elettrica con portata fino 2000 Kg","prodotto_page_descrizione_3_colonne_testo":"<strong>La gru a bandiera a mensola, con rotazione elettrica 270\u00b0 risponde alle esigenze di applicazioni industriali oppure operazioni nelle quali la consistenza dei carichi o le forze di spinta non possono essere affrontate dalle classiche gru con rotazione manuale.<\/strong>\r\n\r\nLa trave di questa gru a bandiera \u00e8 autoportante a sbalzo, priva di tiranti di sostegno. La rotazione del braccio dipende da un sistema motoriduttore\/giunto, abbinato al perno di rotazione ed e regolata da un inverter; il riduttore epicicloidale entra in azione grazie a un motore elettrico autofrenante con avviamento progressivo. Cavi flessibili del tipo che non propaga la fiamma, sospesi su carrelli scorrevoli sotto il braccio, costituiscono la linea elettrica che alimenta il carrello a paranco. La gru a bandiera a mensola, con rotazione elettrica 270\u00b0 viene fornita completa di pulsantiera pendente dal paranco o scorrevole indipendente, secondo i bisogni operativi. Finecorsa di rotazione possono essere installati se occorre delimitare il campo di brandeggio del braccio.","prodotto_page_descrizione_titolo_vantaggi":"Vantaggi della gru a bandiera a mensola standard con braccio in trave a sbalzo e rotazione elettrica","prodotto_page_descrizione_vantaggi":[{"titolo":"Nessun ingombro a terra","testo":"","link":"","archivio_prodotti":null},{"titolo":"Aumento della corsa gancio disponibile","testo":"","link":"","archivio_prodotti":null},{"titolo":"Versatilit\u00e0 operativa","testo":"","link":"","archivio_prodotti":null},{"titolo":"Controllo preciso","testo":"","link":"","archivio_prodotti":null},{"titolo":"Incremento della produttivit\u00e0 e sicurezza","testo":"","link":"","archivio_prodotti":null}],"prodotto_page_tabs_dati_tecnici":[{"etichetta":"Portata","valore":"125 kg - 2000 kg"},{"etichetta":"Sbraccio","valore":"Fino a 8 m in base alla portata"},{"etichetta":"Profilo sbraccio","valore":"Profilo con trave a doppio T senza tiranti di sostegno"},{"etichetta":"Rotazione","valore":"270\u00b0 con fermo di regolazione regolabile in opera in funzione degli ingombri architettonici"},{"etichetta":"Rotazione","valore":"Elettrica"},{"etichetta":"Velocit\u00e0 periferica","valore":"~18 m\/min"},{"etichetta":"Mensola","valore":"La mensola di sostegno, i tiranti e le controstaffe vengono costruite in base alle dimensioni del pilastro rischieste."},{"etichetta":"Paranco","valore":"Paranco elettrico a catena, per il sollevamento del carico, ad una o due velocit\u00e0 di sollevamento,con carrello di traslazione elettrico, a spinta o meccanico."},{"etichetta":"Dispositivo frenante","valore":"\u00c8 costituito da una frizione regolabile a vite che permette la regolazione dello sforzo di rotazione del braccio e ne assicura la stabilit\u00e0 di posizionamento."}],"prodotto_page_tabs_optionals":[{"titolo":"Verniciatura personalizzata","testo":"\u00c8 possibile personalizzare il colore della verniciatura per soddisfare necessit\u00e0 specifiche, esigenze di design o di branding.","immagine":null}],"prodotto_page_tabs_downloads":null,"prodotto_page_gallery":null,"prodotto_page_customer_story_titolo":"","prodotto_page_customer_story_list":"","prodotto_page_applicazioni_list":"- Agricoltura e Alimentare\r\n- Manifatturiero\r\n- Energetico\r\n- Edile e delle costruzioni\r\n- Tecnologie dell'informazione e ICT\r\n- Trasporti e logistica\r\n- Commercio al dettaglio\r\n- Culturale e dell'intrattenimento\r\n- Ambientale e della sostenibilit\u00e0\r\n- Ricerca e sviluppo\r\n- Arti e Artigianato","prodotto_page_faq_list":"","prodotto_page_testo_prodotti_correlati":"<h2>Prodotti correlati<\/h2>\r\nEsplora anche questi prodotti e trova altre soluzioni che fanno al caso tuo.","prodotto_page_lista_prodotti_correlati":"- CM\r\n- M2TE\r\n- BILIF","prodotto_page_titolo_componenti_3d":"","prodotto_page_immagine_iniziale_componenti_3d":null,"prodotto_page_lista_componenti_3d":null,"prodotto_page_titolo_slider_configurazioni":"Prodotto e configurazioni","prodotto_page_lista_immgini_slider_configurazioni":[{"etichetta":"Attacco largo","immagine":13280},{"etichetta":"Vista dall'alto","immagine":13287},{"etichetta":"Prospettica","immagine":13273},{"etichetta":"Doppio braccio","immagine":13301},{"etichetta":"Attacco stretto","immagine":13266},{"etichetta":"Doppio braccio","immagine":13294}],"prodotto_page_titolo_slider_configurazioni_2":"<h2><\/h2>","prodotto_page_lista_immgini_slider_configurazioni_2":null,"seo_title":"Gru a bandiera a mensola, rotazione 270\u00b0 portata 2000 Kg | OMIS","seo_description":"La gru a bandiera a mensola con rotazione elettrica 270\u00b0 con portata fino a 2000 Kg. La trave a sbalzo \u00e8 autoportante, senza tiranti. La rotazione \u00e8 controllata da un motoriduttore con inverter e riduttore epicicloidale. I cavi antifiamma alimentano il paranco tramite carrelli scorrevoli. Fornita con pulsantiera pendente o scorrevole, pu\u00f2 avere finecorsa per limitare la rotazione. Scopri di pi\u00f9."},"yoast_head":"<!-- This site is optimized with the Yoast SEO plugin v23.9 - https:\/\/yoast.com\/wordpress\/plugins\/seo\/ -->\n<title>Gru a bandiera a mensola, rotazione 270\u00b0 portata 2000 Kg | OMIS<\/title>\n<meta name=\"description\" content=\"La gru a bandiera a mensola con rotazione elettrica 270\u00b0 con portata fino a 2000 Kg. La trave a sbalzo \u00e8 autoportante, senza tiranti. La rotazione \u00e8 controllata da un motoriduttore con inverter e riduttore epicicloidale. I cavi antifiamma alimentano il paranco tramite carrelli scorrevoli. Fornita con pulsantiera pendente o scorrevole, pu\u00f2 avere finecorsa per limitare la rotazione. Scopri di pi\u00f9.\" \/>\n<meta name=\"robots\" content=\"index, follow, max-snippet:-1, max-image-preview:large, max-video-preview:-1\" \/>\n<meta property=\"og:locale\" content=\"it_IT\" \/>\n<meta property=\"og:type\" content=\"article\" \/>\n<meta property=\"og:title\" content=\"Gru a bandiera a mensola, rotazione 270\u00b0 portata 2000 Kg | OMIS\" \/>\n<meta property=\"og:description\" content=\"La gru a bandiera a mensola con rotazione elettrica 270\u00b0 con portata fino a 2000 Kg. La trave a sbalzo \u00e8 autoportante, senza tiranti. La rotazione \u00e8 controllata da un motoriduttore con inverter e riduttore epicicloidale. I cavi antifiamma alimentano il paranco tramite carrelli scorrevoli. Fornita con pulsantiera pendente o scorrevole, pu\u00f2 avere finecorsa per limitare la rotazione. Scopri di pi\u00f9.\" \/>\n<meta property=\"og:url\" content=\"https:\/\/www.omis.net\/it-it\/prodotto\/gru-a-bandiera-a-mensola-con-braccio-in-trave-a-sbalzo-e-rotazione-elettrica\/\" \/>\n<meta property=\"og:site_name\" content=\"OMIS\" \/>\n<meta property=\"article:publisher\" content=\"https:\/\/www.facebook.com\/omisgroup\" \/>\n<meta property=\"article:modified_time\" content=\"2025-02-03T17:53:57+00:00\" \/>\n<meta property=\"og:image\" content=\"https:\/\/media.omis.net\/media\/2024\/12\/profile-MTEjib-crane-mte-500kg-wide-connection-front-3d-omis-scaled.webp\" \/>\n\t<meta property=\"og:image:width\" content=\"2560\" \/>\n\t<meta property=\"og:image:height\" content=\"1440\" \/>\n\t<meta property=\"og:image:type\" content=\"image\/webp\" \/>\n<meta name=\"twitter:card\" content=\"summary_large_image\" \/>\n<meta name=\"twitter:label1\" content=\"Est. reading time\" \/>\n\t<meta name=\"twitter:data1\" content=\"1 minute\" \/>\n<script type=\"application\/ld+json\" class=\"yoast-schema-graph\">{\"@context\":\"https:\/\/schema.org\",\"@graph\":[{\"@type\":\"WebPage\",\"@id\":\"https:\/\/www.omis.net\/it-it\/prodotto\/gru-a-bandiera-a-mensola-con-braccio-in-trave-a-sbalzo-e-rotazione-elettrica\/\",\"url\":\"https:\/\/www.omis.net\/it-it\/prodotto\/gru-a-bandiera-a-mensola-con-braccio-in-trave-a-sbalzo-e-rotazione-elettrica\/\",\"name\":\"Gru a bandiera a mensola, rotazione 270\u00b0 portata 2000 Kg | OMIS\",\"isPartOf\":{\"@id\":\"https:\/\/www.omis.net\/it-it\/#website\"},\"primaryImageOfPage\":{\"@id\":\"https:\/\/www.omis.net\/it-it\/prodotto\/gru-a-bandiera-a-mensola-con-braccio-in-trave-a-sbalzo-e-rotazione-elettrica\/#primaryimage\"},\"image\":{\"@id\":\"https:\/\/www.omis.net\/it-it\/prodotto\/gru-a-bandiera-a-mensola-con-braccio-in-trave-a-sbalzo-e-rotazione-elettrica\/#primaryimage\"},\"thumbnailUrl\":\"https:\/\/media.omis.net\/media\/2024\/12\/profile-MTEjib-crane-mte-500kg-wide-connection-front-3d-omis-scaled.webp\",\"datePublished\":\"2024-12-18T10:00:49+00:00\",\"dateModified\":\"2025-02-03T17:53:57+00:00\",\"description\":\"La gru a bandiera a mensola con rotazione elettrica 270\u00b0 con portata fino a 2000 Kg. La trave a sbalzo \u00e8 autoportante, senza tiranti. La rotazione \u00e8 controllata da un motoriduttore con inverter e riduttore epicicloidale. I cavi antifiamma alimentano il paranco tramite carrelli scorrevoli. Fornita con pulsantiera pendente o scorrevole, pu\u00f2 avere finecorsa per limitare la rotazione. Scopri di pi\u00f9.\",\"breadcrumb\":{\"@id\":\"https:\/\/www.omis.net\/it-it\/prodotto\/gru-a-bandiera-a-mensola-con-braccio-in-trave-a-sbalzo-e-rotazione-elettrica\/#breadcrumb\"},\"inLanguage\":\"it-it\",\"potentialAction\":[{\"@type\":\"ReadAction\",\"target\":[\"https:\/\/www.omis.net\/it-it\/prodotto\/gru-a-bandiera-a-mensola-con-braccio-in-trave-a-sbalzo-e-rotazione-elettrica\/\"]}]},{\"@type\":\"ImageObject\",\"inLanguage\":\"it-it\",\"@id\":\"https:\/\/www.omis.net\/it-it\/prodotto\/gru-a-bandiera-a-mensola-con-braccio-in-trave-a-sbalzo-e-rotazione-elettrica\/#primaryimage\",\"url\":\"https:\/\/media.omis.net\/media\/2024\/12\/profile-MTEjib-crane-mte-500kg-wide-connection-front-3d-omis-scaled.webp\",\"contentUrl\":\"https:\/\/media.omis.net\/media\/2024\/12\/profile-MTEjib-crane-mte-500kg-wide-connection-front-3d-omis-scaled.webp\",\"width\":2560,\"height\":1440,\"caption\":\"header - Profile mtejib crane mte 500kg wide connection front 3d Omis\"},{\"@type\":\"BreadcrumbList\",\"@id\":\"https:\/\/www.omis.net\/it-it\/prodotto\/gru-a-bandiera-a-mensola-con-braccio-in-trave-a-sbalzo-e-rotazione-elettrica\/#breadcrumb\",\"itemListElement\":[{\"@type\":\"ListItem\",\"position\":1,\"name\":\"Home\",\"item\":\"https:\/\/www.omis.net\/it-it\/\"},{\"@type\":\"ListItem\",\"position\":2,\"name\":\"Gru a bandiera a mensola con braccio in trave a sbalzo e rotazione elettrica\"}]},{\"@type\":\"WebSite\",\"@id\":\"https:\/\/www.omis.net\/it-it\/#website\",\"url\":\"https:\/\/www.omis.net\/it-it\/\",\"name\":\"Omis Spa\",\"description\":\"Movimentazione e sollevamento\",\"publisher\":{\"@id\":\"https:\/\/www.omis.net\/it-it\/#organization\"},\"potentialAction\":[{\"@type\":\"SearchAction\",\"target\":{\"@type\":\"EntryPoint\",\"urlTemplate\":\"https:\/\/www.omis.net\/it-it\/?s={search_term_string}\"},\"query-input\":{\"@type\":\"PropertyValueSpecification\",\"valueRequired\":true,\"valueName\":\"search_term_string\"}}],\"inLanguage\":\"it-it\"},{\"@type\":\"Organization\",\"@id\":\"https:\/\/www.omis.net\/it-it\/#organization\",\"name\":\"Omis Spa\",\"url\":\"https:\/\/www.omis.net\/it-it\/\",\"logo\":{\"@type\":\"ImageObject\",\"inLanguage\":\"it-it\",\"@id\":\"https:\/\/www.omis.net\/it-it\/#\/schema\/logo\/image\/\",\"url\":\"https:\/\/media.omis.net\/media\/2024\/08\/logo.jpg\",\"contentUrl\":\"https:\/\/media.omis.net\/media\/2024\/08\/logo.jpg\",\"width\":300,\"height\":300,\"caption\":\"Omis Spa\"},\"image\":{\"@id\":\"https:\/\/www.omis.net\/it-it\/#\/schema\/logo\/image\/\"},\"sameAs\":[\"https:\/\/www.facebook.com\/omisgroup\",\"https:\/\/www.linkedin.com\/company\/omis-group\",\"https:\/\/www.youtube.com\/channel\/UCS4L59XDk3kKBI9MnjuxWDw\",\"https:\/\/www.instagram.com\/omisgroup\"]}]}<\/script>\n<!-- \/ Yoast SEO plugin. -->","yoast_head_json":{"title":"Gru a bandiera a mensola, rotazione 270\u00b0 portata 2000 Kg | OMIS","description":"La gru a bandiera a mensola con rotazione elettrica 270\u00b0 con portata fino a 2000 Kg. La trave a sbalzo \u00e8 autoportante, senza tiranti. La rotazione \u00e8 controllata da un motoriduttore con inverter e riduttore epicicloidale. I cavi antifiamma alimentano il paranco tramite carrelli scorrevoli. Fornita con pulsantiera pendente o scorrevole, pu\u00f2 avere finecorsa per limitare la rotazione. Scopri di pi\u00f9.","robots":{"index":"index","follow":"follow","max-snippet":"max-snippet:-1","max-image-preview":"max-image-preview:large","max-video-preview":"max-video-preview:-1"},"og_locale":"it_IT","og_type":"article","og_title":"Gru a bandiera a mensola, rotazione 270\u00b0 portata 2000 Kg | OMIS","og_description":"La gru a bandiera a mensola con rotazione elettrica 270\u00b0 con portata fino a 2000 Kg. La trave a sbalzo \u00e8 autoportante, senza tiranti. La rotazione \u00e8 controllata da un motoriduttore con inverter e riduttore epicicloidale. I cavi antifiamma alimentano il paranco tramite carrelli scorrevoli. Fornita con pulsantiera pendente o scorrevole, pu\u00f2 avere finecorsa per limitare la rotazione. Scopri di pi\u00f9.","og_url":"https:\/\/www.omis.net\/it-it\/prodotto\/gru-a-bandiera-a-mensola-con-braccio-in-trave-a-sbalzo-e-rotazione-elettrica\/","og_site_name":"OMIS","article_publisher":"https:\/\/www.facebook.com\/omisgroup","article_modified_time":"2025-02-03T17:53:57+00:00","og_image":[{"width":2560,"height":1440,"url":"https:\/\/media.omis.net\/media\/2024\/12\/profile-MTEjib-crane-mte-500kg-wide-connection-front-3d-omis-scaled.webp","type":"image\/webp"}],"twitter_card":"summary_large_image","twitter_misc":{"Est. reading time":"1 minute"},"schema":{"@context":"https:\/\/schema.org","@graph":[{"@type":"WebPage","@id":"https:\/\/www.omis.net\/it-it\/prodotto\/gru-a-bandiera-a-mensola-con-braccio-in-trave-a-sbalzo-e-rotazione-elettrica\/","url":"https:\/\/www.omis.net\/it-it\/prodotto\/gru-a-bandiera-a-mensola-con-braccio-in-trave-a-sbalzo-e-rotazione-elettrica\/","name":"Gru a bandiera a mensola, rotazione 270\u00b0 portata 2000 Kg | OMIS","isPartOf":{"@id":"https:\/\/www.omis.net\/it-it\/#website"},"primaryImageOfPage":{"@id":"https:\/\/www.omis.net\/it-it\/prodotto\/gru-a-bandiera-a-mensola-con-braccio-in-trave-a-sbalzo-e-rotazione-elettrica\/#primaryimage"},"image":{"@id":"https:\/\/www.omis.net\/it-it\/prodotto\/gru-a-bandiera-a-mensola-con-braccio-in-trave-a-sbalzo-e-rotazione-elettrica\/#primaryimage"},"thumbnailUrl":"https:\/\/media.omis.net\/media\/2024\/12\/profile-MTEjib-crane-mte-500kg-wide-connection-front-3d-omis-scaled.webp","datePublished":"2024-12-18T10:00:49+00:00","dateModified":"2025-02-03T17:53:57+00:00","description":"La gru a bandiera a mensola con rotazione elettrica 270\u00b0 con portata fino a 2000 Kg. La trave a sbalzo \u00e8 autoportante, senza tiranti. La rotazione \u00e8 controllata da un motoriduttore con inverter e riduttore epicicloidale. I cavi antifiamma alimentano il paranco tramite carrelli scorrevoli. Fornita con pulsantiera pendente o scorrevole, pu\u00f2 avere finecorsa per limitare la rotazione. Scopri di pi\u00f9.","breadcrumb":{"@id":"https:\/\/www.omis.net\/it-it\/prodotto\/gru-a-bandiera-a-mensola-con-braccio-in-trave-a-sbalzo-e-rotazione-elettrica\/#breadcrumb"},"inLanguage":"it-it","potentialAction":[{"@type":"ReadAction","target":["https:\/\/www.omis.net\/it-it\/prodotto\/gru-a-bandiera-a-mensola-con-braccio-in-trave-a-sbalzo-e-rotazione-elettrica\/"]}]},{"@type":"ImageObject","inLanguage":"it-it","@id":"https:\/\/www.omis.net\/it-it\/prodotto\/gru-a-bandiera-a-mensola-con-braccio-in-trave-a-sbalzo-e-rotazione-elettrica\/#primaryimage","url":"https:\/\/media.omis.net\/media\/2024\/12\/profile-MTEjib-crane-mte-500kg-wide-connection-front-3d-omis-scaled.webp","contentUrl":"https:\/\/media.omis.net\/media\/2024\/12\/profile-MTEjib-crane-mte-500kg-wide-connection-front-3d-omis-scaled.webp","width":2560,"height":1440,"caption":"header - Profile mtejib crane mte 500kg wide connection front 3d Omis"},{"@type":"BreadcrumbList","@id":"https:\/\/www.omis.net\/it-it\/prodotto\/gru-a-bandiera-a-mensola-con-braccio-in-trave-a-sbalzo-e-rotazione-elettrica\/#breadcrumb","itemListElement":[{"@type":"ListItem","position":1,"name":"Home","item":"https:\/\/www.omis.net\/it-it\/"},{"@type":"ListItem","position":2,"name":"Gru a bandiera a mensola con braccio in trave a sbalzo e rotazione elettrica"}]},{"@type":"WebSite","@id":"https:\/\/www.omis.net\/it-it\/#website","url":"https:\/\/www.omis.net\/it-it\/","name":"Omis Spa","description":"Movimentazione e sollevamento","publisher":{"@id":"https:\/\/www.omis.net\/it-it\/#organization"},"potentialAction":[{"@type":"SearchAction","target":{"@type":"EntryPoint","urlTemplate":"https:\/\/www.omis.net\/it-it\/?s={search_term_string}"},"query-input":{"@type":"PropertyValueSpecification","valueRequired":true,"valueName":"search_term_string"}}],"inLanguage":"it-it"},{"@type":"Organization","@id":"https:\/\/www.omis.net\/it-it\/#organization","name":"Omis Spa","url":"https:\/\/www.omis.net\/it-it\/","logo":{"@type":"ImageObject","inLanguage":"it-it","@id":"https:\/\/www.omis.net\/it-it\/#\/schema\/logo\/image\/","url":"https:\/\/media.omis.net\/media\/2024\/08\/logo.jpg","contentUrl":"https:\/\/media.omis.net\/media\/2024\/08\/logo.jpg","width":300,"height":300,"caption":"Omis Spa"},"image":{"@id":"https:\/\/www.omis.net\/it-it\/#\/schema\/logo\/image\/"},"sameAs":["https:\/\/www.facebook.com\/omisgroup","https:\/\/www.linkedin.com\/company\/omis-group","https:\/\/www.youtube.com\/channel\/UCS4L59XDk3kKBI9MnjuxWDw","https:\/\/www.instagram.com\/omisgroup"]}]}},"_links":{"self":[{"href":"https:\/\/www.omis.net\/it-it\/wp-json\/wp\/v2\/product\/3578"}],"collection":[{"href":"https:\/\/www.omis.net\/it-it\/wp-json\/wp\/v2\/product"}],"about":[{"href":"https:\/\/www.omis.net\/it-it\/wp-json\/wp\/v2\/types\/product"}],"acf:attachment":[{"embeddable":true,"href":"https:\/\/www.omis.net\/it-it\/wp-json\/wp\/v2\/media\/13259"},{"embeddable":true,"href":"https:\/\/www.omis.net\/it-it\/wp-json\/wp\/v2\/media\/13252"}],"wp:featuredmedia":[{"embeddable":true,"href":"https:\/\/www.omis.net\/it-it\/wp-json\/wp\/v2\/media\/13308"}],"wp:attachment":[{"href":"https:\/\/www.omis.net\/it-it\/wp-json\/wp\/v2\/media?parent=3578"}],"wp:term":[{"taxonomy":"caratteristica-prodotto","embeddable":true,"href":"https:\/\/www.omis.net\/it-it\/wp-json\/wp\/v2\/caratteristica-prodotto?post=3578"},{"taxonomy":"tipologia-prodotto","embeddable":true,"href":"https:\/\/www.omis.net\/it-it\/wp-json\/wp\/v2\/tipologia-prodotto?post=3578"}],"curies":[{"name":"wp","href":"https:\/\/api.w.org\/{rel}","templated":true}]}}