{"id":3576,"date":"2024-12-18T11:00:08","date_gmt":"2024-12-18T10:00:08","guid":{"rendered":"http:\/\/bedrock.local\/product\/ms\/"},"modified":"2025-02-03T19:08:44","modified_gmt":"2025-02-03T18:08:44","slug":"gru-a-bandiera-a-mensola-con-braccio-snodato","status":"publish","type":"product","link":"https:\/\/www.omis.net\/it-it\/prodotto\/gru-a-bandiera-a-mensola-con-braccio-snodato\/","title":{"rendered":"Gru a bandiera a mensola con braccio snodato"},"content":{"rendered":"","protected":false},"featured_media":13501,"parent":0,"template":"","caratteristica-prodotto":[80],"tipologia-prodotto":[49,62,490],"class_list":["post-3576","product","type-product","status-publish","has-post-thumbnail","hentry","caratteristica-prodotto-rotazione-manuale","tipologia-prodotto-gru-per-postazioni-di-lavoro","tipologia-prodotto-gru-a-bandiera","tipologia-prodotto-a-mensola"],"acf":{"import_csv_id":"28","prodotto_generale_sku":"MS","prodotto_listing_card_descrizione":"La gru a mensola con braccio snodato consente di accedere a punti dell'area di lavoro altrimenti inaccessibili a causa di ostacoli, superando le limitazioni dei bracci rigidi tradizionali.","prodotto_listing_card_caratteristiche":null,"prodotto_page_gradient_hero":false,"prodotto_page_titolo_hero":"Precisione e versatilit\u00e0 di movimento superiori.","prodotto_page_gallery_hero":[13445,13452],"prodotto_page_descrizione_3_colonne_posizione":false,"prodotto_page_descrizione_3_colonne":[{"valore":"1000","unita_di_misura":"Kg","etichetta":"Portata massima"},{"valore":"4","unita_di_misura":"+","etichetta":"Sbraccio massimo"},{"valore":"270\u00b0","unita_di_misura":"","etichetta":"Rotazione"}],"prodotto_page_descrizione_titolo":"Gru a bandiera a mensola con braccio snodato con portata fino a 1000 kg","prodotto_page_descrizione_3_colonne_testo":"<strong>Le gru a bandiera a mensola con braccio snodato offrono accesso a punti nell'area di lavoro altrimenti inaccessibili a causa di ostacoli, grazie alla flessibilit\u00e0 del loro braccio articolato. Quest'ultimo \u00e8 costituito da due segmenti rotanti su cuscinetti che possono ruotare indipendentemente l'uno dall'altro. Senza tiranti sopra il braccio, \u00e8 possibile sfruttare l'altezza massima disponibile.<\/strong>\r\n\r\nIl paranco di solito \u00e8 fissato in punta al braccio, ma pu\u00f2 essere montato su un carrello su richiesta. Questo tipo di gru rappresenta la soluzione pi\u00f9 pratica ed economica per rendere autonoma un'area di lavoro che altrimenti richiederebbe l'uso di carroponte o carrello elevatore. Inoltre, risolve efficacemente il problema della movimentazione dei carichi in spazi limitati dove altri mezzi di sollevamento non sarebbero adatti. \u00c8 possibile ottenere gru a bandiera pi\u00f9 grandi su richiesta. Questa soluzione pratica ed economica \u00e8 ideale per la movimentazione manuale dei carichi in postazioni di lavoro che non permettono l'uso della colonna ma si basano su un pilastro portante per il fissaggio del braccio, tramite un sistema di staffe e tiranti.","prodotto_page_descrizione_titolo_vantaggi":"Vantaggi della gru a bandiera a mensola con braccio in trave a sbalzo","prodotto_page_descrizione_vantaggi":[{"titolo":"Braccio con segmenti a rotazione indipendente","testo":"","link":"","archivio_prodotti":null},{"titolo":"Massimo sfruttamento dello spazio disponibile","testo":"","link":"","archivio_prodotti":null},{"titolo":"Facile da utilizzare","testo":"","link":"","archivio_prodotti":null},{"titolo":"Versatilit\u00e0 operativa","testo":"","link":"","archivio_prodotti":null},{"titolo":"Ingombro ridotto","testo":"","link":"","archivio_prodotti":null},{"titolo":"Incremento della produttivit\u00e0 e sicurezza","testo":"","link":"","archivio_prodotti":null}],"prodotto_page_tabs_dati_tecnici":[{"etichetta":"Portata","valore":"125 kg - 1000 kg"},{"etichetta":"Sbracci","valore":"Fino a 4 + 4 m in base alla portata"},{"etichetta":"Profili sbracci","valore":"Il primo a ridosso della colonna  viene realizzato in profilo tubolare, il secondo in trave doppio T"},{"etichetta":"Rotazione","valore":"240\u00b0 il primo segmento del braccio a ridosso della colonna - 300\u00b0 il secondo braccio"},{"etichetta":"Rotazione","valore":"Manuale"},{"etichetta":"Mensola","valore":"La mensola di sostegno, i tiranti e le controstaffe vengono costruite in base alle dimensioni del pilastro rischieste."},{"etichetta":"Paranco","valore":"Paranco elettrico a catena, montato fisso in punta al braccio, per il sollevamento del carico, ad una o due velocit\u00e0 di sollevamento. Su richiesta pu\u00f2 essere con carrello di traslazione elettrico o a spinta."},{"etichetta":"Dispositivo frenante","valore":"\u00c8 costituito da una frizione regolabile a vite che permette la regolazione dello sforzo di rotazione del braccio e ne assicura la stabilit\u00e0 di posizionamento."}],"prodotto_page_tabs_optionals":[{"titolo":"Verniciatura personalizzata","testo":"\u00c8 possibile personalizzare il colore della verniciatura per soddisfare necessit\u00e0 specifiche, esigenze di design o di branding.","immagine":null}],"prodotto_page_tabs_downloads":null,"prodotto_page_gallery":null,"prodotto_page_customer_story_titolo":"","prodotto_page_customer_story_list":"","prodotto_page_applicazioni_list":"- Agricoltura e Alimentare\r\n- Manifatturiero\r\n- Energetico\r\n- Edile e delle costruzioni\r\n- Tecnologie dell'informazione e ICT\r\n- Trasporti e logistica\r\n- Commercio al dettaglio\r\n- Culturale e dell'intrattenimento\r\n- Ambientale e della sostenibilit\u00e0\r\n- Ricerca e sviluppo\r\n- Arti e Artigianato","prodotto_page_faq_list":"","prodotto_page_testo_prodotti_correlati":"<h2>Prodotti correlati<\/h2>\r\nEsplora anche questi prodotti e trova altre soluzioni che fanno al caso tuo.","prodotto_page_lista_prodotti_correlati":"- M\r\n- MT\r\n- M2T","prodotto_page_titolo_componenti_3d":"","prodotto_page_immagine_iniziale_componenti_3d":null,"prodotto_page_lista_componenti_3d":null,"prodotto_page_titolo_slider_configurazioni":"Prodotto e configurazioni","prodotto_page_lista_immgini_slider_configurazioni":[{"etichetta":"Attacco largo","immagine":13473},{"etichetta":"Vista dall'alto","immagine":13480},{"etichetta":"Prospettica","immagine":13466},{"etichetta":"Doppio braccio","immagine":13494},{"etichetta":"Attacco stretto","immagine":13459},{"etichetta":"Doppio braccio","immagine":13487}],"prodotto_page_titolo_slider_configurazioni_2":"<h2><\/h2>","prodotto_page_lista_immgini_slider_configurazioni_2":null,"seo_title":"Le gru a bandiera a mensola con braccio snodato portata 1000 Kg | OMIS","seo_description":"Le gru a bandiera a mensola con braccio snodato accedono a punti difficili da raggiungere grazie ai segmenti rotanti su cuscinetti. Senza tiranti sopra il braccio, sfruttano l'altezza massima disponibile. Il paranco pu\u00f2 essere fissato alla punta o su un carrello su richiesta. Queste gru offrono una soluzione economica per spazi limitati e possono essere personalizzate in dimensioni maggiori. Scopri di pi\u00f9."},"yoast_head":"<!-- This site is optimized with the Yoast SEO plugin v23.9 - https:\/\/yoast.com\/wordpress\/plugins\/seo\/ -->\n<title>Le gru a bandiera a mensola con braccio snodato portata 1000 Kg | OMIS<\/title>\n<meta name=\"description\" content=\"Le gru a bandiera a mensola con braccio snodato accedono a punti difficili da raggiungere grazie ai segmenti rotanti su cuscinetti. Senza tiranti sopra il braccio, sfruttano l&#039;altezza massima disponibile. Il paranco pu\u00f2 essere fissato alla punta o su un carrello su richiesta. Queste gru offrono una soluzione economica per spazi limitati e possono essere personalizzate in dimensioni maggiori. Scopri di pi\u00f9.\" \/>\n<meta name=\"robots\" content=\"index, follow, max-snippet:-1, max-image-preview:large, max-video-preview:-1\" \/>\n<meta property=\"og:locale\" content=\"it_IT\" \/>\n<meta property=\"og:type\" content=\"article\" \/>\n<meta property=\"og:title\" content=\"Le gru a bandiera a mensola con braccio snodato portata 1000 Kg | OMIS\" \/>\n<meta property=\"og:description\" content=\"Le gru a bandiera a mensola con braccio snodato accedono a punti difficili da raggiungere grazie ai segmenti rotanti su cuscinetti. Senza tiranti sopra il braccio, sfruttano l&#039;altezza massima disponibile. Il paranco pu\u00f2 essere fissato alla punta o su un carrello su richiesta. Queste gru offrono una soluzione economica per spazi limitati e possono essere personalizzate in dimensioni maggiori. Scopri di pi\u00f9.\" \/>\n<meta property=\"og:url\" content=\"https:\/\/www.omis.net\/it-it\/prodotto\/gru-a-bandiera-a-mensola-con-braccio-snodato\/\" \/>\n<meta property=\"og:site_name\" content=\"OMIS\" \/>\n<meta property=\"article:publisher\" content=\"https:\/\/www.facebook.com\/omisgroup\" \/>\n<meta property=\"article:modified_time\" content=\"2025-02-03T18:08:44+00:00\" \/>\n<meta property=\"og:image\" content=\"https:\/\/media.omis.net\/media\/2024\/12\/Profile-ms-jib-crane-ms-500kg-front-3d-omis-scaled.webp\" \/>\n\t<meta property=\"og:image:width\" content=\"2560\" \/>\n\t<meta property=\"og:image:height\" content=\"1440\" \/>\n\t<meta property=\"og:image:type\" content=\"image\/webp\" \/>\n<meta name=\"twitter:card\" content=\"summary_large_image\" \/>\n<meta name=\"twitter:label1\" content=\"Est. reading time\" \/>\n\t<meta name=\"twitter:data1\" content=\"1 minute\" \/>\n<script type=\"application\/ld+json\" class=\"yoast-schema-graph\">{\"@context\":\"https:\/\/schema.org\",\"@graph\":[{\"@type\":\"WebPage\",\"@id\":\"https:\/\/www.omis.net\/it-it\/prodotto\/gru-a-bandiera-a-mensola-con-braccio-snodato\/\",\"url\":\"https:\/\/www.omis.net\/it-it\/prodotto\/gru-a-bandiera-a-mensola-con-braccio-snodato\/\",\"name\":\"Le gru a bandiera a mensola con braccio snodato portata 1000 Kg | OMIS\",\"isPartOf\":{\"@id\":\"https:\/\/www.omis.net\/it-it\/#website\"},\"primaryImageOfPage\":{\"@id\":\"https:\/\/www.omis.net\/it-it\/prodotto\/gru-a-bandiera-a-mensola-con-braccio-snodato\/#primaryimage\"},\"image\":{\"@id\":\"https:\/\/www.omis.net\/it-it\/prodotto\/gru-a-bandiera-a-mensola-con-braccio-snodato\/#primaryimage\"},\"thumbnailUrl\":\"https:\/\/media.omis.net\/media\/2024\/12\/Profile-ms-jib-crane-ms-500kg-front-3d-omis-scaled.webp\",\"datePublished\":\"2024-12-18T10:00:08+00:00\",\"dateModified\":\"2025-02-03T18:08:44+00:00\",\"description\":\"Le gru a bandiera a mensola con braccio snodato accedono a punti difficili da raggiungere grazie ai segmenti rotanti su cuscinetti. Senza tiranti sopra il braccio, sfruttano l'altezza massima disponibile. Il paranco pu\u00f2 essere fissato alla punta o su un carrello su richiesta. Queste gru offrono una soluzione economica per spazi limitati e possono essere personalizzate in dimensioni maggiori. Scopri di pi\u00f9.\",\"breadcrumb\":{\"@id\":\"https:\/\/www.omis.net\/it-it\/prodotto\/gru-a-bandiera-a-mensola-con-braccio-snodato\/#breadcrumb\"},\"inLanguage\":\"it-it\",\"potentialAction\":[{\"@type\":\"ReadAction\",\"target\":[\"https:\/\/www.omis.net\/it-it\/prodotto\/gru-a-bandiera-a-mensola-con-braccio-snodato\/\"]}]},{\"@type\":\"ImageObject\",\"inLanguage\":\"it-it\",\"@id\":\"https:\/\/www.omis.net\/it-it\/prodotto\/gru-a-bandiera-a-mensola-con-braccio-snodato\/#primaryimage\",\"url\":\"https:\/\/media.omis.net\/media\/2024\/12\/Profile-ms-jib-crane-ms-500kg-front-3d-omis-scaled.webp\",\"contentUrl\":\"https:\/\/media.omis.net\/media\/2024\/12\/Profile-ms-jib-crane-ms-500kg-front-3d-omis-scaled.webp\",\"width\":2560,\"height\":1440,\"caption\":\"products and configurations - Profile ms jib crane ms 500kg front 3d Omis\"},{\"@type\":\"BreadcrumbList\",\"@id\":\"https:\/\/www.omis.net\/it-it\/prodotto\/gru-a-bandiera-a-mensola-con-braccio-snodato\/#breadcrumb\",\"itemListElement\":[{\"@type\":\"ListItem\",\"position\":1,\"name\":\"Home\",\"item\":\"https:\/\/www.omis.net\/it-it\/\"},{\"@type\":\"ListItem\",\"position\":2,\"name\":\"Gru a bandiera a mensola con braccio snodato\"}]},{\"@type\":\"WebSite\",\"@id\":\"https:\/\/www.omis.net\/it-it\/#website\",\"url\":\"https:\/\/www.omis.net\/it-it\/\",\"name\":\"Omis Spa\",\"description\":\"Movimentazione e sollevamento\",\"publisher\":{\"@id\":\"https:\/\/www.omis.net\/it-it\/#organization\"},\"potentialAction\":[{\"@type\":\"SearchAction\",\"target\":{\"@type\":\"EntryPoint\",\"urlTemplate\":\"https:\/\/www.omis.net\/it-it\/?s={search_term_string}\"},\"query-input\":{\"@type\":\"PropertyValueSpecification\",\"valueRequired\":true,\"valueName\":\"search_term_string\"}}],\"inLanguage\":\"it-it\"},{\"@type\":\"Organization\",\"@id\":\"https:\/\/www.omis.net\/it-it\/#organization\",\"name\":\"Omis Spa\",\"url\":\"https:\/\/www.omis.net\/it-it\/\",\"logo\":{\"@type\":\"ImageObject\",\"inLanguage\":\"it-it\",\"@id\":\"https:\/\/www.omis.net\/it-it\/#\/schema\/logo\/image\/\",\"url\":\"https:\/\/media.omis.net\/media\/2024\/08\/logo.jpg\",\"contentUrl\":\"https:\/\/media.omis.net\/media\/2024\/08\/logo.jpg\",\"width\":300,\"height\":300,\"caption\":\"Omis Spa\"},\"image\":{\"@id\":\"https:\/\/www.omis.net\/it-it\/#\/schema\/logo\/image\/\"},\"sameAs\":[\"https:\/\/www.facebook.com\/omisgroup\",\"https:\/\/www.linkedin.com\/company\/omis-group\",\"https:\/\/www.youtube.com\/channel\/UCS4L59XDk3kKBI9MnjuxWDw\",\"https:\/\/www.instagram.com\/omisgroup\"]}]}<\/script>\n<!-- \/ Yoast SEO plugin. -->","yoast_head_json":{"title":"Le gru a bandiera a mensola con braccio snodato portata 1000 Kg | OMIS","description":"Le gru a bandiera a mensola con braccio snodato accedono a punti difficili da raggiungere grazie ai segmenti rotanti su cuscinetti. Senza tiranti sopra il braccio, sfruttano l'altezza massima disponibile. Il paranco pu\u00f2 essere fissato alla punta o su un carrello su richiesta. Queste gru offrono una soluzione economica per spazi limitati e possono essere personalizzate in dimensioni maggiori. Scopri di pi\u00f9.","robots":{"index":"index","follow":"follow","max-snippet":"max-snippet:-1","max-image-preview":"max-image-preview:large","max-video-preview":"max-video-preview:-1"},"og_locale":"it_IT","og_type":"article","og_title":"Le gru a bandiera a mensola con braccio snodato portata 1000 Kg | OMIS","og_description":"Le gru a bandiera a mensola con braccio snodato accedono a punti difficili da raggiungere grazie ai segmenti rotanti su cuscinetti. Senza tiranti sopra il braccio, sfruttano l'altezza massima disponibile. Il paranco pu\u00f2 essere fissato alla punta o su un carrello su richiesta. Queste gru offrono una soluzione economica per spazi limitati e possono essere personalizzate in dimensioni maggiori. Scopri di pi\u00f9.","og_url":"https:\/\/www.omis.net\/it-it\/prodotto\/gru-a-bandiera-a-mensola-con-braccio-snodato\/","og_site_name":"OMIS","article_publisher":"https:\/\/www.facebook.com\/omisgroup","article_modified_time":"2025-02-03T18:08:44+00:00","og_image":[{"width":2560,"height":1440,"url":"https:\/\/media.omis.net\/media\/2024\/12\/Profile-ms-jib-crane-ms-500kg-front-3d-omis-scaled.webp","type":"image\/webp"}],"twitter_card":"summary_large_image","twitter_misc":{"Est. reading time":"1 minute"},"schema":{"@context":"https:\/\/schema.org","@graph":[{"@type":"WebPage","@id":"https:\/\/www.omis.net\/it-it\/prodotto\/gru-a-bandiera-a-mensola-con-braccio-snodato\/","url":"https:\/\/www.omis.net\/it-it\/prodotto\/gru-a-bandiera-a-mensola-con-braccio-snodato\/","name":"Le gru a bandiera a mensola con braccio snodato portata 1000 Kg | OMIS","isPartOf":{"@id":"https:\/\/www.omis.net\/it-it\/#website"},"primaryImageOfPage":{"@id":"https:\/\/www.omis.net\/it-it\/prodotto\/gru-a-bandiera-a-mensola-con-braccio-snodato\/#primaryimage"},"image":{"@id":"https:\/\/www.omis.net\/it-it\/prodotto\/gru-a-bandiera-a-mensola-con-braccio-snodato\/#primaryimage"},"thumbnailUrl":"https:\/\/media.omis.net\/media\/2024\/12\/Profile-ms-jib-crane-ms-500kg-front-3d-omis-scaled.webp","datePublished":"2024-12-18T10:00:08+00:00","dateModified":"2025-02-03T18:08:44+00:00","description":"Le gru a bandiera a mensola con braccio snodato accedono a punti difficili da raggiungere grazie ai segmenti rotanti su cuscinetti. Senza tiranti sopra il braccio, sfruttano l'altezza massima disponibile. Il paranco pu\u00f2 essere fissato alla punta o su un carrello su richiesta. Queste gru offrono una soluzione economica per spazi limitati e possono essere personalizzate in dimensioni maggiori. Scopri di pi\u00f9.","breadcrumb":{"@id":"https:\/\/www.omis.net\/it-it\/prodotto\/gru-a-bandiera-a-mensola-con-braccio-snodato\/#breadcrumb"},"inLanguage":"it-it","potentialAction":[{"@type":"ReadAction","target":["https:\/\/www.omis.net\/it-it\/prodotto\/gru-a-bandiera-a-mensola-con-braccio-snodato\/"]}]},{"@type":"ImageObject","inLanguage":"it-it","@id":"https:\/\/www.omis.net\/it-it\/prodotto\/gru-a-bandiera-a-mensola-con-braccio-snodato\/#primaryimage","url":"https:\/\/media.omis.net\/media\/2024\/12\/Profile-ms-jib-crane-ms-500kg-front-3d-omis-scaled.webp","contentUrl":"https:\/\/media.omis.net\/media\/2024\/12\/Profile-ms-jib-crane-ms-500kg-front-3d-omis-scaled.webp","width":2560,"height":1440,"caption":"products and configurations - Profile ms jib crane ms 500kg front 3d Omis"},{"@type":"BreadcrumbList","@id":"https:\/\/www.omis.net\/it-it\/prodotto\/gru-a-bandiera-a-mensola-con-braccio-snodato\/#breadcrumb","itemListElement":[{"@type":"ListItem","position":1,"name":"Home","item":"https:\/\/www.omis.net\/it-it\/"},{"@type":"ListItem","position":2,"name":"Gru a bandiera a mensola con braccio snodato"}]},{"@type":"WebSite","@id":"https:\/\/www.omis.net\/it-it\/#website","url":"https:\/\/www.omis.net\/it-it\/","name":"Omis Spa","description":"Movimentazione e sollevamento","publisher":{"@id":"https:\/\/www.omis.net\/it-it\/#organization"},"potentialAction":[{"@type":"SearchAction","target":{"@type":"EntryPoint","urlTemplate":"https:\/\/www.omis.net\/it-it\/?s={search_term_string}"},"query-input":{"@type":"PropertyValueSpecification","valueRequired":true,"valueName":"search_term_string"}}],"inLanguage":"it-it"},{"@type":"Organization","@id":"https:\/\/www.omis.net\/it-it\/#organization","name":"Omis Spa","url":"https:\/\/www.omis.net\/it-it\/","logo":{"@type":"ImageObject","inLanguage":"it-it","@id":"https:\/\/www.omis.net\/it-it\/#\/schema\/logo\/image\/","url":"https:\/\/media.omis.net\/media\/2024\/08\/logo.jpg","contentUrl":"https:\/\/media.omis.net\/media\/2024\/08\/logo.jpg","width":300,"height":300,"caption":"Omis Spa"},"image":{"@id":"https:\/\/www.omis.net\/it-it\/#\/schema\/logo\/image\/"},"sameAs":["https:\/\/www.facebook.com\/omisgroup","https:\/\/www.linkedin.com\/company\/omis-group","https:\/\/www.youtube.com\/channel\/UCS4L59XDk3kKBI9MnjuxWDw","https:\/\/www.instagram.com\/omisgroup"]}]}},"_links":{"self":[{"href":"https:\/\/www.omis.net\/it-it\/wp-json\/wp\/v2\/product\/3576"}],"collection":[{"href":"https:\/\/www.omis.net\/it-it\/wp-json\/wp\/v2\/product"}],"about":[{"href":"https:\/\/www.omis.net\/it-it\/wp-json\/wp\/v2\/types\/product"}],"acf:attachment":[{"embeddable":true,"href":"https:\/\/www.omis.net\/it-it\/wp-json\/wp\/v2\/media\/13452"},{"embeddable":true,"href":"https:\/\/www.omis.net\/it-it\/wp-json\/wp\/v2\/media\/13445"}],"wp:featuredmedia":[{"embeddable":true,"href":"https:\/\/www.omis.net\/it-it\/wp-json\/wp\/v2\/media\/13501"}],"wp:attachment":[{"href":"https:\/\/www.omis.net\/it-it\/wp-json\/wp\/v2\/media?parent=3576"}],"wp:term":[{"taxonomy":"caratteristica-prodotto","embeddable":true,"href":"https:\/\/www.omis.net\/it-it\/wp-json\/wp\/v2\/caratteristica-prodotto?post=3576"},{"taxonomy":"tipologia-prodotto","embeddable":true,"href":"https:\/\/www.omis.net\/it-it\/wp-json\/wp\/v2\/tipologia-prodotto?post=3576"}],"curies":[{"name":"wp","href":"https:\/\/api.w.org\/{rel}","templated":true}]}}