{"id":3574,"date":"2024-12-18T10:59:37","date_gmt":"2024-12-18T09:59:37","guid":{"rendered":"http:\/\/bedrock.local\/product\/mt\/"},"modified":"2025-02-03T14:54:53","modified_gmt":"2025-02-03T13:54:53","slug":"gru-a-bandiera-a-mensola-con-braccio-in-trave-a-sbalzo","status":"publish","type":"product","link":"https:\/\/www.omis.net\/it-it\/prodotto\/gru-a-bandiera-a-mensola-con-braccio-in-trave-a-sbalzo\/","title":{"rendered":"Gru a bandiera a mensola con braccio in trave a sbalzo"},"content":{"rendered":"","protected":false},"featured_media":13593,"parent":0,"template":"","caratteristica-prodotto":[80],"tipologia-prodotto":[49,62,490],"class_list":["post-3574","product","type-product","status-publish","has-post-thumbnail","hentry","caratteristica-prodotto-rotazione-manuale","tipologia-prodotto-gru-per-postazioni-di-lavoro","tipologia-prodotto-gru-a-bandiera","tipologia-prodotto-a-mensola"],"acf":{"import_csv_id":"26","prodotto_generale_sku":"MT","prodotto_listing_card_descrizione":"La gru a bandiera a mensola con braccio in trave a sbalzo si rivela ottimale quando \u00e8 richiesto l'utilizzo massimo dello spazio verticale disponibile, con un conseguente incremento della portata del gancio.\r\n\r\n\r\n\r\n\r\n\r\n","prodotto_listing_card_caratteristiche":null,"prodotto_page_gradient_hero":false,"prodotto_page_titolo_hero":"Per sfruttare nel miglior modo lo spazio verticale disponibile.","prodotto_page_gallery_hero":[13530,13537],"prodotto_page_descrizione_3_colonne_posizione":false,"prodotto_page_descrizione_3_colonne":[{"valore":"2000","unita_di_misura":"Kg","etichetta":"Portata massima"},{"valore":"8","unita_di_misura":"m","etichetta":"Sbraccio massimo"},{"valore":"270\u00b0","unita_di_misura":"","etichetta":"Rotazione"}],"prodotto_page_descrizione_titolo":"Gru a bandiera a mensola con braccio in trave a sbalzo con portata fino a 2000 kg","prodotto_page_descrizione_3_colonne_testo":"<strong>La gru a mensola \u00e8 una soluzione altamente efficiente per ottimizzare lo spazio verticale disponibile, consentendo al contempo una maggiore flessibilit\u00e0 di movimento del carrello. Impiega un gruppo di rotazione montato su cuscinetti e offre una grande versatilit\u00e0 in termini di configurazioni, con diverse opzioni di carrello disponibili.<\/strong>\r\n\r\nQuesto modello \u00e8 in ogni caso completato da una linea di alimentazione integrata per massimizzare l'efficienza operativa. C'\u00e8 la possibilit\u00e0 di installare, in caso di bisogno, due gru una di fronte all'altra. Per le situazioni in cui si necessita di una soluzione pi\u00f9 robusta o di dimensioni maggiori, sono disponibili gru a bandiera personalizzate, che offrono una capacit\u00e0 di sollevamento ancora maggiore e una maggiore portata. La gru a mensola rappresenta quindi una scelta pragmatica ed economica per rendere autonoma un'area di lavoro, risolvendo efficacemente il problema della movimentazione dei carichi in spazi limitati, grazie alla sua versatilit\u00e0, flessibilit\u00e0 e capacit\u00e0 di adattamento alle esigenze specifiche dell'ambiente operativo.","prodotto_page_descrizione_titolo_vantaggi":"Vantaggi della gru a bandiera a mensola con braccio in trave a sbalzo","prodotto_page_descrizione_vantaggi":[{"titolo":"Nessun ingombro a terra","testo":"","link":"","archivio_prodotti":null},{"titolo":"Versatilit\u00e0 operativa","testo":"","link":"","archivio_prodotti":null},{"titolo":"Facile da utilizzare","testo":"","link":"","archivio_prodotti":null},{"titolo":"Ingombro limitato","testo":"","link":"","archivio_prodotti":null},{"titolo":"Corsa gancio aumentata","testo":"","link":"","archivio_prodotti":null},{"titolo":"Incremento della produttivit\u00e0 e sicurezza","testo":"","link":"","archivio_prodotti":null}],"prodotto_page_tabs_dati_tecnici":[{"etichetta":"Portata","valore":"125 kg - 2000 kg"},{"etichetta":"Sbraccio","valore":"Fino a 8 m in base alla portata"},{"etichetta":"Profilo sbraccio","valore":"Profilo con trave a doppio T senza tiranti di sostegno"},{"etichetta":"Rotazione","valore":"270\u00b0 con fermo di regolazione regolabile in opera in funzione degli ingombri architettonici"},{"etichetta":"Rotazione","valore":"Manuale"},{"etichetta":"Mensola","valore":"La mensola di sostegno, i tiranti e le controstaffe vengono costruite in base alle dimensioni del pilastro richieste."},{"etichetta":"Paranco","valore":"Paranco elettrico a catena, per il sollevamento del carico, ad una o due velocit\u00e0 di sollevamento,con carrello di traslazione elettrico, a spinta o meccanico."},{"etichetta":"Dispositivo frenante","valore":"\u00c8 costituito da una frizione regolabile a vite che permette la regolazione dello sforzo di rotazione del braccio e ne assicura la stabilit\u00e0 di posizionamento."}],"prodotto_page_tabs_optionals":[{"titolo":"Verniciatura personalizzata","testo":"\u00c8 possibile personalizzare il colore della verniciatura per soddisfare necessit\u00e0 specifiche, esigenze di design o di branding.","immagine":null}],"prodotto_page_tabs_downloads":null,"prodotto_page_gallery":[13516,13523,13509],"prodotto_page_customer_story_titolo":"","prodotto_page_customer_story_list":"","prodotto_page_applicazioni_list":"- Agricoltura e Alimentare\r\n- Manifatturiero\r\n- Energetico\r\n- Edile e delle costruzioni\r\n- Tecnologie dell'informazione e ICT\r\n- Trasporti e logistica\r\n- Commercio al dettaglio\r\n- Culturale e dell'intrattenimento\r\n- Ambientale e della sostenibilit\u00e0\r\n- Ricerca e sviluppo\r\n- Arti e Artigianato","prodotto_page_faq_list":"","prodotto_page_testo_prodotti_correlati":"<h2>Prodotti correlati<\/h2>\r\nEsplora anche questi prodotti e trova altre soluzioni che fanno al caso tuo.","prodotto_page_lista_prodotti_correlati":"- M\r\n- M2T\r\n- MS","prodotto_page_titolo_componenti_3d":"","prodotto_page_immagine_iniziale_componenti_3d":null,"prodotto_page_lista_componenti_3d":null,"prodotto_page_titolo_slider_configurazioni":"Prodotto e configurazioni","prodotto_page_lista_immgini_slider_configurazioni":[{"etichetta":"Attacco largo","immagine":13551},{"etichetta":"Vista dall'alto","immagine":13565},{"etichetta":"Prospettica","immagine":13558},{"etichetta":"Doppio braccio","immagine":13586},{"etichetta":"Attacco stretto","immagine":13544},{"etichetta":"Doppio braccio","immagine":13572},{"etichetta":"Dettaglio","immagine":13579}],"prodotto_page_titolo_slider_configurazioni_2":"<h2><\/h2>","prodotto_page_lista_immgini_slider_configurazioni_2":null,"seo_title":"Gru a bandiera a mensola portata 2000kg, con sbraccio 8m e rotazione 270\u00b0 | OMIS","seo_description":"La gru a mensola ottimizza lo spazio verticale e offre flessibilit\u00e0 di movimento del carrello. Con gruppo di rotazione su cuscinetti e diverse opzioni di carrello, include una linea di alimentazione integrata per massimizzare l'efficienza. \u00c8 possibile installare due gru fronte a fronte. Scopri di pi\u00f9."},"yoast_head":"<!-- This site is optimized with the Yoast SEO plugin v23.9 - https:\/\/yoast.com\/wordpress\/plugins\/seo\/ -->\n<title>Gru a bandiera a mensola portata 2000kg, con sbraccio 8m e rotazione 270\u00b0 | OMIS<\/title>\n<meta name=\"description\" content=\"La gru a mensola ottimizza lo spazio verticale e offre flessibilit\u00e0 di movimento del carrello. Con gruppo di rotazione su cuscinetti e diverse opzioni di carrello, include una linea di alimentazione integrata per massimizzare l&#039;efficienza. \u00c8 possibile installare due gru fronte a fronte. Scopri di pi\u00f9.\" \/>\n<meta name=\"robots\" content=\"index, follow, max-snippet:-1, max-image-preview:large, max-video-preview:-1\" \/>\n<meta property=\"og:locale\" content=\"it_IT\" \/>\n<meta property=\"og:type\" content=\"article\" \/>\n<meta property=\"og:title\" content=\"Gru a bandiera a mensola portata 2000kg, con sbraccio 8m e rotazione 270\u00b0 | OMIS\" \/>\n<meta property=\"og:description\" content=\"La gru a mensola ottimizza lo spazio verticale e offre flessibilit\u00e0 di movimento del carrello. Con gruppo di rotazione su cuscinetti e diverse opzioni di carrello, include una linea di alimentazione integrata per massimizzare l&#039;efficienza. \u00c8 possibile installare due gru fronte a fronte. Scopri di pi\u00f9.\" \/>\n<meta property=\"og:url\" content=\"https:\/\/www.omis.net\/it-it\/prodotto\/gru-a-bandiera-a-mensola-con-braccio-in-trave-a-sbalzo\/\" \/>\n<meta property=\"og:site_name\" content=\"OMIS\" \/>\n<meta property=\"article:publisher\" content=\"https:\/\/www.facebook.com\/omisgroup\" \/>\n<meta property=\"article:modified_time\" content=\"2025-02-03T13:54:53+00:00\" \/>\n<meta property=\"og:image\" content=\"https:\/\/media.omis.net\/media\/2024\/12\/Profile-MT-jib-crane-mt-250kg-wide-connection-front-3d-omis-scaled.webp\" \/>\n\t<meta property=\"og:image:width\" content=\"2560\" \/>\n\t<meta property=\"og:image:height\" content=\"1440\" \/>\n\t<meta property=\"og:image:type\" content=\"image\/webp\" \/>\n<meta name=\"twitter:card\" content=\"summary_large_image\" \/>\n<meta name=\"twitter:label1\" content=\"Est. reading time\" \/>\n\t<meta name=\"twitter:data1\" content=\"1 minute\" \/>\n<script type=\"application\/ld+json\" class=\"yoast-schema-graph\">{\"@context\":\"https:\/\/schema.org\",\"@graph\":[{\"@type\":\"WebPage\",\"@id\":\"https:\/\/www.omis.net\/it-it\/prodotto\/gru-a-bandiera-a-mensola-con-braccio-in-trave-a-sbalzo\/\",\"url\":\"https:\/\/www.omis.net\/it-it\/prodotto\/gru-a-bandiera-a-mensola-con-braccio-in-trave-a-sbalzo\/\",\"name\":\"Gru a bandiera a mensola portata 2000kg, con sbraccio 8m e rotazione 270\u00b0 | OMIS\",\"isPartOf\":{\"@id\":\"https:\/\/www.omis.net\/it-it\/#website\"},\"primaryImageOfPage\":{\"@id\":\"https:\/\/www.omis.net\/it-it\/prodotto\/gru-a-bandiera-a-mensola-con-braccio-in-trave-a-sbalzo\/#primaryimage\"},\"image\":{\"@id\":\"https:\/\/www.omis.net\/it-it\/prodotto\/gru-a-bandiera-a-mensola-con-braccio-in-trave-a-sbalzo\/#primaryimage\"},\"thumbnailUrl\":\"https:\/\/media.omis.net\/media\/2024\/12\/Profile-MT-jib-crane-mt-250kg-wide-connection-front-3d-omis-scaled.webp\",\"datePublished\":\"2024-12-18T09:59:37+00:00\",\"dateModified\":\"2025-02-03T13:54:53+00:00\",\"description\":\"La gru a mensola ottimizza lo spazio verticale e offre flessibilit\u00e0 di movimento del carrello. Con gruppo di rotazione su cuscinetti e diverse opzioni di carrello, include una linea di alimentazione integrata per massimizzare l'efficienza. \u00c8 possibile installare due gru fronte a fronte. Scopri di pi\u00f9.\",\"breadcrumb\":{\"@id\":\"https:\/\/www.omis.net\/it-it\/prodotto\/gru-a-bandiera-a-mensola-con-braccio-in-trave-a-sbalzo\/#breadcrumb\"},\"inLanguage\":\"it-it\",\"potentialAction\":[{\"@type\":\"ReadAction\",\"target\":[\"https:\/\/www.omis.net\/it-it\/prodotto\/gru-a-bandiera-a-mensola-con-braccio-in-trave-a-sbalzo\/\"]}]},{\"@type\":\"ImageObject\",\"inLanguage\":\"it-it\",\"@id\":\"https:\/\/www.omis.net\/it-it\/prodotto\/gru-a-bandiera-a-mensola-con-braccio-in-trave-a-sbalzo\/#primaryimage\",\"url\":\"https:\/\/media.omis.net\/media\/2024\/12\/Profile-MT-jib-crane-mt-250kg-wide-connection-front-3d-omis-scaled.webp\",\"contentUrl\":\"https:\/\/media.omis.net\/media\/2024\/12\/Profile-MT-jib-crane-mt-250kg-wide-connection-front-3d-omis-scaled.webp\",\"width\":2560,\"height\":1440,\"caption\":\"products and configurations - Profile mt jib crane mt 250kg wide connection front 3d Omis\"},{\"@type\":\"BreadcrumbList\",\"@id\":\"https:\/\/www.omis.net\/it-it\/prodotto\/gru-a-bandiera-a-mensola-con-braccio-in-trave-a-sbalzo\/#breadcrumb\",\"itemListElement\":[{\"@type\":\"ListItem\",\"position\":1,\"name\":\"Home\",\"item\":\"https:\/\/www.omis.net\/it-it\/\"},{\"@type\":\"ListItem\",\"position\":2,\"name\":\"Gru a bandiera a mensola con braccio in trave a sbalzo\"}]},{\"@type\":\"WebSite\",\"@id\":\"https:\/\/www.omis.net\/it-it\/#website\",\"url\":\"https:\/\/www.omis.net\/it-it\/\",\"name\":\"Omis Spa\",\"description\":\"Movimentazione e sollevamento\",\"publisher\":{\"@id\":\"https:\/\/www.omis.net\/it-it\/#organization\"},\"potentialAction\":[{\"@type\":\"SearchAction\",\"target\":{\"@type\":\"EntryPoint\",\"urlTemplate\":\"https:\/\/www.omis.net\/it-it\/?s={search_term_string}\"},\"query-input\":{\"@type\":\"PropertyValueSpecification\",\"valueRequired\":true,\"valueName\":\"search_term_string\"}}],\"inLanguage\":\"it-it\"},{\"@type\":\"Organization\",\"@id\":\"https:\/\/www.omis.net\/it-it\/#organization\",\"name\":\"Omis Spa\",\"url\":\"https:\/\/www.omis.net\/it-it\/\",\"logo\":{\"@type\":\"ImageObject\",\"inLanguage\":\"it-it\",\"@id\":\"https:\/\/www.omis.net\/it-it\/#\/schema\/logo\/image\/\",\"url\":\"https:\/\/media.omis.net\/media\/2024\/08\/logo.jpg\",\"contentUrl\":\"https:\/\/media.omis.net\/media\/2024\/08\/logo.jpg\",\"width\":300,\"height\":300,\"caption\":\"Omis Spa\"},\"image\":{\"@id\":\"https:\/\/www.omis.net\/it-it\/#\/schema\/logo\/image\/\"},\"sameAs\":[\"https:\/\/www.facebook.com\/omisgroup\",\"https:\/\/www.linkedin.com\/company\/omis-group\",\"https:\/\/www.youtube.com\/channel\/UCS4L59XDk3kKBI9MnjuxWDw\",\"https:\/\/www.instagram.com\/omisgroup\"]}]}<\/script>\n<!-- \/ Yoast SEO plugin. -->","yoast_head_json":{"title":"Gru a bandiera a mensola portata 2000kg, con sbraccio 8m e rotazione 270\u00b0 | OMIS","description":"La gru a mensola ottimizza lo spazio verticale e offre flessibilit\u00e0 di movimento del carrello. Con gruppo di rotazione su cuscinetti e diverse opzioni di carrello, include una linea di alimentazione integrata per massimizzare l'efficienza. \u00c8 possibile installare due gru fronte a fronte. Scopri di pi\u00f9.","robots":{"index":"index","follow":"follow","max-snippet":"max-snippet:-1","max-image-preview":"max-image-preview:large","max-video-preview":"max-video-preview:-1"},"og_locale":"it_IT","og_type":"article","og_title":"Gru a bandiera a mensola portata 2000kg, con sbraccio 8m e rotazione 270\u00b0 | OMIS","og_description":"La gru a mensola ottimizza lo spazio verticale e offre flessibilit\u00e0 di movimento del carrello. Con gruppo di rotazione su cuscinetti e diverse opzioni di carrello, include una linea di alimentazione integrata per massimizzare l'efficienza. \u00c8 possibile installare due gru fronte a fronte. Scopri di pi\u00f9.","og_url":"https:\/\/www.omis.net\/it-it\/prodotto\/gru-a-bandiera-a-mensola-con-braccio-in-trave-a-sbalzo\/","og_site_name":"OMIS","article_publisher":"https:\/\/www.facebook.com\/omisgroup","article_modified_time":"2025-02-03T13:54:53+00:00","og_image":[{"width":2560,"height":1440,"url":"https:\/\/media.omis.net\/media\/2024\/12\/Profile-MT-jib-crane-mt-250kg-wide-connection-front-3d-omis-scaled.webp","type":"image\/webp"}],"twitter_card":"summary_large_image","twitter_misc":{"Est. reading time":"1 minute"},"schema":{"@context":"https:\/\/schema.org","@graph":[{"@type":"WebPage","@id":"https:\/\/www.omis.net\/it-it\/prodotto\/gru-a-bandiera-a-mensola-con-braccio-in-trave-a-sbalzo\/","url":"https:\/\/www.omis.net\/it-it\/prodotto\/gru-a-bandiera-a-mensola-con-braccio-in-trave-a-sbalzo\/","name":"Gru a bandiera a mensola portata 2000kg, con sbraccio 8m e rotazione 270\u00b0 | OMIS","isPartOf":{"@id":"https:\/\/www.omis.net\/it-it\/#website"},"primaryImageOfPage":{"@id":"https:\/\/www.omis.net\/it-it\/prodotto\/gru-a-bandiera-a-mensola-con-braccio-in-trave-a-sbalzo\/#primaryimage"},"image":{"@id":"https:\/\/www.omis.net\/it-it\/prodotto\/gru-a-bandiera-a-mensola-con-braccio-in-trave-a-sbalzo\/#primaryimage"},"thumbnailUrl":"https:\/\/media.omis.net\/media\/2024\/12\/Profile-MT-jib-crane-mt-250kg-wide-connection-front-3d-omis-scaled.webp","datePublished":"2024-12-18T09:59:37+00:00","dateModified":"2025-02-03T13:54:53+00:00","description":"La gru a mensola ottimizza lo spazio verticale e offre flessibilit\u00e0 di movimento del carrello. Con gruppo di rotazione su cuscinetti e diverse opzioni di carrello, include una linea di alimentazione integrata per massimizzare l'efficienza. \u00c8 possibile installare due gru fronte a fronte. Scopri di pi\u00f9.","breadcrumb":{"@id":"https:\/\/www.omis.net\/it-it\/prodotto\/gru-a-bandiera-a-mensola-con-braccio-in-trave-a-sbalzo\/#breadcrumb"},"inLanguage":"it-it","potentialAction":[{"@type":"ReadAction","target":["https:\/\/www.omis.net\/it-it\/prodotto\/gru-a-bandiera-a-mensola-con-braccio-in-trave-a-sbalzo\/"]}]},{"@type":"ImageObject","inLanguage":"it-it","@id":"https:\/\/www.omis.net\/it-it\/prodotto\/gru-a-bandiera-a-mensola-con-braccio-in-trave-a-sbalzo\/#primaryimage","url":"https:\/\/media.omis.net\/media\/2024\/12\/Profile-MT-jib-crane-mt-250kg-wide-connection-front-3d-omis-scaled.webp","contentUrl":"https:\/\/media.omis.net\/media\/2024\/12\/Profile-MT-jib-crane-mt-250kg-wide-connection-front-3d-omis-scaled.webp","width":2560,"height":1440,"caption":"products and configurations - Profile mt jib crane mt 250kg wide connection front 3d Omis"},{"@type":"BreadcrumbList","@id":"https:\/\/www.omis.net\/it-it\/prodotto\/gru-a-bandiera-a-mensola-con-braccio-in-trave-a-sbalzo\/#breadcrumb","itemListElement":[{"@type":"ListItem","position":1,"name":"Home","item":"https:\/\/www.omis.net\/it-it\/"},{"@type":"ListItem","position":2,"name":"Gru a bandiera a mensola con braccio in trave a sbalzo"}]},{"@type":"WebSite","@id":"https:\/\/www.omis.net\/it-it\/#website","url":"https:\/\/www.omis.net\/it-it\/","name":"Omis Spa","description":"Movimentazione e sollevamento","publisher":{"@id":"https:\/\/www.omis.net\/it-it\/#organization"},"potentialAction":[{"@type":"SearchAction","target":{"@type":"EntryPoint","urlTemplate":"https:\/\/www.omis.net\/it-it\/?s={search_term_string}"},"query-input":{"@type":"PropertyValueSpecification","valueRequired":true,"valueName":"search_term_string"}}],"inLanguage":"it-it"},{"@type":"Organization","@id":"https:\/\/www.omis.net\/it-it\/#organization","name":"Omis Spa","url":"https:\/\/www.omis.net\/it-it\/","logo":{"@type":"ImageObject","inLanguage":"it-it","@id":"https:\/\/www.omis.net\/it-it\/#\/schema\/logo\/image\/","url":"https:\/\/media.omis.net\/media\/2024\/08\/logo.jpg","contentUrl":"https:\/\/media.omis.net\/media\/2024\/08\/logo.jpg","width":300,"height":300,"caption":"Omis Spa"},"image":{"@id":"https:\/\/www.omis.net\/it-it\/#\/schema\/logo\/image\/"},"sameAs":["https:\/\/www.facebook.com\/omisgroup","https:\/\/www.linkedin.com\/company\/omis-group","https:\/\/www.youtube.com\/channel\/UCS4L59XDk3kKBI9MnjuxWDw","https:\/\/www.instagram.com\/omisgroup"]}]}},"_links":{"self":[{"href":"https:\/\/www.omis.net\/it-it\/wp-json\/wp\/v2\/product\/3574"}],"collection":[{"href":"https:\/\/www.omis.net\/it-it\/wp-json\/wp\/v2\/product"}],"about":[{"href":"https:\/\/www.omis.net\/it-it\/wp-json\/wp\/v2\/types\/product"}],"acf:attachment":[{"embeddable":true,"href":"https:\/\/www.omis.net\/it-it\/wp-json\/wp\/v2\/media\/13509"},{"embeddable":true,"href":"https:\/\/www.omis.net\/it-it\/wp-json\/wp\/v2\/media\/13523"},{"embeddable":true,"href":"https:\/\/www.omis.net\/it-it\/wp-json\/wp\/v2\/media\/13516"},{"embeddable":true,"href":"https:\/\/www.omis.net\/it-it\/wp-json\/wp\/v2\/media\/13537"},{"embeddable":true,"href":"https:\/\/www.omis.net\/it-it\/wp-json\/wp\/v2\/media\/13530"}],"wp:featuredmedia":[{"embeddable":true,"href":"https:\/\/www.omis.net\/it-it\/wp-json\/wp\/v2\/media\/13593"}],"wp:attachment":[{"href":"https:\/\/www.omis.net\/it-it\/wp-json\/wp\/v2\/media?parent=3574"}],"wp:term":[{"taxonomy":"caratteristica-prodotto","embeddable":true,"href":"https:\/\/www.omis.net\/it-it\/wp-json\/wp\/v2\/caratteristica-prodotto?post=3574"},{"taxonomy":"tipologia-prodotto","embeddable":true,"href":"https:\/\/www.omis.net\/it-it\/wp-json\/wp\/v2\/tipologia-prodotto?post=3574"}],"curies":[{"name":"wp","href":"https:\/\/api.w.org\/{rel}","templated":true}]}}