{"id":3573,"date":"2024-12-18T10:59:07","date_gmt":"2024-12-18T09:59:07","guid":{"rendered":"http:\/\/bedrock.local\/product\/m\/"},"modified":"2025-02-03T14:44:04","modified_gmt":"2025-02-03T13:44:04","slug":"gru-a-bandiera-a-mensola-con-braccio-in-profilato-a-canalina","status":"publish","type":"product","link":"https:\/\/www.omis.net\/it-it\/prodotto\/gru-a-bandiera-a-mensola-con-braccio-in-profilato-a-canalina\/","title":{"rendered":"Gru a bandiera a mensola con braccio in profilato a canalina"},"content":{"rendered":"","protected":false},"featured_media":13372,"parent":0,"template":"","caratteristica-prodotto":[80],"tipologia-prodotto":[49,62,490],"class_list":["post-3573","product","type-product","status-publish","has-post-thumbnail","hentry","caratteristica-prodotto-rotazione-manuale","tipologia-prodotto-gru-per-postazioni-di-lavoro","tipologia-prodotto-gru-a-bandiera","tipologia-prodotto-a-mensola"],"acf":{"import_csv_id":"25","prodotto_generale_sku":"M","prodotto_listing_card_descrizione":"Gru a bandiera a mensola con braccio in profilato a canalina.","prodotto_listing_card_caratteristiche":null,"prodotto_page_gradient_hero":false,"prodotto_page_titolo_hero":"Robusta e leggera, efficace in tutti i contesti operativi.","prodotto_page_gallery_hero":[13316,13323],"prodotto_page_descrizione_3_colonne_posizione":false,"prodotto_page_descrizione_3_colonne":[{"valore":"1000","unita_di_misura":"Kg","etichetta":"Portata massima"},{"valore":"8","unita_di_misura":"m","etichetta":"Sbraccio massimo"},{"valore":"270\u00b0","unita_di_misura":"","etichetta":"Rotazione"}],"prodotto_page_descrizione_titolo":"Gru a bandiera a mensola con braccio in canalina con portata fino a 1000 kg","prodotto_page_descrizione_3_colonne_testo":"<strong>La nostra gru a bandiera a mensola con braccio profilato in canalina \u00e8 la soluzione ideale per chi cerca un sistema di sollevamento efficiente, versatile e sicuro. Progettata per servire negli stabilimenti di diverse applicazioni industriali, questa gru combina robustezza e leggerezza per garantire prestazioni eccellenti in qualsiasi contesto operativo.<\/strong>\r\n\r\nCon un sbraccio fino a 8 metri e una rotazione di 270\u00b0, pu\u00f2 coprire un'ampia area di lavoro. Non impone alcun ingombro a terra e permette di recuperare centimetri di spazio grazie all'azione della gru e all'imbragatura su una struttura o un pilastro esistente. In questo modo si fa possibile sfruttare la profondit\u00e0 della colonna come raggio d'azione e utilizzare lo spazio gi\u00e0 presente nel pilastro, evitando ingombri dovuti alla piastra di base.\r\nDotata di un braccio realizzato con uno speciale profilo presso-piegato a canalina, stabile e leggero, \u00e8 ottimizzata per la migliore sensibilit\u00e0 di brandeggio e scorrevolezza del carrello. Il design del braccio assicura movimenti fluidi e precisi, riducendo l'affaticamento dell'operatore.\r\nLa gru a bandiera a mensola \u00e8 ideale per officine meccaniche, magazzini, linee di produzione e molte altre applicazioni industriali. Progettata per un montaggio semplice e rapido, offre la possibilit\u00e0 di configurazioni speciali per esigenze operative complesse. La gru \u00e8 fornita completa di linea d'alimetazione e disponibile con carrello manuale a spinta.","prodotto_page_descrizione_titolo_vantaggi":"Vantaggi della gru a bandiera a mensola con braccio in profilato a canalina ","prodotto_page_descrizione_vantaggi":[{"titolo":"Nessun ingombro a terra","testo":"","link":"","archivio_prodotti":null},{"titolo":"Versatilit\u00e0 operativa","testo":"","link":"","archivio_prodotti":null},{"titolo":"Facile da utilizzare","testo":"","link":"","archivio_prodotti":null},{"titolo":"Ingombro limitato","testo":"","link":"","archivio_prodotti":null},{"titolo":"Corsa gancio aumentata","testo":"","link":"","archivio_prodotti":null},{"titolo":"Incremento della produttivit\u00e0 e sicurezza","testo":"","link":"","archivio_prodotti":null}],"prodotto_page_tabs_dati_tecnici":[{"etichetta":"Portata","valore":"125 kg - 1000 kg"},{"etichetta":"Sbraccio","valore":"Fino a 8 m in base alla portata"},{"etichetta":"Profilo sbraccio","valore":"Profilo pressopiegato a forma di omega"},{"etichetta":"Rotazione","valore":"180\u00b0 - 270\u00b0 in funzione dell'appoggio del pilastro"},{"etichetta":"Rotazione","valore":"Manuale"},{"etichetta":"Mensola","valore":"La mensola di sostegno, i tiranti e le controstaffe vengono costruite in base alle dimensioni del pilastro rischieste."},{"etichetta":"Paranco","valore":"Paranco elettrico a catena, per il sollevamento del carico, ad una o due velocit\u00e0 di sollevamento, con carrello di traslazione a spinta."},{"etichetta":"Dispositivo frenante","valore":"\u00c8 costituito da una frizione regolabile a vite che permette la regolazione dello sforzo di rotazione del braccio e ne assicura la stabilit\u00e0 di posizionamento."}],"prodotto_page_tabs_optionals":[{"titolo":"Verniciatura personalizzata","testo":"\u00c8 possibile personalizzare il colore della verniciatura per soddisfare necessit\u00e0 specifiche, esigenze di design o di branding.","immagine":null}],"prodotto_page_tabs_downloads":null,"prodotto_page_gallery":null,"prodotto_page_customer_story_titolo":"","prodotto_page_customer_story_list":"","prodotto_page_applicazioni_list":"- Agricoltura e Alimentare\r\n- Manifatturiero\r\n- Energetico\r\n- Edile e delle costruzioni\r\n- Tecnologie dell'informazione e ICT\r\n- Trasporti e logistica\r\n- Commercio al dettaglio\r\n- Culturale e dell'intrattenimento\r\n- Ambientale e della sostenibilit\u00e0\r\n- Ricerca e sviluppo\r\n- Arti e Artigianato","prodotto_page_faq_list":"","prodotto_page_testo_prodotti_correlati":"<h2>Prodotti correlati<\/h2>\r\nEsplora anche questi prodotti e trova altre soluzioni che fanno al caso tuo.","prodotto_page_lista_prodotti_correlati":"- MT\r\n- M2T\r\n- MS","prodotto_page_titolo_componenti_3d":"","prodotto_page_immagine_iniziale_componenti_3d":null,"prodotto_page_lista_componenti_3d":null,"prodotto_page_titolo_slider_configurazioni":"Prodotto e configurazioni","prodotto_page_lista_immgini_slider_configurazioni":[{"etichetta":"Attacco largo","immagine":13337},{"etichetta":"Vista dall'alto","immagine":13330},{"etichetta":"Prospettica","immagine":13344},{"etichetta":"Doppio braccio","immagine":13358},{"etichetta":"Attacco stretto","immagine":13351},{"etichetta":"Doppio braccio","immagine":13365}],"prodotto_page_titolo_slider_configurazioni_2":"<h2><\/h2>","prodotto_page_lista_immgini_slider_configurazioni_2":null,"seo_title":"Gru a bandiera a mensola portata 1000kg, con sbraccio 8m e rotazione 270\u00b0 | OMIS","seo_description":"La gru a bandiera a mensola con braccio profilato in canalina \u00e8 ideale per sollevamenti efficienti e sicuri in ambienti industriali, facile da montare e disponibile con carrello manuale. Sbraccio fino a 8 metri e rotazione di 270\u00b0, copre ampie aree di lavoro senza ingombro a terra. Si fissa a strutture esistenti, sfruttando lo spazio del pilastro. Scopri di pi\u00f9\r\n\r\n\r\n\r\n\r\n\r\n\r\n"},"yoast_head":"<!-- This site is optimized with the Yoast SEO plugin v23.9 - https:\/\/yoast.com\/wordpress\/plugins\/seo\/ -->\n<title>Gru a bandiera a mensola portata 1000kg, con sbraccio 8m e rotazione 270\u00b0 | OMIS<\/title>\n<meta name=\"description\" content=\"La gru a bandiera a mensola con braccio profilato in canalina \u00e8 ideale per sollevamenti efficienti e sicuri in ambienti industriali, facile da montare e disponibile con carrello manuale. Sbraccio fino a 8 metri e rotazione di 270\u00b0, copre ampie aree di lavoro senza ingombro a terra. Si fissa a strutture esistenti, sfruttando lo spazio del pilastro. Scopri di pi\u00f9\" \/>\n<meta name=\"robots\" content=\"index, follow, max-snippet:-1, max-image-preview:large, max-video-preview:-1\" \/>\n<meta property=\"og:locale\" content=\"it_IT\" \/>\n<meta property=\"og:type\" content=\"article\" \/>\n<meta property=\"og:title\" content=\"Gru a bandiera a mensola portata 1000kg, con sbraccio 8m e rotazione 270\u00b0 | OMIS\" \/>\n<meta property=\"og:description\" content=\"La gru a bandiera a mensola con braccio profilato in canalina \u00e8 ideale per sollevamenti efficienti e sicuri in ambienti industriali, facile da montare e disponibile con carrello manuale. Sbraccio fino a 8 metri e rotazione di 270\u00b0, copre ampie aree di lavoro senza ingombro a terra. Si fissa a strutture esistenti, sfruttando lo spazio del pilastro. Scopri di pi\u00f9\" \/>\n<meta property=\"og:url\" content=\"https:\/\/www.omis.net\/it-it\/prodotto\/gru-a-bandiera-a-mensola-con-braccio-in-profilato-a-canalina\/\" \/>\n<meta property=\"og:site_name\" content=\"OMIS\" \/>\n<meta property=\"article:publisher\" content=\"https:\/\/www.facebook.com\/omisgroup\" \/>\n<meta property=\"article:modified_time\" content=\"2025-02-03T13:44:04+00:00\" \/>\n<meta property=\"og:image\" content=\"https:\/\/media.omis.net\/media\/2024\/12\/profilejib-crane-m-125kg-front-3d-omis-scaled.webp\" \/>\n\t<meta property=\"og:image:width\" content=\"2560\" \/>\n\t<meta property=\"og:image:height\" content=\"1440\" \/>\n\t<meta property=\"og:image:type\" content=\"image\/webp\" \/>\n<meta name=\"twitter:card\" content=\"summary_large_image\" \/>\n<meta name=\"twitter:label1\" content=\"Est. reading time\" \/>\n\t<meta name=\"twitter:data1\" content=\"1 minute\" \/>\n<script type=\"application\/ld+json\" class=\"yoast-schema-graph\">{\"@context\":\"https:\/\/schema.org\",\"@graph\":[{\"@type\":\"WebPage\",\"@id\":\"https:\/\/www.omis.net\/it-it\/prodotto\/gru-a-bandiera-a-mensola-con-braccio-in-profilato-a-canalina\/\",\"url\":\"https:\/\/www.omis.net\/it-it\/prodotto\/gru-a-bandiera-a-mensola-con-braccio-in-profilato-a-canalina\/\",\"name\":\"Gru a bandiera a mensola portata 1000kg, con sbraccio 8m e rotazione 270\u00b0 | OMIS\",\"isPartOf\":{\"@id\":\"https:\/\/www.omis.net\/it-it\/#website\"},\"primaryImageOfPage\":{\"@id\":\"https:\/\/www.omis.net\/it-it\/prodotto\/gru-a-bandiera-a-mensola-con-braccio-in-profilato-a-canalina\/#primaryimage\"},\"image\":{\"@id\":\"https:\/\/www.omis.net\/it-it\/prodotto\/gru-a-bandiera-a-mensola-con-braccio-in-profilato-a-canalina\/#primaryimage\"},\"thumbnailUrl\":\"https:\/\/media.omis.net\/media\/2024\/12\/profilejib-crane-m-125kg-front-3d-omis-scaled.webp\",\"datePublished\":\"2024-12-18T09:59:07+00:00\",\"dateModified\":\"2025-02-03T13:44:04+00:00\",\"description\":\"La gru a bandiera a mensola con braccio profilato in canalina \u00e8 ideale per sollevamenti efficienti e sicuri in ambienti industriali, facile da montare e disponibile con carrello manuale. Sbraccio fino a 8 metri e rotazione di 270\u00b0, copre ampie aree di lavoro senza ingombro a terra. Si fissa a strutture esistenti, sfruttando lo spazio del pilastro. Scopri di pi\u00f9\",\"breadcrumb\":{\"@id\":\"https:\/\/www.omis.net\/it-it\/prodotto\/gru-a-bandiera-a-mensola-con-braccio-in-profilato-a-canalina\/#breadcrumb\"},\"inLanguage\":\"it-it\",\"potentialAction\":[{\"@type\":\"ReadAction\",\"target\":[\"https:\/\/www.omis.net\/it-it\/prodotto\/gru-a-bandiera-a-mensola-con-braccio-in-profilato-a-canalina\/\"]}]},{\"@type\":\"ImageObject\",\"inLanguage\":\"it-it\",\"@id\":\"https:\/\/www.omis.net\/it-it\/prodotto\/gru-a-bandiera-a-mensola-con-braccio-in-profilato-a-canalina\/#primaryimage\",\"url\":\"https:\/\/media.omis.net\/media\/2024\/12\/profilejib-crane-m-125kg-front-3d-omis-scaled.webp\",\"contentUrl\":\"https:\/\/media.omis.net\/media\/2024\/12\/profilejib-crane-m-125kg-front-3d-omis-scaled.webp\",\"width\":2560,\"height\":1440,\"caption\":\"header - Profilejib crane m 125kg front 3d Omis\"},{\"@type\":\"BreadcrumbList\",\"@id\":\"https:\/\/www.omis.net\/it-it\/prodotto\/gru-a-bandiera-a-mensola-con-braccio-in-profilato-a-canalina\/#breadcrumb\",\"itemListElement\":[{\"@type\":\"ListItem\",\"position\":1,\"name\":\"Home\",\"item\":\"https:\/\/www.omis.net\/it-it\/\"},{\"@type\":\"ListItem\",\"position\":2,\"name\":\"Gru a bandiera a mensola con braccio in profilato a canalina\"}]},{\"@type\":\"WebSite\",\"@id\":\"https:\/\/www.omis.net\/it-it\/#website\",\"url\":\"https:\/\/www.omis.net\/it-it\/\",\"name\":\"Omis Spa\",\"description\":\"Movimentazione e sollevamento\",\"publisher\":{\"@id\":\"https:\/\/www.omis.net\/it-it\/#organization\"},\"potentialAction\":[{\"@type\":\"SearchAction\",\"target\":{\"@type\":\"EntryPoint\",\"urlTemplate\":\"https:\/\/www.omis.net\/it-it\/?s={search_term_string}\"},\"query-input\":{\"@type\":\"PropertyValueSpecification\",\"valueRequired\":true,\"valueName\":\"search_term_string\"}}],\"inLanguage\":\"it-it\"},{\"@type\":\"Organization\",\"@id\":\"https:\/\/www.omis.net\/it-it\/#organization\",\"name\":\"Omis Spa\",\"url\":\"https:\/\/www.omis.net\/it-it\/\",\"logo\":{\"@type\":\"ImageObject\",\"inLanguage\":\"it-it\",\"@id\":\"https:\/\/www.omis.net\/it-it\/#\/schema\/logo\/image\/\",\"url\":\"https:\/\/media.omis.net\/media\/2024\/08\/logo.jpg\",\"contentUrl\":\"https:\/\/media.omis.net\/media\/2024\/08\/logo.jpg\",\"width\":300,\"height\":300,\"caption\":\"Omis Spa\"},\"image\":{\"@id\":\"https:\/\/www.omis.net\/it-it\/#\/schema\/logo\/image\/\"},\"sameAs\":[\"https:\/\/www.facebook.com\/omisgroup\",\"https:\/\/www.linkedin.com\/company\/omis-group\",\"https:\/\/www.youtube.com\/channel\/UCS4L59XDk3kKBI9MnjuxWDw\",\"https:\/\/www.instagram.com\/omisgroup\"]}]}<\/script>\n<!-- \/ Yoast SEO plugin. -->","yoast_head_json":{"title":"Gru a bandiera a mensola portata 1000kg, con sbraccio 8m e rotazione 270\u00b0 | OMIS","description":"La gru a bandiera a mensola con braccio profilato in canalina \u00e8 ideale per sollevamenti efficienti e sicuri in ambienti industriali, facile da montare e disponibile con carrello manuale. Sbraccio fino a 8 metri e rotazione di 270\u00b0, copre ampie aree di lavoro senza ingombro a terra. Si fissa a strutture esistenti, sfruttando lo spazio del pilastro. Scopri di pi\u00f9","robots":{"index":"index","follow":"follow","max-snippet":"max-snippet:-1","max-image-preview":"max-image-preview:large","max-video-preview":"max-video-preview:-1"},"og_locale":"it_IT","og_type":"article","og_title":"Gru a bandiera a mensola portata 1000kg, con sbraccio 8m e rotazione 270\u00b0 | OMIS","og_description":"La gru a bandiera a mensola con braccio profilato in canalina \u00e8 ideale per sollevamenti efficienti e sicuri in ambienti industriali, facile da montare e disponibile con carrello manuale. Sbraccio fino a 8 metri e rotazione di 270\u00b0, copre ampie aree di lavoro senza ingombro a terra. Si fissa a strutture esistenti, sfruttando lo spazio del pilastro. Scopri di pi\u00f9","og_url":"https:\/\/www.omis.net\/it-it\/prodotto\/gru-a-bandiera-a-mensola-con-braccio-in-profilato-a-canalina\/","og_site_name":"OMIS","article_publisher":"https:\/\/www.facebook.com\/omisgroup","article_modified_time":"2025-02-03T13:44:04+00:00","og_image":[{"width":2560,"height":1440,"url":"https:\/\/media.omis.net\/media\/2024\/12\/profilejib-crane-m-125kg-front-3d-omis-scaled.webp","type":"image\/webp"}],"twitter_card":"summary_large_image","twitter_misc":{"Est. reading time":"1 minute"},"schema":{"@context":"https:\/\/schema.org","@graph":[{"@type":"WebPage","@id":"https:\/\/www.omis.net\/it-it\/prodotto\/gru-a-bandiera-a-mensola-con-braccio-in-profilato-a-canalina\/","url":"https:\/\/www.omis.net\/it-it\/prodotto\/gru-a-bandiera-a-mensola-con-braccio-in-profilato-a-canalina\/","name":"Gru a bandiera a mensola portata 1000kg, con sbraccio 8m e rotazione 270\u00b0 | OMIS","isPartOf":{"@id":"https:\/\/www.omis.net\/it-it\/#website"},"primaryImageOfPage":{"@id":"https:\/\/www.omis.net\/it-it\/prodotto\/gru-a-bandiera-a-mensola-con-braccio-in-profilato-a-canalina\/#primaryimage"},"image":{"@id":"https:\/\/www.omis.net\/it-it\/prodotto\/gru-a-bandiera-a-mensola-con-braccio-in-profilato-a-canalina\/#primaryimage"},"thumbnailUrl":"https:\/\/media.omis.net\/media\/2024\/12\/profilejib-crane-m-125kg-front-3d-omis-scaled.webp","datePublished":"2024-12-18T09:59:07+00:00","dateModified":"2025-02-03T13:44:04+00:00","description":"La gru a bandiera a mensola con braccio profilato in canalina \u00e8 ideale per sollevamenti efficienti e sicuri in ambienti industriali, facile da montare e disponibile con carrello manuale. Sbraccio fino a 8 metri e rotazione di 270\u00b0, copre ampie aree di lavoro senza ingombro a terra. Si fissa a strutture esistenti, sfruttando lo spazio del pilastro. Scopri di pi\u00f9","breadcrumb":{"@id":"https:\/\/www.omis.net\/it-it\/prodotto\/gru-a-bandiera-a-mensola-con-braccio-in-profilato-a-canalina\/#breadcrumb"},"inLanguage":"it-it","potentialAction":[{"@type":"ReadAction","target":["https:\/\/www.omis.net\/it-it\/prodotto\/gru-a-bandiera-a-mensola-con-braccio-in-profilato-a-canalina\/"]}]},{"@type":"ImageObject","inLanguage":"it-it","@id":"https:\/\/www.omis.net\/it-it\/prodotto\/gru-a-bandiera-a-mensola-con-braccio-in-profilato-a-canalina\/#primaryimage","url":"https:\/\/media.omis.net\/media\/2024\/12\/profilejib-crane-m-125kg-front-3d-omis-scaled.webp","contentUrl":"https:\/\/media.omis.net\/media\/2024\/12\/profilejib-crane-m-125kg-front-3d-omis-scaled.webp","width":2560,"height":1440,"caption":"header - Profilejib crane m 125kg front 3d Omis"},{"@type":"BreadcrumbList","@id":"https:\/\/www.omis.net\/it-it\/prodotto\/gru-a-bandiera-a-mensola-con-braccio-in-profilato-a-canalina\/#breadcrumb","itemListElement":[{"@type":"ListItem","position":1,"name":"Home","item":"https:\/\/www.omis.net\/it-it\/"},{"@type":"ListItem","position":2,"name":"Gru a bandiera a mensola con braccio in profilato a canalina"}]},{"@type":"WebSite","@id":"https:\/\/www.omis.net\/it-it\/#website","url":"https:\/\/www.omis.net\/it-it\/","name":"Omis Spa","description":"Movimentazione e sollevamento","publisher":{"@id":"https:\/\/www.omis.net\/it-it\/#organization"},"potentialAction":[{"@type":"SearchAction","target":{"@type":"EntryPoint","urlTemplate":"https:\/\/www.omis.net\/it-it\/?s={search_term_string}"},"query-input":{"@type":"PropertyValueSpecification","valueRequired":true,"valueName":"search_term_string"}}],"inLanguage":"it-it"},{"@type":"Organization","@id":"https:\/\/www.omis.net\/it-it\/#organization","name":"Omis Spa","url":"https:\/\/www.omis.net\/it-it\/","logo":{"@type":"ImageObject","inLanguage":"it-it","@id":"https:\/\/www.omis.net\/it-it\/#\/schema\/logo\/image\/","url":"https:\/\/media.omis.net\/media\/2024\/08\/logo.jpg","contentUrl":"https:\/\/media.omis.net\/media\/2024\/08\/logo.jpg","width":300,"height":300,"caption":"Omis Spa"},"image":{"@id":"https:\/\/www.omis.net\/it-it\/#\/schema\/logo\/image\/"},"sameAs":["https:\/\/www.facebook.com\/omisgroup","https:\/\/www.linkedin.com\/company\/omis-group","https:\/\/www.youtube.com\/channel\/UCS4L59XDk3kKBI9MnjuxWDw","https:\/\/www.instagram.com\/omisgroup"]}]}},"_links":{"self":[{"href":"https:\/\/www.omis.net\/it-it\/wp-json\/wp\/v2\/product\/3573"}],"collection":[{"href":"https:\/\/www.omis.net\/it-it\/wp-json\/wp\/v2\/product"}],"about":[{"href":"https:\/\/www.omis.net\/it-it\/wp-json\/wp\/v2\/types\/product"}],"acf:attachment":[{"embeddable":true,"href":"https:\/\/www.omis.net\/it-it\/wp-json\/wp\/v2\/media\/13323"},{"embeddable":true,"href":"https:\/\/www.omis.net\/it-it\/wp-json\/wp\/v2\/media\/13316"}],"wp:featuredmedia":[{"embeddable":true,"href":"https:\/\/www.omis.net\/it-it\/wp-json\/wp\/v2\/media\/13372"}],"wp:attachment":[{"href":"https:\/\/www.omis.net\/it-it\/wp-json\/wp\/v2\/media?parent=3573"}],"wp:term":[{"taxonomy":"caratteristica-prodotto","embeddable":true,"href":"https:\/\/www.omis.net\/it-it\/wp-json\/wp\/v2\/caratteristica-prodotto?post=3573"},{"taxonomy":"tipologia-prodotto","embeddable":true,"href":"https:\/\/www.omis.net\/it-it\/wp-json\/wp\/v2\/tipologia-prodotto?post=3573"}],"curies":[{"name":"wp","href":"https:\/\/api.w.org\/{rel}","templated":true}]}}