{"id":3572,"date":"2024-12-18T10:58:40","date_gmt":"2024-12-18T09:58:40","guid":{"rendered":"http:\/\/bedrock.local\/product\/be\/"},"modified":"2025-02-03T12:18:51","modified_gmt":"2025-02-03T11:18:51","slug":"gru-a-bandiera-a-colonna-con-braccio-in-trave-a-sbalzo-e-rotazione-elettrica-360-su-ralla","status":"publish","type":"product","link":"https:\/\/www.omis.net\/it-it\/prodotto\/gru-a-bandiera-a-colonna-con-braccio-in-trave-a-sbalzo-e-rotazione-elettrica-360-su-ralla\/","title":{"rendered":"Gru a bandiera a colonna con braccio in trave a sbalzo e rotazione elettrica 360\u00b0 su ralla"},"content":{"rendered":"","protected":false},"featured_media":16183,"parent":0,"template":"","caratteristica-prodotto":[79],"tipologia-prodotto":[49,62,489],"class_list":["post-3572","product","type-product","status-publish","has-post-thumbnail","hentry","caratteristica-prodotto-rotazione-elettrica","tipologia-prodotto-gru-per-postazioni-di-lavoro","tipologia-prodotto-gru-a-bandiera","tipologia-prodotto-a-colonna"],"acf":{"import_csv_id":"23","prodotto_generale_sku":"BE","prodotto_listing_card_descrizione":"La gru a bandiera con rotazione elettrica 360\u00b0 solleva e movimenta carichi pesanti assicurando, grazie al braccio in trave a sbalzo e al collettore rotante di alimentazione, continuit\u00e0 di movimento e stabilit\u00e0 torsionale. ","prodotto_listing_card_caratteristiche":null,"prodotto_page_gradient_hero":false,"prodotto_page_titolo_hero":"Rotazione elettrica continua, massima stabilit\u00e0 torsionale.","prodotto_page_gallery_hero":[12433],"prodotto_page_descrizione_3_colonne_posizione":false,"prodotto_page_descrizione_3_colonne":[{"valore":"10","unita_di_misura":"t","etichetta":"Portata massima"},{"valore":"10","unita_di_misura":"m","etichetta":"Sbraccio massimo"},{"valore":"360\u00b0","unita_di_misura":"","etichetta":"Rotazione"}],"prodotto_page_descrizione_titolo":"Gru a bandiera a colonna con braccio in trave a sbalzo e rotazione elettrica 360\u00b0","prodotto_page_descrizione_3_colonne_testo":"<strong>La gru a bandiera con rotazione elettrica continua di 360\u00b0, a sbalzo o a cassone, rappresenta una soluzione tecnologicamente avanzata e altamente efficiente per la gestione di carichi pesanti, migliorando notevolmente la flessibilit\u00e0 operativa rispetto alle gru tradizionali che offrono una rotazione limitata a 270\u00b0.<\/strong>\r\n\r\nDotata di un robusto braccio in trave profilata a doppio T, questa gru \u00e8 stata progettata per eseguire con precisione movimenti di sollevamento, traslazione e movimentazione di oggetti e materiali in una variet\u00e0 di contesti industriali.\r\nIl design innovativo include un sistema di rotazione elettrica che permette al braccio di ruotare in modo continuo e senza interruzioni, una caratteristica essenziale per operazioni complesse e per ottimizzare i tempi di movimentazione. Il meccanismo di rotazione \u00e8 facilitato da un collettore rotante di alimentazione che, oltre a sostenere il movimento ininterrotto, garantisce anche l'affidabilit\u00e0 e la sicurezza dell'operazione, prevenendo problemi comuni come il groviglio dei cavi di alimentazione.\r\nLa capacit\u00e0 di rotazione a 360\u00b0 continua rende questa gru particolarmente adatta per ambienti di lavoro dove lo spazio \u00e8 limitato e la necessit\u00e0 di movimentare carichi in modo rapido e sicuro \u00e8 cruciale. Inoltre, l'autonomia operativa che offre questa gru riduce la dipendenza da altri sistemi di sollevamento, come gru a ponte o carrelli elevatori, che non solo sono pi\u00f9 costosi da mantenere, ma anche meno versatili in termini di movimentazione all'interno delle aree di lavoro.\r\nL'uso della gru a bandiera con rotazione elettrica di 360\u00b0 pu\u00f2 portare a significative riduzioni dei costi operativi, specialmente nel risparmio di tempo e nella riduzione del personale necessario per gestire le operazioni di sollevamento. Questa riduzione della forza lavoro non compromette la produttivit\u00e0, anzi, la incrementa grazie all'efficienza e velocit\u00e0 di operazione della gru. Gli operatori possono contare su un meccanismo di controllo intuitivo che facilita l'uso sicuro della macchina, riducendo il rischio di incidenti e migliorando l'efficienza generale.\r\nL'installazione di questa gru non solo migliora le operazioni di sollevamento ma contribuisce anche a una maggiore organizzazione dello spazio di lavoro, permettendo una migliore pianificazione e utilizzo delle aree produttive. Con questa soluzione, le aziende possono ottimizzare i loro processi logistici e produttivi, garantendo al contempo la sicurezza e la soddisfazione dei loro operatori.","prodotto_page_descrizione_titolo_vantaggi":"Vantaggi della gru a bandiera a colonna con braccio in trave a sbalzo e rotazione elettrica 360\u00b0 su ralla","prodotto_page_descrizione_vantaggi":[{"titolo":"Operativit\u00e0 a 360\u00b0","testo":"","link":"","archivio_prodotti":null},{"titolo":"Massima stabilit\u00e0 torsionale","testo":"","link":"","archivio_prodotti":null},{"titolo":"Rotazione continua del braccio","testo":"","link":"","archivio_prodotti":null},{"titolo":"Versatilit\u00e0 operativa","testo":"","link":"","archivio_prodotti":null},{"titolo":"Facile da utilizzare","testo":"","link":"","archivio_prodotti":null},{"titolo":"Incremento della produttivit\u00e0 e sicurezza","testo":"","link":"","archivio_prodotti":null}],"prodotto_page_tabs_dati_tecnici":[{"etichetta":"Portata","valore":"125 kg - 10000 kg"},{"etichetta":"Sbraccio","valore":"Fino a 10 m in base alla portata"},{"etichetta":"Profilo sbraccio","valore":"Profilo con trave a doppio T o a cassone"},{"etichetta":"Rotazione","valore":"360\u00b0 continua"},{"etichetta":"Rotazione","valore":"Elettrica"},{"etichetta":"Velocit\u00e0 periferica","valore":"~18 m\/min"},{"etichetta":"Colonna","valore":"Tubo in acciaio a sezione circolare. Presenta ad un\u2019estremit\u00e0 una piastra di base forata per il fissaggio alla base mediante tasselli chimici o tirafondi e dall\u2019altra due piastre, una di testa ed un\u2019intermedia, per sostenere il braccio."},{"etichetta":"Paranco","valore":"Paranco elettrico a catena o a fune, per il sollevamento del carico, ad una o due velocit\u00e0 di sollevamento, con carrello di traslazione elettrico o a spinta."},{"etichetta":"Dispositivo frenante","valore":"\u00c8 costituito da una frizione regolabile a vite che permette la regolazione dello sforzo di rotazione del braccio e ne assicura la stabilit\u00e0 di posizionamento."}],"prodotto_page_tabs_optionals":[{"titolo":"Verniciatura personalizzata","testo":"\u00c8 possibile personalizzare il colore della verniciatura per soddisfare necessit\u00e0 specifiche, esigenze di design o di branding.","immagine":null}],"prodotto_page_tabs_downloads":null,"prodotto_page_gallery":[12455,12441,12448],"prodotto_page_customer_story_titolo":"","prodotto_page_customer_story_list":"","prodotto_page_applicazioni_list":"- Agricoltura e Alimentare\r\n- Manifatturiero\r\n- Energetico\r\n- Edile e delle costruzioni\r\n- Tecnologie dell'informazione e ICT\r\n- Trasporti e logistica\r\n- Commercio al dettaglio\r\n- Culturale e dell'intrattenimento\r\n- Ambientale e della sostenibilit\u00e0\r\n- Ricerca e sviluppo\r\n- Arti e Artigianato","prodotto_page_faq_list":"","prodotto_page_testo_prodotti_correlati":"<h2>Prodotti correlati<\/h2>\r\nEsplora anche questi prodotti e trova altre soluzioni che fanno al caso tuo.","prodotto_page_lista_prodotti_correlati":"- BE\r\n- BILIF\r\n- BILIS","prodotto_page_titolo_componenti_3d":"","prodotto_page_immagine_iniziale_componenti_3d":null,"prodotto_page_lista_componenti_3d":null,"prodotto_page_titolo_slider_configurazioni":"Prodotto e configurazioni","prodotto_page_lista_immgini_slider_configurazioni":[{"etichetta":"Vista frontale","immagine":12462},{"etichetta":"Vista dall'alto","immagine":12483},{"etichetta":"Prospettica","immagine":12476},{"etichetta":"Dettaglio","immagine":12469}],"prodotto_page_titolo_slider_configurazioni_2":"<h2><\/h2>","prodotto_page_lista_immgini_slider_configurazioni_2":null,"seo_title":"Gru a bandiera a colonna a rotazione elettrica continua a 360\u00b0 | OMIS","seo_description":"La gru a bandiera con rotazione elettrica continua di 360\u00b0 \u00e8 una soluzione avanzata per gestire carichi pesanti, migliorando la flessibilit\u00e0 rispetto alle gru tradizionali con rotazione limitata a 270\u00b0 supportata da un collettore rotante. Con un robusto braccio in trave a doppio T, consente movimenti precisi in contesti industriali. Scopri di pi\u00f9."},"yoast_head":"<!-- This site is optimized with the Yoast SEO plugin v23.9 - https:\/\/yoast.com\/wordpress\/plugins\/seo\/ -->\n<title>Gru a bandiera a colonna a rotazione elettrica continua a 360\u00b0 | OMIS<\/title>\n<meta name=\"description\" content=\"La gru a bandiera con rotazione elettrica continua di 360\u00b0 \u00e8 una soluzione avanzata per gestire carichi pesanti, migliorando la flessibilit\u00e0 rispetto alle gru tradizionali con rotazione limitata a 270\u00b0 supportata da un collettore rotante. Con un robusto braccio in trave a doppio T, consente movimenti precisi in contesti industriali. Scopri di pi\u00f9.\" \/>\n<meta name=\"robots\" content=\"index, follow, max-snippet:-1, max-image-preview:large, max-video-preview:-1\" \/>\n<meta property=\"og:locale\" content=\"it_IT\" \/>\n<meta property=\"og:type\" content=\"article\" \/>\n<meta property=\"og:title\" content=\"Gru a bandiera a colonna a rotazione elettrica continua a 360\u00b0 | OMIS\" \/>\n<meta property=\"og:description\" content=\"La gru a bandiera con rotazione elettrica continua di 360\u00b0 \u00e8 una soluzione avanzata per gestire carichi pesanti, migliorando la flessibilit\u00e0 rispetto alle gru tradizionali con rotazione limitata a 270\u00b0 supportata da un collettore rotante. Con un robusto braccio in trave a doppio T, consente movimenti precisi in contesti industriali. Scopri di pi\u00f9.\" \/>\n<meta property=\"og:url\" content=\"https:\/\/www.omis.net\/it-it\/prodotto\/gru-a-bandiera-a-colonna-con-braccio-in-trave-a-sbalzo-e-rotazione-elettrica-360-su-ralla\/\" \/>\n<meta property=\"og:site_name\" content=\"OMIS\" \/>\n<meta property=\"article:publisher\" content=\"https:\/\/www.facebook.com\/omisgroup\" \/>\n<meta property=\"article:modified_time\" content=\"2025-02-03T11:18:51+00:00\" \/>\n<meta property=\"og:image\" content=\"https:\/\/media.omis.net\/media\/2024\/12\/jib-crane-be-box-type-5000kg-front-3d-omis-scaled.webp\" \/>\n\t<meta property=\"og:image:width\" content=\"2560\" \/>\n\t<meta property=\"og:image:height\" content=\"1440\" \/>\n\t<meta property=\"og:image:type\" content=\"image\/webp\" \/>\n<meta name=\"twitter:card\" content=\"summary_large_image\" \/>\n<meta name=\"twitter:label1\" content=\"Est. reading time\" \/>\n\t<meta name=\"twitter:data1\" content=\"1 minute\" \/>\n<script type=\"application\/ld+json\" class=\"yoast-schema-graph\">{\"@context\":\"https:\/\/schema.org\",\"@graph\":[{\"@type\":\"WebPage\",\"@id\":\"https:\/\/www.omis.net\/it-it\/prodotto\/gru-a-bandiera-a-colonna-con-braccio-in-trave-a-sbalzo-e-rotazione-elettrica-360-su-ralla\/\",\"url\":\"https:\/\/www.omis.net\/it-it\/prodotto\/gru-a-bandiera-a-colonna-con-braccio-in-trave-a-sbalzo-e-rotazione-elettrica-360-su-ralla\/\",\"name\":\"Gru a bandiera a colonna a rotazione elettrica continua a 360\u00b0 | OMIS\",\"isPartOf\":{\"@id\":\"https:\/\/www.omis.net\/it-it\/#website\"},\"primaryImageOfPage\":{\"@id\":\"https:\/\/www.omis.net\/it-it\/prodotto\/gru-a-bandiera-a-colonna-con-braccio-in-trave-a-sbalzo-e-rotazione-elettrica-360-su-ralla\/#primaryimage\"},\"image\":{\"@id\":\"https:\/\/www.omis.net\/it-it\/prodotto\/gru-a-bandiera-a-colonna-con-braccio-in-trave-a-sbalzo-e-rotazione-elettrica-360-su-ralla\/#primaryimage\"},\"thumbnailUrl\":\"https:\/\/media.omis.net\/media\/2024\/12\/jib-crane-be-box-type-5000kg-front-3d-omis-scaled.webp\",\"datePublished\":\"2024-12-18T09:58:40+00:00\",\"dateModified\":\"2025-02-03T11:18:51+00:00\",\"description\":\"La gru a bandiera con rotazione elettrica continua di 360\u00b0 \u00e8 una soluzione avanzata per gestire carichi pesanti, migliorando la flessibilit\u00e0 rispetto alle gru tradizionali con rotazione limitata a 270\u00b0 supportata da un collettore rotante. Con un robusto braccio in trave a doppio T, consente movimenti precisi in contesti industriali. Scopri di pi\u00f9.\",\"breadcrumb\":{\"@id\":\"https:\/\/www.omis.net\/it-it\/prodotto\/gru-a-bandiera-a-colonna-con-braccio-in-trave-a-sbalzo-e-rotazione-elettrica-360-su-ralla\/#breadcrumb\"},\"inLanguage\":\"it-it\",\"potentialAction\":[{\"@type\":\"ReadAction\",\"target\":[\"https:\/\/www.omis.net\/it-it\/prodotto\/gru-a-bandiera-a-colonna-con-braccio-in-trave-a-sbalzo-e-rotazione-elettrica-360-su-ralla\/\"]}]},{\"@type\":\"ImageObject\",\"inLanguage\":\"it-it\",\"@id\":\"https:\/\/www.omis.net\/it-it\/prodotto\/gru-a-bandiera-a-colonna-con-braccio-in-trave-a-sbalzo-e-rotazione-elettrica-360-su-ralla\/#primaryimage\",\"url\":\"https:\/\/media.omis.net\/media\/2024\/12\/jib-crane-be-box-type-5000kg-front-3d-omis-scaled.webp\",\"contentUrl\":\"https:\/\/media.omis.net\/media\/2024\/12\/jib-crane-be-box-type-5000kg-front-3d-omis-scaled.webp\",\"width\":2560,\"height\":1440,\"caption\":\"products and configurations - Jib crane be box type 5000kg front 3d Omis\"},{\"@type\":\"BreadcrumbList\",\"@id\":\"https:\/\/www.omis.net\/it-it\/prodotto\/gru-a-bandiera-a-colonna-con-braccio-in-trave-a-sbalzo-e-rotazione-elettrica-360-su-ralla\/#breadcrumb\",\"itemListElement\":[{\"@type\":\"ListItem\",\"position\":1,\"name\":\"Home\",\"item\":\"https:\/\/www.omis.net\/it-it\/\"},{\"@type\":\"ListItem\",\"position\":2,\"name\":\"Gru a bandiera a colonna con braccio in trave a sbalzo e rotazione elettrica 360\u00b0 su ralla\"}]},{\"@type\":\"WebSite\",\"@id\":\"https:\/\/www.omis.net\/it-it\/#website\",\"url\":\"https:\/\/www.omis.net\/it-it\/\",\"name\":\"Omis Spa\",\"description\":\"Movimentazione e sollevamento\",\"publisher\":{\"@id\":\"https:\/\/www.omis.net\/it-it\/#organization\"},\"potentialAction\":[{\"@type\":\"SearchAction\",\"target\":{\"@type\":\"EntryPoint\",\"urlTemplate\":\"https:\/\/www.omis.net\/it-it\/?s={search_term_string}\"},\"query-input\":{\"@type\":\"PropertyValueSpecification\",\"valueRequired\":true,\"valueName\":\"search_term_string\"}}],\"inLanguage\":\"it-it\"},{\"@type\":\"Organization\",\"@id\":\"https:\/\/www.omis.net\/it-it\/#organization\",\"name\":\"Omis Spa\",\"url\":\"https:\/\/www.omis.net\/it-it\/\",\"logo\":{\"@type\":\"ImageObject\",\"inLanguage\":\"it-it\",\"@id\":\"https:\/\/www.omis.net\/it-it\/#\/schema\/logo\/image\/\",\"url\":\"https:\/\/media.omis.net\/media\/2024\/08\/logo.jpg\",\"contentUrl\":\"https:\/\/media.omis.net\/media\/2024\/08\/logo.jpg\",\"width\":300,\"height\":300,\"caption\":\"Omis Spa\"},\"image\":{\"@id\":\"https:\/\/www.omis.net\/it-it\/#\/schema\/logo\/image\/\"},\"sameAs\":[\"https:\/\/www.facebook.com\/omisgroup\",\"https:\/\/www.linkedin.com\/company\/omis-group\",\"https:\/\/www.youtube.com\/channel\/UCS4L59XDk3kKBI9MnjuxWDw\",\"https:\/\/www.instagram.com\/omisgroup\"]}]}<\/script>\n<!-- \/ Yoast SEO plugin. -->","yoast_head_json":{"title":"Gru a bandiera a colonna a rotazione elettrica continua a 360\u00b0 | OMIS","description":"La gru a bandiera con rotazione elettrica continua di 360\u00b0 \u00e8 una soluzione avanzata per gestire carichi pesanti, migliorando la flessibilit\u00e0 rispetto alle gru tradizionali con rotazione limitata a 270\u00b0 supportata da un collettore rotante. Con un robusto braccio in trave a doppio T, consente movimenti precisi in contesti industriali. Scopri di pi\u00f9.","robots":{"index":"index","follow":"follow","max-snippet":"max-snippet:-1","max-image-preview":"max-image-preview:large","max-video-preview":"max-video-preview:-1"},"og_locale":"it_IT","og_type":"article","og_title":"Gru a bandiera a colonna a rotazione elettrica continua a 360\u00b0 | OMIS","og_description":"La gru a bandiera con rotazione elettrica continua di 360\u00b0 \u00e8 una soluzione avanzata per gestire carichi pesanti, migliorando la flessibilit\u00e0 rispetto alle gru tradizionali con rotazione limitata a 270\u00b0 supportata da un collettore rotante. Con un robusto braccio in trave a doppio T, consente movimenti precisi in contesti industriali. Scopri di pi\u00f9.","og_url":"https:\/\/www.omis.net\/it-it\/prodotto\/gru-a-bandiera-a-colonna-con-braccio-in-trave-a-sbalzo-e-rotazione-elettrica-360-su-ralla\/","og_site_name":"OMIS","article_publisher":"https:\/\/www.facebook.com\/omisgroup","article_modified_time":"2025-02-03T11:18:51+00:00","og_image":[{"width":2560,"height":1440,"url":"https:\/\/media.omis.net\/media\/2024\/12\/jib-crane-be-box-type-5000kg-front-3d-omis-scaled.webp","type":"image\/webp"}],"twitter_card":"summary_large_image","twitter_misc":{"Est. reading time":"1 minute"},"schema":{"@context":"https:\/\/schema.org","@graph":[{"@type":"WebPage","@id":"https:\/\/www.omis.net\/it-it\/prodotto\/gru-a-bandiera-a-colonna-con-braccio-in-trave-a-sbalzo-e-rotazione-elettrica-360-su-ralla\/","url":"https:\/\/www.omis.net\/it-it\/prodotto\/gru-a-bandiera-a-colonna-con-braccio-in-trave-a-sbalzo-e-rotazione-elettrica-360-su-ralla\/","name":"Gru a bandiera a colonna a rotazione elettrica continua a 360\u00b0 | OMIS","isPartOf":{"@id":"https:\/\/www.omis.net\/it-it\/#website"},"primaryImageOfPage":{"@id":"https:\/\/www.omis.net\/it-it\/prodotto\/gru-a-bandiera-a-colonna-con-braccio-in-trave-a-sbalzo-e-rotazione-elettrica-360-su-ralla\/#primaryimage"},"image":{"@id":"https:\/\/www.omis.net\/it-it\/prodotto\/gru-a-bandiera-a-colonna-con-braccio-in-trave-a-sbalzo-e-rotazione-elettrica-360-su-ralla\/#primaryimage"},"thumbnailUrl":"https:\/\/media.omis.net\/media\/2024\/12\/jib-crane-be-box-type-5000kg-front-3d-omis-scaled.webp","datePublished":"2024-12-18T09:58:40+00:00","dateModified":"2025-02-03T11:18:51+00:00","description":"La gru a bandiera con rotazione elettrica continua di 360\u00b0 \u00e8 una soluzione avanzata per gestire carichi pesanti, migliorando la flessibilit\u00e0 rispetto alle gru tradizionali con rotazione limitata a 270\u00b0 supportata da un collettore rotante. Con un robusto braccio in trave a doppio T, consente movimenti precisi in contesti industriali. Scopri di pi\u00f9.","breadcrumb":{"@id":"https:\/\/www.omis.net\/it-it\/prodotto\/gru-a-bandiera-a-colonna-con-braccio-in-trave-a-sbalzo-e-rotazione-elettrica-360-su-ralla\/#breadcrumb"},"inLanguage":"it-it","potentialAction":[{"@type":"ReadAction","target":["https:\/\/www.omis.net\/it-it\/prodotto\/gru-a-bandiera-a-colonna-con-braccio-in-trave-a-sbalzo-e-rotazione-elettrica-360-su-ralla\/"]}]},{"@type":"ImageObject","inLanguage":"it-it","@id":"https:\/\/www.omis.net\/it-it\/prodotto\/gru-a-bandiera-a-colonna-con-braccio-in-trave-a-sbalzo-e-rotazione-elettrica-360-su-ralla\/#primaryimage","url":"https:\/\/media.omis.net\/media\/2024\/12\/jib-crane-be-box-type-5000kg-front-3d-omis-scaled.webp","contentUrl":"https:\/\/media.omis.net\/media\/2024\/12\/jib-crane-be-box-type-5000kg-front-3d-omis-scaled.webp","width":2560,"height":1440,"caption":"products and configurations - Jib crane be box type 5000kg front 3d Omis"},{"@type":"BreadcrumbList","@id":"https:\/\/www.omis.net\/it-it\/prodotto\/gru-a-bandiera-a-colonna-con-braccio-in-trave-a-sbalzo-e-rotazione-elettrica-360-su-ralla\/#breadcrumb","itemListElement":[{"@type":"ListItem","position":1,"name":"Home","item":"https:\/\/www.omis.net\/it-it\/"},{"@type":"ListItem","position":2,"name":"Gru a bandiera a colonna con braccio in trave a sbalzo e rotazione elettrica 360\u00b0 su ralla"}]},{"@type":"WebSite","@id":"https:\/\/www.omis.net\/it-it\/#website","url":"https:\/\/www.omis.net\/it-it\/","name":"Omis Spa","description":"Movimentazione e sollevamento","publisher":{"@id":"https:\/\/www.omis.net\/it-it\/#organization"},"potentialAction":[{"@type":"SearchAction","target":{"@type":"EntryPoint","urlTemplate":"https:\/\/www.omis.net\/it-it\/?s={search_term_string}"},"query-input":{"@type":"PropertyValueSpecification","valueRequired":true,"valueName":"search_term_string"}}],"inLanguage":"it-it"},{"@type":"Organization","@id":"https:\/\/www.omis.net\/it-it\/#organization","name":"Omis Spa","url":"https:\/\/www.omis.net\/it-it\/","logo":{"@type":"ImageObject","inLanguage":"it-it","@id":"https:\/\/www.omis.net\/it-it\/#\/schema\/logo\/image\/","url":"https:\/\/media.omis.net\/media\/2024\/08\/logo.jpg","contentUrl":"https:\/\/media.omis.net\/media\/2024\/08\/logo.jpg","width":300,"height":300,"caption":"Omis Spa"},"image":{"@id":"https:\/\/www.omis.net\/it-it\/#\/schema\/logo\/image\/"},"sameAs":["https:\/\/www.facebook.com\/omisgroup","https:\/\/www.linkedin.com\/company\/omis-group","https:\/\/www.youtube.com\/channel\/UCS4L59XDk3kKBI9MnjuxWDw","https:\/\/www.instagram.com\/omisgroup"]}]}},"_links":{"self":[{"href":"https:\/\/www.omis.net\/it-it\/wp-json\/wp\/v2\/product\/3572"}],"collection":[{"href":"https:\/\/www.omis.net\/it-it\/wp-json\/wp\/v2\/product"}],"about":[{"href":"https:\/\/www.omis.net\/it-it\/wp-json\/wp\/v2\/types\/product"}],"acf:attachment":[{"embeddable":true,"href":"https:\/\/www.omis.net\/it-it\/wp-json\/wp\/v2\/media\/12448"},{"embeddable":true,"href":"https:\/\/www.omis.net\/it-it\/wp-json\/wp\/v2\/media\/12441"},{"embeddable":true,"href":"https:\/\/www.omis.net\/it-it\/wp-json\/wp\/v2\/media\/12455"},{"embeddable":true,"href":"https:\/\/www.omis.net\/it-it\/wp-json\/wp\/v2\/media\/12433"}],"wp:featuredmedia":[{"embeddable":true,"href":"https:\/\/www.omis.net\/it-it\/wp-json\/wp\/v2\/media\/16183"}],"wp:attachment":[{"href":"https:\/\/www.omis.net\/it-it\/wp-json\/wp\/v2\/media?parent=3572"}],"wp:term":[{"taxonomy":"caratteristica-prodotto","embeddable":true,"href":"https:\/\/www.omis.net\/it-it\/wp-json\/wp\/v2\/caratteristica-prodotto?post=3572"},{"taxonomy":"tipologia-prodotto","embeddable":true,"href":"https:\/\/www.omis.net\/it-it\/wp-json\/wp\/v2\/tipologia-prodotto?post=3572"}],"curies":[{"name":"wp","href":"https:\/\/api.w.org\/{rel}","templated":true}]}}