{"id":3570,"date":"2024-12-18T10:57:46","date_gmt":"2024-12-18T09:57:46","guid":{"rendered":"http:\/\/bedrock.local\/product\/cte\/"},"modified":"2025-02-03T12:18:42","modified_gmt":"2025-02-03T11:18:42","slug":"gru-a-bandiera-a-colonna-con-braccio-in-trave-a-sbalzo-e-rotazione-elettrica-270","status":"publish","type":"product","link":"https:\/\/www.omis.net\/it-it\/prodotto\/gru-a-bandiera-a-colonna-con-braccio-in-trave-a-sbalzo-e-rotazione-elettrica-270\/","title":{"rendered":"Gru a bandiera a colonna con braccio in trave a sbalzo e rotazione elettrica 270\u00b0"},"content":{"rendered":"","protected":false},"featured_media":12554,"parent":0,"template":"","caratteristica-prodotto":[79],"tipologia-prodotto":[49,62,489],"class_list":["post-3570","product","type-product","status-publish","has-post-thumbnail","hentry","caratteristica-prodotto-rotazione-elettrica","tipologia-prodotto-gru-per-postazioni-di-lavoro","tipologia-prodotto-gru-a-bandiera","tipologia-prodotto-a-colonna"],"acf":{"import_csv_id":"21","prodotto_generale_sku":"CTE","prodotto_listing_card_descrizione":"La gru a bandiera a colonna movimenta carichi fino a 2 tonnellate, utilizzando in modo ottimale lo spazio in altezza grazie alle travi autoportanti a sbalzo della sua struttura.","prodotto_listing_card_caratteristiche":null,"prodotto_page_gradient_hero":false,"prodotto_page_titolo_hero":"Massima corsa gancio per carichi fino a 2 tonnellate.","prodotto_page_gallery_hero":[12562],"prodotto_page_descrizione_3_colonne_posizione":false,"prodotto_page_descrizione_3_colonne":[{"valore":"2000","unita_di_misura":"Kg","etichetta":"Portata massima"},{"valore":"8","unita_di_misura":"m","etichetta":"Sbraccio massimo"},{"valore":"270\u00b0","unita_di_misura":"","etichetta":"Rotazione"}],"prodotto_page_descrizione_titolo":"Gru a bandiera a colonna con braccio in trave a sbalzo e rotazione elettrica 270\u00b0","prodotto_page_descrizione_3_colonne_testo":"<strong>Quando il peso del carico o le forze di spinta risultano gravose per una classica gru con rotazione manuale, la miglior soluzione \u00e8 ricorrere alla gru a bandiera con rotazione elettrica 270\u00b0.\r\nLa gru a bandiera con braccio in trave a sbalzo, in particolare, consente di sfruttare lo spazio disponibile in altezza con conseguente aumento della corsa gancio disponibile. La trave risulta autoportante a sbalzo, priva di tiranti di sostegno.<\/strong>\r\n\r\nLa rotazione del braccio avviene mediante un sistema motoriduttore\/giunto, accoppiato direttamente al perno di rotazione, ed \u00e8 regolata tramite inverter. Il riduttore \u00e8 di tipo epicicloidale, azionato da un motore elettrico autofrenante con avviamento progressivo.\r\nLa linea elettrica per l\u2019alimentazione del carrello paranco e costituita da cavi flessibili del tipo non propagante la fiamma, sospesi su carrelli scorrevoli sotto il braccio. La pulsantiera viene fornita pendente dal paranco oppure scorrevole indipendente, in base alle esigenze. Qualora fosse necessario delimitare il campo di brandeggio del braccio, vengono installati dei finecorsa di rotazione.","prodotto_page_descrizione_titolo_vantaggi":"Vantaggi della gru a bandiera a colonna con braccio in trave a sbalzo e rotazione elettrica 270\u00b0 ","prodotto_page_descrizione_vantaggi":[{"titolo":"Versatilit\u00e0 operativa","testo":"","link":"","archivio_prodotti":null},{"titolo":"Facile da utilizzare","testo":"","link":"","archivio_prodotti":null},{"titolo":"Massimo sfruttamento dello spazio in altezza","testo":"","link":"","archivio_prodotti":null},{"titolo":"Incremento della produttivit\u00e0 e sicurezza","testo":"","link":"","archivio_prodotti":null}],"prodotto_page_tabs_dati_tecnici":[{"etichetta":"Portata","valore":"125 kg - 2000 kg"},{"etichetta":"Sbraccio","valore":"Fino a 8 m in base alla portata"},{"etichetta":"Profilo sbraccio","valore":"Profilo con trave a doppio T senza tiranti di sostegno"},{"etichetta":"Rotazione","valore":"270\u00b0 con fermo di regolazione regolabile in opera in funzione degli ingombri architettonici"},{"etichetta":"Rotazione","valore":"Elettrica"},{"etichetta":"Velocit\u00e0 periferica","valore":"~18 m\/min"},{"etichetta":"Colonna","valore":"Tubo in acciaio a sezione circolare. Presenta ad un\u2019estremit\u00e0 una piastra di base forata per il fissaggio alla base mediante tasselli chimici o tirafondi e dall\u2019altra due piastre, una di testa ed un\u2019intermedia, per sostenere il braccio."},{"etichetta":"Paranco","valore":"Paranco elettrico a catena, per il sollevamento del carico, ad una o due velocit\u00e0 di sollevamento,con carrello di traslazione elettrico, a spinta o meccanico."},{"etichetta":"Dispositivo frenante","valore":"\u00c8 costituito da una frizione regolabile a vite che permette la regolazione dello sforzo di rotazione del braccio e ne assicura la stabilit\u00e0 di posizionamento."}],"prodotto_page_tabs_optionals":[{"titolo":"Verniciatura personalizzata","testo":"\u00c8 possibile personalizzare il colore della verniciatura per soddisfare necessit\u00e0 specifiche, esigenze di design o di branding.","immagine":null}],"prodotto_page_tabs_downloads":null,"prodotto_page_gallery":[12576,12569,12597,12590,12583],"prodotto_page_customer_story_titolo":"","prodotto_page_customer_story_list":"","prodotto_page_applicazioni_list":"- Agricoltura e Alimentare\r\n- Manifatturiero\r\n- Energetico\r\n- Edile e delle costruzioni\r\n- Tecnologie dell'informazione e ICT\r\n- Trasporti e logistica\r\n- Commercio al dettaglio\r\n- Culturale e dell'intrattenimento\r\n- Ambientale e della sostenibilit\u00e0\r\n- Ricerca e sviluppo\r\n- Arti e Artigianato","prodotto_page_faq_list":"","prodotto_page_testo_prodotti_correlati":"<h2>Prodotti correlati<\/h2>\r\nEsplora anche questi prodotti e trova altre soluzioni che fanno al caso tuo.","prodotto_page_lista_prodotti_correlati":"- C2TE\r\n- BE\r\n- BILIF","prodotto_page_titolo_componenti_3d":"","prodotto_page_immagine_iniziale_componenti_3d":null,"prodotto_page_lista_componenti_3d":null,"prodotto_page_titolo_slider_configurazioni":"Prodotto e configurazioni","prodotto_page_lista_immgini_slider_configurazioni":[{"etichetta":"Vista frontale","immagine":12611},{"etichetta":"Vista dall'alto","immagine":12618},{"etichetta":"Prospettica","immagine":12604}],"prodotto_page_titolo_slider_configurazioni_2":"<h2><\/h2>","prodotto_page_lista_immgini_slider_configurazioni_2":null,"seo_title":"Gru a bandiera a colonna a rotazione elettrica fino a 270\u00b0 | OMIS","seo_description":"Gru a bandiera con rotazione elettrica 270\u00b0, con braccio in trave a sbalzo, consente di sfruttare lo spazio disponibile in altezza con conseguente aumento della corsa gancio disponibile. La linea elettrica per l\u2019alimentazione del carrello paranco e costituita da cavi flessibili del tipo non propagante la fiamma, sospesi su carrelli scorrevoli sotto il braccio. Scopri di pi\u00f9"},"yoast_head":"<!-- This site is optimized with the Yoast SEO plugin v23.9 - https:\/\/yoast.com\/wordpress\/plugins\/seo\/ -->\n<title>Gru a bandiera a colonna a rotazione elettrica fino a 270\u00b0 | OMIS<\/title>\n<meta name=\"description\" content=\"Gru a bandiera con rotazione elettrica 270\u00b0, con braccio in trave a sbalzo, consente di sfruttare lo spazio disponibile in altezza con conseguente aumento della corsa gancio disponibile. La linea elettrica per l\u2019alimentazione del carrello paranco e costituita da cavi flessibili del tipo non propagante la fiamma, sospesi su carrelli scorrevoli sotto il braccio. Scopri di pi\u00f9\" \/>\n<meta name=\"robots\" content=\"index, follow, max-snippet:-1, max-image-preview:large, max-video-preview:-1\" \/>\n<meta property=\"og:locale\" content=\"it_IT\" \/>\n<meta property=\"og:type\" content=\"article\" \/>\n<meta property=\"og:title\" content=\"Gru a bandiera a colonna a rotazione elettrica fino a 270\u00b0 | OMIS\" \/>\n<meta property=\"og:description\" content=\"Gru a bandiera con rotazione elettrica 270\u00b0, con braccio in trave a sbalzo, consente di sfruttare lo spazio disponibile in altezza con conseguente aumento della corsa gancio disponibile. La linea elettrica per l\u2019alimentazione del carrello paranco e costituita da cavi flessibili del tipo non propagante la fiamma, sospesi su carrelli scorrevoli sotto il braccio. Scopri di pi\u00f9\" \/>\n<meta property=\"og:url\" content=\"https:\/\/www.omis.net\/it-it\/prodotto\/gru-a-bandiera-a-colonna-con-braccio-in-trave-a-sbalzo-e-rotazione-elettrica-270\/\" \/>\n<meta property=\"og:site_name\" content=\"OMIS\" \/>\n<meta property=\"article:publisher\" content=\"https:\/\/www.facebook.com\/omisgroup\" \/>\n<meta property=\"article:modified_time\" content=\"2025-02-03T11:18:42+00:00\" \/>\n<meta property=\"og:image\" content=\"https:\/\/media.omis.net\/media\/2024\/12\/profile-ctejib-crane-cte-front-3d-omis-scaled.webp\" \/>\n\t<meta property=\"og:image:width\" content=\"2560\" \/>\n\t<meta property=\"og:image:height\" content=\"1440\" \/>\n\t<meta property=\"og:image:type\" content=\"image\/webp\" \/>\n<meta name=\"twitter:card\" content=\"summary_large_image\" \/>\n<meta name=\"twitter:label1\" content=\"Est. reading time\" \/>\n\t<meta name=\"twitter:data1\" content=\"1 minute\" \/>\n<script type=\"application\/ld+json\" class=\"yoast-schema-graph\">{\"@context\":\"https:\/\/schema.org\",\"@graph\":[{\"@type\":\"WebPage\",\"@id\":\"https:\/\/www.omis.net\/it-it\/prodotto\/gru-a-bandiera-a-colonna-con-braccio-in-trave-a-sbalzo-e-rotazione-elettrica-270\/\",\"url\":\"https:\/\/www.omis.net\/it-it\/prodotto\/gru-a-bandiera-a-colonna-con-braccio-in-trave-a-sbalzo-e-rotazione-elettrica-270\/\",\"name\":\"Gru a bandiera a colonna a rotazione elettrica fino a 270\u00b0 | OMIS\",\"isPartOf\":{\"@id\":\"https:\/\/www.omis.net\/it-it\/#website\"},\"primaryImageOfPage\":{\"@id\":\"https:\/\/www.omis.net\/it-it\/prodotto\/gru-a-bandiera-a-colonna-con-braccio-in-trave-a-sbalzo-e-rotazione-elettrica-270\/#primaryimage\"},\"image\":{\"@id\":\"https:\/\/www.omis.net\/it-it\/prodotto\/gru-a-bandiera-a-colonna-con-braccio-in-trave-a-sbalzo-e-rotazione-elettrica-270\/#primaryimage\"},\"thumbnailUrl\":\"https:\/\/media.omis.net\/media\/2024\/12\/profile-ctejib-crane-cte-front-3d-omis-scaled.webp\",\"datePublished\":\"2024-12-18T09:57:46+00:00\",\"dateModified\":\"2025-02-03T11:18:42+00:00\",\"description\":\"Gru a bandiera con rotazione elettrica 270\u00b0, con braccio in trave a sbalzo, consente di sfruttare lo spazio disponibile in altezza con conseguente aumento della corsa gancio disponibile. La linea elettrica per l\u2019alimentazione del carrello paranco e costituita da cavi flessibili del tipo non propagante la fiamma, sospesi su carrelli scorrevoli sotto il braccio. Scopri di pi\u00f9\",\"breadcrumb\":{\"@id\":\"https:\/\/www.omis.net\/it-it\/prodotto\/gru-a-bandiera-a-colonna-con-braccio-in-trave-a-sbalzo-e-rotazione-elettrica-270\/#breadcrumb\"},\"inLanguage\":\"it-it\",\"potentialAction\":[{\"@type\":\"ReadAction\",\"target\":[\"https:\/\/www.omis.net\/it-it\/prodotto\/gru-a-bandiera-a-colonna-con-braccio-in-trave-a-sbalzo-e-rotazione-elettrica-270\/\"]}]},{\"@type\":\"ImageObject\",\"inLanguage\":\"it-it\",\"@id\":\"https:\/\/www.omis.net\/it-it\/prodotto\/gru-a-bandiera-a-colonna-con-braccio-in-trave-a-sbalzo-e-rotazione-elettrica-270\/#primaryimage\",\"url\":\"https:\/\/media.omis.net\/media\/2024\/12\/profile-ctejib-crane-cte-front-3d-omis-scaled.webp\",\"contentUrl\":\"https:\/\/media.omis.net\/media\/2024\/12\/profile-ctejib-crane-cte-front-3d-omis-scaled.webp\",\"width\":2560,\"height\":1440,\"caption\":\"header - Profile ctejib crane cte front 3d Omis\"},{\"@type\":\"BreadcrumbList\",\"@id\":\"https:\/\/www.omis.net\/it-it\/prodotto\/gru-a-bandiera-a-colonna-con-braccio-in-trave-a-sbalzo-e-rotazione-elettrica-270\/#breadcrumb\",\"itemListElement\":[{\"@type\":\"ListItem\",\"position\":1,\"name\":\"Home\",\"item\":\"https:\/\/www.omis.net\/it-it\/\"},{\"@type\":\"ListItem\",\"position\":2,\"name\":\"Gru a bandiera a colonna con braccio in trave a sbalzo e rotazione elettrica 270\u00b0\"}]},{\"@type\":\"WebSite\",\"@id\":\"https:\/\/www.omis.net\/it-it\/#website\",\"url\":\"https:\/\/www.omis.net\/it-it\/\",\"name\":\"Omis Spa\",\"description\":\"Movimentazione e sollevamento\",\"publisher\":{\"@id\":\"https:\/\/www.omis.net\/it-it\/#organization\"},\"potentialAction\":[{\"@type\":\"SearchAction\",\"target\":{\"@type\":\"EntryPoint\",\"urlTemplate\":\"https:\/\/www.omis.net\/it-it\/?s={search_term_string}\"},\"query-input\":{\"@type\":\"PropertyValueSpecification\",\"valueRequired\":true,\"valueName\":\"search_term_string\"}}],\"inLanguage\":\"it-it\"},{\"@type\":\"Organization\",\"@id\":\"https:\/\/www.omis.net\/it-it\/#organization\",\"name\":\"Omis Spa\",\"url\":\"https:\/\/www.omis.net\/it-it\/\",\"logo\":{\"@type\":\"ImageObject\",\"inLanguage\":\"it-it\",\"@id\":\"https:\/\/www.omis.net\/it-it\/#\/schema\/logo\/image\/\",\"url\":\"https:\/\/media.omis.net\/media\/2024\/08\/logo.jpg\",\"contentUrl\":\"https:\/\/media.omis.net\/media\/2024\/08\/logo.jpg\",\"width\":300,\"height\":300,\"caption\":\"Omis Spa\"},\"image\":{\"@id\":\"https:\/\/www.omis.net\/it-it\/#\/schema\/logo\/image\/\"},\"sameAs\":[\"https:\/\/www.facebook.com\/omisgroup\",\"https:\/\/www.linkedin.com\/company\/omis-group\",\"https:\/\/www.youtube.com\/channel\/UCS4L59XDk3kKBI9MnjuxWDw\",\"https:\/\/www.instagram.com\/omisgroup\"]}]}<\/script>\n<!-- \/ Yoast SEO plugin. -->","yoast_head_json":{"title":"Gru a bandiera a colonna a rotazione elettrica fino a 270\u00b0 | OMIS","description":"Gru a bandiera con rotazione elettrica 270\u00b0, con braccio in trave a sbalzo, consente di sfruttare lo spazio disponibile in altezza con conseguente aumento della corsa gancio disponibile. La linea elettrica per l\u2019alimentazione del carrello paranco e costituita da cavi flessibili del tipo non propagante la fiamma, sospesi su carrelli scorrevoli sotto il braccio. Scopri di pi\u00f9","robots":{"index":"index","follow":"follow","max-snippet":"max-snippet:-1","max-image-preview":"max-image-preview:large","max-video-preview":"max-video-preview:-1"},"og_locale":"it_IT","og_type":"article","og_title":"Gru a bandiera a colonna a rotazione elettrica fino a 270\u00b0 | OMIS","og_description":"Gru a bandiera con rotazione elettrica 270\u00b0, con braccio in trave a sbalzo, consente di sfruttare lo spazio disponibile in altezza con conseguente aumento della corsa gancio disponibile. La linea elettrica per l\u2019alimentazione del carrello paranco e costituita da cavi flessibili del tipo non propagante la fiamma, sospesi su carrelli scorrevoli sotto il braccio. Scopri di pi\u00f9","og_url":"https:\/\/www.omis.net\/it-it\/prodotto\/gru-a-bandiera-a-colonna-con-braccio-in-trave-a-sbalzo-e-rotazione-elettrica-270\/","og_site_name":"OMIS","article_publisher":"https:\/\/www.facebook.com\/omisgroup","article_modified_time":"2025-02-03T11:18:42+00:00","og_image":[{"width":2560,"height":1440,"url":"https:\/\/media.omis.net\/media\/2024\/12\/profile-ctejib-crane-cte-front-3d-omis-scaled.webp","type":"image\/webp"}],"twitter_card":"summary_large_image","twitter_misc":{"Est. reading time":"1 minute"},"schema":{"@context":"https:\/\/schema.org","@graph":[{"@type":"WebPage","@id":"https:\/\/www.omis.net\/it-it\/prodotto\/gru-a-bandiera-a-colonna-con-braccio-in-trave-a-sbalzo-e-rotazione-elettrica-270\/","url":"https:\/\/www.omis.net\/it-it\/prodotto\/gru-a-bandiera-a-colonna-con-braccio-in-trave-a-sbalzo-e-rotazione-elettrica-270\/","name":"Gru a bandiera a colonna a rotazione elettrica fino a 270\u00b0 | OMIS","isPartOf":{"@id":"https:\/\/www.omis.net\/it-it\/#website"},"primaryImageOfPage":{"@id":"https:\/\/www.omis.net\/it-it\/prodotto\/gru-a-bandiera-a-colonna-con-braccio-in-trave-a-sbalzo-e-rotazione-elettrica-270\/#primaryimage"},"image":{"@id":"https:\/\/www.omis.net\/it-it\/prodotto\/gru-a-bandiera-a-colonna-con-braccio-in-trave-a-sbalzo-e-rotazione-elettrica-270\/#primaryimage"},"thumbnailUrl":"https:\/\/media.omis.net\/media\/2024\/12\/profile-ctejib-crane-cte-front-3d-omis-scaled.webp","datePublished":"2024-12-18T09:57:46+00:00","dateModified":"2025-02-03T11:18:42+00:00","description":"Gru a bandiera con rotazione elettrica 270\u00b0, con braccio in trave a sbalzo, consente di sfruttare lo spazio disponibile in altezza con conseguente aumento della corsa gancio disponibile. La linea elettrica per l\u2019alimentazione del carrello paranco e costituita da cavi flessibili del tipo non propagante la fiamma, sospesi su carrelli scorrevoli sotto il braccio. Scopri di pi\u00f9","breadcrumb":{"@id":"https:\/\/www.omis.net\/it-it\/prodotto\/gru-a-bandiera-a-colonna-con-braccio-in-trave-a-sbalzo-e-rotazione-elettrica-270\/#breadcrumb"},"inLanguage":"it-it","potentialAction":[{"@type":"ReadAction","target":["https:\/\/www.omis.net\/it-it\/prodotto\/gru-a-bandiera-a-colonna-con-braccio-in-trave-a-sbalzo-e-rotazione-elettrica-270\/"]}]},{"@type":"ImageObject","inLanguage":"it-it","@id":"https:\/\/www.omis.net\/it-it\/prodotto\/gru-a-bandiera-a-colonna-con-braccio-in-trave-a-sbalzo-e-rotazione-elettrica-270\/#primaryimage","url":"https:\/\/media.omis.net\/media\/2024\/12\/profile-ctejib-crane-cte-front-3d-omis-scaled.webp","contentUrl":"https:\/\/media.omis.net\/media\/2024\/12\/profile-ctejib-crane-cte-front-3d-omis-scaled.webp","width":2560,"height":1440,"caption":"header - Profile ctejib crane cte front 3d Omis"},{"@type":"BreadcrumbList","@id":"https:\/\/www.omis.net\/it-it\/prodotto\/gru-a-bandiera-a-colonna-con-braccio-in-trave-a-sbalzo-e-rotazione-elettrica-270\/#breadcrumb","itemListElement":[{"@type":"ListItem","position":1,"name":"Home","item":"https:\/\/www.omis.net\/it-it\/"},{"@type":"ListItem","position":2,"name":"Gru a bandiera a colonna con braccio in trave a sbalzo e rotazione elettrica 270\u00b0"}]},{"@type":"WebSite","@id":"https:\/\/www.omis.net\/it-it\/#website","url":"https:\/\/www.omis.net\/it-it\/","name":"Omis Spa","description":"Movimentazione e sollevamento","publisher":{"@id":"https:\/\/www.omis.net\/it-it\/#organization"},"potentialAction":[{"@type":"SearchAction","target":{"@type":"EntryPoint","urlTemplate":"https:\/\/www.omis.net\/it-it\/?s={search_term_string}"},"query-input":{"@type":"PropertyValueSpecification","valueRequired":true,"valueName":"search_term_string"}}],"inLanguage":"it-it"},{"@type":"Organization","@id":"https:\/\/www.omis.net\/it-it\/#organization","name":"Omis Spa","url":"https:\/\/www.omis.net\/it-it\/","logo":{"@type":"ImageObject","inLanguage":"it-it","@id":"https:\/\/www.omis.net\/it-it\/#\/schema\/logo\/image\/","url":"https:\/\/media.omis.net\/media\/2024\/08\/logo.jpg","contentUrl":"https:\/\/media.omis.net\/media\/2024\/08\/logo.jpg","width":300,"height":300,"caption":"Omis Spa"},"image":{"@id":"https:\/\/www.omis.net\/it-it\/#\/schema\/logo\/image\/"},"sameAs":["https:\/\/www.facebook.com\/omisgroup","https:\/\/www.linkedin.com\/company\/omis-group","https:\/\/www.youtube.com\/channel\/UCS4L59XDk3kKBI9MnjuxWDw","https:\/\/www.instagram.com\/omisgroup"]}]}},"_links":{"self":[{"href":"https:\/\/www.omis.net\/it-it\/wp-json\/wp\/v2\/product\/3570"}],"collection":[{"href":"https:\/\/www.omis.net\/it-it\/wp-json\/wp\/v2\/product"}],"about":[{"href":"https:\/\/www.omis.net\/it-it\/wp-json\/wp\/v2\/types\/product"}],"acf:attachment":[{"embeddable":true,"href":"https:\/\/www.omis.net\/it-it\/wp-json\/wp\/v2\/media\/12583"},{"embeddable":true,"href":"https:\/\/www.omis.net\/it-it\/wp-json\/wp\/v2\/media\/12590"},{"embeddable":true,"href":"https:\/\/www.omis.net\/it-it\/wp-json\/wp\/v2\/media\/12597"},{"embeddable":true,"href":"https:\/\/www.omis.net\/it-it\/wp-json\/wp\/v2\/media\/12569"},{"embeddable":true,"href":"https:\/\/www.omis.net\/it-it\/wp-json\/wp\/v2\/media\/12576"},{"embeddable":true,"href":"https:\/\/www.omis.net\/it-it\/wp-json\/wp\/v2\/media\/12562"}],"wp:featuredmedia":[{"embeddable":true,"href":"https:\/\/www.omis.net\/it-it\/wp-json\/wp\/v2\/media\/12554"}],"wp:attachment":[{"href":"https:\/\/www.omis.net\/it-it\/wp-json\/wp\/v2\/media?parent=3570"}],"wp:term":[{"taxonomy":"caratteristica-prodotto","embeddable":true,"href":"https:\/\/www.omis.net\/it-it\/wp-json\/wp\/v2\/caratteristica-prodotto?post=3570"},{"taxonomy":"tipologia-prodotto","embeddable":true,"href":"https:\/\/www.omis.net\/it-it\/wp-json\/wp\/v2\/tipologia-prodotto?post=3570"}],"curies":[{"name":"wp","href":"https:\/\/api.w.org\/{rel}","templated":true}]}}