{"id":3568,"date":"2024-12-18T10:56:53","date_gmt":"2024-12-18T09:56:53","guid":{"rendered":"http:\/\/bedrock.local\/product\/ct2b\/"},"modified":"2025-02-03T12:19:50","modified_gmt":"2025-02-03T11:19:50","slug":"gru-a-bandiera-a-colonna-con-doppio-braccio-in-trave-a-sbalzo","status":"publish","type":"product","link":"https:\/\/www.omis.net\/it-it\/prodotto\/gru-a-bandiera-a-colonna-con-doppio-braccio-in-trave-a-sbalzo\/","title":{"rendered":"Gru a bandiera a colonna con doppio braccio in trave a sbalzo"},"content":{"rendered":"","protected":false},"featured_media":13166,"parent":0,"template":"","caratteristica-prodotto":[80],"tipologia-prodotto":[49,62,489],"class_list":["post-3568","product","type-product","status-publish","has-post-thumbnail","hentry","caratteristica-prodotto-rotazione-manuale","tipologia-prodotto-gru-per-postazioni-di-lavoro","tipologia-prodotto-gru-a-bandiera","tipologia-prodotto-a-colonna"],"acf":{"import_csv_id":"19","prodotto_generale_sku":"CT2B","prodotto_listing_card_descrizione":"La gru a bandiera a colonna con doppio braccio \u00e8 progettata per sfruttare fino in fondo gli spazi verticali, aumentando la corsa gancio disponibile e rendendo autonoma la postazione.","prodotto_listing_card_caratteristiche":null,"prodotto_page_gradient_hero":false,"prodotto_page_titolo_hero":"Autonomia di lavoro e massima corsa gancio.","prodotto_page_gallery_hero":[13131],"prodotto_page_descrizione_3_colonne_posizione":false,"prodotto_page_descrizione_3_colonne":[{"valore":"1000","unita_di_misura":"Kg","etichetta":"Portata massima"},{"valore":"8","unita_di_misura":"m","etichetta":"Sbraccio massimo"},{"valore":"270\u00b0","unita_di_misura":"","etichetta":"Rotazione"}],"prodotto_page_descrizione_titolo":"Gru a bandiera a colonna con doppio braccio in trave a sbalzo con portata fino a 1000 kg + 1000 kg","prodotto_page_descrizione_3_colonne_testo":"<strong>La gru a bandiera con doppio braccio rappresenta una soluzione pratica ed economica per rendere indipendente un posto di lavoro che, altrimenti, necessiterebbe di due gru a bandiera separate. Questo tipo di gru \u00e8 ideale per la movimentazione di carichi in spazi ristretti dove altri dispositivi di sollevamento sarebbero inutilizzabili.<\/strong>\r\n\r\nUn ulteriore vantaggio di questa gru \u00e8 la sua capacit\u00e0 di massimizzare l'utilizzo dello spazio verticale, aumentando di conseguenza la corsa gancio disponibile. Queste caratteristiche la rendono uno strumento estremamente versatile, oltre che facile da manovrare e molto conveniente sia nell'installazione sia nella gestione quotidiana della postazione di lavoro. La gru a bandiera, che incorpora un braccio autoportante a sbalzo e non richiede tiranti di sostegno, \u00e8 particolarmente adatta alla movimentazione di carichi leggeri in una vasta gamma di settori industriali, dalle piccole officine alle grandi linee di assemblaggio e impianti di produzione, incluse le industrie alimentari e le cantine vinicole.","prodotto_page_descrizione_titolo_vantaggi":"Vantaggi della gru a bandiera a colonna con doppio braccio in trave a sbalzo","prodotto_page_descrizione_vantaggi":[{"titolo":"Versatilit\u00e0 operativa","testo":"","link":"","archivio_prodotti":null},{"titolo":"Eccellente manovrabilit\u00e0","testo":"","link":"","archivio_prodotti":null},{"titolo":"Installazione agevolata","testo":"","link":"","archivio_prodotti":null},{"titolo":"Massimo sfruttamento dello spazio in altezza","testo":"","link":"","archivio_prodotti":null},{"titolo":"Incremento della produttivit\u00e0 e sicurezza","testo":"","link":"","archivio_prodotti":null}],"prodotto_page_tabs_dati_tecnici":[{"etichetta":"Portata","valore":"125 kg - 1000 kg"},{"etichetta":"Sbraccio","valore":"Fino a 8 m in base alla portata"},{"etichetta":"Profilo sbraccio","valore":"Profilo con trave a doppio T senza tiranti di sostegno"},{"etichetta":"Rotazione","valore":"270\u00b0 con fermo di regolazione regolabile in opera in funzione degli ingombri architettonici"},{"etichetta":"Rotazione","valore":"Manuale"},{"etichetta":"Colonna","valore":"Tubo in acciaio a sezione circolare. Presenta ad un\u2019estremit\u00e0 una piastra di base forata per il fissaggio alla base mediante tasselli chimici o tirafondi e dall\u2019altra due piastre, una di testa ed un\u2019intermedia, per sostenere il braccio."},{"etichetta":"Paranco","valore":"Paranco elettrico a catena, per il sollevamento del carico, ad una o due velocit\u00e0 di sollevamento,con carrello di traslazione elettrico, a spinta o meccanico."},{"etichetta":"Dispositivo frenante","valore":"\u00c8 costituito da una frizione regolabile a vite che permette la regolazione dello sforzo di rotazione del braccio e ne assicura la stabilit\u00e0 di posizionamento."}],"prodotto_page_tabs_optionals":[{"titolo":"Verniciatura personalizzata","testo":"\u00c8 possibile personalizzare il colore della verniciatura per soddisfare necessit\u00e0 specifiche, esigenze di design o di branding.","immagine":null}],"prodotto_page_tabs_downloads":null,"prodotto_page_gallery":null,"prodotto_page_customer_story_titolo":"","prodotto_page_customer_story_list":"","prodotto_page_applicazioni_list":"- Agricoltura e Alimentare\r\n- Manifatturiero\r\n- Energetico\r\n- Edile e delle costruzioni\r\n- Tecnologie dell'informazione e ICT\r\n- Trasporti e logistica\r\n- Commercio al dettaglio\r\n- Culturale e dell'intrattenimento\r\n- Ambientale e della sostenibilit\u00e0\r\n- Ricerca e sviluppo\r\n- Arti e Artigianato","prodotto_page_faq_list":"","prodotto_page_testo_prodotti_correlati":"<h2>Prodotti correlati<\/h2>\r\nEsplora anche questi prodotti e trova altre soluzioni che fanno al caso tuo.","prodotto_page_lista_prodotti_correlati":"- C2T2B\r\n- C2B\r\n- BM","prodotto_page_titolo_componenti_3d":"","prodotto_page_immagine_iniziale_componenti_3d":null,"prodotto_page_lista_componenti_3d":null,"prodotto_page_titolo_slider_configurazioni":"Prodotto e configurazioni","prodotto_page_lista_immgini_slider_configurazioni":[{"etichetta":"Vista frontale","immagine":13145},{"etichetta":"Vista dall'alto","immagine":13159},{"etichetta":"Prospettica","immagine":13138},{"etichetta":"Dettaglio","immagine":13152}],"prodotto_page_titolo_slider_configurazioni_2":"<h2><\/h2>","prodotto_page_lista_immgini_slider_configurazioni_2":null,"seo_title":"Gru a bandiera con doppio braccio in trave a sbalzo rotazione 270\u00b0 | OMIS","seo_description":"La gru a bandiera a colonna con doppio braccio rappresenta una soluzione utile ad evitare di avere due gru a bandiera separate, ideale per la movimentazione di carichi in spazi ristretti \u00e8 adatta a diversi di settori industriali, piccole officine, grandi linee di assemblaggio e impianti di produzione, industrie alimentari e cantine vinicole. Scopri di pi\u00f9"},"yoast_head":"<!-- This site is optimized with the Yoast SEO plugin v23.9 - https:\/\/yoast.com\/wordpress\/plugins\/seo\/ -->\n<title>Gru a bandiera con doppio braccio in trave a sbalzo rotazione 270\u00b0 | OMIS<\/title>\n<meta name=\"description\" content=\"La gru a bandiera a colonna con doppio braccio rappresenta una soluzione utile ad evitare di avere due gru a bandiera separate, ideale per la movimentazione di carichi in spazi ristretti \u00e8 adatta a diversi di settori industriali, piccole officine, grandi linee di assemblaggio e impianti di produzione, industrie alimentari e cantine vinicole. Scopri di pi\u00f9\" \/>\n<meta name=\"robots\" content=\"index, follow, max-snippet:-1, max-image-preview:large, max-video-preview:-1\" \/>\n<meta property=\"og:locale\" content=\"it_IT\" \/>\n<meta property=\"og:type\" content=\"article\" \/>\n<meta property=\"og:title\" content=\"Gru a bandiera con doppio braccio in trave a sbalzo rotazione 270\u00b0 | OMIS\" \/>\n<meta property=\"og:description\" content=\"La gru a bandiera a colonna con doppio braccio rappresenta una soluzione utile ad evitare di avere due gru a bandiera separate, ideale per la movimentazione di carichi in spazi ristretti \u00e8 adatta a diversi di settori industriali, piccole officine, grandi linee di assemblaggio e impianti di produzione, industrie alimentari e cantine vinicole. Scopri di pi\u00f9\" \/>\n<meta property=\"og:url\" content=\"https:\/\/www.omis.net\/it-it\/prodotto\/gru-a-bandiera-a-colonna-con-doppio-braccio-in-trave-a-sbalzo\/\" \/>\n<meta property=\"og:site_name\" content=\"OMIS\" \/>\n<meta property=\"article:publisher\" content=\"https:\/\/www.facebook.com\/omisgroup\" \/>\n<meta property=\"article:modified_time\" content=\"2025-02-03T11:19:50+00:00\" \/>\n<meta property=\"og:image\" content=\"https:\/\/media.omis.net\/media\/2024\/12\/profile-ct2bjib-crane-ct2b-front-3d-omis-scaled.webp\" \/>\n\t<meta property=\"og:image:width\" content=\"2560\" \/>\n\t<meta property=\"og:image:height\" content=\"1440\" \/>\n\t<meta property=\"og:image:type\" content=\"image\/webp\" \/>\n<meta name=\"twitter:card\" content=\"summary_large_image\" \/>\n<meta name=\"twitter:label1\" content=\"Est. reading time\" \/>\n\t<meta name=\"twitter:data1\" content=\"1 minute\" \/>\n<script type=\"application\/ld+json\" class=\"yoast-schema-graph\">{\"@context\":\"https:\/\/schema.org\",\"@graph\":[{\"@type\":\"WebPage\",\"@id\":\"https:\/\/www.omis.net\/it-it\/prodotto\/gru-a-bandiera-a-colonna-con-doppio-braccio-in-trave-a-sbalzo\/\",\"url\":\"https:\/\/www.omis.net\/it-it\/prodotto\/gru-a-bandiera-a-colonna-con-doppio-braccio-in-trave-a-sbalzo\/\",\"name\":\"Gru a bandiera con doppio braccio in trave a sbalzo rotazione 270\u00b0 | OMIS\",\"isPartOf\":{\"@id\":\"https:\/\/www.omis.net\/it-it\/#website\"},\"primaryImageOfPage\":{\"@id\":\"https:\/\/www.omis.net\/it-it\/prodotto\/gru-a-bandiera-a-colonna-con-doppio-braccio-in-trave-a-sbalzo\/#primaryimage\"},\"image\":{\"@id\":\"https:\/\/www.omis.net\/it-it\/prodotto\/gru-a-bandiera-a-colonna-con-doppio-braccio-in-trave-a-sbalzo\/#primaryimage\"},\"thumbnailUrl\":\"https:\/\/media.omis.net\/media\/2024\/12\/profile-ct2bjib-crane-ct2b-front-3d-omis-scaled.webp\",\"datePublished\":\"2024-12-18T09:56:53+00:00\",\"dateModified\":\"2025-02-03T11:19:50+00:00\",\"description\":\"La gru a bandiera a colonna con doppio braccio rappresenta una soluzione utile ad evitare di avere due gru a bandiera separate, ideale per la movimentazione di carichi in spazi ristretti \u00e8 adatta a diversi di settori industriali, piccole officine, grandi linee di assemblaggio e impianti di produzione, industrie alimentari e cantine vinicole. Scopri di pi\u00f9\",\"breadcrumb\":{\"@id\":\"https:\/\/www.omis.net\/it-it\/prodotto\/gru-a-bandiera-a-colonna-con-doppio-braccio-in-trave-a-sbalzo\/#breadcrumb\"},\"inLanguage\":\"it-it\",\"potentialAction\":[{\"@type\":\"ReadAction\",\"target\":[\"https:\/\/www.omis.net\/it-it\/prodotto\/gru-a-bandiera-a-colonna-con-doppio-braccio-in-trave-a-sbalzo\/\"]}]},{\"@type\":\"ImageObject\",\"inLanguage\":\"it-it\",\"@id\":\"https:\/\/www.omis.net\/it-it\/prodotto\/gru-a-bandiera-a-colonna-con-doppio-braccio-in-trave-a-sbalzo\/#primaryimage\",\"url\":\"https:\/\/media.omis.net\/media\/2024\/12\/profile-ct2bjib-crane-ct2b-front-3d-omis-scaled.webp\",\"contentUrl\":\"https:\/\/media.omis.net\/media\/2024\/12\/profile-ct2bjib-crane-ct2b-front-3d-omis-scaled.webp\",\"width\":2560,\"height\":1440,\"caption\":\"header - Profile ct2bjib crane ct2b front 3d Omis\"},{\"@type\":\"BreadcrumbList\",\"@id\":\"https:\/\/www.omis.net\/it-it\/prodotto\/gru-a-bandiera-a-colonna-con-doppio-braccio-in-trave-a-sbalzo\/#breadcrumb\",\"itemListElement\":[{\"@type\":\"ListItem\",\"position\":1,\"name\":\"Home\",\"item\":\"https:\/\/www.omis.net\/it-it\/\"},{\"@type\":\"ListItem\",\"position\":2,\"name\":\"Gru a bandiera a colonna con doppio braccio in trave a sbalzo\"}]},{\"@type\":\"WebSite\",\"@id\":\"https:\/\/www.omis.net\/it-it\/#website\",\"url\":\"https:\/\/www.omis.net\/it-it\/\",\"name\":\"Omis Spa\",\"description\":\"Movimentazione e sollevamento\",\"publisher\":{\"@id\":\"https:\/\/www.omis.net\/it-it\/#organization\"},\"potentialAction\":[{\"@type\":\"SearchAction\",\"target\":{\"@type\":\"EntryPoint\",\"urlTemplate\":\"https:\/\/www.omis.net\/it-it\/?s={search_term_string}\"},\"query-input\":{\"@type\":\"PropertyValueSpecification\",\"valueRequired\":true,\"valueName\":\"search_term_string\"}}],\"inLanguage\":\"it-it\"},{\"@type\":\"Organization\",\"@id\":\"https:\/\/www.omis.net\/it-it\/#organization\",\"name\":\"Omis Spa\",\"url\":\"https:\/\/www.omis.net\/it-it\/\",\"logo\":{\"@type\":\"ImageObject\",\"inLanguage\":\"it-it\",\"@id\":\"https:\/\/www.omis.net\/it-it\/#\/schema\/logo\/image\/\",\"url\":\"https:\/\/media.omis.net\/media\/2024\/08\/logo.jpg\",\"contentUrl\":\"https:\/\/media.omis.net\/media\/2024\/08\/logo.jpg\",\"width\":300,\"height\":300,\"caption\":\"Omis Spa\"},\"image\":{\"@id\":\"https:\/\/www.omis.net\/it-it\/#\/schema\/logo\/image\/\"},\"sameAs\":[\"https:\/\/www.facebook.com\/omisgroup\",\"https:\/\/www.linkedin.com\/company\/omis-group\",\"https:\/\/www.youtube.com\/channel\/UCS4L59XDk3kKBI9MnjuxWDw\",\"https:\/\/www.instagram.com\/omisgroup\"]}]}<\/script>\n<!-- \/ Yoast SEO plugin. -->","yoast_head_json":{"title":"Gru a bandiera con doppio braccio in trave a sbalzo rotazione 270\u00b0 | OMIS","description":"La gru a bandiera a colonna con doppio braccio rappresenta una soluzione utile ad evitare di avere due gru a bandiera separate, ideale per la movimentazione di carichi in spazi ristretti \u00e8 adatta a diversi di settori industriali, piccole officine, grandi linee di assemblaggio e impianti di produzione, industrie alimentari e cantine vinicole. Scopri di pi\u00f9","robots":{"index":"index","follow":"follow","max-snippet":"max-snippet:-1","max-image-preview":"max-image-preview:large","max-video-preview":"max-video-preview:-1"},"og_locale":"it_IT","og_type":"article","og_title":"Gru a bandiera con doppio braccio in trave a sbalzo rotazione 270\u00b0 | OMIS","og_description":"La gru a bandiera a colonna con doppio braccio rappresenta una soluzione utile ad evitare di avere due gru a bandiera separate, ideale per la movimentazione di carichi in spazi ristretti \u00e8 adatta a diversi di settori industriali, piccole officine, grandi linee di assemblaggio e impianti di produzione, industrie alimentari e cantine vinicole. Scopri di pi\u00f9","og_url":"https:\/\/www.omis.net\/it-it\/prodotto\/gru-a-bandiera-a-colonna-con-doppio-braccio-in-trave-a-sbalzo\/","og_site_name":"OMIS","article_publisher":"https:\/\/www.facebook.com\/omisgroup","article_modified_time":"2025-02-03T11:19:50+00:00","og_image":[{"width":2560,"height":1440,"url":"https:\/\/media.omis.net\/media\/2024\/12\/profile-ct2bjib-crane-ct2b-front-3d-omis-scaled.webp","type":"image\/webp"}],"twitter_card":"summary_large_image","twitter_misc":{"Est. reading time":"1 minute"},"schema":{"@context":"https:\/\/schema.org","@graph":[{"@type":"WebPage","@id":"https:\/\/www.omis.net\/it-it\/prodotto\/gru-a-bandiera-a-colonna-con-doppio-braccio-in-trave-a-sbalzo\/","url":"https:\/\/www.omis.net\/it-it\/prodotto\/gru-a-bandiera-a-colonna-con-doppio-braccio-in-trave-a-sbalzo\/","name":"Gru a bandiera con doppio braccio in trave a sbalzo rotazione 270\u00b0 | OMIS","isPartOf":{"@id":"https:\/\/www.omis.net\/it-it\/#website"},"primaryImageOfPage":{"@id":"https:\/\/www.omis.net\/it-it\/prodotto\/gru-a-bandiera-a-colonna-con-doppio-braccio-in-trave-a-sbalzo\/#primaryimage"},"image":{"@id":"https:\/\/www.omis.net\/it-it\/prodotto\/gru-a-bandiera-a-colonna-con-doppio-braccio-in-trave-a-sbalzo\/#primaryimage"},"thumbnailUrl":"https:\/\/media.omis.net\/media\/2024\/12\/profile-ct2bjib-crane-ct2b-front-3d-omis-scaled.webp","datePublished":"2024-12-18T09:56:53+00:00","dateModified":"2025-02-03T11:19:50+00:00","description":"La gru a bandiera a colonna con doppio braccio rappresenta una soluzione utile ad evitare di avere due gru a bandiera separate, ideale per la movimentazione di carichi in spazi ristretti \u00e8 adatta a diversi di settori industriali, piccole officine, grandi linee di assemblaggio e impianti di produzione, industrie alimentari e cantine vinicole. Scopri di pi\u00f9","breadcrumb":{"@id":"https:\/\/www.omis.net\/it-it\/prodotto\/gru-a-bandiera-a-colonna-con-doppio-braccio-in-trave-a-sbalzo\/#breadcrumb"},"inLanguage":"it-it","potentialAction":[{"@type":"ReadAction","target":["https:\/\/www.omis.net\/it-it\/prodotto\/gru-a-bandiera-a-colonna-con-doppio-braccio-in-trave-a-sbalzo\/"]}]},{"@type":"ImageObject","inLanguage":"it-it","@id":"https:\/\/www.omis.net\/it-it\/prodotto\/gru-a-bandiera-a-colonna-con-doppio-braccio-in-trave-a-sbalzo\/#primaryimage","url":"https:\/\/media.omis.net\/media\/2024\/12\/profile-ct2bjib-crane-ct2b-front-3d-omis-scaled.webp","contentUrl":"https:\/\/media.omis.net\/media\/2024\/12\/profile-ct2bjib-crane-ct2b-front-3d-omis-scaled.webp","width":2560,"height":1440,"caption":"header - Profile ct2bjib crane ct2b front 3d Omis"},{"@type":"BreadcrumbList","@id":"https:\/\/www.omis.net\/it-it\/prodotto\/gru-a-bandiera-a-colonna-con-doppio-braccio-in-trave-a-sbalzo\/#breadcrumb","itemListElement":[{"@type":"ListItem","position":1,"name":"Home","item":"https:\/\/www.omis.net\/it-it\/"},{"@type":"ListItem","position":2,"name":"Gru a bandiera a colonna con doppio braccio in trave a sbalzo"}]},{"@type":"WebSite","@id":"https:\/\/www.omis.net\/it-it\/#website","url":"https:\/\/www.omis.net\/it-it\/","name":"Omis Spa","description":"Movimentazione e sollevamento","publisher":{"@id":"https:\/\/www.omis.net\/it-it\/#organization"},"potentialAction":[{"@type":"SearchAction","target":{"@type":"EntryPoint","urlTemplate":"https:\/\/www.omis.net\/it-it\/?s={search_term_string}"},"query-input":{"@type":"PropertyValueSpecification","valueRequired":true,"valueName":"search_term_string"}}],"inLanguage":"it-it"},{"@type":"Organization","@id":"https:\/\/www.omis.net\/it-it\/#organization","name":"Omis Spa","url":"https:\/\/www.omis.net\/it-it\/","logo":{"@type":"ImageObject","inLanguage":"it-it","@id":"https:\/\/www.omis.net\/it-it\/#\/schema\/logo\/image\/","url":"https:\/\/media.omis.net\/media\/2024\/08\/logo.jpg","contentUrl":"https:\/\/media.omis.net\/media\/2024\/08\/logo.jpg","width":300,"height":300,"caption":"Omis Spa"},"image":{"@id":"https:\/\/www.omis.net\/it-it\/#\/schema\/logo\/image\/"},"sameAs":["https:\/\/www.facebook.com\/omisgroup","https:\/\/www.linkedin.com\/company\/omis-group","https:\/\/www.youtube.com\/channel\/UCS4L59XDk3kKBI9MnjuxWDw","https:\/\/www.instagram.com\/omisgroup"]}]}},"_links":{"self":[{"href":"https:\/\/www.omis.net\/it-it\/wp-json\/wp\/v2\/product\/3568"}],"collection":[{"href":"https:\/\/www.omis.net\/it-it\/wp-json\/wp\/v2\/product"}],"about":[{"href":"https:\/\/www.omis.net\/it-it\/wp-json\/wp\/v2\/types\/product"}],"acf:attachment":[{"embeddable":true,"href":"https:\/\/www.omis.net\/it-it\/wp-json\/wp\/v2\/media\/13131"}],"wp:featuredmedia":[{"embeddable":true,"href":"https:\/\/www.omis.net\/it-it\/wp-json\/wp\/v2\/media\/13166"}],"wp:attachment":[{"href":"https:\/\/www.omis.net\/it-it\/wp-json\/wp\/v2\/media?parent=3568"}],"wp:term":[{"taxonomy":"caratteristica-prodotto","embeddable":true,"href":"https:\/\/www.omis.net\/it-it\/wp-json\/wp\/v2\/caratteristica-prodotto?post=3568"},{"taxonomy":"tipologia-prodotto","embeddable":true,"href":"https:\/\/www.omis.net\/it-it\/wp-json\/wp\/v2\/tipologia-prodotto?post=3568"}],"curies":[{"name":"wp","href":"https:\/\/api.w.org\/{rel}","templated":true}]}}