{"id":3549,"date":"2024-12-18T11:03:09","date_gmt":"2024-12-18T10:03:09","guid":{"rendered":"http:\/\/bedrock.local\/product\/curva\/"},"modified":"2025-02-03T18:22:26","modified_gmt":"2025-02-03T17:22:26","slug":"monorotaia-curva","status":"publish","type":"product","link":"https:\/\/www.omis.net\/it-it\/prodotto\/monorotaia-curva\/","title":{"rendered":"Monorotaia curva"},"content":{"rendered":"","protected":false},"featured_media":14181,"parent":0,"template":"","caratteristica-prodotto":[],"tipologia-prodotto":[49,64],"class_list":["post-3549","product","type-product","status-publish","has-post-thumbnail","hentry","tipologia-prodotto-gru-per-postazioni-di-lavoro","tipologia-prodotto-monorotaia"],"acf":{"import_csv_id":"38","prodotto_generale_sku":"MRC","prodotto_listing_card_descrizione":"La gru a monorotaia curva \u00e8 il sistema ideale per movimentare carichi lungo percorsi non lineari all'interno di uno stabilimento, seguendo tutte le fasi dei processi.","prodotto_listing_card_caratteristiche":null,"prodotto_page_gradient_hero":false,"prodotto_page_titolo_hero":"La gru perfetta per le linee di montaggio e di verniciatura.","prodotto_page_gallery_hero":[14076,14069,14097],"prodotto_page_descrizione_3_colonne_posizione":false,"prodotto_page_descrizione_3_colonne":[{"valore":"125","unita_di_misura":"kg","etichetta":"Portata minima"},{"valore":"5000","unita_di_misura":"kg","etichetta":"Portata massima"},{"valore":"90\u00b0","unita_di_misura":"","etichetta":"Curva massima"}],"prodotto_page_descrizione_titolo":"Gru a monorotaia curva con portata fino a 5000 Kg","prodotto_page_descrizione_3_colonne_testo":"<strong>I sistemi monorotaia OMIS assicurano un'elevata flessibilit\u00e0 di personalizzazione, grazie al loro design modulare. La modularit\u00e0 permette di creare anche percorsi curvilinei, con la possibilit\u00e0 di raggiungere angoli di 90\u00b0. La gru a monorotaia curva si rivela la soluzione di sollevamento e movimentazione ideale per spostare agevolmente un carico tra due punti, all\u2019interno di uno stabilimento, lungo un percorso personalizzato e non lineare.<\/strong>\r\n\r\nIl tracciato pu\u00f2 essere adattato con precisione alle specifiche esigenze strutturali di qualsiasi officina o ambiente industriale. Le curve diventano particolarmente utili nel caso i carichi debbano seguire una linea di produzione attraverso tutte le fasi del processo manifatturiero, fino alle stazioni di imballaggio finale. I sistemi di sollevamento a monorotaia realizzati da OMIS rispondono alle reali esigenze delle aziende che movimentano componenti, nelle catene di montaggio, nelle linee di verniciatura e nelle operazioni di scarico e carico della merce.","prodotto_page_descrizione_titolo_vantaggi":"Vantaggi monorotaia curva","prodotto_page_descrizione_vantaggi":[{"titolo":"Minore sforzo dell\u2019operatore","testo":"","link":"","archivio_prodotti":null},{"titolo":"Precisione nel movimento","testo":"","link":"","archivio_prodotti":null},{"titolo":"Velocit\u00e0 controllata","testo":"","link":"","archivio_prodotti":null},{"titolo":"Adattabilit\u00e0 a carichi di varie dimensioni","testo":"","link":"","archivio_prodotti":null},{"titolo":"Manutenzione semplificata","testo":"","link":"","archivio_prodotti":null},{"titolo":"Versatilit\u00e0 nelle applicazioni","testo":"","link":"","archivio_prodotti":null},{"titolo":"Incremento della produttivit\u00e0 e sicurezza","testo":"","link":"","archivio_prodotti":null}],"prodotto_page_tabs_dati_tecnici":[{"etichetta":"Portata","valore":"125 kg - 5000 kg - Oltre su richiesta"},{"etichetta":"Lunghezza","valore":"Configurabile su richiesta"},{"etichetta":"Profilo del ponte","valore":"Trave doppio T o a cassone"},{"etichetta":"Ancoraggio","valore":"Alla struttura esistente o tramite strutture metalliche di sostegno personalizzate"},{"etichetta":"Linea di alimentazione","valore":"Blindo Atollo speed 40A"},{"etichetta":"Unit\u00e0 di sollevamento","valore":"Paranco a catena o a fune"},{"etichetta":"Comando","valore":"Pulsantiera pensile dal paranco"}],"prodotto_page_tabs_optionals":[{"titolo":"Verniciatura personalizzata","testo":"\u00c8 possibile personalizzare il colore della verniciatura per soddisfare necessit\u00e0 specifiche, esigenze di design o di branding.","immagine":null},{"titolo":"Radiocomando per il carrello paranco","testo":"Su richiesta, \u00e8 possibile integrare il radiocomando per il carrello paranco, migliorando le performance, la versatilit\u00e0 e la sicurezza nelle operazioni di movimentazione. Questo sistema avanzato consente un controllo a distanza preciso e intuitivo, ottimizzando l'efficienza e riducendo i rischi operativi.","immagine":null}],"prodotto_page_tabs_downloads":null,"prodotto_page_gallery":[14111,14104,14090,14083],"prodotto_page_customer_story_titolo":"","prodotto_page_customer_story_list":"","prodotto_page_applicazioni_list":"- Agricoltura e Alimentare\r\n- Manifatturiero\r\n- Energetico\r\n- Edile e delle costruzioni\r\n- Tecnologie dell'informazione e ICT\r\n- Trasporti e logistica\r\n- Commercio al dettaglio\r\n- Culturale e dell'intrattenimento\r\n- Ambientale e della sostenibilit\u00e0\r\n- Ricerca e sviluppo\r\n- Arti e Artigianato","prodotto_page_faq_list":"","prodotto_page_testo_prodotti_correlati":"<h2>Prodotti correlati<\/h2>\r\nEsplora anche questi prodotti e trova altre soluzioni che fanno al caso tuo.","prodotto_page_lista_prodotti_correlati":"- C\r\n- GSM\r\n- CMR","prodotto_page_titolo_componenti_3d":"","prodotto_page_immagine_iniziale_componenti_3d":null,"prodotto_page_lista_componenti_3d":null,"prodotto_page_titolo_slider_configurazioni":"Prodotto e configurazioni","prodotto_page_lista_immgini_slider_configurazioni":[{"etichetta":"Vista frontale","immagine":14153},{"etichetta":"Vista dall'alto","immagine":14160},{"etichetta":"Vista frontale","immagine":14139},{"etichetta":"Vista dall'alto","immagine":14146},{"etichetta":"Circuito","immagine":14167},{"etichetta":"Circuito","immagine":14174}],"prodotto_page_titolo_slider_configurazioni_2":"<h2><\/h2>","prodotto_page_lista_immgini_slider_configurazioni_2":null,"seo_title":"Gru monorotaia curva portata 5000 Kg | OMIS","seo_description":"Le gru monorotaia curva OMIS offrono alta flessibilit\u00e0 con design modulare, permettendo percorsi curvilinei e angoli di 90\u00b0. Ideali per spostare carichi lungo percorsi personalizzati in stabilimenti, sono utili per linee di produzione e stazioni di imballaggio. Adattano il tracciato alle esigenze di officine e ambienti industriali, ottimizzando movimentazione e carico. Scopri di pi\u00f9."},"yoast_head":"<!-- This site is optimized with the Yoast SEO plugin v23.9 - https:\/\/yoast.com\/wordpress\/plugins\/seo\/ -->\n<title>Gru monorotaia curva portata 5000 Kg | OMIS<\/title>\n<meta name=\"description\" content=\"Le gru monorotaia curva OMIS offrono alta flessibilit\u00e0 con design modulare, permettendo percorsi curvilinei e angoli di 90\u00b0. Ideali per spostare carichi lungo percorsi personalizzati in stabilimenti, sono utili per linee di produzione e stazioni di imballaggio. Adattano il tracciato alle esigenze di officine e ambienti industriali, ottimizzando movimentazione e carico. Scopri di pi\u00f9.\" \/>\n<meta name=\"robots\" content=\"index, follow, max-snippet:-1, max-image-preview:large, max-video-preview:-1\" \/>\n<meta property=\"og:locale\" content=\"it_IT\" \/>\n<meta property=\"og:type\" content=\"article\" \/>\n<meta property=\"og:title\" content=\"Gru monorotaia curva portata 5000 Kg | OMIS\" \/>\n<meta property=\"og:description\" content=\"Le gru monorotaia curva OMIS offrono alta flessibilit\u00e0 con design modulare, permettendo percorsi curvilinei e angoli di 90\u00b0. Ideali per spostare carichi lungo percorsi personalizzati in stabilimenti, sono utili per linee di produzione e stazioni di imballaggio. Adattano il tracciato alle esigenze di officine e ambienti industriali, ottimizzando movimentazione e carico. Scopri di pi\u00f9.\" \/>\n<meta property=\"og:url\" content=\"https:\/\/www.omis.net\/it-it\/prodotto\/monorotaia-curva\/\" \/>\n<meta property=\"og:site_name\" content=\"OMIS\" \/>\n<meta property=\"article:publisher\" content=\"https:\/\/www.facebook.com\/omisgroup\" \/>\n<meta property=\"article:modified_time\" content=\"2025-02-03T17:22:26+00:00\" \/>\n<meta property=\"og:image\" content=\"https:\/\/media.omis.net\/media\/2024\/12\/profile-curved-monorail-250kg-assembly-line-extinguishers-omis-scaled.webp\" \/>\n\t<meta property=\"og:image:width\" content=\"2560\" \/>\n\t<meta property=\"og:image:height\" content=\"2121\" \/>\n\t<meta property=\"og:image:type\" content=\"image\/webp\" \/>\n<meta name=\"twitter:card\" content=\"summary_large_image\" \/>\n<meta name=\"twitter:label1\" content=\"Est. reading time\" \/>\n\t<meta name=\"twitter:data1\" content=\"1 minute\" \/>\n<script type=\"application\/ld+json\" class=\"yoast-schema-graph\">{\"@context\":\"https:\/\/schema.org\",\"@graph\":[{\"@type\":\"WebPage\",\"@id\":\"https:\/\/www.omis.net\/it-it\/prodotto\/monorotaia-curva\/\",\"url\":\"https:\/\/www.omis.net\/it-it\/prodotto\/monorotaia-curva\/\",\"name\":\"Gru monorotaia curva portata 5000 Kg | OMIS\",\"isPartOf\":{\"@id\":\"https:\/\/www.omis.net\/it-it\/#website\"},\"primaryImageOfPage\":{\"@id\":\"https:\/\/www.omis.net\/it-it\/prodotto\/monorotaia-curva\/#primaryimage\"},\"image\":{\"@id\":\"https:\/\/www.omis.net\/it-it\/prodotto\/monorotaia-curva\/#primaryimage\"},\"thumbnailUrl\":\"https:\/\/media.omis.net\/media\/2024\/12\/profile-curved-monorail-250kg-assembly-line-extinguishers-omis-scaled.webp\",\"datePublished\":\"2024-12-18T10:03:09+00:00\",\"dateModified\":\"2025-02-03T17:22:26+00:00\",\"description\":\"Le gru monorotaia curva OMIS offrono alta flessibilit\u00e0 con design modulare, permettendo percorsi curvilinei e angoli di 90\u00b0. Ideali per spostare carichi lungo percorsi personalizzati in stabilimenti, sono utili per linee di produzione e stazioni di imballaggio. Adattano il tracciato alle esigenze di officine e ambienti industriali, ottimizzando movimentazione e carico. Scopri di pi\u00f9.\",\"breadcrumb\":{\"@id\":\"https:\/\/www.omis.net\/it-it\/prodotto\/monorotaia-curva\/#breadcrumb\"},\"inLanguage\":\"it-it\",\"potentialAction\":[{\"@type\":\"ReadAction\",\"target\":[\"https:\/\/www.omis.net\/it-it\/prodotto\/monorotaia-curva\/\"]}]},{\"@type\":\"ImageObject\",\"inLanguage\":\"it-it\",\"@id\":\"https:\/\/www.omis.net\/it-it\/prodotto\/monorotaia-curva\/#primaryimage\",\"url\":\"https:\/\/media.omis.net\/media\/2024\/12\/profile-curved-monorail-250kg-assembly-line-extinguishers-omis-scaled.webp\",\"contentUrl\":\"https:\/\/media.omis.net\/media\/2024\/12\/profile-curved-monorail-250kg-assembly-line-extinguishers-omis-scaled.webp\",\"width\":2560,\"height\":2121,\"caption\":\"header - Profile curved monorail 250kg assembly line extinguishers Omis\"},{\"@type\":\"BreadcrumbList\",\"@id\":\"https:\/\/www.omis.net\/it-it\/prodotto\/monorotaia-curva\/#breadcrumb\",\"itemListElement\":[{\"@type\":\"ListItem\",\"position\":1,\"name\":\"Home\",\"item\":\"https:\/\/www.omis.net\/it-it\/\"},{\"@type\":\"ListItem\",\"position\":2,\"name\":\"Monorotaia curva\"}]},{\"@type\":\"WebSite\",\"@id\":\"https:\/\/www.omis.net\/it-it\/#website\",\"url\":\"https:\/\/www.omis.net\/it-it\/\",\"name\":\"Omis Spa\",\"description\":\"Movimentazione e sollevamento\",\"publisher\":{\"@id\":\"https:\/\/www.omis.net\/it-it\/#organization\"},\"potentialAction\":[{\"@type\":\"SearchAction\",\"target\":{\"@type\":\"EntryPoint\",\"urlTemplate\":\"https:\/\/www.omis.net\/it-it\/?s={search_term_string}\"},\"query-input\":{\"@type\":\"PropertyValueSpecification\",\"valueRequired\":true,\"valueName\":\"search_term_string\"}}],\"inLanguage\":\"it-it\"},{\"@type\":\"Organization\",\"@id\":\"https:\/\/www.omis.net\/it-it\/#organization\",\"name\":\"Omis Spa\",\"url\":\"https:\/\/www.omis.net\/it-it\/\",\"logo\":{\"@type\":\"ImageObject\",\"inLanguage\":\"it-it\",\"@id\":\"https:\/\/www.omis.net\/it-it\/#\/schema\/logo\/image\/\",\"url\":\"https:\/\/media.omis.net\/media\/2024\/08\/logo.jpg\",\"contentUrl\":\"https:\/\/media.omis.net\/media\/2024\/08\/logo.jpg\",\"width\":300,\"height\":300,\"caption\":\"Omis Spa\"},\"image\":{\"@id\":\"https:\/\/www.omis.net\/it-it\/#\/schema\/logo\/image\/\"},\"sameAs\":[\"https:\/\/www.facebook.com\/omisgroup\",\"https:\/\/www.linkedin.com\/company\/omis-group\",\"https:\/\/www.youtube.com\/channel\/UCS4L59XDk3kKBI9MnjuxWDw\",\"https:\/\/www.instagram.com\/omisgroup\"]}]}<\/script>\n<!-- \/ Yoast SEO plugin. -->","yoast_head_json":{"title":"Gru monorotaia curva portata 5000 Kg | OMIS","description":"Le gru monorotaia curva OMIS offrono alta flessibilit\u00e0 con design modulare, permettendo percorsi curvilinei e angoli di 90\u00b0. Ideali per spostare carichi lungo percorsi personalizzati in stabilimenti, sono utili per linee di produzione e stazioni di imballaggio. Adattano il tracciato alle esigenze di officine e ambienti industriali, ottimizzando movimentazione e carico. Scopri di pi\u00f9.","robots":{"index":"index","follow":"follow","max-snippet":"max-snippet:-1","max-image-preview":"max-image-preview:large","max-video-preview":"max-video-preview:-1"},"og_locale":"it_IT","og_type":"article","og_title":"Gru monorotaia curva portata 5000 Kg | OMIS","og_description":"Le gru monorotaia curva OMIS offrono alta flessibilit\u00e0 con design modulare, permettendo percorsi curvilinei e angoli di 90\u00b0. Ideali per spostare carichi lungo percorsi personalizzati in stabilimenti, sono utili per linee di produzione e stazioni di imballaggio. Adattano il tracciato alle esigenze di officine e ambienti industriali, ottimizzando movimentazione e carico. Scopri di pi\u00f9.","og_url":"https:\/\/www.omis.net\/it-it\/prodotto\/monorotaia-curva\/","og_site_name":"OMIS","article_publisher":"https:\/\/www.facebook.com\/omisgroup","article_modified_time":"2025-02-03T17:22:26+00:00","og_image":[{"width":2560,"height":2121,"url":"https:\/\/media.omis.net\/media\/2024\/12\/profile-curved-monorail-250kg-assembly-line-extinguishers-omis-scaled.webp","type":"image\/webp"}],"twitter_card":"summary_large_image","twitter_misc":{"Est. reading time":"1 minute"},"schema":{"@context":"https:\/\/schema.org","@graph":[{"@type":"WebPage","@id":"https:\/\/www.omis.net\/it-it\/prodotto\/monorotaia-curva\/","url":"https:\/\/www.omis.net\/it-it\/prodotto\/monorotaia-curva\/","name":"Gru monorotaia curva portata 5000 Kg | OMIS","isPartOf":{"@id":"https:\/\/www.omis.net\/it-it\/#website"},"primaryImageOfPage":{"@id":"https:\/\/www.omis.net\/it-it\/prodotto\/monorotaia-curva\/#primaryimage"},"image":{"@id":"https:\/\/www.omis.net\/it-it\/prodotto\/monorotaia-curva\/#primaryimage"},"thumbnailUrl":"https:\/\/media.omis.net\/media\/2024\/12\/profile-curved-monorail-250kg-assembly-line-extinguishers-omis-scaled.webp","datePublished":"2024-12-18T10:03:09+00:00","dateModified":"2025-02-03T17:22:26+00:00","description":"Le gru monorotaia curva OMIS offrono alta flessibilit\u00e0 con design modulare, permettendo percorsi curvilinei e angoli di 90\u00b0. Ideali per spostare carichi lungo percorsi personalizzati in stabilimenti, sono utili per linee di produzione e stazioni di imballaggio. Adattano il tracciato alle esigenze di officine e ambienti industriali, ottimizzando movimentazione e carico. Scopri di pi\u00f9.","breadcrumb":{"@id":"https:\/\/www.omis.net\/it-it\/prodotto\/monorotaia-curva\/#breadcrumb"},"inLanguage":"it-it","potentialAction":[{"@type":"ReadAction","target":["https:\/\/www.omis.net\/it-it\/prodotto\/monorotaia-curva\/"]}]},{"@type":"ImageObject","inLanguage":"it-it","@id":"https:\/\/www.omis.net\/it-it\/prodotto\/monorotaia-curva\/#primaryimage","url":"https:\/\/media.omis.net\/media\/2024\/12\/profile-curved-monorail-250kg-assembly-line-extinguishers-omis-scaled.webp","contentUrl":"https:\/\/media.omis.net\/media\/2024\/12\/profile-curved-monorail-250kg-assembly-line-extinguishers-omis-scaled.webp","width":2560,"height":2121,"caption":"header - Profile curved monorail 250kg assembly line extinguishers Omis"},{"@type":"BreadcrumbList","@id":"https:\/\/www.omis.net\/it-it\/prodotto\/monorotaia-curva\/#breadcrumb","itemListElement":[{"@type":"ListItem","position":1,"name":"Home","item":"https:\/\/www.omis.net\/it-it\/"},{"@type":"ListItem","position":2,"name":"Monorotaia curva"}]},{"@type":"WebSite","@id":"https:\/\/www.omis.net\/it-it\/#website","url":"https:\/\/www.omis.net\/it-it\/","name":"Omis Spa","description":"Movimentazione e sollevamento","publisher":{"@id":"https:\/\/www.omis.net\/it-it\/#organization"},"potentialAction":[{"@type":"SearchAction","target":{"@type":"EntryPoint","urlTemplate":"https:\/\/www.omis.net\/it-it\/?s={search_term_string}"},"query-input":{"@type":"PropertyValueSpecification","valueRequired":true,"valueName":"search_term_string"}}],"inLanguage":"it-it"},{"@type":"Organization","@id":"https:\/\/www.omis.net\/it-it\/#organization","name":"Omis Spa","url":"https:\/\/www.omis.net\/it-it\/","logo":{"@type":"ImageObject","inLanguage":"it-it","@id":"https:\/\/www.omis.net\/it-it\/#\/schema\/logo\/image\/","url":"https:\/\/media.omis.net\/media\/2024\/08\/logo.jpg","contentUrl":"https:\/\/media.omis.net\/media\/2024\/08\/logo.jpg","width":300,"height":300,"caption":"Omis Spa"},"image":{"@id":"https:\/\/www.omis.net\/it-it\/#\/schema\/logo\/image\/"},"sameAs":["https:\/\/www.facebook.com\/omisgroup","https:\/\/www.linkedin.com\/company\/omis-group","https:\/\/www.youtube.com\/channel\/UCS4L59XDk3kKBI9MnjuxWDw","https:\/\/www.instagram.com\/omisgroup"]}]}},"_links":{"self":[{"href":"https:\/\/www.omis.net\/it-it\/wp-json\/wp\/v2\/product\/3549"}],"collection":[{"href":"https:\/\/www.omis.net\/it-it\/wp-json\/wp\/v2\/product"}],"about":[{"href":"https:\/\/www.omis.net\/it-it\/wp-json\/wp\/v2\/types\/product"}],"acf:attachment":[{"embeddable":true,"href":"https:\/\/www.omis.net\/it-it\/wp-json\/wp\/v2\/media\/14083"},{"embeddable":true,"href":"https:\/\/www.omis.net\/it-it\/wp-json\/wp\/v2\/media\/14090"},{"embeddable":true,"href":"https:\/\/www.omis.net\/it-it\/wp-json\/wp\/v2\/media\/14104"},{"embeddable":true,"href":"https:\/\/www.omis.net\/it-it\/wp-json\/wp\/v2\/media\/14111"},{"embeddable":true,"href":"https:\/\/www.omis.net\/it-it\/wp-json\/wp\/v2\/media\/14097"},{"embeddable":true,"href":"https:\/\/www.omis.net\/it-it\/wp-json\/wp\/v2\/media\/14069"},{"embeddable":true,"href":"https:\/\/www.omis.net\/it-it\/wp-json\/wp\/v2\/media\/14076"}],"wp:featuredmedia":[{"embeddable":true,"href":"https:\/\/www.omis.net\/it-it\/wp-json\/wp\/v2\/media\/14181"}],"wp:attachment":[{"href":"https:\/\/www.omis.net\/it-it\/wp-json\/wp\/v2\/media?parent=3549"}],"wp:term":[{"taxonomy":"caratteristica-prodotto","embeddable":true,"href":"https:\/\/www.omis.net\/it-it\/wp-json\/wp\/v2\/caratteristica-prodotto?post=3549"},{"taxonomy":"tipologia-prodotto","embeddable":true,"href":"https:\/\/www.omis.net\/it-it\/wp-json\/wp\/v2\/tipologia-prodotto?post=3549"}],"curies":[{"name":"wp","href":"https:\/\/api.w.org\/{rel}","templated":true}]}}