{"id":1782,"date":"2024-04-03T12:38:13","date_gmt":"2024-04-03T10:38:13","guid":{"rendered":"http:\/\/bedrock.local\/born-to-lift\/responsabilita-ambientale\/"},"modified":"2024-12-06T11:30:15","modified_gmt":"2024-12-06T10:30:15","slug":"responsabilita-ambientale","status":"publish","type":"page","link":"https:\/\/www.omis.net\/it-it\/born-to-lift\/responsabilita-ambientale\/","title":{"rendered":"Responsabilit\u00e0 ambientale"},"content":{"rendered":"","protected":false},"excerpt":{"rendered":"","protected":false},"author":2,"featured_media":0,"parent":1762,"menu_order":0,"comment_status":"closed","ping_status":"closed","template":"templates\/template-sostenibilita.php","meta":{"_acf_changed":true,"footnotes":""},"class_list":["post-1782","page","type-page","status-publish","hentry"],"acf":{"seo_title":"Sostenibilit\u00e0: Risorse, idee, energie in movimento verso un futuro migliore.\u00a0 | OMIS","seo_description":"OMIS si impegna per la sostenibilit\u00e0 e la sicurezza, rispettando l\u2019ambiente e il benessere delle persone. La nostra cultura promuove etica, diversit\u00e0 e inclusione, rendendo la movimentazione di materiali pesanti pi\u00f9 sicura e sostenibile e riducendo l'impatto ecologico delle nostre attivit\u00e0."},"yoast_head":"<!-- This site is optimized with the Yoast SEO plugin v23.9 - https:\/\/yoast.com\/wordpress\/plugins\/seo\/ -->\n<title>Sostenibilit\u00e0: Risorse, idee, energie in movimento verso un futuro migliore.\u00a0 | OMIS<\/title>\n<meta name=\"description\" content=\"OMIS si impegna per la sostenibilit\u00e0 e la sicurezza, rispettando l\u2019ambiente e il benessere delle persone. La nostra cultura promuove etica, diversit\u00e0 e inclusione, rendendo la movimentazione di materiali pesanti pi\u00f9 sicura e sostenibile e riducendo l&#039;impatto ecologico delle nostre attivit\u00e0.\" \/>\n<meta name=\"robots\" content=\"index, follow, max-snippet:-1, max-image-preview:large, max-video-preview:-1\" \/>\n<meta property=\"og:locale\" content=\"it_IT\" \/>\n<meta property=\"og:type\" content=\"article\" \/>\n<meta property=\"og:title\" content=\"Sostenibilit\u00e0: Risorse, idee, energie in movimento verso un futuro migliore.\u00a0 | OMIS\" \/>\n<meta property=\"og:description\" content=\"OMIS si impegna per la sostenibilit\u00e0 e la sicurezza, rispettando l\u2019ambiente e il benessere delle persone. La nostra cultura promuove etica, diversit\u00e0 e inclusione, rendendo la movimentazione di materiali pesanti pi\u00f9 sicura e sostenibile e riducendo l&#039;impatto ecologico delle nostre attivit\u00e0.\" \/>\n<meta property=\"og:url\" content=\"https:\/\/www.omis.net\/it-it\/born-to-lift\/responsabilita-ambientale\/\" \/>\n<meta property=\"og:site_name\" content=\"OMIS\" \/>\n<meta property=\"article:publisher\" content=\"https:\/\/www.facebook.com\/omisgroup\" \/>\n<meta property=\"article:modified_time\" content=\"2024-12-06T10:30:15+00:00\" \/>\n<meta name=\"twitter:card\" content=\"summary_large_image\" \/>\n<script type=\"application\/ld+json\" class=\"yoast-schema-graph\">{\"@context\":\"https:\/\/schema.org\",\"@graph\":[{\"@type\":\"WebPage\",\"@id\":\"https:\/\/www.omis.net\/it-it\/born-to-lift\/responsabilita-ambientale\/\",\"url\":\"https:\/\/www.omis.net\/it-it\/born-to-lift\/responsabilita-ambientale\/\",\"name\":\"Sostenibilit\u00e0: Risorse, idee, energie in movimento verso un futuro migliore.\u00a0 | OMIS\",\"isPartOf\":{\"@id\":\"https:\/\/www.omis.net\/it-it\/#website\"},\"datePublished\":\"2024-04-03T10:38:13+00:00\",\"dateModified\":\"2024-12-06T10:30:15+00:00\",\"description\":\"OMIS si impegna per la sostenibilit\u00e0 e la sicurezza, rispettando l\u2019ambiente e il benessere delle persone. La nostra cultura promuove etica, diversit\u00e0 e inclusione, rendendo la movimentazione di materiali pesanti pi\u00f9 sicura e sostenibile e riducendo l'impatto ecologico delle nostre attivit\u00e0.\",\"breadcrumb\":{\"@id\":\"https:\/\/www.omis.net\/it-it\/born-to-lift\/responsabilita-ambientale\/#breadcrumb\"},\"inLanguage\":\"it-it\",\"potentialAction\":[{\"@type\":\"ReadAction\",\"target\":[\"https:\/\/www.omis.net\/it-it\/born-to-lift\/responsabilita-ambientale\/\"]}]},{\"@type\":\"BreadcrumbList\",\"@id\":\"https:\/\/www.omis.net\/it-it\/born-to-lift\/responsabilita-ambientale\/#breadcrumb\",\"itemListElement\":[{\"@type\":\"ListItem\",\"position\":1,\"name\":\"Home\",\"item\":\"https:\/\/www.omis.net\/it-it\/\"},{\"@type\":\"ListItem\",\"position\":2,\"name\":\"Born to lift\",\"item\":\"https:\/\/www.omis.net\/it-it\/born-to-lift\/\"},{\"@type\":\"ListItem\",\"position\":3,\"name\":\"Responsabilit\u00e0 ambientale\"}]},{\"@type\":\"WebSite\",\"@id\":\"https:\/\/www.omis.net\/it-it\/#website\",\"url\":\"https:\/\/www.omis.net\/it-it\/\",\"name\":\"Omis Spa\",\"description\":\"Movimentazione e sollevamento\",\"publisher\":{\"@id\":\"https:\/\/www.omis.net\/it-it\/#organization\"},\"potentialAction\":[{\"@type\":\"SearchAction\",\"target\":{\"@type\":\"EntryPoint\",\"urlTemplate\":\"https:\/\/www.omis.net\/it-it\/?s={search_term_string}\"},\"query-input\":{\"@type\":\"PropertyValueSpecification\",\"valueRequired\":true,\"valueName\":\"search_term_string\"}}],\"inLanguage\":\"it-it\"},{\"@type\":\"Organization\",\"@id\":\"https:\/\/www.omis.net\/it-it\/#organization\",\"name\":\"Omis Spa\",\"url\":\"https:\/\/www.omis.net\/it-it\/\",\"logo\":{\"@type\":\"ImageObject\",\"inLanguage\":\"it-it\",\"@id\":\"https:\/\/www.omis.net\/it-it\/#\/schema\/logo\/image\/\",\"url\":\"https:\/\/media.omis.net\/media\/2024\/08\/logo.jpg\",\"contentUrl\":\"https:\/\/media.omis.net\/media\/2024\/08\/logo.jpg\",\"width\":300,\"height\":300,\"caption\":\"Omis Spa\"},\"image\":{\"@id\":\"https:\/\/www.omis.net\/it-it\/#\/schema\/logo\/image\/\"},\"sameAs\":[\"https:\/\/www.facebook.com\/omisgroup\",\"https:\/\/www.linkedin.com\/company\/omis-group\",\"https:\/\/www.youtube.com\/channel\/UCS4L59XDk3kKBI9MnjuxWDw\",\"https:\/\/www.instagram.com\/omisgroup\"]}]}<\/script>\n<!-- \/ Yoast SEO plugin. -->","yoast_head_json":{"title":"Sostenibilit\u00e0: Risorse, idee, energie in movimento verso un futuro migliore.\u00a0 | OMIS","description":"OMIS si impegna per la sostenibilit\u00e0 e la sicurezza, rispettando l\u2019ambiente e il benessere delle persone. La nostra cultura promuove etica, diversit\u00e0 e inclusione, rendendo la movimentazione di materiali pesanti pi\u00f9 sicura e sostenibile e riducendo l'impatto ecologico delle nostre attivit\u00e0.","robots":{"index":"index","follow":"follow","max-snippet":"max-snippet:-1","max-image-preview":"max-image-preview:large","max-video-preview":"max-video-preview:-1"},"og_locale":"it_IT","og_type":"article","og_title":"Sostenibilit\u00e0: Risorse, idee, energie in movimento verso un futuro migliore.\u00a0 | OMIS","og_description":"OMIS si impegna per la sostenibilit\u00e0 e la sicurezza, rispettando l\u2019ambiente e il benessere delle persone. La nostra cultura promuove etica, diversit\u00e0 e inclusione, rendendo la movimentazione di materiali pesanti pi\u00f9 sicura e sostenibile e riducendo l'impatto ecologico delle nostre attivit\u00e0.","og_url":"https:\/\/www.omis.net\/it-it\/born-to-lift\/responsabilita-ambientale\/","og_site_name":"OMIS","article_publisher":"https:\/\/www.facebook.com\/omisgroup","article_modified_time":"2024-12-06T10:30:15+00:00","twitter_card":"summary_large_image","schema":{"@context":"https:\/\/schema.org","@graph":[{"@type":"WebPage","@id":"https:\/\/www.omis.net\/it-it\/born-to-lift\/responsabilita-ambientale\/","url":"https:\/\/www.omis.net\/it-it\/born-to-lift\/responsabilita-ambientale\/","name":"Sostenibilit\u00e0: Risorse, idee, energie in movimento verso un futuro migliore.\u00a0 | OMIS","isPartOf":{"@id":"https:\/\/www.omis.net\/it-it\/#website"},"datePublished":"2024-04-03T10:38:13+00:00","dateModified":"2024-12-06T10:30:15+00:00","description":"OMIS si impegna per la sostenibilit\u00e0 e la sicurezza, rispettando l\u2019ambiente e il benessere delle persone. La nostra cultura promuove etica, diversit\u00e0 e inclusione, rendendo la movimentazione di materiali pesanti pi\u00f9 sicura e sostenibile e riducendo l'impatto ecologico delle nostre attivit\u00e0.","breadcrumb":{"@id":"https:\/\/www.omis.net\/it-it\/born-to-lift\/responsabilita-ambientale\/#breadcrumb"},"inLanguage":"it-it","potentialAction":[{"@type":"ReadAction","target":["https:\/\/www.omis.net\/it-it\/born-to-lift\/responsabilita-ambientale\/"]}]},{"@type":"BreadcrumbList","@id":"https:\/\/www.omis.net\/it-it\/born-to-lift\/responsabilita-ambientale\/#breadcrumb","itemListElement":[{"@type":"ListItem","position":1,"name":"Home","item":"https:\/\/www.omis.net\/it-it\/"},{"@type":"ListItem","position":2,"name":"Born to lift","item":"https:\/\/www.omis.net\/it-it\/born-to-lift\/"},{"@type":"ListItem","position":3,"name":"Responsabilit\u00e0 ambientale"}]},{"@type":"WebSite","@id":"https:\/\/www.omis.net\/it-it\/#website","url":"https:\/\/www.omis.net\/it-it\/","name":"Omis Spa","description":"Movimentazione e sollevamento","publisher":{"@id":"https:\/\/www.omis.net\/it-it\/#organization"},"potentialAction":[{"@type":"SearchAction","target":{"@type":"EntryPoint","urlTemplate":"https:\/\/www.omis.net\/it-it\/?s={search_term_string}"},"query-input":{"@type":"PropertyValueSpecification","valueRequired":true,"valueName":"search_term_string"}}],"inLanguage":"it-it"},{"@type":"Organization","@id":"https:\/\/www.omis.net\/it-it\/#organization","name":"Omis Spa","url":"https:\/\/www.omis.net\/it-it\/","logo":{"@type":"ImageObject","inLanguage":"it-it","@id":"https:\/\/www.omis.net\/it-it\/#\/schema\/logo\/image\/","url":"https:\/\/media.omis.net\/media\/2024\/08\/logo.jpg","contentUrl":"https:\/\/media.omis.net\/media\/2024\/08\/logo.jpg","width":300,"height":300,"caption":"Omis Spa"},"image":{"@id":"https:\/\/www.omis.net\/it-it\/#\/schema\/logo\/image\/"},"sameAs":["https:\/\/www.facebook.com\/omisgroup","https:\/\/www.linkedin.com\/company\/omis-group","https:\/\/www.youtube.com\/channel\/UCS4L59XDk3kKBI9MnjuxWDw","https:\/\/www.instagram.com\/omisgroup"]}]}},"_links":{"self":[{"href":"https:\/\/www.omis.net\/it-it\/wp-json\/wp\/v2\/pages\/1782"}],"collection":[{"href":"https:\/\/www.omis.net\/it-it\/wp-json\/wp\/v2\/pages"}],"about":[{"href":"https:\/\/www.omis.net\/it-it\/wp-json\/wp\/v2\/types\/page"}],"author":[{"embeddable":true,"href":"https:\/\/www.omis.net\/it-it\/wp-json\/wp\/v2\/users\/2"}],"replies":[{"embeddable":true,"href":"https:\/\/www.omis.net\/it-it\/wp-json\/wp\/v2\/comments?post=1782"}],"version-history":[{"count":0,"href":"https:\/\/www.omis.net\/it-it\/wp-json\/wp\/v2\/pages\/1782\/revisions"}],"up":[{"embeddable":true,"href":"https:\/\/www.omis.net\/it-it\/wp-json\/wp\/v2\/pages\/1762"}],"wp:attachment":[{"href":"https:\/\/www.omis.net\/it-it\/wp-json\/wp\/v2\/media?parent=1782"}],"curies":[{"name":"wp","href":"https:\/\/api.w.org\/{rel}","templated":true}]}}