{"id":7318,"date":"2024-12-18T11:04:00","date_gmt":"2024-12-18T10:04:00","guid":{"rendered":"http:\/\/bedrock.local\/product\/motorise\/"},"modified":"2026-03-03T14:42:26","modified_gmt":"2026-03-03T13:42:26","slug":"pont-roulant-electrique-suspendu","status":"publish","type":"product","link":"https:\/\/www.omis.net\/fr-fr\/produit\/pont-roulant-electrique-suspendu\/","title":{"rendered":"Pont roulant \u00e9lectrique suspendu"},"content":{"rendered":"","protected":false},"featured_media":13921,"parent":0,"template":"","caratteristica-prodotto":[],"tipologia-prodotto":[705,747],"class_list":["post-7318","product","type-product","status-publish","has-post-thumbnail","hentry","tipologia-prodotto-grues-de-poste-de-travail","tipologia-prodotto-installations-suspendues"],"acf":{"import_csv_id":"41","prodotto_generale_sku":"GSE","prodotto_listing_card_descrizione":"Le pont roulant \u00e9lectrique suspendu d\u00e9place les mat\u00e9riaux dans l'usine en laissant le sol d\u00e9gag\u00e9 pour toutes les autres op\u00e9rations de production.","prodotto_listing_card_caratteristiche":null,"prodotto_page_gradient_hero":false,"prodotto_page_titolo_hero":"Marchandises en mouvement, espace \u00e0 disposition.","prodotto_page_gallery_hero":[13914],"prodotto_page_descrizione_3_colonne_posizione":false,"prodotto_page_descrizione_3_colonne":[{"valore":"125\u00a0kg","unita_di_misura":"","etichetta":"Capacit\u00e9 minimale"},{"valore":"3200\u00a0kg","unita_di_misura":"","etichetta":"Capacit\u00e9 maximale"},{"valore":"10\u00a0m","unita_di_misura":"","etichetta":"Largeur maximale"}],"prodotto_page_descrizione_titolo":"Installations suspendues motoris\u00e9es, capacit\u00e9 maximale 5000\u00a0kg","prodotto_page_descrizione_3_colonne_testo":"<strong>OMIS con\u00e7oit et r\u00e9alise des installations de levage suspendues, avec chemins de roulement r\u00e9alis\u00e9s avec poutre en double T lamin\u00e9e, pour le d\u00e9placement motoris\u00e9 du pont. Le pont se d\u00e9place \u00e9lectriquement le long des chemins de roulement install\u00e9s en hauteur par rapport au sol et offrant donc un espace libre pour le d\u00e9roulement des activit\u00e9s.<\/strong>\r\n\r\nL'installation suspendue, en version monopoutre, est con\u00e7ue pour d\u00e9placer des marchandises dans une usine de production ou sur des cha\u00eenes d'assemblage. Le pont roulant \u00e9lectrique suspendu motoris\u00e9 soul\u00e8ve la charge verticalement et la d\u00e9place le long des axes transversaux et longitudinaux \u00e0 l'aide du chariot et des sommiers motoris\u00e9s du pont. Le grand avantage de ce type d'installation de levage pour la productivit\u00e9 quotidienne est pr\u00e9cis\u00e9ment la pr\u00e9rogative d'op\u00e9rer de mani\u00e8re efficace et pr\u00e9cise, en toute s\u00e9curit\u00e9, sans interf\u00e9rer avec le travail ordinaire et extraordinaire des employ\u00e9s et des machines dans le p\u00e9rim\u00e8tre de l'unit\u00e9 de production, ce qui accro\u00eet l'efficacit\u00e9 et permet d'\u00e9conomiser du temps et de l'espace.","prodotto_page_descrizione_titolo_vantaggi":"Avantages du pont roulant suspendu motoris\u00e9","prodotto_page_descrizione_vantaggi":[{"titolo":"Capacit\u00e9 accrue","testo":"","link":"","archivio_prodotti":null},{"titolo":"Pr\u00e9cision sup\u00e9rieure","testo":"","link":"","archivio_prodotti":null},{"titolo":"Facile \u00e0 utiliser","testo":"","link":"","archivio_prodotti":null},{"titolo":"Encombrement minimum au sol","testo":"","link":"","archivio_prodotti":null},{"titolo":"Productivit\u00e9 et s\u00e9curit\u00e9 accrues","testo":"","link":"","archivio_prodotti":null}],"prodotto_page_tabs_dati_tecnici":[{"etichetta":"Capacit\u00e9","valore":"125\u00a0kg - 3200\u00a0kg"},{"etichetta":"Largeur maximale","valore":"10\u00a0m"},{"etichetta":"Profil\u00e9 du pont","valore":"Poutre en double T"},{"etichetta":"Profil\u00e9 chemins de roulement","valore":"Poutre en double T"},{"etichetta":"Ancrage","valore":"Sur la structure existante ou \u00e0 travers des structures de support m\u00e9talliques personnalis\u00e9es"},{"etichetta":"Bo\u00eete \u00e0 boutons","valore":"Suspendue au palan"},{"etichetta":"Translation","valore":"\u00c9lectrique, sur des sommiers motoris\u00e9s"}],"prodotto_page_tabs_optionals":[{"titolo":"Peinture personnalis\u00e9e","testo":"La couleur de la peinture peut \u00eatre personnalis\u00e9e pour r\u00e9pondre \u00e0 des besoins sp\u00e9cifiques, \u00e0 des exigences en mati\u00e8re de design ou de marque.","immagine":null},{"titolo":"Structures de support m\u00e9talliques personnalis\u00e9es","testo":"Sur demande, des structures de support m\u00e9talliques personnalis\u00e9es ou des solutions sur mesure peuvent \u00eatre con\u00e7ues, garantissant que chaque exigence sp\u00e9cifique est satisfaite avec pr\u00e9cision et qualit\u00e9.","immagine":null},{"titolo":"Chemins de roulement en caisson","testo":"Dans le cas de capacit\u00e9s \u00e9lev\u00e9es, des chemins de roulement en caisson peuvent \u00eatre con\u00e7us et construits sur demande pour une plus grande fiabilit\u00e9. Ces structures offrent une solidit\u00e9 et une r\u00e9sistance \u00e0 la d\u00e9formation sup\u00e9rieures sous de lourdes charges, ce qui garantit une plus grande stabilit\u00e9 et une meilleure durabilit\u00e9.","immagine":null},{"titolo":"Translation pilot\u00e9e par variateur","testo":"Le syst\u00e8me de translation pilot\u00e9 par variateur assure des mouvements fluides et pr\u00e9cis, optimisant ainsi le contr\u00f4le et l'efficacit\u00e9 op\u00e9rationnelle.","immagine":null},{"titolo":"Radiocommande ou bo\u00eete \u00e0 boutons ind\u00e9pendante","testo":"Le syst\u00e8me avec radiocommande ou bo\u00eete \u00e0 boutons ind\u00e9pendante offre un contr\u00f4le polyvalent et intuitif, am\u00e9liorant la s\u00e9curit\u00e9 et l'efficacit\u00e9 des op\u00e9rations. Id\u00e9al pour les environnements dynamiques, il permet un fonctionnement simple et s'adapte aux diff\u00e9rents besoins.","immagine":null}],"prodotto_page_tabs_downloads":null,"prodotto_page_gallery":[13886,13893,13907,13900],"prodotto_page_customer_story_titolo":"","prodotto_page_customer_story_list":null,"prodotto_page_applicazioni_list":"- Agricoltura e Alimentare\r\n- Manifatturiero\r\n- Energetico\r\n- Edile e delle costruzioni\r\n- Tecnologie dell'informazione e ICT\r\n- Trasporti e logistica\r\n- Commercio al dettaglio\r\n- Culturale e dell'intrattenimento\r\n- Ambientale e della sostenibilit\u00e0\r\n- Ricerca e sviluppo\r\n- Arti e Artigianato","prodotto_page_faq_list":null,"prodotto_page_testo_prodotti_correlati":"<h2>Produits connexes<\/h2>\r\nD\u00e9couvrez \u00e9galement ces produits et trouvez d'autres solutions pour votre activit\u00e9.","prodotto_page_lista_prodotti_correlati":"- C\r\n- GSM\r\n- BILIF","prodotto_page_titolo_componenti_3d":"","prodotto_page_immagine_iniziale_componenti_3d":null,"prodotto_page_lista_componenti_3d":null,"prodotto_page_titolo_slider_configurazioni":"Produits et configurations","prodotto_page_lista_immgini_slider_configurazioni":[{"etichetta":"Vue avant","immagine":13935},{"etichetta":"Vue du haut","immagine":13949},{"etichetta":"Perspective","immagine":13928},{"etichetta":"D\u00e9tail","immagine":13942}],"prodotto_page_titolo_slider_configurazioni_2":"<h2><\/h2>","prodotto_page_lista_immgini_slider_configurazioni_2":null,"seo_title":"Pont roulant suspendu motoris\u00e9, capacit\u00e9 5\u00a0000\u00a0kg | OMIS","seo_description":"Pont roulant suspendu motoris\u00e9 d'une capacit\u00e9 de 5\u00a0000\u00a0kg, avec des chemins de roulement en poutre en double T lamin\u00e9e. Le pont se d\u00e9place \u00e9lectriquement en hauteur, lib\u00e9rant ainsi de l'espace au sol pour les activit\u00e9s de production. Id\u00e9al pour les usines et les cha\u00eenes de montage, il manipule les charges avec pr\u00e9cision et s\u00e9curit\u00e9. En savoir plus"},"yoast_head":"<!-- This site is optimized with the Yoast SEO plugin v23.9 - https:\/\/yoast.com\/wordpress\/plugins\/seo\/ -->\n<title>Pont roulant suspendu motoris\u00e9, capacit\u00e9 5\u00a0000\u00a0kg | OMIS<\/title>\n<meta name=\"description\" content=\"Pont roulant suspendu motoris\u00e9 d&#039;une capacit\u00e9 de 5\u00a0000\u00a0kg, avec des chemins de roulement en poutre en double T lamin\u00e9e. Le pont se d\u00e9place \u00e9lectriquement en hauteur, lib\u00e9rant ainsi de l&#039;espace au sol pour les activit\u00e9s de production. Id\u00e9al pour les usines et les cha\u00eenes de montage, il manipule les charges avec pr\u00e9cision et s\u00e9curit\u00e9. En savoir plus\" \/>\n<meta name=\"robots\" content=\"index, follow, max-snippet:-1, max-image-preview:large, max-video-preview:-1\" \/>\n<meta property=\"og:locale\" content=\"fr_FR\" \/>\n<meta property=\"og:type\" content=\"article\" \/>\n<meta property=\"og:title\" content=\"Pont roulant suspendu motoris\u00e9, capacit\u00e9 5\u00a0000\u00a0kg | OMIS\" \/>\n<meta property=\"og:description\" content=\"Pont roulant suspendu motoris\u00e9 d&#039;une capacit\u00e9 de 5\u00a0000\u00a0kg, avec des chemins de roulement en poutre en double T lamin\u00e9e. Le pont se d\u00e9place \u00e9lectriquement en hauteur, lib\u00e9rant ainsi de l&#039;espace au sol pour les activit\u00e9s de production. Id\u00e9al pour les usines et les cha\u00eenes de montage, il manipule les charges avec pr\u00e9cision et s\u00e9curit\u00e9. En savoir plus\" \/>\n<meta property=\"og:url\" content=\"https:\/\/www.omis.net\/fr-fr\/produit\/pont-roulant-electrique-suspendu\/\" \/>\n<meta property=\"og:site_name\" content=\"Omis Spa\" \/>\n<meta property=\"article:publisher\" content=\"https:\/\/www.facebook.com\/omisgroup\" \/>\n<meta property=\"article:modified_time\" content=\"2026-03-03T13:42:26+00:00\" \/>\n<meta property=\"og:image\" content=\"https:\/\/media.omis.net\/media\/2024\/12\/powered-suspended-system-gse-500kg-omis-scaled.webp\" \/>\n\t<meta property=\"og:image:width\" content=\"2560\" \/>\n\t<meta property=\"og:image:height\" content=\"1709\" \/>\n\t<meta property=\"og:image:type\" content=\"image\/webp\" \/>\n<meta name=\"twitter:card\" content=\"summary_large_image\" \/>\n<meta name=\"twitter:label1\" content=\"Est. reading time\" \/>\n\t<meta name=\"twitter:data1\" content=\"1 minute\" \/>\n<script type=\"application\/ld+json\" class=\"yoast-schema-graph\">{\"@context\":\"https:\/\/schema.org\",\"@graph\":[{\"@type\":\"WebPage\",\"@id\":\"https:\/\/www.omis.net\/fr-fr\/produit\/pont-roulant-electrique-suspendu\/\",\"url\":\"https:\/\/www.omis.net\/fr-fr\/produit\/pont-roulant-electrique-suspendu\/\",\"name\":\"Pont roulant suspendu motoris\u00e9, capacit\u00e9 5\u00a0000\u00a0kg | OMIS\",\"isPartOf\":{\"@id\":\"https:\/\/www.omis.net\/it-it\/#website\"},\"primaryImageOfPage\":{\"@id\":\"https:\/\/www.omis.net\/fr-fr\/produit\/pont-roulant-electrique-suspendu\/#primaryimage\"},\"image\":{\"@id\":\"https:\/\/www.omis.net\/fr-fr\/produit\/pont-roulant-electrique-suspendu\/#primaryimage\"},\"thumbnailUrl\":\"https:\/\/media.omis.net\/media\/2024\/12\/powered-suspended-system-gse-500kg-omis-scaled.webp\",\"datePublished\":\"2024-12-18T10:04:00+00:00\",\"dateModified\":\"2026-03-03T13:42:26+00:00\",\"description\":\"Pont roulant suspendu motoris\u00e9 d'une capacit\u00e9 de 5\u00a0000\u00a0kg, avec des chemins de roulement en poutre en double T lamin\u00e9e. Le pont se d\u00e9place \u00e9lectriquement en hauteur, lib\u00e9rant ainsi de l'espace au sol pour les activit\u00e9s de production. Id\u00e9al pour les usines et les cha\u00eenes de montage, il manipule les charges avec pr\u00e9cision et s\u00e9curit\u00e9. En savoir plus\",\"breadcrumb\":{\"@id\":\"https:\/\/www.omis.net\/fr-fr\/produit\/pont-roulant-electrique-suspendu\/#breadcrumb\"},\"inLanguage\":\"fr-fr\",\"potentialAction\":[{\"@type\":\"ReadAction\",\"target\":[\"https:\/\/www.omis.net\/fr-fr\/produit\/pont-roulant-electrique-suspendu\/\"]}]},{\"@type\":\"ImageObject\",\"inLanguage\":\"fr-fr\",\"@id\":\"https:\/\/www.omis.net\/fr-fr\/produit\/pont-roulant-electrique-suspendu\/#primaryimage\",\"url\":\"https:\/\/media.omis.net\/media\/2024\/12\/powered-suspended-system-gse-500kg-omis-scaled.webp\",\"contentUrl\":\"https:\/\/media.omis.net\/media\/2024\/12\/powered-suspended-system-gse-500kg-omis-scaled.webp\",\"width\":2560,\"height\":1709,\"caption\":\"header - Powered suspended system gse 500kg Omis\"},{\"@type\":\"BreadcrumbList\",\"@id\":\"https:\/\/www.omis.net\/fr-fr\/produit\/pont-roulant-electrique-suspendu\/#breadcrumb\",\"itemListElement\":[{\"@type\":\"ListItem\",\"position\":1,\"name\":\"Home\",\"item\":\"https:\/\/www.omis.net\/fr-fr\/\"},{\"@type\":\"ListItem\",\"position\":2,\"name\":\"Pont roulant \u00e9lectrique suspendu\"}]},{\"@type\":\"WebSite\",\"@id\":\"https:\/\/www.omis.net\/it-it\/#website\",\"url\":\"https:\/\/www.omis.net\/it-it\/\",\"name\":\"Omis Spa\",\"description\":\"Movimentazione e sollevamento\",\"publisher\":{\"@id\":\"https:\/\/www.omis.net\/it-it\/#organization\"},\"potentialAction\":[{\"@type\":\"SearchAction\",\"target\":{\"@type\":\"EntryPoint\",\"urlTemplate\":\"https:\/\/www.omis.net\/it-it\/?s={search_term_string}\"},\"query-input\":{\"@type\":\"PropertyValueSpecification\",\"valueRequired\":true,\"valueName\":\"search_term_string\"}}],\"inLanguage\":\"fr-fr\"},{\"@type\":\"Organization\",\"@id\":\"https:\/\/www.omis.net\/it-it\/#organization\",\"name\":\"Omis Spa\",\"url\":\"https:\/\/www.omis.net\/it-it\/\",\"logo\":{\"@type\":\"ImageObject\",\"inLanguage\":\"fr-fr\",\"@id\":\"https:\/\/www.omis.net\/it-it\/#\/schema\/logo\/image\/\",\"url\":\"https:\/\/media.omis.net\/media\/2024\/08\/logo.jpg\",\"contentUrl\":\"https:\/\/media.omis.net\/media\/2024\/08\/logo.jpg\",\"width\":300,\"height\":300,\"caption\":\"Omis Spa\"},\"image\":{\"@id\":\"https:\/\/www.omis.net\/it-it\/#\/schema\/logo\/image\/\"},\"sameAs\":[\"https:\/\/www.facebook.com\/omisgroup\",\"https:\/\/www.linkedin.com\/company\/omis-group\",\"https:\/\/www.youtube.com\/channel\/UCS4L59XDk3kKBI9MnjuxWDw\",\"https:\/\/www.instagram.com\/omisgroup\"]}]}<\/script>\n<!-- \/ Yoast SEO plugin. -->","yoast_head_json":{"title":"Pont roulant suspendu motoris\u00e9, capacit\u00e9 5\u00a0000\u00a0kg | OMIS","description":"Pont roulant suspendu motoris\u00e9 d'une capacit\u00e9 de 5\u00a0000\u00a0kg, avec des chemins de roulement en poutre en double T lamin\u00e9e. Le pont se d\u00e9place \u00e9lectriquement en hauteur, lib\u00e9rant ainsi de l'espace au sol pour les activit\u00e9s de production. Id\u00e9al pour les usines et les cha\u00eenes de montage, il manipule les charges avec pr\u00e9cision et s\u00e9curit\u00e9. En savoir plus","robots":{"index":"index","follow":"follow","max-snippet":"max-snippet:-1","max-image-preview":"max-image-preview:large","max-video-preview":"max-video-preview:-1"},"og_locale":"fr_FR","og_type":"article","og_title":"Pont roulant suspendu motoris\u00e9, capacit\u00e9 5\u00a0000\u00a0kg | OMIS","og_description":"Pont roulant suspendu motoris\u00e9 d'une capacit\u00e9 de 5\u00a0000\u00a0kg, avec des chemins de roulement en poutre en double T lamin\u00e9e. Le pont se d\u00e9place \u00e9lectriquement en hauteur, lib\u00e9rant ainsi de l'espace au sol pour les activit\u00e9s de production. Id\u00e9al pour les usines et les cha\u00eenes de montage, il manipule les charges avec pr\u00e9cision et s\u00e9curit\u00e9. En savoir plus","og_url":"https:\/\/www.omis.net\/fr-fr\/produit\/pont-roulant-electrique-suspendu\/","og_site_name":"Omis Spa","article_publisher":"https:\/\/www.facebook.com\/omisgroup","article_modified_time":"2026-03-03T13:42:26+00:00","og_image":[{"width":2560,"height":1709,"url":"https:\/\/media.omis.net\/media\/2024\/12\/powered-suspended-system-gse-500kg-omis-scaled.webp","type":"image\/webp"}],"twitter_card":"summary_large_image","twitter_misc":{"Est. reading time":"1 minute"},"schema":{"@context":"https:\/\/schema.org","@graph":[{"@type":"WebPage","@id":"https:\/\/www.omis.net\/fr-fr\/produit\/pont-roulant-electrique-suspendu\/","url":"https:\/\/www.omis.net\/fr-fr\/produit\/pont-roulant-electrique-suspendu\/","name":"Pont roulant suspendu motoris\u00e9, capacit\u00e9 5\u00a0000\u00a0kg | OMIS","isPartOf":{"@id":"https:\/\/www.omis.net\/it-it\/#website"},"primaryImageOfPage":{"@id":"https:\/\/www.omis.net\/fr-fr\/produit\/pont-roulant-electrique-suspendu\/#primaryimage"},"image":{"@id":"https:\/\/www.omis.net\/fr-fr\/produit\/pont-roulant-electrique-suspendu\/#primaryimage"},"thumbnailUrl":"https:\/\/media.omis.net\/media\/2024\/12\/powered-suspended-system-gse-500kg-omis-scaled.webp","datePublished":"2024-12-18T10:04:00+00:00","dateModified":"2026-03-03T13:42:26+00:00","description":"Pont roulant suspendu motoris\u00e9 d'une capacit\u00e9 de 5\u00a0000\u00a0kg, avec des chemins de roulement en poutre en double T lamin\u00e9e. Le pont se d\u00e9place \u00e9lectriquement en hauteur, lib\u00e9rant ainsi de l'espace au sol pour les activit\u00e9s de production. Id\u00e9al pour les usines et les cha\u00eenes de montage, il manipule les charges avec pr\u00e9cision et s\u00e9curit\u00e9. En savoir plus","breadcrumb":{"@id":"https:\/\/www.omis.net\/fr-fr\/produit\/pont-roulant-electrique-suspendu\/#breadcrumb"},"inLanguage":"fr-fr","potentialAction":[{"@type":"ReadAction","target":["https:\/\/www.omis.net\/fr-fr\/produit\/pont-roulant-electrique-suspendu\/"]}]},{"@type":"ImageObject","inLanguage":"fr-fr","@id":"https:\/\/www.omis.net\/fr-fr\/produit\/pont-roulant-electrique-suspendu\/#primaryimage","url":"https:\/\/media.omis.net\/media\/2024\/12\/powered-suspended-system-gse-500kg-omis-scaled.webp","contentUrl":"https:\/\/media.omis.net\/media\/2024\/12\/powered-suspended-system-gse-500kg-omis-scaled.webp","width":2560,"height":1709,"caption":"header - Powered suspended system gse 500kg Omis"},{"@type":"BreadcrumbList","@id":"https:\/\/www.omis.net\/fr-fr\/produit\/pont-roulant-electrique-suspendu\/#breadcrumb","itemListElement":[{"@type":"ListItem","position":1,"name":"Home","item":"https:\/\/www.omis.net\/fr-fr\/"},{"@type":"ListItem","position":2,"name":"Pont roulant \u00e9lectrique suspendu"}]},{"@type":"WebSite","@id":"https:\/\/www.omis.net\/it-it\/#website","url":"https:\/\/www.omis.net\/it-it\/","name":"Omis Spa","description":"Movimentazione e sollevamento","publisher":{"@id":"https:\/\/www.omis.net\/it-it\/#organization"},"potentialAction":[{"@type":"SearchAction","target":{"@type":"EntryPoint","urlTemplate":"https:\/\/www.omis.net\/it-it\/?s={search_term_string}"},"query-input":{"@type":"PropertyValueSpecification","valueRequired":true,"valueName":"search_term_string"}}],"inLanguage":"fr-fr"},{"@type":"Organization","@id":"https:\/\/www.omis.net\/it-it\/#organization","name":"Omis Spa","url":"https:\/\/www.omis.net\/it-it\/","logo":{"@type":"ImageObject","inLanguage":"fr-fr","@id":"https:\/\/www.omis.net\/it-it\/#\/schema\/logo\/image\/","url":"https:\/\/media.omis.net\/media\/2024\/08\/logo.jpg","contentUrl":"https:\/\/media.omis.net\/media\/2024\/08\/logo.jpg","width":300,"height":300,"caption":"Omis Spa"},"image":{"@id":"https:\/\/www.omis.net\/it-it\/#\/schema\/logo\/image\/"},"sameAs":["https:\/\/www.facebook.com\/omisgroup","https:\/\/www.linkedin.com\/company\/omis-group","https:\/\/www.youtube.com\/channel\/UCS4L59XDk3kKBI9MnjuxWDw","https:\/\/www.instagram.com\/omisgroup"]}]}},"_links":{"self":[{"href":"https:\/\/www.omis.net\/fr-fr\/wp-json\/wp\/v2\/product\/7318"}],"collection":[{"href":"https:\/\/www.omis.net\/fr-fr\/wp-json\/wp\/v2\/product"}],"about":[{"href":"https:\/\/www.omis.net\/fr-fr\/wp-json\/wp\/v2\/types\/product"}],"acf:attachment":[{"embeddable":true,"href":"https:\/\/www.omis.net\/fr-fr\/wp-json\/wp\/v2\/media\/13900"},{"embeddable":true,"href":"https:\/\/www.omis.net\/fr-fr\/wp-json\/wp\/v2\/media\/13907"},{"embeddable":true,"href":"https:\/\/www.omis.net\/fr-fr\/wp-json\/wp\/v2\/media\/13893"},{"embeddable":true,"href":"https:\/\/www.omis.net\/fr-fr\/wp-json\/wp\/v2\/media\/13886"},{"embeddable":true,"href":"https:\/\/www.omis.net\/fr-fr\/wp-json\/wp\/v2\/media\/13914"}],"wp:featuredmedia":[{"embeddable":true,"href":"https:\/\/www.omis.net\/fr-fr\/wp-json\/wp\/v2\/media\/13921"}],"wp:attachment":[{"href":"https:\/\/www.omis.net\/fr-fr\/wp-json\/wp\/v2\/media?parent=7318"}],"wp:term":[{"taxonomy":"caratteristica-prodotto","embeddable":true,"href":"https:\/\/www.omis.net\/fr-fr\/wp-json\/wp\/v2\/caratteristica-prodotto?post=7318"},{"taxonomy":"tipologia-prodotto","embeddable":true,"href":"https:\/\/www.omis.net\/fr-fr\/wp-json\/wp\/v2\/tipologia-prodotto?post=7318"}],"curies":[{"name":"wp","href":"https:\/\/api.w.org\/{rel}","templated":true}]}}