{"id":7317,"date":"2024-12-18T11:03:44","date_gmt":"2024-12-18T10:03:44","guid":{"rendered":"http:\/\/bedrock.local\/product\/manuel\/"},"modified":"2025-02-05T14:34:29","modified_gmt":"2025-02-05T13:34:29","slug":"pont-roulant-suspendu-manuel","status":"publish","type":"product","link":"https:\/\/www.omis.net\/fr-fr\/produit\/pont-roulant-suspendu-manuel\/","title":{"rendered":"Pont roulant suspendu manuel"},"content":{"rendered":"","protected":false},"featured_media":14062,"parent":0,"template":"","caratteristica-prodotto":[],"tipologia-prodotto":[705,747],"class_list":["post-7317","product","type-product","status-publish","has-post-thumbnail","hentry","tipologia-prodotto-grues-de-poste-de-travail","tipologia-prodotto-installations-suspendues"],"acf":{"import_csv_id":"40","prodotto_generale_sku":"GSM","prodotto_listing_card_descrizione":"Pont roulant suspendu manuel, pratique et facile \u00e0 utiliser pour les charges l\u00e9g\u00e8res. Modulaire et personnalisable selon les exigences.","prodotto_listing_card_caratteristiche":null,"prodotto_page_gradient_hero":false,"prodotto_page_titolo_hero":"La solution la plus rapide et pratique jusqu'\u00e0 1\u00a0000\u00a0kg.","prodotto_page_gallery_hero":[14034],"prodotto_page_descrizione_3_colonne_posizione":false,"prodotto_page_descrizione_3_colonne":[{"valore":"125\u00a0kg","unita_di_misura":"","etichetta":"Capacit\u00e9 minimale"},{"valore":"1\u00a0000\u00a0kg","unita_di_misura":"","etichetta":"Capacit\u00e9 maximale"},{"valore":"8\u00a0m","unita_di_misura":"","etichetta":"Largeur maximale"}],"prodotto_page_descrizione_titolo":"Installations suspendues manuelles, capacit\u00e9 maximale 1\u00a0000\u00a0kg","prodotto_page_descrizione_3_colonne_testo":"<strong>Pour r\u00e9pondre aux exigences quotidiennes des entreprises dans la plupart des secteurs, OMIS propose une gamme standard d'installations de levage suspendues sur un rail. Les ponts roulants sont \u00e9quip\u00e9s de chemins de roulement pour la translation manuelle du pont, r\u00e9alis\u00e9s avec des profil\u00e9s en om\u00e9ga et \u00e0 fixer aux structures de couverture situ\u00e9es au-dessus ou \u00e0 supporter moyennant des portiques avec colonnes fix\u00e9es au sol.<\/strong>\r\n\r\nLes syst\u00e8mes de levage suspendus standards, \u00e0 commande manuelle, sont l'outil id\u00e9al pour la manutention de petites charges allant jusqu'\u00e0 1\u00a0000\u00a0kg. Le pont roulant manuel suspendu est facile et pratique \u00e0 assembler et \u00e0 modifier, modulaire et adaptable aux besoins du client. Ces syst\u00e8mes de manutention poss\u00e8dent un entraxe entre les suspensions jusqu'\u00e0 7\u00a0m et des chemins de roulement du pont r\u00e9alis\u00e9 avec des profil\u00e9s en om\u00e9ga \u00e0 fixer aux structures de couverture du hangar \u00e0 l'aide de suspensions ad hoc avec articulation \u00e0 rotule ou \u00e0 soutenir avec des portiques m\u00e9talliques con\u00e7us sp\u00e9cifiquement en fonction des exigences d'installation.","prodotto_page_descrizione_titolo_vantaggi":"Avantages du pont roulant suspendu manuel","prodotto_page_descrizione_vantaggi":[{"titolo":"Syst\u00e8me modulaire","testo":"","link":"","archivio_prodotti":null},{"titolo":"Facile \u00e0 installer, modifier et agrandir","testo":"","link":"","archivio_prodotti":null},{"titolo":"Personnalisable","testo":"","link":"","archivio_prodotti":null},{"titolo":"Facile \u00e0 utiliser","testo":"","link":"","archivio_prodotti":null},{"titolo":"Encombrement au sol minimum","testo":"","link":"","archivio_prodotti":null},{"titolo":"Productivit\u00e9 et s\u00e9curit\u00e9 accrues","testo":"","link":"","archivio_prodotti":null}],"prodotto_page_tabs_dati_tecnici":[{"etichetta":"Capacit\u00e9","valore":"125\u00a0kg - 1\u00a0000\u00a0kg"},{"etichetta":"Largeur maximale","valore":"8\u00a0m"},{"etichetta":"Profil\u00e9 du pont","valore":"Profil\u00e9 en om\u00e9ga"},{"etichetta":"Profil\u00e9 chemins de roulement","valore":"Profil\u00e9 en om\u00e9ga"},{"etichetta":"Ancrage","valore":"Sur la structure existante ou \u00e0 travers des structures de support m\u00e9talliques personnalis\u00e9es"},{"etichetta":"Translation","valore":"Manuelle, sur des chariots coulissant dans le profil\u00e9 de la poutre"}],"prodotto_page_tabs_optionals":[{"titolo":"Peinture personnalis\u00e9e","testo":"La couleur de la peinture peut \u00eatre personnalis\u00e9e pour r\u00e9pondre \u00e0 des besoins sp\u00e9cifiques, \u00e0 des exigences en mati\u00e8re de design ou de marque.","immagine":null},{"titolo":"Structures de support m\u00e9talliques personnalis\u00e9es","testo":"Sur demande, des structures de support m\u00e9talliques personnalis\u00e9es ou des solutions sur mesure peuvent \u00eatre con\u00e7ues, garantissant que chaque exigence sp\u00e9cifique est satisfaite avec pr\u00e9cision et qualit\u00e9.","immagine":null}],"prodotto_page_tabs_downloads":null,"prodotto_page_gallery":[14020,14027,14013,13985,13992,13999,14006],"prodotto_page_customer_story_titolo":"","prodotto_page_customer_story_list":null,"prodotto_page_applicazioni_list":"- Agricoltura e Alimentare\r\n- Manifatturiero\r\n- Energetico\r\n- Edile e delle costruzioni\r\n- Tecnologie dell'informazione e ICT\r\n- Trasporti e logistica\r\n- Commercio al dettaglio\r\n- Culturale e dell'intrattenimento\r\n- Ambientale e della sostenibilit\u00e0\r\n- Ricerca e sviluppo\r\n- Arti e Artigianato","prodotto_page_faq_list":null,"prodotto_page_testo_prodotti_correlati":"<h2>Produits connexes<\/h2>\r\nD\u00e9couvrez \u00e9galement ces produits et trouvez d'autres solutions pour votre activit\u00e9.","prodotto_page_lista_prodotti_correlati":"- C\r\n- GSE\r\n- BILIF ","prodotto_page_titolo_componenti_3d":"","prodotto_page_immagine_iniziale_componenti_3d":null,"prodotto_page_lista_componenti_3d":null,"prodotto_page_titolo_slider_configurazioni":"Produits et configurations","prodotto_page_lista_immgini_slider_configurazioni":[{"etichetta":"Vue avant","immagine":14048},{"etichetta":"Vue du haut","immagine":14055},{"etichetta":"Perspective","immagine":14041}],"prodotto_page_titolo_slider_configurazioni_2":"<h2><\/h2>","prodotto_page_lista_immgini_slider_configurazioni_2":null,"seo_title":"Pont roulant suspendu manuel, capacit\u00e9 1\u00a0000\u00a0kg | OMIS","seo_description":"Ponts roulants suspendus manuels sur rail, pour les charges jusqu'\u00e0 1\u00a0000\u00a0kg. Les ponts poss\u00e8dent des chemins de roulement dans des profil\u00e9s en om\u00e9ga, pour des structures existantes ou des portiques. Ils sont faciles \u00e0 installer, avec un entraxe entre suspensions jusqu'\u00e0 7\u00a0m. Modulaires et personnalisables selon les exigences. En savoir plus"},"yoast_head":"<!-- This site is optimized with the Yoast SEO plugin v23.9 - https:\/\/yoast.com\/wordpress\/plugins\/seo\/ -->\n<title>Pont roulant suspendu manuel, capacit\u00e9 1\u00a0000\u00a0kg | OMIS<\/title>\n<meta name=\"description\" content=\"Ponts roulants suspendus manuels sur rail, pour les charges jusqu&#039;\u00e0 1\u00a0000\u00a0kg. Les ponts poss\u00e8dent des chemins de roulement dans des profil\u00e9s en om\u00e9ga, pour des structures existantes ou des portiques. Ils sont faciles \u00e0 installer, avec un entraxe entre suspensions jusqu&#039;\u00e0 7\u00a0m. Modulaires et personnalisables selon les exigences. En savoir plus\" \/>\n<meta name=\"robots\" content=\"index, follow, max-snippet:-1, max-image-preview:large, max-video-preview:-1\" \/>\n<meta property=\"og:locale\" content=\"fr_FR\" \/>\n<meta property=\"og:type\" content=\"article\" \/>\n<meta property=\"og:title\" content=\"Pont roulant suspendu manuel, capacit\u00e9 1\u00a0000\u00a0kg | OMIS\" \/>\n<meta property=\"og:description\" content=\"Ponts roulants suspendus manuels sur rail, pour les charges jusqu&#039;\u00e0 1\u00a0000\u00a0kg. Les ponts poss\u00e8dent des chemins de roulement dans des profil\u00e9s en om\u00e9ga, pour des structures existantes ou des portiques. Ils sont faciles \u00e0 installer, avec un entraxe entre suspensions jusqu&#039;\u00e0 7\u00a0m. Modulaires et personnalisables selon les exigences. En savoir plus\" \/>\n<meta property=\"og:url\" content=\"https:\/\/www.omis.net\/fr-fr\/produit\/pont-roulant-suspendu-manuel\/\" \/>\n<meta property=\"og:site_name\" content=\"Omis Spa\" \/>\n<meta property=\"article:publisher\" content=\"https:\/\/www.facebook.com\/omisgroup\" \/>\n<meta property=\"article:modified_time\" content=\"2025-02-05T13:34:29+00:00\" \/>\n<meta property=\"og:image\" content=\"https:\/\/media.omis.net\/media\/2024\/12\/profile-manual-suspended-system-gsm-500kg-assembly-line-malo-omis-scaled.webp\" \/>\n\t<meta property=\"og:image:width\" content=\"2560\" \/>\n\t<meta property=\"og:image:height\" content=\"1709\" \/>\n\t<meta property=\"og:image:type\" content=\"image\/webp\" \/>\n<meta name=\"twitter:card\" content=\"summary_large_image\" \/>\n<meta name=\"twitter:label1\" content=\"Est. reading time\" \/>\n\t<meta name=\"twitter:data1\" content=\"1 minute\" \/>\n<script type=\"application\/ld+json\" class=\"yoast-schema-graph\">{\"@context\":\"https:\/\/schema.org\",\"@graph\":[{\"@type\":\"WebPage\",\"@id\":\"https:\/\/www.omis.net\/fr-fr\/produit\/pont-roulant-suspendu-manuel\/\",\"url\":\"https:\/\/www.omis.net\/fr-fr\/produit\/pont-roulant-suspendu-manuel\/\",\"name\":\"Pont roulant suspendu manuel, capacit\u00e9 1\u00a0000\u00a0kg | OMIS\",\"isPartOf\":{\"@id\":\"https:\/\/www.omis.net\/it-it\/#website\"},\"primaryImageOfPage\":{\"@id\":\"https:\/\/www.omis.net\/fr-fr\/produit\/pont-roulant-suspendu-manuel\/#primaryimage\"},\"image\":{\"@id\":\"https:\/\/www.omis.net\/fr-fr\/produit\/pont-roulant-suspendu-manuel\/#primaryimage\"},\"thumbnailUrl\":\"https:\/\/media.omis.net\/media\/2024\/12\/profile-manual-suspended-system-gsm-500kg-assembly-line-malo-omis-scaled.webp\",\"datePublished\":\"2024-12-18T10:03:44+00:00\",\"dateModified\":\"2025-02-05T13:34:29+00:00\",\"description\":\"Ponts roulants suspendus manuels sur rail, pour les charges jusqu'\u00e0 1\u00a0000\u00a0kg. Les ponts poss\u00e8dent des chemins de roulement dans des profil\u00e9s en om\u00e9ga, pour des structures existantes ou des portiques. Ils sont faciles \u00e0 installer, avec un entraxe entre suspensions jusqu'\u00e0 7\u00a0m. Modulaires et personnalisables selon les exigences. En savoir plus\",\"breadcrumb\":{\"@id\":\"https:\/\/www.omis.net\/fr-fr\/produit\/pont-roulant-suspendu-manuel\/#breadcrumb\"},\"inLanguage\":\"fr-fr\",\"potentialAction\":[{\"@type\":\"ReadAction\",\"target\":[\"https:\/\/www.omis.net\/fr-fr\/produit\/pont-roulant-suspendu-manuel\/\"]}]},{\"@type\":\"ImageObject\",\"inLanguage\":\"fr-fr\",\"@id\":\"https:\/\/www.omis.net\/fr-fr\/produit\/pont-roulant-suspendu-manuel\/#primaryimage\",\"url\":\"https:\/\/media.omis.net\/media\/2024\/12\/profile-manual-suspended-system-gsm-500kg-assembly-line-malo-omis-scaled.webp\",\"contentUrl\":\"https:\/\/media.omis.net\/media\/2024\/12\/profile-manual-suspended-system-gsm-500kg-assembly-line-malo-omis-scaled.webp\",\"width\":2560,\"height\":1709,\"caption\":\"header - Profile manual suspended system gsm 500kg assembly line malo Omis\"},{\"@type\":\"BreadcrumbList\",\"@id\":\"https:\/\/www.omis.net\/fr-fr\/produit\/pont-roulant-suspendu-manuel\/#breadcrumb\",\"itemListElement\":[{\"@type\":\"ListItem\",\"position\":1,\"name\":\"Home\",\"item\":\"https:\/\/www.omis.net\/fr-fr\/\"},{\"@type\":\"ListItem\",\"position\":2,\"name\":\"Pont roulant suspendu manuel\"}]},{\"@type\":\"WebSite\",\"@id\":\"https:\/\/www.omis.net\/it-it\/#website\",\"url\":\"https:\/\/www.omis.net\/it-it\/\",\"name\":\"Omis Spa\",\"description\":\"Movimentazione e sollevamento\",\"publisher\":{\"@id\":\"https:\/\/www.omis.net\/it-it\/#organization\"},\"potentialAction\":[{\"@type\":\"SearchAction\",\"target\":{\"@type\":\"EntryPoint\",\"urlTemplate\":\"https:\/\/www.omis.net\/it-it\/?s={search_term_string}\"},\"query-input\":{\"@type\":\"PropertyValueSpecification\",\"valueRequired\":true,\"valueName\":\"search_term_string\"}}],\"inLanguage\":\"fr-fr\"},{\"@type\":\"Organization\",\"@id\":\"https:\/\/www.omis.net\/it-it\/#organization\",\"name\":\"Omis Spa\",\"url\":\"https:\/\/www.omis.net\/it-it\/\",\"logo\":{\"@type\":\"ImageObject\",\"inLanguage\":\"fr-fr\",\"@id\":\"https:\/\/www.omis.net\/it-it\/#\/schema\/logo\/image\/\",\"url\":\"https:\/\/media.omis.net\/media\/2024\/08\/logo.jpg\",\"contentUrl\":\"https:\/\/media.omis.net\/media\/2024\/08\/logo.jpg\",\"width\":300,\"height\":300,\"caption\":\"Omis Spa\"},\"image\":{\"@id\":\"https:\/\/www.omis.net\/it-it\/#\/schema\/logo\/image\/\"},\"sameAs\":[\"https:\/\/www.facebook.com\/omisgroup\",\"https:\/\/www.linkedin.com\/company\/omis-group\",\"https:\/\/www.youtube.com\/channel\/UCS4L59XDk3kKBI9MnjuxWDw\",\"https:\/\/www.instagram.com\/omisgroup\"]}]}<\/script>\n<!-- \/ Yoast SEO plugin. -->","yoast_head_json":{"title":"Pont roulant suspendu manuel, capacit\u00e9 1\u00a0000\u00a0kg | OMIS","description":"Ponts roulants suspendus manuels sur rail, pour les charges jusqu'\u00e0 1\u00a0000\u00a0kg. Les ponts poss\u00e8dent des chemins de roulement dans des profil\u00e9s en om\u00e9ga, pour des structures existantes ou des portiques. Ils sont faciles \u00e0 installer, avec un entraxe entre suspensions jusqu'\u00e0 7\u00a0m. Modulaires et personnalisables selon les exigences. En savoir plus","robots":{"index":"index","follow":"follow","max-snippet":"max-snippet:-1","max-image-preview":"max-image-preview:large","max-video-preview":"max-video-preview:-1"},"og_locale":"fr_FR","og_type":"article","og_title":"Pont roulant suspendu manuel, capacit\u00e9 1\u00a0000\u00a0kg | OMIS","og_description":"Ponts roulants suspendus manuels sur rail, pour les charges jusqu'\u00e0 1\u00a0000\u00a0kg. Les ponts poss\u00e8dent des chemins de roulement dans des profil\u00e9s en om\u00e9ga, pour des structures existantes ou des portiques. Ils sont faciles \u00e0 installer, avec un entraxe entre suspensions jusqu'\u00e0 7\u00a0m. Modulaires et personnalisables selon les exigences. En savoir plus","og_url":"https:\/\/www.omis.net\/fr-fr\/produit\/pont-roulant-suspendu-manuel\/","og_site_name":"Omis Spa","article_publisher":"https:\/\/www.facebook.com\/omisgroup","article_modified_time":"2025-02-05T13:34:29+00:00","og_image":[{"width":2560,"height":1709,"url":"https:\/\/media.omis.net\/media\/2024\/12\/profile-manual-suspended-system-gsm-500kg-assembly-line-malo-omis-scaled.webp","type":"image\/webp"}],"twitter_card":"summary_large_image","twitter_misc":{"Est. reading time":"1 minute"},"schema":{"@context":"https:\/\/schema.org","@graph":[{"@type":"WebPage","@id":"https:\/\/www.omis.net\/fr-fr\/produit\/pont-roulant-suspendu-manuel\/","url":"https:\/\/www.omis.net\/fr-fr\/produit\/pont-roulant-suspendu-manuel\/","name":"Pont roulant suspendu manuel, capacit\u00e9 1\u00a0000\u00a0kg | OMIS","isPartOf":{"@id":"https:\/\/www.omis.net\/it-it\/#website"},"primaryImageOfPage":{"@id":"https:\/\/www.omis.net\/fr-fr\/produit\/pont-roulant-suspendu-manuel\/#primaryimage"},"image":{"@id":"https:\/\/www.omis.net\/fr-fr\/produit\/pont-roulant-suspendu-manuel\/#primaryimage"},"thumbnailUrl":"https:\/\/media.omis.net\/media\/2024\/12\/profile-manual-suspended-system-gsm-500kg-assembly-line-malo-omis-scaled.webp","datePublished":"2024-12-18T10:03:44+00:00","dateModified":"2025-02-05T13:34:29+00:00","description":"Ponts roulants suspendus manuels sur rail, pour les charges jusqu'\u00e0 1\u00a0000\u00a0kg. Les ponts poss\u00e8dent des chemins de roulement dans des profil\u00e9s en om\u00e9ga, pour des structures existantes ou des portiques. Ils sont faciles \u00e0 installer, avec un entraxe entre suspensions jusqu'\u00e0 7\u00a0m. Modulaires et personnalisables selon les exigences. En savoir plus","breadcrumb":{"@id":"https:\/\/www.omis.net\/fr-fr\/produit\/pont-roulant-suspendu-manuel\/#breadcrumb"},"inLanguage":"fr-fr","potentialAction":[{"@type":"ReadAction","target":["https:\/\/www.omis.net\/fr-fr\/produit\/pont-roulant-suspendu-manuel\/"]}]},{"@type":"ImageObject","inLanguage":"fr-fr","@id":"https:\/\/www.omis.net\/fr-fr\/produit\/pont-roulant-suspendu-manuel\/#primaryimage","url":"https:\/\/media.omis.net\/media\/2024\/12\/profile-manual-suspended-system-gsm-500kg-assembly-line-malo-omis-scaled.webp","contentUrl":"https:\/\/media.omis.net\/media\/2024\/12\/profile-manual-suspended-system-gsm-500kg-assembly-line-malo-omis-scaled.webp","width":2560,"height":1709,"caption":"header - Profile manual suspended system gsm 500kg assembly line malo Omis"},{"@type":"BreadcrumbList","@id":"https:\/\/www.omis.net\/fr-fr\/produit\/pont-roulant-suspendu-manuel\/#breadcrumb","itemListElement":[{"@type":"ListItem","position":1,"name":"Home","item":"https:\/\/www.omis.net\/fr-fr\/"},{"@type":"ListItem","position":2,"name":"Pont roulant suspendu manuel"}]},{"@type":"WebSite","@id":"https:\/\/www.omis.net\/it-it\/#website","url":"https:\/\/www.omis.net\/it-it\/","name":"Omis Spa","description":"Movimentazione e sollevamento","publisher":{"@id":"https:\/\/www.omis.net\/it-it\/#organization"},"potentialAction":[{"@type":"SearchAction","target":{"@type":"EntryPoint","urlTemplate":"https:\/\/www.omis.net\/it-it\/?s={search_term_string}"},"query-input":{"@type":"PropertyValueSpecification","valueRequired":true,"valueName":"search_term_string"}}],"inLanguage":"fr-fr"},{"@type":"Organization","@id":"https:\/\/www.omis.net\/it-it\/#organization","name":"Omis Spa","url":"https:\/\/www.omis.net\/it-it\/","logo":{"@type":"ImageObject","inLanguage":"fr-fr","@id":"https:\/\/www.omis.net\/it-it\/#\/schema\/logo\/image\/","url":"https:\/\/media.omis.net\/media\/2024\/08\/logo.jpg","contentUrl":"https:\/\/media.omis.net\/media\/2024\/08\/logo.jpg","width":300,"height":300,"caption":"Omis Spa"},"image":{"@id":"https:\/\/www.omis.net\/it-it\/#\/schema\/logo\/image\/"},"sameAs":["https:\/\/www.facebook.com\/omisgroup","https:\/\/www.linkedin.com\/company\/omis-group","https:\/\/www.youtube.com\/channel\/UCS4L59XDk3kKBI9MnjuxWDw","https:\/\/www.instagram.com\/omisgroup"]}]}},"_links":{"self":[{"href":"https:\/\/www.omis.net\/fr-fr\/wp-json\/wp\/v2\/product\/7317"}],"collection":[{"href":"https:\/\/www.omis.net\/fr-fr\/wp-json\/wp\/v2\/product"}],"about":[{"href":"https:\/\/www.omis.net\/fr-fr\/wp-json\/wp\/v2\/types\/product"}],"acf:attachment":[{"embeddable":true,"href":"https:\/\/www.omis.net\/fr-fr\/wp-json\/wp\/v2\/media\/14006"},{"embeddable":true,"href":"https:\/\/www.omis.net\/fr-fr\/wp-json\/wp\/v2\/media\/13999"},{"embeddable":true,"href":"https:\/\/www.omis.net\/fr-fr\/wp-json\/wp\/v2\/media\/13992"},{"embeddable":true,"href":"https:\/\/www.omis.net\/fr-fr\/wp-json\/wp\/v2\/media\/13985"},{"embeddable":true,"href":"https:\/\/www.omis.net\/fr-fr\/wp-json\/wp\/v2\/media\/14013"},{"embeddable":true,"href":"https:\/\/www.omis.net\/fr-fr\/wp-json\/wp\/v2\/media\/14027"},{"embeddable":true,"href":"https:\/\/www.omis.net\/fr-fr\/wp-json\/wp\/v2\/media\/14020"},{"embeddable":true,"href":"https:\/\/www.omis.net\/fr-fr\/wp-json\/wp\/v2\/media\/14034"}],"wp:featuredmedia":[{"embeddable":true,"href":"https:\/\/www.omis.net\/fr-fr\/wp-json\/wp\/v2\/media\/14062"}],"wp:attachment":[{"href":"https:\/\/www.omis.net\/fr-fr\/wp-json\/wp\/v2\/media?parent=7317"}],"wp:term":[{"taxonomy":"caratteristica-prodotto","embeddable":true,"href":"https:\/\/www.omis.net\/fr-fr\/wp-json\/wp\/v2\/caratteristica-prodotto?post=7317"},{"taxonomy":"tipologia-prodotto","embeddable":true,"href":"https:\/\/www.omis.net\/fr-fr\/wp-json\/wp\/v2\/tipologia-prodotto?post=7317"}],"curies":[{"name":"wp","href":"https:\/\/api.w.org\/{rel}","templated":true}]}}