{"id":7315,"date":"2024-12-18T11:02:53","date_gmt":"2024-12-18T10:02:53","guid":{"rendered":"http:\/\/bedrock.local\/product\/rectiligne\/"},"modified":"2025-02-03T17:59:36","modified_gmt":"2025-02-03T16:59:36","slug":"pont-roulant-monorail-rectiligne","status":"publish","type":"product","link":"https:\/\/www.omis.net\/fr-fr\/produit\/pont-roulant-monorail-rectiligne\/","title":{"rendered":"Pont roulant monorail rectiligne"},"content":{"rendered":"","protected":false},"featured_media":14246,"parent":0,"template":"","caratteristica-prodotto":[],"tipologia-prodotto":[705,741],"class_list":["post-7315","product","type-product","status-publish","has-post-thumbnail","hentry","tipologia-prodotto-grues-de-poste-de-travail","tipologia-prodotto-monorail"],"acf":{"import_csv_id":"37","prodotto_generale_sku":"MRR","prodotto_listing_card_descrizione":"Le pont roulant rectiligne est la solution qui permet de d\u00e9placer des charges dans les espaces restreints sans interrompre la cha\u00eene de production.","prodotto_listing_card_caratteristiche":null,"prodotto_page_gradient_hero":false,"prodotto_page_titolo_hero":"Lorsque l'espace est restreint, un syst\u00e8me simple, fiable et s\u00fbr.","prodotto_page_gallery_hero":[14218],"prodotto_page_descrizione_3_colonne_posizione":false,"prodotto_page_descrizione_3_colonne":[{"valore":"125\u00a0kg","unita_di_misura":"","etichetta":"Capacit\u00e9 minimale"},{"valore":"5000\u00a0kg","unita_di_misura":"","etichetta":"Capacit\u00e9 maximale"},{"valore":"","unita_di_misura":"","etichetta":""}],"prodotto_page_descrizione_titolo":"Pont roulant monorail rectiligne, capacit\u00e9 jusqu'\u00e0 5\u00a0000\u00a0kg","prodotto_page_descrizione_3_colonne_testo":"<strong>Le pont roulant monorail rectiligne est une solution plus efficace que les ponts roulants classiques ou les convoyeurs, dans diverses industries. Les avantages les plus importants apparaissent notamment lorsqu'il est n\u00e9cessaire d'op\u00e9rer dans des espaces confin\u00e9s ou de soulever et de d\u00e9placer des charges lin\u00e9airement au sein de la cha\u00eene de production, sans interrompre le processus de production.<\/strong>\r\n\r\nCes monorails peuvent \u00eatre int\u00e9gr\u00e9s dans la structure du b\u00e2timent gr\u00e2ce \u00e0 diff\u00e9rentes options d'installation, au plafond, sur des colonnes ou sur une structure de support personnalis\u00e9e. Ils sont particuli\u00e8rement utiles pour soulever des produits sur des \u00e9tag\u00e8res, des \u00e9tablis ou des zones sur\u00e9lev\u00e9es, facilitant ainsi le stockage et la manutention d'un point \u00e0 un autre du site de production en vue d'op\u00e9rations d'assemblage et de production ult\u00e9rieures. Les ponts roulants monorail rectilignes sont utilis\u00e9s pour la manutention de composants pour le stockage de mat\u00e9riaux, dans les cha\u00eenes d'assemblage automobiles et non automobiles, ainsi que pour le d\u00e9chargement et le chargement de marchandises.","prodotto_page_descrizione_titolo_vantaggi":"Avantages du pont roulant monorail rectiligne ","prodotto_page_descrizione_vantaggi":[{"titolo":"Polyvalence","testo":"","link":"","archivio_prodotti":null},{"titolo":"Manutention m\u00eame sur de longues distances","testo":"","link":"","archivio_prodotti":null},{"titolo":"Facile \u00e0 utiliser","testo":"","link":"","archivio_prodotti":null},{"titolo":"Adaptable \u00e0 des charges de diff\u00e9rentes dimensions","testo":"","link":"","archivio_prodotti":null},{"titolo":"Entretien simplifi\u00e9","testo":"","link":"","archivio_prodotti":null},{"titolo":"Productivit\u00e9 et s\u00e9curit\u00e9 accrues","testo":"","link":"","archivio_prodotti":null}],"prodotto_page_tabs_dati_tecnici":[{"etichetta":"Capacit\u00e9","valore":"125\u00a0kg - 5000\u00a0kg - Plus sur demande"},{"etichetta":"Longueur","valore":"Configurable sur demande"},{"etichetta":"Profil\u00e9 du pont","valore":"Poutre double T, profil\u00e9 en om\u00e9ga ou en caisson"},{"etichetta":"Ancrage","valore":"Sur la structure existante ou \u00e0 travers des structures de support m\u00e9talliques personnalis\u00e9es"},{"etichetta":"Ligne d'alimentation","valore":"Guirlande d'alimentation ou Blindo Atollo 40\u00a0A"},{"etichetta":"Unit\u00e9 de levage","valore":"Palan \u00e0 cha\u00eene ou \u00e0 c\u00e2ble"},{"etichetta":"Commande","valore":"Bo\u00eete \u00e0 boutons suspendue au palan"}],"prodotto_page_tabs_optionals":[{"titolo":"Peinture personnalis\u00e9e","testo":"La couleur de la peinture peut \u00eatre personnalis\u00e9e pour r\u00e9pondre \u00e0 des besoins sp\u00e9cifiques, \u00e0 des exigences en mati\u00e8re de design ou de marque.","immagine":null},{"titolo":"Radiocommande pour le chariot porte-palan","testo":"Sur demande, il est possible d'int\u00e9grer la radiocommande pour le chariot porte-palan, ce qui am\u00e9liore les performances, la polyvalence et la s\u00e9curit\u00e9 des op\u00e9rations de manutention. Ce syst\u00e8me avanc\u00e9 permet un contr\u00f4le \u00e0 distance pr\u00e9cis et intuitif, optimisant l'efficacit\u00e9 et r\u00e9duisant les risques op\u00e9rationnels.","immagine":null}],"prodotto_page_tabs_downloads":null,"prodotto_page_gallery":[14197,20120,14211,20127,14190,14204],"prodotto_page_customer_story_titolo":"","prodotto_page_customer_story_list":null,"prodotto_page_applicazioni_list":"- Agricoltura e Alimentare\r\n- Manifatturiero\r\n- Energetico\r\n- Edile e delle costruzioni\r\n- Tecnologie dell'informazione e ICT\r\n- Trasporti e logistica\r\n- Commercio al dettaglio\r\n- Culturale e dell'intrattenimento\r\n- Ambientale e della sostenibilit\u00e0\r\n- Ricerca e sviluppo\r\n- Arti e Artigianato","prodotto_page_faq_list":null,"prodotto_page_testo_prodotti_correlati":"<h2>Produits connexes<\/h2>\r\nD\u00e9couvrez \u00e9galement ces produits et trouvez d'autres solutions pour votre activit\u00e9.","prodotto_page_lista_prodotti_correlati":"- C\r\n- GSM\r\n- CMR","prodotto_page_titolo_componenti_3d":"","prodotto_page_immagine_iniziale_componenti_3d":null,"prodotto_page_lista_componenti_3d":null,"prodotto_page_titolo_slider_configurazioni":"Produits et configurations","prodotto_page_lista_immgini_slider_configurazioni":[{"etichetta":"Vue avant","immagine":14225},{"etichetta":"Vue du haut","immagine":14239},{"etichetta":"Perspective","immagine":14232}],"prodotto_page_titolo_slider_configurazioni_2":"<h2><\/h2>","prodotto_page_lista_immgini_slider_configurazioni_2":null,"seo_title":"Pont roulant monorail rectiligne capacit\u00e9 5\u00a0000\u00a0kg | OMIS","seo_description":"Le pont roulant monorail rectiligne est id\u00e9al pour les espaces restreints et pour les d\u00e9placements lin\u00e9aires des charges. Il peut \u00eatre install\u00e9 au plafond, sur des colonnes ou des structures personnalis\u00e9es. Il est parfait pour le stockage, les cha\u00eenes de montage et les op\u00e9rations de chargement et de d\u00e9chargement. En savoir plus"},"yoast_head":"<!-- This site is optimized with the Yoast SEO plugin v23.9 - https:\/\/yoast.com\/wordpress\/plugins\/seo\/ -->\n<title>Pont roulant monorail rectiligne capacit\u00e9 5\u00a0000\u00a0kg | OMIS<\/title>\n<meta name=\"description\" content=\"Le pont roulant monorail rectiligne est id\u00e9al pour les espaces restreints et pour les d\u00e9placements lin\u00e9aires des charges. Il peut \u00eatre install\u00e9 au plafond, sur des colonnes ou des structures personnalis\u00e9es. Il est parfait pour le stockage, les cha\u00eenes de montage et les op\u00e9rations de chargement et de d\u00e9chargement. En savoir plus\" \/>\n<meta name=\"robots\" content=\"index, follow, max-snippet:-1, max-image-preview:large, max-video-preview:-1\" \/>\n<meta property=\"og:locale\" content=\"fr_FR\" \/>\n<meta property=\"og:type\" content=\"article\" \/>\n<meta property=\"og:title\" content=\"Pont roulant monorail rectiligne capacit\u00e9 5\u00a0000\u00a0kg | OMIS\" \/>\n<meta property=\"og:description\" content=\"Le pont roulant monorail rectiligne est id\u00e9al pour les espaces restreints et pour les d\u00e9placements lin\u00e9aires des charges. Il peut \u00eatre install\u00e9 au plafond, sur des colonnes ou des structures personnalis\u00e9es. Il est parfait pour le stockage, les cha\u00eenes de montage et les op\u00e9rations de chargement et de d\u00e9chargement. En savoir plus\" \/>\n<meta property=\"og:url\" content=\"https:\/\/www.omis.net\/fr-fr\/produit\/pont-roulant-monorail-rectiligne\/\" \/>\n<meta property=\"og:site_name\" content=\"Omis Spa\" \/>\n<meta property=\"article:publisher\" content=\"https:\/\/www.facebook.com\/omisgroup\" \/>\n<meta property=\"article:modified_time\" content=\"2025-02-03T16:59:36+00:00\" \/>\n<meta property=\"og:image\" content=\"https:\/\/media.omis.net\/media\/2024\/12\/profile-monorail-250kg-production-front-view-example-omis-1-scaled.webp\" \/>\n\t<meta property=\"og:image:width\" content=\"2560\" \/>\n\t<meta property=\"og:image:height\" content=\"1708\" \/>\n\t<meta property=\"og:image:type\" content=\"image\/webp\" \/>\n<meta name=\"twitter:card\" content=\"summary_large_image\" \/>\n<meta name=\"twitter:label1\" content=\"Est. reading time\" \/>\n\t<meta name=\"twitter:data1\" content=\"1 minute\" \/>\n<script type=\"application\/ld+json\" class=\"yoast-schema-graph\">{\"@context\":\"https:\/\/schema.org\",\"@graph\":[{\"@type\":\"WebPage\",\"@id\":\"https:\/\/www.omis.net\/fr-fr\/produit\/pont-roulant-monorail-rectiligne\/\",\"url\":\"https:\/\/www.omis.net\/fr-fr\/produit\/pont-roulant-monorail-rectiligne\/\",\"name\":\"Pont roulant monorail rectiligne capacit\u00e9 5\u00a0000\u00a0kg | OMIS\",\"isPartOf\":{\"@id\":\"https:\/\/www.omis.net\/it-it\/#website\"},\"primaryImageOfPage\":{\"@id\":\"https:\/\/www.omis.net\/fr-fr\/produit\/pont-roulant-monorail-rectiligne\/#primaryimage\"},\"image\":{\"@id\":\"https:\/\/www.omis.net\/fr-fr\/produit\/pont-roulant-monorail-rectiligne\/#primaryimage\"},\"thumbnailUrl\":\"https:\/\/media.omis.net\/media\/2024\/12\/profile-monorail-250kg-production-front-view-example-omis-1-scaled.webp\",\"datePublished\":\"2024-12-18T10:02:53+00:00\",\"dateModified\":\"2025-02-03T16:59:36+00:00\",\"description\":\"Le pont roulant monorail rectiligne est id\u00e9al pour les espaces restreints et pour les d\u00e9placements lin\u00e9aires des charges. Il peut \u00eatre install\u00e9 au plafond, sur des colonnes ou des structures personnalis\u00e9es. Il est parfait pour le stockage, les cha\u00eenes de montage et les op\u00e9rations de chargement et de d\u00e9chargement. En savoir plus\",\"breadcrumb\":{\"@id\":\"https:\/\/www.omis.net\/fr-fr\/produit\/pont-roulant-monorail-rectiligne\/#breadcrumb\"},\"inLanguage\":\"fr-fr\",\"potentialAction\":[{\"@type\":\"ReadAction\",\"target\":[\"https:\/\/www.omis.net\/fr-fr\/produit\/pont-roulant-monorail-rectiligne\/\"]}]},{\"@type\":\"ImageObject\",\"inLanguage\":\"fr-fr\",\"@id\":\"https:\/\/www.omis.net\/fr-fr\/produit\/pont-roulant-monorail-rectiligne\/#primaryimage\",\"url\":\"https:\/\/media.omis.net\/media\/2024\/12\/profile-monorail-250kg-production-front-view-example-omis-1-scaled.webp\",\"contentUrl\":\"https:\/\/media.omis.net\/media\/2024\/12\/profile-monorail-250kg-production-front-view-example-omis-1-scaled.webp\",\"width\":2560,\"height\":1708,\"caption\":\"header - Profile monorail 250kg production front view Omis\"},{\"@type\":\"BreadcrumbList\",\"@id\":\"https:\/\/www.omis.net\/fr-fr\/produit\/pont-roulant-monorail-rectiligne\/#breadcrumb\",\"itemListElement\":[{\"@type\":\"ListItem\",\"position\":1,\"name\":\"Home\",\"item\":\"https:\/\/www.omis.net\/fr-fr\/\"},{\"@type\":\"ListItem\",\"position\":2,\"name\":\"Pont roulant monorail rectiligne\"}]},{\"@type\":\"WebSite\",\"@id\":\"https:\/\/www.omis.net\/it-it\/#website\",\"url\":\"https:\/\/www.omis.net\/it-it\/\",\"name\":\"Omis Spa\",\"description\":\"Movimentazione e sollevamento\",\"publisher\":{\"@id\":\"https:\/\/www.omis.net\/it-it\/#organization\"},\"potentialAction\":[{\"@type\":\"SearchAction\",\"target\":{\"@type\":\"EntryPoint\",\"urlTemplate\":\"https:\/\/www.omis.net\/it-it\/?s={search_term_string}\"},\"query-input\":{\"@type\":\"PropertyValueSpecification\",\"valueRequired\":true,\"valueName\":\"search_term_string\"}}],\"inLanguage\":\"fr-fr\"},{\"@type\":\"Organization\",\"@id\":\"https:\/\/www.omis.net\/it-it\/#organization\",\"name\":\"Omis Spa\",\"url\":\"https:\/\/www.omis.net\/it-it\/\",\"logo\":{\"@type\":\"ImageObject\",\"inLanguage\":\"fr-fr\",\"@id\":\"https:\/\/www.omis.net\/it-it\/#\/schema\/logo\/image\/\",\"url\":\"https:\/\/media.omis.net\/media\/2024\/08\/logo.jpg\",\"contentUrl\":\"https:\/\/media.omis.net\/media\/2024\/08\/logo.jpg\",\"width\":300,\"height\":300,\"caption\":\"Omis Spa\"},\"image\":{\"@id\":\"https:\/\/www.omis.net\/it-it\/#\/schema\/logo\/image\/\"},\"sameAs\":[\"https:\/\/www.facebook.com\/omisgroup\",\"https:\/\/www.linkedin.com\/company\/omis-group\",\"https:\/\/www.youtube.com\/channel\/UCS4L59XDk3kKBI9MnjuxWDw\",\"https:\/\/www.instagram.com\/omisgroup\"]}]}<\/script>\n<!-- \/ Yoast SEO plugin. -->","yoast_head_json":{"title":"Pont roulant monorail rectiligne capacit\u00e9 5\u00a0000\u00a0kg | OMIS","description":"Le pont roulant monorail rectiligne est id\u00e9al pour les espaces restreints et pour les d\u00e9placements lin\u00e9aires des charges. Il peut \u00eatre install\u00e9 au plafond, sur des colonnes ou des structures personnalis\u00e9es. Il est parfait pour le stockage, les cha\u00eenes de montage et les op\u00e9rations de chargement et de d\u00e9chargement. En savoir plus","robots":{"index":"index","follow":"follow","max-snippet":"max-snippet:-1","max-image-preview":"max-image-preview:large","max-video-preview":"max-video-preview:-1"},"og_locale":"fr_FR","og_type":"article","og_title":"Pont roulant monorail rectiligne capacit\u00e9 5\u00a0000\u00a0kg | OMIS","og_description":"Le pont roulant monorail rectiligne est id\u00e9al pour les espaces restreints et pour les d\u00e9placements lin\u00e9aires des charges. Il peut \u00eatre install\u00e9 au plafond, sur des colonnes ou des structures personnalis\u00e9es. Il est parfait pour le stockage, les cha\u00eenes de montage et les op\u00e9rations de chargement et de d\u00e9chargement. En savoir plus","og_url":"https:\/\/www.omis.net\/fr-fr\/produit\/pont-roulant-monorail-rectiligne\/","og_site_name":"Omis Spa","article_publisher":"https:\/\/www.facebook.com\/omisgroup","article_modified_time":"2025-02-03T16:59:36+00:00","og_image":[{"width":2560,"height":1708,"url":"https:\/\/media.omis.net\/media\/2024\/12\/profile-monorail-250kg-production-front-view-example-omis-1-scaled.webp","type":"image\/webp"}],"twitter_card":"summary_large_image","twitter_misc":{"Est. reading time":"1 minute"},"schema":{"@context":"https:\/\/schema.org","@graph":[{"@type":"WebPage","@id":"https:\/\/www.omis.net\/fr-fr\/produit\/pont-roulant-monorail-rectiligne\/","url":"https:\/\/www.omis.net\/fr-fr\/produit\/pont-roulant-monorail-rectiligne\/","name":"Pont roulant monorail rectiligne capacit\u00e9 5\u00a0000\u00a0kg | OMIS","isPartOf":{"@id":"https:\/\/www.omis.net\/it-it\/#website"},"primaryImageOfPage":{"@id":"https:\/\/www.omis.net\/fr-fr\/produit\/pont-roulant-monorail-rectiligne\/#primaryimage"},"image":{"@id":"https:\/\/www.omis.net\/fr-fr\/produit\/pont-roulant-monorail-rectiligne\/#primaryimage"},"thumbnailUrl":"https:\/\/media.omis.net\/media\/2024\/12\/profile-monorail-250kg-production-front-view-example-omis-1-scaled.webp","datePublished":"2024-12-18T10:02:53+00:00","dateModified":"2025-02-03T16:59:36+00:00","description":"Le pont roulant monorail rectiligne est id\u00e9al pour les espaces restreints et pour les d\u00e9placements lin\u00e9aires des charges. Il peut \u00eatre install\u00e9 au plafond, sur des colonnes ou des structures personnalis\u00e9es. Il est parfait pour le stockage, les cha\u00eenes de montage et les op\u00e9rations de chargement et de d\u00e9chargement. En savoir plus","breadcrumb":{"@id":"https:\/\/www.omis.net\/fr-fr\/produit\/pont-roulant-monorail-rectiligne\/#breadcrumb"},"inLanguage":"fr-fr","potentialAction":[{"@type":"ReadAction","target":["https:\/\/www.omis.net\/fr-fr\/produit\/pont-roulant-monorail-rectiligne\/"]}]},{"@type":"ImageObject","inLanguage":"fr-fr","@id":"https:\/\/www.omis.net\/fr-fr\/produit\/pont-roulant-monorail-rectiligne\/#primaryimage","url":"https:\/\/media.omis.net\/media\/2024\/12\/profile-monorail-250kg-production-front-view-example-omis-1-scaled.webp","contentUrl":"https:\/\/media.omis.net\/media\/2024\/12\/profile-monorail-250kg-production-front-view-example-omis-1-scaled.webp","width":2560,"height":1708,"caption":"header - Profile monorail 250kg production front view Omis"},{"@type":"BreadcrumbList","@id":"https:\/\/www.omis.net\/fr-fr\/produit\/pont-roulant-monorail-rectiligne\/#breadcrumb","itemListElement":[{"@type":"ListItem","position":1,"name":"Home","item":"https:\/\/www.omis.net\/fr-fr\/"},{"@type":"ListItem","position":2,"name":"Pont roulant monorail rectiligne"}]},{"@type":"WebSite","@id":"https:\/\/www.omis.net\/it-it\/#website","url":"https:\/\/www.omis.net\/it-it\/","name":"Omis Spa","description":"Movimentazione e sollevamento","publisher":{"@id":"https:\/\/www.omis.net\/it-it\/#organization"},"potentialAction":[{"@type":"SearchAction","target":{"@type":"EntryPoint","urlTemplate":"https:\/\/www.omis.net\/it-it\/?s={search_term_string}"},"query-input":{"@type":"PropertyValueSpecification","valueRequired":true,"valueName":"search_term_string"}}],"inLanguage":"fr-fr"},{"@type":"Organization","@id":"https:\/\/www.omis.net\/it-it\/#organization","name":"Omis Spa","url":"https:\/\/www.omis.net\/it-it\/","logo":{"@type":"ImageObject","inLanguage":"fr-fr","@id":"https:\/\/www.omis.net\/it-it\/#\/schema\/logo\/image\/","url":"https:\/\/media.omis.net\/media\/2024\/08\/logo.jpg","contentUrl":"https:\/\/media.omis.net\/media\/2024\/08\/logo.jpg","width":300,"height":300,"caption":"Omis Spa"},"image":{"@id":"https:\/\/www.omis.net\/it-it\/#\/schema\/logo\/image\/"},"sameAs":["https:\/\/www.facebook.com\/omisgroup","https:\/\/www.linkedin.com\/company\/omis-group","https:\/\/www.youtube.com\/channel\/UCS4L59XDk3kKBI9MnjuxWDw","https:\/\/www.instagram.com\/omisgroup"]}]}},"_links":{"self":[{"href":"https:\/\/www.omis.net\/fr-fr\/wp-json\/wp\/v2\/product\/7315"}],"collection":[{"href":"https:\/\/www.omis.net\/fr-fr\/wp-json\/wp\/v2\/product"}],"about":[{"href":"https:\/\/www.omis.net\/fr-fr\/wp-json\/wp\/v2\/types\/product"}],"acf:attachment":[{"embeddable":true,"href":"https:\/\/www.omis.net\/fr-fr\/wp-json\/wp\/v2\/media\/14204"},{"embeddable":true,"href":"https:\/\/www.omis.net\/fr-fr\/wp-json\/wp\/v2\/media\/14190"},{"embeddable":true,"href":"https:\/\/www.omis.net\/fr-fr\/wp-json\/wp\/v2\/media\/20127"},{"embeddable":true,"href":"https:\/\/www.omis.net\/fr-fr\/wp-json\/wp\/v2\/media\/14211"},{"embeddable":true,"href":"https:\/\/www.omis.net\/fr-fr\/wp-json\/wp\/v2\/media\/20120"},{"embeddable":true,"href":"https:\/\/www.omis.net\/fr-fr\/wp-json\/wp\/v2\/media\/14197"},{"embeddable":true,"href":"https:\/\/www.omis.net\/fr-fr\/wp-json\/wp\/v2\/media\/14218"}],"wp:featuredmedia":[{"embeddable":true,"href":"https:\/\/www.omis.net\/fr-fr\/wp-json\/wp\/v2\/media\/14246"}],"wp:attachment":[{"href":"https:\/\/www.omis.net\/fr-fr\/wp-json\/wp\/v2\/media?parent=7315"}],"wp:term":[{"taxonomy":"caratteristica-prodotto","embeddable":true,"href":"https:\/\/www.omis.net\/fr-fr\/wp-json\/wp\/v2\/caratteristica-prodotto?post=7315"},{"taxonomy":"tipologia-prodotto","embeddable":true,"href":"https:\/\/www.omis.net\/fr-fr\/wp-json\/wp\/v2\/tipologia-prodotto?post=7315"}],"curies":[{"name":"wp","href":"https:\/\/api.w.org\/{rel}","templated":true}]}}