{"id":7309,"date":"2024-12-18T11:00:33","date_gmt":"2024-12-18T10:00:33","guid":{"rendered":"http:\/\/bedrock.local\/product\/m2te\/"},"modified":"2025-02-03T18:55:16","modified_gmt":"2025-02-03T17:55:16","slug":"potence-murale-avec-bras-a-ame-pleine-a-tirants-et-rotation-electrique","status":"publish","type":"product","link":"https:\/\/www.omis.net\/fr-fr\/produit\/potence-murale-avec-bras-a-ame-pleine-a-tirants-et-rotation-electrique\/","title":{"rendered":"Potence murale avec bras \u00e0 \u00e2me pleine \u00e0 tirants et rotation \u00e9lectrique"},"content":{"rendered":"","protected":false},"featured_media":13245,"parent":0,"template":"","caratteristica-prodotto":[1008],"tipologia-prodotto":[705,711,723],"class_list":["post-7309","product","type-product","status-publish","has-post-thumbnail","hentry","caratteristica-prodotto-rotation-electrique","tipologia-prodotto-grues-de-poste-de-travail","tipologia-prodotto-potences","tipologia-prodotto-murale"],"acf":{"import_csv_id":"29","prodotto_generale_sku":"M2TE","prodotto_listing_card_descrizione":"La potence murale \u00e0 rotation \u00e9lectrique qui, gr\u00e2ce \u00e0 l'utilisation des tirants, affronte facilement des port\u00e9es et des charges importantes.","prodotto_listing_card_caratteristiche":null,"prodotto_page_gradient_hero":false,"prodotto_page_titolo_hero":"Des performances sup\u00e9rieures pour les charges et les port\u00e9es \u00e9lev\u00e9es.","prodotto_page_gallery_hero":[13196],"prodotto_page_descrizione_3_colonne_posizione":false,"prodotto_page_descrizione_3_colonne":[{"valore":"2000\u00a0kg","unita_di_misura":"","etichetta":"Capacit\u00e9 maximale"},{"valore":"8\u00a0m","unita_di_misura":"","etichetta":"Port\u00e9e maximale"},{"valore":"270\u00b0","unita_di_misura":"","etichetta":"Rotation"}],"prodotto_page_descrizione_titolo":"Potence murale, bras \u00e0 tirants, rotation \u00e9lectrique, 2\u00a0000\u00a0kg max","prodotto_page_descrizione_3_colonne_testo":"<strong>Les d\u00e9fis li\u00e9s aux charges lourdes ou aux pouss\u00e9es consid\u00e9rables, ou encore \u00e0 la pr\u00e9sence d'obstacles sur le sol, peuvent \u00eatre affront\u00e9s efficacement en utilisant la potence murale standard avec bras \u00e0 \u00e2me pleine, \u00e9quip\u00e9 de tirants et d'une rotation \u00e9lectrique. Le bras \u00e0 \u00e2me pleine de cette potence est \u00e9quip\u00e9 de tirants de support, ce qui garantit un syst\u00e8me efficace et stable, m\u00eame en cas de charges lourdes et de grandes port\u00e9es.<\/strong>\r\n\r\nLa rotation du bras est contr\u00f4l\u00e9e par un syst\u00e8me de motor\u00e9ducteur\/articulation, reli\u00e9 \u00e0 l'axe de rotation et r\u00e9gul\u00e9e par un variateur\u00a0; le r\u00e9ducteur plan\u00e9taire est activ\u00e9 par un moteur-frein \u00e9lectrique \u00e0 d\u00e9marrage progressif. Des c\u00e2bles flexibles ignifug\u00e9s, suspendus \u00e0 des chariots coulissants sous le bras, forment la ligne \u00e9lectrique qui alimente le chariot \u00e0 palan. La potence murale, avec une rotation \u00e9lectrique de 270\u00b0, est fournie avec une bo\u00eete \u00e0 boutons suspendue au palan ou coulissant ind\u00e9pendamment, selon les besoins.\r\nSur demande, des interrupteurs de fin de course de rotation peuvent \u00eatre install\u00e9s pour d\u00e9limiter la plage de mouvement du bras.","prodotto_page_descrizione_titolo_vantaggi":"Avantages de la potence murale standard avec bras \u00e0 \u00e2me pleine \u00e0 tirants et rotation \u00e9lectrique","prodotto_page_descrizione_vantaggi":[{"titolo":"Aucun encombrement au sol","testo":"","link":"","archivio_prodotti":null},{"titolo":"Capacit\u00e9s et port\u00e9es sup\u00e9rieures","testo":"","link":"","archivio_prodotti":null},{"titolo":"Polyvalence","testo":"","link":"","archivio_prodotti":null},{"titolo":"Contr\u00f4le pr\u00e9cis","testo":"","link":"","archivio_prodotti":null},{"titolo":"Productivit\u00e9 et s\u00e9curit\u00e9 accrues","testo":"","link":"","archivio_prodotti":null}],"prodotto_page_tabs_dati_tecnici":[{"etichetta":"Capacit\u00e9","valore":"125\u00a0kg - 2000\u00a0kg"},{"etichetta":"Port\u00e9e","valore":"Jusqu'\u00e0 8\u00a0m selon la capacit\u00e9"},{"etichetta":"Profil\u00e9","valore":"Profil\u00e9 avec poutre en double T avec tirants de support"},{"etichetta":"Rotation","valore":"270\u00b0 avec but\u00e9e d'ajustement r\u00e9glable sur site en fonction des encombrements"},{"etichetta":"Rotation","valore":"\u00c9lectrique"},{"etichetta":"Vitesse p\u00e9riph\u00e9rique","valore":"~18\u00a0m\/min"},{"etichetta":"Console","valore":"La console de support, les tirants et les contre-brides sont r\u00e9alis\u00e9s selon les dimensions du pilier demand\u00e9es."},{"etichetta":"Palan","valore":"Palan \u00e9lectrique \u00e0 cha\u00eene, pour le levage de la charge, \u00e0 une ou deux vitesses de levage,avec chariot de translation \u00e9lectrique, par pouss\u00e9e ou m\u00e9canique."},{"etichetta":"Dispositif de freinage","valore":"Il est constitu\u00e9 d'un embrayage \u00e0 vis r\u00e9glable qui permet d'ajuster l'effort de rotation du bras et d'assurer un positionnement stable."}],"prodotto_page_tabs_optionals":[{"titolo":"Peinture personnalis\u00e9e","testo":"La couleur de la peinture peut \u00eatre personnalis\u00e9e pour r\u00e9pondre \u00e0 des besoins sp\u00e9cifiques, \u00e0 des exigences en mati\u00e8re de design ou de marque.","immagine":null}],"prodotto_page_tabs_downloads":null,"prodotto_page_gallery":[null],"prodotto_page_customer_story_titolo":"","prodotto_page_customer_story_list":null,"prodotto_page_applicazioni_list":"- Agricoltura e Alimentare\r\n- Manifatturiero\r\n- Energetico\r\n- Edile e delle costruzioni\r\n- Tecnologie dell'informazione e ICT\r\n- Trasporti e logistica\r\n- Commercio al dettaglio\r\n- Culturale e dell'intrattenimento\r\n- Ambientale e della sostenibilit\u00e0\r\n- Ricerca e sviluppo\r\n- Arti e Artigianato","prodotto_page_faq_list":null,"prodotto_page_testo_prodotti_correlati":"<h2>Produits connexes<\/h2>\r\nD\u00e9couvrez \u00e9galement ces produits et trouvez d'autres solutions pour votre activit\u00e9.","prodotto_page_lista_prodotti_correlati":"- CM\r\n- MTE\r\n- BILIF","prodotto_page_titolo_componenti_3d":"","prodotto_page_immagine_iniziale_componenti_3d":null,"prodotto_page_lista_componenti_3d":null,"prodotto_page_titolo_slider_configurazioni":"Produits et configurations","prodotto_page_lista_immgini_slider_configurazioni":[{"etichetta":"Fixation large","immagine":13217},{"etichetta":"Vue du haut","immagine":13238},{"etichetta":"Perspective","immagine":13203},{"etichetta":"Double bras","immagine":13231},{"etichetta":"Fixation \u00e9troite","immagine":13210},{"etichetta":"Double bras","immagine":13224}],"prodotto_page_titolo_slider_configurazioni_2":"<h2><\/h2>","prodotto_page_lista_immgini_slider_configurazioni_2":null,"seo_title":"Potence murale avec bras \u00e0 \u00e2me pleine, capacit\u00e9 2\u00a0000\u00a0kg | OMIS","seo_description":"La potence murale g\u00e8re les lourdes charges et les obstacles au sol avec stabilit\u00e9. Un motor\u00e9ducteur \u00e0 variateur et un r\u00e9ducteur plan\u00e9taire assurent la rotation \u00e9lectrique de 270\u00b0. Les c\u00e2bles flexibles alimentent le palan \u00e0 l'aide de chariots coulissants. Elle peut \u00eatre fournie avec une bo\u00eete \u00e0 boutons suspendue ou coulissante et des fins de course. En savoir plus"},"yoast_head":"<!-- This site is optimized with the Yoast SEO plugin v23.9 - https:\/\/yoast.com\/wordpress\/plugins\/seo\/ -->\n<title>Potence murale avec bras \u00e0 \u00e2me pleine, capacit\u00e9 2\u00a0000\u00a0kg | OMIS<\/title>\n<meta name=\"description\" content=\"La potence murale g\u00e8re les lourdes charges et les obstacles au sol avec stabilit\u00e9. Un motor\u00e9ducteur \u00e0 variateur et un r\u00e9ducteur plan\u00e9taire assurent la rotation \u00e9lectrique de 270\u00b0. Les c\u00e2bles flexibles alimentent le palan \u00e0 l&#039;aide de chariots coulissants. Elle peut \u00eatre fournie avec une bo\u00eete \u00e0 boutons suspendue ou coulissante et des fins de course. En savoir plus\" \/>\n<meta name=\"robots\" content=\"index, follow, max-snippet:-1, max-image-preview:large, max-video-preview:-1\" \/>\n<meta property=\"og:locale\" content=\"fr_FR\" \/>\n<meta property=\"og:type\" content=\"article\" \/>\n<meta property=\"og:title\" content=\"Potence murale avec bras \u00e0 \u00e2me pleine, capacit\u00e9 2\u00a0000\u00a0kg | OMIS\" \/>\n<meta property=\"og:description\" content=\"La potence murale g\u00e8re les lourdes charges et les obstacles au sol avec stabilit\u00e9. Un motor\u00e9ducteur \u00e0 variateur et un r\u00e9ducteur plan\u00e9taire assurent la rotation \u00e9lectrique de 270\u00b0. Les c\u00e2bles flexibles alimentent le palan \u00e0 l&#039;aide de chariots coulissants. Elle peut \u00eatre fournie avec une bo\u00eete \u00e0 boutons suspendue ou coulissante et des fins de course. En savoir plus\" \/>\n<meta property=\"og:url\" content=\"https:\/\/www.omis.net\/fr-fr\/produit\/potence-murale-avec-bras-a-ame-pleine-a-tirants-et-rotation-electrique\/\" \/>\n<meta property=\"og:site_name\" content=\"Omis Spa\" \/>\n<meta property=\"article:publisher\" content=\"https:\/\/www.facebook.com\/omisgroup\" \/>\n<meta property=\"article:modified_time\" content=\"2025-02-03T17:55:16+00:00\" \/>\n<meta property=\"og:image\" content=\"https:\/\/media.omis.net\/media\/2024\/12\/profile-m2te-jib-crane-m2te-500kg-wide-connection-front-omis-scaled.webp\" \/>\n\t<meta property=\"og:image:width\" content=\"2560\" \/>\n\t<meta property=\"og:image:height\" content=\"1440\" \/>\n\t<meta property=\"og:image:type\" content=\"image\/webp\" \/>\n<meta name=\"twitter:card\" content=\"summary_large_image\" \/>\n<meta name=\"twitter:label1\" content=\"Est. reading time\" \/>\n\t<meta name=\"twitter:data1\" content=\"1 minute\" \/>\n<script type=\"application\/ld+json\" class=\"yoast-schema-graph\">{\"@context\":\"https:\/\/schema.org\",\"@graph\":[{\"@type\":\"WebPage\",\"@id\":\"https:\/\/www.omis.net\/fr-fr\/produit\/potence-murale-avec-bras-a-ame-pleine-a-tirants-et-rotation-electrique\/\",\"url\":\"https:\/\/www.omis.net\/fr-fr\/produit\/potence-murale-avec-bras-a-ame-pleine-a-tirants-et-rotation-electrique\/\",\"name\":\"Potence murale avec bras \u00e0 \u00e2me pleine, capacit\u00e9 2\u00a0000\u00a0kg | OMIS\",\"isPartOf\":{\"@id\":\"https:\/\/www.omis.net\/it-it\/#website\"},\"primaryImageOfPage\":{\"@id\":\"https:\/\/www.omis.net\/fr-fr\/produit\/potence-murale-avec-bras-a-ame-pleine-a-tirants-et-rotation-electrique\/#primaryimage\"},\"image\":{\"@id\":\"https:\/\/www.omis.net\/fr-fr\/produit\/potence-murale-avec-bras-a-ame-pleine-a-tirants-et-rotation-electrique\/#primaryimage\"},\"thumbnailUrl\":\"https:\/\/media.omis.net\/media\/2024\/12\/profile-m2te-jib-crane-m2te-500kg-wide-connection-front-omis-scaled.webp\",\"datePublished\":\"2024-12-18T10:00:33+00:00\",\"dateModified\":\"2025-02-03T17:55:16+00:00\",\"description\":\"La potence murale g\u00e8re les lourdes charges et les obstacles au sol avec stabilit\u00e9. Un motor\u00e9ducteur \u00e0 variateur et un r\u00e9ducteur plan\u00e9taire assurent la rotation \u00e9lectrique de 270\u00b0. Les c\u00e2bles flexibles alimentent le palan \u00e0 l'aide de chariots coulissants. Elle peut \u00eatre fournie avec une bo\u00eete \u00e0 boutons suspendue ou coulissante et des fins de course. En savoir plus\",\"breadcrumb\":{\"@id\":\"https:\/\/www.omis.net\/fr-fr\/produit\/potence-murale-avec-bras-a-ame-pleine-a-tirants-et-rotation-electrique\/#breadcrumb\"},\"inLanguage\":\"fr-fr\",\"potentialAction\":[{\"@type\":\"ReadAction\",\"target\":[\"https:\/\/www.omis.net\/fr-fr\/produit\/potence-murale-avec-bras-a-ame-pleine-a-tirants-et-rotation-electrique\/\"]}]},{\"@type\":\"ImageObject\",\"inLanguage\":\"fr-fr\",\"@id\":\"https:\/\/www.omis.net\/fr-fr\/produit\/potence-murale-avec-bras-a-ame-pleine-a-tirants-et-rotation-electrique\/#primaryimage\",\"url\":\"https:\/\/media.omis.net\/media\/2024\/12\/profile-m2te-jib-crane-m2te-500kg-wide-connection-front-omis-scaled.webp\",\"contentUrl\":\"https:\/\/media.omis.net\/media\/2024\/12\/profile-m2te-jib-crane-m2te-500kg-wide-connection-front-omis-scaled.webp\",\"width\":2560,\"height\":1440,\"caption\":\"header - Profile m2te jib crane m2te 500kg wide connection front Omis\"},{\"@type\":\"BreadcrumbList\",\"@id\":\"https:\/\/www.omis.net\/fr-fr\/produit\/potence-murale-avec-bras-a-ame-pleine-a-tirants-et-rotation-electrique\/#breadcrumb\",\"itemListElement\":[{\"@type\":\"ListItem\",\"position\":1,\"name\":\"Home\",\"item\":\"https:\/\/www.omis.net\/fr-fr\/\"},{\"@type\":\"ListItem\",\"position\":2,\"name\":\"Potence murale avec bras \u00e0 \u00e2me pleine \u00e0 tirants et rotation \u00e9lectrique\"}]},{\"@type\":\"WebSite\",\"@id\":\"https:\/\/www.omis.net\/it-it\/#website\",\"url\":\"https:\/\/www.omis.net\/it-it\/\",\"name\":\"Omis Spa\",\"description\":\"Movimentazione e sollevamento\",\"publisher\":{\"@id\":\"https:\/\/www.omis.net\/it-it\/#organization\"},\"potentialAction\":[{\"@type\":\"SearchAction\",\"target\":{\"@type\":\"EntryPoint\",\"urlTemplate\":\"https:\/\/www.omis.net\/it-it\/?s={search_term_string}\"},\"query-input\":{\"@type\":\"PropertyValueSpecification\",\"valueRequired\":true,\"valueName\":\"search_term_string\"}}],\"inLanguage\":\"fr-fr\"},{\"@type\":\"Organization\",\"@id\":\"https:\/\/www.omis.net\/it-it\/#organization\",\"name\":\"Omis Spa\",\"url\":\"https:\/\/www.omis.net\/it-it\/\",\"logo\":{\"@type\":\"ImageObject\",\"inLanguage\":\"fr-fr\",\"@id\":\"https:\/\/www.omis.net\/it-it\/#\/schema\/logo\/image\/\",\"url\":\"https:\/\/media.omis.net\/media\/2024\/08\/logo.jpg\",\"contentUrl\":\"https:\/\/media.omis.net\/media\/2024\/08\/logo.jpg\",\"width\":300,\"height\":300,\"caption\":\"Omis Spa\"},\"image\":{\"@id\":\"https:\/\/www.omis.net\/it-it\/#\/schema\/logo\/image\/\"},\"sameAs\":[\"https:\/\/www.facebook.com\/omisgroup\",\"https:\/\/www.linkedin.com\/company\/omis-group\",\"https:\/\/www.youtube.com\/channel\/UCS4L59XDk3kKBI9MnjuxWDw\",\"https:\/\/www.instagram.com\/omisgroup\"]}]}<\/script>\n<!-- \/ Yoast SEO plugin. -->","yoast_head_json":{"title":"Potence murale avec bras \u00e0 \u00e2me pleine, capacit\u00e9 2\u00a0000\u00a0kg | OMIS","description":"La potence murale g\u00e8re les lourdes charges et les obstacles au sol avec stabilit\u00e9. Un motor\u00e9ducteur \u00e0 variateur et un r\u00e9ducteur plan\u00e9taire assurent la rotation \u00e9lectrique de 270\u00b0. Les c\u00e2bles flexibles alimentent le palan \u00e0 l'aide de chariots coulissants. Elle peut \u00eatre fournie avec une bo\u00eete \u00e0 boutons suspendue ou coulissante et des fins de course. En savoir plus","robots":{"index":"index","follow":"follow","max-snippet":"max-snippet:-1","max-image-preview":"max-image-preview:large","max-video-preview":"max-video-preview:-1"},"og_locale":"fr_FR","og_type":"article","og_title":"Potence murale avec bras \u00e0 \u00e2me pleine, capacit\u00e9 2\u00a0000\u00a0kg | OMIS","og_description":"La potence murale g\u00e8re les lourdes charges et les obstacles au sol avec stabilit\u00e9. Un motor\u00e9ducteur \u00e0 variateur et un r\u00e9ducteur plan\u00e9taire assurent la rotation \u00e9lectrique de 270\u00b0. Les c\u00e2bles flexibles alimentent le palan \u00e0 l'aide de chariots coulissants. Elle peut \u00eatre fournie avec une bo\u00eete \u00e0 boutons suspendue ou coulissante et des fins de course. En savoir plus","og_url":"https:\/\/www.omis.net\/fr-fr\/produit\/potence-murale-avec-bras-a-ame-pleine-a-tirants-et-rotation-electrique\/","og_site_name":"Omis Spa","article_publisher":"https:\/\/www.facebook.com\/omisgroup","article_modified_time":"2025-02-03T17:55:16+00:00","og_image":[{"width":2560,"height":1440,"url":"https:\/\/media.omis.net\/media\/2024\/12\/profile-m2te-jib-crane-m2te-500kg-wide-connection-front-omis-scaled.webp","type":"image\/webp"}],"twitter_card":"summary_large_image","twitter_misc":{"Est. reading time":"1 minute"},"schema":{"@context":"https:\/\/schema.org","@graph":[{"@type":"WebPage","@id":"https:\/\/www.omis.net\/fr-fr\/produit\/potence-murale-avec-bras-a-ame-pleine-a-tirants-et-rotation-electrique\/","url":"https:\/\/www.omis.net\/fr-fr\/produit\/potence-murale-avec-bras-a-ame-pleine-a-tirants-et-rotation-electrique\/","name":"Potence murale avec bras \u00e0 \u00e2me pleine, capacit\u00e9 2\u00a0000\u00a0kg | OMIS","isPartOf":{"@id":"https:\/\/www.omis.net\/it-it\/#website"},"primaryImageOfPage":{"@id":"https:\/\/www.omis.net\/fr-fr\/produit\/potence-murale-avec-bras-a-ame-pleine-a-tirants-et-rotation-electrique\/#primaryimage"},"image":{"@id":"https:\/\/www.omis.net\/fr-fr\/produit\/potence-murale-avec-bras-a-ame-pleine-a-tirants-et-rotation-electrique\/#primaryimage"},"thumbnailUrl":"https:\/\/media.omis.net\/media\/2024\/12\/profile-m2te-jib-crane-m2te-500kg-wide-connection-front-omis-scaled.webp","datePublished":"2024-12-18T10:00:33+00:00","dateModified":"2025-02-03T17:55:16+00:00","description":"La potence murale g\u00e8re les lourdes charges et les obstacles au sol avec stabilit\u00e9. Un motor\u00e9ducteur \u00e0 variateur et un r\u00e9ducteur plan\u00e9taire assurent la rotation \u00e9lectrique de 270\u00b0. Les c\u00e2bles flexibles alimentent le palan \u00e0 l'aide de chariots coulissants. Elle peut \u00eatre fournie avec une bo\u00eete \u00e0 boutons suspendue ou coulissante et des fins de course. En savoir plus","breadcrumb":{"@id":"https:\/\/www.omis.net\/fr-fr\/produit\/potence-murale-avec-bras-a-ame-pleine-a-tirants-et-rotation-electrique\/#breadcrumb"},"inLanguage":"fr-fr","potentialAction":[{"@type":"ReadAction","target":["https:\/\/www.omis.net\/fr-fr\/produit\/potence-murale-avec-bras-a-ame-pleine-a-tirants-et-rotation-electrique\/"]}]},{"@type":"ImageObject","inLanguage":"fr-fr","@id":"https:\/\/www.omis.net\/fr-fr\/produit\/potence-murale-avec-bras-a-ame-pleine-a-tirants-et-rotation-electrique\/#primaryimage","url":"https:\/\/media.omis.net\/media\/2024\/12\/profile-m2te-jib-crane-m2te-500kg-wide-connection-front-omis-scaled.webp","contentUrl":"https:\/\/media.omis.net\/media\/2024\/12\/profile-m2te-jib-crane-m2te-500kg-wide-connection-front-omis-scaled.webp","width":2560,"height":1440,"caption":"header - Profile m2te jib crane m2te 500kg wide connection front Omis"},{"@type":"BreadcrumbList","@id":"https:\/\/www.omis.net\/fr-fr\/produit\/potence-murale-avec-bras-a-ame-pleine-a-tirants-et-rotation-electrique\/#breadcrumb","itemListElement":[{"@type":"ListItem","position":1,"name":"Home","item":"https:\/\/www.omis.net\/fr-fr\/"},{"@type":"ListItem","position":2,"name":"Potence murale avec bras \u00e0 \u00e2me pleine \u00e0 tirants et rotation \u00e9lectrique"}]},{"@type":"WebSite","@id":"https:\/\/www.omis.net\/it-it\/#website","url":"https:\/\/www.omis.net\/it-it\/","name":"Omis Spa","description":"Movimentazione e sollevamento","publisher":{"@id":"https:\/\/www.omis.net\/it-it\/#organization"},"potentialAction":[{"@type":"SearchAction","target":{"@type":"EntryPoint","urlTemplate":"https:\/\/www.omis.net\/it-it\/?s={search_term_string}"},"query-input":{"@type":"PropertyValueSpecification","valueRequired":true,"valueName":"search_term_string"}}],"inLanguage":"fr-fr"},{"@type":"Organization","@id":"https:\/\/www.omis.net\/it-it\/#organization","name":"Omis Spa","url":"https:\/\/www.omis.net\/it-it\/","logo":{"@type":"ImageObject","inLanguage":"fr-fr","@id":"https:\/\/www.omis.net\/it-it\/#\/schema\/logo\/image\/","url":"https:\/\/media.omis.net\/media\/2024\/08\/logo.jpg","contentUrl":"https:\/\/media.omis.net\/media\/2024\/08\/logo.jpg","width":300,"height":300,"caption":"Omis Spa"},"image":{"@id":"https:\/\/www.omis.net\/it-it\/#\/schema\/logo\/image\/"},"sameAs":["https:\/\/www.facebook.com\/omisgroup","https:\/\/www.linkedin.com\/company\/omis-group","https:\/\/www.youtube.com\/channel\/UCS4L59XDk3kKBI9MnjuxWDw","https:\/\/www.instagram.com\/omisgroup"]}]}},"_links":{"self":[{"href":"https:\/\/www.omis.net\/fr-fr\/wp-json\/wp\/v2\/product\/7309"}],"collection":[{"href":"https:\/\/www.omis.net\/fr-fr\/wp-json\/wp\/v2\/product"}],"about":[{"href":"https:\/\/www.omis.net\/fr-fr\/wp-json\/wp\/v2\/types\/product"}],"acf:attachment":[{"embeddable":true,"href":"https:\/\/www.omis.net\/fr-fr\/wp-json\/wp\/v2\/media\/"},{"embeddable":true,"href":"https:\/\/www.omis.net\/fr-fr\/wp-json\/wp\/v2\/media\/13196"}],"wp:featuredmedia":[{"embeddable":true,"href":"https:\/\/www.omis.net\/fr-fr\/wp-json\/wp\/v2\/media\/13245"}],"wp:attachment":[{"href":"https:\/\/www.omis.net\/fr-fr\/wp-json\/wp\/v2\/media?parent=7309"}],"wp:term":[{"taxonomy":"caratteristica-prodotto","embeddable":true,"href":"https:\/\/www.omis.net\/fr-fr\/wp-json\/wp\/v2\/caratteristica-prodotto?post=7309"},{"taxonomy":"tipologia-prodotto","embeddable":true,"href":"https:\/\/www.omis.net\/fr-fr\/wp-json\/wp\/v2\/tipologia-prodotto?post=7309"}],"curies":[{"name":"wp","href":"https:\/\/api.w.org\/{rel}","templated":true}]}}