{"id":7307,"date":"2024-12-18T10:59:54","date_gmt":"2024-12-18T09:59:54","guid":{"rendered":"http:\/\/bedrock.local\/product\/m2t\/"},"modified":"2025-02-03T18:47:57","modified_gmt":"2025-02-03T17:47:57","slug":"potence-murale-avec-bras-a-ame-pleine-a-tirants","status":"publish","type":"product","link":"https:\/\/www.omis.net\/fr-fr\/produit\/potence-murale-avec-bras-a-ame-pleine-a-tirants\/","title":{"rendered":"Potence murale avec bras \u00e0 \u00e2me pleine \u00e0 tirants"},"content":{"rendered":"","protected":false},"featured_media":13438,"parent":0,"template":"","caratteristica-prodotto":[1007],"tipologia-prodotto":[705,711,723],"class_list":["post-7307","product","type-product","status-publish","has-post-thumbnail","hentry","caratteristica-prodotto-rotation-manuelle","tipologia-prodotto-grues-de-poste-de-travail","tipologia-prodotto-potences","tipologia-prodotto-murale"],"acf":{"import_csv_id":"27","prodotto_generale_sku":"M2T","prodotto_listing_card_descrizione":"La potence murale avec bras \u00e0 \u00e2me pleine \u00e0 un ou deux tirants assure un pivotement facile et la stabilit\u00e9 du chariot, m\u00eame avec une capacit\u00e9 et une port\u00e9e \u00e9lev\u00e9es.","prodotto_listing_card_caratteristiche":null,"prodotto_page_gradient_hero":false,"prodotto_page_titolo_hero":"Agile et puissante dans les espaces limit\u00e9s.","prodotto_page_gallery_hero":[13381,13388],"prodotto_page_descrizione_3_colonne_posizione":false,"prodotto_page_descrizione_3_colonne":[{"valore":"2000\u00a0kg","unita_di_misura":"","etichetta":"Capacit\u00e9 maximale"},{"valore":"8\u00a0m","unita_di_misura":"","etichetta":"Port\u00e9e maximale"},{"valore":"270\u00b0","unita_di_misura":"","etichetta":"Rotation"}],"prodotto_page_descrizione_titolo":"Potence murale \u00e0 bras \u00e0 \u00e2me pleine \u00e0 tirants, 2\u00a0000\u00a0kg max.","prodotto_page_descrizione_3_colonne_testo":"<strong>Les grue v\u00e9locip\u00e8de OMIS avec bras \u00e0 \u00e2me pleine en saillie, \u00e0 un ou deux tirants, permettent une gestion polyvalente et une stabilit\u00e9 accrue du chariot, m\u00eame avec des charges et des port\u00e9es consid\u00e9rables. Le groupe de rotation est toujours mont\u00e9 sur des roulements de haute qualit\u00e9. La potence murale est disponible avec un chariot manuel par pouss\u00e9e, m\u00e9canique ou \u00e9lectrique, et avec une ligne d'alimentation.<\/strong>\r\n\r\nEn cas d'exigences op\u00e9rationnelles sp\u00e9cifiques au client, les potences peuvent \u00eatre install\u00e9es dans des positions oppos\u00e9es l'une \u00e0 l'autre ou peuvent \u00eatre con\u00e7ues avec des dimensions plus importantes.\r\nCe type de potence est la solution la plus pratique et la plus \u00e9conomique pour assurer l'autonomie op\u00e9rationnelle dans une zone de travail qui n\u00e9cessiterait autrement l'utilisation de ponts roulants, de chariots \u00e9l\u00e9vateurs ou d'autres \u00e9quipements de levage.\r\nEn outre, elle r\u00e9sout efficacement le probl\u00e8me de la manutention de charges dans des espaces restreints, o\u00f9 d'autres \u00e9quipements de levage ne seraient pas adapt\u00e9s.","prodotto_page_descrizione_titolo_vantaggi":"Avantages de la potence murale avec bras \u00e0 \u00e2me pleine avec tirants","prodotto_page_descrizione_vantaggi":[{"titolo":"Aucun encombrement au sol","testo":"","link":"","archivio_prodotti":null},{"titolo":"Pivotement facile","testo":"","link":"","archivio_prodotti":null},{"titolo":"Polyvalence","testo":"","link":"","archivio_prodotti":null},{"titolo":"Facile \u00e0 utiliser","testo":"","link":"","archivio_prodotti":null},{"titolo":"Encombrement limit\u00e9","testo":"","link":"","archivio_prodotti":null},{"titolo":"Productivit\u00e9 et s\u00e9curit\u00e9 accrues","testo":"","link":"","archivio_prodotti":null}],"prodotto_page_tabs_dati_tecnici":[{"etichetta":"Capacit\u00e9","valore":"125\u00a0kg - 2000\u00a0kg"},{"etichetta":"Port\u00e9e","valore":"Jusqu'\u00e0 8\u00a0m selon la capacit\u00e9"},{"etichetta":"Profil\u00e9","valore":"Profil\u00e9 avec poutre en double T avec tirants de support"},{"etichetta":"Rotation","valore":"270\u00b0 avec but\u00e9e d'ajustement r\u00e9glable sur site en fonction des encombrements"},{"etichetta":"Rotation","valore":"Manuelle"},{"etichetta":"Console","valore":"La console de support, les tirants et les contre-brides sont r\u00e9alis\u00e9s selon les dimensions du pilier demand\u00e9es."},{"etichetta":"Palan","valore":"Palan \u00e9lectrique \u00e0 cha\u00eene, pour le levage de la charge, \u00e0 une ou deux vitesses de levage,avec chariot de translation \u00e9lectrique, par pouss\u00e9e ou m\u00e9canique."},{"etichetta":"Dispositif de freinage","valore":"Il est constitu\u00e9 d'un embrayage \u00e0 vis r\u00e9glable qui permet d'ajuster l'effort de rotation du bras et d'assurer un positionnement stable."}],"prodotto_page_tabs_optionals":[{"titolo":"Peinture personnalis\u00e9e","testo":"La couleur de la peinture peut \u00eatre personnalis\u00e9e pour r\u00e9pondre \u00e0 des besoins sp\u00e9cifiques, \u00e0 des exigences en mati\u00e8re de design ou de marque.","immagine":null}],"prodotto_page_tabs_downloads":null,"prodotto_page_gallery":[null],"prodotto_page_customer_story_titolo":"","prodotto_page_customer_story_list":null,"prodotto_page_applicazioni_list":"- Agricoltura e Alimentare\r\n- Manifatturiero\r\n- Energetico\r\n- Edile e delle costruzioni\r\n- Tecnologie dell'informazione e ICT\r\n- Trasporti e logistica\r\n- Commercio al dettaglio\r\n- Culturale e dell'intrattenimento\r\n- Ambientale e della sostenibilit\u00e0\r\n- Ricerca e sviluppo\r\n- Arti e Artigianato","prodotto_page_faq_list":null,"prodotto_page_testo_prodotti_correlati":"<h2>Produits connexes<\/h2>\r\nD\u00e9couvrez \u00e9galement ces produits et trouvez d'autres solutions pour votre activit\u00e9.","prodotto_page_lista_prodotti_correlati":"- M\r\n- MT\r\n- MS","prodotto_page_titolo_componenti_3d":"","prodotto_page_immagine_iniziale_componenti_3d":null,"prodotto_page_lista_componenti_3d":null,"prodotto_page_titolo_slider_configurazioni":"Produits et configurations","prodotto_page_lista_immgini_slider_configurazioni":[{"etichetta":"Fixation large","immagine":13402},{"etichetta":"Vue du haut","immagine":13417},{"etichetta":"Perspective","immagine":13409},{"etichetta":"Double bras","immagine":13431},{"etichetta":"Fixation \u00e9troite","immagine":13395},{"etichetta":"Double bras","immagine":13424}],"prodotto_page_titolo_slider_configurazioni_2":"<h2><\/h2>","prodotto_page_lista_immgini_slider_configurazioni_2":null,"seo_title":"Potence murale avec bras \u00e0 \u00e2me pleine, 2\u00a0000\u00a0kg max. | OMIS","seo_description":"Les grue v\u00e9locip\u00e8de OMIS avec bras \u00e0 \u00e2me pleine en saillie et tirants offrent polyvalence et stabilit\u00e9. Groupe de rotation sur roulements de haute qualit\u00e9. Disponibles avec chariot manuel, m\u00e9canique ou \u00e9lectrique et ligne d'alimentation. Elles peuvent \u00eatre install\u00e9es en face l'une de l'autre ou con\u00e7ues sur mesure. En savoir plus"},"yoast_head":"<!-- This site is optimized with the Yoast SEO plugin v23.9 - https:\/\/yoast.com\/wordpress\/plugins\/seo\/ -->\n<title>Potence murale avec bras \u00e0 \u00e2me pleine, 2\u00a0000\u00a0kg max. | OMIS<\/title>\n<meta name=\"description\" content=\"Les grue v\u00e9locip\u00e8de OMIS avec bras \u00e0 \u00e2me pleine en saillie et tirants offrent polyvalence et stabilit\u00e9. Groupe de rotation sur roulements de haute qualit\u00e9. Disponibles avec chariot manuel, m\u00e9canique ou \u00e9lectrique et ligne d&#039;alimentation. Elles peuvent \u00eatre install\u00e9es en face l&#039;une de l&#039;autre ou con\u00e7ues sur mesure. En savoir plus\" \/>\n<meta name=\"robots\" content=\"index, follow, max-snippet:-1, max-image-preview:large, max-video-preview:-1\" \/>\n<meta property=\"og:locale\" content=\"fr_FR\" \/>\n<meta property=\"og:type\" content=\"article\" \/>\n<meta property=\"og:title\" content=\"Potence murale avec bras \u00e0 \u00e2me pleine, 2\u00a0000\u00a0kg max. | OMIS\" \/>\n<meta property=\"og:description\" content=\"Les grue v\u00e9locip\u00e8de OMIS avec bras \u00e0 \u00e2me pleine en saillie et tirants offrent polyvalence et stabilit\u00e9. Groupe de rotation sur roulements de haute qualit\u00e9. Disponibles avec chariot manuel, m\u00e9canique ou \u00e9lectrique et ligne d&#039;alimentation. Elles peuvent \u00eatre install\u00e9es en face l&#039;une de l&#039;autre ou con\u00e7ues sur mesure. En savoir plus\" \/>\n<meta property=\"og:url\" content=\"https:\/\/www.omis.net\/fr-fr\/produit\/potence-murale-avec-bras-a-ame-pleine-a-tirants\/\" \/>\n<meta property=\"og:site_name\" content=\"Omis Spa\" \/>\n<meta property=\"article:publisher\" content=\"https:\/\/www.facebook.com\/omisgroup\" \/>\n<meta property=\"article:modified_time\" content=\"2025-02-03T17:47:57+00:00\" \/>\n<meta property=\"og:image\" content=\"https:\/\/media.omis.net\/media\/2024\/12\/profile-m2tjib-crane-m2t-250kg-wide-connection-front-3d-omis-scaled.webp\" \/>\n\t<meta property=\"og:image:width\" content=\"2560\" \/>\n\t<meta property=\"og:image:height\" content=\"1440\" \/>\n\t<meta property=\"og:image:type\" content=\"image\/webp\" \/>\n<meta name=\"twitter:card\" content=\"summary_large_image\" \/>\n<meta name=\"twitter:label1\" content=\"Est. reading time\" \/>\n\t<meta name=\"twitter:data1\" content=\"1 minute\" \/>\n<script type=\"application\/ld+json\" class=\"yoast-schema-graph\">{\"@context\":\"https:\/\/schema.org\",\"@graph\":[{\"@type\":\"WebPage\",\"@id\":\"https:\/\/www.omis.net\/fr-fr\/produit\/potence-murale-avec-bras-a-ame-pleine-a-tirants\/\",\"url\":\"https:\/\/www.omis.net\/fr-fr\/produit\/potence-murale-avec-bras-a-ame-pleine-a-tirants\/\",\"name\":\"Potence murale avec bras \u00e0 \u00e2me pleine, 2\u00a0000\u00a0kg max. | OMIS\",\"isPartOf\":{\"@id\":\"https:\/\/www.omis.net\/it-it\/#website\"},\"primaryImageOfPage\":{\"@id\":\"https:\/\/www.omis.net\/fr-fr\/produit\/potence-murale-avec-bras-a-ame-pleine-a-tirants\/#primaryimage\"},\"image\":{\"@id\":\"https:\/\/www.omis.net\/fr-fr\/produit\/potence-murale-avec-bras-a-ame-pleine-a-tirants\/#primaryimage\"},\"thumbnailUrl\":\"https:\/\/media.omis.net\/media\/2024\/12\/profile-m2tjib-crane-m2t-250kg-wide-connection-front-3d-omis-scaled.webp\",\"datePublished\":\"2024-12-18T09:59:54+00:00\",\"dateModified\":\"2025-02-03T17:47:57+00:00\",\"description\":\"Les grue v\u00e9locip\u00e8de OMIS avec bras \u00e0 \u00e2me pleine en saillie et tirants offrent polyvalence et stabilit\u00e9. Groupe de rotation sur roulements de haute qualit\u00e9. Disponibles avec chariot manuel, m\u00e9canique ou \u00e9lectrique et ligne d'alimentation. Elles peuvent \u00eatre install\u00e9es en face l'une de l'autre ou con\u00e7ues sur mesure. En savoir plus\",\"breadcrumb\":{\"@id\":\"https:\/\/www.omis.net\/fr-fr\/produit\/potence-murale-avec-bras-a-ame-pleine-a-tirants\/#breadcrumb\"},\"inLanguage\":\"fr-fr\",\"potentialAction\":[{\"@type\":\"ReadAction\",\"target\":[\"https:\/\/www.omis.net\/fr-fr\/produit\/potence-murale-avec-bras-a-ame-pleine-a-tirants\/\"]}]},{\"@type\":\"ImageObject\",\"inLanguage\":\"fr-fr\",\"@id\":\"https:\/\/www.omis.net\/fr-fr\/produit\/potence-murale-avec-bras-a-ame-pleine-a-tirants\/#primaryimage\",\"url\":\"https:\/\/media.omis.net\/media\/2024\/12\/profile-m2tjib-crane-m2t-250kg-wide-connection-front-3d-omis-scaled.webp\",\"contentUrl\":\"https:\/\/media.omis.net\/media\/2024\/12\/profile-m2tjib-crane-m2t-250kg-wide-connection-front-3d-omis-scaled.webp\",\"width\":2560,\"height\":1440,\"caption\":\"header - Profile m2tjib crane m2t 250kg wide connection front 3d Omis\"},{\"@type\":\"BreadcrumbList\",\"@id\":\"https:\/\/www.omis.net\/fr-fr\/produit\/potence-murale-avec-bras-a-ame-pleine-a-tirants\/#breadcrumb\",\"itemListElement\":[{\"@type\":\"ListItem\",\"position\":1,\"name\":\"Home\",\"item\":\"https:\/\/www.omis.net\/fr-fr\/\"},{\"@type\":\"ListItem\",\"position\":2,\"name\":\"Potence murale avec bras \u00e0 \u00e2me pleine \u00e0 tirants\"}]},{\"@type\":\"WebSite\",\"@id\":\"https:\/\/www.omis.net\/it-it\/#website\",\"url\":\"https:\/\/www.omis.net\/it-it\/\",\"name\":\"Omis Spa\",\"description\":\"Movimentazione e sollevamento\",\"publisher\":{\"@id\":\"https:\/\/www.omis.net\/it-it\/#organization\"},\"potentialAction\":[{\"@type\":\"SearchAction\",\"target\":{\"@type\":\"EntryPoint\",\"urlTemplate\":\"https:\/\/www.omis.net\/it-it\/?s={search_term_string}\"},\"query-input\":{\"@type\":\"PropertyValueSpecification\",\"valueRequired\":true,\"valueName\":\"search_term_string\"}}],\"inLanguage\":\"fr-fr\"},{\"@type\":\"Organization\",\"@id\":\"https:\/\/www.omis.net\/it-it\/#organization\",\"name\":\"Omis Spa\",\"url\":\"https:\/\/www.omis.net\/it-it\/\",\"logo\":{\"@type\":\"ImageObject\",\"inLanguage\":\"fr-fr\",\"@id\":\"https:\/\/www.omis.net\/it-it\/#\/schema\/logo\/image\/\",\"url\":\"https:\/\/media.omis.net\/media\/2024\/08\/logo.jpg\",\"contentUrl\":\"https:\/\/media.omis.net\/media\/2024\/08\/logo.jpg\",\"width\":300,\"height\":300,\"caption\":\"Omis Spa\"},\"image\":{\"@id\":\"https:\/\/www.omis.net\/it-it\/#\/schema\/logo\/image\/\"},\"sameAs\":[\"https:\/\/www.facebook.com\/omisgroup\",\"https:\/\/www.linkedin.com\/company\/omis-group\",\"https:\/\/www.youtube.com\/channel\/UCS4L59XDk3kKBI9MnjuxWDw\",\"https:\/\/www.instagram.com\/omisgroup\"]}]}<\/script>\n<!-- \/ Yoast SEO plugin. -->","yoast_head_json":{"title":"Potence murale avec bras \u00e0 \u00e2me pleine, 2\u00a0000\u00a0kg max. | OMIS","description":"Les grue v\u00e9locip\u00e8de OMIS avec bras \u00e0 \u00e2me pleine en saillie et tirants offrent polyvalence et stabilit\u00e9. Groupe de rotation sur roulements de haute qualit\u00e9. Disponibles avec chariot manuel, m\u00e9canique ou \u00e9lectrique et ligne d'alimentation. Elles peuvent \u00eatre install\u00e9es en face l'une de l'autre ou con\u00e7ues sur mesure. En savoir plus","robots":{"index":"index","follow":"follow","max-snippet":"max-snippet:-1","max-image-preview":"max-image-preview:large","max-video-preview":"max-video-preview:-1"},"og_locale":"fr_FR","og_type":"article","og_title":"Potence murale avec bras \u00e0 \u00e2me pleine, 2\u00a0000\u00a0kg max. | OMIS","og_description":"Les grue v\u00e9locip\u00e8de OMIS avec bras \u00e0 \u00e2me pleine en saillie et tirants offrent polyvalence et stabilit\u00e9. Groupe de rotation sur roulements de haute qualit\u00e9. Disponibles avec chariot manuel, m\u00e9canique ou \u00e9lectrique et ligne d'alimentation. Elles peuvent \u00eatre install\u00e9es en face l'une de l'autre ou con\u00e7ues sur mesure. En savoir plus","og_url":"https:\/\/www.omis.net\/fr-fr\/produit\/potence-murale-avec-bras-a-ame-pleine-a-tirants\/","og_site_name":"Omis Spa","article_publisher":"https:\/\/www.facebook.com\/omisgroup","article_modified_time":"2025-02-03T17:47:57+00:00","og_image":[{"width":2560,"height":1440,"url":"https:\/\/media.omis.net\/media\/2024\/12\/profile-m2tjib-crane-m2t-250kg-wide-connection-front-3d-omis-scaled.webp","type":"image\/webp"}],"twitter_card":"summary_large_image","twitter_misc":{"Est. reading time":"1 minute"},"schema":{"@context":"https:\/\/schema.org","@graph":[{"@type":"WebPage","@id":"https:\/\/www.omis.net\/fr-fr\/produit\/potence-murale-avec-bras-a-ame-pleine-a-tirants\/","url":"https:\/\/www.omis.net\/fr-fr\/produit\/potence-murale-avec-bras-a-ame-pleine-a-tirants\/","name":"Potence murale avec bras \u00e0 \u00e2me pleine, 2\u00a0000\u00a0kg max. | OMIS","isPartOf":{"@id":"https:\/\/www.omis.net\/it-it\/#website"},"primaryImageOfPage":{"@id":"https:\/\/www.omis.net\/fr-fr\/produit\/potence-murale-avec-bras-a-ame-pleine-a-tirants\/#primaryimage"},"image":{"@id":"https:\/\/www.omis.net\/fr-fr\/produit\/potence-murale-avec-bras-a-ame-pleine-a-tirants\/#primaryimage"},"thumbnailUrl":"https:\/\/media.omis.net\/media\/2024\/12\/profile-m2tjib-crane-m2t-250kg-wide-connection-front-3d-omis-scaled.webp","datePublished":"2024-12-18T09:59:54+00:00","dateModified":"2025-02-03T17:47:57+00:00","description":"Les grue v\u00e9locip\u00e8de OMIS avec bras \u00e0 \u00e2me pleine en saillie et tirants offrent polyvalence et stabilit\u00e9. Groupe de rotation sur roulements de haute qualit\u00e9. Disponibles avec chariot manuel, m\u00e9canique ou \u00e9lectrique et ligne d'alimentation. Elles peuvent \u00eatre install\u00e9es en face l'une de l'autre ou con\u00e7ues sur mesure. En savoir plus","breadcrumb":{"@id":"https:\/\/www.omis.net\/fr-fr\/produit\/potence-murale-avec-bras-a-ame-pleine-a-tirants\/#breadcrumb"},"inLanguage":"fr-fr","potentialAction":[{"@type":"ReadAction","target":["https:\/\/www.omis.net\/fr-fr\/produit\/potence-murale-avec-bras-a-ame-pleine-a-tirants\/"]}]},{"@type":"ImageObject","inLanguage":"fr-fr","@id":"https:\/\/www.omis.net\/fr-fr\/produit\/potence-murale-avec-bras-a-ame-pleine-a-tirants\/#primaryimage","url":"https:\/\/media.omis.net\/media\/2024\/12\/profile-m2tjib-crane-m2t-250kg-wide-connection-front-3d-omis-scaled.webp","contentUrl":"https:\/\/media.omis.net\/media\/2024\/12\/profile-m2tjib-crane-m2t-250kg-wide-connection-front-3d-omis-scaled.webp","width":2560,"height":1440,"caption":"header - Profile m2tjib crane m2t 250kg wide connection front 3d Omis"},{"@type":"BreadcrumbList","@id":"https:\/\/www.omis.net\/fr-fr\/produit\/potence-murale-avec-bras-a-ame-pleine-a-tirants\/#breadcrumb","itemListElement":[{"@type":"ListItem","position":1,"name":"Home","item":"https:\/\/www.omis.net\/fr-fr\/"},{"@type":"ListItem","position":2,"name":"Potence murale avec bras \u00e0 \u00e2me pleine \u00e0 tirants"}]},{"@type":"WebSite","@id":"https:\/\/www.omis.net\/it-it\/#website","url":"https:\/\/www.omis.net\/it-it\/","name":"Omis Spa","description":"Movimentazione e sollevamento","publisher":{"@id":"https:\/\/www.omis.net\/it-it\/#organization"},"potentialAction":[{"@type":"SearchAction","target":{"@type":"EntryPoint","urlTemplate":"https:\/\/www.omis.net\/it-it\/?s={search_term_string}"},"query-input":{"@type":"PropertyValueSpecification","valueRequired":true,"valueName":"search_term_string"}}],"inLanguage":"fr-fr"},{"@type":"Organization","@id":"https:\/\/www.omis.net\/it-it\/#organization","name":"Omis Spa","url":"https:\/\/www.omis.net\/it-it\/","logo":{"@type":"ImageObject","inLanguage":"fr-fr","@id":"https:\/\/www.omis.net\/it-it\/#\/schema\/logo\/image\/","url":"https:\/\/media.omis.net\/media\/2024\/08\/logo.jpg","contentUrl":"https:\/\/media.omis.net\/media\/2024\/08\/logo.jpg","width":300,"height":300,"caption":"Omis Spa"},"image":{"@id":"https:\/\/www.omis.net\/it-it\/#\/schema\/logo\/image\/"},"sameAs":["https:\/\/www.facebook.com\/omisgroup","https:\/\/www.linkedin.com\/company\/omis-group","https:\/\/www.youtube.com\/channel\/UCS4L59XDk3kKBI9MnjuxWDw","https:\/\/www.instagram.com\/omisgroup"]}]}},"_links":{"self":[{"href":"https:\/\/www.omis.net\/fr-fr\/wp-json\/wp\/v2\/product\/7307"}],"collection":[{"href":"https:\/\/www.omis.net\/fr-fr\/wp-json\/wp\/v2\/product"}],"about":[{"href":"https:\/\/www.omis.net\/fr-fr\/wp-json\/wp\/v2\/types\/product"}],"acf:attachment":[{"embeddable":true,"href":"https:\/\/www.omis.net\/fr-fr\/wp-json\/wp\/v2\/media\/"},{"embeddable":true,"href":"https:\/\/www.omis.net\/fr-fr\/wp-json\/wp\/v2\/media\/13388"},{"embeddable":true,"href":"https:\/\/www.omis.net\/fr-fr\/wp-json\/wp\/v2\/media\/13381"}],"wp:featuredmedia":[{"embeddable":true,"href":"https:\/\/www.omis.net\/fr-fr\/wp-json\/wp\/v2\/media\/13438"}],"wp:attachment":[{"href":"https:\/\/www.omis.net\/fr-fr\/wp-json\/wp\/v2\/media?parent=7307"}],"wp:term":[{"taxonomy":"caratteristica-prodotto","embeddable":true,"href":"https:\/\/www.omis.net\/fr-fr\/wp-json\/wp\/v2\/caratteristica-prodotto?post=7307"},{"taxonomy":"tipologia-prodotto","embeddable":true,"href":"https:\/\/www.omis.net\/fr-fr\/wp-json\/wp\/v2\/tipologia-prodotto?post=7307"}],"curies":[{"name":"wp","href":"https:\/\/api.w.org\/{rel}","templated":true}]}}