{"id":7305,"date":"2024-12-18T10:59:07","date_gmt":"2024-12-18T09:59:07","guid":{"rendered":"http:\/\/bedrock.local\/product\/m\/"},"modified":"2025-02-03T14:44:57","modified_gmt":"2025-02-03T13:44:57","slug":"potence-murale-avec-bras-profile-a-goulotte","status":"publish","type":"product","link":"https:\/\/www.omis.net\/fr-fr\/produit\/potence-murale-avec-bras-profile-a-goulotte\/","title":{"rendered":"Potence murale avec bras profil\u00e9 \u00e0 goulotte"},"content":{"rendered":"","protected":false},"featured_media":13373,"parent":0,"template":"","caratteristica-prodotto":[1007],"tipologia-prodotto":[705,711,723],"class_list":["post-7305","product","type-product","status-publish","has-post-thumbnail","hentry","caratteristica-prodotto-rotation-manuelle","tipologia-prodotto-grues-de-poste-de-travail","tipologia-prodotto-potences","tipologia-prodotto-murale"],"acf":{"import_csv_id":"25","prodotto_generale_sku":"M","prodotto_listing_card_descrizione":"Potence murale avec bras profil\u00e9 \u00e0 goulotte.","prodotto_listing_card_caratteristiche":null,"prodotto_page_gradient_hero":false,"prodotto_page_titolo_hero":"Robuste et l\u00e9g\u00e8re, efficace dans tous les contextes.","prodotto_page_gallery_hero":[13317,13324],"prodotto_page_descrizione_3_colonne_posizione":false,"prodotto_page_descrizione_3_colonne":[{"valore":"1\u00a0000\u00a0kg","unita_di_misura":"","etichetta":"Capacit\u00e9 maximale"},{"valore":"8\u00a0m","unita_di_misura":"","etichetta":"Port\u00e9e maximale"},{"valore":"270\u00b0","unita_di_misura":"","etichetta":"Rotation"}],"prodotto_page_descrizione_titolo":"Potence murale avec bras \u00e0 goulotte, capacit\u00e9 jusqu'\u00e0 1\u00a0000\u00a0kg","prodotto_page_descrizione_3_colonne_testo":"<strong>Notre potence murale avec bras profil\u00e9 \u00e0 goulotte est la solution id\u00e9ale pour tous ceux qui recherchent un syst\u00e8me de levage efficace, polyvalent et s\u00fbr. Con\u00e7ue pour servir une vari\u00e9t\u00e9 d'applications industrielles, cette potence combine robustesse et l\u00e9g\u00e8ret\u00e9 pour assurer d'excellentes performances dans n'importe quel environnement de travail.<\/strong>\r\n\r\nAvec une port\u00e9e allant jusqu'\u00e0 8\u00a0m\u00e8tres et une rotation de 270\u00b0, elle peut couvrir une large zone de travail. Elle n'occupe aucun espace au sol et permet de r\u00e9cup\u00e9rer des centim\u00e8tres gr\u00e2ce \u00e0 l'action de la pont roulant et de l'\u00e9lingage sur une structure ou un pilier existant. Cela permet d'utiliser la profondeur de la colonne comme rayon d'action et d'utiliser l'espace d\u00e9j\u00e0 pr\u00e9sent dans le pilier, en \u00e9vitant l'encombrement caus\u00e9 par la plaque de base.\r\nDot\u00e9e d'un bras constitu\u00e9 d'un profil\u00e9 sp\u00e9cial pli\u00e9 \u00e0 la presse et dot\u00e9 d'une goulotte, stable et l\u00e9ger, elle est optimis\u00e9e pour fournir la meilleure sensibilit\u00e9 possible au balancement et au glissement du chariot. La conception du bras assure des mouvements fluides et pr\u00e9cis, r\u00e9duisant ainsi la fatigue de l'op\u00e9rateur.\r\nLa potence murale est id\u00e9ale pour les ateliers, les entrep\u00f4ts, les cha\u00eenes de production et de nombreuses autres applications industrielles. Con\u00e7ue pour un assemblage rapide et facile, elle offre la possibilit\u00e9 de configurations sp\u00e9ciales pour des besoins op\u00e9rationnels complexes. La potence est fournie avec une ligne d'alimentation et est disponible avec un chariot manuel par pouss\u00e9e.","prodotto_page_descrizione_titolo_vantaggi":"Avantages de la potence murale avec bras profil\u00e9 \u00e0 goulotte ","prodotto_page_descrizione_vantaggi":[{"titolo":"Aucun encombrement au sol","testo":"","link":"","archivio_prodotti":null},{"titolo":"Polyvalence","testo":"","link":"","archivio_prodotti":null},{"titolo":"Facile \u00e0 utiliser","testo":"","link":"","archivio_prodotti":null},{"titolo":"Encombrement limit\u00e9","testo":"","link":"","archivio_prodotti":null},{"titolo":"Course crochet augment\u00e9e","testo":"","link":"","archivio_prodotti":null},{"titolo":"Productivit\u00e9 et s\u00e9curit\u00e9 accrues","testo":"","link":"","archivio_prodotti":null}],"prodotto_page_tabs_dati_tecnici":[{"etichetta":"Capacit\u00e9","valore":"125\u00a0kg - 1\u00a0000\u00a0kg"},{"etichetta":"Port\u00e9e","valore":"Jusqu'\u00e0 8\u00a0m selon la capacit\u00e9"},{"etichetta":"Profil\u00e9","valore":"Profil en forme d'om\u00e9ga pli\u00e9 \u00e0 la presse"},{"etichetta":"Rotation","valore":"180\u00b0 - 270\u00b0 selon l'appui du pilier"},{"etichetta":"Rotation","valore":"Manuelle"},{"etichetta":"Console","valore":"La console de support, les tirants et les contre-brides sont r\u00e9alis\u00e9s selon les dimensions du pilier demand\u00e9es."},{"etichetta":"Palan","valore":"Palan \u00e9lectrique \u00e0 cha\u00eene, pour le levage de la charge, \u00e0 une ou deux vitesses de levage, avec chariot de translation par pouss\u00e9e."},{"etichetta":"Dispositif de freinage","valore":"Il est constitu\u00e9 d'un embrayage \u00e0 vis r\u00e9glable qui permet d'ajuster l'effort de rotation du bras et d'assurer un positionnement stable."}],"prodotto_page_tabs_optionals":[{"titolo":"Peinture personnalis\u00e9e","testo":"La couleur de la peinture peut \u00eatre personnalis\u00e9e pour r\u00e9pondre \u00e0 des besoins sp\u00e9cifiques, \u00e0 des exigences en mati\u00e8re de design ou de marque.","immagine":null}],"prodotto_page_tabs_downloads":null,"prodotto_page_gallery":[null],"prodotto_page_customer_story_titolo":"","prodotto_page_customer_story_list":null,"prodotto_page_applicazioni_list":"- Agricoltura e Alimentare\r\n- Manifatturiero\r\n- Energetico\r\n- Edile e delle costruzioni\r\n- Tecnologie dell'informazione e ICT\r\n- Trasporti e logistica\r\n- Commercio al dettaglio\r\n- Culturale e dell'intrattenimento\r\n- Ambientale e della sostenibilit\u00e0\r\n- Ricerca e sviluppo\r\n- Arti e Artigianato","prodotto_page_faq_list":null,"prodotto_page_testo_prodotti_correlati":"<h2>Produits connexes<\/h2>\r\nD\u00e9couvrez \u00e9galement ces produits et trouvez d'autres solutions pour votre activit\u00e9.","prodotto_page_lista_prodotti_correlati":"- MT\r\n- M2T\r\n- MS","prodotto_page_titolo_componenti_3d":"","prodotto_page_immagine_iniziale_componenti_3d":null,"prodotto_page_lista_componenti_3d":null,"prodotto_page_titolo_slider_configurazioni":"Produits et configurations","prodotto_page_lista_immgini_slider_configurazioni":[{"etichetta":"Fixation large","immagine":13338},{"etichetta":"Vue du haut","immagine":13331},{"etichetta":"Perspective","immagine":13345},{"etichetta":"Double bras","immagine":13359},{"etichetta":"Fixation \u00e9troite","immagine":13352},{"etichetta":"Double bras","immagine":13366}],"prodotto_page_titolo_slider_configurazioni_2":"<h2><\/h2>","prodotto_page_lista_immgini_slider_configurazioni_2":null,"seo_title":"Potence murale 1\u00a0000\u00a0kg, port\u00e9e de 8\u00a0m, rotation 270\u00b0 | OMIS","seo_description":"La potence murale avec bras profil\u00e9 \u00e0 goulotte est id\u00e9ale pour les environnements industriels, facile \u00e0 assembler et disponible avec un chariot manuel. Port\u00e9e jusqu'\u00e0 8\u00a0m\u00e8tres et rotation de 270\u00b0, elle couvre de vastes zones sans occuper d'espace au sol. Elle se fixe sur des structures existantes, en exploitant l'espace du pilier. En savoir plus\r\n\r\n\r\n\r\n\r\n\r\n\r\n"},"yoast_head":"<!-- This site is optimized with the Yoast SEO plugin v23.9 - https:\/\/yoast.com\/wordpress\/plugins\/seo\/ -->\n<title>Potence murale 1\u00a0000\u00a0kg, port\u00e9e de 8\u00a0m, rotation 270\u00b0 | OMIS<\/title>\n<meta name=\"description\" content=\"La potence murale avec bras profil\u00e9 \u00e0 goulotte est id\u00e9ale pour les environnements industriels, facile \u00e0 assembler et disponible avec un chariot manuel. Port\u00e9e jusqu&#039;\u00e0 8\u00a0m\u00e8tres et rotation de 270\u00b0, elle couvre de vastes zones sans occuper d&#039;espace au sol. Elle se fixe sur des structures existantes, en exploitant l&#039;espace du pilier. En savoir plus\" \/>\n<meta name=\"robots\" content=\"index, follow, max-snippet:-1, max-image-preview:large, max-video-preview:-1\" \/>\n<meta property=\"og:locale\" content=\"fr_FR\" \/>\n<meta property=\"og:type\" content=\"article\" \/>\n<meta property=\"og:title\" content=\"Potence murale 1\u00a0000\u00a0kg, port\u00e9e de 8\u00a0m, rotation 270\u00b0 | OMIS\" \/>\n<meta property=\"og:description\" content=\"La potence murale avec bras profil\u00e9 \u00e0 goulotte est id\u00e9ale pour les environnements industriels, facile \u00e0 assembler et disponible avec un chariot manuel. Port\u00e9e jusqu&#039;\u00e0 8\u00a0m\u00e8tres et rotation de 270\u00b0, elle couvre de vastes zones sans occuper d&#039;espace au sol. Elle se fixe sur des structures existantes, en exploitant l&#039;espace du pilier. En savoir plus\" \/>\n<meta property=\"og:url\" content=\"https:\/\/www.omis.net\/fr-fr\/produit\/potence-murale-avec-bras-profile-a-goulotte\/\" \/>\n<meta property=\"og:site_name\" content=\"Omis Spa\" \/>\n<meta property=\"article:publisher\" content=\"https:\/\/www.facebook.com\/omisgroup\" \/>\n<meta property=\"article:modified_time\" content=\"2025-02-03T13:44:57+00:00\" \/>\n<meta property=\"og:image\" content=\"https:\/\/media.omis.net\/media\/2024\/12\/profilejib-crane-m-125kg-front-3d-omis-scaled.webp\" \/>\n\t<meta property=\"og:image:width\" content=\"2560\" \/>\n\t<meta property=\"og:image:height\" content=\"1440\" \/>\n\t<meta property=\"og:image:type\" content=\"image\/webp\" \/>\n<meta name=\"twitter:card\" content=\"summary_large_image\" \/>\n<meta name=\"twitter:label1\" content=\"Est. reading time\" \/>\n\t<meta name=\"twitter:data1\" content=\"1 minute\" \/>\n<script type=\"application\/ld+json\" class=\"yoast-schema-graph\">{\"@context\":\"https:\/\/schema.org\",\"@graph\":[{\"@type\":\"WebPage\",\"@id\":\"https:\/\/www.omis.net\/fr-fr\/produit\/potence-murale-avec-bras-profile-a-goulotte\/\",\"url\":\"https:\/\/www.omis.net\/fr-fr\/produit\/potence-murale-avec-bras-profile-a-goulotte\/\",\"name\":\"Potence murale 1\u00a0000\u00a0kg, port\u00e9e de 8\u00a0m, rotation 270\u00b0 | OMIS\",\"isPartOf\":{\"@id\":\"https:\/\/www.omis.net\/it-it\/#website\"},\"primaryImageOfPage\":{\"@id\":\"https:\/\/www.omis.net\/fr-fr\/produit\/potence-murale-avec-bras-profile-a-goulotte\/#primaryimage\"},\"image\":{\"@id\":\"https:\/\/www.omis.net\/fr-fr\/produit\/potence-murale-avec-bras-profile-a-goulotte\/#primaryimage\"},\"thumbnailUrl\":\"https:\/\/media.omis.net\/media\/2024\/12\/profilejib-crane-m-125kg-front-3d-omis-scaled.webp\",\"datePublished\":\"2024-12-18T09:59:07+00:00\",\"dateModified\":\"2025-02-03T13:44:57+00:00\",\"description\":\"La potence murale avec bras profil\u00e9 \u00e0 goulotte est id\u00e9ale pour les environnements industriels, facile \u00e0 assembler et disponible avec un chariot manuel. Port\u00e9e jusqu'\u00e0 8\u00a0m\u00e8tres et rotation de 270\u00b0, elle couvre de vastes zones sans occuper d'espace au sol. Elle se fixe sur des structures existantes, en exploitant l'espace du pilier. En savoir plus\",\"breadcrumb\":{\"@id\":\"https:\/\/www.omis.net\/fr-fr\/produit\/potence-murale-avec-bras-profile-a-goulotte\/#breadcrumb\"},\"inLanguage\":\"fr-fr\",\"potentialAction\":[{\"@type\":\"ReadAction\",\"target\":[\"https:\/\/www.omis.net\/fr-fr\/produit\/potence-murale-avec-bras-profile-a-goulotte\/\"]}]},{\"@type\":\"ImageObject\",\"inLanguage\":\"fr-fr\",\"@id\":\"https:\/\/www.omis.net\/fr-fr\/produit\/potence-murale-avec-bras-profile-a-goulotte\/#primaryimage\",\"url\":\"https:\/\/media.omis.net\/media\/2024\/12\/profilejib-crane-m-125kg-front-3d-omis-scaled.webp\",\"contentUrl\":\"https:\/\/media.omis.net\/media\/2024\/12\/profilejib-crane-m-125kg-front-3d-omis-scaled.webp\",\"width\":2560,\"height\":1440,\"caption\":\"header - Profilejib crane m 125kg front 3d Omis\"},{\"@type\":\"BreadcrumbList\",\"@id\":\"https:\/\/www.omis.net\/fr-fr\/produit\/potence-murale-avec-bras-profile-a-goulotte\/#breadcrumb\",\"itemListElement\":[{\"@type\":\"ListItem\",\"position\":1,\"name\":\"Home\",\"item\":\"https:\/\/www.omis.net\/fr-fr\/\"},{\"@type\":\"ListItem\",\"position\":2,\"name\":\"Potence murale avec bras profil\u00e9 \u00e0 goulotte\"}]},{\"@type\":\"WebSite\",\"@id\":\"https:\/\/www.omis.net\/it-it\/#website\",\"url\":\"https:\/\/www.omis.net\/it-it\/\",\"name\":\"Omis Spa\",\"description\":\"Movimentazione e sollevamento\",\"publisher\":{\"@id\":\"https:\/\/www.omis.net\/it-it\/#organization\"},\"potentialAction\":[{\"@type\":\"SearchAction\",\"target\":{\"@type\":\"EntryPoint\",\"urlTemplate\":\"https:\/\/www.omis.net\/it-it\/?s={search_term_string}\"},\"query-input\":{\"@type\":\"PropertyValueSpecification\",\"valueRequired\":true,\"valueName\":\"search_term_string\"}}],\"inLanguage\":\"fr-fr\"},{\"@type\":\"Organization\",\"@id\":\"https:\/\/www.omis.net\/it-it\/#organization\",\"name\":\"Omis Spa\",\"url\":\"https:\/\/www.omis.net\/it-it\/\",\"logo\":{\"@type\":\"ImageObject\",\"inLanguage\":\"fr-fr\",\"@id\":\"https:\/\/www.omis.net\/it-it\/#\/schema\/logo\/image\/\",\"url\":\"https:\/\/media.omis.net\/media\/2024\/08\/logo.jpg\",\"contentUrl\":\"https:\/\/media.omis.net\/media\/2024\/08\/logo.jpg\",\"width\":300,\"height\":300,\"caption\":\"Omis Spa\"},\"image\":{\"@id\":\"https:\/\/www.omis.net\/it-it\/#\/schema\/logo\/image\/\"},\"sameAs\":[\"https:\/\/www.facebook.com\/omisgroup\",\"https:\/\/www.linkedin.com\/company\/omis-group\",\"https:\/\/www.youtube.com\/channel\/UCS4L59XDk3kKBI9MnjuxWDw\",\"https:\/\/www.instagram.com\/omisgroup\"]}]}<\/script>\n<!-- \/ Yoast SEO plugin. -->","yoast_head_json":{"title":"Potence murale 1\u00a0000\u00a0kg, port\u00e9e de 8\u00a0m, rotation 270\u00b0 | OMIS","description":"La potence murale avec bras profil\u00e9 \u00e0 goulotte est id\u00e9ale pour les environnements industriels, facile \u00e0 assembler et disponible avec un chariot manuel. Port\u00e9e jusqu'\u00e0 8\u00a0m\u00e8tres et rotation de 270\u00b0, elle couvre de vastes zones sans occuper d'espace au sol. Elle se fixe sur des structures existantes, en exploitant l'espace du pilier. En savoir plus","robots":{"index":"index","follow":"follow","max-snippet":"max-snippet:-1","max-image-preview":"max-image-preview:large","max-video-preview":"max-video-preview:-1"},"og_locale":"fr_FR","og_type":"article","og_title":"Potence murale 1\u00a0000\u00a0kg, port\u00e9e de 8\u00a0m, rotation 270\u00b0 | OMIS","og_description":"La potence murale avec bras profil\u00e9 \u00e0 goulotte est id\u00e9ale pour les environnements industriels, facile \u00e0 assembler et disponible avec un chariot manuel. Port\u00e9e jusqu'\u00e0 8\u00a0m\u00e8tres et rotation de 270\u00b0, elle couvre de vastes zones sans occuper d'espace au sol. Elle se fixe sur des structures existantes, en exploitant l'espace du pilier. En savoir plus","og_url":"https:\/\/www.omis.net\/fr-fr\/produit\/potence-murale-avec-bras-profile-a-goulotte\/","og_site_name":"Omis Spa","article_publisher":"https:\/\/www.facebook.com\/omisgroup","article_modified_time":"2025-02-03T13:44:57+00:00","og_image":[{"width":2560,"height":1440,"url":"https:\/\/media.omis.net\/media\/2024\/12\/profilejib-crane-m-125kg-front-3d-omis-scaled.webp","type":"image\/webp"}],"twitter_card":"summary_large_image","twitter_misc":{"Est. reading time":"1 minute"},"schema":{"@context":"https:\/\/schema.org","@graph":[{"@type":"WebPage","@id":"https:\/\/www.omis.net\/fr-fr\/produit\/potence-murale-avec-bras-profile-a-goulotte\/","url":"https:\/\/www.omis.net\/fr-fr\/produit\/potence-murale-avec-bras-profile-a-goulotte\/","name":"Potence murale 1\u00a0000\u00a0kg, port\u00e9e de 8\u00a0m, rotation 270\u00b0 | OMIS","isPartOf":{"@id":"https:\/\/www.omis.net\/it-it\/#website"},"primaryImageOfPage":{"@id":"https:\/\/www.omis.net\/fr-fr\/produit\/potence-murale-avec-bras-profile-a-goulotte\/#primaryimage"},"image":{"@id":"https:\/\/www.omis.net\/fr-fr\/produit\/potence-murale-avec-bras-profile-a-goulotte\/#primaryimage"},"thumbnailUrl":"https:\/\/media.omis.net\/media\/2024\/12\/profilejib-crane-m-125kg-front-3d-omis-scaled.webp","datePublished":"2024-12-18T09:59:07+00:00","dateModified":"2025-02-03T13:44:57+00:00","description":"La potence murale avec bras profil\u00e9 \u00e0 goulotte est id\u00e9ale pour les environnements industriels, facile \u00e0 assembler et disponible avec un chariot manuel. Port\u00e9e jusqu'\u00e0 8\u00a0m\u00e8tres et rotation de 270\u00b0, elle couvre de vastes zones sans occuper d'espace au sol. Elle se fixe sur des structures existantes, en exploitant l'espace du pilier. En savoir plus","breadcrumb":{"@id":"https:\/\/www.omis.net\/fr-fr\/produit\/potence-murale-avec-bras-profile-a-goulotte\/#breadcrumb"},"inLanguage":"fr-fr","potentialAction":[{"@type":"ReadAction","target":["https:\/\/www.omis.net\/fr-fr\/produit\/potence-murale-avec-bras-profile-a-goulotte\/"]}]},{"@type":"ImageObject","inLanguage":"fr-fr","@id":"https:\/\/www.omis.net\/fr-fr\/produit\/potence-murale-avec-bras-profile-a-goulotte\/#primaryimage","url":"https:\/\/media.omis.net\/media\/2024\/12\/profilejib-crane-m-125kg-front-3d-omis-scaled.webp","contentUrl":"https:\/\/media.omis.net\/media\/2024\/12\/profilejib-crane-m-125kg-front-3d-omis-scaled.webp","width":2560,"height":1440,"caption":"header - Profilejib crane m 125kg front 3d Omis"},{"@type":"BreadcrumbList","@id":"https:\/\/www.omis.net\/fr-fr\/produit\/potence-murale-avec-bras-profile-a-goulotte\/#breadcrumb","itemListElement":[{"@type":"ListItem","position":1,"name":"Home","item":"https:\/\/www.omis.net\/fr-fr\/"},{"@type":"ListItem","position":2,"name":"Potence murale avec bras profil\u00e9 \u00e0 goulotte"}]},{"@type":"WebSite","@id":"https:\/\/www.omis.net\/it-it\/#website","url":"https:\/\/www.omis.net\/it-it\/","name":"Omis Spa","description":"Movimentazione e sollevamento","publisher":{"@id":"https:\/\/www.omis.net\/it-it\/#organization"},"potentialAction":[{"@type":"SearchAction","target":{"@type":"EntryPoint","urlTemplate":"https:\/\/www.omis.net\/it-it\/?s={search_term_string}"},"query-input":{"@type":"PropertyValueSpecification","valueRequired":true,"valueName":"search_term_string"}}],"inLanguage":"fr-fr"},{"@type":"Organization","@id":"https:\/\/www.omis.net\/it-it\/#organization","name":"Omis Spa","url":"https:\/\/www.omis.net\/it-it\/","logo":{"@type":"ImageObject","inLanguage":"fr-fr","@id":"https:\/\/www.omis.net\/it-it\/#\/schema\/logo\/image\/","url":"https:\/\/media.omis.net\/media\/2024\/08\/logo.jpg","contentUrl":"https:\/\/media.omis.net\/media\/2024\/08\/logo.jpg","width":300,"height":300,"caption":"Omis Spa"},"image":{"@id":"https:\/\/www.omis.net\/it-it\/#\/schema\/logo\/image\/"},"sameAs":["https:\/\/www.facebook.com\/omisgroup","https:\/\/www.linkedin.com\/company\/omis-group","https:\/\/www.youtube.com\/channel\/UCS4L59XDk3kKBI9MnjuxWDw","https:\/\/www.instagram.com\/omisgroup"]}]}},"_links":{"self":[{"href":"https:\/\/www.omis.net\/fr-fr\/wp-json\/wp\/v2\/product\/7305"}],"collection":[{"href":"https:\/\/www.omis.net\/fr-fr\/wp-json\/wp\/v2\/product"}],"about":[{"href":"https:\/\/www.omis.net\/fr-fr\/wp-json\/wp\/v2\/types\/product"}],"acf:attachment":[{"embeddable":true,"href":"https:\/\/www.omis.net\/fr-fr\/wp-json\/wp\/v2\/media\/"},{"embeddable":true,"href":"https:\/\/www.omis.net\/fr-fr\/wp-json\/wp\/v2\/media\/13324"},{"embeddable":true,"href":"https:\/\/www.omis.net\/fr-fr\/wp-json\/wp\/v2\/media\/13317"}],"wp:featuredmedia":[{"embeddable":true,"href":"https:\/\/www.omis.net\/fr-fr\/wp-json\/wp\/v2\/media\/13373"}],"wp:attachment":[{"href":"https:\/\/www.omis.net\/fr-fr\/wp-json\/wp\/v2\/media?parent=7305"}],"wp:term":[{"taxonomy":"caratteristica-prodotto","embeddable":true,"href":"https:\/\/www.omis.net\/fr-fr\/wp-json\/wp\/v2\/caratteristica-prodotto?post=7305"},{"taxonomy":"tipologia-prodotto","embeddable":true,"href":"https:\/\/www.omis.net\/fr-fr\/wp-json\/wp\/v2\/tipologia-prodotto?post=7305"}],"curies":[{"name":"wp","href":"https:\/\/api.w.org\/{rel}","templated":true}]}}