{"id":7304,"date":"2024-12-18T10:58:40","date_gmt":"2024-12-18T09:58:40","guid":{"rendered":"http:\/\/bedrock.local\/product\/be\/"},"modified":"2025-02-03T12:23:49","modified_gmt":"2025-02-03T11:23:49","slug":"potence-sur-colonne-avec-bras-a-ame-pleine-en-saillie-et-rotation-electrique-360-sur-sellette","status":"publish","type":"product","link":"https:\/\/www.omis.net\/fr-fr\/produit\/potence-sur-colonne-avec-bras-a-ame-pleine-en-saillie-et-rotation-electrique-360-sur-sellette\/","title":{"rendered":"Potence sur colonne avec bras \u00e0 \u00e2me pleine en saillie et rotation \u00e9lectrique 360\u00b0 sur sellette"},"content":{"rendered":"","protected":false},"featured_media":16184,"parent":0,"template":"","caratteristica-prodotto":[1008],"tipologia-prodotto":[705,711,717],"class_list":["post-7304","product","type-product","status-publish","has-post-thumbnail","hentry","caratteristica-prodotto-rotation-electrique","tipologia-prodotto-grues-de-poste-de-travail","tipologia-prodotto-potences","tipologia-prodotto-sur-colonne"],"acf":{"import_csv_id":"23","prodotto_generale_sku":"BE","prodotto_listing_card_descrizione":"La potence \u00e0 rotation \u00e9lectrique de 360\u00b0 soul\u00e8ve et d\u00e9place des charges lourdes tout en assurant la continuit\u00e9 du mouvement et la stabilit\u00e9 de la torsion gr\u00e2ce \u00e0 son bras \u00e0 \u00e2me pleine en saillie et \u00e0 son collecteur d'alimentation rotatif. ","prodotto_listing_card_caratteristiche":null,"prodotto_page_gradient_hero":false,"prodotto_page_titolo_hero":"Rotation \u00e9lectrique continue, stabilit\u00e9 de torsion maximale.","prodotto_page_gallery_hero":[12434],"prodotto_page_descrizione_3_colonne_posizione":false,"prodotto_page_descrizione_3_colonne":[{"valore":"10\u00a0t","unita_di_misura":"","etichetta":"Capacit\u00e9 maximale"},{"valore":"10\u00a0m","unita_di_misura":"","etichetta":"Port\u00e9e maximale"},{"valore":"360\u00b0","unita_di_misura":"","etichetta":"Rotation"}],"prodotto_page_descrizione_titolo":"Potence \u00e0 bras \u00e0 \u00e2me pleine en saillie, rotation \u00e9lectrique 360\u00b0","prodotto_page_descrizione_3_colonne_testo":"<strong>La potence \u00e0 rotation \u00e9lectrique continue de 360\u00b0, en saillie ou en caisson, est une solution technologiquement avanc\u00e9e et hautement efficace pour la manutention de charges lourdes, am\u00e9liorant consid\u00e9rablement la flexibilit\u00e9 op\u00e9rationnelle par rapport aux potences traditionnelles qui offrent une rotation limit\u00e9e \u00e0 270\u00b0.<\/strong>\r\n\r\n\u00c9quip\u00e9e d'un bras robuste \u00e0 \u00e2me pleine profil\u00e9 en double T, cette potence est con\u00e7ue pour effectuer avec pr\u00e9cision des mouvements de levage, de d\u00e9placement et de manutention d'objets et de mat\u00e9riaux dans divers environnements industriels.\r\nSa conception innovante comprend un syst\u00e8me de rotation \u00e9lectrique qui permet au bras de tourner en continu et sans interruption, une caract\u00e9ristique essentielle pour les op\u00e9rations complexes et pour optimiser les temps de manutention. Le m\u00e9canisme de rotation est facilit\u00e9 par un collecteur d'alimentation rotatif qui non seulement assure un mouvement ininterrompu, mais garantit \u00e9galement la fiabilit\u00e9 et la s\u00e9curit\u00e9, en \u00e9vitant les probl\u00e8mes courants tels que l'enchev\u00eatrement des c\u00e2bles d'alimentation.\r\nLa capacit\u00e9 de rotation continue sur 360\u00b0 rend cette potence particuli\u00e8rement adapt\u00e9e aux environnements de travail o\u00f9 l'espace est limit\u00e9 et o\u00f9 la n\u00e9cessit\u00e9 de d\u00e9placer des charges rapidement et en toute s\u00e9curit\u00e9 est cruciale. En outre, l'autonomie op\u00e9rationnelle offerte par cette potence r\u00e9duit la d\u00e9pendance \u00e0 l'\u00e9gard d'autres syst\u00e8mes de levage, tels que les ponts roulants ou les chariots \u00e9l\u00e9vateurs, qui sont non seulement plus co\u00fbteux \u00e0 entretenir, mais aussi moins polyvalents en termes de manutention dans les zones de travail.\r\nL'utilisation de la potence \u00e0 rotation \u00e9lectrique de 360\u00b0 peut entra\u00eener des r\u00e9ductions significatives des co\u00fbts d'exploitation, notamment en \u00e9conomisant du temps et en r\u00e9duisant le nombre de personnes n\u00e9cessaires pour effectuer les op\u00e9rations de levage. Cette r\u00e9duction de la main-d'\u0153uvre ne compromet pas la productivit\u00e9\u00a0; au contraire, elle l'augmente gr\u00e2ce \u00e0 l'efficacit\u00e9 et \u00e0 la rapidit\u00e9 du fonctionnement de la potence. Les op\u00e9rateurs peuvent compter sur un m\u00e9canisme de commande intuitif qui facilite l'utilisation de la machine en toute s\u00e9curit\u00e9, r\u00e9duisant ainsi le risque d'accident et am\u00e9liorant l'efficacit\u00e9 globale.\r\nL'installation de cette potence am\u00e9liore non seulement les op\u00e9rations de levage, mais contribue \u00e9galement \u00e0 une meilleure organisation de l'espace de travail, ce qui permet de mieux planifier et utiliser les zones de production. Gr\u00e2ce \u00e0 cette solution, les entreprises peuvent optimiser leurs processus logistiques et de production, tout en garantissant la s\u00e9curit\u00e9 et la satisfaction de leurs op\u00e9rateurs.","prodotto_page_descrizione_titolo_vantaggi":"Avantages de la potence sur colonne \u00e0 bras \u00e0 \u00e2me pleine en saillie et rotation \u00e9lectrique 360\u00b0 sur sellette","prodotto_page_descrizione_vantaggi":[{"titolo":"Fonctionnement \u00e0 360\u00b0","testo":"","link":"","archivio_prodotti":null},{"titolo":"Stabilit\u00e9 de torsion maximale","testo":"","link":"","archivio_prodotti":null},{"titolo":"Rotation continue du bras","testo":"","link":"","archivio_prodotti":null},{"titolo":"Polyvalence","testo":"","link":"","archivio_prodotti":null},{"titolo":"Facile \u00e0 utiliser","testo":"","link":"","archivio_prodotti":null},{"titolo":"Productivit\u00e9 et s\u00e9curit\u00e9 accrues","testo":"","link":"","archivio_prodotti":null}],"prodotto_page_tabs_dati_tecnici":[{"etichetta":"Capacit\u00e9","valore":"125\u00a0kg - 10000\u00a0kg"},{"etichetta":"Port\u00e9e","valore":"Jusqu'\u00e0 10\u00a0m selon la capacit\u00e9"},{"etichetta":"Profil\u00e9","valore":"Profil\u00e9 avec poutre en double T ou en caisson"},{"etichetta":"Rotation","valore":"360\u00b0 continue"},{"etichetta":"Rotation","valore":"\u00c9lectrique"},{"etichetta":"Vitesse p\u00e9riph\u00e9rique","valore":"~18\u00a0m\/min"},{"etichetta":"Colonne","valore":"Tube d'acier \u00e0 section circulaire. Il comporte \u00e0 une extr\u00e9mit\u00e9 une plaque de base perfor\u00e9e destin\u00e9e \u00e0 \u00eatre fix\u00e9e \u00e0 la base au moyen de chevilles chimiques ou de tire-fonds et \u00e0 l'autre extr\u00e9mit\u00e9 deux plaques, l'une terminale et l'autre interm\u00e9diaire, destin\u00e9es \u00e0 supporter le bras."},{"etichetta":"Palan","valore":"Palan \u00e9lectrique \u00e0 cha\u00eene ou \u00e0 c\u00e2ble, pour le levage de la charge, \u00e0 une ou deux vitesses de levage, avec chariot de translation \u00e9lectrique ou par pouss\u00e9e."},{"etichetta":"Dispositif de freinage","valore":"Il est constitu\u00e9 d'un embrayage \u00e0 vis r\u00e9glable qui permet d'ajuster l'effort de rotation du bras et d'assurer un positionnement stable."}],"prodotto_page_tabs_optionals":[{"titolo":"Peinture personnalis\u00e9e","testo":"La couleur de la peinture peut \u00eatre personnalis\u00e9e pour r\u00e9pondre \u00e0 des besoins sp\u00e9cifiques, \u00e0 des exigences en mati\u00e8re de design ou de marque.","immagine":null}],"prodotto_page_tabs_downloads":null,"prodotto_page_gallery":[12456,12442,12449],"prodotto_page_customer_story_titolo":"","prodotto_page_customer_story_list":null,"prodotto_page_applicazioni_list":"- Agricoltura e Alimentare\r\n- Manifatturiero\r\n- Energetico\r\n- Edile e delle costruzioni\r\n- Tecnologie dell'informazione e ICT\r\n- Trasporti e logistica\r\n- Commercio al dettaglio\r\n- Culturale e dell'intrattenimento\r\n- Ambientale e della sostenibilit\u00e0\r\n- Ricerca e sviluppo\r\n- Arti e Artigianato","prodotto_page_faq_list":null,"prodotto_page_testo_prodotti_correlati":"<h2>Produits connexes<\/h2>\r\nD\u00e9couvrez \u00e9galement ces produits et trouvez d'autres solutions pour votre activit\u00e9.","prodotto_page_lista_prodotti_correlati":"- BE\r\n- BILIF\r\n- BILIS","prodotto_page_titolo_componenti_3d":"","prodotto_page_immagine_iniziale_componenti_3d":null,"prodotto_page_lista_componenti_3d":null,"prodotto_page_titolo_slider_configurazioni":"Produits et configurations","prodotto_page_lista_immgini_slider_configurazioni":[{"etichetta":"Vue avant","immagine":12463},{"etichetta":"Vue avant","immagine":12484},{"etichetta":"Perspective","immagine":12477},{"etichetta":"D\u00e9tail","immagine":12470}],"prodotto_page_titolo_slider_configurazioni_2":"<h2><\/h2>","prodotto_page_lista_immgini_slider_configurazioni_2":null,"seo_title":"Potence sur colonne \u00e0 rotation \u00e9lectrique continue 360\u00b0 | OMIS","seo_description":"La potence \u00e0 rotation \u00e9lectrique continue de 360\u00b0 am\u00e9liore la flexibilit\u00e9 par rapport aux potences traditionnelles \u00e0 rotation limit\u00e9e de 270\u00b0, soutenue par un collecteur rotatif. Dot\u00e9e d'un bras robuste \u00e0 \u00e2me pleine et double T, elle permet d'effectuer des mouvements pr\u00e9cis en milieu industriel. En savoir plus"},"yoast_head":"<!-- This site is optimized with the Yoast SEO plugin v23.9 - https:\/\/yoast.com\/wordpress\/plugins\/seo\/ -->\n<title>Potence sur colonne \u00e0 rotation \u00e9lectrique continue 360\u00b0 | OMIS<\/title>\n<meta name=\"description\" content=\"La potence \u00e0 rotation \u00e9lectrique continue de 360\u00b0 am\u00e9liore la flexibilit\u00e9 par rapport aux potences traditionnelles \u00e0 rotation limit\u00e9e de 270\u00b0, soutenue par un collecteur rotatif. Dot\u00e9e d&#039;un bras robuste \u00e0 \u00e2me pleine et double T, elle permet d&#039;effectuer des mouvements pr\u00e9cis en milieu industriel. En savoir plus\" \/>\n<meta name=\"robots\" content=\"index, follow, max-snippet:-1, max-image-preview:large, max-video-preview:-1\" \/>\n<meta property=\"og:locale\" content=\"fr_FR\" \/>\n<meta property=\"og:type\" content=\"article\" \/>\n<meta property=\"og:title\" content=\"Potence sur colonne \u00e0 rotation \u00e9lectrique continue 360\u00b0 | OMIS\" \/>\n<meta property=\"og:description\" content=\"La potence \u00e0 rotation \u00e9lectrique continue de 360\u00b0 am\u00e9liore la flexibilit\u00e9 par rapport aux potences traditionnelles \u00e0 rotation limit\u00e9e de 270\u00b0, soutenue par un collecteur rotatif. Dot\u00e9e d&#039;un bras robuste \u00e0 \u00e2me pleine et double T, elle permet d&#039;effectuer des mouvements pr\u00e9cis en milieu industriel. En savoir plus\" \/>\n<meta property=\"og:url\" content=\"https:\/\/www.omis.net\/fr-fr\/produit\/potence-sur-colonne-avec-bras-a-ame-pleine-en-saillie-et-rotation-electrique-360-sur-sellette\/\" \/>\n<meta property=\"og:site_name\" content=\"Omis Spa\" \/>\n<meta property=\"article:publisher\" content=\"https:\/\/www.facebook.com\/omisgroup\" \/>\n<meta property=\"article:modified_time\" content=\"2025-02-03T11:23:49+00:00\" \/>\n<meta property=\"og:image\" content=\"https:\/\/media.omis.net\/media\/2024\/12\/jib-crane-be-box-type-5000kg-front-3d-omis-scaled.webp\" \/>\n\t<meta property=\"og:image:width\" content=\"2560\" \/>\n\t<meta property=\"og:image:height\" content=\"1440\" \/>\n\t<meta property=\"og:image:type\" content=\"image\/webp\" \/>\n<meta name=\"twitter:card\" content=\"summary_large_image\" \/>\n<meta name=\"twitter:label1\" content=\"Est. reading time\" \/>\n\t<meta name=\"twitter:data1\" content=\"1 minute\" \/>\n<script type=\"application\/ld+json\" class=\"yoast-schema-graph\">{\"@context\":\"https:\/\/schema.org\",\"@graph\":[{\"@type\":\"WebPage\",\"@id\":\"https:\/\/www.omis.net\/fr-fr\/produit\/potence-sur-colonne-avec-bras-a-ame-pleine-en-saillie-et-rotation-electrique-360-sur-sellette\/\",\"url\":\"https:\/\/www.omis.net\/fr-fr\/produit\/potence-sur-colonne-avec-bras-a-ame-pleine-en-saillie-et-rotation-electrique-360-sur-sellette\/\",\"name\":\"Potence sur colonne \u00e0 rotation \u00e9lectrique continue 360\u00b0 | OMIS\",\"isPartOf\":{\"@id\":\"https:\/\/www.omis.net\/it-it\/#website\"},\"primaryImageOfPage\":{\"@id\":\"https:\/\/www.omis.net\/fr-fr\/produit\/potence-sur-colonne-avec-bras-a-ame-pleine-en-saillie-et-rotation-electrique-360-sur-sellette\/#primaryimage\"},\"image\":{\"@id\":\"https:\/\/www.omis.net\/fr-fr\/produit\/potence-sur-colonne-avec-bras-a-ame-pleine-en-saillie-et-rotation-electrique-360-sur-sellette\/#primaryimage\"},\"thumbnailUrl\":\"https:\/\/media.omis.net\/media\/2024\/12\/jib-crane-be-box-type-5000kg-front-3d-omis-scaled.webp\",\"datePublished\":\"2024-12-18T09:58:40+00:00\",\"dateModified\":\"2025-02-03T11:23:49+00:00\",\"description\":\"La potence \u00e0 rotation \u00e9lectrique continue de 360\u00b0 am\u00e9liore la flexibilit\u00e9 par rapport aux potences traditionnelles \u00e0 rotation limit\u00e9e de 270\u00b0, soutenue par un collecteur rotatif. Dot\u00e9e d'un bras robuste \u00e0 \u00e2me pleine et double T, elle permet d'effectuer des mouvements pr\u00e9cis en milieu industriel. En savoir plus\",\"breadcrumb\":{\"@id\":\"https:\/\/www.omis.net\/fr-fr\/produit\/potence-sur-colonne-avec-bras-a-ame-pleine-en-saillie-et-rotation-electrique-360-sur-sellette\/#breadcrumb\"},\"inLanguage\":\"fr-fr\",\"potentialAction\":[{\"@type\":\"ReadAction\",\"target\":[\"https:\/\/www.omis.net\/fr-fr\/produit\/potence-sur-colonne-avec-bras-a-ame-pleine-en-saillie-et-rotation-electrique-360-sur-sellette\/\"]}]},{\"@type\":\"ImageObject\",\"inLanguage\":\"fr-fr\",\"@id\":\"https:\/\/www.omis.net\/fr-fr\/produit\/potence-sur-colonne-avec-bras-a-ame-pleine-en-saillie-et-rotation-electrique-360-sur-sellette\/#primaryimage\",\"url\":\"https:\/\/media.omis.net\/media\/2024\/12\/jib-crane-be-box-type-5000kg-front-3d-omis-scaled.webp\",\"contentUrl\":\"https:\/\/media.omis.net\/media\/2024\/12\/jib-crane-be-box-type-5000kg-front-3d-omis-scaled.webp\",\"width\":2560,\"height\":1440,\"caption\":\"products and configurations - Jib crane be box type 5000kg front 3d Omis\"},{\"@type\":\"BreadcrumbList\",\"@id\":\"https:\/\/www.omis.net\/fr-fr\/produit\/potence-sur-colonne-avec-bras-a-ame-pleine-en-saillie-et-rotation-electrique-360-sur-sellette\/#breadcrumb\",\"itemListElement\":[{\"@type\":\"ListItem\",\"position\":1,\"name\":\"Home\",\"item\":\"https:\/\/www.omis.net\/fr-fr\/\"},{\"@type\":\"ListItem\",\"position\":2,\"name\":\"Potence sur colonne avec bras \u00e0 \u00e2me pleine en saillie et rotation \u00e9lectrique 360\u00b0 sur sellette\"}]},{\"@type\":\"WebSite\",\"@id\":\"https:\/\/www.omis.net\/it-it\/#website\",\"url\":\"https:\/\/www.omis.net\/it-it\/\",\"name\":\"Omis Spa\",\"description\":\"Movimentazione e sollevamento\",\"publisher\":{\"@id\":\"https:\/\/www.omis.net\/it-it\/#organization\"},\"potentialAction\":[{\"@type\":\"SearchAction\",\"target\":{\"@type\":\"EntryPoint\",\"urlTemplate\":\"https:\/\/www.omis.net\/it-it\/?s={search_term_string}\"},\"query-input\":{\"@type\":\"PropertyValueSpecification\",\"valueRequired\":true,\"valueName\":\"search_term_string\"}}],\"inLanguage\":\"fr-fr\"},{\"@type\":\"Organization\",\"@id\":\"https:\/\/www.omis.net\/it-it\/#organization\",\"name\":\"Omis Spa\",\"url\":\"https:\/\/www.omis.net\/it-it\/\",\"logo\":{\"@type\":\"ImageObject\",\"inLanguage\":\"fr-fr\",\"@id\":\"https:\/\/www.omis.net\/it-it\/#\/schema\/logo\/image\/\",\"url\":\"https:\/\/media.omis.net\/media\/2024\/08\/logo.jpg\",\"contentUrl\":\"https:\/\/media.omis.net\/media\/2024\/08\/logo.jpg\",\"width\":300,\"height\":300,\"caption\":\"Omis Spa\"},\"image\":{\"@id\":\"https:\/\/www.omis.net\/it-it\/#\/schema\/logo\/image\/\"},\"sameAs\":[\"https:\/\/www.facebook.com\/omisgroup\",\"https:\/\/www.linkedin.com\/company\/omis-group\",\"https:\/\/www.youtube.com\/channel\/UCS4L59XDk3kKBI9MnjuxWDw\",\"https:\/\/www.instagram.com\/omisgroup\"]}]}<\/script>\n<!-- \/ Yoast SEO plugin. -->","yoast_head_json":{"title":"Potence sur colonne \u00e0 rotation \u00e9lectrique continue 360\u00b0 | OMIS","description":"La potence \u00e0 rotation \u00e9lectrique continue de 360\u00b0 am\u00e9liore la flexibilit\u00e9 par rapport aux potences traditionnelles \u00e0 rotation limit\u00e9e de 270\u00b0, soutenue par un collecteur rotatif. Dot\u00e9e d'un bras robuste \u00e0 \u00e2me pleine et double T, elle permet d'effectuer des mouvements pr\u00e9cis en milieu industriel. En savoir plus","robots":{"index":"index","follow":"follow","max-snippet":"max-snippet:-1","max-image-preview":"max-image-preview:large","max-video-preview":"max-video-preview:-1"},"og_locale":"fr_FR","og_type":"article","og_title":"Potence sur colonne \u00e0 rotation \u00e9lectrique continue 360\u00b0 | OMIS","og_description":"La potence \u00e0 rotation \u00e9lectrique continue de 360\u00b0 am\u00e9liore la flexibilit\u00e9 par rapport aux potences traditionnelles \u00e0 rotation limit\u00e9e de 270\u00b0, soutenue par un collecteur rotatif. Dot\u00e9e d'un bras robuste \u00e0 \u00e2me pleine et double T, elle permet d'effectuer des mouvements pr\u00e9cis en milieu industriel. En savoir plus","og_url":"https:\/\/www.omis.net\/fr-fr\/produit\/potence-sur-colonne-avec-bras-a-ame-pleine-en-saillie-et-rotation-electrique-360-sur-sellette\/","og_site_name":"Omis Spa","article_publisher":"https:\/\/www.facebook.com\/omisgroup","article_modified_time":"2025-02-03T11:23:49+00:00","og_image":[{"width":2560,"height":1440,"url":"https:\/\/media.omis.net\/media\/2024\/12\/jib-crane-be-box-type-5000kg-front-3d-omis-scaled.webp","type":"image\/webp"}],"twitter_card":"summary_large_image","twitter_misc":{"Est. reading time":"1 minute"},"schema":{"@context":"https:\/\/schema.org","@graph":[{"@type":"WebPage","@id":"https:\/\/www.omis.net\/fr-fr\/produit\/potence-sur-colonne-avec-bras-a-ame-pleine-en-saillie-et-rotation-electrique-360-sur-sellette\/","url":"https:\/\/www.omis.net\/fr-fr\/produit\/potence-sur-colonne-avec-bras-a-ame-pleine-en-saillie-et-rotation-electrique-360-sur-sellette\/","name":"Potence sur colonne \u00e0 rotation \u00e9lectrique continue 360\u00b0 | OMIS","isPartOf":{"@id":"https:\/\/www.omis.net\/it-it\/#website"},"primaryImageOfPage":{"@id":"https:\/\/www.omis.net\/fr-fr\/produit\/potence-sur-colonne-avec-bras-a-ame-pleine-en-saillie-et-rotation-electrique-360-sur-sellette\/#primaryimage"},"image":{"@id":"https:\/\/www.omis.net\/fr-fr\/produit\/potence-sur-colonne-avec-bras-a-ame-pleine-en-saillie-et-rotation-electrique-360-sur-sellette\/#primaryimage"},"thumbnailUrl":"https:\/\/media.omis.net\/media\/2024\/12\/jib-crane-be-box-type-5000kg-front-3d-omis-scaled.webp","datePublished":"2024-12-18T09:58:40+00:00","dateModified":"2025-02-03T11:23:49+00:00","description":"La potence \u00e0 rotation \u00e9lectrique continue de 360\u00b0 am\u00e9liore la flexibilit\u00e9 par rapport aux potences traditionnelles \u00e0 rotation limit\u00e9e de 270\u00b0, soutenue par un collecteur rotatif. Dot\u00e9e d'un bras robuste \u00e0 \u00e2me pleine et double T, elle permet d'effectuer des mouvements pr\u00e9cis en milieu industriel. En savoir plus","breadcrumb":{"@id":"https:\/\/www.omis.net\/fr-fr\/produit\/potence-sur-colonne-avec-bras-a-ame-pleine-en-saillie-et-rotation-electrique-360-sur-sellette\/#breadcrumb"},"inLanguage":"fr-fr","potentialAction":[{"@type":"ReadAction","target":["https:\/\/www.omis.net\/fr-fr\/produit\/potence-sur-colonne-avec-bras-a-ame-pleine-en-saillie-et-rotation-electrique-360-sur-sellette\/"]}]},{"@type":"ImageObject","inLanguage":"fr-fr","@id":"https:\/\/www.omis.net\/fr-fr\/produit\/potence-sur-colonne-avec-bras-a-ame-pleine-en-saillie-et-rotation-electrique-360-sur-sellette\/#primaryimage","url":"https:\/\/media.omis.net\/media\/2024\/12\/jib-crane-be-box-type-5000kg-front-3d-omis-scaled.webp","contentUrl":"https:\/\/media.omis.net\/media\/2024\/12\/jib-crane-be-box-type-5000kg-front-3d-omis-scaled.webp","width":2560,"height":1440,"caption":"products and configurations - Jib crane be box type 5000kg front 3d Omis"},{"@type":"BreadcrumbList","@id":"https:\/\/www.omis.net\/fr-fr\/produit\/potence-sur-colonne-avec-bras-a-ame-pleine-en-saillie-et-rotation-electrique-360-sur-sellette\/#breadcrumb","itemListElement":[{"@type":"ListItem","position":1,"name":"Home","item":"https:\/\/www.omis.net\/fr-fr\/"},{"@type":"ListItem","position":2,"name":"Potence sur colonne avec bras \u00e0 \u00e2me pleine en saillie et rotation \u00e9lectrique 360\u00b0 sur sellette"}]},{"@type":"WebSite","@id":"https:\/\/www.omis.net\/it-it\/#website","url":"https:\/\/www.omis.net\/it-it\/","name":"Omis Spa","description":"Movimentazione e sollevamento","publisher":{"@id":"https:\/\/www.omis.net\/it-it\/#organization"},"potentialAction":[{"@type":"SearchAction","target":{"@type":"EntryPoint","urlTemplate":"https:\/\/www.omis.net\/it-it\/?s={search_term_string}"},"query-input":{"@type":"PropertyValueSpecification","valueRequired":true,"valueName":"search_term_string"}}],"inLanguage":"fr-fr"},{"@type":"Organization","@id":"https:\/\/www.omis.net\/it-it\/#organization","name":"Omis Spa","url":"https:\/\/www.omis.net\/it-it\/","logo":{"@type":"ImageObject","inLanguage":"fr-fr","@id":"https:\/\/www.omis.net\/it-it\/#\/schema\/logo\/image\/","url":"https:\/\/media.omis.net\/media\/2024\/08\/logo.jpg","contentUrl":"https:\/\/media.omis.net\/media\/2024\/08\/logo.jpg","width":300,"height":300,"caption":"Omis Spa"},"image":{"@id":"https:\/\/www.omis.net\/it-it\/#\/schema\/logo\/image\/"},"sameAs":["https:\/\/www.facebook.com\/omisgroup","https:\/\/www.linkedin.com\/company\/omis-group","https:\/\/www.youtube.com\/channel\/UCS4L59XDk3kKBI9MnjuxWDw","https:\/\/www.instagram.com\/omisgroup"]}]}},"_links":{"self":[{"href":"https:\/\/www.omis.net\/fr-fr\/wp-json\/wp\/v2\/product\/7304"}],"collection":[{"href":"https:\/\/www.omis.net\/fr-fr\/wp-json\/wp\/v2\/product"}],"about":[{"href":"https:\/\/www.omis.net\/fr-fr\/wp-json\/wp\/v2\/types\/product"}],"acf:attachment":[{"embeddable":true,"href":"https:\/\/www.omis.net\/fr-fr\/wp-json\/wp\/v2\/media\/12449"},{"embeddable":true,"href":"https:\/\/www.omis.net\/fr-fr\/wp-json\/wp\/v2\/media\/12442"},{"embeddable":true,"href":"https:\/\/www.omis.net\/fr-fr\/wp-json\/wp\/v2\/media\/12456"},{"embeddable":true,"href":"https:\/\/www.omis.net\/fr-fr\/wp-json\/wp\/v2\/media\/12434"}],"wp:featuredmedia":[{"embeddable":true,"href":"https:\/\/www.omis.net\/fr-fr\/wp-json\/wp\/v2\/media\/16184"}],"wp:attachment":[{"href":"https:\/\/www.omis.net\/fr-fr\/wp-json\/wp\/v2\/media?parent=7304"}],"wp:term":[{"taxonomy":"caratteristica-prodotto","embeddable":true,"href":"https:\/\/www.omis.net\/fr-fr\/wp-json\/wp\/v2\/caratteristica-prodotto?post=7304"},{"taxonomy":"tipologia-prodotto","embeddable":true,"href":"https:\/\/www.omis.net\/fr-fr\/wp-json\/wp\/v2\/tipologia-prodotto?post=7304"}],"curies":[{"name":"wp","href":"https:\/\/api.w.org\/{rel}","templated":true}]}}