{"id":7300,"date":"2024-12-18T10:56:53","date_gmt":"2024-12-18T09:56:53","guid":{"rendered":"http:\/\/bedrock.local\/product\/ct2b\/"},"modified":"2025-02-03T12:23:00","modified_gmt":"2025-02-03T11:23:00","slug":"potence-sur-colonne-avec-double-bras-a-ame-pleine-en-saillie","status":"publish","type":"product","link":"https:\/\/www.omis.net\/fr-fr\/produit\/potence-sur-colonne-avec-double-bras-a-ame-pleine-en-saillie\/","title":{"rendered":"Potence sur colonne avec double bras \u00e0 \u00e2me pleine en saillie"},"content":{"rendered":"","protected":false},"featured_media":13167,"parent":0,"template":"","caratteristica-prodotto":[1007],"tipologia-prodotto":[705,711,717],"class_list":["post-7300","product","type-product","status-publish","has-post-thumbnail","hentry","caratteristica-prodotto-rotation-manuelle","tipologia-prodotto-grues-de-poste-de-travail","tipologia-prodotto-potences","tipologia-prodotto-sur-colonne"],"acf":{"import_csv_id":"19","prodotto_generale_sku":"CT2B","prodotto_listing_card_descrizione":"La potence sur colonne \u00e0 double bras est con\u00e7ue pour exploiter au maximum l'espace vertical, en augmentant la course du crochet disponible et en rendant le lieu autonome.","prodotto_listing_card_caratteristiche":null,"prodotto_page_gradient_hero":false,"prodotto_page_titolo_hero":"Autonomie de travail et course crochet maximale.","prodotto_page_gallery_hero":[13132],"prodotto_page_descrizione_3_colonne_posizione":false,"prodotto_page_descrizione_3_colonne":[{"valore":"1\u00a0000\u00a0kg","unita_di_misura":"+","etichetta":"Capacit\u00e9 maximale"},{"valore":"8\u00a0m","unita_di_misura":"","etichetta":"Port\u00e9e maximale"},{"valore":"270\u00b0","unita_di_misura":"","etichetta":"Rotation"}],"prodotto_page_descrizione_titolo":"Potence sur colonne \u00e0 double bras, 1\u00a0000\u00a0kg + 1\u00a0000\u00a0kg max.","prodotto_page_descrizione_3_colonne_testo":"<strong>La potence \u00e0 double bras est une solution pratique et \u00e9conomique pour rendre ind\u00e9pendant un lieu de travail qui n\u00e9cessiterait deux potences distinctes. Ce type de potence est id\u00e9al pour manipuler des charges dans des espaces confin\u00e9s o\u00f9 d'autres dispositifs de levage seraient inutilisables.<\/strong>\r\n\r\nUn autre avantage de cette potence est sa capacit\u00e9 \u00e0 maximiser l'utilisation de l'espace vertical, augmentant ainsi la course disponible du crochet. Ces caract\u00e9ristiques en font un outil extr\u00eamement polyvalent, facile \u00e0 man\u0153uvrer et tr\u00e8s rentable, tant au niveau de l'installation que de la gestion quotidienne du lieu de travail. La potence, qui comprend un bras autoportant en saillie et ne n\u00e9cessite pas de tirants de support, est particuli\u00e8rement adapt\u00e9e \u00e0 la manutention de charges l\u00e9g\u00e8res dans un large \u00e9ventail d'industries, des petits ateliers aux grandes cha\u00eenes d'assemblage et usines de production, en passant par l'industrie alimentaire et les caves \u00e0 vin.","prodotto_page_descrizione_titolo_vantaggi":"Avantages de la potence sur colonne avec double bras \u00e0 \u00e2me pleine en saillie","prodotto_page_descrizione_vantaggi":[{"titolo":"Polyvalence","testo":"","link":"","archivio_prodotti":null},{"titolo":"Excellente man\u0153uvrabilit\u00e9","testo":"","link":"","archivio_prodotti":null},{"titolo":"Installation facilit\u00e9e","testo":"","link":"","archivio_prodotti":null},{"titolo":"Utilisation maximale de l'espace en hauteur","testo":"","link":"","archivio_prodotti":null},{"titolo":"Productivit\u00e9 et s\u00e9curit\u00e9 accrues","testo":"","link":"","archivio_prodotti":null}],"prodotto_page_tabs_dati_tecnici":[{"etichetta":"Capacit\u00e9","valore":"125\u00a0kg - 1\u00a0000\u00a0kg"},{"etichetta":"Port\u00e9e","valore":"Jusqu'\u00e0 8\u00a0m selon la capacit\u00e9"},{"etichetta":"Profil\u00e9","valore":"Profil\u00e9 avec poutre en double T sans tirants de support"},{"etichetta":"Rotation","valore":"270\u00b0 avec but\u00e9e d'ajustement r\u00e9glable sur site en fonction des encombrements"},{"etichetta":"Rotation","valore":"Manuelle"},{"etichetta":"Colonne","valore":"Tube d'acier \u00e0 section circulaire. Il comporte \u00e0 une extr\u00e9mit\u00e9 une plaque de base perfor\u00e9e destin\u00e9e \u00e0 \u00eatre fix\u00e9e \u00e0 la base au moyen de chevilles chimiques ou de tire-fonds et \u00e0 l'autre extr\u00e9mit\u00e9 deux plaques, l'une terminale et l'autre interm\u00e9diaire, destin\u00e9es \u00e0 supporter le bras."},{"etichetta":"Palan","valore":"Palan \u00e9lectrique \u00e0 cha\u00eene, pour le levage de la charge, \u00e0 une ou deux vitesses de levage,avec chariot de translation \u00e9lectrique, par pouss\u00e9e ou m\u00e9canique."},{"etichetta":"Dispositif de freinage","valore":"Il est constitu\u00e9 d'un embrayage \u00e0 vis r\u00e9glable qui permet d'ajuster l'effort de rotation du bras et d'assurer un positionnement stable."}],"prodotto_page_tabs_optionals":[{"titolo":"Peinture personnalis\u00e9e","testo":"La couleur de la peinture peut \u00eatre personnalis\u00e9e pour r\u00e9pondre \u00e0 des besoins sp\u00e9cifiques, \u00e0 des exigences en mati\u00e8re de design ou de marque.","immagine":null}],"prodotto_page_tabs_downloads":null,"prodotto_page_gallery":[null],"prodotto_page_customer_story_titolo":"","prodotto_page_customer_story_list":null,"prodotto_page_applicazioni_list":"- Agricoltura e Alimentare\r\n- Manifatturiero\r\n- Energetico\r\n- Edile e delle costruzioni\r\n- Tecnologie dell'informazione e ICT\r\n- Trasporti e logistica\r\n- Commercio al dettaglio\r\n- Culturale e dell'intrattenimento\r\n- Ambientale e della sostenibilit\u00e0\r\n- Ricerca e sviluppo\r\n- Arti e Artigianato","prodotto_page_faq_list":null,"prodotto_page_testo_prodotti_correlati":"<h2>Produits connexes<\/h2>\r\nD\u00e9couvrez \u00e9galement ces produits et trouvez d'autres solutions pour votre activit\u00e9.","prodotto_page_lista_prodotti_correlati":"- C2T2B\r\n- C2B\r\n- BM","prodotto_page_titolo_componenti_3d":"","prodotto_page_immagine_iniziale_componenti_3d":null,"prodotto_page_lista_componenti_3d":null,"prodotto_page_titolo_slider_configurazioni":"Produits et configurations","prodotto_page_lista_immgini_slider_configurazioni":[{"etichetta":"Vue avant","immagine":13146},{"etichetta":"Vue du haut","immagine":13160},{"etichetta":"Perspective","immagine":13139},{"etichetta":"D\u00e9tail","immagine":13153}],"prodotto_page_titolo_slider_configurazioni_2":"<h2><\/h2>","prodotto_page_lista_immgini_slider_configurazioni_2":null,"seo_title":"Potence avec double bras en saillie, rotation 270\u00b0 | OMIS","seo_description":"La potence sur colonne \u00e0 double bras est une solution utile pour \u00e9viter d'avoir deux potences distinctes, id\u00e9ale pour la manutention de charges dans des espaces confin\u00e9s et adapt\u00e9e \u00e0 diverses industries, aux petits ateliers, aux grandes cha\u00eenes d'assemblage et aux usines de production, aux industries alimentaires et aux caves \u00e0 vin. En savoir plus"},"yoast_head":"<!-- This site is optimized with the Yoast SEO plugin v23.9 - https:\/\/yoast.com\/wordpress\/plugins\/seo\/ -->\n<title>Potence avec double bras en saillie, rotation 270\u00b0 | OMIS<\/title>\n<meta name=\"description\" content=\"La potence sur colonne \u00e0 double bras est une solution utile pour \u00e9viter d&#039;avoir deux potences distinctes, id\u00e9ale pour la manutention de charges dans des espaces confin\u00e9s et adapt\u00e9e \u00e0 diverses industries, aux petits ateliers, aux grandes cha\u00eenes d&#039;assemblage et aux usines de production, aux industries alimentaires et aux caves \u00e0 vin. En savoir plus\" \/>\n<meta name=\"robots\" content=\"index, follow, max-snippet:-1, max-image-preview:large, max-video-preview:-1\" \/>\n<meta property=\"og:locale\" content=\"fr_FR\" \/>\n<meta property=\"og:type\" content=\"article\" \/>\n<meta property=\"og:title\" content=\"Potence avec double bras en saillie, rotation 270\u00b0 | OMIS\" \/>\n<meta property=\"og:description\" content=\"La potence sur colonne \u00e0 double bras est une solution utile pour \u00e9viter d&#039;avoir deux potences distinctes, id\u00e9ale pour la manutention de charges dans des espaces confin\u00e9s et adapt\u00e9e \u00e0 diverses industries, aux petits ateliers, aux grandes cha\u00eenes d&#039;assemblage et aux usines de production, aux industries alimentaires et aux caves \u00e0 vin. En savoir plus\" \/>\n<meta property=\"og:url\" content=\"https:\/\/www.omis.net\/fr-fr\/produit\/potence-sur-colonne-avec-double-bras-a-ame-pleine-en-saillie\/\" \/>\n<meta property=\"og:site_name\" content=\"Omis Spa\" \/>\n<meta property=\"article:publisher\" content=\"https:\/\/www.facebook.com\/omisgroup\" \/>\n<meta property=\"article:modified_time\" content=\"2025-02-03T11:23:00+00:00\" \/>\n<meta property=\"og:image\" content=\"https:\/\/media.omis.net\/media\/2024\/12\/profile-ct2bjib-crane-ct2b-front-3d-omis-scaled.webp\" \/>\n\t<meta property=\"og:image:width\" content=\"2560\" \/>\n\t<meta property=\"og:image:height\" content=\"1440\" \/>\n\t<meta property=\"og:image:type\" content=\"image\/webp\" \/>\n<meta name=\"twitter:card\" content=\"summary_large_image\" \/>\n<meta name=\"twitter:label1\" content=\"Est. reading time\" \/>\n\t<meta name=\"twitter:data1\" content=\"1 minute\" \/>\n<script type=\"application\/ld+json\" class=\"yoast-schema-graph\">{\"@context\":\"https:\/\/schema.org\",\"@graph\":[{\"@type\":\"WebPage\",\"@id\":\"https:\/\/www.omis.net\/fr-fr\/produit\/potence-sur-colonne-avec-double-bras-a-ame-pleine-en-saillie\/\",\"url\":\"https:\/\/www.omis.net\/fr-fr\/produit\/potence-sur-colonne-avec-double-bras-a-ame-pleine-en-saillie\/\",\"name\":\"Potence avec double bras en saillie, rotation 270\u00b0 | OMIS\",\"isPartOf\":{\"@id\":\"https:\/\/www.omis.net\/it-it\/#website\"},\"primaryImageOfPage\":{\"@id\":\"https:\/\/www.omis.net\/fr-fr\/produit\/potence-sur-colonne-avec-double-bras-a-ame-pleine-en-saillie\/#primaryimage\"},\"image\":{\"@id\":\"https:\/\/www.omis.net\/fr-fr\/produit\/potence-sur-colonne-avec-double-bras-a-ame-pleine-en-saillie\/#primaryimage\"},\"thumbnailUrl\":\"https:\/\/media.omis.net\/media\/2024\/12\/profile-ct2bjib-crane-ct2b-front-3d-omis-scaled.webp\",\"datePublished\":\"2024-12-18T09:56:53+00:00\",\"dateModified\":\"2025-02-03T11:23:00+00:00\",\"description\":\"La potence sur colonne \u00e0 double bras est une solution utile pour \u00e9viter d'avoir deux potences distinctes, id\u00e9ale pour la manutention de charges dans des espaces confin\u00e9s et adapt\u00e9e \u00e0 diverses industries, aux petits ateliers, aux grandes cha\u00eenes d'assemblage et aux usines de production, aux industries alimentaires et aux caves \u00e0 vin. En savoir plus\",\"breadcrumb\":{\"@id\":\"https:\/\/www.omis.net\/fr-fr\/produit\/potence-sur-colonne-avec-double-bras-a-ame-pleine-en-saillie\/#breadcrumb\"},\"inLanguage\":\"fr-fr\",\"potentialAction\":[{\"@type\":\"ReadAction\",\"target\":[\"https:\/\/www.omis.net\/fr-fr\/produit\/potence-sur-colonne-avec-double-bras-a-ame-pleine-en-saillie\/\"]}]},{\"@type\":\"ImageObject\",\"inLanguage\":\"fr-fr\",\"@id\":\"https:\/\/www.omis.net\/fr-fr\/produit\/potence-sur-colonne-avec-double-bras-a-ame-pleine-en-saillie\/#primaryimage\",\"url\":\"https:\/\/media.omis.net\/media\/2024\/12\/profile-ct2bjib-crane-ct2b-front-3d-omis-scaled.webp\",\"contentUrl\":\"https:\/\/media.omis.net\/media\/2024\/12\/profile-ct2bjib-crane-ct2b-front-3d-omis-scaled.webp\",\"width\":2560,\"height\":1440,\"caption\":\"header - Profile ct2bjib crane ct2b front 3d Omis\"},{\"@type\":\"BreadcrumbList\",\"@id\":\"https:\/\/www.omis.net\/fr-fr\/produit\/potence-sur-colonne-avec-double-bras-a-ame-pleine-en-saillie\/#breadcrumb\",\"itemListElement\":[{\"@type\":\"ListItem\",\"position\":1,\"name\":\"Home\",\"item\":\"https:\/\/www.omis.net\/fr-fr\/\"},{\"@type\":\"ListItem\",\"position\":2,\"name\":\"Potence sur colonne avec double bras \u00e0 \u00e2me pleine en saillie\"}]},{\"@type\":\"WebSite\",\"@id\":\"https:\/\/www.omis.net\/it-it\/#website\",\"url\":\"https:\/\/www.omis.net\/it-it\/\",\"name\":\"Omis Spa\",\"description\":\"Movimentazione e sollevamento\",\"publisher\":{\"@id\":\"https:\/\/www.omis.net\/it-it\/#organization\"},\"potentialAction\":[{\"@type\":\"SearchAction\",\"target\":{\"@type\":\"EntryPoint\",\"urlTemplate\":\"https:\/\/www.omis.net\/it-it\/?s={search_term_string}\"},\"query-input\":{\"@type\":\"PropertyValueSpecification\",\"valueRequired\":true,\"valueName\":\"search_term_string\"}}],\"inLanguage\":\"fr-fr\"},{\"@type\":\"Organization\",\"@id\":\"https:\/\/www.omis.net\/it-it\/#organization\",\"name\":\"Omis Spa\",\"url\":\"https:\/\/www.omis.net\/it-it\/\",\"logo\":{\"@type\":\"ImageObject\",\"inLanguage\":\"fr-fr\",\"@id\":\"https:\/\/www.omis.net\/it-it\/#\/schema\/logo\/image\/\",\"url\":\"https:\/\/media.omis.net\/media\/2024\/08\/logo.jpg\",\"contentUrl\":\"https:\/\/media.omis.net\/media\/2024\/08\/logo.jpg\",\"width\":300,\"height\":300,\"caption\":\"Omis Spa\"},\"image\":{\"@id\":\"https:\/\/www.omis.net\/it-it\/#\/schema\/logo\/image\/\"},\"sameAs\":[\"https:\/\/www.facebook.com\/omisgroup\",\"https:\/\/www.linkedin.com\/company\/omis-group\",\"https:\/\/www.youtube.com\/channel\/UCS4L59XDk3kKBI9MnjuxWDw\",\"https:\/\/www.instagram.com\/omisgroup\"]}]}<\/script>\n<!-- \/ Yoast SEO plugin. -->","yoast_head_json":{"title":"Potence avec double bras en saillie, rotation 270\u00b0 | OMIS","description":"La potence sur colonne \u00e0 double bras est une solution utile pour \u00e9viter d'avoir deux potences distinctes, id\u00e9ale pour la manutention de charges dans des espaces confin\u00e9s et adapt\u00e9e \u00e0 diverses industries, aux petits ateliers, aux grandes cha\u00eenes d'assemblage et aux usines de production, aux industries alimentaires et aux caves \u00e0 vin. En savoir plus","robots":{"index":"index","follow":"follow","max-snippet":"max-snippet:-1","max-image-preview":"max-image-preview:large","max-video-preview":"max-video-preview:-1"},"og_locale":"fr_FR","og_type":"article","og_title":"Potence avec double bras en saillie, rotation 270\u00b0 | OMIS","og_description":"La potence sur colonne \u00e0 double bras est une solution utile pour \u00e9viter d'avoir deux potences distinctes, id\u00e9ale pour la manutention de charges dans des espaces confin\u00e9s et adapt\u00e9e \u00e0 diverses industries, aux petits ateliers, aux grandes cha\u00eenes d'assemblage et aux usines de production, aux industries alimentaires et aux caves \u00e0 vin. En savoir plus","og_url":"https:\/\/www.omis.net\/fr-fr\/produit\/potence-sur-colonne-avec-double-bras-a-ame-pleine-en-saillie\/","og_site_name":"Omis Spa","article_publisher":"https:\/\/www.facebook.com\/omisgroup","article_modified_time":"2025-02-03T11:23:00+00:00","og_image":[{"width":2560,"height":1440,"url":"https:\/\/media.omis.net\/media\/2024\/12\/profile-ct2bjib-crane-ct2b-front-3d-omis-scaled.webp","type":"image\/webp"}],"twitter_card":"summary_large_image","twitter_misc":{"Est. reading time":"1 minute"},"schema":{"@context":"https:\/\/schema.org","@graph":[{"@type":"WebPage","@id":"https:\/\/www.omis.net\/fr-fr\/produit\/potence-sur-colonne-avec-double-bras-a-ame-pleine-en-saillie\/","url":"https:\/\/www.omis.net\/fr-fr\/produit\/potence-sur-colonne-avec-double-bras-a-ame-pleine-en-saillie\/","name":"Potence avec double bras en saillie, rotation 270\u00b0 | OMIS","isPartOf":{"@id":"https:\/\/www.omis.net\/it-it\/#website"},"primaryImageOfPage":{"@id":"https:\/\/www.omis.net\/fr-fr\/produit\/potence-sur-colonne-avec-double-bras-a-ame-pleine-en-saillie\/#primaryimage"},"image":{"@id":"https:\/\/www.omis.net\/fr-fr\/produit\/potence-sur-colonne-avec-double-bras-a-ame-pleine-en-saillie\/#primaryimage"},"thumbnailUrl":"https:\/\/media.omis.net\/media\/2024\/12\/profile-ct2bjib-crane-ct2b-front-3d-omis-scaled.webp","datePublished":"2024-12-18T09:56:53+00:00","dateModified":"2025-02-03T11:23:00+00:00","description":"La potence sur colonne \u00e0 double bras est une solution utile pour \u00e9viter d'avoir deux potences distinctes, id\u00e9ale pour la manutention de charges dans des espaces confin\u00e9s et adapt\u00e9e \u00e0 diverses industries, aux petits ateliers, aux grandes cha\u00eenes d'assemblage et aux usines de production, aux industries alimentaires et aux caves \u00e0 vin. En savoir plus","breadcrumb":{"@id":"https:\/\/www.omis.net\/fr-fr\/produit\/potence-sur-colonne-avec-double-bras-a-ame-pleine-en-saillie\/#breadcrumb"},"inLanguage":"fr-fr","potentialAction":[{"@type":"ReadAction","target":["https:\/\/www.omis.net\/fr-fr\/produit\/potence-sur-colonne-avec-double-bras-a-ame-pleine-en-saillie\/"]}]},{"@type":"ImageObject","inLanguage":"fr-fr","@id":"https:\/\/www.omis.net\/fr-fr\/produit\/potence-sur-colonne-avec-double-bras-a-ame-pleine-en-saillie\/#primaryimage","url":"https:\/\/media.omis.net\/media\/2024\/12\/profile-ct2bjib-crane-ct2b-front-3d-omis-scaled.webp","contentUrl":"https:\/\/media.omis.net\/media\/2024\/12\/profile-ct2bjib-crane-ct2b-front-3d-omis-scaled.webp","width":2560,"height":1440,"caption":"header - Profile ct2bjib crane ct2b front 3d Omis"},{"@type":"BreadcrumbList","@id":"https:\/\/www.omis.net\/fr-fr\/produit\/potence-sur-colonne-avec-double-bras-a-ame-pleine-en-saillie\/#breadcrumb","itemListElement":[{"@type":"ListItem","position":1,"name":"Home","item":"https:\/\/www.omis.net\/fr-fr\/"},{"@type":"ListItem","position":2,"name":"Potence sur colonne avec double bras \u00e0 \u00e2me pleine en saillie"}]},{"@type":"WebSite","@id":"https:\/\/www.omis.net\/it-it\/#website","url":"https:\/\/www.omis.net\/it-it\/","name":"Omis Spa","description":"Movimentazione e sollevamento","publisher":{"@id":"https:\/\/www.omis.net\/it-it\/#organization"},"potentialAction":[{"@type":"SearchAction","target":{"@type":"EntryPoint","urlTemplate":"https:\/\/www.omis.net\/it-it\/?s={search_term_string}"},"query-input":{"@type":"PropertyValueSpecification","valueRequired":true,"valueName":"search_term_string"}}],"inLanguage":"fr-fr"},{"@type":"Organization","@id":"https:\/\/www.omis.net\/it-it\/#organization","name":"Omis Spa","url":"https:\/\/www.omis.net\/it-it\/","logo":{"@type":"ImageObject","inLanguage":"fr-fr","@id":"https:\/\/www.omis.net\/it-it\/#\/schema\/logo\/image\/","url":"https:\/\/media.omis.net\/media\/2024\/08\/logo.jpg","contentUrl":"https:\/\/media.omis.net\/media\/2024\/08\/logo.jpg","width":300,"height":300,"caption":"Omis Spa"},"image":{"@id":"https:\/\/www.omis.net\/it-it\/#\/schema\/logo\/image\/"},"sameAs":["https:\/\/www.facebook.com\/omisgroup","https:\/\/www.linkedin.com\/company\/omis-group","https:\/\/www.youtube.com\/channel\/UCS4L59XDk3kKBI9MnjuxWDw","https:\/\/www.instagram.com\/omisgroup"]}]}},"_links":{"self":[{"href":"https:\/\/www.omis.net\/fr-fr\/wp-json\/wp\/v2\/product\/7300"}],"collection":[{"href":"https:\/\/www.omis.net\/fr-fr\/wp-json\/wp\/v2\/product"}],"about":[{"href":"https:\/\/www.omis.net\/fr-fr\/wp-json\/wp\/v2\/types\/product"}],"acf:attachment":[{"embeddable":true,"href":"https:\/\/www.omis.net\/fr-fr\/wp-json\/wp\/v2\/media\/"},{"embeddable":true,"href":"https:\/\/www.omis.net\/fr-fr\/wp-json\/wp\/v2\/media\/13132"}],"wp:featuredmedia":[{"embeddable":true,"href":"https:\/\/www.omis.net\/fr-fr\/wp-json\/wp\/v2\/media\/13167"}],"wp:attachment":[{"href":"https:\/\/www.omis.net\/fr-fr\/wp-json\/wp\/v2\/media?parent=7300"}],"wp:term":[{"taxonomy":"caratteristica-prodotto","embeddable":true,"href":"https:\/\/www.omis.net\/fr-fr\/wp-json\/wp\/v2\/caratteristica-prodotto?post=7300"},{"taxonomy":"tipologia-prodotto","embeddable":true,"href":"https:\/\/www.omis.net\/fr-fr\/wp-json\/wp\/v2\/tipologia-prodotto?post=7300"}],"curies":[{"name":"wp","href":"https:\/\/api.w.org\/{rel}","templated":true}]}}