{"id":7299,"date":"2024-12-18T10:56:36","date_gmt":"2024-12-18T09:56:36","guid":{"rendered":"http:\/\/bedrock.local\/product\/c2b\/"},"modified":"2025-02-03T12:22:40","modified_gmt":"2025-02-03T11:22:40","slug":"potence-sur-colonne-avec-double-bras-profile-a-goulotte","status":"publish","type":"product","link":"https:\/\/www.omis.net\/fr-fr\/produit\/potence-sur-colonne-avec-double-bras-profile-a-goulotte\/","title":{"rendered":"Potence sur colonne avec double bras profil\u00e9 \u00e0 goulotte"},"content":{"rendered":"","protected":false},"featured_media":12812,"parent":0,"template":"","caratteristica-prodotto":[1007],"tipologia-prodotto":[705,711,717],"class_list":["post-7299","product","type-product","status-publish","has-post-thumbnail","hentry","caratteristica-prodotto-rotation-manuelle","tipologia-prodotto-grues-de-poste-de-travail","tipologia-prodotto-potences","tipologia-prodotto-sur-colonne"],"acf":{"import_csv_id":"18","prodotto_generale_sku":"C2B","prodotto_listing_card_descrizione":"La potence sur colonne \u00e0 double bras est la solution\r\nla plus pratique et la plus \u00e9conomique pour rendre autonome un lieu\r\nde travail qui n\u00e9cessiterait l'utilisation de 2\u00a0potences\r\nstandards.","prodotto_listing_card_caratteristiche":null,"prodotto_page_gradient_hero":false,"prodotto_page_titolo_hero":"Deux bras, une autonomie accrue.","prodotto_page_gallery_hero":[12820],"prodotto_page_descrizione_3_colonne_posizione":false,"prodotto_page_descrizione_3_colonne":[{"valore":"1\u00a0000\u00a0kg","unita_di_misura":"+","etichetta":"Capacit\u00e9 maximale"},{"valore":"8\u00a0m","unita_di_misura":"","etichetta":"Port\u00e9e maximale"},{"valore":"270\u00b0","unita_di_misura":"","etichetta":"Rotation"}],"prodotto_page_descrizione_titolo":"Potence sur colonne \u00e0 double bras, 1\u00a0000\u00a0kg + 1\u00a0000\u00a0kg max.","prodotto_page_descrizione_3_colonne_testo":"<strong>La potence \u00e0 double bras est la solution la plus pratique et la plus \u00e9conomique pour rendre autonome des lieux de travail qui n\u00e9cessiteraient l'utilisation de deux\u00a0potences standards.\r\nEn outre, elle r\u00e9sout le probl\u00e8me de la manutention de charges dans des espaces restreints, o\u00f9 d'autres \u00e9quipements de levage ne pourraient pas fonctionner.<\/strong>\r\n\r\nL'utilisation du bras avec un profil\u00e9 \u00e0 goulotte sp\u00e9cial pli\u00e9 \u00e0 la presse garantit une manutention aussi l\u00e9g\u00e8re que possible. Le chariot de translation se d\u00e9place dans le bras, avec un mouvement fluide et r\u00e9gulier qui rend la potence sur colonne facile \u00e0 man\u0153uvrer. Des surfaces de translation l\u00e9g\u00e8rement inclin\u00e9es et l'utilisation de mat\u00e9riaux sp\u00e9ciaux avec une surface lisse et un poids minimal r\u00e9duisent la friction subie par les galets de translation des chariots porte-palan. Le poids inf\u00e9rieur \u00e0 manipuler r\u00e9duit \u00e9galement l'effort que l'op\u00e9rateur doit d\u00e9ployer manuellement pour faire tourner le bras de la potence. Cela permet d'obtenir un fonctionnement tr\u00e8s souple et silencieux des galets et une capacit\u00e9 de charge \u00e9lev\u00e9e. La potence \u00e0 double bras \u00e0 goulotte n'est disponible qu'avec un chariot manuel par pouss\u00e9e.","prodotto_page_descrizione_titolo_vantaggi":"Avantages de la potence sur colonne avec double bras profil\u00e9 \u00e0 goulotte ","prodotto_page_descrizione_vantaggi":[{"titolo":"Polyvalence","testo":"","link":"","archivio_prodotti":null},{"titolo":"Excellente man\u0153uvrabilit\u00e9","testo":"","link":"","archivio_prodotti":null},{"titolo":"Installation facilit\u00e9e","testo":"","link":"","archivio_prodotti":null},{"titolo":"Productivit\u00e9 et s\u00e9curit\u00e9 accrues","testo":"","link":"","archivio_prodotti":null}],"prodotto_page_tabs_dati_tecnici":[{"etichetta":"Capacit\u00e9","valore":"125\u00a0kg - 1\u00a0000\u00a0kg"},{"etichetta":"Port\u00e9e","valore":"Jusqu'\u00e0 8\u00a0m selon la capacit\u00e9"},{"etichetta":"Profil\u00e9","valore":"Profil en forme d'om\u00e9ga pli\u00e9 \u00e0 la presse"},{"etichetta":"Rotation","valore":"270\u00b0 avec but\u00e9e d'ajustement r\u00e9glable sur site en fonction des encombrements"},{"etichetta":"Rotation","valore":"Manuelle"},{"etichetta":"Colonne","valore":"Tube d'acier \u00e0 section circulaire. Il comporte \u00e0 une extr\u00e9mit\u00e9 une plaque de base perfor\u00e9e destin\u00e9e \u00e0 \u00eatre fix\u00e9e \u00e0 la base au moyen de chevilles chimiques ou de tire-fonds et \u00e0 l'autre extr\u00e9mit\u00e9 deux plaques, l'une terminale et l'autre interm\u00e9diaire, destin\u00e9es \u00e0 supporter le bras."},{"etichetta":"Palan","valore":"Palan \u00e9lectrique \u00e0 cha\u00eene, pour le levage de la charge, \u00e0 une ou deux vitesses de levage,avec chariot de translation \u00e9lectrique, par pouss\u00e9e ou m\u00e9canique."},{"etichetta":"Dispositif de freinage","valore":"Il est constitu\u00e9 d'un embrayage \u00e0 vis r\u00e9glable qui permet d'ajuster l'effort de rotation du bras et d'assurer un positionnement stable."}],"prodotto_page_tabs_optionals":[{"titolo":"Peinture personnalis\u00e9e","testo":"La couleur de la peinture peut \u00eatre personnalis\u00e9e pour r\u00e9pondre \u00e0 des besoins sp\u00e9cifiques, \u00e0 des exigences en mati\u00e8re de design ou de marque.","immagine":null}],"prodotto_page_tabs_downloads":null,"prodotto_page_gallery":[12827,12834,12841],"prodotto_page_customer_story_titolo":"","prodotto_page_customer_story_list":null,"prodotto_page_applicazioni_list":"- Agricoltura e Alimentare\r\n- Manifatturiero\r\n- Energetico\r\n- Edile e delle costruzioni\r\n- Tecnologie dell'informazione e ICT\r\n- Trasporti e logistica\r\n- Commercio al dettaglio\r\n- Culturale e dell'intrattenimento\r\n- Ambientale e della sostenibilit\u00e0\r\n- Ricerca e sviluppo\r\n- Arti e Artigianato","prodotto_page_faq_list":null,"prodotto_page_testo_prodotti_correlati":"<h2>Produits connexes<\/h2>\r\nD\u00e9couvrez \u00e9galement ces produits et trouvez d'autres solutions pour votre activit\u00e9.","prodotto_page_lista_prodotti_correlati":"- CT2B\r\n- C2T2B\r\n- BM","prodotto_page_titolo_componenti_3d":"","prodotto_page_immagine_iniziale_componenti_3d":null,"prodotto_page_lista_componenti_3d":null,"prodotto_page_titolo_slider_configurazioni":"Produits et configurations","prodotto_page_lista_immgini_slider_configurazioni":[{"etichetta":"Vue avant","immagine":12848},{"etichetta":"Vue du haut","immagine":12869},{"etichetta":"Perspective","immagine":12855},{"etichetta":"D\u00e9tail","immagine":12862}],"prodotto_page_titolo_slider_configurazioni_2":"<h2><\/h2>","prodotto_page_lista_immgini_slider_configurazioni_2":null,"seo_title":"Potence avec double bras rotation 270\u00b0 | OMIS","seo_description":"La potence sur colonne \u00e0 double bras r\u00e9sout le probl\u00e8me de la manutention de charges dans des espaces restreints, o\u00f9 d'autres \u00e9quipements de levage ne pourraient pas fonctionner.\r\n Le chariot de translation se d\u00e9place dans le bras, avec un mouvement fluide et r\u00e9gulier qui rend la potence sur colonne facile \u00e0 man\u0153uvrer. En savoir plus"},"yoast_head":"<!-- This site is optimized with the Yoast SEO plugin v23.9 - https:\/\/yoast.com\/wordpress\/plugins\/seo\/ -->\n<title>Potence avec double bras rotation 270\u00b0 | OMIS<\/title>\n<meta name=\"description\" content=\"La potence sur colonne \u00e0 double bras r\u00e9sout le probl\u00e8me de la manutention de charges dans des espaces restreints, o\u00f9 d&#039;autres \u00e9quipements de levage ne pourraient pas fonctionner.  Le chariot de translation se d\u00e9place dans le bras, avec un mouvement fluide et r\u00e9gulier qui rend la potence sur colonne facile \u00e0 man\u0153uvrer. En savoir plus\" \/>\n<meta name=\"robots\" content=\"index, follow, max-snippet:-1, max-image-preview:large, max-video-preview:-1\" \/>\n<meta property=\"og:locale\" content=\"fr_FR\" \/>\n<meta property=\"og:type\" content=\"article\" \/>\n<meta property=\"og:title\" content=\"Potence avec double bras rotation 270\u00b0 | OMIS\" \/>\n<meta property=\"og:description\" content=\"La potence sur colonne \u00e0 double bras r\u00e9sout le probl\u00e8me de la manutention de charges dans des espaces restreints, o\u00f9 d&#039;autres \u00e9quipements de levage ne pourraient pas fonctionner.  Le chariot de translation se d\u00e9place dans le bras, avec un mouvement fluide et r\u00e9gulier qui rend la potence sur colonne facile \u00e0 man\u0153uvrer. En savoir plus\" \/>\n<meta property=\"og:url\" content=\"https:\/\/www.omis.net\/fr-fr\/produit\/potence-sur-colonne-avec-double-bras-profile-a-goulotte\/\" \/>\n<meta property=\"og:site_name\" content=\"Omis Spa\" \/>\n<meta property=\"article:publisher\" content=\"https:\/\/www.facebook.com\/omisgroup\" \/>\n<meta property=\"article:modified_time\" content=\"2025-02-03T11:22:40+00:00\" \/>\n<meta property=\"og:image\" content=\"https:\/\/media.omis.net\/media\/2024\/12\/profile-c2bjib-crane-c2b-500kg-500kg-front-3d-omis-scaled.webp\" \/>\n\t<meta property=\"og:image:width\" content=\"2560\" \/>\n\t<meta property=\"og:image:height\" content=\"1440\" \/>\n\t<meta property=\"og:image:type\" content=\"image\/webp\" \/>\n<meta name=\"twitter:card\" content=\"summary_large_image\" \/>\n<meta name=\"twitter:label1\" content=\"Est. reading time\" \/>\n\t<meta name=\"twitter:data1\" content=\"1 minute\" \/>\n<script type=\"application\/ld+json\" class=\"yoast-schema-graph\">{\"@context\":\"https:\/\/schema.org\",\"@graph\":[{\"@type\":\"WebPage\",\"@id\":\"https:\/\/www.omis.net\/fr-fr\/produit\/potence-sur-colonne-avec-double-bras-profile-a-goulotte\/\",\"url\":\"https:\/\/www.omis.net\/fr-fr\/produit\/potence-sur-colonne-avec-double-bras-profile-a-goulotte\/\",\"name\":\"Potence avec double bras rotation 270\u00b0 | OMIS\",\"isPartOf\":{\"@id\":\"https:\/\/www.omis.net\/it-it\/#website\"},\"primaryImageOfPage\":{\"@id\":\"https:\/\/www.omis.net\/fr-fr\/produit\/potence-sur-colonne-avec-double-bras-profile-a-goulotte\/#primaryimage\"},\"image\":{\"@id\":\"https:\/\/www.omis.net\/fr-fr\/produit\/potence-sur-colonne-avec-double-bras-profile-a-goulotte\/#primaryimage\"},\"thumbnailUrl\":\"https:\/\/media.omis.net\/media\/2024\/12\/profile-c2bjib-crane-c2b-500kg-500kg-front-3d-omis-scaled.webp\",\"datePublished\":\"2024-12-18T09:56:36+00:00\",\"dateModified\":\"2025-02-03T11:22:40+00:00\",\"description\":\"La potence sur colonne \u00e0 double bras r\u00e9sout le probl\u00e8me de la manutention de charges dans des espaces restreints, o\u00f9 d'autres \u00e9quipements de levage ne pourraient pas fonctionner. Le chariot de translation se d\u00e9place dans le bras, avec un mouvement fluide et r\u00e9gulier qui rend la potence sur colonne facile \u00e0 man\u0153uvrer. En savoir plus\",\"breadcrumb\":{\"@id\":\"https:\/\/www.omis.net\/fr-fr\/produit\/potence-sur-colonne-avec-double-bras-profile-a-goulotte\/#breadcrumb\"},\"inLanguage\":\"fr-fr\",\"potentialAction\":[{\"@type\":\"ReadAction\",\"target\":[\"https:\/\/www.omis.net\/fr-fr\/produit\/potence-sur-colonne-avec-double-bras-profile-a-goulotte\/\"]}]},{\"@type\":\"ImageObject\",\"inLanguage\":\"fr-fr\",\"@id\":\"https:\/\/www.omis.net\/fr-fr\/produit\/potence-sur-colonne-avec-double-bras-profile-a-goulotte\/#primaryimage\",\"url\":\"https:\/\/media.omis.net\/media\/2024\/12\/profile-c2bjib-crane-c2b-500kg-500kg-front-3d-omis-scaled.webp\",\"contentUrl\":\"https:\/\/media.omis.net\/media\/2024\/12\/profile-c2bjib-crane-c2b-500kg-500kg-front-3d-omis-scaled.webp\",\"width\":2560,\"height\":1440,\"caption\":\"header - Profile c2bjib crane c2b 500kg 500kg front 3d Omis\"},{\"@type\":\"BreadcrumbList\",\"@id\":\"https:\/\/www.omis.net\/fr-fr\/produit\/potence-sur-colonne-avec-double-bras-profile-a-goulotte\/#breadcrumb\",\"itemListElement\":[{\"@type\":\"ListItem\",\"position\":1,\"name\":\"Home\",\"item\":\"https:\/\/www.omis.net\/fr-fr\/\"},{\"@type\":\"ListItem\",\"position\":2,\"name\":\"Potence sur colonne avec double bras profil\u00e9 \u00e0 goulotte\"}]},{\"@type\":\"WebSite\",\"@id\":\"https:\/\/www.omis.net\/it-it\/#website\",\"url\":\"https:\/\/www.omis.net\/it-it\/\",\"name\":\"Omis Spa\",\"description\":\"Movimentazione e sollevamento\",\"publisher\":{\"@id\":\"https:\/\/www.omis.net\/it-it\/#organization\"},\"potentialAction\":[{\"@type\":\"SearchAction\",\"target\":{\"@type\":\"EntryPoint\",\"urlTemplate\":\"https:\/\/www.omis.net\/it-it\/?s={search_term_string}\"},\"query-input\":{\"@type\":\"PropertyValueSpecification\",\"valueRequired\":true,\"valueName\":\"search_term_string\"}}],\"inLanguage\":\"fr-fr\"},{\"@type\":\"Organization\",\"@id\":\"https:\/\/www.omis.net\/it-it\/#organization\",\"name\":\"Omis Spa\",\"url\":\"https:\/\/www.omis.net\/it-it\/\",\"logo\":{\"@type\":\"ImageObject\",\"inLanguage\":\"fr-fr\",\"@id\":\"https:\/\/www.omis.net\/it-it\/#\/schema\/logo\/image\/\",\"url\":\"https:\/\/media.omis.net\/media\/2024\/08\/logo.jpg\",\"contentUrl\":\"https:\/\/media.omis.net\/media\/2024\/08\/logo.jpg\",\"width\":300,\"height\":300,\"caption\":\"Omis Spa\"},\"image\":{\"@id\":\"https:\/\/www.omis.net\/it-it\/#\/schema\/logo\/image\/\"},\"sameAs\":[\"https:\/\/www.facebook.com\/omisgroup\",\"https:\/\/www.linkedin.com\/company\/omis-group\",\"https:\/\/www.youtube.com\/channel\/UCS4L59XDk3kKBI9MnjuxWDw\",\"https:\/\/www.instagram.com\/omisgroup\"]}]}<\/script>\n<!-- \/ Yoast SEO plugin. -->","yoast_head_json":{"title":"Potence avec double bras rotation 270\u00b0 | OMIS","description":"La potence sur colonne \u00e0 double bras r\u00e9sout le probl\u00e8me de la manutention de charges dans des espaces restreints, o\u00f9 d'autres \u00e9quipements de levage ne pourraient pas fonctionner.  Le chariot de translation se d\u00e9place dans le bras, avec un mouvement fluide et r\u00e9gulier qui rend la potence sur colonne facile \u00e0 man\u0153uvrer. En savoir plus","robots":{"index":"index","follow":"follow","max-snippet":"max-snippet:-1","max-image-preview":"max-image-preview:large","max-video-preview":"max-video-preview:-1"},"og_locale":"fr_FR","og_type":"article","og_title":"Potence avec double bras rotation 270\u00b0 | OMIS","og_description":"La potence sur colonne \u00e0 double bras r\u00e9sout le probl\u00e8me de la manutention de charges dans des espaces restreints, o\u00f9 d'autres \u00e9quipements de levage ne pourraient pas fonctionner.  Le chariot de translation se d\u00e9place dans le bras, avec un mouvement fluide et r\u00e9gulier qui rend la potence sur colonne facile \u00e0 man\u0153uvrer. En savoir plus","og_url":"https:\/\/www.omis.net\/fr-fr\/produit\/potence-sur-colonne-avec-double-bras-profile-a-goulotte\/","og_site_name":"Omis Spa","article_publisher":"https:\/\/www.facebook.com\/omisgroup","article_modified_time":"2025-02-03T11:22:40+00:00","og_image":[{"width":2560,"height":1440,"url":"https:\/\/media.omis.net\/media\/2024\/12\/profile-c2bjib-crane-c2b-500kg-500kg-front-3d-omis-scaled.webp","type":"image\/webp"}],"twitter_card":"summary_large_image","twitter_misc":{"Est. reading time":"1 minute"},"schema":{"@context":"https:\/\/schema.org","@graph":[{"@type":"WebPage","@id":"https:\/\/www.omis.net\/fr-fr\/produit\/potence-sur-colonne-avec-double-bras-profile-a-goulotte\/","url":"https:\/\/www.omis.net\/fr-fr\/produit\/potence-sur-colonne-avec-double-bras-profile-a-goulotte\/","name":"Potence avec double bras rotation 270\u00b0 | OMIS","isPartOf":{"@id":"https:\/\/www.omis.net\/it-it\/#website"},"primaryImageOfPage":{"@id":"https:\/\/www.omis.net\/fr-fr\/produit\/potence-sur-colonne-avec-double-bras-profile-a-goulotte\/#primaryimage"},"image":{"@id":"https:\/\/www.omis.net\/fr-fr\/produit\/potence-sur-colonne-avec-double-bras-profile-a-goulotte\/#primaryimage"},"thumbnailUrl":"https:\/\/media.omis.net\/media\/2024\/12\/profile-c2bjib-crane-c2b-500kg-500kg-front-3d-omis-scaled.webp","datePublished":"2024-12-18T09:56:36+00:00","dateModified":"2025-02-03T11:22:40+00:00","description":"La potence sur colonne \u00e0 double bras r\u00e9sout le probl\u00e8me de la manutention de charges dans des espaces restreints, o\u00f9 d'autres \u00e9quipements de levage ne pourraient pas fonctionner. Le chariot de translation se d\u00e9place dans le bras, avec un mouvement fluide et r\u00e9gulier qui rend la potence sur colonne facile \u00e0 man\u0153uvrer. En savoir plus","breadcrumb":{"@id":"https:\/\/www.omis.net\/fr-fr\/produit\/potence-sur-colonne-avec-double-bras-profile-a-goulotte\/#breadcrumb"},"inLanguage":"fr-fr","potentialAction":[{"@type":"ReadAction","target":["https:\/\/www.omis.net\/fr-fr\/produit\/potence-sur-colonne-avec-double-bras-profile-a-goulotte\/"]}]},{"@type":"ImageObject","inLanguage":"fr-fr","@id":"https:\/\/www.omis.net\/fr-fr\/produit\/potence-sur-colonne-avec-double-bras-profile-a-goulotte\/#primaryimage","url":"https:\/\/media.omis.net\/media\/2024\/12\/profile-c2bjib-crane-c2b-500kg-500kg-front-3d-omis-scaled.webp","contentUrl":"https:\/\/media.omis.net\/media\/2024\/12\/profile-c2bjib-crane-c2b-500kg-500kg-front-3d-omis-scaled.webp","width":2560,"height":1440,"caption":"header - Profile c2bjib crane c2b 500kg 500kg front 3d Omis"},{"@type":"BreadcrumbList","@id":"https:\/\/www.omis.net\/fr-fr\/produit\/potence-sur-colonne-avec-double-bras-profile-a-goulotte\/#breadcrumb","itemListElement":[{"@type":"ListItem","position":1,"name":"Home","item":"https:\/\/www.omis.net\/fr-fr\/"},{"@type":"ListItem","position":2,"name":"Potence sur colonne avec double bras profil\u00e9 \u00e0 goulotte"}]},{"@type":"WebSite","@id":"https:\/\/www.omis.net\/it-it\/#website","url":"https:\/\/www.omis.net\/it-it\/","name":"Omis Spa","description":"Movimentazione e sollevamento","publisher":{"@id":"https:\/\/www.omis.net\/it-it\/#organization"},"potentialAction":[{"@type":"SearchAction","target":{"@type":"EntryPoint","urlTemplate":"https:\/\/www.omis.net\/it-it\/?s={search_term_string}"},"query-input":{"@type":"PropertyValueSpecification","valueRequired":true,"valueName":"search_term_string"}}],"inLanguage":"fr-fr"},{"@type":"Organization","@id":"https:\/\/www.omis.net\/it-it\/#organization","name":"Omis Spa","url":"https:\/\/www.omis.net\/it-it\/","logo":{"@type":"ImageObject","inLanguage":"fr-fr","@id":"https:\/\/www.omis.net\/it-it\/#\/schema\/logo\/image\/","url":"https:\/\/media.omis.net\/media\/2024\/08\/logo.jpg","contentUrl":"https:\/\/media.omis.net\/media\/2024\/08\/logo.jpg","width":300,"height":300,"caption":"Omis Spa"},"image":{"@id":"https:\/\/www.omis.net\/it-it\/#\/schema\/logo\/image\/"},"sameAs":["https:\/\/www.facebook.com\/omisgroup","https:\/\/www.linkedin.com\/company\/omis-group","https:\/\/www.youtube.com\/channel\/UCS4L59XDk3kKBI9MnjuxWDw","https:\/\/www.instagram.com\/omisgroup"]}]}},"_links":{"self":[{"href":"https:\/\/www.omis.net\/fr-fr\/wp-json\/wp\/v2\/product\/7299"}],"collection":[{"href":"https:\/\/www.omis.net\/fr-fr\/wp-json\/wp\/v2\/product"}],"about":[{"href":"https:\/\/www.omis.net\/fr-fr\/wp-json\/wp\/v2\/types\/product"}],"acf:attachment":[{"embeddable":true,"href":"https:\/\/www.omis.net\/fr-fr\/wp-json\/wp\/v2\/media\/12841"},{"embeddable":true,"href":"https:\/\/www.omis.net\/fr-fr\/wp-json\/wp\/v2\/media\/12834"},{"embeddable":true,"href":"https:\/\/www.omis.net\/fr-fr\/wp-json\/wp\/v2\/media\/12827"},{"embeddable":true,"href":"https:\/\/www.omis.net\/fr-fr\/wp-json\/wp\/v2\/media\/12820"}],"wp:featuredmedia":[{"embeddable":true,"href":"https:\/\/www.omis.net\/fr-fr\/wp-json\/wp\/v2\/media\/12812"}],"wp:attachment":[{"href":"https:\/\/www.omis.net\/fr-fr\/wp-json\/wp\/v2\/media?parent=7299"}],"wp:term":[{"taxonomy":"caratteristica-prodotto","embeddable":true,"href":"https:\/\/www.omis.net\/fr-fr\/wp-json\/wp\/v2\/caratteristica-prodotto?post=7299"},{"taxonomy":"tipologia-prodotto","embeddable":true,"href":"https:\/\/www.omis.net\/fr-fr\/wp-json\/wp\/v2\/tipologia-prodotto?post=7299"}],"curies":[{"name":"wp","href":"https:\/\/api.w.org\/{rel}","templated":true}]}}