{"id":7298,"date":"2024-12-18T10:56:05","date_gmt":"2024-12-18T09:56:05","guid":{"rendered":"http:\/\/bedrock.local\/product\/bm\/"},"modified":"2025-04-09T08:51:37","modified_gmt":"2025-04-09T06:51:37","slug":"potence-bras-a-ame-pleine-en-saillie-rotation-manuelle-360","status":"publish","type":"product","link":"https:\/\/www.omis.net\/fr-fr\/produit\/potence-bras-a-ame-pleine-en-saillie-rotation-manuelle-360\/","title":{"rendered":"Potence, bras \u00e0 \u00e2me pleine en saillie, rotation manuelle 360\u00b0"},"content":{"rendered":"","protected":false},"featured_media":12626,"parent":0,"template":"","caratteristica-prodotto":[1007],"tipologia-prodotto":[705,711,717],"class_list":["post-7298","product","type-product","status-publish","has-post-thumbnail","hentry","caratteristica-prodotto-rotation-manuelle","tipologia-prodotto-grues-de-poste-de-travail","tipologia-prodotto-potences","tipologia-prodotto-sur-colonne"],"acf":{"import_csv_id":"17","prodotto_generale_sku":"BM","prodotto_listing_card_descrizione":"La potence sur colonne peut manipuler des charges lourdes dans des espaces o\u00f9 la rotation \u00e9lectrique n'est pas autoris\u00e9e et o\u00f9 le dispositif doit couvrir une zone de travail circulaire.","prodotto_listing_card_caratteristiche":null,"prodotto_page_gradient_hero":false,"prodotto_page_titolo_hero":"La rotation la plus large avec une action manuelle.","prodotto_page_gallery_hero":[12634],"prodotto_page_descrizione_3_colonne_posizione":false,"prodotto_page_descrizione_3_colonne":[{"valore":"2000\u00a0kg","unita_di_misura":"","etichetta":"Capacit\u00e9 maximale"},{"valore":"8\u00a0m","unita_di_misura":"","etichetta":"Port\u00e9e maximale"},{"valore":"360\u00b0","unita_di_misura":"","etichetta":"Rotation"}],"prodotto_page_descrizione_titolo":"Potence, bras \u00e0 \u00e2me pleine en saillie, rotation manuelle 360\u00b0","prodotto_page_descrizione_3_colonne_testo":"<strong>La potence permet la rotation la plus large et la plus compl\u00e8te, afin d'utiliser toute la zone accessible du lieu de travail. La rotation manuelle continue de 360\u00b0 est la solution pour le levage et la manutention de charges sur toute la port\u00e9e de la potence, lorsque les mod\u00e8les classiques \u00e0 rotation de 270\u00b0 ne suffisent pas et que, pour diverses raisons, l'\u00e9lectricit\u00e9 ne peut pas \u00eatre utilis\u00e9e.<\/strong>\r\n\r\nIl s'agit \u00e9galement d'un excellent choix pour la manutention de charges importantes. Pratiques et \u00e9conomiques, les potences permettent d'assurer l'ind\u00e9pendance op\u00e9rationnelle des lieux de travail inaccessibles aux ponts roulants ou aux chariots \u00e9l\u00e9vateurs.\r\nExtr\u00eamement faciles \u00e0 utiliser, elles figurent parmi les solutions les plus courantes sur les chantiers, dans les usines et les ateliers o\u00f9 la manutention s\u00fbre et pr\u00e9cise de pi\u00e8ces et de mat\u00e9riaux est une exigence quotidienne absolue. En particulier, cette potence \u00e0 rotation manuelle garantit une autonomie maximale du lieu de travail et, en m\u00eame temps, le plus haut niveau de convivialit\u00e9 et de s\u00e9curit\u00e9, avec une capacit\u00e9, une port\u00e9e et des performances op\u00e9rationnelles consid\u00e9rables.","prodotto_page_descrizione_titolo_vantaggi":"Avantages de la potence sur colonne \u00e0 bras \u00e0 \u00e2me pleine en saillie et rotation manuelle 360\u00b0","prodotto_page_descrizione_vantaggi":[{"titolo":"Fonctionnement \u00e0 360\u00b0","testo":"","link":"","archivio_prodotti":null},{"titolo":"Excellente man\u0153uvrabilit\u00e9","testo":"","link":"","archivio_prodotti":null},{"titolo":"Id\u00e9ale pour les endroits restreints","testo":"","link":"","archivio_prodotti":null},{"titolo":"Productivit\u00e9 et s\u00e9curit\u00e9 accrues","testo":"","link":"","archivio_prodotti":null}],"prodotto_page_tabs_dati_tecnici":[{"etichetta":"Capacit\u00e9","valore":"125\u00a0kg - 2000\u00a0kg"},{"etichetta":"Port\u00e9e","valore":"Jusqu'\u00e0 8\u00a0m selon la capacit\u00e9"},{"etichetta":"Profil\u00e9","valore":"Profil\u00e9 en double T"},{"etichetta":"Rotation","valore":"360\u00b0 continue"},{"etichetta":"Rotation","valore":"Manuelle"},{"etichetta":"Colonne","valore":"Tube d'acier \u00e0 section circulaire. Il comporte \u00e0 une extr\u00e9mit\u00e9 une plaque de base perfor\u00e9e destin\u00e9e \u00e0 \u00eatre fix\u00e9e \u00e0 la base au moyen de chevilles chimiques ou de tire-fonds et \u00e0 l'autre extr\u00e9mit\u00e9 deux plaques, l'une terminale et l'autre interm\u00e9diaire, destin\u00e9es \u00e0 supporter le bras."},{"etichetta":"Palan","valore":"Palan \u00e9lectrique \u00e0 cha\u00eene, pour le levage de la charge, \u00e0 une ou deux vitesses de levage,avec chariot de translation \u00e9lectrique, par pouss\u00e9e ou m\u00e9canique."},{"etichetta":"Dispositif de freinage","valore":"Il est constitu\u00e9 d'un embrayage \u00e0 vis r\u00e9glable qui permet d'ajuster l'effort de rotation du bras et d'assurer un positionnement stable."}],"prodotto_page_tabs_optionals":[{"titolo":"Peinture personnalis\u00e9e","testo":"La couleur de la peinture peut \u00eatre personnalis\u00e9e pour r\u00e9pondre \u00e0 des besoins sp\u00e9cifiques, \u00e0 des exigences en mati\u00e8re de design ou de marque.","immagine":null}],"prodotto_page_tabs_downloads":null,"prodotto_page_gallery":[12648,12641,12662,12669,12655],"prodotto_page_customer_story_titolo":"","prodotto_page_customer_story_list":null,"prodotto_page_applicazioni_list":"- Agricoltura e Alimentare\r\n- Manifatturiero\r\n- Energetico\r\n- Edile e delle costruzioni\r\n- Tecnologie dell'informazione e ICT\r\n- Trasporti e logistica\r\n- Commercio al dettaglio\r\n- Culturale e dell'intrattenimento\r\n- Ambientale e della sostenibilit\u00e0\r\n- Ricerca e sviluppo\r\n- Arti e Artigianato","prodotto_page_faq_list":null,"prodotto_page_testo_prodotti_correlati":"<h2>Produits connexes<\/h2>\r\nD\u00e9couvrez \u00e9galement ces produits et trouvez d'autres solutions pour votre activit\u00e9.","prodotto_page_lista_prodotti_correlati":"- C\r\n- C2T\r\n- BE","prodotto_page_titolo_componenti_3d":"","prodotto_page_immagine_iniziale_componenti_3d":null,"prodotto_page_lista_componenti_3d":null,"prodotto_page_titolo_slider_configurazioni":"Produits et configurations","prodotto_page_lista_immgini_slider_configurazioni":[{"etichetta":"Vue avant","immagine":12676},{"etichetta":"Vue du haut","immagine":12690},{"etichetta":"Perspective","immagine":12683}],"prodotto_page_titolo_slider_configurazioni_2":"<h2><\/h2>","prodotto_page_lista_immgini_slider_configurazioni_2":null,"seo_title":"Potence \u00e0 rotation manuelle 360\u00b0, capacit\u00e9 max. 1\u00a0000\u00a0kg | OMIS","seo_description":"La potence sur colonne avec bras \u00e0 \u00e2me pleine en saillie a une rotation manuelle de 360\u00b0 pour le levage et la manutention de charges sur toute la port\u00e9e de la potence, lorsque les mod\u00e8les classiques \u00e0 rotation de 270\u00b0 ne suffisent pas et que, pour diverses raisons, l'\u00e9lectricit\u00e9 ne peut pas \u00eatre utilis\u00e9e. En savoir plus"},"yoast_head":"<!-- This site is optimized with the Yoast SEO plugin v23.9 - https:\/\/yoast.com\/wordpress\/plugins\/seo\/ -->\n<title>Potence \u00e0 rotation manuelle 360\u00b0, capacit\u00e9 max. 1\u00a0000\u00a0kg | OMIS<\/title>\n<meta name=\"description\" content=\"La potence sur colonne avec bras \u00e0 \u00e2me pleine en saillie a une rotation manuelle de 360\u00b0 pour le levage et la manutention de charges sur toute la port\u00e9e de la potence, lorsque les mod\u00e8les classiques \u00e0 rotation de 270\u00b0 ne suffisent pas et que, pour diverses raisons, l&#039;\u00e9lectricit\u00e9 ne peut pas \u00eatre utilis\u00e9e. En savoir plus\" \/>\n<meta name=\"robots\" content=\"index, follow, max-snippet:-1, max-image-preview:large, max-video-preview:-1\" \/>\n<meta property=\"og:locale\" content=\"fr_FR\" \/>\n<meta property=\"og:type\" content=\"article\" \/>\n<meta property=\"og:title\" content=\"Potence \u00e0 rotation manuelle 360\u00b0, capacit\u00e9 max. 1\u00a0000\u00a0kg | OMIS\" \/>\n<meta property=\"og:description\" content=\"La potence sur colonne avec bras \u00e0 \u00e2me pleine en saillie a une rotation manuelle de 360\u00b0 pour le levage et la manutention de charges sur toute la port\u00e9e de la potence, lorsque les mod\u00e8les classiques \u00e0 rotation de 270\u00b0 ne suffisent pas et que, pour diverses raisons, l&#039;\u00e9lectricit\u00e9 ne peut pas \u00eatre utilis\u00e9e. En savoir plus\" \/>\n<meta property=\"og:url\" content=\"https:\/\/www.omis.net\/fr-fr\/produit\/potence-bras-a-ame-pleine-en-saillie-rotation-manuelle-360\/\" \/>\n<meta property=\"og:site_name\" content=\"Omis Spa\" \/>\n<meta property=\"article:publisher\" content=\"https:\/\/www.facebook.com\/omisgroup\" \/>\n<meta property=\"article:modified_time\" content=\"2025-04-09T06:51:37+00:00\" \/>\n<meta property=\"og:image\" content=\"https:\/\/media.omis.net\/media\/2024\/12\/profile-bm-jib-crane-bm-500kg-front-view-omis-scaled.webp\" \/>\n\t<meta property=\"og:image:width\" content=\"2560\" \/>\n\t<meta property=\"og:image:height\" content=\"1440\" \/>\n\t<meta property=\"og:image:type\" content=\"image\/webp\" \/>\n<meta name=\"twitter:card\" content=\"summary_large_image\" \/>\n<meta name=\"twitter:label1\" content=\"Est. reading time\" \/>\n\t<meta name=\"twitter:data1\" content=\"1 minute\" \/>\n<script type=\"application\/ld+json\" class=\"yoast-schema-graph\">{\"@context\":\"https:\/\/schema.org\",\"@graph\":[{\"@type\":\"WebPage\",\"@id\":\"https:\/\/www.omis.net\/fr-fr\/produit\/potence-bras-a-ame-pleine-en-saillie-rotation-manuelle-360\/\",\"url\":\"https:\/\/www.omis.net\/fr-fr\/produit\/potence-bras-a-ame-pleine-en-saillie-rotation-manuelle-360\/\",\"name\":\"Potence \u00e0 rotation manuelle 360\u00b0, capacit\u00e9 max. 1\u00a0000\u00a0kg | OMIS\",\"isPartOf\":{\"@id\":\"https:\/\/www.omis.net\/it-it\/#website\"},\"primaryImageOfPage\":{\"@id\":\"https:\/\/www.omis.net\/fr-fr\/produit\/potence-bras-a-ame-pleine-en-saillie-rotation-manuelle-360\/#primaryimage\"},\"image\":{\"@id\":\"https:\/\/www.omis.net\/fr-fr\/produit\/potence-bras-a-ame-pleine-en-saillie-rotation-manuelle-360\/#primaryimage\"},\"thumbnailUrl\":\"https:\/\/media.omis.net\/media\/2024\/12\/profile-bm-jib-crane-bm-500kg-front-view-omis-scaled.webp\",\"datePublished\":\"2024-12-18T09:56:05+00:00\",\"dateModified\":\"2025-04-09T06:51:37+00:00\",\"description\":\"La potence sur colonne avec bras \u00e0 \u00e2me pleine en saillie a une rotation manuelle de 360\u00b0 pour le levage et la manutention de charges sur toute la port\u00e9e de la potence, lorsque les mod\u00e8les classiques \u00e0 rotation de 270\u00b0 ne suffisent pas et que, pour diverses raisons, l'\u00e9lectricit\u00e9 ne peut pas \u00eatre utilis\u00e9e. En savoir plus\",\"breadcrumb\":{\"@id\":\"https:\/\/www.omis.net\/fr-fr\/produit\/potence-bras-a-ame-pleine-en-saillie-rotation-manuelle-360\/#breadcrumb\"},\"inLanguage\":\"fr-fr\",\"potentialAction\":[{\"@type\":\"ReadAction\",\"target\":[\"https:\/\/www.omis.net\/fr-fr\/produit\/potence-bras-a-ame-pleine-en-saillie-rotation-manuelle-360\/\"]}]},{\"@type\":\"ImageObject\",\"inLanguage\":\"fr-fr\",\"@id\":\"https:\/\/www.omis.net\/fr-fr\/produit\/potence-bras-a-ame-pleine-en-saillie-rotation-manuelle-360\/#primaryimage\",\"url\":\"https:\/\/media.omis.net\/media\/2024\/12\/profile-bm-jib-crane-bm-500kg-front-view-omis-scaled.webp\",\"contentUrl\":\"https:\/\/media.omis.net\/media\/2024\/12\/profile-bm-jib-crane-bm-500kg-front-view-omis-scaled.webp\",\"width\":2560,\"height\":1440,\"caption\":\"header - Profile bm jib crane bm 500kg front view Omis\"},{\"@type\":\"BreadcrumbList\",\"@id\":\"https:\/\/www.omis.net\/fr-fr\/produit\/potence-bras-a-ame-pleine-en-saillie-rotation-manuelle-360\/#breadcrumb\",\"itemListElement\":[{\"@type\":\"ListItem\",\"position\":1,\"name\":\"Home\",\"item\":\"https:\/\/www.omis.net\/fr-fr\/\"},{\"@type\":\"ListItem\",\"position\":2,\"name\":\"Potence, bras \u00e0 \u00e2me pleine en saillie, rotation manuelle 360\u00b0\"}]},{\"@type\":\"WebSite\",\"@id\":\"https:\/\/www.omis.net\/it-it\/#website\",\"url\":\"https:\/\/www.omis.net\/it-it\/\",\"name\":\"Omis Spa\",\"description\":\"Movimentazione e sollevamento\",\"publisher\":{\"@id\":\"https:\/\/www.omis.net\/it-it\/#organization\"},\"potentialAction\":[{\"@type\":\"SearchAction\",\"target\":{\"@type\":\"EntryPoint\",\"urlTemplate\":\"https:\/\/www.omis.net\/it-it\/?s={search_term_string}\"},\"query-input\":{\"@type\":\"PropertyValueSpecification\",\"valueRequired\":true,\"valueName\":\"search_term_string\"}}],\"inLanguage\":\"fr-fr\"},{\"@type\":\"Organization\",\"@id\":\"https:\/\/www.omis.net\/it-it\/#organization\",\"name\":\"Omis Spa\",\"url\":\"https:\/\/www.omis.net\/it-it\/\",\"logo\":{\"@type\":\"ImageObject\",\"inLanguage\":\"fr-fr\",\"@id\":\"https:\/\/www.omis.net\/it-it\/#\/schema\/logo\/image\/\",\"url\":\"https:\/\/media.omis.net\/media\/2024\/08\/logo.jpg\",\"contentUrl\":\"https:\/\/media.omis.net\/media\/2024\/08\/logo.jpg\",\"width\":300,\"height\":300,\"caption\":\"Omis Spa\"},\"image\":{\"@id\":\"https:\/\/www.omis.net\/it-it\/#\/schema\/logo\/image\/\"},\"sameAs\":[\"https:\/\/www.facebook.com\/omisgroup\",\"https:\/\/www.linkedin.com\/company\/omis-group\",\"https:\/\/www.youtube.com\/channel\/UCS4L59XDk3kKBI9MnjuxWDw\",\"https:\/\/www.instagram.com\/omisgroup\"]}]}<\/script>\n<!-- \/ Yoast SEO plugin. -->","yoast_head_json":{"title":"Potence \u00e0 rotation manuelle 360\u00b0, capacit\u00e9 max. 1\u00a0000\u00a0kg | OMIS","description":"La potence sur colonne avec bras \u00e0 \u00e2me pleine en saillie a une rotation manuelle de 360\u00b0 pour le levage et la manutention de charges sur toute la port\u00e9e de la potence, lorsque les mod\u00e8les classiques \u00e0 rotation de 270\u00b0 ne suffisent pas et que, pour diverses raisons, l'\u00e9lectricit\u00e9 ne peut pas \u00eatre utilis\u00e9e. En savoir plus","robots":{"index":"index","follow":"follow","max-snippet":"max-snippet:-1","max-image-preview":"max-image-preview:large","max-video-preview":"max-video-preview:-1"},"og_locale":"fr_FR","og_type":"article","og_title":"Potence \u00e0 rotation manuelle 360\u00b0, capacit\u00e9 max. 1\u00a0000\u00a0kg | OMIS","og_description":"La potence sur colonne avec bras \u00e0 \u00e2me pleine en saillie a une rotation manuelle de 360\u00b0 pour le levage et la manutention de charges sur toute la port\u00e9e de la potence, lorsque les mod\u00e8les classiques \u00e0 rotation de 270\u00b0 ne suffisent pas et que, pour diverses raisons, l'\u00e9lectricit\u00e9 ne peut pas \u00eatre utilis\u00e9e. En savoir plus","og_url":"https:\/\/www.omis.net\/fr-fr\/produit\/potence-bras-a-ame-pleine-en-saillie-rotation-manuelle-360\/","og_site_name":"Omis Spa","article_publisher":"https:\/\/www.facebook.com\/omisgroup","article_modified_time":"2025-04-09T06:51:37+00:00","og_image":[{"width":2560,"height":1440,"url":"https:\/\/media.omis.net\/media\/2024\/12\/profile-bm-jib-crane-bm-500kg-front-view-omis-scaled.webp","type":"image\/webp"}],"twitter_card":"summary_large_image","twitter_misc":{"Est. reading time":"1 minute"},"schema":{"@context":"https:\/\/schema.org","@graph":[{"@type":"WebPage","@id":"https:\/\/www.omis.net\/fr-fr\/produit\/potence-bras-a-ame-pleine-en-saillie-rotation-manuelle-360\/","url":"https:\/\/www.omis.net\/fr-fr\/produit\/potence-bras-a-ame-pleine-en-saillie-rotation-manuelle-360\/","name":"Potence \u00e0 rotation manuelle 360\u00b0, capacit\u00e9 max. 1\u00a0000\u00a0kg | OMIS","isPartOf":{"@id":"https:\/\/www.omis.net\/it-it\/#website"},"primaryImageOfPage":{"@id":"https:\/\/www.omis.net\/fr-fr\/produit\/potence-bras-a-ame-pleine-en-saillie-rotation-manuelle-360\/#primaryimage"},"image":{"@id":"https:\/\/www.omis.net\/fr-fr\/produit\/potence-bras-a-ame-pleine-en-saillie-rotation-manuelle-360\/#primaryimage"},"thumbnailUrl":"https:\/\/media.omis.net\/media\/2024\/12\/profile-bm-jib-crane-bm-500kg-front-view-omis-scaled.webp","datePublished":"2024-12-18T09:56:05+00:00","dateModified":"2025-04-09T06:51:37+00:00","description":"La potence sur colonne avec bras \u00e0 \u00e2me pleine en saillie a une rotation manuelle de 360\u00b0 pour le levage et la manutention de charges sur toute la port\u00e9e de la potence, lorsque les mod\u00e8les classiques \u00e0 rotation de 270\u00b0 ne suffisent pas et que, pour diverses raisons, l'\u00e9lectricit\u00e9 ne peut pas \u00eatre utilis\u00e9e. En savoir plus","breadcrumb":{"@id":"https:\/\/www.omis.net\/fr-fr\/produit\/potence-bras-a-ame-pleine-en-saillie-rotation-manuelle-360\/#breadcrumb"},"inLanguage":"fr-fr","potentialAction":[{"@type":"ReadAction","target":["https:\/\/www.omis.net\/fr-fr\/produit\/potence-bras-a-ame-pleine-en-saillie-rotation-manuelle-360\/"]}]},{"@type":"ImageObject","inLanguage":"fr-fr","@id":"https:\/\/www.omis.net\/fr-fr\/produit\/potence-bras-a-ame-pleine-en-saillie-rotation-manuelle-360\/#primaryimage","url":"https:\/\/media.omis.net\/media\/2024\/12\/profile-bm-jib-crane-bm-500kg-front-view-omis-scaled.webp","contentUrl":"https:\/\/media.omis.net\/media\/2024\/12\/profile-bm-jib-crane-bm-500kg-front-view-omis-scaled.webp","width":2560,"height":1440,"caption":"header - Profile bm jib crane bm 500kg front view Omis"},{"@type":"BreadcrumbList","@id":"https:\/\/www.omis.net\/fr-fr\/produit\/potence-bras-a-ame-pleine-en-saillie-rotation-manuelle-360\/#breadcrumb","itemListElement":[{"@type":"ListItem","position":1,"name":"Home","item":"https:\/\/www.omis.net\/fr-fr\/"},{"@type":"ListItem","position":2,"name":"Potence, bras \u00e0 \u00e2me pleine en saillie, rotation manuelle 360\u00b0"}]},{"@type":"WebSite","@id":"https:\/\/www.omis.net\/it-it\/#website","url":"https:\/\/www.omis.net\/it-it\/","name":"Omis Spa","description":"Movimentazione e sollevamento","publisher":{"@id":"https:\/\/www.omis.net\/it-it\/#organization"},"potentialAction":[{"@type":"SearchAction","target":{"@type":"EntryPoint","urlTemplate":"https:\/\/www.omis.net\/it-it\/?s={search_term_string}"},"query-input":{"@type":"PropertyValueSpecification","valueRequired":true,"valueName":"search_term_string"}}],"inLanguage":"fr-fr"},{"@type":"Organization","@id":"https:\/\/www.omis.net\/it-it\/#organization","name":"Omis Spa","url":"https:\/\/www.omis.net\/it-it\/","logo":{"@type":"ImageObject","inLanguage":"fr-fr","@id":"https:\/\/www.omis.net\/it-it\/#\/schema\/logo\/image\/","url":"https:\/\/media.omis.net\/media\/2024\/08\/logo.jpg","contentUrl":"https:\/\/media.omis.net\/media\/2024\/08\/logo.jpg","width":300,"height":300,"caption":"Omis Spa"},"image":{"@id":"https:\/\/www.omis.net\/it-it\/#\/schema\/logo\/image\/"},"sameAs":["https:\/\/www.facebook.com\/omisgroup","https:\/\/www.linkedin.com\/company\/omis-group","https:\/\/www.youtube.com\/channel\/UCS4L59XDk3kKBI9MnjuxWDw","https:\/\/www.instagram.com\/omisgroup"]}]}},"_links":{"self":[{"href":"https:\/\/www.omis.net\/fr-fr\/wp-json\/wp\/v2\/product\/7298"}],"collection":[{"href":"https:\/\/www.omis.net\/fr-fr\/wp-json\/wp\/v2\/product"}],"about":[{"href":"https:\/\/www.omis.net\/fr-fr\/wp-json\/wp\/v2\/types\/product"}],"acf:attachment":[{"embeddable":true,"href":"https:\/\/www.omis.net\/fr-fr\/wp-json\/wp\/v2\/media\/12655"},{"embeddable":true,"href":"https:\/\/www.omis.net\/fr-fr\/wp-json\/wp\/v2\/media\/12669"},{"embeddable":true,"href":"https:\/\/www.omis.net\/fr-fr\/wp-json\/wp\/v2\/media\/12662"},{"embeddable":true,"href":"https:\/\/www.omis.net\/fr-fr\/wp-json\/wp\/v2\/media\/12641"},{"embeddable":true,"href":"https:\/\/www.omis.net\/fr-fr\/wp-json\/wp\/v2\/media\/12648"},{"embeddable":true,"href":"https:\/\/www.omis.net\/fr-fr\/wp-json\/wp\/v2\/media\/12634"}],"wp:featuredmedia":[{"embeddable":true,"href":"https:\/\/www.omis.net\/fr-fr\/wp-json\/wp\/v2\/media\/12626"}],"wp:attachment":[{"href":"https:\/\/www.omis.net\/fr-fr\/wp-json\/wp\/v2\/media?parent=7298"}],"wp:term":[{"taxonomy":"caratteristica-prodotto","embeddable":true,"href":"https:\/\/www.omis.net\/fr-fr\/wp-json\/wp\/v2\/caratteristica-prodotto?post=7298"},{"taxonomy":"tipologia-prodotto","embeddable":true,"href":"https:\/\/www.omis.net\/fr-fr\/wp-json\/wp\/v2\/tipologia-prodotto?post=7298"}],"curies":[{"name":"wp","href":"https:\/\/api.w.org\/{rel}","templated":true}]}}