{"id":7295,"date":"2024-12-18T10:54:57","date_gmt":"2024-12-18T09:54:57","guid":{"rendered":"http:\/\/bedrock.local\/product\/ct\/"},"modified":"2025-02-03T12:22:02","modified_gmt":"2025-02-03T11:22:02","slug":"potence-sur-colonne-avec-bras-a-ame-pleine-en-saillie","status":"publish","type":"product","link":"https:\/\/www.omis.net\/fr-fr\/produit\/potence-sur-colonne-avec-bras-a-ame-pleine-en-saillie\/","title":{"rendered":"Potence sur colonne avec bras \u00e0 \u00e2me pleine en saillie"},"content":{"rendered":"","protected":false},"featured_media":13124,"parent":0,"template":"","caratteristica-prodotto":[1007],"tipologia-prodotto":[705,711,717],"class_list":["post-7295","product","type-product","status-publish","has-post-thumbnail","hentry","caratteristica-prodotto-rotation-manuelle","tipologia-prodotto-grues-de-poste-de-travail","tipologia-prodotto-potences","tipologia-prodotto-sur-colonne"],"acf":{"import_csv_id":"14","prodotto_generale_sku":"CT","prodotto_listing_card_descrizione":"La potence sur colonne la plus adapt\u00e9e lorsque l'espace vertical doit \u00eatre pleinement utilis\u00e9, stable et capable de soulever de lourdes charges.","prodotto_listing_card_caratteristiche":null,"prodotto_page_gradient_hero":false,"prodotto_page_titolo_hero":"Capacit\u00e9, stabilit\u00e9 et hauteur optimis\u00e9es.","prodotto_page_gallery_hero":[13096],"prodotto_page_descrizione_3_colonne_posizione":false,"prodotto_page_descrizione_3_colonne":[{"valore":"2000\u00a0kg","unita_di_misura":"","etichetta":"Capacit\u00e9 maximale"},{"valore":"8\u00a0m","unita_di_misura":"","etichetta":"Port\u00e9e maximale"},{"valore":"270\u00b0","unita_di_misura":"","etichetta":"Rotation"}],"prodotto_page_descrizione_titolo":"Potence sur colonne \u00e0 bras \u00e0 \u00e2me pleine en saillie, 2\u00a0000\u00a0kg max.","prodotto_page_descrizione_3_colonne_testo":"<strong>La potence permet d'autonomiser un lieu de travail sans avoir recours \u00e0 un pont roulant ou \u00e0 un chariot \u00e9l\u00e9vateur, offrant ainsi une solution pratique et \u00e9conomique pour la manutention de charges. La potence apporte en outre une r\u00e9ponse aux probl\u00e8mes li\u00e9s \u00e0 la manutention de charges dans des espaces confin\u00e9s qui ne se pr\u00eatent pas \u00e0 l'utilisation d'\u00e9quipements de levage.<\/strong>\r\n\r\nLa potence avec bras en saillie est la solution optimale lorsqu'il est n\u00e9cessaire d'utiliser au maximum l'espace disponible en hauteur, ce qui permet d'augmenter la course du crochet. La structure rigide de la colonne assure la stabilit\u00e9 du chariot dans toutes les positions du bras, tandis que les roulements mont\u00e9s sur le groupe de rotation permettent une rotation en douceur. Elle est disponible en version avec chariot manuel par pouss\u00e9e, m\u00e9canique ou \u00e9lectrique. Chaque mod\u00e8le est fourni avec une ligne d'alimentation.\r\nOutre l'augmentation de la capacit\u00e9 et l'optimisation de la hauteur, la potence sur colonne avec bras \u00e0 \u00e2me pleine en saillie s'av\u00e8re \u00eatre un excellent choix en raison de la possibilit\u00e9 de motorisation future du bras et du chariot.","prodotto_page_descrizione_titolo_vantaggi":"Avantages de la potence sur colonne avec bras \u00e0 \u00e2me pleine en saillie","prodotto_page_descrizione_vantaggi":[{"titolo":"Rotation sans \u00e0","testo":"","link":"","archivio_prodotti":null},{"titolo":"coups","testo":"","link":"","archivio_prodotti":null},{"titolo":"Excellente man\u0153uvrabilit\u00e9","testo":"","link":"","archivio_prodotti":null},{"titolo":"Manutention instantan\u00e9e","testo":"","link":"","archivio_prodotti":null},{"titolo":"Faible entretien","testo":"","link":"","archivio_prodotti":null}],"prodotto_page_tabs_dati_tecnici":[{"etichetta":"Capacit\u00e9","valore":"125\u00a0kg - 2000\u00a0kg"},{"etichetta":"Port\u00e9e","valore":"Jusqu'\u00e0 8\u00a0m selon la capacit\u00e9"},{"etichetta":"Profil\u00e9","valore":"Profil\u00e9 avec poutre en double T sans tirants de support"},{"etichetta":"Rotation","valore":"270\u00b0 avec but\u00e9e d'ajustement r\u00e9glable sur site en fonction des encombrements"},{"etichetta":"Rotation","valore":"Manuelle"},{"etichetta":"Colonne","valore":"Tube d'acier \u00e0 section circulaire. Il comporte \u00e0 une extr\u00e9mit\u00e9 une plaque de base perfor\u00e9e destin\u00e9e \u00e0 \u00eatre fix\u00e9e \u00e0 la base au moyen de chevilles chimiques ou de tire-fonds et \u00e0 l'autre extr\u00e9mit\u00e9 deux plaques, l'une terminale et l'autre interm\u00e9diaire, destin\u00e9es \u00e0 supporter le bras."},{"etichetta":"Palan","valore":"Palan \u00e9lectrique \u00e0 cha\u00eene, pour le levage de la charge, \u00e0 une ou deux vitesses de levage,avec chariot de translation \u00e9lectrique, par pouss\u00e9e ou m\u00e9canique."},{"etichetta":"Dispositif de freinage","valore":"Il est constitu\u00e9 d'un embrayage \u00e0 vis r\u00e9glable qui permet d'ajuster l'effort de rotation du bras et d'assurer un positionnement stable."}],"prodotto_page_tabs_optionals":[{"titolo":"Peinture personnalis\u00e9e","testo":"La couleur de la peinture peut \u00eatre personnalis\u00e9e pour r\u00e9pondre \u00e0 des besoins sp\u00e9cifiques, \u00e0 des exigences en mati\u00e8re de design ou de marque.","immagine":null}],"prodotto_page_tabs_downloads":null,"prodotto_page_gallery":[13075,13054,13068,13082,13089,13061],"prodotto_page_customer_story_titolo":"","prodotto_page_customer_story_list":null,"prodotto_page_applicazioni_list":"- Agricoltura e Alimentare\r\n- Manifatturiero\r\n- Energetico\r\n- Edile e delle costruzioni\r\n- Tecnologie dell'informazione e ICT\r\n- Trasporti e logistica\r\n- Commercio al dettaglio\r\n- Culturale e dell'intrattenimento\r\n- Ambientale e della sostenibilit\u00e0\r\n- Ricerca e sviluppo\r\n- Arti e Artigianato","prodotto_page_faq_list":null,"prodotto_page_testo_prodotti_correlati":"<h2>Produits connexes<\/h2>\r\nD\u00e9couvrez \u00e9galement ces produits et trouvez d'autres solutions pour votre activit\u00e9.","prodotto_page_lista_prodotti_correlati":"- C\r\n- CS\r\n- BM","prodotto_page_titolo_componenti_3d":"","prodotto_page_immagine_iniziale_componenti_3d":null,"prodotto_page_lista_componenti_3d":null,"prodotto_page_titolo_slider_configurazioni":"Produits et configurations","prodotto_page_lista_immgini_slider_configurazioni":[{"etichetta":"Vue avant","immagine":13110},{"etichetta":"Vue du haut","immagine":13117},{"etichetta":"Perspective","immagine":13103}],"prodotto_page_titolo_slider_configurazioni_2":"<h2><\/h2>","prodotto_page_lista_immgini_slider_configurazioni_2":null,"seo_title":"Potence sur colonne \u00e0 rotation manuelle, jusqu'\u00e0 2\u00a0000\u00a0kg | OMIS","seo_description":"La potence sur colonne avec bras \u00e0 \u00e2me pleine en saillie permet d'autonomiser un lieu de travail sans avoir recours \u00e0 un pont roulant ou \u00e0 un chariot \u00e9l\u00e9vateur et repr\u00e9sente la solution optimale lorsqu'il est n\u00e9cessaire d'utiliser au maximum l'espace disponible en hauteur, ce qui permet d'augmenter la course du crochet. En savoir plus"},"yoast_head":"<!-- This site is optimized with the Yoast SEO plugin v23.9 - https:\/\/yoast.com\/wordpress\/plugins\/seo\/ -->\n<title>Potence sur colonne \u00e0 rotation manuelle, jusqu&#039;\u00e0 2\u00a0000\u00a0kg | OMIS<\/title>\n<meta name=\"description\" content=\"La potence sur colonne avec bras \u00e0 \u00e2me pleine en saillie permet d&#039;autonomiser un lieu de travail sans avoir recours \u00e0 un pont roulant ou \u00e0 un chariot \u00e9l\u00e9vateur et repr\u00e9sente la solution optimale lorsqu&#039;il est n\u00e9cessaire d&#039;utiliser au maximum l&#039;espace disponible en hauteur, ce qui permet d&#039;augmenter la course du crochet. En savoir plus\" \/>\n<meta name=\"robots\" content=\"index, follow, max-snippet:-1, max-image-preview:large, max-video-preview:-1\" \/>\n<meta property=\"og:locale\" content=\"fr_FR\" \/>\n<meta property=\"og:type\" content=\"article\" \/>\n<meta property=\"og:title\" content=\"Potence sur colonne \u00e0 rotation manuelle, jusqu&#039;\u00e0 2\u00a0000\u00a0kg | OMIS\" \/>\n<meta property=\"og:description\" content=\"La potence sur colonne avec bras \u00e0 \u00e2me pleine en saillie permet d&#039;autonomiser un lieu de travail sans avoir recours \u00e0 un pont roulant ou \u00e0 un chariot \u00e9l\u00e9vateur et repr\u00e9sente la solution optimale lorsqu&#039;il est n\u00e9cessaire d&#039;utiliser au maximum l&#039;espace disponible en hauteur, ce qui permet d&#039;augmenter la course du crochet. En savoir plus\" \/>\n<meta property=\"og:url\" content=\"https:\/\/www.omis.net\/fr-fr\/produit\/potence-sur-colonne-avec-bras-a-ame-pleine-en-saillie\/\" \/>\n<meta property=\"og:site_name\" content=\"Omis Spa\" \/>\n<meta property=\"article:publisher\" content=\"https:\/\/www.facebook.com\/omisgroup\" \/>\n<meta property=\"article:modified_time\" content=\"2025-02-03T11:22:02+00:00\" \/>\n<meta property=\"og:image\" content=\"https:\/\/media.omis.net\/media\/2024\/12\/profile-CTjib-crane-ct-500kg-front-3d-omis-scaled.webp\" \/>\n\t<meta property=\"og:image:width\" content=\"2560\" \/>\n\t<meta property=\"og:image:height\" content=\"1440\" \/>\n\t<meta property=\"og:image:type\" content=\"image\/webp\" \/>\n<meta name=\"twitter:card\" content=\"summary_large_image\" \/>\n<meta name=\"twitter:label1\" content=\"Est. reading time\" \/>\n\t<meta name=\"twitter:data1\" content=\"1 minute\" \/>\n<script type=\"application\/ld+json\" class=\"yoast-schema-graph\">{\"@context\":\"https:\/\/schema.org\",\"@graph\":[{\"@type\":\"WebPage\",\"@id\":\"https:\/\/www.omis.net\/fr-fr\/produit\/potence-sur-colonne-avec-bras-a-ame-pleine-en-saillie\/\",\"url\":\"https:\/\/www.omis.net\/fr-fr\/produit\/potence-sur-colonne-avec-bras-a-ame-pleine-en-saillie\/\",\"name\":\"Potence sur colonne \u00e0 rotation manuelle, jusqu'\u00e0 2\u00a0000\u00a0kg | OMIS\",\"isPartOf\":{\"@id\":\"https:\/\/www.omis.net\/it-it\/#website\"},\"primaryImageOfPage\":{\"@id\":\"https:\/\/www.omis.net\/fr-fr\/produit\/potence-sur-colonne-avec-bras-a-ame-pleine-en-saillie\/#primaryimage\"},\"image\":{\"@id\":\"https:\/\/www.omis.net\/fr-fr\/produit\/potence-sur-colonne-avec-bras-a-ame-pleine-en-saillie\/#primaryimage\"},\"thumbnailUrl\":\"https:\/\/media.omis.net\/media\/2024\/12\/profile-CTjib-crane-ct-500kg-front-3d-omis-scaled.webp\",\"datePublished\":\"2024-12-18T09:54:57+00:00\",\"dateModified\":\"2025-02-03T11:22:02+00:00\",\"description\":\"La potence sur colonne avec bras \u00e0 \u00e2me pleine en saillie permet d'autonomiser un lieu de travail sans avoir recours \u00e0 un pont roulant ou \u00e0 un chariot \u00e9l\u00e9vateur et repr\u00e9sente la solution optimale lorsqu'il est n\u00e9cessaire d'utiliser au maximum l'espace disponible en hauteur, ce qui permet d'augmenter la course du crochet. En savoir plus\",\"breadcrumb\":{\"@id\":\"https:\/\/www.omis.net\/fr-fr\/produit\/potence-sur-colonne-avec-bras-a-ame-pleine-en-saillie\/#breadcrumb\"},\"inLanguage\":\"fr-fr\",\"potentialAction\":[{\"@type\":\"ReadAction\",\"target\":[\"https:\/\/www.omis.net\/fr-fr\/produit\/potence-sur-colonne-avec-bras-a-ame-pleine-en-saillie\/\"]}]},{\"@type\":\"ImageObject\",\"inLanguage\":\"fr-fr\",\"@id\":\"https:\/\/www.omis.net\/fr-fr\/produit\/potence-sur-colonne-avec-bras-a-ame-pleine-en-saillie\/#primaryimage\",\"url\":\"https:\/\/media.omis.net\/media\/2024\/12\/profile-CTjib-crane-ct-500kg-front-3d-omis-scaled.webp\",\"contentUrl\":\"https:\/\/media.omis.net\/media\/2024\/12\/profile-CTjib-crane-ct-500kg-front-3d-omis-scaled.webp\",\"width\":2560,\"height\":1440,\"caption\":\"header - Profile ctjib crane ct 500kg front 3d Omis\"},{\"@type\":\"BreadcrumbList\",\"@id\":\"https:\/\/www.omis.net\/fr-fr\/produit\/potence-sur-colonne-avec-bras-a-ame-pleine-en-saillie\/#breadcrumb\",\"itemListElement\":[{\"@type\":\"ListItem\",\"position\":1,\"name\":\"Home\",\"item\":\"https:\/\/www.omis.net\/fr-fr\/\"},{\"@type\":\"ListItem\",\"position\":2,\"name\":\"Potence sur colonne avec bras \u00e0 \u00e2me pleine en saillie\"}]},{\"@type\":\"WebSite\",\"@id\":\"https:\/\/www.omis.net\/it-it\/#website\",\"url\":\"https:\/\/www.omis.net\/it-it\/\",\"name\":\"Omis Spa\",\"description\":\"Movimentazione e sollevamento\",\"publisher\":{\"@id\":\"https:\/\/www.omis.net\/it-it\/#organization\"},\"potentialAction\":[{\"@type\":\"SearchAction\",\"target\":{\"@type\":\"EntryPoint\",\"urlTemplate\":\"https:\/\/www.omis.net\/it-it\/?s={search_term_string}\"},\"query-input\":{\"@type\":\"PropertyValueSpecification\",\"valueRequired\":true,\"valueName\":\"search_term_string\"}}],\"inLanguage\":\"fr-fr\"},{\"@type\":\"Organization\",\"@id\":\"https:\/\/www.omis.net\/it-it\/#organization\",\"name\":\"Omis Spa\",\"url\":\"https:\/\/www.omis.net\/it-it\/\",\"logo\":{\"@type\":\"ImageObject\",\"inLanguage\":\"fr-fr\",\"@id\":\"https:\/\/www.omis.net\/it-it\/#\/schema\/logo\/image\/\",\"url\":\"https:\/\/media.omis.net\/media\/2024\/08\/logo.jpg\",\"contentUrl\":\"https:\/\/media.omis.net\/media\/2024\/08\/logo.jpg\",\"width\":300,\"height\":300,\"caption\":\"Omis Spa\"},\"image\":{\"@id\":\"https:\/\/www.omis.net\/it-it\/#\/schema\/logo\/image\/\"},\"sameAs\":[\"https:\/\/www.facebook.com\/omisgroup\",\"https:\/\/www.linkedin.com\/company\/omis-group\",\"https:\/\/www.youtube.com\/channel\/UCS4L59XDk3kKBI9MnjuxWDw\",\"https:\/\/www.instagram.com\/omisgroup\"]}]}<\/script>\n<!-- \/ Yoast SEO plugin. -->","yoast_head_json":{"title":"Potence sur colonne \u00e0 rotation manuelle, jusqu'\u00e0 2\u00a0000\u00a0kg | OMIS","description":"La potence sur colonne avec bras \u00e0 \u00e2me pleine en saillie permet d'autonomiser un lieu de travail sans avoir recours \u00e0 un pont roulant ou \u00e0 un chariot \u00e9l\u00e9vateur et repr\u00e9sente la solution optimale lorsqu'il est n\u00e9cessaire d'utiliser au maximum l'espace disponible en hauteur, ce qui permet d'augmenter la course du crochet. En savoir plus","robots":{"index":"index","follow":"follow","max-snippet":"max-snippet:-1","max-image-preview":"max-image-preview:large","max-video-preview":"max-video-preview:-1"},"og_locale":"fr_FR","og_type":"article","og_title":"Potence sur colonne \u00e0 rotation manuelle, jusqu'\u00e0 2\u00a0000\u00a0kg | OMIS","og_description":"La potence sur colonne avec bras \u00e0 \u00e2me pleine en saillie permet d'autonomiser un lieu de travail sans avoir recours \u00e0 un pont roulant ou \u00e0 un chariot \u00e9l\u00e9vateur et repr\u00e9sente la solution optimale lorsqu'il est n\u00e9cessaire d'utiliser au maximum l'espace disponible en hauteur, ce qui permet d'augmenter la course du crochet. En savoir plus","og_url":"https:\/\/www.omis.net\/fr-fr\/produit\/potence-sur-colonne-avec-bras-a-ame-pleine-en-saillie\/","og_site_name":"Omis Spa","article_publisher":"https:\/\/www.facebook.com\/omisgroup","article_modified_time":"2025-02-03T11:22:02+00:00","og_image":[{"width":2560,"height":1440,"url":"https:\/\/media.omis.net\/media\/2024\/12\/profile-CTjib-crane-ct-500kg-front-3d-omis-scaled.webp","type":"image\/webp"}],"twitter_card":"summary_large_image","twitter_misc":{"Est. reading time":"1 minute"},"schema":{"@context":"https:\/\/schema.org","@graph":[{"@type":"WebPage","@id":"https:\/\/www.omis.net\/fr-fr\/produit\/potence-sur-colonne-avec-bras-a-ame-pleine-en-saillie\/","url":"https:\/\/www.omis.net\/fr-fr\/produit\/potence-sur-colonne-avec-bras-a-ame-pleine-en-saillie\/","name":"Potence sur colonne \u00e0 rotation manuelle, jusqu'\u00e0 2\u00a0000\u00a0kg | OMIS","isPartOf":{"@id":"https:\/\/www.omis.net\/it-it\/#website"},"primaryImageOfPage":{"@id":"https:\/\/www.omis.net\/fr-fr\/produit\/potence-sur-colonne-avec-bras-a-ame-pleine-en-saillie\/#primaryimage"},"image":{"@id":"https:\/\/www.omis.net\/fr-fr\/produit\/potence-sur-colonne-avec-bras-a-ame-pleine-en-saillie\/#primaryimage"},"thumbnailUrl":"https:\/\/media.omis.net\/media\/2024\/12\/profile-CTjib-crane-ct-500kg-front-3d-omis-scaled.webp","datePublished":"2024-12-18T09:54:57+00:00","dateModified":"2025-02-03T11:22:02+00:00","description":"La potence sur colonne avec bras \u00e0 \u00e2me pleine en saillie permet d'autonomiser un lieu de travail sans avoir recours \u00e0 un pont roulant ou \u00e0 un chariot \u00e9l\u00e9vateur et repr\u00e9sente la solution optimale lorsqu'il est n\u00e9cessaire d'utiliser au maximum l'espace disponible en hauteur, ce qui permet d'augmenter la course du crochet. En savoir plus","breadcrumb":{"@id":"https:\/\/www.omis.net\/fr-fr\/produit\/potence-sur-colonne-avec-bras-a-ame-pleine-en-saillie\/#breadcrumb"},"inLanguage":"fr-fr","potentialAction":[{"@type":"ReadAction","target":["https:\/\/www.omis.net\/fr-fr\/produit\/potence-sur-colonne-avec-bras-a-ame-pleine-en-saillie\/"]}]},{"@type":"ImageObject","inLanguage":"fr-fr","@id":"https:\/\/www.omis.net\/fr-fr\/produit\/potence-sur-colonne-avec-bras-a-ame-pleine-en-saillie\/#primaryimage","url":"https:\/\/media.omis.net\/media\/2024\/12\/profile-CTjib-crane-ct-500kg-front-3d-omis-scaled.webp","contentUrl":"https:\/\/media.omis.net\/media\/2024\/12\/profile-CTjib-crane-ct-500kg-front-3d-omis-scaled.webp","width":2560,"height":1440,"caption":"header - Profile ctjib crane ct 500kg front 3d Omis"},{"@type":"BreadcrumbList","@id":"https:\/\/www.omis.net\/fr-fr\/produit\/potence-sur-colonne-avec-bras-a-ame-pleine-en-saillie\/#breadcrumb","itemListElement":[{"@type":"ListItem","position":1,"name":"Home","item":"https:\/\/www.omis.net\/fr-fr\/"},{"@type":"ListItem","position":2,"name":"Potence sur colonne avec bras \u00e0 \u00e2me pleine en saillie"}]},{"@type":"WebSite","@id":"https:\/\/www.omis.net\/it-it\/#website","url":"https:\/\/www.omis.net\/it-it\/","name":"Omis Spa","description":"Movimentazione e sollevamento","publisher":{"@id":"https:\/\/www.omis.net\/it-it\/#organization"},"potentialAction":[{"@type":"SearchAction","target":{"@type":"EntryPoint","urlTemplate":"https:\/\/www.omis.net\/it-it\/?s={search_term_string}"},"query-input":{"@type":"PropertyValueSpecification","valueRequired":true,"valueName":"search_term_string"}}],"inLanguage":"fr-fr"},{"@type":"Organization","@id":"https:\/\/www.omis.net\/it-it\/#organization","name":"Omis Spa","url":"https:\/\/www.omis.net\/it-it\/","logo":{"@type":"ImageObject","inLanguage":"fr-fr","@id":"https:\/\/www.omis.net\/it-it\/#\/schema\/logo\/image\/","url":"https:\/\/media.omis.net\/media\/2024\/08\/logo.jpg","contentUrl":"https:\/\/media.omis.net\/media\/2024\/08\/logo.jpg","width":300,"height":300,"caption":"Omis Spa"},"image":{"@id":"https:\/\/www.omis.net\/it-it\/#\/schema\/logo\/image\/"},"sameAs":["https:\/\/www.facebook.com\/omisgroup","https:\/\/www.linkedin.com\/company\/omis-group","https:\/\/www.youtube.com\/channel\/UCS4L59XDk3kKBI9MnjuxWDw","https:\/\/www.instagram.com\/omisgroup"]}]}},"_links":{"self":[{"href":"https:\/\/www.omis.net\/fr-fr\/wp-json\/wp\/v2\/product\/7295"}],"collection":[{"href":"https:\/\/www.omis.net\/fr-fr\/wp-json\/wp\/v2\/product"}],"about":[{"href":"https:\/\/www.omis.net\/fr-fr\/wp-json\/wp\/v2\/types\/product"}],"acf:attachment":[{"embeddable":true,"href":"https:\/\/www.omis.net\/fr-fr\/wp-json\/wp\/v2\/media\/13061"},{"embeddable":true,"href":"https:\/\/www.omis.net\/fr-fr\/wp-json\/wp\/v2\/media\/13089"},{"embeddable":true,"href":"https:\/\/www.omis.net\/fr-fr\/wp-json\/wp\/v2\/media\/13082"},{"embeddable":true,"href":"https:\/\/www.omis.net\/fr-fr\/wp-json\/wp\/v2\/media\/13068"},{"embeddable":true,"href":"https:\/\/www.omis.net\/fr-fr\/wp-json\/wp\/v2\/media\/13054"},{"embeddable":true,"href":"https:\/\/www.omis.net\/fr-fr\/wp-json\/wp\/v2\/media\/13075"},{"embeddable":true,"href":"https:\/\/www.omis.net\/fr-fr\/wp-json\/wp\/v2\/media\/13096"}],"wp:featuredmedia":[{"embeddable":true,"href":"https:\/\/www.omis.net\/fr-fr\/wp-json\/wp\/v2\/media\/13124"}],"wp:attachment":[{"href":"https:\/\/www.omis.net\/fr-fr\/wp-json\/wp\/v2\/media?parent=7295"}],"wp:term":[{"taxonomy":"caratteristica-prodotto","embeddable":true,"href":"https:\/\/www.omis.net\/fr-fr\/wp-json\/wp\/v2\/caratteristica-prodotto?post=7295"},{"taxonomy":"tipologia-prodotto","embeddable":true,"href":"https:\/\/www.omis.net\/fr-fr\/wp-json\/wp\/v2\/tipologia-prodotto?post=7295"}],"curies":[{"name":"wp","href":"https:\/\/api.w.org\/{rel}","templated":true}]}}