{"id":7233,"date":"2024-03-22T14:13:20","date_gmt":"2024-03-22T13:13:20","guid":{"rendered":"http:\/\/bedrock.local\/produits\/"},"modified":"2024-03-22T14:13:20","modified_gmt":"2024-03-22T13:13:20","slug":"produits","status":"publish","type":"page","link":"https:\/\/www.omis.net\/fr-fr\/produits\/","title":{"rendered":"Produits"},"content":{"rendered":"","protected":false},"excerpt":{"rendered":"","protected":false},"author":2,"featured_media":0,"parent":0,"menu_order":0,"comment_status":"closed","ping_status":"closed","template":"templates\/template-prodotti.php","meta":{"_acf_changed":false,"footnotes":""},"class_list":["post-7233","page","type-page","status-publish","hentry"],"acf":{"seo_title":"Ponts, grues, palans, palonniers : tout pour le levage | OMIS","seo_description":"Grues, palans, ponts roulants puissants, performants, s\u00fbrs, fiables et polyvalents, pour une multitude d'applications. Avec une qualit\u00e9 optimale, des solutions configurables et avec de nombreuses caract\u00e9ristiques de fonctionnement. Pour l'industrie manufacturi\u00e8re, sid\u00e9rurgique et papeti\u00e8re, la collecte des d\u00e9chets et la logistique. En savoir plus   En savoir plus"},"yoast_head":"<!-- This site is optimized with the Yoast SEO plugin v23.9 - https:\/\/yoast.com\/wordpress\/plugins\/seo\/ -->\n<title>Ponts, grues, palans, palonniers : tout pour le levage | OMIS<\/title>\n<meta name=\"description\" content=\"Grues, palans, ponts roulants puissants, performants, s\u00fbrs, fiables et polyvalents, pour une multitude d&#039;applications. Avec une qualit\u00e9 optimale, des solutions configurables et avec de nombreuses caract\u00e9ristiques de fonctionnement. Pour l&#039;industrie manufacturi\u00e8re, sid\u00e9rurgique et papeti\u00e8re, la collecte des d\u00e9chets et la logistique. En savoir plus  En savoir plus\" \/>\n<meta name=\"robots\" content=\"index, follow, max-snippet:-1, max-image-preview:large, max-video-preview:-1\" \/>\n<meta property=\"og:locale\" content=\"fr_FR\" \/>\n<meta property=\"og:type\" content=\"article\" \/>\n<meta property=\"og:title\" content=\"Ponts, grues, palans, palonniers : tout pour le levage | OMIS\" \/>\n<meta property=\"og:description\" content=\"Grues, palans, ponts roulants puissants, performants, s\u00fbrs, fiables et polyvalents, pour une multitude d&#039;applications. Avec une qualit\u00e9 optimale, des solutions configurables et avec de nombreuses caract\u00e9ristiques de fonctionnement. Pour l&#039;industrie manufacturi\u00e8re, sid\u00e9rurgique et papeti\u00e8re, la collecte des d\u00e9chets et la logistique. En savoir plus  En savoir plus\" \/>\n<meta property=\"og:url\" content=\"https:\/\/www.omis.net\/fr-fr\/produits\/\" \/>\n<meta property=\"og:site_name\" content=\"Omis Spa\" \/>\n<meta property=\"article:publisher\" content=\"https:\/\/www.facebook.com\/omisgroup\" \/>\n<meta name=\"twitter:card\" content=\"summary_large_image\" \/>\n<script type=\"application\/ld+json\" class=\"yoast-schema-graph\">{\"@context\":\"https:\/\/schema.org\",\"@graph\":[{\"@type\":\"WebPage\",\"@id\":\"https:\/\/www.omis.net\/fr-fr\/produits\/\",\"url\":\"https:\/\/www.omis.net\/fr-fr\/produits\/\",\"name\":\"Ponts, grues, palans, palonniers : tout pour le levage | OMIS\",\"isPartOf\":{\"@id\":\"https:\/\/www.omis.net\/it-it\/#website\"},\"datePublished\":\"2024-03-22T13:13:20+00:00\",\"dateModified\":\"2024-03-22T13:13:20+00:00\",\"description\":\"Grues, palans, ponts roulants puissants, performants, s\u00fbrs, fiables et polyvalents, pour une multitude d'applications. Avec une qualit\u00e9 optimale, des solutions configurables et avec de nombreuses caract\u00e9ristiques de fonctionnement. Pour l'industrie manufacturi\u00e8re, sid\u00e9rurgique et papeti\u00e8re, la collecte des d\u00e9chets et la logistique. En savoir plus En savoir plus\",\"breadcrumb\":{\"@id\":\"https:\/\/www.omis.net\/fr-fr\/produits\/#breadcrumb\"},\"inLanguage\":\"fr-fr\",\"potentialAction\":[{\"@type\":\"ReadAction\",\"target\":[\"https:\/\/www.omis.net\/fr-fr\/produits\/\"]}]},{\"@type\":\"BreadcrumbList\",\"@id\":\"https:\/\/www.omis.net\/fr-fr\/produits\/#breadcrumb\",\"itemListElement\":[{\"@type\":\"ListItem\",\"position\":1,\"name\":\"Home\",\"item\":\"https:\/\/www.omis.net\/fr-fr\/\"},{\"@type\":\"ListItem\",\"position\":2,\"name\":\"Produits\"}]},{\"@type\":\"WebSite\",\"@id\":\"https:\/\/www.omis.net\/it-it\/#website\",\"url\":\"https:\/\/www.omis.net\/it-it\/\",\"name\":\"Omis Spa\",\"description\":\"Movimentazione e sollevamento\",\"publisher\":{\"@id\":\"https:\/\/www.omis.net\/it-it\/#organization\"},\"potentialAction\":[{\"@type\":\"SearchAction\",\"target\":{\"@type\":\"EntryPoint\",\"urlTemplate\":\"https:\/\/www.omis.net\/it-it\/?s={search_term_string}\"},\"query-input\":{\"@type\":\"PropertyValueSpecification\",\"valueRequired\":true,\"valueName\":\"search_term_string\"}}],\"inLanguage\":\"fr-fr\"},{\"@type\":\"Organization\",\"@id\":\"https:\/\/www.omis.net\/it-it\/#organization\",\"name\":\"Omis Spa\",\"url\":\"https:\/\/www.omis.net\/it-it\/\",\"logo\":{\"@type\":\"ImageObject\",\"inLanguage\":\"fr-fr\",\"@id\":\"https:\/\/www.omis.net\/it-it\/#\/schema\/logo\/image\/\",\"url\":\"https:\/\/media.omis.net\/media\/2024\/08\/logo.jpg\",\"contentUrl\":\"https:\/\/media.omis.net\/media\/2024\/08\/logo.jpg\",\"width\":300,\"height\":300,\"caption\":\"Omis Spa\"},\"image\":{\"@id\":\"https:\/\/www.omis.net\/it-it\/#\/schema\/logo\/image\/\"},\"sameAs\":[\"https:\/\/www.facebook.com\/omisgroup\",\"https:\/\/www.linkedin.com\/company\/omis-group\",\"https:\/\/www.youtube.com\/channel\/UCS4L59XDk3kKBI9MnjuxWDw\",\"https:\/\/www.instagram.com\/omisgroup\"]}]}<\/script>\n<!-- \/ Yoast SEO plugin. -->","yoast_head_json":{"title":"Ponts, grues, palans, palonniers : tout pour le levage | OMIS","description":"Grues, palans, ponts roulants puissants, performants, s\u00fbrs, fiables et polyvalents, pour une multitude d'applications. Avec une qualit\u00e9 optimale, des solutions configurables et avec de nombreuses caract\u00e9ristiques de fonctionnement. Pour l'industrie manufacturi\u00e8re, sid\u00e9rurgique et papeti\u00e8re, la collecte des d\u00e9chets et la logistique. En savoir plus  En savoir plus","robots":{"index":"index","follow":"follow","max-snippet":"max-snippet:-1","max-image-preview":"max-image-preview:large","max-video-preview":"max-video-preview:-1"},"og_locale":"fr_FR","og_type":"article","og_title":"Ponts, grues, palans, palonniers : tout pour le levage | OMIS","og_description":"Grues, palans, ponts roulants puissants, performants, s\u00fbrs, fiables et polyvalents, pour une multitude d'applications. Avec une qualit\u00e9 optimale, des solutions configurables et avec de nombreuses caract\u00e9ristiques de fonctionnement. Pour l'industrie manufacturi\u00e8re, sid\u00e9rurgique et papeti\u00e8re, la collecte des d\u00e9chets et la logistique. En savoir plus  En savoir plus","og_url":"https:\/\/www.omis.net\/fr-fr\/produits\/","og_site_name":"Omis Spa","article_publisher":"https:\/\/www.facebook.com\/omisgroup","twitter_card":"summary_large_image","schema":{"@context":"https:\/\/schema.org","@graph":[{"@type":"WebPage","@id":"https:\/\/www.omis.net\/fr-fr\/produits\/","url":"https:\/\/www.omis.net\/fr-fr\/produits\/","name":"Ponts, grues, palans, palonniers : tout pour le levage | OMIS","isPartOf":{"@id":"https:\/\/www.omis.net\/it-it\/#website"},"datePublished":"2024-03-22T13:13:20+00:00","dateModified":"2024-03-22T13:13:20+00:00","description":"Grues, palans, ponts roulants puissants, performants, s\u00fbrs, fiables et polyvalents, pour une multitude d'applications. Avec une qualit\u00e9 optimale, des solutions configurables et avec de nombreuses caract\u00e9ristiques de fonctionnement. Pour l'industrie manufacturi\u00e8re, sid\u00e9rurgique et papeti\u00e8re, la collecte des d\u00e9chets et la logistique. En savoir plus En savoir plus","breadcrumb":{"@id":"https:\/\/www.omis.net\/fr-fr\/produits\/#breadcrumb"},"inLanguage":"fr-fr","potentialAction":[{"@type":"ReadAction","target":["https:\/\/www.omis.net\/fr-fr\/produits\/"]}]},{"@type":"BreadcrumbList","@id":"https:\/\/www.omis.net\/fr-fr\/produits\/#breadcrumb","itemListElement":[{"@type":"ListItem","position":1,"name":"Home","item":"https:\/\/www.omis.net\/fr-fr\/"},{"@type":"ListItem","position":2,"name":"Produits"}]},{"@type":"WebSite","@id":"https:\/\/www.omis.net\/it-it\/#website","url":"https:\/\/www.omis.net\/it-it\/","name":"Omis Spa","description":"Movimentazione e sollevamento","publisher":{"@id":"https:\/\/www.omis.net\/it-it\/#organization"},"potentialAction":[{"@type":"SearchAction","target":{"@type":"EntryPoint","urlTemplate":"https:\/\/www.omis.net\/it-it\/?s={search_term_string}"},"query-input":{"@type":"PropertyValueSpecification","valueRequired":true,"valueName":"search_term_string"}}],"inLanguage":"fr-fr"},{"@type":"Organization","@id":"https:\/\/www.omis.net\/it-it\/#organization","name":"Omis Spa","url":"https:\/\/www.omis.net\/it-it\/","logo":{"@type":"ImageObject","inLanguage":"fr-fr","@id":"https:\/\/www.omis.net\/it-it\/#\/schema\/logo\/image\/","url":"https:\/\/media.omis.net\/media\/2024\/08\/logo.jpg","contentUrl":"https:\/\/media.omis.net\/media\/2024\/08\/logo.jpg","width":300,"height":300,"caption":"Omis Spa"},"image":{"@id":"https:\/\/www.omis.net\/it-it\/#\/schema\/logo\/image\/"},"sameAs":["https:\/\/www.facebook.com\/omisgroup","https:\/\/www.linkedin.com\/company\/omis-group","https:\/\/www.youtube.com\/channel\/UCS4L59XDk3kKBI9MnjuxWDw","https:\/\/www.instagram.com\/omisgroup"]}]}},"_links":{"self":[{"href":"https:\/\/www.omis.net\/fr-fr\/wp-json\/wp\/v2\/pages\/7233"}],"collection":[{"href":"https:\/\/www.omis.net\/fr-fr\/wp-json\/wp\/v2\/pages"}],"about":[{"href":"https:\/\/www.omis.net\/fr-fr\/wp-json\/wp\/v2\/types\/page"}],"author":[{"embeddable":true,"href":"https:\/\/www.omis.net\/fr-fr\/wp-json\/wp\/v2\/users\/2"}],"replies":[{"embeddable":true,"href":"https:\/\/www.omis.net\/fr-fr\/wp-json\/wp\/v2\/comments?post=7233"}],"version-history":[{"count":0,"href":"https:\/\/www.omis.net\/fr-fr\/wp-json\/wp\/v2\/pages\/7233\/revisions"}],"wp:attachment":[{"href":"https:\/\/www.omis.net\/fr-fr\/wp-json\/wp\/v2\/media?parent=7233"}],"curies":[{"name":"wp","href":"https:\/\/api.w.org\/{rel}","templated":true}]}}