{"id":7193,"date":"2024-03-25T09:35:05","date_gmt":"2024-03-25T08:35:05","guid":{"rendered":"http:\/\/bedrock.local\/accueil\/"},"modified":"2026-02-11T13:31:59","modified_gmt":"2026-02-11T12:31:59","slug":"accueil","status":"publish","type":"page","link":"https:\/\/www.omis.net\/fr-fr\/","title":{"rendered":"Accueil"},"content":{"rendered":"","protected":false},"excerpt":{"rendered":"","protected":false},"author":2,"featured_media":0,"parent":0,"menu_order":0,"comment_status":"closed","ping_status":"closed","template":"","meta":{"_acf_changed":false,"footnotes":""},"class_list":["post-7193","page","type-page","status-publish","hentry"],"acf":{"seo_title":"Nous soulevons tout, avec grues, ponts roulants et palans | OMIS","seo_description":"Chez OMIS, nous optimisons les processus pour am\u00e9liorer les produits et r\u00e9duire le gaspillage, selon la philosophie Lean Production. Nous investissons dans le soudage robotis\u00e9 et les machines CNC, en int\u00e9grant l'exp\u00e9rience de notre \u00e9quipe aux innovations. Nous sommes un partenaire fiable qui s'engage en faveur de l'environnement et de la qualit\u00e9.  "},"yoast_head":"<!-- This site is optimized with the Yoast SEO plugin v23.9 - https:\/\/yoast.com\/wordpress\/plugins\/seo\/ -->\n<title>Nous soulevons tout, avec grues, ponts roulants et palans | OMIS<\/title>\n<meta name=\"description\" content=\"Chez OMIS, nous optimisons les processus pour am\u00e9liorer les produits et r\u00e9duire le gaspillage, selon la philosophie Lean Production. Nous investissons dans le soudage robotis\u00e9 et les machines CNC, en int\u00e9grant l&#039;exp\u00e9rience de notre \u00e9quipe aux innovations. Nous sommes un partenaire fiable qui s&#039;engage en faveur de l&#039;environnement et de la qualit\u00e9.\" \/>\n<meta name=\"robots\" content=\"index, follow, max-snippet:-1, max-image-preview:large, max-video-preview:-1\" \/>\n<meta property=\"og:locale\" content=\"fr_FR\" \/>\n<meta property=\"og:type\" content=\"article\" \/>\n<meta property=\"og:title\" content=\"Nous soulevons tout, avec grues, ponts roulants et palans | OMIS\" \/>\n<meta property=\"og:description\" content=\"Chez OMIS, nous optimisons les processus pour am\u00e9liorer les produits et r\u00e9duire le gaspillage, selon la philosophie Lean Production. Nous investissons dans le soudage robotis\u00e9 et les machines CNC, en int\u00e9grant l&#039;exp\u00e9rience de notre \u00e9quipe aux innovations. Nous sommes un partenaire fiable qui s&#039;engage en faveur de l&#039;environnement et de la qualit\u00e9.\" \/>\n<meta property=\"og:url\" content=\"https:\/\/www.omis.net\/fr-fr\/\" \/>\n<meta property=\"og:site_name\" content=\"Omis Spa\" \/>\n<meta property=\"article:publisher\" content=\"https:\/\/www.facebook.com\/omisgroup\" \/>\n<meta property=\"article:modified_time\" content=\"2026-02-11T12:31:59+00:00\" \/>\n<meta name=\"twitter:card\" content=\"summary_large_image\" \/>\n<script type=\"application\/ld+json\" class=\"yoast-schema-graph\">{\"@context\":\"https:\/\/schema.org\",\"@graph\":[{\"@type\":\"WebPage\",\"@id\":\"https:\/\/www.omis.net\/fr-fr\/\",\"url\":\"https:\/\/www.omis.net\/fr-fr\/\",\"name\":\"Nous soulevons tout, avec grues, ponts roulants et palans | OMIS\",\"isPartOf\":{\"@id\":\"https:\/\/www.omis.net\/it-it\/#website\"},\"datePublished\":\"2024-03-25T08:35:05+00:00\",\"dateModified\":\"2026-02-11T12:31:59+00:00\",\"description\":\"Chez OMIS, nous optimisons les processus pour am\u00e9liorer les produits et r\u00e9duire le gaspillage, selon la philosophie Lean Production. Nous investissons dans le soudage robotis\u00e9 et les machines CNC, en int\u00e9grant l'exp\u00e9rience de notre \u00e9quipe aux innovations. Nous sommes un partenaire fiable qui s'engage en faveur de l'environnement et de la qualit\u00e9.\",\"breadcrumb\":{\"@id\":\"https:\/\/www.omis.net\/fr-fr\/#breadcrumb\"},\"inLanguage\":\"fr-fr\",\"potentialAction\":[{\"@type\":\"ReadAction\",\"target\":[\"https:\/\/www.omis.net\/fr-fr\/\"]}]},{\"@type\":\"BreadcrumbList\",\"@id\":\"https:\/\/www.omis.net\/fr-fr\/#breadcrumb\",\"itemListElement\":[{\"@type\":\"ListItem\",\"position\":1,\"name\":\"Home\",\"item\":\"https:\/\/www.omis.net\/fr-fr\/\"},{\"@type\":\"ListItem\",\"position\":2,\"name\":\"Accueil\"}]},{\"@type\":\"WebSite\",\"@id\":\"https:\/\/www.omis.net\/it-it\/#website\",\"url\":\"https:\/\/www.omis.net\/it-it\/\",\"name\":\"Omis Spa\",\"description\":\"Movimentazione e sollevamento\",\"publisher\":{\"@id\":\"https:\/\/www.omis.net\/it-it\/#organization\"},\"potentialAction\":[{\"@type\":\"SearchAction\",\"target\":{\"@type\":\"EntryPoint\",\"urlTemplate\":\"https:\/\/www.omis.net\/it-it\/?s={search_term_string}\"},\"query-input\":{\"@type\":\"PropertyValueSpecification\",\"valueRequired\":true,\"valueName\":\"search_term_string\"}}],\"inLanguage\":\"fr-fr\"},{\"@type\":\"Organization\",\"@id\":\"https:\/\/www.omis.net\/it-it\/#organization\",\"name\":\"Omis Spa\",\"url\":\"https:\/\/www.omis.net\/it-it\/\",\"logo\":{\"@type\":\"ImageObject\",\"inLanguage\":\"fr-fr\",\"@id\":\"https:\/\/www.omis.net\/it-it\/#\/schema\/logo\/image\/\",\"url\":\"https:\/\/media.omis.net\/media\/2024\/08\/logo.jpg\",\"contentUrl\":\"https:\/\/media.omis.net\/media\/2024\/08\/logo.jpg\",\"width\":300,\"height\":300,\"caption\":\"Omis Spa\"},\"image\":{\"@id\":\"https:\/\/www.omis.net\/it-it\/#\/schema\/logo\/image\/\"},\"sameAs\":[\"https:\/\/www.facebook.com\/omisgroup\",\"https:\/\/www.linkedin.com\/company\/omis-group\",\"https:\/\/www.youtube.com\/channel\/UCS4L59XDk3kKBI9MnjuxWDw\",\"https:\/\/www.instagram.com\/omisgroup\"]}]}<\/script>\n<!-- \/ Yoast SEO plugin. -->","yoast_head_json":{"title":"Nous soulevons tout, avec grues, ponts roulants et palans | OMIS","description":"Chez OMIS, nous optimisons les processus pour am\u00e9liorer les produits et r\u00e9duire le gaspillage, selon la philosophie Lean Production. Nous investissons dans le soudage robotis\u00e9 et les machines CNC, en int\u00e9grant l'exp\u00e9rience de notre \u00e9quipe aux innovations. Nous sommes un partenaire fiable qui s'engage en faveur de l'environnement et de la qualit\u00e9.","robots":{"index":"index","follow":"follow","max-snippet":"max-snippet:-1","max-image-preview":"max-image-preview:large","max-video-preview":"max-video-preview:-1"},"og_locale":"fr_FR","og_type":"article","og_title":"Nous soulevons tout, avec grues, ponts roulants et palans | OMIS","og_description":"Chez OMIS, nous optimisons les processus pour am\u00e9liorer les produits et r\u00e9duire le gaspillage, selon la philosophie Lean Production. Nous investissons dans le soudage robotis\u00e9 et les machines CNC, en int\u00e9grant l'exp\u00e9rience de notre \u00e9quipe aux innovations. Nous sommes un partenaire fiable qui s'engage en faveur de l'environnement et de la qualit\u00e9.","og_url":"https:\/\/www.omis.net\/fr-fr\/","og_site_name":"Omis Spa","article_publisher":"https:\/\/www.facebook.com\/omisgroup","article_modified_time":"2026-02-11T12:31:59+00:00","twitter_card":"summary_large_image","schema":{"@context":"https:\/\/schema.org","@graph":[{"@type":"WebPage","@id":"https:\/\/www.omis.net\/fr-fr\/","url":"https:\/\/www.omis.net\/fr-fr\/","name":"Nous soulevons tout, avec grues, ponts roulants et palans | OMIS","isPartOf":{"@id":"https:\/\/www.omis.net\/it-it\/#website"},"datePublished":"2024-03-25T08:35:05+00:00","dateModified":"2026-02-11T12:31:59+00:00","description":"Chez OMIS, nous optimisons les processus pour am\u00e9liorer les produits et r\u00e9duire le gaspillage, selon la philosophie Lean Production. Nous investissons dans le soudage robotis\u00e9 et les machines CNC, en int\u00e9grant l'exp\u00e9rience de notre \u00e9quipe aux innovations. Nous sommes un partenaire fiable qui s'engage en faveur de l'environnement et de la qualit\u00e9.","breadcrumb":{"@id":"https:\/\/www.omis.net\/fr-fr\/#breadcrumb"},"inLanguage":"fr-fr","potentialAction":[{"@type":"ReadAction","target":["https:\/\/www.omis.net\/fr-fr\/"]}]},{"@type":"BreadcrumbList","@id":"https:\/\/www.omis.net\/fr-fr\/#breadcrumb","itemListElement":[{"@type":"ListItem","position":1,"name":"Home","item":"https:\/\/www.omis.net\/fr-fr\/"},{"@type":"ListItem","position":2,"name":"Accueil"}]},{"@type":"WebSite","@id":"https:\/\/www.omis.net\/it-it\/#website","url":"https:\/\/www.omis.net\/it-it\/","name":"Omis Spa","description":"Movimentazione e sollevamento","publisher":{"@id":"https:\/\/www.omis.net\/it-it\/#organization"},"potentialAction":[{"@type":"SearchAction","target":{"@type":"EntryPoint","urlTemplate":"https:\/\/www.omis.net\/it-it\/?s={search_term_string}"},"query-input":{"@type":"PropertyValueSpecification","valueRequired":true,"valueName":"search_term_string"}}],"inLanguage":"fr-fr"},{"@type":"Organization","@id":"https:\/\/www.omis.net\/it-it\/#organization","name":"Omis Spa","url":"https:\/\/www.omis.net\/it-it\/","logo":{"@type":"ImageObject","inLanguage":"fr-fr","@id":"https:\/\/www.omis.net\/it-it\/#\/schema\/logo\/image\/","url":"https:\/\/media.omis.net\/media\/2024\/08\/logo.jpg","contentUrl":"https:\/\/media.omis.net\/media\/2024\/08\/logo.jpg","width":300,"height":300,"caption":"Omis Spa"},"image":{"@id":"https:\/\/www.omis.net\/it-it\/#\/schema\/logo\/image\/"},"sameAs":["https:\/\/www.facebook.com\/omisgroup","https:\/\/www.linkedin.com\/company\/omis-group","https:\/\/www.youtube.com\/channel\/UCS4L59XDk3kKBI9MnjuxWDw","https:\/\/www.instagram.com\/omisgroup"]}]}},"_links":{"self":[{"href":"https:\/\/www.omis.net\/fr-fr\/wp-json\/wp\/v2\/pages\/7193"}],"collection":[{"href":"https:\/\/www.omis.net\/fr-fr\/wp-json\/wp\/v2\/pages"}],"about":[{"href":"https:\/\/www.omis.net\/fr-fr\/wp-json\/wp\/v2\/types\/page"}],"author":[{"embeddable":true,"href":"https:\/\/www.omis.net\/fr-fr\/wp-json\/wp\/v2\/users\/2"}],"replies":[{"embeddable":true,"href":"https:\/\/www.omis.net\/fr-fr\/wp-json\/wp\/v2\/comments?post=7193"}],"version-history":[{"count":6,"href":"https:\/\/www.omis.net\/fr-fr\/wp-json\/wp\/v2\/pages\/7193\/revisions"}],"predecessor-version":[{"id":20241,"href":"https:\/\/www.omis.net\/fr-fr\/wp-json\/wp\/v2\/pages\/7193\/revisions\/20241"}],"wp:attachment":[{"href":"https:\/\/www.omis.net\/fr-fr\/wp-json\/wp\/v2\/media?parent=7193"}],"curies":[{"name":"wp","href":"https:\/\/api.w.org\/{rel}","templated":true}]}}