{"id":6786,"date":"2024-03-22T14:13:55","date_gmt":"2024-03-22T13:13:55","guid":{"rendered":"http:\/\/bedrock.local\/configurateur\/"},"modified":"2025-04-02T15:59:08","modified_gmt":"2025-04-02T13:59:08","slug":"configurateur","status":"publish","type":"page","link":"https:\/\/www.omis.net\/fr-fr\/configurateur\/","title":{"rendered":"Configurateur"},"content":{"rendered":"","protected":false},"excerpt":{"rendered":"","protected":false},"author":2,"featured_media":0,"parent":0,"menu_order":0,"comment_status":"closed","ping_status":"closed","template":"templates\/template-configuratore.php","meta":{"_acf_changed":false,"footnotes":""},"class_list":["post-6786","page","type-page","status-publish","hentry"],"acf":{"seo_title":"Configurez la solution \u00e0 vos exigences de manutention | OMIS","seo_description":"La gamme OMIS est vaste et personnalisable. Nous sommes \u00e0 disposition pour vous aider \u00e0 concevoir le pont roulant, le palan ou le composant qui satisfait vos exigences. Utilisez notre outil en ligne : suivez les indications et configurez votre solution id\u00e9ale en choisissant les caract\u00e9ristiques ad\u00e9quates.  "},"yoast_head":"<!-- This site is optimized with the Yoast SEO plugin v23.9 - https:\/\/yoast.com\/wordpress\/plugins\/seo\/ -->\n<title>Configurez la solution \u00e0 vos exigences de manutention | OMIS<\/title>\n<meta name=\"description\" content=\"La gamme OMIS est vaste et personnalisable. Nous sommes \u00e0 disposition pour vous aider \u00e0 concevoir le pont roulant, le palan ou le composant qui satisfait vos exigences. Utilisez notre outil en ligne : suivez les indications et configurez votre solution id\u00e9ale en choisissant les caract\u00e9ristiques ad\u00e9quates.\" \/>\n<meta name=\"robots\" content=\"index, follow, max-snippet:-1, max-image-preview:large, max-video-preview:-1\" \/>\n<meta property=\"og:locale\" content=\"fr_FR\" \/>\n<meta property=\"og:type\" content=\"article\" \/>\n<meta property=\"og:title\" content=\"Configurez la solution \u00e0 vos exigences de manutention | OMIS\" \/>\n<meta property=\"og:description\" content=\"La gamme OMIS est vaste et personnalisable. Nous sommes \u00e0 disposition pour vous aider \u00e0 concevoir le pont roulant, le palan ou le composant qui satisfait vos exigences. Utilisez notre outil en ligne : suivez les indications et configurez votre solution id\u00e9ale en choisissant les caract\u00e9ristiques ad\u00e9quates.\" \/>\n<meta property=\"og:url\" content=\"https:\/\/www.omis.net\/fr-fr\/configurateur\/\" \/>\n<meta property=\"og:site_name\" content=\"Omis Spa\" \/>\n<meta property=\"article:publisher\" content=\"https:\/\/www.facebook.com\/omisgroup\" \/>\n<meta property=\"article:modified_time\" content=\"2025-04-02T13:59:08+00:00\" \/>\n<meta name=\"twitter:card\" content=\"summary_large_image\" \/>\n<script type=\"application\/ld+json\" class=\"yoast-schema-graph\">{\"@context\":\"https:\/\/schema.org\",\"@graph\":[{\"@type\":\"WebPage\",\"@id\":\"https:\/\/www.omis.net\/fr-fr\/configurateur\/\",\"url\":\"https:\/\/www.omis.net\/fr-fr\/configurateur\/\",\"name\":\"Configurez la solution \u00e0 vos exigences de manutention | OMIS\",\"isPartOf\":{\"@id\":\"https:\/\/www.omis.net\/it-it\/#website\"},\"datePublished\":\"2024-03-22T13:13:55+00:00\",\"dateModified\":\"2025-04-02T13:59:08+00:00\",\"description\":\"La gamme OMIS est vaste et personnalisable. Nous sommes \u00e0 disposition pour vous aider \u00e0 concevoir le pont roulant, le palan ou le composant qui satisfait vos exigences. Utilisez notre outil en ligne : suivez les indications et configurez votre solution id\u00e9ale en choisissant les caract\u00e9ristiques ad\u00e9quates.\",\"breadcrumb\":{\"@id\":\"https:\/\/www.omis.net\/fr-fr\/configurateur\/#breadcrumb\"},\"inLanguage\":\"fr-fr\",\"potentialAction\":[{\"@type\":\"ReadAction\",\"target\":[\"https:\/\/www.omis.net\/fr-fr\/configurateur\/\"]}]},{\"@type\":\"BreadcrumbList\",\"@id\":\"https:\/\/www.omis.net\/fr-fr\/configurateur\/#breadcrumb\",\"itemListElement\":[{\"@type\":\"ListItem\",\"position\":1,\"name\":\"Home\",\"item\":\"https:\/\/www.omis.net\/fr-fr\/\"},{\"@type\":\"ListItem\",\"position\":2,\"name\":\"Configurateur\"}]},{\"@type\":\"WebSite\",\"@id\":\"https:\/\/www.omis.net\/it-it\/#website\",\"url\":\"https:\/\/www.omis.net\/it-it\/\",\"name\":\"Omis Spa\",\"description\":\"Movimentazione e sollevamento\",\"publisher\":{\"@id\":\"https:\/\/www.omis.net\/it-it\/#organization\"},\"potentialAction\":[{\"@type\":\"SearchAction\",\"target\":{\"@type\":\"EntryPoint\",\"urlTemplate\":\"https:\/\/www.omis.net\/it-it\/?s={search_term_string}\"},\"query-input\":{\"@type\":\"PropertyValueSpecification\",\"valueRequired\":true,\"valueName\":\"search_term_string\"}}],\"inLanguage\":\"fr-fr\"},{\"@type\":\"Organization\",\"@id\":\"https:\/\/www.omis.net\/it-it\/#organization\",\"name\":\"Omis Spa\",\"url\":\"https:\/\/www.omis.net\/it-it\/\",\"logo\":{\"@type\":\"ImageObject\",\"inLanguage\":\"fr-fr\",\"@id\":\"https:\/\/www.omis.net\/it-it\/#\/schema\/logo\/image\/\",\"url\":\"https:\/\/media.omis.net\/media\/2024\/08\/logo.jpg\",\"contentUrl\":\"https:\/\/media.omis.net\/media\/2024\/08\/logo.jpg\",\"width\":300,\"height\":300,\"caption\":\"Omis Spa\"},\"image\":{\"@id\":\"https:\/\/www.omis.net\/it-it\/#\/schema\/logo\/image\/\"},\"sameAs\":[\"https:\/\/www.facebook.com\/omisgroup\",\"https:\/\/www.linkedin.com\/company\/omis-group\",\"https:\/\/www.youtube.com\/channel\/UCS4L59XDk3kKBI9MnjuxWDw\",\"https:\/\/www.instagram.com\/omisgroup\"]}]}<\/script>\n<!-- \/ Yoast SEO plugin. -->","yoast_head_json":{"title":"Configurez la solution \u00e0 vos exigences de manutention | OMIS","description":"La gamme OMIS est vaste et personnalisable. Nous sommes \u00e0 disposition pour vous aider \u00e0 concevoir le pont roulant, le palan ou le composant qui satisfait vos exigences. Utilisez notre outil en ligne : suivez les indications et configurez votre solution id\u00e9ale en choisissant les caract\u00e9ristiques ad\u00e9quates.","robots":{"index":"index","follow":"follow","max-snippet":"max-snippet:-1","max-image-preview":"max-image-preview:large","max-video-preview":"max-video-preview:-1"},"og_locale":"fr_FR","og_type":"article","og_title":"Configurez la solution \u00e0 vos exigences de manutention | OMIS","og_description":"La gamme OMIS est vaste et personnalisable. Nous sommes \u00e0 disposition pour vous aider \u00e0 concevoir le pont roulant, le palan ou le composant qui satisfait vos exigences. Utilisez notre outil en ligne : suivez les indications et configurez votre solution id\u00e9ale en choisissant les caract\u00e9ristiques ad\u00e9quates.","og_url":"https:\/\/www.omis.net\/fr-fr\/configurateur\/","og_site_name":"Omis Spa","article_publisher":"https:\/\/www.facebook.com\/omisgroup","article_modified_time":"2025-04-02T13:59:08+00:00","twitter_card":"summary_large_image","schema":{"@context":"https:\/\/schema.org","@graph":[{"@type":"WebPage","@id":"https:\/\/www.omis.net\/fr-fr\/configurateur\/","url":"https:\/\/www.omis.net\/fr-fr\/configurateur\/","name":"Configurez la solution \u00e0 vos exigences de manutention | OMIS","isPartOf":{"@id":"https:\/\/www.omis.net\/it-it\/#website"},"datePublished":"2024-03-22T13:13:55+00:00","dateModified":"2025-04-02T13:59:08+00:00","description":"La gamme OMIS est vaste et personnalisable. Nous sommes \u00e0 disposition pour vous aider \u00e0 concevoir le pont roulant, le palan ou le composant qui satisfait vos exigences. Utilisez notre outil en ligne : suivez les indications et configurez votre solution id\u00e9ale en choisissant les caract\u00e9ristiques ad\u00e9quates.","breadcrumb":{"@id":"https:\/\/www.omis.net\/fr-fr\/configurateur\/#breadcrumb"},"inLanguage":"fr-fr","potentialAction":[{"@type":"ReadAction","target":["https:\/\/www.omis.net\/fr-fr\/configurateur\/"]}]},{"@type":"BreadcrumbList","@id":"https:\/\/www.omis.net\/fr-fr\/configurateur\/#breadcrumb","itemListElement":[{"@type":"ListItem","position":1,"name":"Home","item":"https:\/\/www.omis.net\/fr-fr\/"},{"@type":"ListItem","position":2,"name":"Configurateur"}]},{"@type":"WebSite","@id":"https:\/\/www.omis.net\/it-it\/#website","url":"https:\/\/www.omis.net\/it-it\/","name":"Omis Spa","description":"Movimentazione e sollevamento","publisher":{"@id":"https:\/\/www.omis.net\/it-it\/#organization"},"potentialAction":[{"@type":"SearchAction","target":{"@type":"EntryPoint","urlTemplate":"https:\/\/www.omis.net\/it-it\/?s={search_term_string}"},"query-input":{"@type":"PropertyValueSpecification","valueRequired":true,"valueName":"search_term_string"}}],"inLanguage":"fr-fr"},{"@type":"Organization","@id":"https:\/\/www.omis.net\/it-it\/#organization","name":"Omis Spa","url":"https:\/\/www.omis.net\/it-it\/","logo":{"@type":"ImageObject","inLanguage":"fr-fr","@id":"https:\/\/www.omis.net\/it-it\/#\/schema\/logo\/image\/","url":"https:\/\/media.omis.net\/media\/2024\/08\/logo.jpg","contentUrl":"https:\/\/media.omis.net\/media\/2024\/08\/logo.jpg","width":300,"height":300,"caption":"Omis Spa"},"image":{"@id":"https:\/\/www.omis.net\/it-it\/#\/schema\/logo\/image\/"},"sameAs":["https:\/\/www.facebook.com\/omisgroup","https:\/\/www.linkedin.com\/company\/omis-group","https:\/\/www.youtube.com\/channel\/UCS4L59XDk3kKBI9MnjuxWDw","https:\/\/www.instagram.com\/omisgroup"]}]}},"_links":{"self":[{"href":"https:\/\/www.omis.net\/fr-fr\/wp-json\/wp\/v2\/pages\/6786"}],"collection":[{"href":"https:\/\/www.omis.net\/fr-fr\/wp-json\/wp\/v2\/pages"}],"about":[{"href":"https:\/\/www.omis.net\/fr-fr\/wp-json\/wp\/v2\/types\/page"}],"author":[{"embeddable":true,"href":"https:\/\/www.omis.net\/fr-fr\/wp-json\/wp\/v2\/users\/2"}],"replies":[{"embeddable":true,"href":"https:\/\/www.omis.net\/fr-fr\/wp-json\/wp\/v2\/comments?post=6786"}],"version-history":[{"count":5,"href":"https:\/\/www.omis.net\/fr-fr\/wp-json\/wp\/v2\/pages\/6786\/revisions"}],"predecessor-version":[{"id":17657,"href":"https:\/\/www.omis.net\/fr-fr\/wp-json\/wp\/v2\/pages\/6786\/revisions\/17657"}],"wp:attachment":[{"href":"https:\/\/www.omis.net\/fr-fr\/wp-json\/wp\/v2\/media?parent=6786"}],"curies":[{"name":"wp","href":"https:\/\/api.w.org\/{rel}","templated":true}]}}