{"id":6780,"date":"2024-03-22T16:40:33","date_gmt":"2024-03-22T15:40:33","guid":{"rendered":"http:\/\/bedrock.local\/contacts\/travailler-avec-nous\/"},"modified":"2025-04-02T16:19:27","modified_gmt":"2025-04-02T14:19:27","slug":"travailler-avec-nous","status":"publish","type":"page","link":"https:\/\/www.omis.net\/fr-fr\/contacts\/travailler-avec-nous\/","title":{"rendered":"Travailler avec nous"},"content":{"rendered":"","protected":false},"excerpt":{"rendered":"","protected":false},"author":2,"featured_media":0,"parent":6391,"menu_order":0,"comment_status":"closed","ping_status":"closed","template":"templates\/template-lavora-con-noi.php","meta":{"_acf_changed":false,"footnotes":""},"class_list":["post-6780","page","type-page","status-publish","hentry"],"acf":{"seo_title":"Consultez les postes disponibles, envoyez votre candidature| OMIS","seo_description":"Dynamisme, courage, opportunit\u00e9s, leadership : les valeurs qui nous d\u00e9finissent. D\u00e9couvrez les opportunit\u00e9s professionnelles d'OMIS et trouvez le poste fait pour vous. "},"yoast_head":"<!-- This site is optimized with the Yoast SEO plugin v23.9 - https:\/\/yoast.com\/wordpress\/plugins\/seo\/ -->\n<title>Consultez les postes disponibles, envoyez votre candidature| OMIS<\/title>\n<meta name=\"description\" content=\"Dynamisme, courage, opportunit\u00e9s, leadership : les valeurs qui nous d\u00e9finissent. D\u00e9couvrez les opportunit\u00e9s professionnelles d&#039;OMIS et trouvez le poste fait pour vous.\" \/>\n<meta name=\"robots\" content=\"index, follow, max-snippet:-1, max-image-preview:large, max-video-preview:-1\" \/>\n<meta property=\"og:locale\" content=\"fr_FR\" \/>\n<meta property=\"og:type\" content=\"article\" \/>\n<meta property=\"og:title\" content=\"Consultez les postes disponibles, envoyez votre candidature| OMIS\" \/>\n<meta property=\"og:description\" content=\"Dynamisme, courage, opportunit\u00e9s, leadership : les valeurs qui nous d\u00e9finissent. D\u00e9couvrez les opportunit\u00e9s professionnelles d&#039;OMIS et trouvez le poste fait pour vous.\" \/>\n<meta property=\"og:url\" content=\"https:\/\/www.omis.net\/fr-fr\/contacts\/travailler-avec-nous\/\" \/>\n<meta property=\"og:site_name\" content=\"Omis Spa\" \/>\n<meta property=\"article:publisher\" content=\"https:\/\/www.facebook.com\/omisgroup\" \/>\n<meta property=\"article:modified_time\" content=\"2025-04-02T14:19:27+00:00\" \/>\n<meta name=\"twitter:card\" content=\"summary_large_image\" \/>\n<script type=\"application\/ld+json\" class=\"yoast-schema-graph\">{\"@context\":\"https:\/\/schema.org\",\"@graph\":[{\"@type\":\"WebPage\",\"@id\":\"https:\/\/www.omis.net\/fr-fr\/contacts\/travailler-avec-nous\/\",\"url\":\"https:\/\/www.omis.net\/fr-fr\/contacts\/travailler-avec-nous\/\",\"name\":\"Consultez les postes disponibles, envoyez votre candidature| OMIS\",\"isPartOf\":{\"@id\":\"https:\/\/www.omis.net\/it-it\/#website\"},\"datePublished\":\"2024-03-22T15:40:33+00:00\",\"dateModified\":\"2025-04-02T14:19:27+00:00\",\"description\":\"Dynamisme, courage, opportunit\u00e9s, leadership : les valeurs qui nous d\u00e9finissent. D\u00e9couvrez les opportunit\u00e9s professionnelles d'OMIS et trouvez le poste fait pour vous.\",\"breadcrumb\":{\"@id\":\"https:\/\/www.omis.net\/fr-fr\/contacts\/travailler-avec-nous\/#breadcrumb\"},\"inLanguage\":\"fr-fr\",\"potentialAction\":[{\"@type\":\"ReadAction\",\"target\":[\"https:\/\/www.omis.net\/fr-fr\/contacts\/travailler-avec-nous\/\"]}]},{\"@type\":\"BreadcrumbList\",\"@id\":\"https:\/\/www.omis.net\/fr-fr\/contacts\/travailler-avec-nous\/#breadcrumb\",\"itemListElement\":[{\"@type\":\"ListItem\",\"position\":1,\"name\":\"Home\",\"item\":\"https:\/\/www.omis.net\/fr-fr\/\"},{\"@type\":\"ListItem\",\"position\":2,\"name\":\"Contacts\",\"item\":\"https:\/\/www.omis.net\/fr-fr\/contacts\/\"},{\"@type\":\"ListItem\",\"position\":3,\"name\":\"Travailler avec nous\"}]},{\"@type\":\"WebSite\",\"@id\":\"https:\/\/www.omis.net\/it-it\/#website\",\"url\":\"https:\/\/www.omis.net\/it-it\/\",\"name\":\"Omis Spa\",\"description\":\"Movimentazione e sollevamento\",\"publisher\":{\"@id\":\"https:\/\/www.omis.net\/it-it\/#organization\"},\"potentialAction\":[{\"@type\":\"SearchAction\",\"target\":{\"@type\":\"EntryPoint\",\"urlTemplate\":\"https:\/\/www.omis.net\/it-it\/?s={search_term_string}\"},\"query-input\":{\"@type\":\"PropertyValueSpecification\",\"valueRequired\":true,\"valueName\":\"search_term_string\"}}],\"inLanguage\":\"fr-fr\"},{\"@type\":\"Organization\",\"@id\":\"https:\/\/www.omis.net\/it-it\/#organization\",\"name\":\"Omis Spa\",\"url\":\"https:\/\/www.omis.net\/it-it\/\",\"logo\":{\"@type\":\"ImageObject\",\"inLanguage\":\"fr-fr\",\"@id\":\"https:\/\/www.omis.net\/it-it\/#\/schema\/logo\/image\/\",\"url\":\"https:\/\/media.omis.net\/media\/2024\/08\/logo.jpg\",\"contentUrl\":\"https:\/\/media.omis.net\/media\/2024\/08\/logo.jpg\",\"width\":300,\"height\":300,\"caption\":\"Omis Spa\"},\"image\":{\"@id\":\"https:\/\/www.omis.net\/it-it\/#\/schema\/logo\/image\/\"},\"sameAs\":[\"https:\/\/www.facebook.com\/omisgroup\",\"https:\/\/www.linkedin.com\/company\/omis-group\",\"https:\/\/www.youtube.com\/channel\/UCS4L59XDk3kKBI9MnjuxWDw\",\"https:\/\/www.instagram.com\/omisgroup\"]}]}<\/script>\n<!-- \/ Yoast SEO plugin. -->","yoast_head_json":{"title":"Consultez les postes disponibles, envoyez votre candidature| OMIS","description":"Dynamisme, courage, opportunit\u00e9s, leadership : les valeurs qui nous d\u00e9finissent. D\u00e9couvrez les opportunit\u00e9s professionnelles d'OMIS et trouvez le poste fait pour vous.","robots":{"index":"index","follow":"follow","max-snippet":"max-snippet:-1","max-image-preview":"max-image-preview:large","max-video-preview":"max-video-preview:-1"},"og_locale":"fr_FR","og_type":"article","og_title":"Consultez les postes disponibles, envoyez votre candidature| OMIS","og_description":"Dynamisme, courage, opportunit\u00e9s, leadership : les valeurs qui nous d\u00e9finissent. D\u00e9couvrez les opportunit\u00e9s professionnelles d'OMIS et trouvez le poste fait pour vous.","og_url":"https:\/\/www.omis.net\/fr-fr\/contacts\/travailler-avec-nous\/","og_site_name":"Omis Spa","article_publisher":"https:\/\/www.facebook.com\/omisgroup","article_modified_time":"2025-04-02T14:19:27+00:00","twitter_card":"summary_large_image","schema":{"@context":"https:\/\/schema.org","@graph":[{"@type":"WebPage","@id":"https:\/\/www.omis.net\/fr-fr\/contacts\/travailler-avec-nous\/","url":"https:\/\/www.omis.net\/fr-fr\/contacts\/travailler-avec-nous\/","name":"Consultez les postes disponibles, envoyez votre candidature| OMIS","isPartOf":{"@id":"https:\/\/www.omis.net\/it-it\/#website"},"datePublished":"2024-03-22T15:40:33+00:00","dateModified":"2025-04-02T14:19:27+00:00","description":"Dynamisme, courage, opportunit\u00e9s, leadership : les valeurs qui nous d\u00e9finissent. D\u00e9couvrez les opportunit\u00e9s professionnelles d'OMIS et trouvez le poste fait pour vous.","breadcrumb":{"@id":"https:\/\/www.omis.net\/fr-fr\/contacts\/travailler-avec-nous\/#breadcrumb"},"inLanguage":"fr-fr","potentialAction":[{"@type":"ReadAction","target":["https:\/\/www.omis.net\/fr-fr\/contacts\/travailler-avec-nous\/"]}]},{"@type":"BreadcrumbList","@id":"https:\/\/www.omis.net\/fr-fr\/contacts\/travailler-avec-nous\/#breadcrumb","itemListElement":[{"@type":"ListItem","position":1,"name":"Home","item":"https:\/\/www.omis.net\/fr-fr\/"},{"@type":"ListItem","position":2,"name":"Contacts","item":"https:\/\/www.omis.net\/fr-fr\/contacts\/"},{"@type":"ListItem","position":3,"name":"Travailler avec nous"}]},{"@type":"WebSite","@id":"https:\/\/www.omis.net\/it-it\/#website","url":"https:\/\/www.omis.net\/it-it\/","name":"Omis Spa","description":"Movimentazione e sollevamento","publisher":{"@id":"https:\/\/www.omis.net\/it-it\/#organization"},"potentialAction":[{"@type":"SearchAction","target":{"@type":"EntryPoint","urlTemplate":"https:\/\/www.omis.net\/it-it\/?s={search_term_string}"},"query-input":{"@type":"PropertyValueSpecification","valueRequired":true,"valueName":"search_term_string"}}],"inLanguage":"fr-fr"},{"@type":"Organization","@id":"https:\/\/www.omis.net\/it-it\/#organization","name":"Omis Spa","url":"https:\/\/www.omis.net\/it-it\/","logo":{"@type":"ImageObject","inLanguage":"fr-fr","@id":"https:\/\/www.omis.net\/it-it\/#\/schema\/logo\/image\/","url":"https:\/\/media.omis.net\/media\/2024\/08\/logo.jpg","contentUrl":"https:\/\/media.omis.net\/media\/2024\/08\/logo.jpg","width":300,"height":300,"caption":"Omis Spa"},"image":{"@id":"https:\/\/www.omis.net\/it-it\/#\/schema\/logo\/image\/"},"sameAs":["https:\/\/www.facebook.com\/omisgroup","https:\/\/www.linkedin.com\/company\/omis-group","https:\/\/www.youtube.com\/channel\/UCS4L59XDk3kKBI9MnjuxWDw","https:\/\/www.instagram.com\/omisgroup"]}]}},"_links":{"self":[{"href":"https:\/\/www.omis.net\/fr-fr\/wp-json\/wp\/v2\/pages\/6780"}],"collection":[{"href":"https:\/\/www.omis.net\/fr-fr\/wp-json\/wp\/v2\/pages"}],"about":[{"href":"https:\/\/www.omis.net\/fr-fr\/wp-json\/wp\/v2\/types\/page"}],"author":[{"embeddable":true,"href":"https:\/\/www.omis.net\/fr-fr\/wp-json\/wp\/v2\/users\/2"}],"replies":[{"embeddable":true,"href":"https:\/\/www.omis.net\/fr-fr\/wp-json\/wp\/v2\/comments?post=6780"}],"version-history":[{"count":1,"href":"https:\/\/www.omis.net\/fr-fr\/wp-json\/wp\/v2\/pages\/6780\/revisions"}],"predecessor-version":[{"id":17679,"href":"https:\/\/www.omis.net\/fr-fr\/wp-json\/wp\/v2\/pages\/6780\/revisions\/17679"}],"up":[{"embeddable":true,"href":"https:\/\/www.omis.net\/fr-fr\/wp-json\/wp\/v2\/pages\/6391"}],"wp:attachment":[{"href":"https:\/\/www.omis.net\/fr-fr\/wp-json\/wp\/v2\/media?parent=6780"}],"curies":[{"name":"wp","href":"https:\/\/api.w.org\/{rel}","templated":true}]}}