{"id":6313,"date":"2024-03-22T14:14:20","date_gmt":"2024-03-22T13:14:20","guid":{"rendered":"http:\/\/bedrock.local\/nos-services\/"},"modified":"2025-04-03T10:59:12","modified_gmt":"2025-04-03T08:59:12","slug":"nos-services","status":"publish","type":"page","link":"https:\/\/www.omis.net\/fr-fr\/nos-services\/","title":{"rendered":"Nos services"},"content":{"rendered":"","protected":false},"excerpt":{"rendered":"","protected":false},"author":2,"featured_media":0,"parent":0,"menu_order":0,"comment_status":"closed","ping_status":"closed","template":"templates\/template-servizi.php","meta":{"_acf_changed":false,"footnotes":""},"class_list":["post-6313","page","type-page","status-publish","hentry"],"acf":{"seo_title":"Services OMIS, \u00e0 votre service. Chaque jour. | OMIS  ","seo_description":"Nous offrons un service complet, y compris la conception, la formation, la maintenance et les pi\u00e8ces de rechange, pour la marque OMIS et les autres. De la gestion des composants \u00e0 l'assistance continue, nous visons \u00e0 optimiser l'exp\u00e9rience et la productivit\u00e9 de nos clients, en les accompagnant de la phase initiale jusqu'\u00e0 l'apr\u00e8s-vente. "},"yoast_head":"<!-- This site is optimized with the Yoast SEO plugin v23.9 - https:\/\/yoast.com\/wordpress\/plugins\/seo\/ -->\n<title>Services OMIS, \u00e0 votre service. Chaque jour. | OMIS<\/title>\n<meta name=\"description\" content=\"Nous offrons un service complet, y compris la conception, la formation, la maintenance et les pi\u00e8ces de rechange, pour la marque OMIS et les autres. De la gestion des composants \u00e0 l&#039;assistance continue, nous visons \u00e0 optimiser l&#039;exp\u00e9rience et la productivit\u00e9 de nos clients, en les accompagnant de la phase initiale jusqu&#039;\u00e0 l&#039;apr\u00e8s-vente.\" \/>\n<meta name=\"robots\" content=\"index, follow, max-snippet:-1, max-image-preview:large, max-video-preview:-1\" \/>\n<meta property=\"og:locale\" content=\"fr_FR\" \/>\n<meta property=\"og:type\" content=\"article\" \/>\n<meta property=\"og:title\" content=\"Services OMIS, \u00e0 votre service. Chaque jour. | OMIS\" \/>\n<meta property=\"og:description\" content=\"Nous offrons un service complet, y compris la conception, la formation, la maintenance et les pi\u00e8ces de rechange, pour la marque OMIS et les autres. De la gestion des composants \u00e0 l&#039;assistance continue, nous visons \u00e0 optimiser l&#039;exp\u00e9rience et la productivit\u00e9 de nos clients, en les accompagnant de la phase initiale jusqu&#039;\u00e0 l&#039;apr\u00e8s-vente.\" \/>\n<meta property=\"og:url\" content=\"https:\/\/www.omis.net\/fr-fr\/nos-services\/\" \/>\n<meta property=\"og:site_name\" content=\"Omis Spa\" \/>\n<meta property=\"article:publisher\" content=\"https:\/\/www.facebook.com\/omisgroup\" \/>\n<meta property=\"article:modified_time\" content=\"2025-04-03T08:59:12+00:00\" \/>\n<meta name=\"twitter:card\" content=\"summary_large_image\" \/>\n<script type=\"application\/ld+json\" class=\"yoast-schema-graph\">{\"@context\":\"https:\/\/schema.org\",\"@graph\":[{\"@type\":\"WebPage\",\"@id\":\"https:\/\/www.omis.net\/fr-fr\/nos-services\/\",\"url\":\"https:\/\/www.omis.net\/fr-fr\/nos-services\/\",\"name\":\"Services OMIS, \u00e0 votre service. Chaque jour. | OMIS\",\"isPartOf\":{\"@id\":\"https:\/\/www.omis.net\/it-it\/#website\"},\"datePublished\":\"2024-03-22T13:14:20+00:00\",\"dateModified\":\"2025-04-03T08:59:12+00:00\",\"description\":\"Nous offrons un service complet, y compris la conception, la formation, la maintenance et les pi\u00e8ces de rechange, pour la marque OMIS et les autres. De la gestion des composants \u00e0 l'assistance continue, nous visons \u00e0 optimiser l'exp\u00e9rience et la productivit\u00e9 de nos clients, en les accompagnant de la phase initiale jusqu'\u00e0 l'apr\u00e8s-vente.\",\"breadcrumb\":{\"@id\":\"https:\/\/www.omis.net\/fr-fr\/nos-services\/#breadcrumb\"},\"inLanguage\":\"fr-fr\",\"potentialAction\":[{\"@type\":\"ReadAction\",\"target\":[\"https:\/\/www.omis.net\/fr-fr\/nos-services\/\"]}]},{\"@type\":\"BreadcrumbList\",\"@id\":\"https:\/\/www.omis.net\/fr-fr\/nos-services\/#breadcrumb\",\"itemListElement\":[{\"@type\":\"ListItem\",\"position\":1,\"name\":\"Home\",\"item\":\"https:\/\/www.omis.net\/fr-fr\/\"},{\"@type\":\"ListItem\",\"position\":2,\"name\":\"Nos services\"}]},{\"@type\":\"WebSite\",\"@id\":\"https:\/\/www.omis.net\/it-it\/#website\",\"url\":\"https:\/\/www.omis.net\/it-it\/\",\"name\":\"Omis Spa\",\"description\":\"Movimentazione e sollevamento\",\"publisher\":{\"@id\":\"https:\/\/www.omis.net\/it-it\/#organization\"},\"potentialAction\":[{\"@type\":\"SearchAction\",\"target\":{\"@type\":\"EntryPoint\",\"urlTemplate\":\"https:\/\/www.omis.net\/it-it\/?s={search_term_string}\"},\"query-input\":{\"@type\":\"PropertyValueSpecification\",\"valueRequired\":true,\"valueName\":\"search_term_string\"}}],\"inLanguage\":\"fr-fr\"},{\"@type\":\"Organization\",\"@id\":\"https:\/\/www.omis.net\/it-it\/#organization\",\"name\":\"Omis Spa\",\"url\":\"https:\/\/www.omis.net\/it-it\/\",\"logo\":{\"@type\":\"ImageObject\",\"inLanguage\":\"fr-fr\",\"@id\":\"https:\/\/www.omis.net\/it-it\/#\/schema\/logo\/image\/\",\"url\":\"https:\/\/media.omis.net\/media\/2024\/08\/logo.jpg\",\"contentUrl\":\"https:\/\/media.omis.net\/media\/2024\/08\/logo.jpg\",\"width\":300,\"height\":300,\"caption\":\"Omis Spa\"},\"image\":{\"@id\":\"https:\/\/www.omis.net\/it-it\/#\/schema\/logo\/image\/\"},\"sameAs\":[\"https:\/\/www.facebook.com\/omisgroup\",\"https:\/\/www.linkedin.com\/company\/omis-group\",\"https:\/\/www.youtube.com\/channel\/UCS4L59XDk3kKBI9MnjuxWDw\",\"https:\/\/www.instagram.com\/omisgroup\"]}]}<\/script>\n<!-- \/ Yoast SEO plugin. -->","yoast_head_json":{"title":"Services OMIS, \u00e0 votre service. Chaque jour. | OMIS","description":"Nous offrons un service complet, y compris la conception, la formation, la maintenance et les pi\u00e8ces de rechange, pour la marque OMIS et les autres. De la gestion des composants \u00e0 l'assistance continue, nous visons \u00e0 optimiser l'exp\u00e9rience et la productivit\u00e9 de nos clients, en les accompagnant de la phase initiale jusqu'\u00e0 l'apr\u00e8s-vente.","robots":{"index":"index","follow":"follow","max-snippet":"max-snippet:-1","max-image-preview":"max-image-preview:large","max-video-preview":"max-video-preview:-1"},"og_locale":"fr_FR","og_type":"article","og_title":"Services OMIS, \u00e0 votre service. Chaque jour. | OMIS","og_description":"Nous offrons un service complet, y compris la conception, la formation, la maintenance et les pi\u00e8ces de rechange, pour la marque OMIS et les autres. De la gestion des composants \u00e0 l'assistance continue, nous visons \u00e0 optimiser l'exp\u00e9rience et la productivit\u00e9 de nos clients, en les accompagnant de la phase initiale jusqu'\u00e0 l'apr\u00e8s-vente.","og_url":"https:\/\/www.omis.net\/fr-fr\/nos-services\/","og_site_name":"Omis Spa","article_publisher":"https:\/\/www.facebook.com\/omisgroup","article_modified_time":"2025-04-03T08:59:12+00:00","twitter_card":"summary_large_image","schema":{"@context":"https:\/\/schema.org","@graph":[{"@type":"WebPage","@id":"https:\/\/www.omis.net\/fr-fr\/nos-services\/","url":"https:\/\/www.omis.net\/fr-fr\/nos-services\/","name":"Services OMIS, \u00e0 votre service. Chaque jour. | OMIS","isPartOf":{"@id":"https:\/\/www.omis.net\/it-it\/#website"},"datePublished":"2024-03-22T13:14:20+00:00","dateModified":"2025-04-03T08:59:12+00:00","description":"Nous offrons un service complet, y compris la conception, la formation, la maintenance et les pi\u00e8ces de rechange, pour la marque OMIS et les autres. De la gestion des composants \u00e0 l'assistance continue, nous visons \u00e0 optimiser l'exp\u00e9rience et la productivit\u00e9 de nos clients, en les accompagnant de la phase initiale jusqu'\u00e0 l'apr\u00e8s-vente.","breadcrumb":{"@id":"https:\/\/www.omis.net\/fr-fr\/nos-services\/#breadcrumb"},"inLanguage":"fr-fr","potentialAction":[{"@type":"ReadAction","target":["https:\/\/www.omis.net\/fr-fr\/nos-services\/"]}]},{"@type":"BreadcrumbList","@id":"https:\/\/www.omis.net\/fr-fr\/nos-services\/#breadcrumb","itemListElement":[{"@type":"ListItem","position":1,"name":"Home","item":"https:\/\/www.omis.net\/fr-fr\/"},{"@type":"ListItem","position":2,"name":"Nos services"}]},{"@type":"WebSite","@id":"https:\/\/www.omis.net\/it-it\/#website","url":"https:\/\/www.omis.net\/it-it\/","name":"Omis Spa","description":"Movimentazione e sollevamento","publisher":{"@id":"https:\/\/www.omis.net\/it-it\/#organization"},"potentialAction":[{"@type":"SearchAction","target":{"@type":"EntryPoint","urlTemplate":"https:\/\/www.omis.net\/it-it\/?s={search_term_string}"},"query-input":{"@type":"PropertyValueSpecification","valueRequired":true,"valueName":"search_term_string"}}],"inLanguage":"fr-fr"},{"@type":"Organization","@id":"https:\/\/www.omis.net\/it-it\/#organization","name":"Omis Spa","url":"https:\/\/www.omis.net\/it-it\/","logo":{"@type":"ImageObject","inLanguage":"fr-fr","@id":"https:\/\/www.omis.net\/it-it\/#\/schema\/logo\/image\/","url":"https:\/\/media.omis.net\/media\/2024\/08\/logo.jpg","contentUrl":"https:\/\/media.omis.net\/media\/2024\/08\/logo.jpg","width":300,"height":300,"caption":"Omis Spa"},"image":{"@id":"https:\/\/www.omis.net\/it-it\/#\/schema\/logo\/image\/"},"sameAs":["https:\/\/www.facebook.com\/omisgroup","https:\/\/www.linkedin.com\/company\/omis-group","https:\/\/www.youtube.com\/channel\/UCS4L59XDk3kKBI9MnjuxWDw","https:\/\/www.instagram.com\/omisgroup"]}]}},"_links":{"self":[{"href":"https:\/\/www.omis.net\/fr-fr\/wp-json\/wp\/v2\/pages\/6313"}],"collection":[{"href":"https:\/\/www.omis.net\/fr-fr\/wp-json\/wp\/v2\/pages"}],"about":[{"href":"https:\/\/www.omis.net\/fr-fr\/wp-json\/wp\/v2\/types\/page"}],"author":[{"embeddable":true,"href":"https:\/\/www.omis.net\/fr-fr\/wp-json\/wp\/v2\/users\/2"}],"replies":[{"embeddable":true,"href":"https:\/\/www.omis.net\/fr-fr\/wp-json\/wp\/v2\/comments?post=6313"}],"version-history":[{"count":1,"href":"https:\/\/www.omis.net\/fr-fr\/wp-json\/wp\/v2\/pages\/6313\/revisions"}],"predecessor-version":[{"id":17715,"href":"https:\/\/www.omis.net\/fr-fr\/wp-json\/wp\/v2\/pages\/6313\/revisions\/17715"}],"wp:attachment":[{"href":"https:\/\/www.omis.net\/fr-fr\/wp-json\/wp\/v2\/media?parent=6313"}],"curies":[{"name":"wp","href":"https:\/\/api.w.org\/{rel}","templated":true}]}}