{"id":6307,"date":"2024-04-03T12:38:13","date_gmt":"2024-04-03T10:38:13","guid":{"rendered":"http:\/\/bedrock.local\/born-to-lift\/developpement-durable\/"},"modified":"2025-02-03T18:15:55","modified_gmt":"2025-02-03T17:15:55","slug":"developpement-durable","status":"publish","type":"page","link":"https:\/\/www.omis.net\/fr-fr\/born-to-lift\/developpement-durable\/","title":{"rendered":"D\u00e9veloppement durable"},"content":{"rendered":"","protected":false},"excerpt":{"rendered":"","protected":false},"author":2,"featured_media":0,"parent":5827,"menu_order":0,"comment_status":"closed","ping_status":"closed","template":"templates\/template-sostenibilita.php","meta":{"_acf_changed":false,"footnotes":""},"class_list":["post-6307","page","type-page","status-publish","hentry"],"acf":{"seo_title":"D\u00e9veloppement durable : Des id\u00e9es pour un futur meilleur. | OMIS ","seo_description":"OMIS s'engage en faveur du d\u00e9veloppement durable et de la s\u00e9curit\u00e9, dans le respect de l'environnement et du bien-\u00eatre des personnes. Notre culture promeut l'\u00e9thique, la diversit\u00e9 et l'inclusion, en rendant la manutention de mat\u00e9riaux lourds plus s\u00fbre et plus durable, et en r\u00e9duisant l'impact de nos activit\u00e9s sur l'environnement. "},"yoast_head":"<!-- This site is optimized with the Yoast SEO plugin v23.9 - https:\/\/yoast.com\/wordpress\/plugins\/seo\/ -->\n<title>D\u00e9veloppement durable : Des id\u00e9es pour un futur meilleur. | OMIS<\/title>\n<meta name=\"description\" content=\"OMIS s&#039;engage en faveur du d\u00e9veloppement durable et de la s\u00e9curit\u00e9, dans le respect de l&#039;environnement et du bien-\u00eatre des personnes. Notre culture promeut l&#039;\u00e9thique, la diversit\u00e9 et l&#039;inclusion, en rendant la manutention de mat\u00e9riaux lourds plus s\u00fbre et plus durable, et en r\u00e9duisant l&#039;impact de nos activit\u00e9s sur l&#039;environnement.\" \/>\n<meta name=\"robots\" content=\"index, follow, max-snippet:-1, max-image-preview:large, max-video-preview:-1\" \/>\n<meta property=\"og:locale\" content=\"fr_FR\" \/>\n<meta property=\"og:type\" content=\"article\" \/>\n<meta property=\"og:title\" content=\"D\u00e9veloppement durable : Des id\u00e9es pour un futur meilleur. | OMIS\" \/>\n<meta property=\"og:description\" content=\"OMIS s&#039;engage en faveur du d\u00e9veloppement durable et de la s\u00e9curit\u00e9, dans le respect de l&#039;environnement et du bien-\u00eatre des personnes. Notre culture promeut l&#039;\u00e9thique, la diversit\u00e9 et l&#039;inclusion, en rendant la manutention de mat\u00e9riaux lourds plus s\u00fbre et plus durable, et en r\u00e9duisant l&#039;impact de nos activit\u00e9s sur l&#039;environnement.\" \/>\n<meta property=\"og:url\" content=\"https:\/\/www.omis.net\/fr-fr\/born-to-lift\/developpement-durable\/\" \/>\n<meta property=\"og:site_name\" content=\"Omis Spa\" \/>\n<meta property=\"article:publisher\" content=\"https:\/\/www.facebook.com\/omisgroup\" \/>\n<meta property=\"article:modified_time\" content=\"2025-02-03T17:15:55+00:00\" \/>\n<meta name=\"twitter:card\" content=\"summary_large_image\" \/>\n<script type=\"application\/ld+json\" class=\"yoast-schema-graph\">{\"@context\":\"https:\/\/schema.org\",\"@graph\":[{\"@type\":\"WebPage\",\"@id\":\"https:\/\/www.omis.net\/fr-fr\/born-to-lift\/developpement-durable\/\",\"url\":\"https:\/\/www.omis.net\/fr-fr\/born-to-lift\/developpement-durable\/\",\"name\":\"D\u00e9veloppement durable : Des id\u00e9es pour un futur meilleur. | OMIS\",\"isPartOf\":{\"@id\":\"https:\/\/www.omis.net\/it-it\/#website\"},\"datePublished\":\"2024-04-03T10:38:13+00:00\",\"dateModified\":\"2025-02-03T17:15:55+00:00\",\"description\":\"OMIS s'engage en faveur du d\u00e9veloppement durable et de la s\u00e9curit\u00e9, dans le respect de l'environnement et du bien-\u00eatre des personnes. Notre culture promeut l'\u00e9thique, la diversit\u00e9 et l'inclusion, en rendant la manutention de mat\u00e9riaux lourds plus s\u00fbre et plus durable, et en r\u00e9duisant l'impact de nos activit\u00e9s sur l'environnement.\",\"breadcrumb\":{\"@id\":\"https:\/\/www.omis.net\/fr-fr\/born-to-lift\/developpement-durable\/#breadcrumb\"},\"inLanguage\":\"fr-fr\",\"potentialAction\":[{\"@type\":\"ReadAction\",\"target\":[\"https:\/\/www.omis.net\/fr-fr\/born-to-lift\/developpement-durable\/\"]}]},{\"@type\":\"BreadcrumbList\",\"@id\":\"https:\/\/www.omis.net\/fr-fr\/born-to-lift\/developpement-durable\/#breadcrumb\",\"itemListElement\":[{\"@type\":\"ListItem\",\"position\":1,\"name\":\"Home\",\"item\":\"https:\/\/www.omis.net\/fr-fr\/\"},{\"@type\":\"ListItem\",\"position\":2,\"name\":\"Born to lift\",\"item\":\"https:\/\/www.omis.net\/fr-fr\/born-to-lift\/\"},{\"@type\":\"ListItem\",\"position\":3,\"name\":\"D\u00e9veloppement durable\"}]},{\"@type\":\"WebSite\",\"@id\":\"https:\/\/www.omis.net\/it-it\/#website\",\"url\":\"https:\/\/www.omis.net\/it-it\/\",\"name\":\"Omis Spa\",\"description\":\"Movimentazione e sollevamento\",\"publisher\":{\"@id\":\"https:\/\/www.omis.net\/it-it\/#organization\"},\"potentialAction\":[{\"@type\":\"SearchAction\",\"target\":{\"@type\":\"EntryPoint\",\"urlTemplate\":\"https:\/\/www.omis.net\/it-it\/?s={search_term_string}\"},\"query-input\":{\"@type\":\"PropertyValueSpecification\",\"valueRequired\":true,\"valueName\":\"search_term_string\"}}],\"inLanguage\":\"fr-fr\"},{\"@type\":\"Organization\",\"@id\":\"https:\/\/www.omis.net\/it-it\/#organization\",\"name\":\"Omis Spa\",\"url\":\"https:\/\/www.omis.net\/it-it\/\",\"logo\":{\"@type\":\"ImageObject\",\"inLanguage\":\"fr-fr\",\"@id\":\"https:\/\/www.omis.net\/it-it\/#\/schema\/logo\/image\/\",\"url\":\"https:\/\/media.omis.net\/media\/2024\/08\/logo.jpg\",\"contentUrl\":\"https:\/\/media.omis.net\/media\/2024\/08\/logo.jpg\",\"width\":300,\"height\":300,\"caption\":\"Omis Spa\"},\"image\":{\"@id\":\"https:\/\/www.omis.net\/it-it\/#\/schema\/logo\/image\/\"},\"sameAs\":[\"https:\/\/www.facebook.com\/omisgroup\",\"https:\/\/www.linkedin.com\/company\/omis-group\",\"https:\/\/www.youtube.com\/channel\/UCS4L59XDk3kKBI9MnjuxWDw\",\"https:\/\/www.instagram.com\/omisgroup\"]}]}<\/script>\n<!-- \/ Yoast SEO plugin. -->","yoast_head_json":{"title":"D\u00e9veloppement durable : Des id\u00e9es pour un futur meilleur. | OMIS","description":"OMIS s'engage en faveur du d\u00e9veloppement durable et de la s\u00e9curit\u00e9, dans le respect de l'environnement et du bien-\u00eatre des personnes. Notre culture promeut l'\u00e9thique, la diversit\u00e9 et l'inclusion, en rendant la manutention de mat\u00e9riaux lourds plus s\u00fbre et plus durable, et en r\u00e9duisant l'impact de nos activit\u00e9s sur l'environnement.","robots":{"index":"index","follow":"follow","max-snippet":"max-snippet:-1","max-image-preview":"max-image-preview:large","max-video-preview":"max-video-preview:-1"},"og_locale":"fr_FR","og_type":"article","og_title":"D\u00e9veloppement durable : Des id\u00e9es pour un futur meilleur. | OMIS","og_description":"OMIS s'engage en faveur du d\u00e9veloppement durable et de la s\u00e9curit\u00e9, dans le respect de l'environnement et du bien-\u00eatre des personnes. Notre culture promeut l'\u00e9thique, la diversit\u00e9 et l'inclusion, en rendant la manutention de mat\u00e9riaux lourds plus s\u00fbre et plus durable, et en r\u00e9duisant l'impact de nos activit\u00e9s sur l'environnement.","og_url":"https:\/\/www.omis.net\/fr-fr\/born-to-lift\/developpement-durable\/","og_site_name":"Omis Spa","article_publisher":"https:\/\/www.facebook.com\/omisgroup","article_modified_time":"2025-02-03T17:15:55+00:00","twitter_card":"summary_large_image","schema":{"@context":"https:\/\/schema.org","@graph":[{"@type":"WebPage","@id":"https:\/\/www.omis.net\/fr-fr\/born-to-lift\/developpement-durable\/","url":"https:\/\/www.omis.net\/fr-fr\/born-to-lift\/developpement-durable\/","name":"D\u00e9veloppement durable : Des id\u00e9es pour un futur meilleur. | OMIS","isPartOf":{"@id":"https:\/\/www.omis.net\/it-it\/#website"},"datePublished":"2024-04-03T10:38:13+00:00","dateModified":"2025-02-03T17:15:55+00:00","description":"OMIS s'engage en faveur du d\u00e9veloppement durable et de la s\u00e9curit\u00e9, dans le respect de l'environnement et du bien-\u00eatre des personnes. Notre culture promeut l'\u00e9thique, la diversit\u00e9 et l'inclusion, en rendant la manutention de mat\u00e9riaux lourds plus s\u00fbre et plus durable, et en r\u00e9duisant l'impact de nos activit\u00e9s sur l'environnement.","breadcrumb":{"@id":"https:\/\/www.omis.net\/fr-fr\/born-to-lift\/developpement-durable\/#breadcrumb"},"inLanguage":"fr-fr","potentialAction":[{"@type":"ReadAction","target":["https:\/\/www.omis.net\/fr-fr\/born-to-lift\/developpement-durable\/"]}]},{"@type":"BreadcrumbList","@id":"https:\/\/www.omis.net\/fr-fr\/born-to-lift\/developpement-durable\/#breadcrumb","itemListElement":[{"@type":"ListItem","position":1,"name":"Home","item":"https:\/\/www.omis.net\/fr-fr\/"},{"@type":"ListItem","position":2,"name":"Born to lift","item":"https:\/\/www.omis.net\/fr-fr\/born-to-lift\/"},{"@type":"ListItem","position":3,"name":"D\u00e9veloppement durable"}]},{"@type":"WebSite","@id":"https:\/\/www.omis.net\/it-it\/#website","url":"https:\/\/www.omis.net\/it-it\/","name":"Omis Spa","description":"Movimentazione e sollevamento","publisher":{"@id":"https:\/\/www.omis.net\/it-it\/#organization"},"potentialAction":[{"@type":"SearchAction","target":{"@type":"EntryPoint","urlTemplate":"https:\/\/www.omis.net\/it-it\/?s={search_term_string}"},"query-input":{"@type":"PropertyValueSpecification","valueRequired":true,"valueName":"search_term_string"}}],"inLanguage":"fr-fr"},{"@type":"Organization","@id":"https:\/\/www.omis.net\/it-it\/#organization","name":"Omis Spa","url":"https:\/\/www.omis.net\/it-it\/","logo":{"@type":"ImageObject","inLanguage":"fr-fr","@id":"https:\/\/www.omis.net\/it-it\/#\/schema\/logo\/image\/","url":"https:\/\/media.omis.net\/media\/2024\/08\/logo.jpg","contentUrl":"https:\/\/media.omis.net\/media\/2024\/08\/logo.jpg","width":300,"height":300,"caption":"Omis Spa"},"image":{"@id":"https:\/\/www.omis.net\/it-it\/#\/schema\/logo\/image\/"},"sameAs":["https:\/\/www.facebook.com\/omisgroup","https:\/\/www.linkedin.com\/company\/omis-group","https:\/\/www.youtube.com\/channel\/UCS4L59XDk3kKBI9MnjuxWDw","https:\/\/www.instagram.com\/omisgroup"]}]}},"_links":{"self":[{"href":"https:\/\/www.omis.net\/fr-fr\/wp-json\/wp\/v2\/pages\/6307"}],"collection":[{"href":"https:\/\/www.omis.net\/fr-fr\/wp-json\/wp\/v2\/pages"}],"about":[{"href":"https:\/\/www.omis.net\/fr-fr\/wp-json\/wp\/v2\/types\/page"}],"author":[{"embeddable":true,"href":"https:\/\/www.omis.net\/fr-fr\/wp-json\/wp\/v2\/users\/2"}],"replies":[{"embeddable":true,"href":"https:\/\/www.omis.net\/fr-fr\/wp-json\/wp\/v2\/comments?post=6307"}],"version-history":[{"count":2,"href":"https:\/\/www.omis.net\/fr-fr\/wp-json\/wp\/v2\/pages\/6307\/revisions"}],"predecessor-version":[{"id":17173,"href":"https:\/\/www.omis.net\/fr-fr\/wp-json\/wp\/v2\/pages\/6307\/revisions\/17173"}],"up":[{"embeddable":true,"href":"https:\/\/www.omis.net\/fr-fr\/wp-json\/wp\/v2\/pages\/5827"}],"wp:attachment":[{"href":"https:\/\/www.omis.net\/fr-fr\/wp-json\/wp\/v2\/media?parent=6307"}],"curies":[{"name":"wp","href":"https:\/\/api.w.org\/{rel}","templated":true}]}}