{"id":6301,"date":"2024-04-18T08:49:05","date_gmt":"2024-04-18T06:49:05","guid":{"rendered":"http:\/\/bedrock.local\/born-to-lift\/omis-india\/"},"modified":"2025-05-13T12:24:19","modified_gmt":"2025-05-13T10:24:19","slug":"omis-india","status":"publish","type":"page","link":"https:\/\/www.omis.net\/fr-fr\/born-to-lift\/omis-india\/","title":{"rendered":"OMIS India"},"content":{"rendered":"","protected":false},"excerpt":{"rendered":"","protected":false},"author":2,"featured_media":0,"parent":5827,"menu_order":0,"comment_status":"closed","ping_status":"closed","template":"templates\/template-sedi-produttive.php","meta":{"_acf_changed":false,"footnotes":""},"class_list":["post-6301","page","type-page","status-publish","hentry"],"acf":{"seo_title":"OMIS INDIA. Protagonistes sur les march\u00e9s d'Extr\u00eame-Orient | OMIS ","seo_description":"Depuis 2021, OMIS India con\u00e7oit, r\u00e9alise et installe des ponts roulants, des installations l\u00e9g\u00e8res et des syst\u00e8mes de manutention personnalis\u00e9s. Notre jeune filiale offre des solutions locales avec l'efficacit\u00e9 d'une entreprise mondiale, en apportant processus, technologie et bonnes pratiques pour contribuer au d\u00e9veloppement de l'Extr\u00eame-Orient. "},"yoast_head":"<!-- This site is optimized with the Yoast SEO plugin v23.9 - https:\/\/yoast.com\/wordpress\/plugins\/seo\/ -->\n<title>OMIS INDIA. Protagonistes sur les march\u00e9s d&#039;Extr\u00eame-Orient | OMIS<\/title>\n<meta name=\"description\" content=\"Depuis 2021, OMIS India con\u00e7oit, r\u00e9alise et installe des ponts roulants, des installations l\u00e9g\u00e8res et des syst\u00e8mes de manutention personnalis\u00e9s. Notre jeune filiale offre des solutions locales avec l&#039;efficacit\u00e9 d&#039;une entreprise mondiale, en apportant processus, technologie et bonnes pratiques pour contribuer au d\u00e9veloppement de l&#039;Extr\u00eame-Orient.\" \/>\n<meta name=\"robots\" content=\"index, follow, max-snippet:-1, max-image-preview:large, max-video-preview:-1\" \/>\n<meta property=\"og:locale\" content=\"fr_FR\" \/>\n<meta property=\"og:type\" content=\"article\" \/>\n<meta property=\"og:title\" content=\"OMIS INDIA. Protagonistes sur les march\u00e9s d&#039;Extr\u00eame-Orient | OMIS\" \/>\n<meta property=\"og:description\" content=\"Depuis 2021, OMIS India con\u00e7oit, r\u00e9alise et installe des ponts roulants, des installations l\u00e9g\u00e8res et des syst\u00e8mes de manutention personnalis\u00e9s. Notre jeune filiale offre des solutions locales avec l&#039;efficacit\u00e9 d&#039;une entreprise mondiale, en apportant processus, technologie et bonnes pratiques pour contribuer au d\u00e9veloppement de l&#039;Extr\u00eame-Orient.\" \/>\n<meta property=\"og:url\" content=\"https:\/\/www.omis.net\/fr-fr\/born-to-lift\/omis-india\/\" \/>\n<meta property=\"og:site_name\" content=\"Omis Spa\" \/>\n<meta property=\"article:publisher\" content=\"https:\/\/www.facebook.com\/omisgroup\" \/>\n<meta property=\"article:modified_time\" content=\"2025-05-13T10:24:19+00:00\" \/>\n<meta name=\"twitter:card\" content=\"summary_large_image\" \/>\n<script type=\"application\/ld+json\" class=\"yoast-schema-graph\">{\"@context\":\"https:\/\/schema.org\",\"@graph\":[{\"@type\":\"WebPage\",\"@id\":\"https:\/\/www.omis.net\/fr-fr\/born-to-lift\/omis-india\/\",\"url\":\"https:\/\/www.omis.net\/fr-fr\/born-to-lift\/omis-india\/\",\"name\":\"OMIS INDIA. Protagonistes sur les march\u00e9s d'Extr\u00eame-Orient | OMIS\",\"isPartOf\":{\"@id\":\"https:\/\/www.omis.net\/it-it\/#website\"},\"datePublished\":\"2024-04-18T06:49:05+00:00\",\"dateModified\":\"2025-05-13T10:24:19+00:00\",\"description\":\"Depuis 2021, OMIS India con\u00e7oit, r\u00e9alise et installe des ponts roulants, des installations l\u00e9g\u00e8res et des syst\u00e8mes de manutention personnalis\u00e9s. Notre jeune filiale offre des solutions locales avec l'efficacit\u00e9 d'une entreprise mondiale, en apportant processus, technologie et bonnes pratiques pour contribuer au d\u00e9veloppement de l'Extr\u00eame-Orient.\",\"breadcrumb\":{\"@id\":\"https:\/\/www.omis.net\/fr-fr\/born-to-lift\/omis-india\/#breadcrumb\"},\"inLanguage\":\"fr-fr\",\"potentialAction\":[{\"@type\":\"ReadAction\",\"target\":[\"https:\/\/www.omis.net\/fr-fr\/born-to-lift\/omis-india\/\"]}]},{\"@type\":\"BreadcrumbList\",\"@id\":\"https:\/\/www.omis.net\/fr-fr\/born-to-lift\/omis-india\/#breadcrumb\",\"itemListElement\":[{\"@type\":\"ListItem\",\"position\":1,\"name\":\"Home\",\"item\":\"https:\/\/www.omis.net\/fr-fr\/\"},{\"@type\":\"ListItem\",\"position\":2,\"name\":\"Born to lift\",\"item\":\"https:\/\/www.omis.net\/fr-fr\/born-to-lift\/\"},{\"@type\":\"ListItem\",\"position\":3,\"name\":\"OMIS India\"}]},{\"@type\":\"WebSite\",\"@id\":\"https:\/\/www.omis.net\/it-it\/#website\",\"url\":\"https:\/\/www.omis.net\/it-it\/\",\"name\":\"Omis Spa\",\"description\":\"Movimentazione e sollevamento\",\"publisher\":{\"@id\":\"https:\/\/www.omis.net\/it-it\/#organization\"},\"potentialAction\":[{\"@type\":\"SearchAction\",\"target\":{\"@type\":\"EntryPoint\",\"urlTemplate\":\"https:\/\/www.omis.net\/it-it\/?s={search_term_string}\"},\"query-input\":{\"@type\":\"PropertyValueSpecification\",\"valueRequired\":true,\"valueName\":\"search_term_string\"}}],\"inLanguage\":\"fr-fr\"},{\"@type\":\"Organization\",\"@id\":\"https:\/\/www.omis.net\/it-it\/#organization\",\"name\":\"Omis Spa\",\"url\":\"https:\/\/www.omis.net\/it-it\/\",\"logo\":{\"@type\":\"ImageObject\",\"inLanguage\":\"fr-fr\",\"@id\":\"https:\/\/www.omis.net\/it-it\/#\/schema\/logo\/image\/\",\"url\":\"https:\/\/media.omis.net\/media\/2024\/08\/logo.jpg\",\"contentUrl\":\"https:\/\/media.omis.net\/media\/2024\/08\/logo.jpg\",\"width\":300,\"height\":300,\"caption\":\"Omis Spa\"},\"image\":{\"@id\":\"https:\/\/www.omis.net\/it-it\/#\/schema\/logo\/image\/\"},\"sameAs\":[\"https:\/\/www.facebook.com\/omisgroup\",\"https:\/\/www.linkedin.com\/company\/omis-group\",\"https:\/\/www.youtube.com\/channel\/UCS4L59XDk3kKBI9MnjuxWDw\",\"https:\/\/www.instagram.com\/omisgroup\"]}]}<\/script>\n<!-- \/ Yoast SEO plugin. -->","yoast_head_json":{"title":"OMIS INDIA. Protagonistes sur les march\u00e9s d'Extr\u00eame-Orient | OMIS","description":"Depuis 2021, OMIS India con\u00e7oit, r\u00e9alise et installe des ponts roulants, des installations l\u00e9g\u00e8res et des syst\u00e8mes de manutention personnalis\u00e9s. Notre jeune filiale offre des solutions locales avec l'efficacit\u00e9 d'une entreprise mondiale, en apportant processus, technologie et bonnes pratiques pour contribuer au d\u00e9veloppement de l'Extr\u00eame-Orient.","robots":{"index":"index","follow":"follow","max-snippet":"max-snippet:-1","max-image-preview":"max-image-preview:large","max-video-preview":"max-video-preview:-1"},"og_locale":"fr_FR","og_type":"article","og_title":"OMIS INDIA. Protagonistes sur les march\u00e9s d'Extr\u00eame-Orient | OMIS","og_description":"Depuis 2021, OMIS India con\u00e7oit, r\u00e9alise et installe des ponts roulants, des installations l\u00e9g\u00e8res et des syst\u00e8mes de manutention personnalis\u00e9s. Notre jeune filiale offre des solutions locales avec l'efficacit\u00e9 d'une entreprise mondiale, en apportant processus, technologie et bonnes pratiques pour contribuer au d\u00e9veloppement de l'Extr\u00eame-Orient.","og_url":"https:\/\/www.omis.net\/fr-fr\/born-to-lift\/omis-india\/","og_site_name":"Omis Spa","article_publisher":"https:\/\/www.facebook.com\/omisgroup","article_modified_time":"2025-05-13T10:24:19+00:00","twitter_card":"summary_large_image","schema":{"@context":"https:\/\/schema.org","@graph":[{"@type":"WebPage","@id":"https:\/\/www.omis.net\/fr-fr\/born-to-lift\/omis-india\/","url":"https:\/\/www.omis.net\/fr-fr\/born-to-lift\/omis-india\/","name":"OMIS INDIA. Protagonistes sur les march\u00e9s d'Extr\u00eame-Orient | OMIS","isPartOf":{"@id":"https:\/\/www.omis.net\/it-it\/#website"},"datePublished":"2024-04-18T06:49:05+00:00","dateModified":"2025-05-13T10:24:19+00:00","description":"Depuis 2021, OMIS India con\u00e7oit, r\u00e9alise et installe des ponts roulants, des installations l\u00e9g\u00e8res et des syst\u00e8mes de manutention personnalis\u00e9s. Notre jeune filiale offre des solutions locales avec l'efficacit\u00e9 d'une entreprise mondiale, en apportant processus, technologie et bonnes pratiques pour contribuer au d\u00e9veloppement de l'Extr\u00eame-Orient.","breadcrumb":{"@id":"https:\/\/www.omis.net\/fr-fr\/born-to-lift\/omis-india\/#breadcrumb"},"inLanguage":"fr-fr","potentialAction":[{"@type":"ReadAction","target":["https:\/\/www.omis.net\/fr-fr\/born-to-lift\/omis-india\/"]}]},{"@type":"BreadcrumbList","@id":"https:\/\/www.omis.net\/fr-fr\/born-to-lift\/omis-india\/#breadcrumb","itemListElement":[{"@type":"ListItem","position":1,"name":"Home","item":"https:\/\/www.omis.net\/fr-fr\/"},{"@type":"ListItem","position":2,"name":"Born to lift","item":"https:\/\/www.omis.net\/fr-fr\/born-to-lift\/"},{"@type":"ListItem","position":3,"name":"OMIS India"}]},{"@type":"WebSite","@id":"https:\/\/www.omis.net\/it-it\/#website","url":"https:\/\/www.omis.net\/it-it\/","name":"Omis Spa","description":"Movimentazione e sollevamento","publisher":{"@id":"https:\/\/www.omis.net\/it-it\/#organization"},"potentialAction":[{"@type":"SearchAction","target":{"@type":"EntryPoint","urlTemplate":"https:\/\/www.omis.net\/it-it\/?s={search_term_string}"},"query-input":{"@type":"PropertyValueSpecification","valueRequired":true,"valueName":"search_term_string"}}],"inLanguage":"fr-fr"},{"@type":"Organization","@id":"https:\/\/www.omis.net\/it-it\/#organization","name":"Omis Spa","url":"https:\/\/www.omis.net\/it-it\/","logo":{"@type":"ImageObject","inLanguage":"fr-fr","@id":"https:\/\/www.omis.net\/it-it\/#\/schema\/logo\/image\/","url":"https:\/\/media.omis.net\/media\/2024\/08\/logo.jpg","contentUrl":"https:\/\/media.omis.net\/media\/2024\/08\/logo.jpg","width":300,"height":300,"caption":"Omis Spa"},"image":{"@id":"https:\/\/www.omis.net\/it-it\/#\/schema\/logo\/image\/"},"sameAs":["https:\/\/www.facebook.com\/omisgroup","https:\/\/www.linkedin.com\/company\/omis-group","https:\/\/www.youtube.com\/channel\/UCS4L59XDk3kKBI9MnjuxWDw","https:\/\/www.instagram.com\/omisgroup"]}]}},"_links":{"self":[{"href":"https:\/\/www.omis.net\/fr-fr\/wp-json\/wp\/v2\/pages\/6301"}],"collection":[{"href":"https:\/\/www.omis.net\/fr-fr\/wp-json\/wp\/v2\/pages"}],"about":[{"href":"https:\/\/www.omis.net\/fr-fr\/wp-json\/wp\/v2\/types\/page"}],"author":[{"embeddable":true,"href":"https:\/\/www.omis.net\/fr-fr\/wp-json\/wp\/v2\/users\/2"}],"replies":[{"embeddable":true,"href":"https:\/\/www.omis.net\/fr-fr\/wp-json\/wp\/v2\/comments?post=6301"}],"version-history":[{"count":5,"href":"https:\/\/www.omis.net\/fr-fr\/wp-json\/wp\/v2\/pages\/6301\/revisions"}],"predecessor-version":[{"id":17933,"href":"https:\/\/www.omis.net\/fr-fr\/wp-json\/wp\/v2\/pages\/6301\/revisions\/17933"}],"up":[{"embeddable":true,"href":"https:\/\/www.omis.net\/fr-fr\/wp-json\/wp\/v2\/pages\/5827"}],"wp:attachment":[{"href":"https:\/\/www.omis.net\/fr-fr\/wp-json\/wp\/v2\/media?parent=6301"}],"curies":[{"name":"wp","href":"https:\/\/api.w.org\/{rel}","templated":true}]}}