{"id":6030,"date":"2024-04-18T11:22:51","date_gmt":"2024-04-18T09:22:51","guid":{"rendered":"http:\/\/bedrock.local\/born-to-lift\/methode-de-production\/"},"modified":"2024-11-05T17:10:40","modified_gmt":"2024-11-05T16:10:40","slug":"methode-de-production","status":"publish","type":"page","link":"https:\/\/www.omis.net\/fr-fr\/born-to-lift\/methode-de-production\/","title":{"rendered":"M\u00e9thode de production"},"content":{"rendered":"","protected":false},"excerpt":{"rendered":"","protected":false},"author":2,"featured_media":0,"parent":5827,"menu_order":0,"comment_status":"closed","ping_status":"closed","template":"templates\/template-metodo-produttivo.php","meta":{"_acf_changed":false,"footnotes":""},"class_list":["post-6030","page","type-page","status-publish","hentry"],"acf":{"seo_title":"M\u00e9thode de production : Penser et produire \u00e0 grande \u00e9chelle| OMIS","seo_description":"Nous concevons et fabriquons des solutions standard et sp\u00e9ciales en suivant les principes Lean manufacturing. Nous produisons des syst\u00e8mes de pointe, notamment des stations de soudage robotis\u00e9es et des machines de d\u00e9coupe au plasma. L'expertise de notre \u00e9quipe int\u00e8gre une technologie de pointe et une pr\u00e9cision dans les d\u00e9tails.  "},"yoast_head":"<!-- This site is optimized with the Yoast SEO plugin v23.9 - https:\/\/yoast.com\/wordpress\/plugins\/seo\/ -->\n<title>M\u00e9thode de production : Penser et produire \u00e0 grande \u00e9chelle| OMIS<\/title>\n<meta name=\"description\" content=\"Nous concevons et fabriquons des solutions standard et sp\u00e9ciales en suivant les principes Lean manufacturing. Nous produisons des syst\u00e8mes de pointe, notamment des stations de soudage robotis\u00e9es et des machines de d\u00e9coupe au plasma. L&#039;expertise de notre \u00e9quipe int\u00e8gre une technologie de pointe et une pr\u00e9cision dans les d\u00e9tails.\" \/>\n<meta name=\"robots\" content=\"index, follow, max-snippet:-1, max-image-preview:large, max-video-preview:-1\" \/>\n<meta property=\"og:locale\" content=\"fr_FR\" \/>\n<meta property=\"og:type\" content=\"article\" \/>\n<meta property=\"og:title\" content=\"M\u00e9thode de production : Penser et produire \u00e0 grande \u00e9chelle| OMIS\" \/>\n<meta property=\"og:description\" content=\"Nous concevons et fabriquons des solutions standard et sp\u00e9ciales en suivant les principes Lean manufacturing. Nous produisons des syst\u00e8mes de pointe, notamment des stations de soudage robotis\u00e9es et des machines de d\u00e9coupe au plasma. L&#039;expertise de notre \u00e9quipe int\u00e8gre une technologie de pointe et une pr\u00e9cision dans les d\u00e9tails.\" \/>\n<meta property=\"og:url\" content=\"https:\/\/www.omis.net\/fr-fr\/born-to-lift\/methode-de-production\/\" \/>\n<meta property=\"og:site_name\" content=\"Omis Spa\" \/>\n<meta property=\"article:publisher\" content=\"https:\/\/www.facebook.com\/omisgroup\" \/>\n<meta property=\"article:modified_time\" content=\"2024-11-05T16:10:40+00:00\" \/>\n<meta name=\"twitter:card\" content=\"summary_large_image\" \/>\n<script type=\"application\/ld+json\" class=\"yoast-schema-graph\">{\"@context\":\"https:\/\/schema.org\",\"@graph\":[{\"@type\":\"WebPage\",\"@id\":\"https:\/\/www.omis.net\/fr-fr\/born-to-lift\/methode-de-production\/\",\"url\":\"https:\/\/www.omis.net\/fr-fr\/born-to-lift\/methode-de-production\/\",\"name\":\"M\u00e9thode de production : Penser et produire \u00e0 grande \u00e9chelle| OMIS\",\"isPartOf\":{\"@id\":\"https:\/\/www.omis.net\/it-it\/#website\"},\"datePublished\":\"2024-04-18T09:22:51+00:00\",\"dateModified\":\"2024-11-05T16:10:40+00:00\",\"description\":\"Nous concevons et fabriquons des solutions standard et sp\u00e9ciales en suivant les principes Lean manufacturing. Nous produisons des syst\u00e8mes de pointe, notamment des stations de soudage robotis\u00e9es et des machines de d\u00e9coupe au plasma. L'expertise de notre \u00e9quipe int\u00e8gre une technologie de pointe et une pr\u00e9cision dans les d\u00e9tails.\",\"breadcrumb\":{\"@id\":\"https:\/\/www.omis.net\/fr-fr\/born-to-lift\/methode-de-production\/#breadcrumb\"},\"inLanguage\":\"fr-fr\",\"potentialAction\":[{\"@type\":\"ReadAction\",\"target\":[\"https:\/\/www.omis.net\/fr-fr\/born-to-lift\/methode-de-production\/\"]}]},{\"@type\":\"BreadcrumbList\",\"@id\":\"https:\/\/www.omis.net\/fr-fr\/born-to-lift\/methode-de-production\/#breadcrumb\",\"itemListElement\":[{\"@type\":\"ListItem\",\"position\":1,\"name\":\"Home\",\"item\":\"https:\/\/www.omis.net\/fr-fr\/\"},{\"@type\":\"ListItem\",\"position\":2,\"name\":\"Born to lift\",\"item\":\"https:\/\/www.omis.net\/fr-fr\/born-to-lift\/\"},{\"@type\":\"ListItem\",\"position\":3,\"name\":\"M\u00e9thode de production\"}]},{\"@type\":\"WebSite\",\"@id\":\"https:\/\/www.omis.net\/it-it\/#website\",\"url\":\"https:\/\/www.omis.net\/it-it\/\",\"name\":\"Omis Spa\",\"description\":\"Movimentazione e sollevamento\",\"publisher\":{\"@id\":\"https:\/\/www.omis.net\/it-it\/#organization\"},\"potentialAction\":[{\"@type\":\"SearchAction\",\"target\":{\"@type\":\"EntryPoint\",\"urlTemplate\":\"https:\/\/www.omis.net\/it-it\/?s={search_term_string}\"},\"query-input\":{\"@type\":\"PropertyValueSpecification\",\"valueRequired\":true,\"valueName\":\"search_term_string\"}}],\"inLanguage\":\"fr-fr\"},{\"@type\":\"Organization\",\"@id\":\"https:\/\/www.omis.net\/it-it\/#organization\",\"name\":\"Omis Spa\",\"url\":\"https:\/\/www.omis.net\/it-it\/\",\"logo\":{\"@type\":\"ImageObject\",\"inLanguage\":\"fr-fr\",\"@id\":\"https:\/\/www.omis.net\/it-it\/#\/schema\/logo\/image\/\",\"url\":\"https:\/\/media.omis.net\/media\/2024\/08\/logo.jpg\",\"contentUrl\":\"https:\/\/media.omis.net\/media\/2024\/08\/logo.jpg\",\"width\":300,\"height\":300,\"caption\":\"Omis Spa\"},\"image\":{\"@id\":\"https:\/\/www.omis.net\/it-it\/#\/schema\/logo\/image\/\"},\"sameAs\":[\"https:\/\/www.facebook.com\/omisgroup\",\"https:\/\/www.linkedin.com\/company\/omis-group\",\"https:\/\/www.youtube.com\/channel\/UCS4L59XDk3kKBI9MnjuxWDw\",\"https:\/\/www.instagram.com\/omisgroup\"]}]}<\/script>\n<!-- \/ Yoast SEO plugin. -->","yoast_head_json":{"title":"M\u00e9thode de production : Penser et produire \u00e0 grande \u00e9chelle| OMIS","description":"Nous concevons et fabriquons des solutions standard et sp\u00e9ciales en suivant les principes Lean manufacturing. Nous produisons des syst\u00e8mes de pointe, notamment des stations de soudage robotis\u00e9es et des machines de d\u00e9coupe au plasma. L'expertise de notre \u00e9quipe int\u00e8gre une technologie de pointe et une pr\u00e9cision dans les d\u00e9tails.","robots":{"index":"index","follow":"follow","max-snippet":"max-snippet:-1","max-image-preview":"max-image-preview:large","max-video-preview":"max-video-preview:-1"},"og_locale":"fr_FR","og_type":"article","og_title":"M\u00e9thode de production : Penser et produire \u00e0 grande \u00e9chelle| OMIS","og_description":"Nous concevons et fabriquons des solutions standard et sp\u00e9ciales en suivant les principes Lean manufacturing. Nous produisons des syst\u00e8mes de pointe, notamment des stations de soudage robotis\u00e9es et des machines de d\u00e9coupe au plasma. L'expertise de notre \u00e9quipe int\u00e8gre une technologie de pointe et une pr\u00e9cision dans les d\u00e9tails.","og_url":"https:\/\/www.omis.net\/fr-fr\/born-to-lift\/methode-de-production\/","og_site_name":"Omis Spa","article_publisher":"https:\/\/www.facebook.com\/omisgroup","article_modified_time":"2024-11-05T16:10:40+00:00","twitter_card":"summary_large_image","schema":{"@context":"https:\/\/schema.org","@graph":[{"@type":"WebPage","@id":"https:\/\/www.omis.net\/fr-fr\/born-to-lift\/methode-de-production\/","url":"https:\/\/www.omis.net\/fr-fr\/born-to-lift\/methode-de-production\/","name":"M\u00e9thode de production : Penser et produire \u00e0 grande \u00e9chelle| OMIS","isPartOf":{"@id":"https:\/\/www.omis.net\/it-it\/#website"},"datePublished":"2024-04-18T09:22:51+00:00","dateModified":"2024-11-05T16:10:40+00:00","description":"Nous concevons et fabriquons des solutions standard et sp\u00e9ciales en suivant les principes Lean manufacturing. Nous produisons des syst\u00e8mes de pointe, notamment des stations de soudage robotis\u00e9es et des machines de d\u00e9coupe au plasma. L'expertise de notre \u00e9quipe int\u00e8gre une technologie de pointe et une pr\u00e9cision dans les d\u00e9tails.","breadcrumb":{"@id":"https:\/\/www.omis.net\/fr-fr\/born-to-lift\/methode-de-production\/#breadcrumb"},"inLanguage":"fr-fr","potentialAction":[{"@type":"ReadAction","target":["https:\/\/www.omis.net\/fr-fr\/born-to-lift\/methode-de-production\/"]}]},{"@type":"BreadcrumbList","@id":"https:\/\/www.omis.net\/fr-fr\/born-to-lift\/methode-de-production\/#breadcrumb","itemListElement":[{"@type":"ListItem","position":1,"name":"Home","item":"https:\/\/www.omis.net\/fr-fr\/"},{"@type":"ListItem","position":2,"name":"Born to lift","item":"https:\/\/www.omis.net\/fr-fr\/born-to-lift\/"},{"@type":"ListItem","position":3,"name":"M\u00e9thode de production"}]},{"@type":"WebSite","@id":"https:\/\/www.omis.net\/it-it\/#website","url":"https:\/\/www.omis.net\/it-it\/","name":"Omis Spa","description":"Movimentazione e sollevamento","publisher":{"@id":"https:\/\/www.omis.net\/it-it\/#organization"},"potentialAction":[{"@type":"SearchAction","target":{"@type":"EntryPoint","urlTemplate":"https:\/\/www.omis.net\/it-it\/?s={search_term_string}"},"query-input":{"@type":"PropertyValueSpecification","valueRequired":true,"valueName":"search_term_string"}}],"inLanguage":"fr-fr"},{"@type":"Organization","@id":"https:\/\/www.omis.net\/it-it\/#organization","name":"Omis Spa","url":"https:\/\/www.omis.net\/it-it\/","logo":{"@type":"ImageObject","inLanguage":"fr-fr","@id":"https:\/\/www.omis.net\/it-it\/#\/schema\/logo\/image\/","url":"https:\/\/media.omis.net\/media\/2024\/08\/logo.jpg","contentUrl":"https:\/\/media.omis.net\/media\/2024\/08\/logo.jpg","width":300,"height":300,"caption":"Omis Spa"},"image":{"@id":"https:\/\/www.omis.net\/it-it\/#\/schema\/logo\/image\/"},"sameAs":["https:\/\/www.facebook.com\/omisgroup","https:\/\/www.linkedin.com\/company\/omis-group","https:\/\/www.youtube.com\/channel\/UCS4L59XDk3kKBI9MnjuxWDw","https:\/\/www.instagram.com\/omisgroup"]}]}},"_links":{"self":[{"href":"https:\/\/www.omis.net\/fr-fr\/wp-json\/wp\/v2\/pages\/6030"}],"collection":[{"href":"https:\/\/www.omis.net\/fr-fr\/wp-json\/wp\/v2\/pages"}],"about":[{"href":"https:\/\/www.omis.net\/fr-fr\/wp-json\/wp\/v2\/types\/page"}],"author":[{"embeddable":true,"href":"https:\/\/www.omis.net\/fr-fr\/wp-json\/wp\/v2\/users\/2"}],"replies":[{"embeddable":true,"href":"https:\/\/www.omis.net\/fr-fr\/wp-json\/wp\/v2\/comments?post=6030"}],"version-history":[{"count":0,"href":"https:\/\/www.omis.net\/fr-fr\/wp-json\/wp\/v2\/pages\/6030\/revisions"}],"up":[{"embeddable":true,"href":"https:\/\/www.omis.net\/fr-fr\/wp-json\/wp\/v2\/pages\/5827"}],"wp:attachment":[{"href":"https:\/\/www.omis.net\/fr-fr\/wp-json\/wp\/v2\/media?parent=6030"}],"curies":[{"name":"wp","href":"https:\/\/api.w.org\/{rel}","templated":true}]}}