{"id":5976,"date":"2024-04-03T12:37:54","date_gmt":"2024-04-03T10:37:54","guid":{"rendered":"http:\/\/bedrock.local\/born-to-lift\/mission-philosophy\/"},"modified":"2025-04-02T12:14:41","modified_gmt":"2025-04-02T10:14:41","slug":"mission-philosophy","status":"publish","type":"page","link":"https:\/\/www.omis.net\/fr-fr\/born-to-lift\/mission-philosophy\/","title":{"rendered":"Mission &amp; Philosophy"},"content":{"rendered":"","protected":false},"excerpt":{"rendered":"","protected":false},"author":2,"featured_media":0,"parent":5827,"menu_order":0,"comment_status":"closed","ping_status":"closed","template":"templates\/template-mission-philosophy.php","meta":{"_acf_changed":false,"footnotes":""},"class_list":["post-5976","page","type-page","status-publish","hentry"],"acf":{"seo_title":"Notre mission : ambition, attention, int\u00e9grit\u00e9 et passion. Nous les portons vers le futur. | OMIS  ","seo_description":"OMIS, avec son r\u00e9seau mondial, est une r\u00e9f\u00e9rence pour le levage et la manutention. Nous proposons des solutions innovantes et s\u00fbres, qui r\u00e9duisent le temps et le gaspillage. Avec courage et ambition, nous d\u00e9passons les attentes et nous nous am\u00e9liorons continuellement, en assurant la satisfaction et le bien-\u00eatre des clients et des employ\u00e9s.  "},"yoast_head":"<!-- This site is optimized with the Yoast SEO plugin v23.9 - https:\/\/yoast.com\/wordpress\/plugins\/seo\/ -->\n<title>Notre mission : ambition, attention, int\u00e9grit\u00e9 et passion. Nous les portons vers le futur. | OMIS<\/title>\n<meta name=\"description\" content=\"OMIS, avec son r\u00e9seau mondial, est une r\u00e9f\u00e9rence pour le levage et la manutention. Nous proposons des solutions innovantes et s\u00fbres, qui r\u00e9duisent le temps et le gaspillage. Avec courage et ambition, nous d\u00e9passons les attentes et nous nous am\u00e9liorons continuellement, en assurant la satisfaction et le bien-\u00eatre des clients et des employ\u00e9s.\" \/>\n<meta name=\"robots\" content=\"index, follow, max-snippet:-1, max-image-preview:large, max-video-preview:-1\" \/>\n<meta property=\"og:locale\" content=\"fr_FR\" \/>\n<meta property=\"og:type\" content=\"article\" \/>\n<meta property=\"og:title\" content=\"Notre mission : ambition, attention, int\u00e9grit\u00e9 et passion. Nous les portons vers le futur. | OMIS\" \/>\n<meta property=\"og:description\" content=\"OMIS, avec son r\u00e9seau mondial, est une r\u00e9f\u00e9rence pour le levage et la manutention. Nous proposons des solutions innovantes et s\u00fbres, qui r\u00e9duisent le temps et le gaspillage. Avec courage et ambition, nous d\u00e9passons les attentes et nous nous am\u00e9liorons continuellement, en assurant la satisfaction et le bien-\u00eatre des clients et des employ\u00e9s.\" \/>\n<meta property=\"og:url\" content=\"https:\/\/www.omis.net\/fr-fr\/born-to-lift\/mission-philosophy\/\" \/>\n<meta property=\"og:site_name\" content=\"Omis Spa\" \/>\n<meta property=\"article:publisher\" content=\"https:\/\/www.facebook.com\/omisgroup\" \/>\n<meta property=\"article:modified_time\" content=\"2025-04-02T10:14:41+00:00\" \/>\n<meta name=\"twitter:card\" content=\"summary_large_image\" \/>\n<script type=\"application\/ld+json\" class=\"yoast-schema-graph\">{\"@context\":\"https:\/\/schema.org\",\"@graph\":[{\"@type\":\"WebPage\",\"@id\":\"https:\/\/www.omis.net\/fr-fr\/born-to-lift\/mission-philosophy\/\",\"url\":\"https:\/\/www.omis.net\/fr-fr\/born-to-lift\/mission-philosophy\/\",\"name\":\"Notre mission : ambition, attention, int\u00e9grit\u00e9 et passion. Nous les portons vers le futur. | OMIS\",\"isPartOf\":{\"@id\":\"https:\/\/www.omis.net\/it-it\/#website\"},\"datePublished\":\"2024-04-03T10:37:54+00:00\",\"dateModified\":\"2025-04-02T10:14:41+00:00\",\"description\":\"OMIS, avec son r\u00e9seau mondial, est une r\u00e9f\u00e9rence pour le levage et la manutention. Nous proposons des solutions innovantes et s\u00fbres, qui r\u00e9duisent le temps et le gaspillage. Avec courage et ambition, nous d\u00e9passons les attentes et nous nous am\u00e9liorons continuellement, en assurant la satisfaction et le bien-\u00eatre des clients et des employ\u00e9s.\",\"breadcrumb\":{\"@id\":\"https:\/\/www.omis.net\/fr-fr\/born-to-lift\/mission-philosophy\/#breadcrumb\"},\"inLanguage\":\"fr-fr\",\"potentialAction\":[{\"@type\":\"ReadAction\",\"target\":[\"https:\/\/www.omis.net\/fr-fr\/born-to-lift\/mission-philosophy\/\"]}]},{\"@type\":\"BreadcrumbList\",\"@id\":\"https:\/\/www.omis.net\/fr-fr\/born-to-lift\/mission-philosophy\/#breadcrumb\",\"itemListElement\":[{\"@type\":\"ListItem\",\"position\":1,\"name\":\"Home\",\"item\":\"https:\/\/www.omis.net\/fr-fr\/\"},{\"@type\":\"ListItem\",\"position\":2,\"name\":\"Born to lift\",\"item\":\"https:\/\/www.omis.net\/fr-fr\/born-to-lift\/\"},{\"@type\":\"ListItem\",\"position\":3,\"name\":\"Mission &amp; Philosophy\"}]},{\"@type\":\"WebSite\",\"@id\":\"https:\/\/www.omis.net\/it-it\/#website\",\"url\":\"https:\/\/www.omis.net\/it-it\/\",\"name\":\"Omis Spa\",\"description\":\"Movimentazione e sollevamento\",\"publisher\":{\"@id\":\"https:\/\/www.omis.net\/it-it\/#organization\"},\"potentialAction\":[{\"@type\":\"SearchAction\",\"target\":{\"@type\":\"EntryPoint\",\"urlTemplate\":\"https:\/\/www.omis.net\/it-it\/?s={search_term_string}\"},\"query-input\":{\"@type\":\"PropertyValueSpecification\",\"valueRequired\":true,\"valueName\":\"search_term_string\"}}],\"inLanguage\":\"fr-fr\"},{\"@type\":\"Organization\",\"@id\":\"https:\/\/www.omis.net\/it-it\/#organization\",\"name\":\"Omis Spa\",\"url\":\"https:\/\/www.omis.net\/it-it\/\",\"logo\":{\"@type\":\"ImageObject\",\"inLanguage\":\"fr-fr\",\"@id\":\"https:\/\/www.omis.net\/it-it\/#\/schema\/logo\/image\/\",\"url\":\"https:\/\/media.omis.net\/media\/2024\/08\/logo.jpg\",\"contentUrl\":\"https:\/\/media.omis.net\/media\/2024\/08\/logo.jpg\",\"width\":300,\"height\":300,\"caption\":\"Omis Spa\"},\"image\":{\"@id\":\"https:\/\/www.omis.net\/it-it\/#\/schema\/logo\/image\/\"},\"sameAs\":[\"https:\/\/www.facebook.com\/omisgroup\",\"https:\/\/www.linkedin.com\/company\/omis-group\",\"https:\/\/www.youtube.com\/channel\/UCS4L59XDk3kKBI9MnjuxWDw\",\"https:\/\/www.instagram.com\/omisgroup\"]}]}<\/script>\n<!-- \/ Yoast SEO plugin. -->","yoast_head_json":{"title":"Notre mission : ambition, attention, int\u00e9grit\u00e9 et passion. Nous les portons vers le futur. | OMIS","description":"OMIS, avec son r\u00e9seau mondial, est une r\u00e9f\u00e9rence pour le levage et la manutention. Nous proposons des solutions innovantes et s\u00fbres, qui r\u00e9duisent le temps et le gaspillage. Avec courage et ambition, nous d\u00e9passons les attentes et nous nous am\u00e9liorons continuellement, en assurant la satisfaction et le bien-\u00eatre des clients et des employ\u00e9s.","robots":{"index":"index","follow":"follow","max-snippet":"max-snippet:-1","max-image-preview":"max-image-preview:large","max-video-preview":"max-video-preview:-1"},"og_locale":"fr_FR","og_type":"article","og_title":"Notre mission : ambition, attention, int\u00e9grit\u00e9 et passion. Nous les portons vers le futur. | OMIS","og_description":"OMIS, avec son r\u00e9seau mondial, est une r\u00e9f\u00e9rence pour le levage et la manutention. Nous proposons des solutions innovantes et s\u00fbres, qui r\u00e9duisent le temps et le gaspillage. Avec courage et ambition, nous d\u00e9passons les attentes et nous nous am\u00e9liorons continuellement, en assurant la satisfaction et le bien-\u00eatre des clients et des employ\u00e9s.","og_url":"https:\/\/www.omis.net\/fr-fr\/born-to-lift\/mission-philosophy\/","og_site_name":"Omis Spa","article_publisher":"https:\/\/www.facebook.com\/omisgroup","article_modified_time":"2025-04-02T10:14:41+00:00","twitter_card":"summary_large_image","schema":{"@context":"https:\/\/schema.org","@graph":[{"@type":"WebPage","@id":"https:\/\/www.omis.net\/fr-fr\/born-to-lift\/mission-philosophy\/","url":"https:\/\/www.omis.net\/fr-fr\/born-to-lift\/mission-philosophy\/","name":"Notre mission : ambition, attention, int\u00e9grit\u00e9 et passion. Nous les portons vers le futur. | OMIS","isPartOf":{"@id":"https:\/\/www.omis.net\/it-it\/#website"},"datePublished":"2024-04-03T10:37:54+00:00","dateModified":"2025-04-02T10:14:41+00:00","description":"OMIS, avec son r\u00e9seau mondial, est une r\u00e9f\u00e9rence pour le levage et la manutention. Nous proposons des solutions innovantes et s\u00fbres, qui r\u00e9duisent le temps et le gaspillage. Avec courage et ambition, nous d\u00e9passons les attentes et nous nous am\u00e9liorons continuellement, en assurant la satisfaction et le bien-\u00eatre des clients et des employ\u00e9s.","breadcrumb":{"@id":"https:\/\/www.omis.net\/fr-fr\/born-to-lift\/mission-philosophy\/#breadcrumb"},"inLanguage":"fr-fr","potentialAction":[{"@type":"ReadAction","target":["https:\/\/www.omis.net\/fr-fr\/born-to-lift\/mission-philosophy\/"]}]},{"@type":"BreadcrumbList","@id":"https:\/\/www.omis.net\/fr-fr\/born-to-lift\/mission-philosophy\/#breadcrumb","itemListElement":[{"@type":"ListItem","position":1,"name":"Home","item":"https:\/\/www.omis.net\/fr-fr\/"},{"@type":"ListItem","position":2,"name":"Born to lift","item":"https:\/\/www.omis.net\/fr-fr\/born-to-lift\/"},{"@type":"ListItem","position":3,"name":"Mission &amp; Philosophy"}]},{"@type":"WebSite","@id":"https:\/\/www.omis.net\/it-it\/#website","url":"https:\/\/www.omis.net\/it-it\/","name":"Omis Spa","description":"Movimentazione e sollevamento","publisher":{"@id":"https:\/\/www.omis.net\/it-it\/#organization"},"potentialAction":[{"@type":"SearchAction","target":{"@type":"EntryPoint","urlTemplate":"https:\/\/www.omis.net\/it-it\/?s={search_term_string}"},"query-input":{"@type":"PropertyValueSpecification","valueRequired":true,"valueName":"search_term_string"}}],"inLanguage":"fr-fr"},{"@type":"Organization","@id":"https:\/\/www.omis.net\/it-it\/#organization","name":"Omis Spa","url":"https:\/\/www.omis.net\/it-it\/","logo":{"@type":"ImageObject","inLanguage":"fr-fr","@id":"https:\/\/www.omis.net\/it-it\/#\/schema\/logo\/image\/","url":"https:\/\/media.omis.net\/media\/2024\/08\/logo.jpg","contentUrl":"https:\/\/media.omis.net\/media\/2024\/08\/logo.jpg","width":300,"height":300,"caption":"Omis Spa"},"image":{"@id":"https:\/\/www.omis.net\/it-it\/#\/schema\/logo\/image\/"},"sameAs":["https:\/\/www.facebook.com\/omisgroup","https:\/\/www.linkedin.com\/company\/omis-group","https:\/\/www.youtube.com\/channel\/UCS4L59XDk3kKBI9MnjuxWDw","https:\/\/www.instagram.com\/omisgroup"]}]}},"_links":{"self":[{"href":"https:\/\/www.omis.net\/fr-fr\/wp-json\/wp\/v2\/pages\/5976"}],"collection":[{"href":"https:\/\/www.omis.net\/fr-fr\/wp-json\/wp\/v2\/pages"}],"about":[{"href":"https:\/\/www.omis.net\/fr-fr\/wp-json\/wp\/v2\/types\/page"}],"author":[{"embeddable":true,"href":"https:\/\/www.omis.net\/fr-fr\/wp-json\/wp\/v2\/users\/2"}],"replies":[{"embeddable":true,"href":"https:\/\/www.omis.net\/fr-fr\/wp-json\/wp\/v2\/comments?post=5976"}],"version-history":[{"count":1,"href":"https:\/\/www.omis.net\/fr-fr\/wp-json\/wp\/v2\/pages\/5976\/revisions"}],"predecessor-version":[{"id":17629,"href":"https:\/\/www.omis.net\/fr-fr\/wp-json\/wp\/v2\/pages\/5976\/revisions\/17629"}],"up":[{"embeddable":true,"href":"https:\/\/www.omis.net\/fr-fr\/wp-json\/wp\/v2\/pages\/5827"}],"wp:attachment":[{"href":"https:\/\/www.omis.net\/fr-fr\/wp-json\/wp\/v2\/media?parent=5976"}],"curies":[{"name":"wp","href":"https:\/\/api.w.org\/{rel}","templated":true}]}}