{"id":5827,"date":"2024-03-22T14:13:05","date_gmt":"2024-03-22T13:13:05","guid":{"rendered":"http:\/\/bedrock.local\/born-to-lift\/"},"modified":"2025-01-14T07:42:51","modified_gmt":"2025-01-14T06:42:51","slug":"born-to-lift","status":"publish","type":"page","link":"https:\/\/www.omis.net\/fr-fr\/born-to-lift\/","title":{"rendered":"Born to lift"},"content":{"rendered":"","protected":false},"excerpt":{"rendered":"","protected":false},"author":2,"featured_media":0,"parent":0,"menu_order":0,"comment_status":"closed","ping_status":"closed","template":"templates\/template-about.php","meta":{"_acf_changed":true,"footnotes":""},"class_list":["post-5827","page","type-page","status-publish","hentry"],"acf":{"seo_title":"N\u00e9s pour soulever. Faits pour d\u00e9velopper.| OMIS  ","seo_description":"OMIS est un leader mondial des syst\u00e8mes de levage et de manutention. Nous offrons des solutions excellentes, s\u00fbres et durables pour diff\u00e9rents secteurs, en nous concentrant sur l'innovation continue et la r\u00e9duction de l'impact sur l'environnement, tout en garantissant un environnement de travail \u00e9quitable et gratifiant. "},"yoast_head":"<!-- This site is optimized with the Yoast SEO plugin v23.9 - https:\/\/yoast.com\/wordpress\/plugins\/seo\/ -->\n<title>N\u00e9s pour soulever. Faits pour d\u00e9velopper.| OMIS<\/title>\n<meta name=\"description\" content=\"OMIS est un leader mondial des syst\u00e8mes de levage et de manutention. Nous offrons des solutions excellentes, s\u00fbres et durables pour diff\u00e9rents secteurs, en nous concentrant sur l&#039;innovation continue et la r\u00e9duction de l&#039;impact sur l&#039;environnement, tout en garantissant un environnement de travail \u00e9quitable et gratifiant.\" \/>\n<meta name=\"robots\" content=\"index, follow, max-snippet:-1, max-image-preview:large, max-video-preview:-1\" \/>\n<meta property=\"og:locale\" content=\"fr_FR\" \/>\n<meta property=\"og:type\" content=\"article\" \/>\n<meta property=\"og:title\" content=\"N\u00e9s pour soulever. Faits pour d\u00e9velopper.| OMIS\" \/>\n<meta property=\"og:description\" content=\"OMIS est un leader mondial des syst\u00e8mes de levage et de manutention. Nous offrons des solutions excellentes, s\u00fbres et durables pour diff\u00e9rents secteurs, en nous concentrant sur l&#039;innovation continue et la r\u00e9duction de l&#039;impact sur l&#039;environnement, tout en garantissant un environnement de travail \u00e9quitable et gratifiant.\" \/>\n<meta property=\"og:url\" content=\"https:\/\/www.omis.net\/fr-fr\/born-to-lift\/\" \/>\n<meta property=\"og:site_name\" content=\"Omis Spa\" \/>\n<meta property=\"article:publisher\" content=\"https:\/\/www.facebook.com\/omisgroup\" \/>\n<meta property=\"article:modified_time\" content=\"2025-01-14T06:42:51+00:00\" \/>\n<meta name=\"twitter:card\" content=\"summary_large_image\" \/>\n<script type=\"application\/ld+json\" class=\"yoast-schema-graph\">{\"@context\":\"https:\/\/schema.org\",\"@graph\":[{\"@type\":\"WebPage\",\"@id\":\"https:\/\/www.omis.net\/fr-fr\/born-to-lift\/\",\"url\":\"https:\/\/www.omis.net\/fr-fr\/born-to-lift\/\",\"name\":\"N\u00e9s pour soulever. Faits pour d\u00e9velopper.| OMIS\",\"isPartOf\":{\"@id\":\"https:\/\/www.omis.net\/it-it\/#website\"},\"datePublished\":\"2024-03-22T13:13:05+00:00\",\"dateModified\":\"2025-01-14T06:42:51+00:00\",\"description\":\"OMIS est un leader mondial des syst\u00e8mes de levage et de manutention. Nous offrons des solutions excellentes, s\u00fbres et durables pour diff\u00e9rents secteurs, en nous concentrant sur l'innovation continue et la r\u00e9duction de l'impact sur l'environnement, tout en garantissant un environnement de travail \u00e9quitable et gratifiant.\",\"breadcrumb\":{\"@id\":\"https:\/\/www.omis.net\/fr-fr\/born-to-lift\/#breadcrumb\"},\"inLanguage\":\"fr-fr\",\"potentialAction\":[{\"@type\":\"ReadAction\",\"target\":[\"https:\/\/www.omis.net\/fr-fr\/born-to-lift\/\"]}]},{\"@type\":\"BreadcrumbList\",\"@id\":\"https:\/\/www.omis.net\/fr-fr\/born-to-lift\/#breadcrumb\",\"itemListElement\":[{\"@type\":\"ListItem\",\"position\":1,\"name\":\"Home\",\"item\":\"https:\/\/www.omis.net\/fr-fr\/\"},{\"@type\":\"ListItem\",\"position\":2,\"name\":\"Born to lift\"}]},{\"@type\":\"WebSite\",\"@id\":\"https:\/\/www.omis.net\/it-it\/#website\",\"url\":\"https:\/\/www.omis.net\/it-it\/\",\"name\":\"Omis Spa\",\"description\":\"Movimentazione e sollevamento\",\"publisher\":{\"@id\":\"https:\/\/www.omis.net\/it-it\/#organization\"},\"potentialAction\":[{\"@type\":\"SearchAction\",\"target\":{\"@type\":\"EntryPoint\",\"urlTemplate\":\"https:\/\/www.omis.net\/it-it\/?s={search_term_string}\"},\"query-input\":{\"@type\":\"PropertyValueSpecification\",\"valueRequired\":true,\"valueName\":\"search_term_string\"}}],\"inLanguage\":\"fr-fr\"},{\"@type\":\"Organization\",\"@id\":\"https:\/\/www.omis.net\/it-it\/#organization\",\"name\":\"Omis Spa\",\"url\":\"https:\/\/www.omis.net\/it-it\/\",\"logo\":{\"@type\":\"ImageObject\",\"inLanguage\":\"fr-fr\",\"@id\":\"https:\/\/www.omis.net\/it-it\/#\/schema\/logo\/image\/\",\"url\":\"https:\/\/media.omis.net\/media\/2024\/08\/logo.jpg\",\"contentUrl\":\"https:\/\/media.omis.net\/media\/2024\/08\/logo.jpg\",\"width\":300,\"height\":300,\"caption\":\"Omis Spa\"},\"image\":{\"@id\":\"https:\/\/www.omis.net\/it-it\/#\/schema\/logo\/image\/\"},\"sameAs\":[\"https:\/\/www.facebook.com\/omisgroup\",\"https:\/\/www.linkedin.com\/company\/omis-group\",\"https:\/\/www.youtube.com\/channel\/UCS4L59XDk3kKBI9MnjuxWDw\",\"https:\/\/www.instagram.com\/omisgroup\"]}]}<\/script>\n<!-- \/ Yoast SEO plugin. -->","yoast_head_json":{"title":"N\u00e9s pour soulever. Faits pour d\u00e9velopper.| OMIS","description":"OMIS est un leader mondial des syst\u00e8mes de levage et de manutention. Nous offrons des solutions excellentes, s\u00fbres et durables pour diff\u00e9rents secteurs, en nous concentrant sur l'innovation continue et la r\u00e9duction de l'impact sur l'environnement, tout en garantissant un environnement de travail \u00e9quitable et gratifiant.","robots":{"index":"index","follow":"follow","max-snippet":"max-snippet:-1","max-image-preview":"max-image-preview:large","max-video-preview":"max-video-preview:-1"},"og_locale":"fr_FR","og_type":"article","og_title":"N\u00e9s pour soulever. Faits pour d\u00e9velopper.| OMIS","og_description":"OMIS est un leader mondial des syst\u00e8mes de levage et de manutention. Nous offrons des solutions excellentes, s\u00fbres et durables pour diff\u00e9rents secteurs, en nous concentrant sur l'innovation continue et la r\u00e9duction de l'impact sur l'environnement, tout en garantissant un environnement de travail \u00e9quitable et gratifiant.","og_url":"https:\/\/www.omis.net\/fr-fr\/born-to-lift\/","og_site_name":"Omis Spa","article_publisher":"https:\/\/www.facebook.com\/omisgroup","article_modified_time":"2025-01-14T06:42:51+00:00","twitter_card":"summary_large_image","schema":{"@context":"https:\/\/schema.org","@graph":[{"@type":"WebPage","@id":"https:\/\/www.omis.net\/fr-fr\/born-to-lift\/","url":"https:\/\/www.omis.net\/fr-fr\/born-to-lift\/","name":"N\u00e9s pour soulever. Faits pour d\u00e9velopper.| OMIS","isPartOf":{"@id":"https:\/\/www.omis.net\/it-it\/#website"},"datePublished":"2024-03-22T13:13:05+00:00","dateModified":"2025-01-14T06:42:51+00:00","description":"OMIS est un leader mondial des syst\u00e8mes de levage et de manutention. Nous offrons des solutions excellentes, s\u00fbres et durables pour diff\u00e9rents secteurs, en nous concentrant sur l'innovation continue et la r\u00e9duction de l'impact sur l'environnement, tout en garantissant un environnement de travail \u00e9quitable et gratifiant.","breadcrumb":{"@id":"https:\/\/www.omis.net\/fr-fr\/born-to-lift\/#breadcrumb"},"inLanguage":"fr-fr","potentialAction":[{"@type":"ReadAction","target":["https:\/\/www.omis.net\/fr-fr\/born-to-lift\/"]}]},{"@type":"BreadcrumbList","@id":"https:\/\/www.omis.net\/fr-fr\/born-to-lift\/#breadcrumb","itemListElement":[{"@type":"ListItem","position":1,"name":"Home","item":"https:\/\/www.omis.net\/fr-fr\/"},{"@type":"ListItem","position":2,"name":"Born to lift"}]},{"@type":"WebSite","@id":"https:\/\/www.omis.net\/it-it\/#website","url":"https:\/\/www.omis.net\/it-it\/","name":"Omis Spa","description":"Movimentazione e sollevamento","publisher":{"@id":"https:\/\/www.omis.net\/it-it\/#organization"},"potentialAction":[{"@type":"SearchAction","target":{"@type":"EntryPoint","urlTemplate":"https:\/\/www.omis.net\/it-it\/?s={search_term_string}"},"query-input":{"@type":"PropertyValueSpecification","valueRequired":true,"valueName":"search_term_string"}}],"inLanguage":"fr-fr"},{"@type":"Organization","@id":"https:\/\/www.omis.net\/it-it\/#organization","name":"Omis Spa","url":"https:\/\/www.omis.net\/it-it\/","logo":{"@type":"ImageObject","inLanguage":"fr-fr","@id":"https:\/\/www.omis.net\/it-it\/#\/schema\/logo\/image\/","url":"https:\/\/media.omis.net\/media\/2024\/08\/logo.jpg","contentUrl":"https:\/\/media.omis.net\/media\/2024\/08\/logo.jpg","width":300,"height":300,"caption":"Omis Spa"},"image":{"@id":"https:\/\/www.omis.net\/it-it\/#\/schema\/logo\/image\/"},"sameAs":["https:\/\/www.facebook.com\/omisgroup","https:\/\/www.linkedin.com\/company\/omis-group","https:\/\/www.youtube.com\/channel\/UCS4L59XDk3kKBI9MnjuxWDw","https:\/\/www.instagram.com\/omisgroup"]}]}},"_links":{"self":[{"href":"https:\/\/www.omis.net\/fr-fr\/wp-json\/wp\/v2\/pages\/5827"}],"collection":[{"href":"https:\/\/www.omis.net\/fr-fr\/wp-json\/wp\/v2\/pages"}],"about":[{"href":"https:\/\/www.omis.net\/fr-fr\/wp-json\/wp\/v2\/types\/page"}],"author":[{"embeddable":true,"href":"https:\/\/www.omis.net\/fr-fr\/wp-json\/wp\/v2\/users\/2"}],"replies":[{"embeddable":true,"href":"https:\/\/www.omis.net\/fr-fr\/wp-json\/wp\/v2\/comments?post=5827"}],"version-history":[{"count":0,"href":"https:\/\/www.omis.net\/fr-fr\/wp-json\/wp\/v2\/pages\/5827\/revisions"}],"wp:attachment":[{"href":"https:\/\/www.omis.net\/fr-fr\/wp-json\/wp\/v2\/media?parent=5827"}],"curies":[{"name":"wp","href":"https:\/\/api.w.org\/{rel}","templated":true}]}}