{"id":7396,"date":"2024-12-18T11:04:00","date_gmt":"2024-12-18T10:04:00","guid":{"rendered":"http:\/\/bedrock.local\/product\/motorizado\/"},"modified":"2026-03-03T14:43:20","modified_gmt":"2026-03-03T13:43:20","slug":"sistemas-ligeros-electrica","status":"publish","type":"product","link":"https:\/\/www.omis.net\/es-es\/producto\/sistemas-ligeros-electrica\/","title":{"rendered":"Sistemas ligeros el\u00e9ctrica"},"content":{"rendered":"","protected":false},"featured_media":13925,"parent":0,"template":"","caratteristica-prodotto":[],"tipologia-prodotto":[709,751],"class_list":["post-7396","product","type-product","status-publish","has-post-thumbnail","hentry","tipologia-prodotto-gruas-para-puestos-de-trabajo","tipologia-prodotto-sistemas-ligeros"],"acf":{"import_csv_id":"41","prodotto_generale_sku":"GSE","prodotto_listing_card_descrizione":"La gr\u00faa suspendida el\u00e9ctrica desplaza el material dentro de la planta y deja libre el suelo para las dem\u00e1s actividades de producci\u00f3n.","prodotto_listing_card_caratteristiche":null,"prodotto_page_gradient_hero":false,"prodotto_page_titolo_hero":"Mercanc\u00eda en movimiento, espacio a disposici\u00f3n.","prodotto_page_gallery_hero":[13918],"prodotto_page_descrizione_3_colonne_posizione":false,"prodotto_page_descrizione_3_colonne":[{"valore":"125","unita_di_misura":"kg","etichetta":"Capacidad m\u00edn."},{"valore":"3200","unita_di_misura":"kg","etichetta":"Capacidad m\u00e1x."},{"valore":"10","unita_di_misura":"m","etichetta":"Anchura m\u00e1x."}],"prodotto_page_descrizione_titolo":"Sistemas ligeros motorizados con capacidad hasta 5.000 kg","prodotto_page_descrizione_3_colonne_testo":"<strong>OMIS dise\u00f1a y fabrica equipos de elevaci\u00f3n suspendidos, con carriles de viga laminada doble T, para el deslizamiento motorizado del puente. La gr\u00faa se desliza el\u00e9ctricamente por los carriles situados en altura respecto al suelo que por tanto est\u00e1 despejado y disponible para las actividades de producci\u00f3n.<\/strong>\r\n\r\nEl equipo suspendido, en la versi\u00f3n monoviga, se fabrica para manipular la mercanc\u00eda dentro de una planta de producci\u00f3n o en las l\u00edneas de montaje. La gr\u00faa suspendida el\u00e9ctrica motorizada eleva verticalmente la carga en el espacio y la traslada por los ejes transversal y longitudinal con el carro y los cabezales motorizados del puente. La gran ventaja garantizada por este tipo de equipo de elevaci\u00f3n a la productividad diaria es precisamente la prerrogativa de trabajar con eficacia y precisi\u00f3n de forma totalmente segura, sin obstaculizar el trabajo normal y extra de los operadores y la maquinaria en el per\u00edmetro de la unidad de producci\u00f3n y facilitar la eficiencia y el ahorro de tiempo y espacio.","prodotto_page_descrizione_titolo_vantaggi":"Ventajas de la gr\u00faa  ligeros el\u00e9ctrica","prodotto_page_descrizione_vantaggi":[{"titolo":"Mayor capacidad de carga","testo":"","link":"","archivio_prodotti":null},{"titolo":"Mayor precisi\u00f3n","testo":"","link":"","archivio_prodotti":null},{"titolo":"F\u00e1cil de usar","testo":"","link":"","archivio_prodotti":null},{"titolo":"M\u00ednimo espacio ocupado en el suelo","testo":"","link":"","archivio_prodotti":null},{"titolo":"Aumento de la productividad y seguridad","testo":"","link":"","archivio_prodotti":null}],"prodotto_page_tabs_dati_tecnici":[{"etichetta":"Capacidad","valore":"125 kg - 3200 kg"},{"etichetta":"Anchura m\u00e1x.","valore":"10 m"},{"etichetta":"Perfil del puente","valore":"Viga doble T"},{"etichetta":"Perfil carriles","valore":"Viga doble T"},{"etichetta":"Anclaje","valore":"A la estructura existente o con estructuras met\u00e1licas de soporte personalizadas"},{"etichetta":"Botonera","valore":"Colgante del polipasto"},{"etichetta":"Deslizamiento","valore":"El\u00e9ctrico, sobre cabezales motorizados"}],"prodotto_page_tabs_optionals":[{"titolo":"Pintura personalizada","testo":"Se puede personalizar el color de la pintura para satisfacer necesidades espec\u00edficas, exigencias de dise\u00f1o o de marca.","immagine":null},{"titolo":"Estructuras met\u00e1licas de soporte personalizadas","testo":"Bajo pedido se pueden dise\u00f1ar estructuras met\u00e1licas de soporte personalizadas o soluciones a medida y garantizar que cualquier necesidad espec\u00edfica se satisfaga con precisi\u00f3n y calidad.","immagine":null},{"titolo":"Carriles de caja","testo":"En caso de altas capacidades de carga, bajo pedido pueden dise\u00f1arse y fabricarse carriles de caja para una mayor fiabilidad. Estas estructuras ofrecen m\u00e1s robustez y resistencia a la deformaci\u00f3n bajo cargas pesadas, lo que garantiza mayor estabilidad y durabilidad.","immagine":null},{"titolo":"Deslizamiento y traslaci\u00f3n con inverter","testo":"El sistema de deslizamiento y traslaci\u00f3n con inverter garantiza movimientos suaves y precisos y optimiza el control y eficiencia operativa.","immagine":null},{"titolo":"Mando a distancia o botonera independiente","testo":"El sistema con mando a distancia o botonera independiente garantiza un control vers\u00e1til e intuitivo, lo que mejora la seguridad y eficiencia de las operaciones. Ideal para entornos din\u00e1micos, permite un f\u00e1cil manejo que se adapta a distintas necesidades.","immagine":null}],"prodotto_page_tabs_downloads":null,"prodotto_page_gallery":[13890,13897,13911,13904],"prodotto_page_customer_story_titolo":"","prodotto_page_customer_story_list":null,"prodotto_page_applicazioni_list":"- Agricoltura e Alimentare\r\n- Manifatturiero\r\n- Energetico\r\n- Edile e delle costruzioni\r\n- Tecnologie dell'informazione e ICT\r\n- Trasporti e logistica\r\n- Commercio al dettaglio\r\n- Culturale e dell'intrattenimento\r\n- Ambientale e della sostenibilit\u00e0\r\n- Ricerca e sviluppo\r\n- Arti e Artigianato","prodotto_page_faq_list":null,"prodotto_page_testo_prodotti_correlati":"<h2>Productos relacionados<\/h2>\r\nExplora tambi\u00e9n estos productos y encuentra otras soluciones que se ajusten a ti.","prodotto_page_lista_prodotti_correlati":"- C\r\n- GSM\r\n- BILIF","prodotto_page_titolo_componenti_3d":"","prodotto_page_immagine_iniziale_componenti_3d":null,"prodotto_page_lista_componenti_3d":null,"prodotto_page_titolo_slider_configurazioni":"Producto y configuraciones","prodotto_page_lista_immgini_slider_configurazioni":[{"etichetta":"Vista frontal","immagine":13939},{"etichetta":"Vista desde arriba","immagine":13953},{"etichetta":"Perspectiva","immagine":13932},{"etichetta":"Detalle","immagine":13946}],"prodotto_page_titolo_slider_configurazioni_2":"<h2><\/h2>","prodotto_page_lista_immgini_slider_configurazioni_2":null,"seo_title":"Sistemas ligeros el\u00e9ctrica capacidad 5.000 kg | OMIS","seo_description":"Sistemas ligeros el\u00e9ctrica de 5.000 kg de capacidad con carriles de viga laminada doble T de deslizamiento motorizado. La gr\u00faa se desliza el\u00e9ctricamente en altura y libera el espacio en el suelo para las actividades de producci\u00f3n. Ideal para plantas y l\u00edneas de montaje, manipula cargas con precisi\u00f3n y seguridad sin afectar al trabajo. Saber m\u00e1s."},"yoast_head":"<!-- This site is optimized with the Yoast SEO plugin v23.9 - https:\/\/yoast.com\/wordpress\/plugins\/seo\/ -->\n<title>Sistemas ligeros el\u00e9ctrica capacidad 5.000 kg | OMIS<\/title>\n<meta name=\"description\" content=\"Sistemas ligeros el\u00e9ctrica de 5.000 kg de capacidad con carriles de viga laminada doble T de deslizamiento motorizado. La gr\u00faa se desliza el\u00e9ctricamente en altura y libera el espacio en el suelo para las actividades de producci\u00f3n. Ideal para plantas y l\u00edneas de montaje, manipula cargas con precisi\u00f3n y seguridad sin afectar al trabajo. Saber m\u00e1s.\" \/>\n<meta name=\"robots\" content=\"index, follow, max-snippet:-1, max-image-preview:large, max-video-preview:-1\" \/>\n<meta property=\"og:locale\" content=\"es_ES\" \/>\n<meta property=\"og:type\" content=\"article\" \/>\n<meta property=\"og:title\" content=\"Sistemas ligeros el\u00e9ctrica capacidad 5.000 kg | OMIS\" \/>\n<meta property=\"og:description\" content=\"Sistemas ligeros el\u00e9ctrica de 5.000 kg de capacidad con carriles de viga laminada doble T de deslizamiento motorizado. La gr\u00faa se desliza el\u00e9ctricamente en altura y libera el espacio en el suelo para las actividades de producci\u00f3n. Ideal para plantas y l\u00edneas de montaje, manipula cargas con precisi\u00f3n y seguridad sin afectar al trabajo. Saber m\u00e1s.\" \/>\n<meta property=\"og:url\" content=\"https:\/\/www.omis.net\/es-es\/producto\/sistemas-ligeros-electrica\/\" \/>\n<meta property=\"og:site_name\" content=\"Omis Spa\" \/>\n<meta property=\"article:publisher\" content=\"https:\/\/www.facebook.com\/omisgroup\" \/>\n<meta property=\"article:modified_time\" content=\"2026-03-03T13:43:20+00:00\" \/>\n<meta property=\"og:image\" content=\"https:\/\/media.omis.net\/media\/2024\/12\/powered-suspended-system-gse-500kg-omis-scaled.webp\" \/>\n\t<meta property=\"og:image:width\" content=\"2560\" \/>\n\t<meta property=\"og:image:height\" content=\"1709\" \/>\n\t<meta property=\"og:image:type\" content=\"image\/webp\" \/>\n<meta name=\"twitter:card\" content=\"summary_large_image\" \/>\n<meta name=\"twitter:label1\" content=\"Est. reading time\" \/>\n\t<meta name=\"twitter:data1\" content=\"1 minute\" \/>\n<script type=\"application\/ld+json\" class=\"yoast-schema-graph\">{\"@context\":\"https:\/\/schema.org\",\"@graph\":[{\"@type\":\"WebPage\",\"@id\":\"https:\/\/www.omis.net\/es-es\/producto\/sistemas-ligeros-electrica\/\",\"url\":\"https:\/\/www.omis.net\/es-es\/producto\/sistemas-ligeros-electrica\/\",\"name\":\"Sistemas ligeros el\u00e9ctrica capacidad 5.000 kg | OMIS\",\"isPartOf\":{\"@id\":\"https:\/\/www.omis.net\/it-it\/#website\"},\"primaryImageOfPage\":{\"@id\":\"https:\/\/www.omis.net\/es-es\/producto\/sistemas-ligeros-electrica\/#primaryimage\"},\"image\":{\"@id\":\"https:\/\/www.omis.net\/es-es\/producto\/sistemas-ligeros-electrica\/#primaryimage\"},\"thumbnailUrl\":\"https:\/\/media.omis.net\/media\/2024\/12\/powered-suspended-system-gse-500kg-omis-scaled.webp\",\"datePublished\":\"2024-12-18T10:04:00+00:00\",\"dateModified\":\"2026-03-03T13:43:20+00:00\",\"description\":\"Sistemas ligeros el\u00e9ctrica de 5.000 kg de capacidad con carriles de viga laminada doble T de deslizamiento motorizado. La gr\u00faa se desliza el\u00e9ctricamente en altura y libera el espacio en el suelo para las actividades de producci\u00f3n. Ideal para plantas y l\u00edneas de montaje, manipula cargas con precisi\u00f3n y seguridad sin afectar al trabajo. Saber m\u00e1s.\",\"breadcrumb\":{\"@id\":\"https:\/\/www.omis.net\/es-es\/producto\/sistemas-ligeros-electrica\/#breadcrumb\"},\"inLanguage\":\"es-es\",\"potentialAction\":[{\"@type\":\"ReadAction\",\"target\":[\"https:\/\/www.omis.net\/es-es\/producto\/sistemas-ligeros-electrica\/\"]}]},{\"@type\":\"ImageObject\",\"inLanguage\":\"es-es\",\"@id\":\"https:\/\/www.omis.net\/es-es\/producto\/sistemas-ligeros-electrica\/#primaryimage\",\"url\":\"https:\/\/media.omis.net\/media\/2024\/12\/powered-suspended-system-gse-500kg-omis-scaled.webp\",\"contentUrl\":\"https:\/\/media.omis.net\/media\/2024\/12\/powered-suspended-system-gse-500kg-omis-scaled.webp\",\"width\":2560,\"height\":1709,\"caption\":\"header - Powered suspended system gse 500kg Omis\"},{\"@type\":\"BreadcrumbList\",\"@id\":\"https:\/\/www.omis.net\/es-es\/producto\/sistemas-ligeros-electrica\/#breadcrumb\",\"itemListElement\":[{\"@type\":\"ListItem\",\"position\":1,\"name\":\"Home\",\"item\":\"https:\/\/www.omis.net\/es-es\/pagina-de-inicio\/\"},{\"@type\":\"ListItem\",\"position\":2,\"name\":\"Sistemas ligeros el\u00e9ctrica\"}]},{\"@type\":\"WebSite\",\"@id\":\"https:\/\/www.omis.net\/it-it\/#website\",\"url\":\"https:\/\/www.omis.net\/it-it\/\",\"name\":\"Omis Spa\",\"description\":\"Movimentazione e sollevamento\",\"publisher\":{\"@id\":\"https:\/\/www.omis.net\/it-it\/#organization\"},\"potentialAction\":[{\"@type\":\"SearchAction\",\"target\":{\"@type\":\"EntryPoint\",\"urlTemplate\":\"https:\/\/www.omis.net\/it-it\/?s={search_term_string}\"},\"query-input\":{\"@type\":\"PropertyValueSpecification\",\"valueRequired\":true,\"valueName\":\"search_term_string\"}}],\"inLanguage\":\"es-es\"},{\"@type\":\"Organization\",\"@id\":\"https:\/\/www.omis.net\/it-it\/#organization\",\"name\":\"Omis Spa\",\"url\":\"https:\/\/www.omis.net\/it-it\/\",\"logo\":{\"@type\":\"ImageObject\",\"inLanguage\":\"es-es\",\"@id\":\"https:\/\/www.omis.net\/it-it\/#\/schema\/logo\/image\/\",\"url\":\"https:\/\/media.omis.net\/media\/2024\/08\/logo.jpg\",\"contentUrl\":\"https:\/\/media.omis.net\/media\/2024\/08\/logo.jpg\",\"width\":300,\"height\":300,\"caption\":\"Omis Spa\"},\"image\":{\"@id\":\"https:\/\/www.omis.net\/it-it\/#\/schema\/logo\/image\/\"},\"sameAs\":[\"https:\/\/www.facebook.com\/omisgroup\",\"https:\/\/www.linkedin.com\/company\/omis-group\",\"https:\/\/www.youtube.com\/channel\/UCS4L59XDk3kKBI9MnjuxWDw\",\"https:\/\/www.instagram.com\/omisgroup\"]}]}<\/script>\n<!-- \/ Yoast SEO plugin. -->","yoast_head_json":{"title":"Sistemas ligeros el\u00e9ctrica capacidad 5.000 kg | OMIS","description":"Sistemas ligeros el\u00e9ctrica de 5.000 kg de capacidad con carriles de viga laminada doble T de deslizamiento motorizado. La gr\u00faa se desliza el\u00e9ctricamente en altura y libera el espacio en el suelo para las actividades de producci\u00f3n. Ideal para plantas y l\u00edneas de montaje, manipula cargas con precisi\u00f3n y seguridad sin afectar al trabajo. Saber m\u00e1s.","robots":{"index":"index","follow":"follow","max-snippet":"max-snippet:-1","max-image-preview":"max-image-preview:large","max-video-preview":"max-video-preview:-1"},"og_locale":"es_ES","og_type":"article","og_title":"Sistemas ligeros el\u00e9ctrica capacidad 5.000 kg | OMIS","og_description":"Sistemas ligeros el\u00e9ctrica de 5.000 kg de capacidad con carriles de viga laminada doble T de deslizamiento motorizado. La gr\u00faa se desliza el\u00e9ctricamente en altura y libera el espacio en el suelo para las actividades de producci\u00f3n. Ideal para plantas y l\u00edneas de montaje, manipula cargas con precisi\u00f3n y seguridad sin afectar al trabajo. Saber m\u00e1s.","og_url":"https:\/\/www.omis.net\/es-es\/producto\/sistemas-ligeros-electrica\/","og_site_name":"Omis Spa","article_publisher":"https:\/\/www.facebook.com\/omisgroup","article_modified_time":"2026-03-03T13:43:20+00:00","og_image":[{"width":2560,"height":1709,"url":"https:\/\/media.omis.net\/media\/2024\/12\/powered-suspended-system-gse-500kg-omis-scaled.webp","type":"image\/webp"}],"twitter_card":"summary_large_image","twitter_misc":{"Est. reading time":"1 minute"},"schema":{"@context":"https:\/\/schema.org","@graph":[{"@type":"WebPage","@id":"https:\/\/www.omis.net\/es-es\/producto\/sistemas-ligeros-electrica\/","url":"https:\/\/www.omis.net\/es-es\/producto\/sistemas-ligeros-electrica\/","name":"Sistemas ligeros el\u00e9ctrica capacidad 5.000 kg | OMIS","isPartOf":{"@id":"https:\/\/www.omis.net\/it-it\/#website"},"primaryImageOfPage":{"@id":"https:\/\/www.omis.net\/es-es\/producto\/sistemas-ligeros-electrica\/#primaryimage"},"image":{"@id":"https:\/\/www.omis.net\/es-es\/producto\/sistemas-ligeros-electrica\/#primaryimage"},"thumbnailUrl":"https:\/\/media.omis.net\/media\/2024\/12\/powered-suspended-system-gse-500kg-omis-scaled.webp","datePublished":"2024-12-18T10:04:00+00:00","dateModified":"2026-03-03T13:43:20+00:00","description":"Sistemas ligeros el\u00e9ctrica de 5.000 kg de capacidad con carriles de viga laminada doble T de deslizamiento motorizado. La gr\u00faa se desliza el\u00e9ctricamente en altura y libera el espacio en el suelo para las actividades de producci\u00f3n. Ideal para plantas y l\u00edneas de montaje, manipula cargas con precisi\u00f3n y seguridad sin afectar al trabajo. Saber m\u00e1s.","breadcrumb":{"@id":"https:\/\/www.omis.net\/es-es\/producto\/sistemas-ligeros-electrica\/#breadcrumb"},"inLanguage":"es-es","potentialAction":[{"@type":"ReadAction","target":["https:\/\/www.omis.net\/es-es\/producto\/sistemas-ligeros-electrica\/"]}]},{"@type":"ImageObject","inLanguage":"es-es","@id":"https:\/\/www.omis.net\/es-es\/producto\/sistemas-ligeros-electrica\/#primaryimage","url":"https:\/\/media.omis.net\/media\/2024\/12\/powered-suspended-system-gse-500kg-omis-scaled.webp","contentUrl":"https:\/\/media.omis.net\/media\/2024\/12\/powered-suspended-system-gse-500kg-omis-scaled.webp","width":2560,"height":1709,"caption":"header - Powered suspended system gse 500kg Omis"},{"@type":"BreadcrumbList","@id":"https:\/\/www.omis.net\/es-es\/producto\/sistemas-ligeros-electrica\/#breadcrumb","itemListElement":[{"@type":"ListItem","position":1,"name":"Home","item":"https:\/\/www.omis.net\/es-es\/pagina-de-inicio\/"},{"@type":"ListItem","position":2,"name":"Sistemas ligeros el\u00e9ctrica"}]},{"@type":"WebSite","@id":"https:\/\/www.omis.net\/it-it\/#website","url":"https:\/\/www.omis.net\/it-it\/","name":"Omis Spa","description":"Movimentazione e sollevamento","publisher":{"@id":"https:\/\/www.omis.net\/it-it\/#organization"},"potentialAction":[{"@type":"SearchAction","target":{"@type":"EntryPoint","urlTemplate":"https:\/\/www.omis.net\/it-it\/?s={search_term_string}"},"query-input":{"@type":"PropertyValueSpecification","valueRequired":true,"valueName":"search_term_string"}}],"inLanguage":"es-es"},{"@type":"Organization","@id":"https:\/\/www.omis.net\/it-it\/#organization","name":"Omis Spa","url":"https:\/\/www.omis.net\/it-it\/","logo":{"@type":"ImageObject","inLanguage":"es-es","@id":"https:\/\/www.omis.net\/it-it\/#\/schema\/logo\/image\/","url":"https:\/\/media.omis.net\/media\/2024\/08\/logo.jpg","contentUrl":"https:\/\/media.omis.net\/media\/2024\/08\/logo.jpg","width":300,"height":300,"caption":"Omis Spa"},"image":{"@id":"https:\/\/www.omis.net\/it-it\/#\/schema\/logo\/image\/"},"sameAs":["https:\/\/www.facebook.com\/omisgroup","https:\/\/www.linkedin.com\/company\/omis-group","https:\/\/www.youtube.com\/channel\/UCS4L59XDk3kKBI9MnjuxWDw","https:\/\/www.instagram.com\/omisgroup"]}]}},"_links":{"self":[{"href":"https:\/\/www.omis.net\/es-es\/wp-json\/wp\/v2\/product\/7396"}],"collection":[{"href":"https:\/\/www.omis.net\/es-es\/wp-json\/wp\/v2\/product"}],"about":[{"href":"https:\/\/www.omis.net\/es-es\/wp-json\/wp\/v2\/types\/product"}],"acf:attachment":[{"embeddable":true,"href":"https:\/\/www.omis.net\/es-es\/wp-json\/wp\/v2\/media\/13904"},{"embeddable":true,"href":"https:\/\/www.omis.net\/es-es\/wp-json\/wp\/v2\/media\/13911"},{"embeddable":true,"href":"https:\/\/www.omis.net\/es-es\/wp-json\/wp\/v2\/media\/13897"},{"embeddable":true,"href":"https:\/\/www.omis.net\/es-es\/wp-json\/wp\/v2\/media\/13890"},{"embeddable":true,"href":"https:\/\/www.omis.net\/es-es\/wp-json\/wp\/v2\/media\/13918"}],"wp:featuredmedia":[{"embeddable":true,"href":"https:\/\/www.omis.net\/es-es\/wp-json\/wp\/v2\/media\/13925"}],"wp:attachment":[{"href":"https:\/\/www.omis.net\/es-es\/wp-json\/wp\/v2\/media?parent=7396"}],"wp:term":[{"taxonomy":"caratteristica-prodotto","embeddable":true,"href":"https:\/\/www.omis.net\/es-es\/wp-json\/wp\/v2\/caratteristica-prodotto?post=7396"},{"taxonomy":"tipologia-prodotto","embeddable":true,"href":"https:\/\/www.omis.net\/es-es\/wp-json\/wp\/v2\/tipologia-prodotto?post=7396"}],"curies":[{"name":"wp","href":"https:\/\/api.w.org\/{rel}","templated":true}]}}